{"id":23226,"date":"2025-12-12T18:18:00","date_gmt":"2025-12-12T17:18:00","guid":{"rendered":"https:\/\/test.ecbeaute.com\/?post_type=product&#038;p=23226"},"modified":"2025-12-12T18:18:06","modified_gmt":"2025-12-12T17:18:06","slug":"neostrata-derm-actif-repair-matrix-support-jour-spf30-50g","status":"publish","type":"product","link":"https:\/\/paracherkaoui.ma\/index.php\/produit\/neostrata-derm-actif-repair-matrix-support-jour-spf30-50g\/","title":{"rendered":"NEOSTRATA DERM ACTIF REPAIR MATRIX SUPPORT JOUR SPF30 &#8211; 50G"},"content":{"rendered":"<p>DESCRIPTION :<br \/>\nPeptides augmentent la production de collag\u00e8ne dans la matrice profonde. Brevet\u00e9s NeoGlucosamine \u2122 et r\u00e9tinol travailler ensemble pour construire l&rsquo; acide hyaluronique, l&rsquo; am\u00e9lioration de la rondeur et la fermet\u00e9 de la peau et lisser les rides de l&rsquo;int\u00e9rieur. Une grenade complexe antioxydant puissant contenant, vitamines A et E et le caf\u00e9 arabica berry aide \u00e0 prot\u00e9ger la matrice de la peau contre les dommages au collag\u00e8ne et neutralise les radicaux libres. Filtres UVA et UVB prot\u00e8gent la peau contre l&rsquo;incendie et les effets du vieillissement de l&rsquo; exposition au soleil tous les jours. NeoGlucosamine \u2122 et r\u00e9tinol se combinent pour accro\u00eetre le renouvellement cellulaire. Non com\u00e9dog\u00e8ne, non-acnegenic. Sans parfum et sans paraben<br \/>\nAppliquer sur le visage et le cou nettoyage quotidien suivant. Appliquez un \u00e9cran solaire suppl\u00e9mentaire n\u00e9cessaire pour les activit\u00e9s de plein air prolong\u00e9es.<br \/>\nR\u00e9tinol et NeoGlucosamine \u2122 va augmenter le renouvellement cellulaire et l&rsquo;effet peut vous faire remarquer desquamation de la peau. Ceci est un signe que le produit fonctionne. Si peeling l\u00e9ger est mal \u00e0 l&rsquo; aise, r\u00e9duire la consommation jusqu&rsquo;\u00e0 ce que la peau acclimate. Si l&rsquo; hydratation suppl\u00e9mentaire est d\u00e9sir\u00e9, le produit peut \u00eatre stratifi\u00e9e avec un autre agent hydratant tel que le s\u00e9rum NeoStrata bionique.<br \/>\nCONSEILS D&rsquo;UTILISATION :<br \/>\nAppliquer sur le visage et le cou par jour apr\u00e8s le nettoyage. Appliquez un \u00e9cran solaire suppl\u00e9mentaire n\u00e9cessaire pour les activit\u00e9s de plein air prolong\u00e9es.<\/p>\n","protected":false},"excerpt":{"rendered":"<p>DESCRIPTION : Peptides augmentent la production de collag\u00e8ne dans la matrice profonde. Brevet\u00e9s NeoGlucosamine \u2122 et r\u00e9tinol travailler ensemble pour<\/p>\n","protected":false},"featured_media":23275,"comment_status":"open","ping_status":"closed","template":"","meta":[],"product_brand":[404],"product_cat":[488],"product_tag":[],"class_list":{"0":"post-23226","1":"product","2":"type-product","3":"status-publish","4":"has-post-thumbnail","6":"product_brand-neostrata","7":"product_cat-peaux-matures","9":"first","10":"instock","11":"sale","12":"shipping-taxable","13":"purchasable","14":"product-type-simple"},"yoast_head":"<!-- This site is optimized with the Yoast SEO plugin v26.6 - https:\/\/yoast.com\/wordpress\/plugins\/seo\/ -->\r\n<title>NEOSTRATA DERM ACTIF REPAIR MATRIX SUPPORT JOUR SPF30 - 50G - Paracherkaoui.ma<\/title>\r\n<meta name=\"robots\" content=\"index, follow, max-snippet:-1, max-image-preview:large, max-video-preview:-1\" \/>\r\n<link rel=\"canonical\" href=\"https:\/\/paracherkaoui.ma\/index.php\/produit\/neostrata-derm-actif-repair-matrix-support-jour-spf30-50g\/\" \/>\r\n<meta property=\"og:locale\" content=\"fr_FR\" \/>\r\n<meta property=\"og:type\" content=\"article\" \/>\r\n<meta property=\"og:title\" content=\"NEOSTRATA DERM ACTIF REPAIR MATRIX SUPPORT JOUR SPF30 - 50G - Paracherkaoui.ma\" \/>\r\n<meta property=\"og:description\" content=\"DESCRIPTION : Peptides augmentent la production de collag\u00e8ne dans la matrice profonde. Brevet\u00e9s NeoGlucosamine \u2122 et r\u00e9tinol travailler ensemble pour\" \/>\r\n<meta property=\"og:url\" content=\"https:\/\/paracherkaoui.ma\/index.php\/produit\/neostrata-derm-actif-repair-matrix-support-jour-spf30-50g\/\" \/>\r\n<meta property=\"og:site_name\" content=\"Paracherkaoui.ma\" \/>\r\n<meta property=\"article:modified_time\" content=\"2025-12-12T17:18:06+00:00\" \/>\r\n<meta property=\"og:image\" content=\"https:\/\/paracherkaoui.ma\/wp-content\/uploads\/2025\/12\/neostrata-derm-actif-repair-matrix-support-jour-spf30-50g.jpg\" \/>\r\n\t<meta property=\"og:image:width\" content=\"700\" \/>\r\n\t<meta property=\"og:image:height\" content=\"700\" \/>\r\n\t<meta property=\"og:image:type\" content=\"image\/jpeg\" \/>\r\n<meta name=\"twitter:card\" content=\"summary_large_image\" \/>\r\n<meta name=\"twitter:label1\" content=\"Dur\u00e9e de lecture estim\u00e9e\" \/>\n\t<meta name=\"twitter:data1\" content=\"1 minute\" \/>\r\n<script type=\"application\/ld+json\" class=\"yoast-schema-graph\">{\"@context\":\"https:\/\/schema.org\",\"@graph\":[{\"@type\":\"WebPage\",\"@id\":\"https:\/\/paracherkaoui.ma\/index.php\/produit\/neostrata-derm-actif-repair-matrix-support-jour-spf30-50g\/\",\"url\":\"https:\/\/paracherkaoui.ma\/index.php\/produit\/neostrata-derm-actif-repair-matrix-support-jour-spf30-50g\/\",\"name\":\"NEOSTRATA DERM ACTIF REPAIR MATRIX SUPPORT JOUR SPF30 - 50G - Paracherkaoui.ma\",\"isPartOf\":{\"@id\":\"https:\/\/paracherkaoui.ma\/#website\"},\"primaryImageOfPage\":{\"@id\":\"https:\/\/paracherkaoui.ma\/index.php\/produit\/neostrata-derm-actif-repair-matrix-support-jour-spf30-50g\/#primaryimage\"},\"image\":{\"@id\":\"https:\/\/paracherkaoui.ma\/index.php\/produit\/neostrata-derm-actif-repair-matrix-support-jour-spf30-50g\/#primaryimage\"},\"thumbnailUrl\":\"https:\/\/paracherkaoui.ma\/wp-content\/uploads\/2025\/12\/neostrata-derm-actif-repair-matrix-support-jour-spf30-50g.jpg\",\"datePublished\":\"2025-12-12T17:18:00+00:00\",\"dateModified\":\"2025-12-12T17:18:06+00:00\",\"breadcrumb\":{\"@id\":\"https:\/\/paracherkaoui.ma\/index.php\/produit\/neostrata-derm-actif-repair-matrix-support-jour-spf30-50g\/#breadcrumb\"},\"inLanguage\":\"fr-FR\",\"potentialAction\":[{\"@type\":\"ReadAction\",\"target\":[\"https:\/\/paracherkaoui.ma\/index.php\/produit\/neostrata-derm-actif-repair-matrix-support-jour-spf30-50g\/\"]}]},{\"@type\":\"ImageObject\",\"inLanguage\":\"fr-FR\",\"@id\":\"https:\/\/paracherkaoui.ma\/index.php\/produit\/neostrata-derm-actif-repair-matrix-support-jour-spf30-50g\/#primaryimage\",\"url\":\"https:\/\/paracherkaoui.ma\/wp-content\/uploads\/2025\/12\/neostrata-derm-actif-repair-matrix-support-jour-spf30-50g.jpg\",\"contentUrl\":\"https:\/\/paracherkaoui.ma\/wp-content\/uploads\/2025\/12\/neostrata-derm-actif-repair-matrix-support-jour-spf30-50g.jpg\",\"width\":700,\"height\":700},{\"@type\":\"BreadcrumbList\",\"@id\":\"https:\/\/paracherkaoui.ma\/index.php\/produit\/neostrata-derm-actif-repair-matrix-support-jour-spf30-50g\/#breadcrumb\",\"itemListElement\":[{\"@type\":\"ListItem\",\"position\":1,\"name\":\"Accueil\",\"item\":\"https:\/\/paracherkaoui.ma\/\"},{\"@type\":\"ListItem\",\"position\":2,\"name\":\"Boutique\",\"item\":\"https:\/\/paracherkaoui.ma\/index.php\/boutique\/\"},{\"@type\":\"ListItem\",\"position\":3,\"name\":\"NEOSTRATA DERM ACTIF REPAIR MATRIX SUPPORT JOUR SPF30 &#8211; 50G\"}]},{\"@type\":\"WebSite\",\"@id\":\"https:\/\/paracherkaoui.ma\/#website\",\"url\":\"https:\/\/paracherkaoui.ma\/\",\"name\":\"Paracherkaoui.ma\",\"description\":\"Achetez en ligne sur Paracherkaoui.ma\",\"potentialAction\":[{\"@type\":\"SearchAction\",\"target\":{\"@type\":\"EntryPoint\",\"urlTemplate\":\"https:\/\/paracherkaoui.ma\/?s={search_term_string}\"},\"query-input\":{\"@type\":\"PropertyValueSpecification\",\"valueRequired\":true,\"valueName\":\"search_term_string\"}}],\"inLanguage\":\"fr-FR\"}]}<\/script>\r\n<!-- \/ Yoast SEO plugin. -->","yoast_head_json":{"title":"NEOSTRATA DERM ACTIF REPAIR MATRIX SUPPORT JOUR SPF30 - 50G - Paracherkaoui.ma","robots":{"index":"index","follow":"follow","max-snippet":"max-snippet:-1","max-image-preview":"max-image-preview:large","max-video-preview":"max-video-preview:-1"},"canonical":"https:\/\/paracherkaoui.ma\/index.php\/produit\/neostrata-derm-actif-repair-matrix-support-jour-spf30-50g\/","og_locale":"fr_FR","og_type":"article","og_title":"NEOSTRATA DERM ACTIF REPAIR MATRIX SUPPORT JOUR SPF30 - 50G - Paracherkaoui.ma","og_description":"DESCRIPTION : Peptides augmentent la production de collag\u00e8ne dans la matrice profonde. Brevet\u00e9s NeoGlucosamine \u2122 et r\u00e9tinol travailler ensemble pour","og_url":"https:\/\/paracherkaoui.ma\/index.php\/produit\/neostrata-derm-actif-repair-matrix-support-jour-spf30-50g\/","og_site_name":"Paracherkaoui.ma","article_modified_time":"2025-12-12T17:18:06+00:00","og_image":[{"width":700,"height":700,"url":"https:\/\/paracherkaoui.ma\/wp-content\/uploads\/2025\/12\/neostrata-derm-actif-repair-matrix-support-jour-spf30-50g.jpg","type":"image\/jpeg"}],"twitter_card":"summary_large_image","twitter_misc":{"Dur\u00e9e de lecture estim\u00e9e":"1 minute"},"schema":{"@context":"https:\/\/schema.org","@graph":[{"@type":"WebPage","@id":"https:\/\/paracherkaoui.ma\/index.php\/produit\/neostrata-derm-actif-repair-matrix-support-jour-spf30-50g\/","url":"https:\/\/paracherkaoui.ma\/index.php\/produit\/neostrata-derm-actif-repair-matrix-support-jour-spf30-50g\/","name":"NEOSTRATA DERM ACTIF REPAIR MATRIX SUPPORT JOUR SPF30 - 50G - Paracherkaoui.ma","isPartOf":{"@id":"https:\/\/paracherkaoui.ma\/#website"},"primaryImageOfPage":{"@id":"https:\/\/paracherkaoui.ma\/index.php\/produit\/neostrata-derm-actif-repair-matrix-support-jour-spf30-50g\/#primaryimage"},"image":{"@id":"https:\/\/paracherkaoui.ma\/index.php\/produit\/neostrata-derm-actif-repair-matrix-support-jour-spf30-50g\/#primaryimage"},"thumbnailUrl":"https:\/\/paracherkaoui.ma\/wp-content\/uploads\/2025\/12\/neostrata-derm-actif-repair-matrix-support-jour-spf30-50g.jpg","datePublished":"2025-12-12T17:18:00+00:00","dateModified":"2025-12-12T17:18:06+00:00","breadcrumb":{"@id":"https:\/\/paracherkaoui.ma\/index.php\/produit\/neostrata-derm-actif-repair-matrix-support-jour-spf30-50g\/#breadcrumb"},"inLanguage":"fr-FR","potentialAction":[{"@type":"ReadAction","target":["https:\/\/paracherkaoui.ma\/index.php\/produit\/neostrata-derm-actif-repair-matrix-support-jour-spf30-50g\/"]}]},{"@type":"ImageObject","inLanguage":"fr-FR","@id":"https:\/\/paracherkaoui.ma\/index.php\/produit\/neostrata-derm-actif-repair-matrix-support-jour-spf30-50g\/#primaryimage","url":"https:\/\/paracherkaoui.ma\/wp-content\/uploads\/2025\/12\/neostrata-derm-actif-repair-matrix-support-jour-spf30-50g.jpg","contentUrl":"https:\/\/paracherkaoui.ma\/wp-content\/uploads\/2025\/12\/neostrata-derm-actif-repair-matrix-support-jour-spf30-50g.jpg","width":700,"height":700},{"@type":"BreadcrumbList","@id":"https:\/\/paracherkaoui.ma\/index.php\/produit\/neostrata-derm-actif-repair-matrix-support-jour-spf30-50g\/#breadcrumb","itemListElement":[{"@type":"ListItem","position":1,"name":"Accueil","item":"https:\/\/paracherkaoui.ma\/"},{"@type":"ListItem","position":2,"name":"Boutique","item":"https:\/\/paracherkaoui.ma\/index.php\/boutique\/"},{"@type":"ListItem","position":3,"name":"NEOSTRATA DERM ACTIF REPAIR MATRIX SUPPORT JOUR SPF30 &#8211; 50G"}]},{"@type":"WebSite","@id":"https:\/\/paracherkaoui.ma\/#website","url":"https:\/\/paracherkaoui.ma\/","name":"Paracherkaoui.ma","description":"Achetez en ligne sur Paracherkaoui.ma","potentialAction":[{"@type":"SearchAction","target":{"@type":"EntryPoint","urlTemplate":"https:\/\/paracherkaoui.ma\/?s={search_term_string}"},"query-input":{"@type":"PropertyValueSpecification","valueRequired":true,"valueName":"search_term_string"}}],"inLanguage":"fr-FR"}]}},"_links":{"self":[{"href":"https:\/\/paracherkaoui.ma\/index.php\/wp-json\/wp\/v2\/product\/23226","targetHints":{"allow":["GET"]}}],"collection":[{"href":"https:\/\/paracherkaoui.ma\/index.php\/wp-json\/wp\/v2\/product"}],"about":[{"href":"https:\/\/paracherkaoui.ma\/index.php\/wp-json\/wp\/v2\/types\/product"}],"replies":[{"embeddable":true,"href":"https:\/\/paracherkaoui.ma\/index.php\/wp-json\/wp\/v2\/comments?post=23226"}],"version-history":[{"count":1,"href":"https:\/\/paracherkaoui.ma\/index.php\/wp-json\/wp\/v2\/product\/23226\/revisions"}],"predecessor-version":[{"id":23276,"href":"https:\/\/paracherkaoui.ma\/index.php\/wp-json\/wp\/v2\/product\/23226\/revisions\/23276"}],"wp:featuredmedia":[{"embeddable":true,"href":"https:\/\/paracherkaoui.ma\/index.php\/wp-json\/wp\/v2\/media\/23275"}],"wp:attachment":[{"href":"https:\/\/paracherkaoui.ma\/index.php\/wp-json\/wp\/v2\/media?parent=23226"}],"wp:term":[{"taxonomy":"product_brand","embeddable":true,"href":"https:\/\/paracherkaoui.ma\/index.php\/wp-json\/wp\/v2\/product_brand?post=23226"},{"taxonomy":"product_cat","embeddable":true,"href":"https:\/\/paracherkaoui.ma\/index.php\/wp-json\/wp\/v2\/product_cat?post=23226"},{"taxonomy":"product_tag","embeddable":true,"href":"https:\/\/paracherkaoui.ma\/index.php\/wp-json\/wp\/v2\/product_tag?post=23226"}],"curies":[{"name":"wp","href":"https:\/\/api.w.org\/{rel}","templated":true}]}}