{"id":23222,"date":"2025-12-12T18:18:00","date_gmt":"2025-12-12T17:18:00","guid":{"rendered":"https:\/\/test.ecbeaute.com\/?post_type=product&#038;p=23222"},"modified":"2025-12-12T18:18:05","modified_gmt":"2025-12-12T17:18:05","slug":"dermagor-skin-plast-40-ml","status":"publish","type":"product","link":"https:\/\/paracherkaoui.ma\/index.php\/produit\/dermagor-skin-plast-40-ml\/","title":{"rendered":"DERMAGOR SKIN PLAST 40 ML"},"content":{"rendered":"<p>DESCRIPTIF &#038; INDICATIONS:<br \/>\nComblement des rides et fermet\u00e9 cutan\u00e9e.<br \/>\nSa texture fondante procure, d\u00e8s son application, un confort imm\u00e9diat aux peaux fatigu\u00e9es, une douceur satin\u00e9e et une sensation de fra\u00eecheur vivifiante.<br \/>\nRides et sillons profonds (nasog\u00e9niens, patte d&rsquo;oie, commisssures des l\u00e8vres&#8230;).<br \/>\nPerte de tonicit\u00e9 cutan\u00e9e et de fermet\u00e9 de l&rsquo;ovale du visage et du cou.<\/p>\n<p>CONSEILS D&rsquo;UTILISATION:<br \/>\nEn cure de 30 jours, appliquer matin et soir, en mouvements circulaires sur la peau parfaitement propre du visage et du cou, en insistant sur les zones les plus marqu\u00e9es.<\/p>\n<p>PRINCIPAUX COMPOSANTS:<br \/>\nAqua Cetearyl Ethylhexanoate isopropylmyristate . Glyc\u00e9ryl stearate PEG100 stearate . Glyc\u00e9rin . Cetearil alcohol cetearyl glucoside . Prunus armeniaca . Ethylexyl palmitate . Silica dimethyl silylate . Sodium hyaluronate . Sodium hydroxymethylglycinate . Cooper acetylmethionate . Zinc ac\u00e9thylm\u00e9thionate . Tocoph\u00e9ryl ac\u00e9tate . Polyacrymalide C13.14 Isoparafin laureth 7 . Citrit acid . Parfum : citral hexyl cinnamal limon\u00e8me . Hydroxycitronellal linalool Hydroxyisohexyl 3 . Cyclohexene . Carboxaldehyde . Disodium edta<\/p>\n","protected":false},"excerpt":{"rendered":"<p>DESCRIPTIF &#038; INDICATIONS: Comblement des rides et fermet\u00e9 cutan\u00e9e. Sa texture fondante procure, d\u00e8s son application, un confort imm\u00e9diat aux<\/p>\n","protected":false},"featured_media":23267,"comment_status":"open","ping_status":"closed","template":"","meta":[],"product_brand":[388],"product_cat":[488],"product_tag":[],"class_list":{"0":"post-23222","1":"product","2":"type-product","3":"status-publish","4":"has-post-thumbnail","6":"product_brand-dermagor","7":"product_cat-peaux-matures","9":"first","10":"instock","11":"sale","12":"shipping-taxable","13":"purchasable","14":"product-type-simple"},"yoast_head":"<!-- This site is optimized with the Yoast SEO plugin v26.6 - https:\/\/yoast.com\/wordpress\/plugins\/seo\/ -->\r\n<title>DERMAGOR SKIN PLAST 40 ML - Paracherkaoui.ma<\/title>\r\n<meta name=\"robots\" content=\"index, follow, max-snippet:-1, max-image-preview:large, max-video-preview:-1\" \/>\r\n<link rel=\"canonical\" href=\"https:\/\/paracherkaoui.ma\/index.php\/produit\/dermagor-skin-plast-40-ml\/\" \/>\r\n<meta property=\"og:locale\" content=\"fr_FR\" \/>\r\n<meta property=\"og:type\" content=\"article\" \/>\r\n<meta property=\"og:title\" content=\"DERMAGOR SKIN PLAST 40 ML - Paracherkaoui.ma\" \/>\r\n<meta property=\"og:description\" content=\"DESCRIPTIF &#038; INDICATIONS: Comblement des rides et fermet\u00e9 cutan\u00e9e. Sa texture fondante procure, d\u00e8s son application, un confort imm\u00e9diat aux\" \/>\r\n<meta property=\"og:url\" content=\"https:\/\/paracherkaoui.ma\/index.php\/produit\/dermagor-skin-plast-40-ml\/\" \/>\r\n<meta property=\"og:site_name\" content=\"Paracherkaoui.ma\" \/>\r\n<meta property=\"article:modified_time\" content=\"2025-12-12T17:18:05+00:00\" \/>\r\n<meta property=\"og:image\" content=\"https:\/\/paracherkaoui.ma\/wp-content\/uploads\/2025\/12\/dermagor-dermagor-skin-plast-40-ml-peaux-matures.jpg\" \/>\r\n\t<meta property=\"og:image:width\" content=\"700\" \/>\r\n\t<meta property=\"og:image:height\" content=\"700\" \/>\r\n\t<meta property=\"og:image:type\" content=\"image\/jpeg\" \/>\r\n<meta name=\"twitter:card\" content=\"summary_large_image\" \/>\r\n<meta name=\"twitter:label1\" content=\"Dur\u00e9e de lecture estim\u00e9e\" \/>\n\t<meta name=\"twitter:data1\" content=\"1 minute\" \/>\r\n<script type=\"application\/ld+json\" class=\"yoast-schema-graph\">{\"@context\":\"https:\/\/schema.org\",\"@graph\":[{\"@type\":\"WebPage\",\"@id\":\"https:\/\/paracherkaoui.ma\/index.php\/produit\/dermagor-skin-plast-40-ml\/\",\"url\":\"https:\/\/paracherkaoui.ma\/index.php\/produit\/dermagor-skin-plast-40-ml\/\",\"name\":\"DERMAGOR SKIN PLAST 40 ML - Paracherkaoui.ma\",\"isPartOf\":{\"@id\":\"https:\/\/paracherkaoui.ma\/#website\"},\"primaryImageOfPage\":{\"@id\":\"https:\/\/paracherkaoui.ma\/index.php\/produit\/dermagor-skin-plast-40-ml\/#primaryimage\"},\"image\":{\"@id\":\"https:\/\/paracherkaoui.ma\/index.php\/produit\/dermagor-skin-plast-40-ml\/#primaryimage\"},\"thumbnailUrl\":\"https:\/\/paracherkaoui.ma\/wp-content\/uploads\/2025\/12\/dermagor-dermagor-skin-plast-40-ml-peaux-matures.jpg\",\"datePublished\":\"2025-12-12T17:18:00+00:00\",\"dateModified\":\"2025-12-12T17:18:05+00:00\",\"breadcrumb\":{\"@id\":\"https:\/\/paracherkaoui.ma\/index.php\/produit\/dermagor-skin-plast-40-ml\/#breadcrumb\"},\"inLanguage\":\"fr-FR\",\"potentialAction\":[{\"@type\":\"ReadAction\",\"target\":[\"https:\/\/paracherkaoui.ma\/index.php\/produit\/dermagor-skin-plast-40-ml\/\"]}]},{\"@type\":\"ImageObject\",\"inLanguage\":\"fr-FR\",\"@id\":\"https:\/\/paracherkaoui.ma\/index.php\/produit\/dermagor-skin-plast-40-ml\/#primaryimage\",\"url\":\"https:\/\/paracherkaoui.ma\/wp-content\/uploads\/2025\/12\/dermagor-dermagor-skin-plast-40-ml-peaux-matures.jpg\",\"contentUrl\":\"https:\/\/paracherkaoui.ma\/wp-content\/uploads\/2025\/12\/dermagor-dermagor-skin-plast-40-ml-peaux-matures.jpg\",\"width\":700,\"height\":700},{\"@type\":\"BreadcrumbList\",\"@id\":\"https:\/\/paracherkaoui.ma\/index.php\/produit\/dermagor-skin-plast-40-ml\/#breadcrumb\",\"itemListElement\":[{\"@type\":\"ListItem\",\"position\":1,\"name\":\"Accueil\",\"item\":\"https:\/\/paracherkaoui.ma\/\"},{\"@type\":\"ListItem\",\"position\":2,\"name\":\"Boutique\",\"item\":\"https:\/\/paracherkaoui.ma\/index.php\/boutique\/\"},{\"@type\":\"ListItem\",\"position\":3,\"name\":\"DERMAGOR SKIN PLAST 40 ML\"}]},{\"@type\":\"WebSite\",\"@id\":\"https:\/\/paracherkaoui.ma\/#website\",\"url\":\"https:\/\/paracherkaoui.ma\/\",\"name\":\"Paracherkaoui.ma\",\"description\":\"Achetez en ligne sur Paracherkaoui.ma\",\"potentialAction\":[{\"@type\":\"SearchAction\",\"target\":{\"@type\":\"EntryPoint\",\"urlTemplate\":\"https:\/\/paracherkaoui.ma\/?s={search_term_string}\"},\"query-input\":{\"@type\":\"PropertyValueSpecification\",\"valueRequired\":true,\"valueName\":\"search_term_string\"}}],\"inLanguage\":\"fr-FR\"}]}<\/script>\r\n<!-- \/ Yoast SEO plugin. -->","yoast_head_json":{"title":"DERMAGOR SKIN PLAST 40 ML - Paracherkaoui.ma","robots":{"index":"index","follow":"follow","max-snippet":"max-snippet:-1","max-image-preview":"max-image-preview:large","max-video-preview":"max-video-preview:-1"},"canonical":"https:\/\/paracherkaoui.ma\/index.php\/produit\/dermagor-skin-plast-40-ml\/","og_locale":"fr_FR","og_type":"article","og_title":"DERMAGOR SKIN PLAST 40 ML - Paracherkaoui.ma","og_description":"DESCRIPTIF &#038; INDICATIONS: Comblement des rides et fermet\u00e9 cutan\u00e9e. Sa texture fondante procure, d\u00e8s son application, un confort imm\u00e9diat aux","og_url":"https:\/\/paracherkaoui.ma\/index.php\/produit\/dermagor-skin-plast-40-ml\/","og_site_name":"Paracherkaoui.ma","article_modified_time":"2025-12-12T17:18:05+00:00","og_image":[{"width":700,"height":700,"url":"https:\/\/paracherkaoui.ma\/wp-content\/uploads\/2025\/12\/dermagor-dermagor-skin-plast-40-ml-peaux-matures.jpg","type":"image\/jpeg"}],"twitter_card":"summary_large_image","twitter_misc":{"Dur\u00e9e de lecture estim\u00e9e":"1 minute"},"schema":{"@context":"https:\/\/schema.org","@graph":[{"@type":"WebPage","@id":"https:\/\/paracherkaoui.ma\/index.php\/produit\/dermagor-skin-plast-40-ml\/","url":"https:\/\/paracherkaoui.ma\/index.php\/produit\/dermagor-skin-plast-40-ml\/","name":"DERMAGOR SKIN PLAST 40 ML - Paracherkaoui.ma","isPartOf":{"@id":"https:\/\/paracherkaoui.ma\/#website"},"primaryImageOfPage":{"@id":"https:\/\/paracherkaoui.ma\/index.php\/produit\/dermagor-skin-plast-40-ml\/#primaryimage"},"image":{"@id":"https:\/\/paracherkaoui.ma\/index.php\/produit\/dermagor-skin-plast-40-ml\/#primaryimage"},"thumbnailUrl":"https:\/\/paracherkaoui.ma\/wp-content\/uploads\/2025\/12\/dermagor-dermagor-skin-plast-40-ml-peaux-matures.jpg","datePublished":"2025-12-12T17:18:00+00:00","dateModified":"2025-12-12T17:18:05+00:00","breadcrumb":{"@id":"https:\/\/paracherkaoui.ma\/index.php\/produit\/dermagor-skin-plast-40-ml\/#breadcrumb"},"inLanguage":"fr-FR","potentialAction":[{"@type":"ReadAction","target":["https:\/\/paracherkaoui.ma\/index.php\/produit\/dermagor-skin-plast-40-ml\/"]}]},{"@type":"ImageObject","inLanguage":"fr-FR","@id":"https:\/\/paracherkaoui.ma\/index.php\/produit\/dermagor-skin-plast-40-ml\/#primaryimage","url":"https:\/\/paracherkaoui.ma\/wp-content\/uploads\/2025\/12\/dermagor-dermagor-skin-plast-40-ml-peaux-matures.jpg","contentUrl":"https:\/\/paracherkaoui.ma\/wp-content\/uploads\/2025\/12\/dermagor-dermagor-skin-plast-40-ml-peaux-matures.jpg","width":700,"height":700},{"@type":"BreadcrumbList","@id":"https:\/\/paracherkaoui.ma\/index.php\/produit\/dermagor-skin-plast-40-ml\/#breadcrumb","itemListElement":[{"@type":"ListItem","position":1,"name":"Accueil","item":"https:\/\/paracherkaoui.ma\/"},{"@type":"ListItem","position":2,"name":"Boutique","item":"https:\/\/paracherkaoui.ma\/index.php\/boutique\/"},{"@type":"ListItem","position":3,"name":"DERMAGOR SKIN PLAST 40 ML"}]},{"@type":"WebSite","@id":"https:\/\/paracherkaoui.ma\/#website","url":"https:\/\/paracherkaoui.ma\/","name":"Paracherkaoui.ma","description":"Achetez en ligne sur Paracherkaoui.ma","potentialAction":[{"@type":"SearchAction","target":{"@type":"EntryPoint","urlTemplate":"https:\/\/paracherkaoui.ma\/?s={search_term_string}"},"query-input":{"@type":"PropertyValueSpecification","valueRequired":true,"valueName":"search_term_string"}}],"inLanguage":"fr-FR"}]}},"_links":{"self":[{"href":"https:\/\/paracherkaoui.ma\/index.php\/wp-json\/wp\/v2\/product\/23222","targetHints":{"allow":["GET"]}}],"collection":[{"href":"https:\/\/paracherkaoui.ma\/index.php\/wp-json\/wp\/v2\/product"}],"about":[{"href":"https:\/\/paracherkaoui.ma\/index.php\/wp-json\/wp\/v2\/types\/product"}],"replies":[{"embeddable":true,"href":"https:\/\/paracherkaoui.ma\/index.php\/wp-json\/wp\/v2\/comments?post=23222"}],"version-history":[{"count":1,"href":"https:\/\/paracherkaoui.ma\/index.php\/wp-json\/wp\/v2\/product\/23222\/revisions"}],"predecessor-version":[{"id":23268,"href":"https:\/\/paracherkaoui.ma\/index.php\/wp-json\/wp\/v2\/product\/23222\/revisions\/23268"}],"wp:featuredmedia":[{"embeddable":true,"href":"https:\/\/paracherkaoui.ma\/index.php\/wp-json\/wp\/v2\/media\/23267"}],"wp:attachment":[{"href":"https:\/\/paracherkaoui.ma\/index.php\/wp-json\/wp\/v2\/media?parent=23222"}],"wp:term":[{"taxonomy":"product_brand","embeddable":true,"href":"https:\/\/paracherkaoui.ma\/index.php\/wp-json\/wp\/v2\/product_brand?post=23222"},{"taxonomy":"product_cat","embeddable":true,"href":"https:\/\/paracherkaoui.ma\/index.php\/wp-json\/wp\/v2\/product_cat?post=23222"},{"taxonomy":"product_tag","embeddable":true,"href":"https:\/\/paracherkaoui.ma\/index.php\/wp-json\/wp\/v2\/product_tag?post=23222"}],"curies":[{"name":"wp","href":"https:\/\/api.w.org\/{rel}","templated":true}]}}