{"id":23214,"date":"2025-12-12T18:18:00","date_gmt":"2025-12-12T17:18:00","guid":{"rendered":"https:\/\/test.ecbeaute.com\/?post_type=product&#038;p=23214"},"modified":"2025-12-12T18:18:03","modified_gmt":"2025-12-12T17:18:03","slug":"isispharma-geneskin-c-premium-concentre-eclat-10-ml","status":"publish","type":"product","link":"https:\/\/paracherkaoui.ma\/index.php\/produit\/isispharma-geneskin-c-premium-concentre-eclat-10-ml\/","title":{"rendered":"ISISPHARMA GENESKIN C PREMIUM CONCENTRE ECLAT 10 ML"},"content":{"rendered":"<p>INDICATIONS &#038; PROPRI\u00c9T\u00c9S<br \/>\nGENESKIN\u00ae C Premium \u2013 Concentr\u00e9 \u00e9clat\u00a0offre une protection antioxydante puissante gr\u00e2ce \u00e0 l\u2019action synergique de la vitamine C et de la vitamine E.<br \/>\nGr\u00e2ce \u00e0 \u00e7a haute concentration, il illumine* et unifie le teint instantan\u00e9ment, prot\u00e8ge la peau des radicaux libres et pr\u00e9vient le vieillissement cutan\u00e9.<br \/>\n*Efficacit\u00e9 cliniquement prouv\u00e9e : am\u00e9liore durablement l\u2019\u00e9clat et la luminosit\u00e9 du teint.<br \/>\nPROPRI\u00c9T\u00c9S DES INGR\u00c9DIENTS PRINCIPAUX<br \/>\n[COMPLEXE\u00a0DN-Act]\u00a0: une association d\u2019actifs brevet\u00e9e offrant une triple efficacit\u00e9 pour agir \u00e0 l\u2019origine du vieillissement cutan\u00e9.<br \/>\n20% VITAMINE C\u00a0\/\u00a0VITAMINE E\u00a0: agents antioxydants, illuminants, r\u00e9parateurs<br \/>\nUTILISATION<br \/>\nUtiliser\u00a0GENESKIN\u00ae C Premium \u2013 Concentr\u00e9 \u00e9clat\u00a0occasionnellement pour booster l\u2019\u00e9clat du teint ou en cure pour une efficacit\u00e9 renforc\u00e9e.<br \/>\nAppliquer matin et soir sur le visage et le cou en m\u00e9langeant 3 gouttes de concentr\u00e9 au soin habituel*.<br \/>\n*Pour plus d\u2019efficacit\u00e9 il est recommand\u00e9 d\u2019utiliser un soin de la gamme\u00a0GENESKIN\u00ae\u00a0.<br \/>\nNe pas s\u2019exposer au soleil directement apr\u00e8s application du produit. Utiliser une protection solaire la journ\u00e9e. \u00c9viter le contour des yeux.<br \/>\nTEST\u00c9 SOUS CONTR\u00d4LE DERMATOLOGIQUE<\/p>\n","protected":false},"excerpt":{"rendered":"<p>INDICATIONS &#038; PROPRI\u00c9T\u00c9S GENESKIN\u00ae C Premium \u2013 Concentr\u00e9 \u00e9clat\u00a0offre une protection antioxydante puissante gr\u00e2ce \u00e0 l\u2019action synergique de la vitamine<\/p>\n","protected":false},"featured_media":23252,"comment_status":"open","ping_status":"closed","template":"","meta":[],"product_brand":[321],"product_cat":[488],"product_tag":[],"class_list":{"0":"post-23214","1":"product","2":"type-product","3":"status-publish","4":"has-post-thumbnail","6":"product_brand-isispharma","7":"product_cat-peaux-matures","9":"first","10":"instock","11":"sale","12":"shipping-taxable","13":"purchasable","14":"product-type-simple"},"yoast_head":"<!-- This site is optimized with the Yoast SEO plugin v26.6 - https:\/\/yoast.com\/wordpress\/plugins\/seo\/ -->\r\n<title>ISISPHARMA GENESKIN C PREMIUM CONCENTRE ECLAT 10 ML - Paracherkaoui.ma<\/title>\r\n<meta name=\"robots\" content=\"index, follow, max-snippet:-1, max-image-preview:large, max-video-preview:-1\" \/>\r\n<link rel=\"canonical\" href=\"https:\/\/paracherkaoui.ma\/index.php\/produit\/isispharma-geneskin-c-premium-concentre-eclat-10-ml\/\" \/>\r\n<meta property=\"og:locale\" content=\"fr_FR\" \/>\r\n<meta property=\"og:type\" content=\"article\" \/>\r\n<meta property=\"og:title\" content=\"ISISPHARMA GENESKIN C PREMIUM CONCENTRE ECLAT 10 ML - Paracherkaoui.ma\" \/>\r\n<meta property=\"og:description\" content=\"INDICATIONS &#038; PROPRI\u00c9T\u00c9S GENESKIN\u00ae C Premium \u2013 Concentr\u00e9 \u00e9clat\u00a0offre une protection antioxydante puissante gr\u00e2ce \u00e0 l\u2019action synergique de la vitamine\" \/>\r\n<meta property=\"og:url\" content=\"https:\/\/paracherkaoui.ma\/index.php\/produit\/isispharma-geneskin-c-premium-concentre-eclat-10-ml\/\" \/>\r\n<meta property=\"og:site_name\" content=\"Paracherkaoui.ma\" \/>\r\n<meta property=\"article:modified_time\" content=\"2025-12-12T17:18:03+00:00\" \/>\r\n<meta property=\"og:image\" content=\"https:\/\/paracherkaoui.ma\/wp-content\/uploads\/2025\/12\/isispharma-isispharma-geneskin-c-premium-concentre-eclat-10-ml-peaux-matures.jpg\" \/>\r\n\t<meta property=\"og:image:width\" content=\"700\" \/>\r\n\t<meta property=\"og:image:height\" content=\"700\" \/>\r\n\t<meta property=\"og:image:type\" content=\"image\/jpeg\" \/>\r\n<meta name=\"twitter:card\" content=\"summary_large_image\" \/>\r\n<meta name=\"twitter:label1\" content=\"Dur\u00e9e de lecture estim\u00e9e\" \/>\n\t<meta name=\"twitter:data1\" content=\"1 minute\" \/>\r\n<script type=\"application\/ld+json\" class=\"yoast-schema-graph\">{\"@context\":\"https:\/\/schema.org\",\"@graph\":[{\"@type\":\"WebPage\",\"@id\":\"https:\/\/paracherkaoui.ma\/index.php\/produit\/isispharma-geneskin-c-premium-concentre-eclat-10-ml\/\",\"url\":\"https:\/\/paracherkaoui.ma\/index.php\/produit\/isispharma-geneskin-c-premium-concentre-eclat-10-ml\/\",\"name\":\"ISISPHARMA GENESKIN C PREMIUM CONCENTRE ECLAT 10 ML - Paracherkaoui.ma\",\"isPartOf\":{\"@id\":\"https:\/\/paracherkaoui.ma\/#website\"},\"primaryImageOfPage\":{\"@id\":\"https:\/\/paracherkaoui.ma\/index.php\/produit\/isispharma-geneskin-c-premium-concentre-eclat-10-ml\/#primaryimage\"},\"image\":{\"@id\":\"https:\/\/paracherkaoui.ma\/index.php\/produit\/isispharma-geneskin-c-premium-concentre-eclat-10-ml\/#primaryimage\"},\"thumbnailUrl\":\"https:\/\/paracherkaoui.ma\/wp-content\/uploads\/2025\/12\/isispharma-isispharma-geneskin-c-premium-concentre-eclat-10-ml-peaux-matures.jpg\",\"datePublished\":\"2025-12-12T17:18:00+00:00\",\"dateModified\":\"2025-12-12T17:18:03+00:00\",\"breadcrumb\":{\"@id\":\"https:\/\/paracherkaoui.ma\/index.php\/produit\/isispharma-geneskin-c-premium-concentre-eclat-10-ml\/#breadcrumb\"},\"inLanguage\":\"fr-FR\",\"potentialAction\":[{\"@type\":\"ReadAction\",\"target\":[\"https:\/\/paracherkaoui.ma\/index.php\/produit\/isispharma-geneskin-c-premium-concentre-eclat-10-ml\/\"]}]},{\"@type\":\"ImageObject\",\"inLanguage\":\"fr-FR\",\"@id\":\"https:\/\/paracherkaoui.ma\/index.php\/produit\/isispharma-geneskin-c-premium-concentre-eclat-10-ml\/#primaryimage\",\"url\":\"https:\/\/paracherkaoui.ma\/wp-content\/uploads\/2025\/12\/isispharma-isispharma-geneskin-c-premium-concentre-eclat-10-ml-peaux-matures.jpg\",\"contentUrl\":\"https:\/\/paracherkaoui.ma\/wp-content\/uploads\/2025\/12\/isispharma-isispharma-geneskin-c-premium-concentre-eclat-10-ml-peaux-matures.jpg\",\"width\":700,\"height\":700},{\"@type\":\"BreadcrumbList\",\"@id\":\"https:\/\/paracherkaoui.ma\/index.php\/produit\/isispharma-geneskin-c-premium-concentre-eclat-10-ml\/#breadcrumb\",\"itemListElement\":[{\"@type\":\"ListItem\",\"position\":1,\"name\":\"Accueil\",\"item\":\"https:\/\/paracherkaoui.ma\/\"},{\"@type\":\"ListItem\",\"position\":2,\"name\":\"Boutique\",\"item\":\"https:\/\/paracherkaoui.ma\/index.php\/boutique\/\"},{\"@type\":\"ListItem\",\"position\":3,\"name\":\"ISISPHARMA GENESKIN C PREMIUM CONCENTRE ECLAT 10 ML\"}]},{\"@type\":\"WebSite\",\"@id\":\"https:\/\/paracherkaoui.ma\/#website\",\"url\":\"https:\/\/paracherkaoui.ma\/\",\"name\":\"Paracherkaoui.ma\",\"description\":\"Achetez en ligne sur Paracherkaoui.ma\",\"potentialAction\":[{\"@type\":\"SearchAction\",\"target\":{\"@type\":\"EntryPoint\",\"urlTemplate\":\"https:\/\/paracherkaoui.ma\/?s={search_term_string}\"},\"query-input\":{\"@type\":\"PropertyValueSpecification\",\"valueRequired\":true,\"valueName\":\"search_term_string\"}}],\"inLanguage\":\"fr-FR\"}]}<\/script>\r\n<!-- \/ Yoast SEO plugin. -->","yoast_head_json":{"title":"ISISPHARMA GENESKIN C PREMIUM CONCENTRE ECLAT 10 ML - Paracherkaoui.ma","robots":{"index":"index","follow":"follow","max-snippet":"max-snippet:-1","max-image-preview":"max-image-preview:large","max-video-preview":"max-video-preview:-1"},"canonical":"https:\/\/paracherkaoui.ma\/index.php\/produit\/isispharma-geneskin-c-premium-concentre-eclat-10-ml\/","og_locale":"fr_FR","og_type":"article","og_title":"ISISPHARMA GENESKIN C PREMIUM CONCENTRE ECLAT 10 ML - Paracherkaoui.ma","og_description":"INDICATIONS &#038; PROPRI\u00c9T\u00c9S GENESKIN\u00ae C Premium \u2013 Concentr\u00e9 \u00e9clat\u00a0offre une protection antioxydante puissante gr\u00e2ce \u00e0 l\u2019action synergique de la vitamine","og_url":"https:\/\/paracherkaoui.ma\/index.php\/produit\/isispharma-geneskin-c-premium-concentre-eclat-10-ml\/","og_site_name":"Paracherkaoui.ma","article_modified_time":"2025-12-12T17:18:03+00:00","og_image":[{"width":700,"height":700,"url":"https:\/\/paracherkaoui.ma\/wp-content\/uploads\/2025\/12\/isispharma-isispharma-geneskin-c-premium-concentre-eclat-10-ml-peaux-matures.jpg","type":"image\/jpeg"}],"twitter_card":"summary_large_image","twitter_misc":{"Dur\u00e9e de lecture estim\u00e9e":"1 minute"},"schema":{"@context":"https:\/\/schema.org","@graph":[{"@type":"WebPage","@id":"https:\/\/paracherkaoui.ma\/index.php\/produit\/isispharma-geneskin-c-premium-concentre-eclat-10-ml\/","url":"https:\/\/paracherkaoui.ma\/index.php\/produit\/isispharma-geneskin-c-premium-concentre-eclat-10-ml\/","name":"ISISPHARMA GENESKIN C PREMIUM CONCENTRE ECLAT 10 ML - Paracherkaoui.ma","isPartOf":{"@id":"https:\/\/paracherkaoui.ma\/#website"},"primaryImageOfPage":{"@id":"https:\/\/paracherkaoui.ma\/index.php\/produit\/isispharma-geneskin-c-premium-concentre-eclat-10-ml\/#primaryimage"},"image":{"@id":"https:\/\/paracherkaoui.ma\/index.php\/produit\/isispharma-geneskin-c-premium-concentre-eclat-10-ml\/#primaryimage"},"thumbnailUrl":"https:\/\/paracherkaoui.ma\/wp-content\/uploads\/2025\/12\/isispharma-isispharma-geneskin-c-premium-concentre-eclat-10-ml-peaux-matures.jpg","datePublished":"2025-12-12T17:18:00+00:00","dateModified":"2025-12-12T17:18:03+00:00","breadcrumb":{"@id":"https:\/\/paracherkaoui.ma\/index.php\/produit\/isispharma-geneskin-c-premium-concentre-eclat-10-ml\/#breadcrumb"},"inLanguage":"fr-FR","potentialAction":[{"@type":"ReadAction","target":["https:\/\/paracherkaoui.ma\/index.php\/produit\/isispharma-geneskin-c-premium-concentre-eclat-10-ml\/"]}]},{"@type":"ImageObject","inLanguage":"fr-FR","@id":"https:\/\/paracherkaoui.ma\/index.php\/produit\/isispharma-geneskin-c-premium-concentre-eclat-10-ml\/#primaryimage","url":"https:\/\/paracherkaoui.ma\/wp-content\/uploads\/2025\/12\/isispharma-isispharma-geneskin-c-premium-concentre-eclat-10-ml-peaux-matures.jpg","contentUrl":"https:\/\/paracherkaoui.ma\/wp-content\/uploads\/2025\/12\/isispharma-isispharma-geneskin-c-premium-concentre-eclat-10-ml-peaux-matures.jpg","width":700,"height":700},{"@type":"BreadcrumbList","@id":"https:\/\/paracherkaoui.ma\/index.php\/produit\/isispharma-geneskin-c-premium-concentre-eclat-10-ml\/#breadcrumb","itemListElement":[{"@type":"ListItem","position":1,"name":"Accueil","item":"https:\/\/paracherkaoui.ma\/"},{"@type":"ListItem","position":2,"name":"Boutique","item":"https:\/\/paracherkaoui.ma\/index.php\/boutique\/"},{"@type":"ListItem","position":3,"name":"ISISPHARMA GENESKIN C PREMIUM CONCENTRE ECLAT 10 ML"}]},{"@type":"WebSite","@id":"https:\/\/paracherkaoui.ma\/#website","url":"https:\/\/paracherkaoui.ma\/","name":"Paracherkaoui.ma","description":"Achetez en ligne sur Paracherkaoui.ma","potentialAction":[{"@type":"SearchAction","target":{"@type":"EntryPoint","urlTemplate":"https:\/\/paracherkaoui.ma\/?s={search_term_string}"},"query-input":{"@type":"PropertyValueSpecification","valueRequired":true,"valueName":"search_term_string"}}],"inLanguage":"fr-FR"}]}},"_links":{"self":[{"href":"https:\/\/paracherkaoui.ma\/index.php\/wp-json\/wp\/v2\/product\/23214","targetHints":{"allow":["GET"]}}],"collection":[{"href":"https:\/\/paracherkaoui.ma\/index.php\/wp-json\/wp\/v2\/product"}],"about":[{"href":"https:\/\/paracherkaoui.ma\/index.php\/wp-json\/wp\/v2\/types\/product"}],"replies":[{"embeddable":true,"href":"https:\/\/paracherkaoui.ma\/index.php\/wp-json\/wp\/v2\/comments?post=23214"}],"version-history":[{"count":1,"href":"https:\/\/paracherkaoui.ma\/index.php\/wp-json\/wp\/v2\/product\/23214\/revisions"}],"predecessor-version":[{"id":23253,"href":"https:\/\/paracherkaoui.ma\/index.php\/wp-json\/wp\/v2\/product\/23214\/revisions\/23253"}],"wp:featuredmedia":[{"embeddable":true,"href":"https:\/\/paracherkaoui.ma\/index.php\/wp-json\/wp\/v2\/media\/23252"}],"wp:attachment":[{"href":"https:\/\/paracherkaoui.ma\/index.php\/wp-json\/wp\/v2\/media?parent=23214"}],"wp:term":[{"taxonomy":"product_brand","embeddable":true,"href":"https:\/\/paracherkaoui.ma\/index.php\/wp-json\/wp\/v2\/product_brand?post=23214"},{"taxonomy":"product_cat","embeddable":true,"href":"https:\/\/paracherkaoui.ma\/index.php\/wp-json\/wp\/v2\/product_cat?post=23214"},{"taxonomy":"product_tag","embeddable":true,"href":"https:\/\/paracherkaoui.ma\/index.php\/wp-json\/wp\/v2\/product_tag?post=23214"}],"curies":[{"name":"wp","href":"https:\/\/api.w.org\/{rel}","templated":true}]}}