{"id":23205,"date":"2025-12-12T18:17:59","date_gmt":"2025-12-12T17:17:59","guid":{"rendered":"https:\/\/test.ecbeaute.com\/?post_type=product&#038;p=23205"},"modified":"2025-12-12T18:18:01","modified_gmt":"2025-12-12T17:18:01","slug":"dermeden-day-protocole-creme-de-jour-anti-age-peaux-mixte-a-grasses-spf50-50-ml","status":"publish","type":"product","link":"https:\/\/paracherkaoui.ma\/index.php\/produit\/dermeden-day-protocole-creme-de-jour-anti-age-peaux-mixte-a-grasses-spf50-50-ml\/","title":{"rendered":"DERMEDEN DAY PROTOCOLE CREME DE JOUR ANTI AGE PEAUX MIXTE A GRASSES SPF50 50 ML"},"content":{"rendered":"<p>La\u00a0Cr\u00e8me de Jour Anti-\u00c2ge Peaux Mixtes \u00e0 Grasses Day Protocole de DERMEDEN\u00a0aide \u00e0 hydrater et prot\u00e9ger la peau au quotidien contre toutes les agressions (UV, pollution, radicaux libres&#8230;). Enrichie en Niacinamide, en acides Dio\u00efque et Az\u00e9la\u00efque, elle permet de r\u00e9guler la production de s\u00e9bum tout en att\u00e9nuant et pr\u00e9venant les rides et taches brunes visibles ou \u00e0 venir. Dot\u00e9e d&rsquo;un indice\u00a0SPF 50, elle aide \u00e0 prot\u00e9ger du photo-vieillissement au quotidien, et de ses m\u00e9faits (taches, d\u00e9shydratation, rides\u2026). Gr\u00e2ce \u00e0 cette cr\u00e8me, la peau est parfaitement hydrat\u00e9e et le teint retrouve son \u00e9clat.<\/p>\n","protected":false},"excerpt":{"rendered":"<p>La\u00a0Cr\u00e8me de Jour Anti-\u00c2ge Peaux Mixtes \u00e0 Grasses Day Protocole de DERMEDEN\u00a0aide \u00e0 hydrater et prot\u00e9ger la peau au quotidien<\/p>\n","protected":false},"featured_media":23235,"comment_status":"open","ping_status":"closed","template":"","meta":[],"product_brand":[470],"product_cat":[488],"product_tag":[],"class_list":{"0":"post-23205","1":"product","2":"type-product","3":"status-publish","4":"has-post-thumbnail","6":"product_brand-dermeden","7":"product_cat-peaux-matures","9":"first","10":"instock","11":"sale","12":"shipping-taxable","13":"purchasable","14":"product-type-simple"},"yoast_head":"<!-- This site is optimized with the Yoast SEO plugin v26.6 - https:\/\/yoast.com\/wordpress\/plugins\/seo\/ -->\r\n<title>DERMEDEN DAY PROTOCOLE CREME DE JOUR ANTI AGE PEAUX MIXTE A GRASSES SPF50 50 ML - Paracherkaoui.ma<\/title>\r\n<meta name=\"robots\" content=\"index, follow, max-snippet:-1, max-image-preview:large, max-video-preview:-1\" \/>\r\n<link rel=\"canonical\" href=\"https:\/\/paracherkaoui.ma\/index.php\/produit\/dermeden-day-protocole-creme-de-jour-anti-age-peaux-mixte-a-grasses-spf50-50-ml\/\" \/>\r\n<meta property=\"og:locale\" content=\"fr_FR\" \/>\r\n<meta property=\"og:type\" content=\"article\" \/>\r\n<meta property=\"og:title\" content=\"DERMEDEN DAY PROTOCOLE CREME DE JOUR ANTI AGE PEAUX MIXTE A GRASSES SPF50 50 ML - Paracherkaoui.ma\" \/>\r\n<meta property=\"og:description\" content=\"La\u00a0Cr\u00e8me de Jour Anti-\u00c2ge Peaux Mixtes \u00e0 Grasses Day Protocole de DERMEDEN\u00a0aide \u00e0 hydrater et prot\u00e9ger la peau au quotidien\" \/>\r\n<meta property=\"og:url\" content=\"https:\/\/paracherkaoui.ma\/index.php\/produit\/dermeden-day-protocole-creme-de-jour-anti-age-peaux-mixte-a-grasses-spf50-50-ml\/\" \/>\r\n<meta property=\"og:site_name\" content=\"Paracherkaoui.ma\" \/>\r\n<meta property=\"article:modified_time\" content=\"2025-12-12T17:18:01+00:00\" \/>\r\n<meta property=\"og:image\" content=\"https:\/\/paracherkaoui.ma\/wp-content\/uploads\/2025\/12\/dermeden-dermeden-day-protocole-creme-de-jour-anti-age-peaux-mixte-a-grasses-spf50-50-ml-peaux-matures.jpg\" \/>\r\n\t<meta property=\"og:image:width\" content=\"700\" \/>\r\n\t<meta property=\"og:image:height\" content=\"700\" \/>\r\n\t<meta property=\"og:image:type\" content=\"image\/jpeg\" \/>\r\n<meta name=\"twitter:card\" content=\"summary_large_image\" \/>\r\n<meta name=\"twitter:label1\" content=\"Dur\u00e9e de lecture estim\u00e9e\" \/>\n\t<meta name=\"twitter:data1\" content=\"1 minute\" \/>\r\n<script type=\"application\/ld+json\" class=\"yoast-schema-graph\">{\"@context\":\"https:\/\/schema.org\",\"@graph\":[{\"@type\":\"WebPage\",\"@id\":\"https:\/\/paracherkaoui.ma\/index.php\/produit\/dermeden-day-protocole-creme-de-jour-anti-age-peaux-mixte-a-grasses-spf50-50-ml\/\",\"url\":\"https:\/\/paracherkaoui.ma\/index.php\/produit\/dermeden-day-protocole-creme-de-jour-anti-age-peaux-mixte-a-grasses-spf50-50-ml\/\",\"name\":\"DERMEDEN DAY PROTOCOLE CREME DE JOUR ANTI AGE PEAUX MIXTE A GRASSES SPF50 50 ML - Paracherkaoui.ma\",\"isPartOf\":{\"@id\":\"https:\/\/paracherkaoui.ma\/#website\"},\"primaryImageOfPage\":{\"@id\":\"https:\/\/paracherkaoui.ma\/index.php\/produit\/dermeden-day-protocole-creme-de-jour-anti-age-peaux-mixte-a-grasses-spf50-50-ml\/#primaryimage\"},\"image\":{\"@id\":\"https:\/\/paracherkaoui.ma\/index.php\/produit\/dermeden-day-protocole-creme-de-jour-anti-age-peaux-mixte-a-grasses-spf50-50-ml\/#primaryimage\"},\"thumbnailUrl\":\"https:\/\/paracherkaoui.ma\/wp-content\/uploads\/2025\/12\/dermeden-dermeden-day-protocole-creme-de-jour-anti-age-peaux-mixte-a-grasses-spf50-50-ml-peaux-matures.jpg\",\"datePublished\":\"2025-12-12T17:17:59+00:00\",\"dateModified\":\"2025-12-12T17:18:01+00:00\",\"breadcrumb\":{\"@id\":\"https:\/\/paracherkaoui.ma\/index.php\/produit\/dermeden-day-protocole-creme-de-jour-anti-age-peaux-mixte-a-grasses-spf50-50-ml\/#breadcrumb\"},\"inLanguage\":\"fr-FR\",\"potentialAction\":[{\"@type\":\"ReadAction\",\"target\":[\"https:\/\/paracherkaoui.ma\/index.php\/produit\/dermeden-day-protocole-creme-de-jour-anti-age-peaux-mixte-a-grasses-spf50-50-ml\/\"]}]},{\"@type\":\"ImageObject\",\"inLanguage\":\"fr-FR\",\"@id\":\"https:\/\/paracherkaoui.ma\/index.php\/produit\/dermeden-day-protocole-creme-de-jour-anti-age-peaux-mixte-a-grasses-spf50-50-ml\/#primaryimage\",\"url\":\"https:\/\/paracherkaoui.ma\/wp-content\/uploads\/2025\/12\/dermeden-dermeden-day-protocole-creme-de-jour-anti-age-peaux-mixte-a-grasses-spf50-50-ml-peaux-matures.jpg\",\"contentUrl\":\"https:\/\/paracherkaoui.ma\/wp-content\/uploads\/2025\/12\/dermeden-dermeden-day-protocole-creme-de-jour-anti-age-peaux-mixte-a-grasses-spf50-50-ml-peaux-matures.jpg\",\"width\":700,\"height\":700},{\"@type\":\"BreadcrumbList\",\"@id\":\"https:\/\/paracherkaoui.ma\/index.php\/produit\/dermeden-day-protocole-creme-de-jour-anti-age-peaux-mixte-a-grasses-spf50-50-ml\/#breadcrumb\",\"itemListElement\":[{\"@type\":\"ListItem\",\"position\":1,\"name\":\"Accueil\",\"item\":\"https:\/\/paracherkaoui.ma\/\"},{\"@type\":\"ListItem\",\"position\":2,\"name\":\"Boutique\",\"item\":\"https:\/\/paracherkaoui.ma\/index.php\/boutique\/\"},{\"@type\":\"ListItem\",\"position\":3,\"name\":\"DERMEDEN DAY PROTOCOLE CREME DE JOUR ANTI AGE PEAUX MIXTE A GRASSES SPF50 50 ML\"}]},{\"@type\":\"WebSite\",\"@id\":\"https:\/\/paracherkaoui.ma\/#website\",\"url\":\"https:\/\/paracherkaoui.ma\/\",\"name\":\"Paracherkaoui.ma\",\"description\":\"Achetez en ligne sur Paracherkaoui.ma\",\"potentialAction\":[{\"@type\":\"SearchAction\",\"target\":{\"@type\":\"EntryPoint\",\"urlTemplate\":\"https:\/\/paracherkaoui.ma\/?s={search_term_string}\"},\"query-input\":{\"@type\":\"PropertyValueSpecification\",\"valueRequired\":true,\"valueName\":\"search_term_string\"}}],\"inLanguage\":\"fr-FR\"}]}<\/script>\r\n<!-- \/ Yoast SEO plugin. -->","yoast_head_json":{"title":"DERMEDEN DAY PROTOCOLE CREME DE JOUR ANTI AGE PEAUX MIXTE A GRASSES SPF50 50 ML - Paracherkaoui.ma","robots":{"index":"index","follow":"follow","max-snippet":"max-snippet:-1","max-image-preview":"max-image-preview:large","max-video-preview":"max-video-preview:-1"},"canonical":"https:\/\/paracherkaoui.ma\/index.php\/produit\/dermeden-day-protocole-creme-de-jour-anti-age-peaux-mixte-a-grasses-spf50-50-ml\/","og_locale":"fr_FR","og_type":"article","og_title":"DERMEDEN DAY PROTOCOLE CREME DE JOUR ANTI AGE PEAUX MIXTE A GRASSES SPF50 50 ML - Paracherkaoui.ma","og_description":"La\u00a0Cr\u00e8me de Jour Anti-\u00c2ge Peaux Mixtes \u00e0 Grasses Day Protocole de DERMEDEN\u00a0aide \u00e0 hydrater et prot\u00e9ger la peau au quotidien","og_url":"https:\/\/paracherkaoui.ma\/index.php\/produit\/dermeden-day-protocole-creme-de-jour-anti-age-peaux-mixte-a-grasses-spf50-50-ml\/","og_site_name":"Paracherkaoui.ma","article_modified_time":"2025-12-12T17:18:01+00:00","og_image":[{"width":700,"height":700,"url":"https:\/\/paracherkaoui.ma\/wp-content\/uploads\/2025\/12\/dermeden-dermeden-day-protocole-creme-de-jour-anti-age-peaux-mixte-a-grasses-spf50-50-ml-peaux-matures.jpg","type":"image\/jpeg"}],"twitter_card":"summary_large_image","twitter_misc":{"Dur\u00e9e de lecture estim\u00e9e":"1 minute"},"schema":{"@context":"https:\/\/schema.org","@graph":[{"@type":"WebPage","@id":"https:\/\/paracherkaoui.ma\/index.php\/produit\/dermeden-day-protocole-creme-de-jour-anti-age-peaux-mixte-a-grasses-spf50-50-ml\/","url":"https:\/\/paracherkaoui.ma\/index.php\/produit\/dermeden-day-protocole-creme-de-jour-anti-age-peaux-mixte-a-grasses-spf50-50-ml\/","name":"DERMEDEN DAY PROTOCOLE CREME DE JOUR ANTI AGE PEAUX MIXTE A GRASSES SPF50 50 ML - Paracherkaoui.ma","isPartOf":{"@id":"https:\/\/paracherkaoui.ma\/#website"},"primaryImageOfPage":{"@id":"https:\/\/paracherkaoui.ma\/index.php\/produit\/dermeden-day-protocole-creme-de-jour-anti-age-peaux-mixte-a-grasses-spf50-50-ml\/#primaryimage"},"image":{"@id":"https:\/\/paracherkaoui.ma\/index.php\/produit\/dermeden-day-protocole-creme-de-jour-anti-age-peaux-mixte-a-grasses-spf50-50-ml\/#primaryimage"},"thumbnailUrl":"https:\/\/paracherkaoui.ma\/wp-content\/uploads\/2025\/12\/dermeden-dermeden-day-protocole-creme-de-jour-anti-age-peaux-mixte-a-grasses-spf50-50-ml-peaux-matures.jpg","datePublished":"2025-12-12T17:17:59+00:00","dateModified":"2025-12-12T17:18:01+00:00","breadcrumb":{"@id":"https:\/\/paracherkaoui.ma\/index.php\/produit\/dermeden-day-protocole-creme-de-jour-anti-age-peaux-mixte-a-grasses-spf50-50-ml\/#breadcrumb"},"inLanguage":"fr-FR","potentialAction":[{"@type":"ReadAction","target":["https:\/\/paracherkaoui.ma\/index.php\/produit\/dermeden-day-protocole-creme-de-jour-anti-age-peaux-mixte-a-grasses-spf50-50-ml\/"]}]},{"@type":"ImageObject","inLanguage":"fr-FR","@id":"https:\/\/paracherkaoui.ma\/index.php\/produit\/dermeden-day-protocole-creme-de-jour-anti-age-peaux-mixte-a-grasses-spf50-50-ml\/#primaryimage","url":"https:\/\/paracherkaoui.ma\/wp-content\/uploads\/2025\/12\/dermeden-dermeden-day-protocole-creme-de-jour-anti-age-peaux-mixte-a-grasses-spf50-50-ml-peaux-matures.jpg","contentUrl":"https:\/\/paracherkaoui.ma\/wp-content\/uploads\/2025\/12\/dermeden-dermeden-day-protocole-creme-de-jour-anti-age-peaux-mixte-a-grasses-spf50-50-ml-peaux-matures.jpg","width":700,"height":700},{"@type":"BreadcrumbList","@id":"https:\/\/paracherkaoui.ma\/index.php\/produit\/dermeden-day-protocole-creme-de-jour-anti-age-peaux-mixte-a-grasses-spf50-50-ml\/#breadcrumb","itemListElement":[{"@type":"ListItem","position":1,"name":"Accueil","item":"https:\/\/paracherkaoui.ma\/"},{"@type":"ListItem","position":2,"name":"Boutique","item":"https:\/\/paracherkaoui.ma\/index.php\/boutique\/"},{"@type":"ListItem","position":3,"name":"DERMEDEN DAY PROTOCOLE CREME DE JOUR ANTI AGE PEAUX MIXTE A GRASSES SPF50 50 ML"}]},{"@type":"WebSite","@id":"https:\/\/paracherkaoui.ma\/#website","url":"https:\/\/paracherkaoui.ma\/","name":"Paracherkaoui.ma","description":"Achetez en ligne sur Paracherkaoui.ma","potentialAction":[{"@type":"SearchAction","target":{"@type":"EntryPoint","urlTemplate":"https:\/\/paracherkaoui.ma\/?s={search_term_string}"},"query-input":{"@type":"PropertyValueSpecification","valueRequired":true,"valueName":"search_term_string"}}],"inLanguage":"fr-FR"}]}},"_links":{"self":[{"href":"https:\/\/paracherkaoui.ma\/index.php\/wp-json\/wp\/v2\/product\/23205","targetHints":{"allow":["GET"]}}],"collection":[{"href":"https:\/\/paracherkaoui.ma\/index.php\/wp-json\/wp\/v2\/product"}],"about":[{"href":"https:\/\/paracherkaoui.ma\/index.php\/wp-json\/wp\/v2\/types\/product"}],"replies":[{"embeddable":true,"href":"https:\/\/paracherkaoui.ma\/index.php\/wp-json\/wp\/v2\/comments?post=23205"}],"version-history":[{"count":1,"href":"https:\/\/paracherkaoui.ma\/index.php\/wp-json\/wp\/v2\/product\/23205\/revisions"}],"predecessor-version":[{"id":23236,"href":"https:\/\/paracherkaoui.ma\/index.php\/wp-json\/wp\/v2\/product\/23205\/revisions\/23236"}],"wp:featuredmedia":[{"embeddable":true,"href":"https:\/\/paracherkaoui.ma\/index.php\/wp-json\/wp\/v2\/media\/23235"}],"wp:attachment":[{"href":"https:\/\/paracherkaoui.ma\/index.php\/wp-json\/wp\/v2\/media?parent=23205"}],"wp:term":[{"taxonomy":"product_brand","embeddable":true,"href":"https:\/\/paracherkaoui.ma\/index.php\/wp-json\/wp\/v2\/product_brand?post=23205"},{"taxonomy":"product_cat","embeddable":true,"href":"https:\/\/paracherkaoui.ma\/index.php\/wp-json\/wp\/v2\/product_cat?post=23205"},{"taxonomy":"product_tag","embeddable":true,"href":"https:\/\/paracherkaoui.ma\/index.php\/wp-json\/wp\/v2\/product_tag?post=23205"}],"curies":[{"name":"wp","href":"https:\/\/api.w.org\/{rel}","templated":true}]}}