{"id":23140,"date":"2025-12-12T18:17:49","date_gmt":"2025-12-12T17:17:49","guid":{"rendered":"https:\/\/test.ecbeaute.com\/?post_type=product&#038;p=23140"},"modified":"2025-12-12T18:17:55","modified_gmt":"2025-12-12T17:17:55","slug":"eneomey-rejuv-elixium-serum-anti-age-repulpant-15-ml","status":"publish","type":"product","link":"https:\/\/paracherkaoui.ma\/index.php\/produit\/eneomey-rejuv-elixium-serum-anti-age-repulpant-15-ml\/","title":{"rendered":"ENEOMEY REJUV ELIXIUM SERUM ANTI AGE REPULPANT 15 ML"},"content":{"rendered":"<p>Le S\u00e9rum Anti-\u00c2ge Repulpant de la gamme Rejuv Elixium de Eneomey\u00a0a \u00e9t\u00e9 mis au point pour r\u00e9activer les principaux m\u00e9canismes de la peau afin de favoriser la croissance cellulaire.<br \/>\nGr\u00e2ce \u00e0 ses actifs, ce soin aide \u00e0 att\u00e9nuer le nombre et le volume des rides, \u00e0 r\u00e9duire la rigidification des fibroblastes ainsi qu\u2019\u00e0 repulper et hydrater durablement la peau.<br \/>\nCe s\u00e9rum est compos\u00e9\u00a0:<br \/>\n&#8211; D\u2019acide hyaluronique qui exerce une fonction micro r\u00e9servoir. Cet actif permet de d\u00e9livrer une hydratation progressive et longue dur\u00e9e \u00e0 la peau. Il participe \u00e9galement \u00e0 l\u2019am\u00e9lioration de l\u2019\u00e9lasticit\u00e9 cutan\u00e9e<br \/>\n&#8211; D\u2019IA Control qui est une synergie de mol\u00e9cules d\u2019origine v\u00e9g\u00e9tale. Ce composant permet de limiter le stress oxydatif gr\u00e2ce au renfort de l\u2019\u00e9cosyst\u00e8me cutan\u00e9<br \/>\n&#8211; De Time Cell qui est un actif issu d\u2019une plante d\u2019origine asiatique. Cet ingr\u00e9dient contribue \u00e0 la prolongation de la vitalit\u00e9 cellulaire et \u00e0 l\u2019accroissement de la duplication des fibroblastes.<br \/>\nCe s\u00e9rum rend la peau lisse, souple et hydrat\u00e9e et diminue les rides sur le contour de l\u2019\u0153il.<\/p>\n","protected":false},"excerpt":{"rendered":"<p>Le S\u00e9rum Anti-\u00c2ge Repulpant de la gamme Rejuv Elixium de Eneomey\u00a0a \u00e9t\u00e9 mis au point pour r\u00e9activer les principaux m\u00e9canismes<\/p>\n","protected":false},"featured_media":23187,"comment_status":"open","ping_status":"closed","template":"","meta":[],"product_brand":[412],"product_cat":[488],"product_tag":[],"class_list":{"0":"post-23140","1":"product","2":"type-product","3":"status-publish","4":"has-post-thumbnail","6":"product_brand-eneomey","7":"product_cat-peaux-matures","9":"first","10":"instock","11":"sale","12":"shipping-taxable","13":"purchasable","14":"product-type-simple"},"yoast_head":"<!-- This site is optimized with the Yoast SEO plugin v26.6 - https:\/\/yoast.com\/wordpress\/plugins\/seo\/ -->\r\n<title>ENEOMEY REJUV ELIXIUM SERUM ANTI AGE REPULPANT 15 ML - Paracherkaoui.ma<\/title>\r\n<meta name=\"robots\" content=\"index, follow, max-snippet:-1, max-image-preview:large, max-video-preview:-1\" \/>\r\n<link rel=\"canonical\" href=\"https:\/\/paracherkaoui.ma\/index.php\/produit\/eneomey-rejuv-elixium-serum-anti-age-repulpant-15-ml\/\" \/>\r\n<meta property=\"og:locale\" content=\"fr_FR\" \/>\r\n<meta property=\"og:type\" content=\"article\" \/>\r\n<meta property=\"og:title\" content=\"ENEOMEY REJUV ELIXIUM SERUM ANTI AGE REPULPANT 15 ML - Paracherkaoui.ma\" \/>\r\n<meta property=\"og:description\" content=\"Le S\u00e9rum Anti-\u00c2ge Repulpant de la gamme Rejuv Elixium de Eneomey\u00a0a \u00e9t\u00e9 mis au point pour r\u00e9activer les principaux m\u00e9canismes\" \/>\r\n<meta property=\"og:url\" content=\"https:\/\/paracherkaoui.ma\/index.php\/produit\/eneomey-rejuv-elixium-serum-anti-age-repulpant-15-ml\/\" \/>\r\n<meta property=\"og:site_name\" content=\"Paracherkaoui.ma\" \/>\r\n<meta property=\"article:modified_time\" content=\"2025-12-12T17:17:55+00:00\" \/>\r\n<meta property=\"og:image\" content=\"https:\/\/paracherkaoui.ma\/wp-content\/uploads\/2025\/12\/eneomey-rejuv-elixium-serum-anti-age-repulpant-15-ml.jpg\" \/>\r\n\t<meta property=\"og:image:width\" content=\"700\" \/>\r\n\t<meta property=\"og:image:height\" content=\"700\" \/>\r\n\t<meta property=\"og:image:type\" content=\"image\/jpeg\" \/>\r\n<meta name=\"twitter:card\" content=\"summary_large_image\" \/>\r\n<meta name=\"twitter:label1\" content=\"Dur\u00e9e de lecture estim\u00e9e\" \/>\n\t<meta name=\"twitter:data1\" content=\"1 minute\" \/>\r\n<script type=\"application\/ld+json\" class=\"yoast-schema-graph\">{\"@context\":\"https:\/\/schema.org\",\"@graph\":[{\"@type\":\"WebPage\",\"@id\":\"https:\/\/paracherkaoui.ma\/index.php\/produit\/eneomey-rejuv-elixium-serum-anti-age-repulpant-15-ml\/\",\"url\":\"https:\/\/paracherkaoui.ma\/index.php\/produit\/eneomey-rejuv-elixium-serum-anti-age-repulpant-15-ml\/\",\"name\":\"ENEOMEY REJUV ELIXIUM SERUM ANTI AGE REPULPANT 15 ML - Paracherkaoui.ma\",\"isPartOf\":{\"@id\":\"https:\/\/paracherkaoui.ma\/#website\"},\"primaryImageOfPage\":{\"@id\":\"https:\/\/paracherkaoui.ma\/index.php\/produit\/eneomey-rejuv-elixium-serum-anti-age-repulpant-15-ml\/#primaryimage\"},\"image\":{\"@id\":\"https:\/\/paracherkaoui.ma\/index.php\/produit\/eneomey-rejuv-elixium-serum-anti-age-repulpant-15-ml\/#primaryimage\"},\"thumbnailUrl\":\"https:\/\/paracherkaoui.ma\/wp-content\/uploads\/2025\/12\/eneomey-rejuv-elixium-serum-anti-age-repulpant-15-ml.jpg\",\"datePublished\":\"2025-12-12T17:17:49+00:00\",\"dateModified\":\"2025-12-12T17:17:55+00:00\",\"breadcrumb\":{\"@id\":\"https:\/\/paracherkaoui.ma\/index.php\/produit\/eneomey-rejuv-elixium-serum-anti-age-repulpant-15-ml\/#breadcrumb\"},\"inLanguage\":\"fr-FR\",\"potentialAction\":[{\"@type\":\"ReadAction\",\"target\":[\"https:\/\/paracherkaoui.ma\/index.php\/produit\/eneomey-rejuv-elixium-serum-anti-age-repulpant-15-ml\/\"]}]},{\"@type\":\"ImageObject\",\"inLanguage\":\"fr-FR\",\"@id\":\"https:\/\/paracherkaoui.ma\/index.php\/produit\/eneomey-rejuv-elixium-serum-anti-age-repulpant-15-ml\/#primaryimage\",\"url\":\"https:\/\/paracherkaoui.ma\/wp-content\/uploads\/2025\/12\/eneomey-rejuv-elixium-serum-anti-age-repulpant-15-ml.jpg\",\"contentUrl\":\"https:\/\/paracherkaoui.ma\/wp-content\/uploads\/2025\/12\/eneomey-rejuv-elixium-serum-anti-age-repulpant-15-ml.jpg\",\"width\":700,\"height\":700},{\"@type\":\"BreadcrumbList\",\"@id\":\"https:\/\/paracherkaoui.ma\/index.php\/produit\/eneomey-rejuv-elixium-serum-anti-age-repulpant-15-ml\/#breadcrumb\",\"itemListElement\":[{\"@type\":\"ListItem\",\"position\":1,\"name\":\"Accueil\",\"item\":\"https:\/\/paracherkaoui.ma\/\"},{\"@type\":\"ListItem\",\"position\":2,\"name\":\"Boutique\",\"item\":\"https:\/\/paracherkaoui.ma\/index.php\/boutique\/\"},{\"@type\":\"ListItem\",\"position\":3,\"name\":\"ENEOMEY REJUV ELIXIUM SERUM ANTI AGE REPULPANT 15 ML\"}]},{\"@type\":\"WebSite\",\"@id\":\"https:\/\/paracherkaoui.ma\/#website\",\"url\":\"https:\/\/paracherkaoui.ma\/\",\"name\":\"Paracherkaoui.ma\",\"description\":\"Achetez en ligne sur Paracherkaoui.ma\",\"potentialAction\":[{\"@type\":\"SearchAction\",\"target\":{\"@type\":\"EntryPoint\",\"urlTemplate\":\"https:\/\/paracherkaoui.ma\/?s={search_term_string}\"},\"query-input\":{\"@type\":\"PropertyValueSpecification\",\"valueRequired\":true,\"valueName\":\"search_term_string\"}}],\"inLanguage\":\"fr-FR\"}]}<\/script>\r\n<!-- \/ Yoast SEO plugin. -->","yoast_head_json":{"title":"ENEOMEY REJUV ELIXIUM SERUM ANTI AGE REPULPANT 15 ML - Paracherkaoui.ma","robots":{"index":"index","follow":"follow","max-snippet":"max-snippet:-1","max-image-preview":"max-image-preview:large","max-video-preview":"max-video-preview:-1"},"canonical":"https:\/\/paracherkaoui.ma\/index.php\/produit\/eneomey-rejuv-elixium-serum-anti-age-repulpant-15-ml\/","og_locale":"fr_FR","og_type":"article","og_title":"ENEOMEY REJUV ELIXIUM SERUM ANTI AGE REPULPANT 15 ML - Paracherkaoui.ma","og_description":"Le S\u00e9rum Anti-\u00c2ge Repulpant de la gamme Rejuv Elixium de Eneomey\u00a0a \u00e9t\u00e9 mis au point pour r\u00e9activer les principaux m\u00e9canismes","og_url":"https:\/\/paracherkaoui.ma\/index.php\/produit\/eneomey-rejuv-elixium-serum-anti-age-repulpant-15-ml\/","og_site_name":"Paracherkaoui.ma","article_modified_time":"2025-12-12T17:17:55+00:00","og_image":[{"width":700,"height":700,"url":"https:\/\/paracherkaoui.ma\/wp-content\/uploads\/2025\/12\/eneomey-rejuv-elixium-serum-anti-age-repulpant-15-ml.jpg","type":"image\/jpeg"}],"twitter_card":"summary_large_image","twitter_misc":{"Dur\u00e9e de lecture estim\u00e9e":"1 minute"},"schema":{"@context":"https:\/\/schema.org","@graph":[{"@type":"WebPage","@id":"https:\/\/paracherkaoui.ma\/index.php\/produit\/eneomey-rejuv-elixium-serum-anti-age-repulpant-15-ml\/","url":"https:\/\/paracherkaoui.ma\/index.php\/produit\/eneomey-rejuv-elixium-serum-anti-age-repulpant-15-ml\/","name":"ENEOMEY REJUV ELIXIUM SERUM ANTI AGE REPULPANT 15 ML - Paracherkaoui.ma","isPartOf":{"@id":"https:\/\/paracherkaoui.ma\/#website"},"primaryImageOfPage":{"@id":"https:\/\/paracherkaoui.ma\/index.php\/produit\/eneomey-rejuv-elixium-serum-anti-age-repulpant-15-ml\/#primaryimage"},"image":{"@id":"https:\/\/paracherkaoui.ma\/index.php\/produit\/eneomey-rejuv-elixium-serum-anti-age-repulpant-15-ml\/#primaryimage"},"thumbnailUrl":"https:\/\/paracherkaoui.ma\/wp-content\/uploads\/2025\/12\/eneomey-rejuv-elixium-serum-anti-age-repulpant-15-ml.jpg","datePublished":"2025-12-12T17:17:49+00:00","dateModified":"2025-12-12T17:17:55+00:00","breadcrumb":{"@id":"https:\/\/paracherkaoui.ma\/index.php\/produit\/eneomey-rejuv-elixium-serum-anti-age-repulpant-15-ml\/#breadcrumb"},"inLanguage":"fr-FR","potentialAction":[{"@type":"ReadAction","target":["https:\/\/paracherkaoui.ma\/index.php\/produit\/eneomey-rejuv-elixium-serum-anti-age-repulpant-15-ml\/"]}]},{"@type":"ImageObject","inLanguage":"fr-FR","@id":"https:\/\/paracherkaoui.ma\/index.php\/produit\/eneomey-rejuv-elixium-serum-anti-age-repulpant-15-ml\/#primaryimage","url":"https:\/\/paracherkaoui.ma\/wp-content\/uploads\/2025\/12\/eneomey-rejuv-elixium-serum-anti-age-repulpant-15-ml.jpg","contentUrl":"https:\/\/paracherkaoui.ma\/wp-content\/uploads\/2025\/12\/eneomey-rejuv-elixium-serum-anti-age-repulpant-15-ml.jpg","width":700,"height":700},{"@type":"BreadcrumbList","@id":"https:\/\/paracherkaoui.ma\/index.php\/produit\/eneomey-rejuv-elixium-serum-anti-age-repulpant-15-ml\/#breadcrumb","itemListElement":[{"@type":"ListItem","position":1,"name":"Accueil","item":"https:\/\/paracherkaoui.ma\/"},{"@type":"ListItem","position":2,"name":"Boutique","item":"https:\/\/paracherkaoui.ma\/index.php\/boutique\/"},{"@type":"ListItem","position":3,"name":"ENEOMEY REJUV ELIXIUM SERUM ANTI AGE REPULPANT 15 ML"}]},{"@type":"WebSite","@id":"https:\/\/paracherkaoui.ma\/#website","url":"https:\/\/paracherkaoui.ma\/","name":"Paracherkaoui.ma","description":"Achetez en ligne sur Paracherkaoui.ma","potentialAction":[{"@type":"SearchAction","target":{"@type":"EntryPoint","urlTemplate":"https:\/\/paracherkaoui.ma\/?s={search_term_string}"},"query-input":{"@type":"PropertyValueSpecification","valueRequired":true,"valueName":"search_term_string"}}],"inLanguage":"fr-FR"}]}},"_links":{"self":[{"href":"https:\/\/paracherkaoui.ma\/index.php\/wp-json\/wp\/v2\/product\/23140","targetHints":{"allow":["GET"]}}],"collection":[{"href":"https:\/\/paracherkaoui.ma\/index.php\/wp-json\/wp\/v2\/product"}],"about":[{"href":"https:\/\/paracherkaoui.ma\/index.php\/wp-json\/wp\/v2\/types\/product"}],"replies":[{"embeddable":true,"href":"https:\/\/paracherkaoui.ma\/index.php\/wp-json\/wp\/v2\/comments?post=23140"}],"version-history":[{"count":1,"href":"https:\/\/paracherkaoui.ma\/index.php\/wp-json\/wp\/v2\/product\/23140\/revisions"}],"predecessor-version":[{"id":23188,"href":"https:\/\/paracherkaoui.ma\/index.php\/wp-json\/wp\/v2\/product\/23140\/revisions\/23188"}],"wp:featuredmedia":[{"embeddable":true,"href":"https:\/\/paracherkaoui.ma\/index.php\/wp-json\/wp\/v2\/media\/23187"}],"wp:attachment":[{"href":"https:\/\/paracherkaoui.ma\/index.php\/wp-json\/wp\/v2\/media?parent=23140"}],"wp:term":[{"taxonomy":"product_brand","embeddable":true,"href":"https:\/\/paracherkaoui.ma\/index.php\/wp-json\/wp\/v2\/product_brand?post=23140"},{"taxonomy":"product_cat","embeddable":true,"href":"https:\/\/paracherkaoui.ma\/index.php\/wp-json\/wp\/v2\/product_cat?post=23140"},{"taxonomy":"product_tag","embeddable":true,"href":"https:\/\/paracherkaoui.ma\/index.php\/wp-json\/wp\/v2\/product_tag?post=23140"}],"curies":[{"name":"wp","href":"https:\/\/api.w.org\/{rel}","templated":true}]}}