{"id":23135,"date":"2025-12-12T18:17:49","date_gmt":"2025-12-12T17:17:49","guid":{"rendered":"https:\/\/test.ecbeaute.com\/?post_type=product&#038;p=23135"},"modified":"2025-12-12T18:17:53","modified_gmt":"2025-12-12T17:17:53","slug":"filorga-global-repair-intensive-2","status":"publish","type":"product","link":"https:\/\/paracherkaoui.ma\/index.php\/produit\/filorga-global-repair-intensive-2\/","title":{"rendered":"Filorga GLOBAL REPAIR INTENSIVE"},"content":{"rendered":"<p>Ce s\u00e9rum expert anti-\u00e2ge multi-actif agit intens\u00e9ment sur les signes de vieillissement des peaux d\u00e9vitalis\u00e9es. Son secret ? Le coeur de formule [Intensive Repairing Factors] inspir\u00e9 des techniques de m\u00e9decine esth\u00e9tique reconnues, agit sur les signes majeurs du vieillissement en un seul geste. La formule est enrichie en agents pro-jeunesse lissants [r\u00e9tinol + glycog\u00e8ne], pour une efficacit\u00e9 anti-\u00e2ge boost\u00e9e.<br \/>\n&#8211; Le c ur de formule Intensive Repairing Factors associe 3 super-nutriments pour une nutrition revitalisante, \u00e0 4 boosters cellulaires et 50 m\u00e9so-ingr\u00e9dients pour une correction anti-\u00e2ge multi-intensive [rides fermet\u00e9 ovale homog\u00e9n\u00e9it\u00e9 \u00e9clat].<br \/>\n&#8211; Du r\u00e9tinol est associ\u00e9 \u00e0 du glycog\u00e8ne, deux actifs aux propri\u00e9t\u00e9s lissantes, pour renforcer l&rsquo;efficacit\u00e9 du c ur de formule.<br \/>\n&#8211; La technologie chrono-boost\u00e9e pour un double usage soin le jour\/masque la nuit.<\/p>\n<p>Zoom sur la sensorialit\u00e9 : La texture fondante du s\u00e9rum GLOBAL-REPAIR INTENSIVE cr\u00e9e un effet stretch \u00e0 la surface de la peau tout en assurant un fini ultra-confortable.<br \/>\nConseils d&rsquo;utilisation :<\/p>\n<p>Le jour : Appliquez sur l&rsquo;ensemble du visage en couche fine avant le soin habituel<br \/>\nLe soir : M\u00e9langez \u00e0 la cr\u00e8me et appliquez en couche \u00e9paisse sur l&rsquo;ensemble du visage.<\/p>\n","protected":false},"excerpt":{"rendered":"<p>Ce s\u00e9rum expert anti-\u00e2ge multi-actif agit intens\u00e9ment sur les signes de vieillissement des peaux d\u00e9vitalis\u00e9es. Son secret ? Le coeur<\/p>\n","protected":false},"featured_media":13740,"comment_status":"open","ping_status":"closed","template":"","meta":[],"product_brand":[141],"product_cat":[488],"product_tag":[],"class_list":{"0":"post-23135","1":"product","2":"type-product","3":"status-publish","4":"has-post-thumbnail","6":"product_brand-filorga","7":"product_cat-peaux-matures","9":"first","10":"instock","11":"sale","12":"shipping-taxable","13":"purchasable","14":"product-type-simple"},"yoast_head":"<!-- This site is optimized with the Yoast SEO plugin v26.6 - https:\/\/yoast.com\/wordpress\/plugins\/seo\/ -->\r\n<title>Filorga GLOBAL REPAIR INTENSIVE - Paracherkaoui.ma<\/title>\r\n<meta name=\"robots\" content=\"index, follow, max-snippet:-1, max-image-preview:large, max-video-preview:-1\" \/>\r\n<link rel=\"canonical\" href=\"https:\/\/paracherkaoui.ma\/index.php\/produit\/filorga-global-repair-intensive-2\/\" \/>\r\n<meta property=\"og:locale\" content=\"fr_FR\" \/>\r\n<meta property=\"og:type\" content=\"article\" \/>\r\n<meta property=\"og:title\" content=\"Filorga GLOBAL REPAIR INTENSIVE - Paracherkaoui.ma\" \/>\r\n<meta property=\"og:description\" content=\"Ce s\u00e9rum expert anti-\u00e2ge multi-actif agit intens\u00e9ment sur les signes de vieillissement des peaux d\u00e9vitalis\u00e9es. Son secret ? Le coeur\" \/>\r\n<meta property=\"og:url\" content=\"https:\/\/paracherkaoui.ma\/index.php\/produit\/filorga-global-repair-intensive-2\/\" \/>\r\n<meta property=\"og:site_name\" content=\"Paracherkaoui.ma\" \/>\r\n<meta property=\"article:modified_time\" content=\"2025-12-12T17:17:53+00:00\" \/>\r\n<meta property=\"og:image\" content=\"https:\/\/paracherkaoui.ma\/wp-content\/uploads\/2025\/12\/filorga-filorga-global-repair-intensive-peaux-matures.jpg\" \/>\r\n\t<meta property=\"og:image:width\" content=\"700\" \/>\r\n\t<meta property=\"og:image:height\" content=\"700\" \/>\r\n\t<meta property=\"og:image:type\" content=\"image\/jpeg\" \/>\r\n<meta name=\"twitter:card\" content=\"summary_large_image\" \/>\r\n<meta name=\"twitter:label1\" content=\"Dur\u00e9e de lecture estim\u00e9e\" \/>\n\t<meta name=\"twitter:data1\" content=\"1 minute\" \/>\r\n<script type=\"application\/ld+json\" class=\"yoast-schema-graph\">{\"@context\":\"https:\/\/schema.org\",\"@graph\":[{\"@type\":\"WebPage\",\"@id\":\"https:\/\/paracherkaoui.ma\/index.php\/produit\/filorga-global-repair-intensive-2\/\",\"url\":\"https:\/\/paracherkaoui.ma\/index.php\/produit\/filorga-global-repair-intensive-2\/\",\"name\":\"Filorga GLOBAL REPAIR INTENSIVE - Paracherkaoui.ma\",\"isPartOf\":{\"@id\":\"https:\/\/paracherkaoui.ma\/#website\"},\"primaryImageOfPage\":{\"@id\":\"https:\/\/paracherkaoui.ma\/index.php\/produit\/filorga-global-repair-intensive-2\/#primaryimage\"},\"image\":{\"@id\":\"https:\/\/paracherkaoui.ma\/index.php\/produit\/filorga-global-repair-intensive-2\/#primaryimage\"},\"thumbnailUrl\":\"https:\/\/paracherkaoui.ma\/wp-content\/uploads\/2025\/12\/filorga-filorga-global-repair-intensive-peaux-matures.jpg\",\"datePublished\":\"2025-12-12T17:17:49+00:00\",\"dateModified\":\"2025-12-12T17:17:53+00:00\",\"breadcrumb\":{\"@id\":\"https:\/\/paracherkaoui.ma\/index.php\/produit\/filorga-global-repair-intensive-2\/#breadcrumb\"},\"inLanguage\":\"fr-FR\",\"potentialAction\":[{\"@type\":\"ReadAction\",\"target\":[\"https:\/\/paracherkaoui.ma\/index.php\/produit\/filorga-global-repair-intensive-2\/\"]}]},{\"@type\":\"ImageObject\",\"inLanguage\":\"fr-FR\",\"@id\":\"https:\/\/paracherkaoui.ma\/index.php\/produit\/filorga-global-repair-intensive-2\/#primaryimage\",\"url\":\"https:\/\/paracherkaoui.ma\/wp-content\/uploads\/2025\/12\/filorga-filorga-global-repair-intensive-peaux-matures.jpg\",\"contentUrl\":\"https:\/\/paracherkaoui.ma\/wp-content\/uploads\/2025\/12\/filorga-filorga-global-repair-intensive-peaux-matures.jpg\",\"width\":700,\"height\":700},{\"@type\":\"BreadcrumbList\",\"@id\":\"https:\/\/paracherkaoui.ma\/index.php\/produit\/filorga-global-repair-intensive-2\/#breadcrumb\",\"itemListElement\":[{\"@type\":\"ListItem\",\"position\":1,\"name\":\"Accueil\",\"item\":\"https:\/\/paracherkaoui.ma\/\"},{\"@type\":\"ListItem\",\"position\":2,\"name\":\"Boutique\",\"item\":\"https:\/\/paracherkaoui.ma\/index.php\/boutique\/\"},{\"@type\":\"ListItem\",\"position\":3,\"name\":\"Filorga GLOBAL REPAIR INTENSIVE\"}]},{\"@type\":\"WebSite\",\"@id\":\"https:\/\/paracherkaoui.ma\/#website\",\"url\":\"https:\/\/paracherkaoui.ma\/\",\"name\":\"Paracherkaoui.ma\",\"description\":\"Achetez en ligne sur Paracherkaoui.ma\",\"potentialAction\":[{\"@type\":\"SearchAction\",\"target\":{\"@type\":\"EntryPoint\",\"urlTemplate\":\"https:\/\/paracherkaoui.ma\/?s={search_term_string}\"},\"query-input\":{\"@type\":\"PropertyValueSpecification\",\"valueRequired\":true,\"valueName\":\"search_term_string\"}}],\"inLanguage\":\"fr-FR\"}]}<\/script>\r\n<!-- \/ Yoast SEO plugin. -->","yoast_head_json":{"title":"Filorga GLOBAL REPAIR INTENSIVE - Paracherkaoui.ma","robots":{"index":"index","follow":"follow","max-snippet":"max-snippet:-1","max-image-preview":"max-image-preview:large","max-video-preview":"max-video-preview:-1"},"canonical":"https:\/\/paracherkaoui.ma\/index.php\/produit\/filorga-global-repair-intensive-2\/","og_locale":"fr_FR","og_type":"article","og_title":"Filorga GLOBAL REPAIR INTENSIVE - Paracherkaoui.ma","og_description":"Ce s\u00e9rum expert anti-\u00e2ge multi-actif agit intens\u00e9ment sur les signes de vieillissement des peaux d\u00e9vitalis\u00e9es. Son secret ? Le coeur","og_url":"https:\/\/paracherkaoui.ma\/index.php\/produit\/filorga-global-repair-intensive-2\/","og_site_name":"Paracherkaoui.ma","article_modified_time":"2025-12-12T17:17:53+00:00","og_image":[{"width":700,"height":700,"url":"https:\/\/paracherkaoui.ma\/wp-content\/uploads\/2025\/12\/filorga-filorga-global-repair-intensive-peaux-matures.jpg","type":"image\/jpeg"}],"twitter_card":"summary_large_image","twitter_misc":{"Dur\u00e9e de lecture estim\u00e9e":"1 minute"},"schema":{"@context":"https:\/\/schema.org","@graph":[{"@type":"WebPage","@id":"https:\/\/paracherkaoui.ma\/index.php\/produit\/filorga-global-repair-intensive-2\/","url":"https:\/\/paracherkaoui.ma\/index.php\/produit\/filorga-global-repair-intensive-2\/","name":"Filorga GLOBAL REPAIR INTENSIVE - Paracherkaoui.ma","isPartOf":{"@id":"https:\/\/paracherkaoui.ma\/#website"},"primaryImageOfPage":{"@id":"https:\/\/paracherkaoui.ma\/index.php\/produit\/filorga-global-repair-intensive-2\/#primaryimage"},"image":{"@id":"https:\/\/paracherkaoui.ma\/index.php\/produit\/filorga-global-repair-intensive-2\/#primaryimage"},"thumbnailUrl":"https:\/\/paracherkaoui.ma\/wp-content\/uploads\/2025\/12\/filorga-filorga-global-repair-intensive-peaux-matures.jpg","datePublished":"2025-12-12T17:17:49+00:00","dateModified":"2025-12-12T17:17:53+00:00","breadcrumb":{"@id":"https:\/\/paracherkaoui.ma\/index.php\/produit\/filorga-global-repair-intensive-2\/#breadcrumb"},"inLanguage":"fr-FR","potentialAction":[{"@type":"ReadAction","target":["https:\/\/paracherkaoui.ma\/index.php\/produit\/filorga-global-repair-intensive-2\/"]}]},{"@type":"ImageObject","inLanguage":"fr-FR","@id":"https:\/\/paracherkaoui.ma\/index.php\/produit\/filorga-global-repair-intensive-2\/#primaryimage","url":"https:\/\/paracherkaoui.ma\/wp-content\/uploads\/2025\/12\/filorga-filorga-global-repair-intensive-peaux-matures.jpg","contentUrl":"https:\/\/paracherkaoui.ma\/wp-content\/uploads\/2025\/12\/filorga-filorga-global-repair-intensive-peaux-matures.jpg","width":700,"height":700},{"@type":"BreadcrumbList","@id":"https:\/\/paracherkaoui.ma\/index.php\/produit\/filorga-global-repair-intensive-2\/#breadcrumb","itemListElement":[{"@type":"ListItem","position":1,"name":"Accueil","item":"https:\/\/paracherkaoui.ma\/"},{"@type":"ListItem","position":2,"name":"Boutique","item":"https:\/\/paracherkaoui.ma\/index.php\/boutique\/"},{"@type":"ListItem","position":3,"name":"Filorga GLOBAL REPAIR INTENSIVE"}]},{"@type":"WebSite","@id":"https:\/\/paracherkaoui.ma\/#website","url":"https:\/\/paracherkaoui.ma\/","name":"Paracherkaoui.ma","description":"Achetez en ligne sur Paracherkaoui.ma","potentialAction":[{"@type":"SearchAction","target":{"@type":"EntryPoint","urlTemplate":"https:\/\/paracherkaoui.ma\/?s={search_term_string}"},"query-input":{"@type":"PropertyValueSpecification","valueRequired":true,"valueName":"search_term_string"}}],"inLanguage":"fr-FR"}]}},"_links":{"self":[{"href":"https:\/\/paracherkaoui.ma\/index.php\/wp-json\/wp\/v2\/product\/23135","targetHints":{"allow":["GET"]}}],"collection":[{"href":"https:\/\/paracherkaoui.ma\/index.php\/wp-json\/wp\/v2\/product"}],"about":[{"href":"https:\/\/paracherkaoui.ma\/index.php\/wp-json\/wp\/v2\/types\/product"}],"replies":[{"embeddable":true,"href":"https:\/\/paracherkaoui.ma\/index.php\/wp-json\/wp\/v2\/comments?post=23135"}],"version-history":[{"count":1,"href":"https:\/\/paracherkaoui.ma\/index.php\/wp-json\/wp\/v2\/product\/23135\/revisions"}],"predecessor-version":[{"id":23179,"href":"https:\/\/paracherkaoui.ma\/index.php\/wp-json\/wp\/v2\/product\/23135\/revisions\/23179"}],"wp:featuredmedia":[{"embeddable":true,"href":"https:\/\/paracherkaoui.ma\/index.php\/wp-json\/wp\/v2\/media\/13740"}],"wp:attachment":[{"href":"https:\/\/paracherkaoui.ma\/index.php\/wp-json\/wp\/v2\/media?parent=23135"}],"wp:term":[{"taxonomy":"product_brand","embeddable":true,"href":"https:\/\/paracherkaoui.ma\/index.php\/wp-json\/wp\/v2\/product_brand?post=23135"},{"taxonomy":"product_cat","embeddable":true,"href":"https:\/\/paracherkaoui.ma\/index.php\/wp-json\/wp\/v2\/product_cat?post=23135"},{"taxonomy":"product_tag","embeddable":true,"href":"https:\/\/paracherkaoui.ma\/index.php\/wp-json\/wp\/v2\/product_tag?post=23135"}],"curies":[{"name":"wp","href":"https:\/\/api.w.org\/{rel}","templated":true}]}}