{"id":23133,"date":"2025-12-12T18:17:49","date_gmt":"2025-12-12T17:17:49","guid":{"rendered":"https:\/\/test.ecbeaute.com\/?post_type=product&#038;p=23133"},"modified":"2025-12-12T18:17:52","modified_gmt":"2025-12-12T17:17:52","slug":"nuhanciam-soin-repulpant-unifiant-50-ml","status":"publish","type":"product","link":"https:\/\/paracherkaoui.ma\/index.php\/produit\/nuhanciam-soin-repulpant-unifiant-50-ml\/","title":{"rendered":"NUHANCIAM SOIN REPULPANT UNIFIANT 50 ML"},"content":{"rendered":"<p>Ce soin est bien plus qu&rsquo;une simple cr\u00e8me anti-\u00e2ge ; c&rsquo;est un v\u00e9ritable \u00e9lixir de jeunesse con\u00e7u pour les peaux qui exigent une action compl\u00e8te. Le Nuhanciam Soin Repulpant Unifiant est formul\u00e9 pour raviver l&rsquo;\u00e9clat de la peau, lui redonnant cette luminosit\u00e9 naturelle souvent perdue avec le temps et les agressions ext\u00e9rieures. Votre teint terne n&rsquo;est plus qu&rsquo;un lointain souvenir, remplac\u00e9 par une peau radieuse et pleine de vitalit\u00e9.<br \/>\nEn plus de sublimer l&rsquo;\u00e9clat, ce soin agit de mani\u00e8re cibl\u00e9e pour lisser les premi\u00e8res rides d&rsquo;expression. Ces petites ridules, souvent les premi\u00e8res \u00e0 appara\u00eetre autour des yeux et de la bouche, sont visiblement att\u00e9nu\u00e9es, laissant place \u00e0 une peau plus lisse et d&rsquo;apparence plus jeune. La formule repulpante agit en profondeur pour redensifier la peau, lui offrant un aspect plus ferme et plus rebondi. C&rsquo;est un effet \u00ab\u00a0bonne mine\u00a0\u00bb imm\u00e9diat qui dure toute la journ\u00e9e.<br \/>\nLe plaisir d&rsquo;utilisation est au c\u0153ur de l&rsquo;exp\u00e9rience Nuhanciam. Sa cr\u00e8me anti-\u00e2ge l\u00e9g\u00e8re et d\u00e9licatement fondante est un d\u00e9lice sensoriel. Elle glisse sur la peau, procurant une sensation de confort imm\u00e9diat, sans laisser d&rsquo;effet gras, ni collant. C&rsquo;est une texture parfaite pour un usage quotidien, qui p\u00e9n\u00e8tre rapidement et laisse un fini velout\u00e9, id\u00e9al comme base de maquillage ou pour \u00eatre utilis\u00e9e seule. Oubliez les cr\u00e8mes lourdes et \u00e9touffantes ; le Soin Repulpant Unifiant se fait oublier sur la peau, tout en agissant en profondeur.<br \/>\nConseils d&rsquo;utilisation:<br \/>\nAppliquer matin et soir.<br \/>\nComposition :<br \/>\nAQUA (WATER), GLYCERIN, CORYLUS AVELLANA (HAZEL) SEED OIL, COCO-CAPRYLATE, COCOS NUCIFERA OIL, C20-22 ALKYL PHOSPHATE, C20-22 ALCOHOLS, CETYL ALCOHOL, POLYACRYLATE CROSSPOLYMER-6, BISABOLOL, MALTODEXTRIN, HYDROXYACETOPHENONE, 1,2-HEXANEDIOL, CAPRYLYL GLYCOL, PARFUM (FRAGRANCE), SODIUM HYDROXIDE, TOCOPHEROL, HYDROLYZED SODIUM HYALURONATE, XANTHAN GUM, LACTOBACILLUS FERMENT, GLYCINE SOJA (SOYBEAN) OIL, GLABRIDINYL BIS-(PHYTYL SUCCINATE), T-BUTYL ALCOHOL, POLYGLYCERYL-10 LAURATE, DIPEPTIDE DIAMINOBUTYROYL BENZYLAMIDE DIACETATE, HYDROGENATED LECITHIN, LINALYL ACETATE, TERPINEOL, GERANYL ACETATE, POGOSTEMON CABLIN OIL, JUNIPERUS VIRGINIANA OIL.<\/p>\n","protected":false},"excerpt":{"rendered":"<p>Ce soin est bien plus qu&rsquo;une simple cr\u00e8me anti-\u00e2ge ; c&rsquo;est un v\u00e9ritable \u00e9lixir de jeunesse con\u00e7u pour les peaux<\/p>\n","protected":false},"featured_media":23175,"comment_status":"open","ping_status":"closed","template":"","meta":[],"product_brand":[311],"product_cat":[488],"product_tag":[],"class_list":{"0":"post-23133","1":"product","2":"type-product","3":"status-publish","4":"has-post-thumbnail","6":"product_brand-nuhanciam","7":"product_cat-peaux-matures","9":"first","10":"instock","11":"sale","12":"shipping-taxable","13":"purchasable","14":"product-type-simple"},"yoast_head":"<!-- This site is optimized with the Yoast SEO plugin v26.6 - https:\/\/yoast.com\/wordpress\/plugins\/seo\/ -->\r\n<title>NUHANCIAM SOIN REPULPANT UNIFIANT 50 ML - Paracherkaoui.ma<\/title>\r\n<meta name=\"robots\" content=\"index, follow, max-snippet:-1, max-image-preview:large, max-video-preview:-1\" \/>\r\n<link rel=\"canonical\" href=\"https:\/\/paracherkaoui.ma\/index.php\/produit\/nuhanciam-soin-repulpant-unifiant-50-ml\/\" \/>\r\n<meta property=\"og:locale\" content=\"fr_FR\" \/>\r\n<meta property=\"og:type\" content=\"article\" \/>\r\n<meta property=\"og:title\" content=\"NUHANCIAM SOIN REPULPANT UNIFIANT 50 ML - Paracherkaoui.ma\" \/>\r\n<meta property=\"og:description\" content=\"Ce soin est bien plus qu&rsquo;une simple cr\u00e8me anti-\u00e2ge ; c&rsquo;est un v\u00e9ritable \u00e9lixir de jeunesse con\u00e7u pour les peaux\" \/>\r\n<meta property=\"og:url\" content=\"https:\/\/paracherkaoui.ma\/index.php\/produit\/nuhanciam-soin-repulpant-unifiant-50-ml\/\" \/>\r\n<meta property=\"og:site_name\" content=\"Paracherkaoui.ma\" \/>\r\n<meta property=\"article:modified_time\" content=\"2025-12-12T17:17:52+00:00\" \/>\r\n<meta property=\"og:image\" content=\"https:\/\/paracherkaoui.ma\/wp-content\/uploads\/2025\/12\/nuhanciam-soin-repulpant-unifiant-50-ml.jpg\" \/>\r\n\t<meta property=\"og:image:width\" content=\"700\" \/>\r\n\t<meta property=\"og:image:height\" content=\"700\" \/>\r\n\t<meta property=\"og:image:type\" content=\"image\/jpeg\" \/>\r\n<meta name=\"twitter:card\" content=\"summary_large_image\" \/>\r\n<meta name=\"twitter:label1\" content=\"Dur\u00e9e de lecture estim\u00e9e\" \/>\n\t<meta name=\"twitter:data1\" content=\"2 minutes\" \/>\r\n<script type=\"application\/ld+json\" class=\"yoast-schema-graph\">{\"@context\":\"https:\/\/schema.org\",\"@graph\":[{\"@type\":\"WebPage\",\"@id\":\"https:\/\/paracherkaoui.ma\/index.php\/produit\/nuhanciam-soin-repulpant-unifiant-50-ml\/\",\"url\":\"https:\/\/paracherkaoui.ma\/index.php\/produit\/nuhanciam-soin-repulpant-unifiant-50-ml\/\",\"name\":\"NUHANCIAM SOIN REPULPANT UNIFIANT 50 ML - Paracherkaoui.ma\",\"isPartOf\":{\"@id\":\"https:\/\/paracherkaoui.ma\/#website\"},\"primaryImageOfPage\":{\"@id\":\"https:\/\/paracherkaoui.ma\/index.php\/produit\/nuhanciam-soin-repulpant-unifiant-50-ml\/#primaryimage\"},\"image\":{\"@id\":\"https:\/\/paracherkaoui.ma\/index.php\/produit\/nuhanciam-soin-repulpant-unifiant-50-ml\/#primaryimage\"},\"thumbnailUrl\":\"https:\/\/paracherkaoui.ma\/wp-content\/uploads\/2025\/12\/nuhanciam-soin-repulpant-unifiant-50-ml.jpg\",\"datePublished\":\"2025-12-12T17:17:49+00:00\",\"dateModified\":\"2025-12-12T17:17:52+00:00\",\"breadcrumb\":{\"@id\":\"https:\/\/paracherkaoui.ma\/index.php\/produit\/nuhanciam-soin-repulpant-unifiant-50-ml\/#breadcrumb\"},\"inLanguage\":\"fr-FR\",\"potentialAction\":[{\"@type\":\"ReadAction\",\"target\":[\"https:\/\/paracherkaoui.ma\/index.php\/produit\/nuhanciam-soin-repulpant-unifiant-50-ml\/\"]}]},{\"@type\":\"ImageObject\",\"inLanguage\":\"fr-FR\",\"@id\":\"https:\/\/paracherkaoui.ma\/index.php\/produit\/nuhanciam-soin-repulpant-unifiant-50-ml\/#primaryimage\",\"url\":\"https:\/\/paracherkaoui.ma\/wp-content\/uploads\/2025\/12\/nuhanciam-soin-repulpant-unifiant-50-ml.jpg\",\"contentUrl\":\"https:\/\/paracherkaoui.ma\/wp-content\/uploads\/2025\/12\/nuhanciam-soin-repulpant-unifiant-50-ml.jpg\",\"width\":700,\"height\":700},{\"@type\":\"BreadcrumbList\",\"@id\":\"https:\/\/paracherkaoui.ma\/index.php\/produit\/nuhanciam-soin-repulpant-unifiant-50-ml\/#breadcrumb\",\"itemListElement\":[{\"@type\":\"ListItem\",\"position\":1,\"name\":\"Accueil\",\"item\":\"https:\/\/paracherkaoui.ma\/\"},{\"@type\":\"ListItem\",\"position\":2,\"name\":\"Boutique\",\"item\":\"https:\/\/paracherkaoui.ma\/index.php\/boutique\/\"},{\"@type\":\"ListItem\",\"position\":3,\"name\":\"NUHANCIAM SOIN REPULPANT UNIFIANT 50 ML\"}]},{\"@type\":\"WebSite\",\"@id\":\"https:\/\/paracherkaoui.ma\/#website\",\"url\":\"https:\/\/paracherkaoui.ma\/\",\"name\":\"Paracherkaoui.ma\",\"description\":\"Achetez en ligne sur Paracherkaoui.ma\",\"potentialAction\":[{\"@type\":\"SearchAction\",\"target\":{\"@type\":\"EntryPoint\",\"urlTemplate\":\"https:\/\/paracherkaoui.ma\/?s={search_term_string}\"},\"query-input\":{\"@type\":\"PropertyValueSpecification\",\"valueRequired\":true,\"valueName\":\"search_term_string\"}}],\"inLanguage\":\"fr-FR\"}]}<\/script>\r\n<!-- \/ Yoast SEO plugin. -->","yoast_head_json":{"title":"NUHANCIAM SOIN REPULPANT UNIFIANT 50 ML - Paracherkaoui.ma","robots":{"index":"index","follow":"follow","max-snippet":"max-snippet:-1","max-image-preview":"max-image-preview:large","max-video-preview":"max-video-preview:-1"},"canonical":"https:\/\/paracherkaoui.ma\/index.php\/produit\/nuhanciam-soin-repulpant-unifiant-50-ml\/","og_locale":"fr_FR","og_type":"article","og_title":"NUHANCIAM SOIN REPULPANT UNIFIANT 50 ML - Paracherkaoui.ma","og_description":"Ce soin est bien plus qu&rsquo;une simple cr\u00e8me anti-\u00e2ge ; c&rsquo;est un v\u00e9ritable \u00e9lixir de jeunesse con\u00e7u pour les peaux","og_url":"https:\/\/paracherkaoui.ma\/index.php\/produit\/nuhanciam-soin-repulpant-unifiant-50-ml\/","og_site_name":"Paracherkaoui.ma","article_modified_time":"2025-12-12T17:17:52+00:00","og_image":[{"width":700,"height":700,"url":"https:\/\/paracherkaoui.ma\/wp-content\/uploads\/2025\/12\/nuhanciam-soin-repulpant-unifiant-50-ml.jpg","type":"image\/jpeg"}],"twitter_card":"summary_large_image","twitter_misc":{"Dur\u00e9e de lecture estim\u00e9e":"2 minutes"},"schema":{"@context":"https:\/\/schema.org","@graph":[{"@type":"WebPage","@id":"https:\/\/paracherkaoui.ma\/index.php\/produit\/nuhanciam-soin-repulpant-unifiant-50-ml\/","url":"https:\/\/paracherkaoui.ma\/index.php\/produit\/nuhanciam-soin-repulpant-unifiant-50-ml\/","name":"NUHANCIAM SOIN REPULPANT UNIFIANT 50 ML - Paracherkaoui.ma","isPartOf":{"@id":"https:\/\/paracherkaoui.ma\/#website"},"primaryImageOfPage":{"@id":"https:\/\/paracherkaoui.ma\/index.php\/produit\/nuhanciam-soin-repulpant-unifiant-50-ml\/#primaryimage"},"image":{"@id":"https:\/\/paracherkaoui.ma\/index.php\/produit\/nuhanciam-soin-repulpant-unifiant-50-ml\/#primaryimage"},"thumbnailUrl":"https:\/\/paracherkaoui.ma\/wp-content\/uploads\/2025\/12\/nuhanciam-soin-repulpant-unifiant-50-ml.jpg","datePublished":"2025-12-12T17:17:49+00:00","dateModified":"2025-12-12T17:17:52+00:00","breadcrumb":{"@id":"https:\/\/paracherkaoui.ma\/index.php\/produit\/nuhanciam-soin-repulpant-unifiant-50-ml\/#breadcrumb"},"inLanguage":"fr-FR","potentialAction":[{"@type":"ReadAction","target":["https:\/\/paracherkaoui.ma\/index.php\/produit\/nuhanciam-soin-repulpant-unifiant-50-ml\/"]}]},{"@type":"ImageObject","inLanguage":"fr-FR","@id":"https:\/\/paracherkaoui.ma\/index.php\/produit\/nuhanciam-soin-repulpant-unifiant-50-ml\/#primaryimage","url":"https:\/\/paracherkaoui.ma\/wp-content\/uploads\/2025\/12\/nuhanciam-soin-repulpant-unifiant-50-ml.jpg","contentUrl":"https:\/\/paracherkaoui.ma\/wp-content\/uploads\/2025\/12\/nuhanciam-soin-repulpant-unifiant-50-ml.jpg","width":700,"height":700},{"@type":"BreadcrumbList","@id":"https:\/\/paracherkaoui.ma\/index.php\/produit\/nuhanciam-soin-repulpant-unifiant-50-ml\/#breadcrumb","itemListElement":[{"@type":"ListItem","position":1,"name":"Accueil","item":"https:\/\/paracherkaoui.ma\/"},{"@type":"ListItem","position":2,"name":"Boutique","item":"https:\/\/paracherkaoui.ma\/index.php\/boutique\/"},{"@type":"ListItem","position":3,"name":"NUHANCIAM SOIN REPULPANT UNIFIANT 50 ML"}]},{"@type":"WebSite","@id":"https:\/\/paracherkaoui.ma\/#website","url":"https:\/\/paracherkaoui.ma\/","name":"Paracherkaoui.ma","description":"Achetez en ligne sur Paracherkaoui.ma","potentialAction":[{"@type":"SearchAction","target":{"@type":"EntryPoint","urlTemplate":"https:\/\/paracherkaoui.ma\/?s={search_term_string}"},"query-input":{"@type":"PropertyValueSpecification","valueRequired":true,"valueName":"search_term_string"}}],"inLanguage":"fr-FR"}]}},"_links":{"self":[{"href":"https:\/\/paracherkaoui.ma\/index.php\/wp-json\/wp\/v2\/product\/23133","targetHints":{"allow":["GET"]}}],"collection":[{"href":"https:\/\/paracherkaoui.ma\/index.php\/wp-json\/wp\/v2\/product"}],"about":[{"href":"https:\/\/paracherkaoui.ma\/index.php\/wp-json\/wp\/v2\/types\/product"}],"replies":[{"embeddable":true,"href":"https:\/\/paracherkaoui.ma\/index.php\/wp-json\/wp\/v2\/comments?post=23133"}],"version-history":[{"count":1,"href":"https:\/\/paracherkaoui.ma\/index.php\/wp-json\/wp\/v2\/product\/23133\/revisions"}],"predecessor-version":[{"id":23176,"href":"https:\/\/paracherkaoui.ma\/index.php\/wp-json\/wp\/v2\/product\/23133\/revisions\/23176"}],"wp:featuredmedia":[{"embeddable":true,"href":"https:\/\/paracherkaoui.ma\/index.php\/wp-json\/wp\/v2\/media\/23175"}],"wp:attachment":[{"href":"https:\/\/paracherkaoui.ma\/index.php\/wp-json\/wp\/v2\/media?parent=23133"}],"wp:term":[{"taxonomy":"product_brand","embeddable":true,"href":"https:\/\/paracherkaoui.ma\/index.php\/wp-json\/wp\/v2\/product_brand?post=23133"},{"taxonomy":"product_cat","embeddable":true,"href":"https:\/\/paracherkaoui.ma\/index.php\/wp-json\/wp\/v2\/product_cat?post=23133"},{"taxonomy":"product_tag","embeddable":true,"href":"https:\/\/paracherkaoui.ma\/index.php\/wp-json\/wp\/v2\/product_tag?post=23133"}],"curies":[{"name":"wp","href":"https:\/\/api.w.org\/{rel}","templated":true}]}}