{"id":23128,"date":"2025-12-12T18:17:48","date_gmt":"2025-12-12T17:17:48","guid":{"rendered":"https:\/\/test.ecbeaute.com\/?post_type=product&#038;p=23128"},"modified":"2025-12-12T18:17:51","modified_gmt":"2025-12-12T17:17:51","slug":"algologie-coffret-elixir-du-rivage-30-ml-creme-du-rivage-50-ml","status":"publish","type":"product","link":"https:\/\/paracherkaoui.ma\/index.php\/produit\/algologie-coffret-elixir-du-rivage-30-ml-creme-du-rivage-50-ml\/","title":{"rendered":"ALGOLOGIE COFFRET ELIXIR DU RIVAGE 30 ML + CREME DU RIVAGE 50 ML"},"content":{"rendered":"<p>Ce soin cibl\u00e9 est sp\u00e9cialement con\u00e7u pour lutter contre le rel\u00e2chement cutan\u00e9, offrant \u00e0 votre peau une apparence plus lisse gr\u00e2ce \u00e0 sa texture \u00ab liftante. \u00bb Les r\u00e9sultats sont remarquables :<br \/>\nLa peau semble \u00eatre \u00ab lift\u00e9e, \u00bb ce qui lui conf\u00e8re une apparence plus ferme.<br \/>\nLes rides semblent estomp\u00e9es, tandis que les traits retrouvent leur souplesse et leur \u00e9lasticit\u00e9. Au fil du temps, votre visage d\u00e9voile un aspect plus jeune.<br \/>\nCe soin pr\u00e9sente une texture nacr\u00e9e qui illumine le teint. De plus, il est formul\u00e9 sans PEG, parab\u00e8nes, huile min\u00e9rale, phtalate, ph\u00e9noxy\u00e9thanol ni silicone.<br \/>\nComposition :<br \/>\nAlgo 4 : Un complexe bio-mim\u00e9tique exclusif dont deux de ses actifs ont \u00e9t\u00e9 surdos\u00e9s : les cellules souches de Chardon Bleu pour une hydratation optimale de l\u2019\u00e9piderme, et les cellules souches de Criste Marine pour stimuler l\u2019ensemble des cellules cutan\u00e9es, en particulier les fibroblastes.<br \/>\nEau de Mer du Gulf Stream : Riche en 96 min\u00e9raux et oligo-\u00e9l\u00e9ments, elle remin\u00e9ralise et r\u00e9\u00e9quilibre la peau avant de la traiter.<br \/>\nAcide Hyaluronique : Obtenue par biotechnologie, cet acide hyaluronique hydrate de mani\u00e8re exceptionnelle et apporte un confort imm\u00e9diat.<br \/>\nChondrus Crispus : Ses puissants agents filmog\u00e8nes cr\u00e9ent un \u00ab maillage \u00bb serr\u00e9 sur les couches superficielles de l\u2019\u00e9piderme, procurant un effet lissant et tenseur imm\u00e9diat.<br \/>\nLavande De Mer &#038; Biolym\u00e8re Marin issu de Laminaria : Ce complexe agit pour r\u00e9duire les rides au niveau de l\u2019\u00e9piderme et du derme en stimulant la synth\u00e8se d\u2019acide hyaluronique, tout en prot\u00e9geant la peau des UVA et UVB.<br \/>\nMicro Algue Bleue : Cet actif agit comme un bouclier anti-radicalaire, luttant contre l\u2019apparition des sunburn cells pour am\u00e9liorer l\u2019homog\u00e9n\u00e9it\u00e9 et la luminosit\u00e9 du teint, ainsi que la texture de la peau.<br \/>\nConseils d&rsquo;utilisation :<br \/>\nAppliquer quelques gouttes le matin et\/ou le soir sur votre visage, votre cou et votre d\u00e9collet\u00e9<\/p>\n","protected":false},"excerpt":{"rendered":"<p>Ce soin cibl\u00e9 est sp\u00e9cialement con\u00e7u pour lutter contre le rel\u00e2chement cutan\u00e9, offrant \u00e0 votre peau une apparence plus lisse<\/p>\n","protected":false},"featured_media":23166,"comment_status":"open","ping_status":"closed","template":"","meta":[],"product_brand":[384],"product_cat":[488],"product_tag":[],"class_list":{"0":"post-23128","1":"product","2":"type-product","3":"status-publish","4":"has-post-thumbnail","6":"product_brand-algologie","7":"product_cat-peaux-matures","9":"first","10":"instock","11":"sale","12":"shipping-taxable","13":"purchasable","14":"product-type-simple"},"yoast_head":"<!-- This site is optimized with the Yoast SEO plugin v26.6 - https:\/\/yoast.com\/wordpress\/plugins\/seo\/ -->\r\n<title>ALGOLOGIE COFFRET ELIXIR DU RIVAGE 30 ML + CREME DU RIVAGE 50 ML - Paracherkaoui.ma<\/title>\r\n<meta name=\"robots\" content=\"index, follow, max-snippet:-1, max-image-preview:large, max-video-preview:-1\" \/>\r\n<link rel=\"canonical\" href=\"https:\/\/paracherkaoui.ma\/index.php\/produit\/algologie-coffret-elixir-du-rivage-30-ml-creme-du-rivage-50-ml\/\" \/>\r\n<meta property=\"og:locale\" content=\"fr_FR\" \/>\r\n<meta property=\"og:type\" content=\"article\" \/>\r\n<meta property=\"og:title\" content=\"ALGOLOGIE COFFRET ELIXIR DU RIVAGE 30 ML + CREME DU RIVAGE 50 ML - Paracherkaoui.ma\" \/>\r\n<meta property=\"og:description\" content=\"Ce soin cibl\u00e9 est sp\u00e9cialement con\u00e7u pour lutter contre le rel\u00e2chement cutan\u00e9, offrant \u00e0 votre peau une apparence plus lisse\" \/>\r\n<meta property=\"og:url\" content=\"https:\/\/paracherkaoui.ma\/index.php\/produit\/algologie-coffret-elixir-du-rivage-30-ml-creme-du-rivage-50-ml\/\" \/>\r\n<meta property=\"og:site_name\" content=\"Paracherkaoui.ma\" \/>\r\n<meta property=\"article:modified_time\" content=\"2025-12-12T17:17:51+00:00\" \/>\r\n<meta property=\"og:image\" content=\"https:\/\/paracherkaoui.ma\/wp-content\/uploads\/2025\/12\/algologie-coffret-elixir-du-rivage-30-ml-creme-du-rivage-50-ml.jpg\" \/>\r\n\t<meta property=\"og:image:width\" content=\"700\" \/>\r\n\t<meta property=\"og:image:height\" content=\"700\" \/>\r\n\t<meta property=\"og:image:type\" content=\"image\/jpeg\" \/>\r\n<meta name=\"twitter:card\" content=\"summary_large_image\" \/>\r\n<meta name=\"twitter:label1\" content=\"Dur\u00e9e de lecture estim\u00e9e\" \/>\n\t<meta name=\"twitter:data1\" content=\"2 minutes\" \/>\r\n<script type=\"application\/ld+json\" class=\"yoast-schema-graph\">{\"@context\":\"https:\/\/schema.org\",\"@graph\":[{\"@type\":\"WebPage\",\"@id\":\"https:\/\/paracherkaoui.ma\/index.php\/produit\/algologie-coffret-elixir-du-rivage-30-ml-creme-du-rivage-50-ml\/\",\"url\":\"https:\/\/paracherkaoui.ma\/index.php\/produit\/algologie-coffret-elixir-du-rivage-30-ml-creme-du-rivage-50-ml\/\",\"name\":\"ALGOLOGIE COFFRET ELIXIR DU RIVAGE 30 ML + CREME DU RIVAGE 50 ML - Paracherkaoui.ma\",\"isPartOf\":{\"@id\":\"https:\/\/paracherkaoui.ma\/#website\"},\"primaryImageOfPage\":{\"@id\":\"https:\/\/paracherkaoui.ma\/index.php\/produit\/algologie-coffret-elixir-du-rivage-30-ml-creme-du-rivage-50-ml\/#primaryimage\"},\"image\":{\"@id\":\"https:\/\/paracherkaoui.ma\/index.php\/produit\/algologie-coffret-elixir-du-rivage-30-ml-creme-du-rivage-50-ml\/#primaryimage\"},\"thumbnailUrl\":\"https:\/\/paracherkaoui.ma\/wp-content\/uploads\/2025\/12\/algologie-coffret-elixir-du-rivage-30-ml-creme-du-rivage-50-ml.jpg\",\"datePublished\":\"2025-12-12T17:17:48+00:00\",\"dateModified\":\"2025-12-12T17:17:51+00:00\",\"breadcrumb\":{\"@id\":\"https:\/\/paracherkaoui.ma\/index.php\/produit\/algologie-coffret-elixir-du-rivage-30-ml-creme-du-rivage-50-ml\/#breadcrumb\"},\"inLanguage\":\"fr-FR\",\"potentialAction\":[{\"@type\":\"ReadAction\",\"target\":[\"https:\/\/paracherkaoui.ma\/index.php\/produit\/algologie-coffret-elixir-du-rivage-30-ml-creme-du-rivage-50-ml\/\"]}]},{\"@type\":\"ImageObject\",\"inLanguage\":\"fr-FR\",\"@id\":\"https:\/\/paracherkaoui.ma\/index.php\/produit\/algologie-coffret-elixir-du-rivage-30-ml-creme-du-rivage-50-ml\/#primaryimage\",\"url\":\"https:\/\/paracherkaoui.ma\/wp-content\/uploads\/2025\/12\/algologie-coffret-elixir-du-rivage-30-ml-creme-du-rivage-50-ml.jpg\",\"contentUrl\":\"https:\/\/paracherkaoui.ma\/wp-content\/uploads\/2025\/12\/algologie-coffret-elixir-du-rivage-30-ml-creme-du-rivage-50-ml.jpg\",\"width\":700,\"height\":700},{\"@type\":\"BreadcrumbList\",\"@id\":\"https:\/\/paracherkaoui.ma\/index.php\/produit\/algologie-coffret-elixir-du-rivage-30-ml-creme-du-rivage-50-ml\/#breadcrumb\",\"itemListElement\":[{\"@type\":\"ListItem\",\"position\":1,\"name\":\"Accueil\",\"item\":\"https:\/\/paracherkaoui.ma\/\"},{\"@type\":\"ListItem\",\"position\":2,\"name\":\"Boutique\",\"item\":\"https:\/\/paracherkaoui.ma\/index.php\/boutique\/\"},{\"@type\":\"ListItem\",\"position\":3,\"name\":\"ALGOLOGIE COFFRET ELIXIR DU RIVAGE 30 ML + CREME DU RIVAGE 50 ML\"}]},{\"@type\":\"WebSite\",\"@id\":\"https:\/\/paracherkaoui.ma\/#website\",\"url\":\"https:\/\/paracherkaoui.ma\/\",\"name\":\"Paracherkaoui.ma\",\"description\":\"Achetez en ligne sur Paracherkaoui.ma\",\"potentialAction\":[{\"@type\":\"SearchAction\",\"target\":{\"@type\":\"EntryPoint\",\"urlTemplate\":\"https:\/\/paracherkaoui.ma\/?s={search_term_string}\"},\"query-input\":{\"@type\":\"PropertyValueSpecification\",\"valueRequired\":true,\"valueName\":\"search_term_string\"}}],\"inLanguage\":\"fr-FR\"}]}<\/script>\r\n<!-- \/ Yoast SEO plugin. -->","yoast_head_json":{"title":"ALGOLOGIE COFFRET ELIXIR DU RIVAGE 30 ML + CREME DU RIVAGE 50 ML - Paracherkaoui.ma","robots":{"index":"index","follow":"follow","max-snippet":"max-snippet:-1","max-image-preview":"max-image-preview:large","max-video-preview":"max-video-preview:-1"},"canonical":"https:\/\/paracherkaoui.ma\/index.php\/produit\/algologie-coffret-elixir-du-rivage-30-ml-creme-du-rivage-50-ml\/","og_locale":"fr_FR","og_type":"article","og_title":"ALGOLOGIE COFFRET ELIXIR DU RIVAGE 30 ML + CREME DU RIVAGE 50 ML - Paracherkaoui.ma","og_description":"Ce soin cibl\u00e9 est sp\u00e9cialement con\u00e7u pour lutter contre le rel\u00e2chement cutan\u00e9, offrant \u00e0 votre peau une apparence plus lisse","og_url":"https:\/\/paracherkaoui.ma\/index.php\/produit\/algologie-coffret-elixir-du-rivage-30-ml-creme-du-rivage-50-ml\/","og_site_name":"Paracherkaoui.ma","article_modified_time":"2025-12-12T17:17:51+00:00","og_image":[{"width":700,"height":700,"url":"https:\/\/paracherkaoui.ma\/wp-content\/uploads\/2025\/12\/algologie-coffret-elixir-du-rivage-30-ml-creme-du-rivage-50-ml.jpg","type":"image\/jpeg"}],"twitter_card":"summary_large_image","twitter_misc":{"Dur\u00e9e de lecture estim\u00e9e":"2 minutes"},"schema":{"@context":"https:\/\/schema.org","@graph":[{"@type":"WebPage","@id":"https:\/\/paracherkaoui.ma\/index.php\/produit\/algologie-coffret-elixir-du-rivage-30-ml-creme-du-rivage-50-ml\/","url":"https:\/\/paracherkaoui.ma\/index.php\/produit\/algologie-coffret-elixir-du-rivage-30-ml-creme-du-rivage-50-ml\/","name":"ALGOLOGIE COFFRET ELIXIR DU RIVAGE 30 ML + CREME DU RIVAGE 50 ML - Paracherkaoui.ma","isPartOf":{"@id":"https:\/\/paracherkaoui.ma\/#website"},"primaryImageOfPage":{"@id":"https:\/\/paracherkaoui.ma\/index.php\/produit\/algologie-coffret-elixir-du-rivage-30-ml-creme-du-rivage-50-ml\/#primaryimage"},"image":{"@id":"https:\/\/paracherkaoui.ma\/index.php\/produit\/algologie-coffret-elixir-du-rivage-30-ml-creme-du-rivage-50-ml\/#primaryimage"},"thumbnailUrl":"https:\/\/paracherkaoui.ma\/wp-content\/uploads\/2025\/12\/algologie-coffret-elixir-du-rivage-30-ml-creme-du-rivage-50-ml.jpg","datePublished":"2025-12-12T17:17:48+00:00","dateModified":"2025-12-12T17:17:51+00:00","breadcrumb":{"@id":"https:\/\/paracherkaoui.ma\/index.php\/produit\/algologie-coffret-elixir-du-rivage-30-ml-creme-du-rivage-50-ml\/#breadcrumb"},"inLanguage":"fr-FR","potentialAction":[{"@type":"ReadAction","target":["https:\/\/paracherkaoui.ma\/index.php\/produit\/algologie-coffret-elixir-du-rivage-30-ml-creme-du-rivage-50-ml\/"]}]},{"@type":"ImageObject","inLanguage":"fr-FR","@id":"https:\/\/paracherkaoui.ma\/index.php\/produit\/algologie-coffret-elixir-du-rivage-30-ml-creme-du-rivage-50-ml\/#primaryimage","url":"https:\/\/paracherkaoui.ma\/wp-content\/uploads\/2025\/12\/algologie-coffret-elixir-du-rivage-30-ml-creme-du-rivage-50-ml.jpg","contentUrl":"https:\/\/paracherkaoui.ma\/wp-content\/uploads\/2025\/12\/algologie-coffret-elixir-du-rivage-30-ml-creme-du-rivage-50-ml.jpg","width":700,"height":700},{"@type":"BreadcrumbList","@id":"https:\/\/paracherkaoui.ma\/index.php\/produit\/algologie-coffret-elixir-du-rivage-30-ml-creme-du-rivage-50-ml\/#breadcrumb","itemListElement":[{"@type":"ListItem","position":1,"name":"Accueil","item":"https:\/\/paracherkaoui.ma\/"},{"@type":"ListItem","position":2,"name":"Boutique","item":"https:\/\/paracherkaoui.ma\/index.php\/boutique\/"},{"@type":"ListItem","position":3,"name":"ALGOLOGIE COFFRET ELIXIR DU RIVAGE 30 ML + CREME DU RIVAGE 50 ML"}]},{"@type":"WebSite","@id":"https:\/\/paracherkaoui.ma\/#website","url":"https:\/\/paracherkaoui.ma\/","name":"Paracherkaoui.ma","description":"Achetez en ligne sur Paracherkaoui.ma","potentialAction":[{"@type":"SearchAction","target":{"@type":"EntryPoint","urlTemplate":"https:\/\/paracherkaoui.ma\/?s={search_term_string}"},"query-input":{"@type":"PropertyValueSpecification","valueRequired":true,"valueName":"search_term_string"}}],"inLanguage":"fr-FR"}]}},"_links":{"self":[{"href":"https:\/\/paracherkaoui.ma\/index.php\/wp-json\/wp\/v2\/product\/23128","targetHints":{"allow":["GET"]}}],"collection":[{"href":"https:\/\/paracherkaoui.ma\/index.php\/wp-json\/wp\/v2\/product"}],"about":[{"href":"https:\/\/paracherkaoui.ma\/index.php\/wp-json\/wp\/v2\/types\/product"}],"replies":[{"embeddable":true,"href":"https:\/\/paracherkaoui.ma\/index.php\/wp-json\/wp\/v2\/comments?post=23128"}],"version-history":[{"count":1,"href":"https:\/\/paracherkaoui.ma\/index.php\/wp-json\/wp\/v2\/product\/23128\/revisions"}],"predecessor-version":[{"id":23167,"href":"https:\/\/paracherkaoui.ma\/index.php\/wp-json\/wp\/v2\/product\/23128\/revisions\/23167"}],"wp:featuredmedia":[{"embeddable":true,"href":"https:\/\/paracherkaoui.ma\/index.php\/wp-json\/wp\/v2\/media\/23166"}],"wp:attachment":[{"href":"https:\/\/paracherkaoui.ma\/index.php\/wp-json\/wp\/v2\/media?parent=23128"}],"wp:term":[{"taxonomy":"product_brand","embeddable":true,"href":"https:\/\/paracherkaoui.ma\/index.php\/wp-json\/wp\/v2\/product_brand?post=23128"},{"taxonomy":"product_cat","embeddable":true,"href":"https:\/\/paracherkaoui.ma\/index.php\/wp-json\/wp\/v2\/product_cat?post=23128"},{"taxonomy":"product_tag","embeddable":true,"href":"https:\/\/paracherkaoui.ma\/index.php\/wp-json\/wp\/v2\/product_tag?post=23128"}],"curies":[{"name":"wp","href":"https:\/\/api.w.org\/{rel}","templated":true}]}}