{"id":23121,"date":"2025-12-12T18:17:48","date_gmt":"2025-12-12T17:17:48","guid":{"rendered":"https:\/\/test.ecbeaute.com\/?post_type=product&#038;p=23121"},"modified":"2025-12-12T18:17:50","modified_gmt":"2025-12-12T17:17:50","slug":"caudalie-resveratrol-lift-creme-tisane-de-nuit-recharge","status":"publish","type":"product","link":"https:\/\/paracherkaoui.ma\/index.php\/produit\/caudalie-resveratrol-lift-creme-tisane-de-nuit-recharge\/","title":{"rendered":"CAUDALIE RESVERATROL LIFT CREME TISANE DE NUIT RECHARGE"},"content":{"rendered":"<p>Caudalie s\u2019engage pour faire rimer beaut\u00e9 et \u00e9co-responsabilit\u00e9. Les capsules permettent de recharger votre pot La Cr\u00e8me Tisane de Nuit en toute simplicit\u00e9. Recharge con\u00e7ue pour \u00eatre utilis\u00e9e avec le pot rechargeable pour une meilleure conservation.<br \/>\nCompatible uniquement avec la nouvelle gamme Resveratrol-Lift.<\/p>\n<p>La Cr\u00e8me Tisane de Nuit lisse les rides pendant la nuit pour des traits repos\u00e9s, une peau plus ferme et un teint plus \u00e9clatant au r\u00e9veil. Au coeur de l\u2019innovation, le Collag\u00e8ne 1 Vegan*, collag\u00e8ne d\u2019origine v\u00e9g\u00e9tale, associ\u00e9 \u00e0 un brevet anti-\u00e2ge exclusif (Resv\u00e9ratrol de vigne, acides hyaluroniques et booster de collag\u00e8ne vegan) pour stimuler les 3 types de collag\u00e8ne.<\/p>\n","protected":false},"excerpt":{"rendered":"<p>Caudalie s\u2019engage pour faire rimer beaut\u00e9 et \u00e9co-responsabilit\u00e9. Les capsules permettent de recharger votre pot La Cr\u00e8me Tisane de Nuit<\/p>\n","protected":false},"featured_media":23152,"comment_status":"open","ping_status":"closed","template":"","meta":[],"product_brand":[358],"product_cat":[488],"product_tag":[],"class_list":{"0":"post-23121","1":"product","2":"type-product","3":"status-publish","4":"has-post-thumbnail","6":"product_brand-caudalie","7":"product_cat-peaux-matures","9":"first","10":"instock","11":"shipping-taxable","12":"purchasable","13":"product-type-simple"},"yoast_head":"<!-- This site is optimized with the Yoast SEO plugin v26.6 - https:\/\/yoast.com\/wordpress\/plugins\/seo\/ -->\r\n<title>CAUDALIE RESVERATROL LIFT CREME TISANE DE NUIT RECHARGE - Paracherkaoui.ma<\/title>\r\n<meta name=\"robots\" content=\"index, follow, max-snippet:-1, max-image-preview:large, max-video-preview:-1\" \/>\r\n<link rel=\"canonical\" href=\"https:\/\/paracherkaoui.ma\/index.php\/produit\/caudalie-resveratrol-lift-creme-tisane-de-nuit-recharge\/\" \/>\r\n<meta property=\"og:locale\" content=\"fr_FR\" \/>\r\n<meta property=\"og:type\" content=\"article\" \/>\r\n<meta property=\"og:title\" content=\"CAUDALIE RESVERATROL LIFT CREME TISANE DE NUIT RECHARGE - Paracherkaoui.ma\" \/>\r\n<meta property=\"og:description\" content=\"Caudalie s\u2019engage pour faire rimer beaut\u00e9 et \u00e9co-responsabilit\u00e9. Les capsules permettent de recharger votre pot La Cr\u00e8me Tisane de Nuit\" \/>\r\n<meta property=\"og:url\" content=\"https:\/\/paracherkaoui.ma\/index.php\/produit\/caudalie-resveratrol-lift-creme-tisane-de-nuit-recharge\/\" \/>\r\n<meta property=\"og:site_name\" content=\"Paracherkaoui.ma\" \/>\r\n<meta property=\"article:modified_time\" content=\"2025-12-12T17:17:50+00:00\" \/>\r\n<meta property=\"og:image\" content=\"https:\/\/paracherkaoui.ma\/wp-content\/uploads\/2025\/12\/caudalie-caudalie-resveratrol-lift-creme-tisane-de-nuit-recharge-peaux-matures.jpg\" \/>\r\n\t<meta property=\"og:image:width\" content=\"700\" \/>\r\n\t<meta property=\"og:image:height\" content=\"700\" \/>\r\n\t<meta property=\"og:image:type\" content=\"image\/jpeg\" \/>\r\n<meta name=\"twitter:card\" content=\"summary_large_image\" \/>\r\n<meta name=\"twitter:label1\" content=\"Dur\u00e9e de lecture estim\u00e9e\" \/>\n\t<meta name=\"twitter:data1\" content=\"1 minute\" \/>\r\n<script type=\"application\/ld+json\" class=\"yoast-schema-graph\">{\"@context\":\"https:\/\/schema.org\",\"@graph\":[{\"@type\":\"WebPage\",\"@id\":\"https:\/\/paracherkaoui.ma\/index.php\/produit\/caudalie-resveratrol-lift-creme-tisane-de-nuit-recharge\/\",\"url\":\"https:\/\/paracherkaoui.ma\/index.php\/produit\/caudalie-resveratrol-lift-creme-tisane-de-nuit-recharge\/\",\"name\":\"CAUDALIE RESVERATROL LIFT CREME TISANE DE NUIT RECHARGE - Paracherkaoui.ma\",\"isPartOf\":{\"@id\":\"https:\/\/paracherkaoui.ma\/#website\"},\"primaryImageOfPage\":{\"@id\":\"https:\/\/paracherkaoui.ma\/index.php\/produit\/caudalie-resveratrol-lift-creme-tisane-de-nuit-recharge\/#primaryimage\"},\"image\":{\"@id\":\"https:\/\/paracherkaoui.ma\/index.php\/produit\/caudalie-resveratrol-lift-creme-tisane-de-nuit-recharge\/#primaryimage\"},\"thumbnailUrl\":\"https:\/\/paracherkaoui.ma\/wp-content\/uploads\/2025\/12\/caudalie-caudalie-resveratrol-lift-creme-tisane-de-nuit-recharge-peaux-matures.jpg\",\"datePublished\":\"2025-12-12T17:17:48+00:00\",\"dateModified\":\"2025-12-12T17:17:50+00:00\",\"breadcrumb\":{\"@id\":\"https:\/\/paracherkaoui.ma\/index.php\/produit\/caudalie-resveratrol-lift-creme-tisane-de-nuit-recharge\/#breadcrumb\"},\"inLanguage\":\"fr-FR\",\"potentialAction\":[{\"@type\":\"ReadAction\",\"target\":[\"https:\/\/paracherkaoui.ma\/index.php\/produit\/caudalie-resveratrol-lift-creme-tisane-de-nuit-recharge\/\"]}]},{\"@type\":\"ImageObject\",\"inLanguage\":\"fr-FR\",\"@id\":\"https:\/\/paracherkaoui.ma\/index.php\/produit\/caudalie-resveratrol-lift-creme-tisane-de-nuit-recharge\/#primaryimage\",\"url\":\"https:\/\/paracherkaoui.ma\/wp-content\/uploads\/2025\/12\/caudalie-caudalie-resveratrol-lift-creme-tisane-de-nuit-recharge-peaux-matures.jpg\",\"contentUrl\":\"https:\/\/paracherkaoui.ma\/wp-content\/uploads\/2025\/12\/caudalie-caudalie-resveratrol-lift-creme-tisane-de-nuit-recharge-peaux-matures.jpg\",\"width\":700,\"height\":700},{\"@type\":\"BreadcrumbList\",\"@id\":\"https:\/\/paracherkaoui.ma\/index.php\/produit\/caudalie-resveratrol-lift-creme-tisane-de-nuit-recharge\/#breadcrumb\",\"itemListElement\":[{\"@type\":\"ListItem\",\"position\":1,\"name\":\"Accueil\",\"item\":\"https:\/\/paracherkaoui.ma\/\"},{\"@type\":\"ListItem\",\"position\":2,\"name\":\"Boutique\",\"item\":\"https:\/\/paracherkaoui.ma\/index.php\/boutique\/\"},{\"@type\":\"ListItem\",\"position\":3,\"name\":\"CAUDALIE RESVERATROL LIFT CREME TISANE DE NUIT RECHARGE\"}]},{\"@type\":\"WebSite\",\"@id\":\"https:\/\/paracherkaoui.ma\/#website\",\"url\":\"https:\/\/paracherkaoui.ma\/\",\"name\":\"Paracherkaoui.ma\",\"description\":\"Achetez en ligne sur Paracherkaoui.ma\",\"potentialAction\":[{\"@type\":\"SearchAction\",\"target\":{\"@type\":\"EntryPoint\",\"urlTemplate\":\"https:\/\/paracherkaoui.ma\/?s={search_term_string}\"},\"query-input\":{\"@type\":\"PropertyValueSpecification\",\"valueRequired\":true,\"valueName\":\"search_term_string\"}}],\"inLanguage\":\"fr-FR\"}]}<\/script>\r\n<!-- \/ Yoast SEO plugin. -->","yoast_head_json":{"title":"CAUDALIE RESVERATROL LIFT CREME TISANE DE NUIT RECHARGE - Paracherkaoui.ma","robots":{"index":"index","follow":"follow","max-snippet":"max-snippet:-1","max-image-preview":"max-image-preview:large","max-video-preview":"max-video-preview:-1"},"canonical":"https:\/\/paracherkaoui.ma\/index.php\/produit\/caudalie-resveratrol-lift-creme-tisane-de-nuit-recharge\/","og_locale":"fr_FR","og_type":"article","og_title":"CAUDALIE RESVERATROL LIFT CREME TISANE DE NUIT RECHARGE - Paracherkaoui.ma","og_description":"Caudalie s\u2019engage pour faire rimer beaut\u00e9 et \u00e9co-responsabilit\u00e9. Les capsules permettent de recharger votre pot La Cr\u00e8me Tisane de Nuit","og_url":"https:\/\/paracherkaoui.ma\/index.php\/produit\/caudalie-resveratrol-lift-creme-tisane-de-nuit-recharge\/","og_site_name":"Paracherkaoui.ma","article_modified_time":"2025-12-12T17:17:50+00:00","og_image":[{"width":700,"height":700,"url":"https:\/\/paracherkaoui.ma\/wp-content\/uploads\/2025\/12\/caudalie-caudalie-resveratrol-lift-creme-tisane-de-nuit-recharge-peaux-matures.jpg","type":"image\/jpeg"}],"twitter_card":"summary_large_image","twitter_misc":{"Dur\u00e9e de lecture estim\u00e9e":"1 minute"},"schema":{"@context":"https:\/\/schema.org","@graph":[{"@type":"WebPage","@id":"https:\/\/paracherkaoui.ma\/index.php\/produit\/caudalie-resveratrol-lift-creme-tisane-de-nuit-recharge\/","url":"https:\/\/paracherkaoui.ma\/index.php\/produit\/caudalie-resveratrol-lift-creme-tisane-de-nuit-recharge\/","name":"CAUDALIE RESVERATROL LIFT CREME TISANE DE NUIT RECHARGE - Paracherkaoui.ma","isPartOf":{"@id":"https:\/\/paracherkaoui.ma\/#website"},"primaryImageOfPage":{"@id":"https:\/\/paracherkaoui.ma\/index.php\/produit\/caudalie-resveratrol-lift-creme-tisane-de-nuit-recharge\/#primaryimage"},"image":{"@id":"https:\/\/paracherkaoui.ma\/index.php\/produit\/caudalie-resveratrol-lift-creme-tisane-de-nuit-recharge\/#primaryimage"},"thumbnailUrl":"https:\/\/paracherkaoui.ma\/wp-content\/uploads\/2025\/12\/caudalie-caudalie-resveratrol-lift-creme-tisane-de-nuit-recharge-peaux-matures.jpg","datePublished":"2025-12-12T17:17:48+00:00","dateModified":"2025-12-12T17:17:50+00:00","breadcrumb":{"@id":"https:\/\/paracherkaoui.ma\/index.php\/produit\/caudalie-resveratrol-lift-creme-tisane-de-nuit-recharge\/#breadcrumb"},"inLanguage":"fr-FR","potentialAction":[{"@type":"ReadAction","target":["https:\/\/paracherkaoui.ma\/index.php\/produit\/caudalie-resveratrol-lift-creme-tisane-de-nuit-recharge\/"]}]},{"@type":"ImageObject","inLanguage":"fr-FR","@id":"https:\/\/paracherkaoui.ma\/index.php\/produit\/caudalie-resveratrol-lift-creme-tisane-de-nuit-recharge\/#primaryimage","url":"https:\/\/paracherkaoui.ma\/wp-content\/uploads\/2025\/12\/caudalie-caudalie-resveratrol-lift-creme-tisane-de-nuit-recharge-peaux-matures.jpg","contentUrl":"https:\/\/paracherkaoui.ma\/wp-content\/uploads\/2025\/12\/caudalie-caudalie-resveratrol-lift-creme-tisane-de-nuit-recharge-peaux-matures.jpg","width":700,"height":700},{"@type":"BreadcrumbList","@id":"https:\/\/paracherkaoui.ma\/index.php\/produit\/caudalie-resveratrol-lift-creme-tisane-de-nuit-recharge\/#breadcrumb","itemListElement":[{"@type":"ListItem","position":1,"name":"Accueil","item":"https:\/\/paracherkaoui.ma\/"},{"@type":"ListItem","position":2,"name":"Boutique","item":"https:\/\/paracherkaoui.ma\/index.php\/boutique\/"},{"@type":"ListItem","position":3,"name":"CAUDALIE RESVERATROL LIFT CREME TISANE DE NUIT RECHARGE"}]},{"@type":"WebSite","@id":"https:\/\/paracherkaoui.ma\/#website","url":"https:\/\/paracherkaoui.ma\/","name":"Paracherkaoui.ma","description":"Achetez en ligne sur Paracherkaoui.ma","potentialAction":[{"@type":"SearchAction","target":{"@type":"EntryPoint","urlTemplate":"https:\/\/paracherkaoui.ma\/?s={search_term_string}"},"query-input":{"@type":"PropertyValueSpecification","valueRequired":true,"valueName":"search_term_string"}}],"inLanguage":"fr-FR"}]}},"_links":{"self":[{"href":"https:\/\/paracherkaoui.ma\/index.php\/wp-json\/wp\/v2\/product\/23121","targetHints":{"allow":["GET"]}}],"collection":[{"href":"https:\/\/paracherkaoui.ma\/index.php\/wp-json\/wp\/v2\/product"}],"about":[{"href":"https:\/\/paracherkaoui.ma\/index.php\/wp-json\/wp\/v2\/types\/product"}],"replies":[{"embeddable":true,"href":"https:\/\/paracherkaoui.ma\/index.php\/wp-json\/wp\/v2\/comments?post=23121"}],"version-history":[{"count":1,"href":"https:\/\/paracherkaoui.ma\/index.php\/wp-json\/wp\/v2\/product\/23121\/revisions"}],"predecessor-version":[{"id":23153,"href":"https:\/\/paracherkaoui.ma\/index.php\/wp-json\/wp\/v2\/product\/23121\/revisions\/23153"}],"wp:featuredmedia":[{"embeddable":true,"href":"https:\/\/paracherkaoui.ma\/index.php\/wp-json\/wp\/v2\/media\/23152"}],"wp:attachment":[{"href":"https:\/\/paracherkaoui.ma\/index.php\/wp-json\/wp\/v2\/media?parent=23121"}],"wp:term":[{"taxonomy":"product_brand","embeddable":true,"href":"https:\/\/paracherkaoui.ma\/index.php\/wp-json\/wp\/v2\/product_brand?post=23121"},{"taxonomy":"product_cat","embeddable":true,"href":"https:\/\/paracherkaoui.ma\/index.php\/wp-json\/wp\/v2\/product_cat?post=23121"},{"taxonomy":"product_tag","embeddable":true,"href":"https:\/\/paracherkaoui.ma\/index.php\/wp-json\/wp\/v2\/product_tag?post=23121"}],"curies":[{"name":"wp","href":"https:\/\/api.w.org\/{rel}","templated":true}]}}