{"id":23120,"date":"2025-12-12T18:17:48","date_gmt":"2025-12-12T17:17:48","guid":{"rendered":"https:\/\/test.ecbeaute.com\/?post_type=product&#038;p=23120"},"modified":"2025-12-12T18:17:50","modified_gmt":"2025-12-12T17:17:50","slug":"novexpert-huile-de-soin-booster-aux-5-omegas-30ml","status":"publish","type":"product","link":"https:\/\/paracherkaoui.ma\/index.php\/produit\/novexpert-huile-de-soin-booster-aux-5-omegas-30ml\/","title":{"rendered":"NOVEXPERT HUILE DE SOIN BOOSTER AUX 5 OMEGAS 30ML"},"content":{"rendered":"<p>DESCRIPTION :<br \/>\nNutrition Intense : tous les b\u00e9n\u00e9fices des om\u00e9gas nourrissants.<br \/>\nAnti-\u00c2ge global: un cocktail d\u2019actifs anti-\u00e2ge vitamines A, C, E &#038; om\u00e9gas<br \/>\nCE QUI EST UNIQUE:<br \/>\nTOUS LES OMEGAS QUI EXISTENT SUR TERRE dans un seul flacon :<br \/>\nOm\u00e9gas 3, 6, 9 et 5, 7<br \/>\nNouvelle texture:<br \/>\nUn s\u00e9rum huileux pour une p\u00e9n\u00e9tration imm\u00e9diate et une peau de velours<br \/>\nDIAGNOSTICS &#038; PRESCRIPTION<br \/>\nAge et types de peaux : \u00e0 partir de 20 ans \u2013 unisexe, pour peaux normales \u00e0 tr\u00e8s s\u00e8ches.<br \/>\nProfils dermatologiques : peau d\u00e9lipid\u00e9e (s\u00e9cheresse g\u00e9n\u00e9tique), peau qui tire (s\u00e9cheresse saisonni\u00e8res = hiver) et peau atopique. Pour les plus de 50 ans, s\u00e9cheresse caus\u00e9e par la m\u00e9nopause.<br \/>\nMode de vie : Les personnes souvent expos\u00e9es au soleil (mer, ski&#8230;), \u00e0 l&rsquo;air conditionn\u00e9, \u00e0 des climats secs ou faisant des voyages intercontinentaux (avion).<br \/>\nACTIFS &#038; INGR\u00c9DIENTS<br \/>\nPour en savoir plus sur les ingr\u00e9dients de cette formule,cliquez sur ce lien afin d&rsquo;acc\u00e9der \u00e0 la liste INCI du produit<br \/>\nLe soin aux5 om\u00e9gas contenant une action anti-\u00e2ge compl\u00e8te:<br \/>\nAction anti-\u00e2ge:<br \/>\nStimule l&rsquo;acide hyaluronique + collag\u00e8ne:<br \/>\n&#8211; Algue brune Anti-radicalaire:<br \/>\n&#8211; Vitamine E<br \/>\n&#8211; Extrait de romarin<br \/>\nAction nutrition: Nourrissante &#038; anti-oxydante &#038; anti-\u00e2ge:<br \/>\n&#8211; Huile de p\u00e9pins de grenade Bio (Vitamine E + Om\u00e9gas 3, 5, 6, 9)<br \/>\n&#8211; Huile d&rsquo;argousier (Vitamine A, C, E + Om\u00e9gas 3, 6, 7, 9)<br \/>\n-Huile de s\u00e9same Bio (Vitamine E + Om\u00e9gas 3, 6, 9)<br \/>\n&#8211; Huile de cam\u00e9line (Vitamine E + Om\u00e9gas 3, 6, 9)<br \/>\n&#8211; Huile d&rsquo;Inca Inchi Bio (Vitamine E + Om\u00e9gas 3, 6, 9)<br \/>\nNourrissante:<br \/>\nHuile de Tournesol (Om\u00e9gas 6, 9)<br \/>\nProtectrice &#038; booster d&rsquo;\u00e9lastine &#038; anti-oxydant: Huile de Marula (Vitamine C + Om\u00e9gas 3, 6, 7, 9)<br \/>\nProtectrice &#038; booster d&rsquo;\u00e9lastine: Cire de jojoba Bio (Om\u00e9gas 7, 9)<br \/>\nAutres actions :<br \/>\nAdoucissante:<br \/>\n&#8211; Bisabolol naturel<br \/>\nCONSEILS D&rsquo;EXPERTS :<br \/>\nAppliquer chaque jour 2 \u00e0 5 gouttes du s\u00e9rum Booster pour nourrir intens\u00e9ment votre peau.<br \/>\nR\u00e9partir ce s\u00e9rum sur le visage, matin et\/ou soir.<br \/>\nCe s\u00e9rum booster peut s\u2019appliquer seul sans autre soin ou avant votre cr\u00e8me.<br \/>\nPour booster votre soin, utilisez le booster aux 5 om\u00e9gas avant :<br \/>\n==> un masque hydratant<br \/>\n==> une cr\u00e8me visage<br \/>\n==> une cr\u00e8me mains<br \/>\n==> un lait corporel anti-vergeture (OK enceinte)<br \/>\n==> un soin apr\u00e8s solaire<\/p>\n","protected":false},"excerpt":{"rendered":"<p>DESCRIPTION : Nutrition Intense : tous les b\u00e9n\u00e9fices des om\u00e9gas nourrissants. Anti-\u00c2ge global: un cocktail d\u2019actifs anti-\u00e2ge vitamines A, C,<\/p>\n","protected":false},"featured_media":23150,"comment_status":"open","ping_status":"closed","template":"","meta":[],"product_brand":[349],"product_cat":[488],"product_tag":[],"class_list":{"0":"post-23120","1":"product","2":"type-product","3":"status-publish","4":"has-post-thumbnail","6":"product_brand-novexpert","7":"product_cat-peaux-matures","9":"first","10":"instock","11":"sale","12":"shipping-taxable","13":"purchasable","14":"product-type-simple"},"yoast_head":"<!-- This site is optimized with the Yoast SEO plugin v26.6 - https:\/\/yoast.com\/wordpress\/plugins\/seo\/ -->\r\n<title>NOVEXPERT HUILE DE SOIN BOOSTER AUX 5 OMEGAS 30ML - Paracherkaoui.ma<\/title>\r\n<meta name=\"robots\" content=\"index, follow, max-snippet:-1, max-image-preview:large, max-video-preview:-1\" \/>\r\n<link rel=\"canonical\" href=\"https:\/\/paracherkaoui.ma\/index.php\/produit\/novexpert-huile-de-soin-booster-aux-5-omegas-30ml\/\" \/>\r\n<meta property=\"og:locale\" content=\"fr_FR\" \/>\r\n<meta property=\"og:type\" content=\"article\" \/>\r\n<meta property=\"og:title\" content=\"NOVEXPERT HUILE DE SOIN BOOSTER AUX 5 OMEGAS 30ML - Paracherkaoui.ma\" \/>\r\n<meta property=\"og:description\" content=\"DESCRIPTION : Nutrition Intense : tous les b\u00e9n\u00e9fices des om\u00e9gas nourrissants. Anti-\u00c2ge global: un cocktail d\u2019actifs anti-\u00e2ge vitamines A, C,\" \/>\r\n<meta property=\"og:url\" content=\"https:\/\/paracherkaoui.ma\/index.php\/produit\/novexpert-huile-de-soin-booster-aux-5-omegas-30ml\/\" \/>\r\n<meta property=\"og:site_name\" content=\"Paracherkaoui.ma\" \/>\r\n<meta property=\"article:modified_time\" content=\"2025-12-12T17:17:50+00:00\" \/>\r\n<meta property=\"og:image\" content=\"https:\/\/paracherkaoui.ma\/wp-content\/uploads\/2025\/12\/novexpert-novexpert-huile-de-soin-booster-aux-5-omegas-30ml-peaux-matures.jpg\" \/>\r\n\t<meta property=\"og:image:width\" content=\"700\" \/>\r\n\t<meta property=\"og:image:height\" content=\"700\" \/>\r\n\t<meta property=\"og:image:type\" content=\"image\/jpeg\" \/>\r\n<meta name=\"twitter:card\" content=\"summary_large_image\" \/>\r\n<meta name=\"twitter:label1\" content=\"Dur\u00e9e de lecture estim\u00e9e\" \/>\n\t<meta name=\"twitter:data1\" content=\"2 minutes\" \/>\r\n<script type=\"application\/ld+json\" class=\"yoast-schema-graph\">{\"@context\":\"https:\/\/schema.org\",\"@graph\":[{\"@type\":\"WebPage\",\"@id\":\"https:\/\/paracherkaoui.ma\/index.php\/produit\/novexpert-huile-de-soin-booster-aux-5-omegas-30ml\/\",\"url\":\"https:\/\/paracherkaoui.ma\/index.php\/produit\/novexpert-huile-de-soin-booster-aux-5-omegas-30ml\/\",\"name\":\"NOVEXPERT HUILE DE SOIN BOOSTER AUX 5 OMEGAS 30ML - Paracherkaoui.ma\",\"isPartOf\":{\"@id\":\"https:\/\/paracherkaoui.ma\/#website\"},\"primaryImageOfPage\":{\"@id\":\"https:\/\/paracherkaoui.ma\/index.php\/produit\/novexpert-huile-de-soin-booster-aux-5-omegas-30ml\/#primaryimage\"},\"image\":{\"@id\":\"https:\/\/paracherkaoui.ma\/index.php\/produit\/novexpert-huile-de-soin-booster-aux-5-omegas-30ml\/#primaryimage\"},\"thumbnailUrl\":\"https:\/\/paracherkaoui.ma\/wp-content\/uploads\/2025\/12\/novexpert-novexpert-huile-de-soin-booster-aux-5-omegas-30ml-peaux-matures.jpg\",\"datePublished\":\"2025-12-12T17:17:48+00:00\",\"dateModified\":\"2025-12-12T17:17:50+00:00\",\"breadcrumb\":{\"@id\":\"https:\/\/paracherkaoui.ma\/index.php\/produit\/novexpert-huile-de-soin-booster-aux-5-omegas-30ml\/#breadcrumb\"},\"inLanguage\":\"fr-FR\",\"potentialAction\":[{\"@type\":\"ReadAction\",\"target\":[\"https:\/\/paracherkaoui.ma\/index.php\/produit\/novexpert-huile-de-soin-booster-aux-5-omegas-30ml\/\"]}]},{\"@type\":\"ImageObject\",\"inLanguage\":\"fr-FR\",\"@id\":\"https:\/\/paracherkaoui.ma\/index.php\/produit\/novexpert-huile-de-soin-booster-aux-5-omegas-30ml\/#primaryimage\",\"url\":\"https:\/\/paracherkaoui.ma\/wp-content\/uploads\/2025\/12\/novexpert-novexpert-huile-de-soin-booster-aux-5-omegas-30ml-peaux-matures.jpg\",\"contentUrl\":\"https:\/\/paracherkaoui.ma\/wp-content\/uploads\/2025\/12\/novexpert-novexpert-huile-de-soin-booster-aux-5-omegas-30ml-peaux-matures.jpg\",\"width\":700,\"height\":700},{\"@type\":\"BreadcrumbList\",\"@id\":\"https:\/\/paracherkaoui.ma\/index.php\/produit\/novexpert-huile-de-soin-booster-aux-5-omegas-30ml\/#breadcrumb\",\"itemListElement\":[{\"@type\":\"ListItem\",\"position\":1,\"name\":\"Accueil\",\"item\":\"https:\/\/paracherkaoui.ma\/\"},{\"@type\":\"ListItem\",\"position\":2,\"name\":\"Boutique\",\"item\":\"https:\/\/paracherkaoui.ma\/index.php\/boutique\/\"},{\"@type\":\"ListItem\",\"position\":3,\"name\":\"NOVEXPERT HUILE DE SOIN BOOSTER AUX 5 OMEGAS 30ML\"}]},{\"@type\":\"WebSite\",\"@id\":\"https:\/\/paracherkaoui.ma\/#website\",\"url\":\"https:\/\/paracherkaoui.ma\/\",\"name\":\"Paracherkaoui.ma\",\"description\":\"Achetez en ligne sur Paracherkaoui.ma\",\"potentialAction\":[{\"@type\":\"SearchAction\",\"target\":{\"@type\":\"EntryPoint\",\"urlTemplate\":\"https:\/\/paracherkaoui.ma\/?s={search_term_string}\"},\"query-input\":{\"@type\":\"PropertyValueSpecification\",\"valueRequired\":true,\"valueName\":\"search_term_string\"}}],\"inLanguage\":\"fr-FR\"}]}<\/script>\r\n<!-- \/ Yoast SEO plugin. -->","yoast_head_json":{"title":"NOVEXPERT HUILE DE SOIN BOOSTER AUX 5 OMEGAS 30ML - Paracherkaoui.ma","robots":{"index":"index","follow":"follow","max-snippet":"max-snippet:-1","max-image-preview":"max-image-preview:large","max-video-preview":"max-video-preview:-1"},"canonical":"https:\/\/paracherkaoui.ma\/index.php\/produit\/novexpert-huile-de-soin-booster-aux-5-omegas-30ml\/","og_locale":"fr_FR","og_type":"article","og_title":"NOVEXPERT HUILE DE SOIN BOOSTER AUX 5 OMEGAS 30ML - Paracherkaoui.ma","og_description":"DESCRIPTION : Nutrition Intense : tous les b\u00e9n\u00e9fices des om\u00e9gas nourrissants. Anti-\u00c2ge global: un cocktail d\u2019actifs anti-\u00e2ge vitamines A, C,","og_url":"https:\/\/paracherkaoui.ma\/index.php\/produit\/novexpert-huile-de-soin-booster-aux-5-omegas-30ml\/","og_site_name":"Paracherkaoui.ma","article_modified_time":"2025-12-12T17:17:50+00:00","og_image":[{"width":700,"height":700,"url":"https:\/\/paracherkaoui.ma\/wp-content\/uploads\/2025\/12\/novexpert-novexpert-huile-de-soin-booster-aux-5-omegas-30ml-peaux-matures.jpg","type":"image\/jpeg"}],"twitter_card":"summary_large_image","twitter_misc":{"Dur\u00e9e de lecture estim\u00e9e":"2 minutes"},"schema":{"@context":"https:\/\/schema.org","@graph":[{"@type":"WebPage","@id":"https:\/\/paracherkaoui.ma\/index.php\/produit\/novexpert-huile-de-soin-booster-aux-5-omegas-30ml\/","url":"https:\/\/paracherkaoui.ma\/index.php\/produit\/novexpert-huile-de-soin-booster-aux-5-omegas-30ml\/","name":"NOVEXPERT HUILE DE SOIN BOOSTER AUX 5 OMEGAS 30ML - Paracherkaoui.ma","isPartOf":{"@id":"https:\/\/paracherkaoui.ma\/#website"},"primaryImageOfPage":{"@id":"https:\/\/paracherkaoui.ma\/index.php\/produit\/novexpert-huile-de-soin-booster-aux-5-omegas-30ml\/#primaryimage"},"image":{"@id":"https:\/\/paracherkaoui.ma\/index.php\/produit\/novexpert-huile-de-soin-booster-aux-5-omegas-30ml\/#primaryimage"},"thumbnailUrl":"https:\/\/paracherkaoui.ma\/wp-content\/uploads\/2025\/12\/novexpert-novexpert-huile-de-soin-booster-aux-5-omegas-30ml-peaux-matures.jpg","datePublished":"2025-12-12T17:17:48+00:00","dateModified":"2025-12-12T17:17:50+00:00","breadcrumb":{"@id":"https:\/\/paracherkaoui.ma\/index.php\/produit\/novexpert-huile-de-soin-booster-aux-5-omegas-30ml\/#breadcrumb"},"inLanguage":"fr-FR","potentialAction":[{"@type":"ReadAction","target":["https:\/\/paracherkaoui.ma\/index.php\/produit\/novexpert-huile-de-soin-booster-aux-5-omegas-30ml\/"]}]},{"@type":"ImageObject","inLanguage":"fr-FR","@id":"https:\/\/paracherkaoui.ma\/index.php\/produit\/novexpert-huile-de-soin-booster-aux-5-omegas-30ml\/#primaryimage","url":"https:\/\/paracherkaoui.ma\/wp-content\/uploads\/2025\/12\/novexpert-novexpert-huile-de-soin-booster-aux-5-omegas-30ml-peaux-matures.jpg","contentUrl":"https:\/\/paracherkaoui.ma\/wp-content\/uploads\/2025\/12\/novexpert-novexpert-huile-de-soin-booster-aux-5-omegas-30ml-peaux-matures.jpg","width":700,"height":700},{"@type":"BreadcrumbList","@id":"https:\/\/paracherkaoui.ma\/index.php\/produit\/novexpert-huile-de-soin-booster-aux-5-omegas-30ml\/#breadcrumb","itemListElement":[{"@type":"ListItem","position":1,"name":"Accueil","item":"https:\/\/paracherkaoui.ma\/"},{"@type":"ListItem","position":2,"name":"Boutique","item":"https:\/\/paracherkaoui.ma\/index.php\/boutique\/"},{"@type":"ListItem","position":3,"name":"NOVEXPERT HUILE DE SOIN BOOSTER AUX 5 OMEGAS 30ML"}]},{"@type":"WebSite","@id":"https:\/\/paracherkaoui.ma\/#website","url":"https:\/\/paracherkaoui.ma\/","name":"Paracherkaoui.ma","description":"Achetez en ligne sur Paracherkaoui.ma","potentialAction":[{"@type":"SearchAction","target":{"@type":"EntryPoint","urlTemplate":"https:\/\/paracherkaoui.ma\/?s={search_term_string}"},"query-input":{"@type":"PropertyValueSpecification","valueRequired":true,"valueName":"search_term_string"}}],"inLanguage":"fr-FR"}]}},"_links":{"self":[{"href":"https:\/\/paracherkaoui.ma\/index.php\/wp-json\/wp\/v2\/product\/23120","targetHints":{"allow":["GET"]}}],"collection":[{"href":"https:\/\/paracherkaoui.ma\/index.php\/wp-json\/wp\/v2\/product"}],"about":[{"href":"https:\/\/paracherkaoui.ma\/index.php\/wp-json\/wp\/v2\/types\/product"}],"replies":[{"embeddable":true,"href":"https:\/\/paracherkaoui.ma\/index.php\/wp-json\/wp\/v2\/comments?post=23120"}],"version-history":[{"count":1,"href":"https:\/\/paracherkaoui.ma\/index.php\/wp-json\/wp\/v2\/product\/23120\/revisions"}],"predecessor-version":[{"id":23151,"href":"https:\/\/paracherkaoui.ma\/index.php\/wp-json\/wp\/v2\/product\/23120\/revisions\/23151"}],"wp:featuredmedia":[{"embeddable":true,"href":"https:\/\/paracherkaoui.ma\/index.php\/wp-json\/wp\/v2\/media\/23150"}],"wp:attachment":[{"href":"https:\/\/paracherkaoui.ma\/index.php\/wp-json\/wp\/v2\/media?parent=23120"}],"wp:term":[{"taxonomy":"product_brand","embeddable":true,"href":"https:\/\/paracherkaoui.ma\/index.php\/wp-json\/wp\/v2\/product_brand?post=23120"},{"taxonomy":"product_cat","embeddable":true,"href":"https:\/\/paracherkaoui.ma\/index.php\/wp-json\/wp\/v2\/product_cat?post=23120"},{"taxonomy":"product_tag","embeddable":true,"href":"https:\/\/paracherkaoui.ma\/index.php\/wp-json\/wp\/v2\/product_tag?post=23120"}],"curies":[{"name":"wp","href":"https:\/\/api.w.org\/{rel}","templated":true}]}}