{"id":23057,"date":"2025-12-12T18:17:43","date_gmt":"2025-12-12T17:17:43","guid":{"rendered":"https:\/\/test.ecbeaute.com\/?post_type=product&#038;p=23057"},"modified":"2025-12-12T18:17:46","modified_gmt":"2025-12-12T17:17:46","slug":"isispharma-geneskin-lift-serum-liftant-28-ml","status":"publish","type":"product","link":"https:\/\/paracherkaoui.ma\/index.php\/produit\/isispharma-geneskin-lift-serum-liftant-28-ml\/","title":{"rendered":"ISISPHARMA GENESKIN LIFT SERUM LIFTANT 28 ML"},"content":{"rendered":"<p>INDICATIONS &#038; PROPRI\u00c9T\u00c9S<br \/>\nGr\u00e2ce \u00e0 sa formule concentr\u00e9e en acide hyaluronique (\u00e0 haut et bas poids mol\u00e9culaires),GENESKIN\u00ae Lift \u2013 S\u00e9rum liftant, optimise l\u2019hydratation pour une peau liss\u00e9e et renforce le maintient cutan\u00e9 en stimulant la synth\u00e8se de collag\u00e8ne*. Les rides sont att\u00e9nu\u00e9es et la peau repulp\u00e9e.<br \/>\n*Efficacit\u00e9 cliniquement prouv\u00e9e : augmente la synth\u00e8se naturelle de collag\u00e8ne et d\u2019acide hyaluronique d\u00e8s 48h d\u2019utilisation.<br \/>\nPROPRI\u00c9T\u00c9S DES INGR\u00c9DIENTS PRINCIPAUX<br \/>\n[COMPLEXE\u00a0DN-Act]\u00a0: une association d\u2019actifs brevet\u00e9e offrant une triple efficacit\u00e9 pour agir \u00e0 l\u2019origine du vieillissement cutan\u00e9.<br \/>\nACIDES HYALURONIQUES\u00a0(haut et bas poids mol\u00e9culaires) \/\u00a0PR\u00c9CURSEUR D\u2019ACIDE HYALURONIQUE\u00a0\/\u00a0POUDRE MIN\u00c9RALE\u00a0: agents raffermissants, remodelants, hydratants et combleur de rides<br \/>\nUTILISATION<br \/>\nAppliquer trois gouttes de\u00a0GENESKIN\u00ae Lift \u2013 S\u00e9rum liftant\u00a0matin et soir sur le visage et le cou avant la cr\u00e8me de soin.<br \/>\nTEST\u00c9 SOUS CONTR\u00d4LE DERMATOLOGIQUE<\/p>\n","protected":false},"excerpt":{"rendered":"<p>INDICATIONS &#038; PROPRI\u00c9T\u00c9S Gr\u00e2ce \u00e0 sa formule concentr\u00e9e en acide hyaluronique (\u00e0 haut et bas poids mol\u00e9culaires),GENESKIN\u00ae Lift \u2013 S\u00e9rum<\/p>\n","protected":false},"featured_media":23098,"comment_status":"open","ping_status":"closed","template":"","meta":[],"product_brand":[321],"product_cat":[488],"product_tag":[],"class_list":{"0":"post-23057","1":"product","2":"type-product","3":"status-publish","4":"has-post-thumbnail","6":"product_brand-isispharma","7":"product_cat-peaux-matures","9":"first","10":"instock","11":"sale","12":"shipping-taxable","13":"purchasable","14":"product-type-simple"},"yoast_head":"<!-- This site is optimized with the Yoast SEO plugin v26.6 - https:\/\/yoast.com\/wordpress\/plugins\/seo\/ -->\r\n<title>ISISPHARMA GENESKIN LIFT SERUM LIFTANT 28 ML - Paracherkaoui.ma<\/title>\r\n<meta name=\"robots\" content=\"index, follow, max-snippet:-1, max-image-preview:large, max-video-preview:-1\" \/>\r\n<link rel=\"canonical\" href=\"https:\/\/paracherkaoui.ma\/index.php\/produit\/isispharma-geneskin-lift-serum-liftant-28-ml\/\" \/>\r\n<meta property=\"og:locale\" content=\"fr_FR\" \/>\r\n<meta property=\"og:type\" content=\"article\" \/>\r\n<meta property=\"og:title\" content=\"ISISPHARMA GENESKIN LIFT SERUM LIFTANT 28 ML - Paracherkaoui.ma\" \/>\r\n<meta property=\"og:description\" content=\"INDICATIONS &#038; PROPRI\u00c9T\u00c9S Gr\u00e2ce \u00e0 sa formule concentr\u00e9e en acide hyaluronique (\u00e0 haut et bas poids mol\u00e9culaires),GENESKIN\u00ae Lift \u2013 S\u00e9rum\" \/>\r\n<meta property=\"og:url\" content=\"https:\/\/paracherkaoui.ma\/index.php\/produit\/isispharma-geneskin-lift-serum-liftant-28-ml\/\" \/>\r\n<meta property=\"og:site_name\" content=\"Paracherkaoui.ma\" \/>\r\n<meta property=\"article:modified_time\" content=\"2025-12-12T17:17:46+00:00\" \/>\r\n<meta property=\"og:image\" content=\"https:\/\/paracherkaoui.ma\/wp-content\/uploads\/2025\/12\/isispharma-geneskin-lift-serum-liftant-28-ml.jpg\" \/>\r\n\t<meta property=\"og:image:width\" content=\"700\" \/>\r\n\t<meta property=\"og:image:height\" content=\"700\" \/>\r\n\t<meta property=\"og:image:type\" content=\"image\/jpeg\" \/>\r\n<meta name=\"twitter:card\" content=\"summary_large_image\" \/>\r\n<meta name=\"twitter:label1\" content=\"Dur\u00e9e de lecture estim\u00e9e\" \/>\n\t<meta name=\"twitter:data1\" content=\"1 minute\" \/>\r\n<script type=\"application\/ld+json\" class=\"yoast-schema-graph\">{\"@context\":\"https:\/\/schema.org\",\"@graph\":[{\"@type\":\"WebPage\",\"@id\":\"https:\/\/paracherkaoui.ma\/index.php\/produit\/isispharma-geneskin-lift-serum-liftant-28-ml\/\",\"url\":\"https:\/\/paracherkaoui.ma\/index.php\/produit\/isispharma-geneskin-lift-serum-liftant-28-ml\/\",\"name\":\"ISISPHARMA GENESKIN LIFT SERUM LIFTANT 28 ML - Paracherkaoui.ma\",\"isPartOf\":{\"@id\":\"https:\/\/paracherkaoui.ma\/#website\"},\"primaryImageOfPage\":{\"@id\":\"https:\/\/paracherkaoui.ma\/index.php\/produit\/isispharma-geneskin-lift-serum-liftant-28-ml\/#primaryimage\"},\"image\":{\"@id\":\"https:\/\/paracherkaoui.ma\/index.php\/produit\/isispharma-geneskin-lift-serum-liftant-28-ml\/#primaryimage\"},\"thumbnailUrl\":\"https:\/\/paracherkaoui.ma\/wp-content\/uploads\/2025\/12\/isispharma-geneskin-lift-serum-liftant-28-ml.jpg\",\"datePublished\":\"2025-12-12T17:17:43+00:00\",\"dateModified\":\"2025-12-12T17:17:46+00:00\",\"breadcrumb\":{\"@id\":\"https:\/\/paracherkaoui.ma\/index.php\/produit\/isispharma-geneskin-lift-serum-liftant-28-ml\/#breadcrumb\"},\"inLanguage\":\"fr-FR\",\"potentialAction\":[{\"@type\":\"ReadAction\",\"target\":[\"https:\/\/paracherkaoui.ma\/index.php\/produit\/isispharma-geneskin-lift-serum-liftant-28-ml\/\"]}]},{\"@type\":\"ImageObject\",\"inLanguage\":\"fr-FR\",\"@id\":\"https:\/\/paracherkaoui.ma\/index.php\/produit\/isispharma-geneskin-lift-serum-liftant-28-ml\/#primaryimage\",\"url\":\"https:\/\/paracherkaoui.ma\/wp-content\/uploads\/2025\/12\/isispharma-geneskin-lift-serum-liftant-28-ml.jpg\",\"contentUrl\":\"https:\/\/paracherkaoui.ma\/wp-content\/uploads\/2025\/12\/isispharma-geneskin-lift-serum-liftant-28-ml.jpg\",\"width\":700,\"height\":700},{\"@type\":\"BreadcrumbList\",\"@id\":\"https:\/\/paracherkaoui.ma\/index.php\/produit\/isispharma-geneskin-lift-serum-liftant-28-ml\/#breadcrumb\",\"itemListElement\":[{\"@type\":\"ListItem\",\"position\":1,\"name\":\"Accueil\",\"item\":\"https:\/\/paracherkaoui.ma\/\"},{\"@type\":\"ListItem\",\"position\":2,\"name\":\"Boutique\",\"item\":\"https:\/\/paracherkaoui.ma\/index.php\/boutique\/\"},{\"@type\":\"ListItem\",\"position\":3,\"name\":\"ISISPHARMA GENESKIN LIFT SERUM LIFTANT 28 ML\"}]},{\"@type\":\"WebSite\",\"@id\":\"https:\/\/paracherkaoui.ma\/#website\",\"url\":\"https:\/\/paracherkaoui.ma\/\",\"name\":\"Paracherkaoui.ma\",\"description\":\"Achetez en ligne sur Paracherkaoui.ma\",\"potentialAction\":[{\"@type\":\"SearchAction\",\"target\":{\"@type\":\"EntryPoint\",\"urlTemplate\":\"https:\/\/paracherkaoui.ma\/?s={search_term_string}\"},\"query-input\":{\"@type\":\"PropertyValueSpecification\",\"valueRequired\":true,\"valueName\":\"search_term_string\"}}],\"inLanguage\":\"fr-FR\"}]}<\/script>\r\n<!-- \/ Yoast SEO plugin. -->","yoast_head_json":{"title":"ISISPHARMA GENESKIN LIFT SERUM LIFTANT 28 ML - Paracherkaoui.ma","robots":{"index":"index","follow":"follow","max-snippet":"max-snippet:-1","max-image-preview":"max-image-preview:large","max-video-preview":"max-video-preview:-1"},"canonical":"https:\/\/paracherkaoui.ma\/index.php\/produit\/isispharma-geneskin-lift-serum-liftant-28-ml\/","og_locale":"fr_FR","og_type":"article","og_title":"ISISPHARMA GENESKIN LIFT SERUM LIFTANT 28 ML - Paracherkaoui.ma","og_description":"INDICATIONS &#038; PROPRI\u00c9T\u00c9S Gr\u00e2ce \u00e0 sa formule concentr\u00e9e en acide hyaluronique (\u00e0 haut et bas poids mol\u00e9culaires),GENESKIN\u00ae Lift \u2013 S\u00e9rum","og_url":"https:\/\/paracherkaoui.ma\/index.php\/produit\/isispharma-geneskin-lift-serum-liftant-28-ml\/","og_site_name":"Paracherkaoui.ma","article_modified_time":"2025-12-12T17:17:46+00:00","og_image":[{"width":700,"height":700,"url":"https:\/\/paracherkaoui.ma\/wp-content\/uploads\/2025\/12\/isispharma-geneskin-lift-serum-liftant-28-ml.jpg","type":"image\/jpeg"}],"twitter_card":"summary_large_image","twitter_misc":{"Dur\u00e9e de lecture estim\u00e9e":"1 minute"},"schema":{"@context":"https:\/\/schema.org","@graph":[{"@type":"WebPage","@id":"https:\/\/paracherkaoui.ma\/index.php\/produit\/isispharma-geneskin-lift-serum-liftant-28-ml\/","url":"https:\/\/paracherkaoui.ma\/index.php\/produit\/isispharma-geneskin-lift-serum-liftant-28-ml\/","name":"ISISPHARMA GENESKIN LIFT SERUM LIFTANT 28 ML - Paracherkaoui.ma","isPartOf":{"@id":"https:\/\/paracherkaoui.ma\/#website"},"primaryImageOfPage":{"@id":"https:\/\/paracherkaoui.ma\/index.php\/produit\/isispharma-geneskin-lift-serum-liftant-28-ml\/#primaryimage"},"image":{"@id":"https:\/\/paracherkaoui.ma\/index.php\/produit\/isispharma-geneskin-lift-serum-liftant-28-ml\/#primaryimage"},"thumbnailUrl":"https:\/\/paracherkaoui.ma\/wp-content\/uploads\/2025\/12\/isispharma-geneskin-lift-serum-liftant-28-ml.jpg","datePublished":"2025-12-12T17:17:43+00:00","dateModified":"2025-12-12T17:17:46+00:00","breadcrumb":{"@id":"https:\/\/paracherkaoui.ma\/index.php\/produit\/isispharma-geneskin-lift-serum-liftant-28-ml\/#breadcrumb"},"inLanguage":"fr-FR","potentialAction":[{"@type":"ReadAction","target":["https:\/\/paracherkaoui.ma\/index.php\/produit\/isispharma-geneskin-lift-serum-liftant-28-ml\/"]}]},{"@type":"ImageObject","inLanguage":"fr-FR","@id":"https:\/\/paracherkaoui.ma\/index.php\/produit\/isispharma-geneskin-lift-serum-liftant-28-ml\/#primaryimage","url":"https:\/\/paracherkaoui.ma\/wp-content\/uploads\/2025\/12\/isispharma-geneskin-lift-serum-liftant-28-ml.jpg","contentUrl":"https:\/\/paracherkaoui.ma\/wp-content\/uploads\/2025\/12\/isispharma-geneskin-lift-serum-liftant-28-ml.jpg","width":700,"height":700},{"@type":"BreadcrumbList","@id":"https:\/\/paracherkaoui.ma\/index.php\/produit\/isispharma-geneskin-lift-serum-liftant-28-ml\/#breadcrumb","itemListElement":[{"@type":"ListItem","position":1,"name":"Accueil","item":"https:\/\/paracherkaoui.ma\/"},{"@type":"ListItem","position":2,"name":"Boutique","item":"https:\/\/paracherkaoui.ma\/index.php\/boutique\/"},{"@type":"ListItem","position":3,"name":"ISISPHARMA GENESKIN LIFT SERUM LIFTANT 28 ML"}]},{"@type":"WebSite","@id":"https:\/\/paracherkaoui.ma\/#website","url":"https:\/\/paracherkaoui.ma\/","name":"Paracherkaoui.ma","description":"Achetez en ligne sur Paracherkaoui.ma","potentialAction":[{"@type":"SearchAction","target":{"@type":"EntryPoint","urlTemplate":"https:\/\/paracherkaoui.ma\/?s={search_term_string}"},"query-input":{"@type":"PropertyValueSpecification","valueRequired":true,"valueName":"search_term_string"}}],"inLanguage":"fr-FR"}]}},"_links":{"self":[{"href":"https:\/\/paracherkaoui.ma\/index.php\/wp-json\/wp\/v2\/product\/23057","targetHints":{"allow":["GET"]}}],"collection":[{"href":"https:\/\/paracherkaoui.ma\/index.php\/wp-json\/wp\/v2\/product"}],"about":[{"href":"https:\/\/paracherkaoui.ma\/index.php\/wp-json\/wp\/v2\/types\/product"}],"replies":[{"embeddable":true,"href":"https:\/\/paracherkaoui.ma\/index.php\/wp-json\/wp\/v2\/comments?post=23057"}],"version-history":[{"count":1,"href":"https:\/\/paracherkaoui.ma\/index.php\/wp-json\/wp\/v2\/product\/23057\/revisions"}],"predecessor-version":[{"id":23099,"href":"https:\/\/paracherkaoui.ma\/index.php\/wp-json\/wp\/v2\/product\/23057\/revisions\/23099"}],"wp:featuredmedia":[{"embeddable":true,"href":"https:\/\/paracherkaoui.ma\/index.php\/wp-json\/wp\/v2\/media\/23098"}],"wp:attachment":[{"href":"https:\/\/paracherkaoui.ma\/index.php\/wp-json\/wp\/v2\/media?parent=23057"}],"wp:term":[{"taxonomy":"product_brand","embeddable":true,"href":"https:\/\/paracherkaoui.ma\/index.php\/wp-json\/wp\/v2\/product_brand?post=23057"},{"taxonomy":"product_cat","embeddable":true,"href":"https:\/\/paracherkaoui.ma\/index.php\/wp-json\/wp\/v2\/product_cat?post=23057"},{"taxonomy":"product_tag","embeddable":true,"href":"https:\/\/paracherkaoui.ma\/index.php\/wp-json\/wp\/v2\/product_tag?post=23057"}],"curies":[{"name":"wp","href":"https:\/\/api.w.org\/{rel}","templated":true}]}}