{"id":23040,"date":"2025-12-12T18:17:42","date_gmt":"2025-12-12T17:17:42","guid":{"rendered":"https:\/\/test.ecbeaute.com\/?post_type=product&#038;p=23040"},"modified":"2025-12-12T18:17:44","modified_gmt":"2025-12-12T17:17:44","slug":"lierac-lift-integral-le-serum-tenseur-30-ml","status":"publish","type":"product","link":"https:\/\/paracherkaoui.ma\/index.php\/produit\/lierac-lift-integral-le-serum-tenseur-30-ml\/","title":{"rendered":"LIERAC LIFT INTEGRAL LE SERUM TENSEUR 30 ML"},"content":{"rendered":"<p>Le Serum Lift Integral renforce la structure de la peau en agissant sur ses \u00e9l\u00e9ments essentiels (collag\u00e8ne, \u00e9lastine, acide hyaluronique), mais aussi sur les glycoprot\u00e9ines qui les connectent. Il est enrichi en biopolym\u00e8res ultra-tenseurs pour un effet gainant imm\u00e9diat. La peau retrouve fermet\u00e9, \u00e9lasticit\u00e9 et rebond, pour un effet lift int\u00e9gral.<\/p>\n<p>La texture lact\u00e9e du S\u00e9rum Tenseur enveloppe la peau pour un v\u00e9ritable fini velours.<\/p>\n<p>Formul\u00e9e pour convenir \u00e0 tous les types de peaux, m\u00eame sensibles<br \/>\nConseils d&rsquo;utilisation:<br \/>\nAppliquer matin et soir sur le visage et le cou avant la cr\u00e8me.<\/p>\n","protected":false},"excerpt":{"rendered":"<p>Le Serum Lift Integral renforce la structure de la peau en agissant sur ses \u00e9l\u00e9ments essentiels (collag\u00e8ne, \u00e9lastine, acide hyaluronique),<\/p>\n","protected":false},"featured_media":23070,"comment_status":"open","ping_status":"closed","template":"","meta":[],"product_brand":[371],"product_cat":[488],"product_tag":[],"class_list":{"0":"post-23040","1":"product","2":"type-product","3":"status-publish","4":"has-post-thumbnail","6":"product_brand-lierac","7":"product_cat-peaux-matures","9":"first","10":"instock","11":"shipping-taxable","12":"purchasable","13":"product-type-simple"},"yoast_head":"<!-- This site is optimized with the Yoast SEO plugin v26.6 - https:\/\/yoast.com\/wordpress\/plugins\/seo\/ -->\r\n<title>LIERAC LIFT INTEGRAL LE SERUM TENSEUR 30 ML - Paracherkaoui.ma<\/title>\r\n<meta name=\"robots\" content=\"index, follow, max-snippet:-1, max-image-preview:large, max-video-preview:-1\" \/>\r\n<link rel=\"canonical\" href=\"https:\/\/paracherkaoui.ma\/index.php\/produit\/lierac-lift-integral-le-serum-tenseur-30-ml\/\" \/>\r\n<meta property=\"og:locale\" content=\"fr_FR\" \/>\r\n<meta property=\"og:type\" content=\"article\" \/>\r\n<meta property=\"og:title\" content=\"LIERAC LIFT INTEGRAL LE SERUM TENSEUR 30 ML - Paracherkaoui.ma\" \/>\r\n<meta property=\"og:description\" content=\"Le Serum Lift Integral renforce la structure de la peau en agissant sur ses \u00e9l\u00e9ments essentiels (collag\u00e8ne, \u00e9lastine, acide hyaluronique),\" \/>\r\n<meta property=\"og:url\" content=\"https:\/\/paracherkaoui.ma\/index.php\/produit\/lierac-lift-integral-le-serum-tenseur-30-ml\/\" \/>\r\n<meta property=\"og:site_name\" content=\"Paracherkaoui.ma\" \/>\r\n<meta property=\"article:modified_time\" content=\"2025-12-12T17:17:44+00:00\" \/>\r\n<meta property=\"og:image\" content=\"https:\/\/paracherkaoui.ma\/wp-content\/uploads\/2025\/12\/lierac-lierac-lift-integral-le-serum-tenseur-30-ml-premieres-rides.jpg\" \/>\r\n\t<meta property=\"og:image:width\" content=\"700\" \/>\r\n\t<meta property=\"og:image:height\" content=\"700\" \/>\r\n\t<meta property=\"og:image:type\" content=\"image\/jpeg\" \/>\r\n<meta name=\"twitter:card\" content=\"summary_large_image\" \/>\r\n<meta name=\"twitter:label1\" content=\"Dur\u00e9e de lecture estim\u00e9e\" \/>\n\t<meta name=\"twitter:data1\" content=\"1 minute\" \/>\r\n<script type=\"application\/ld+json\" class=\"yoast-schema-graph\">{\"@context\":\"https:\/\/schema.org\",\"@graph\":[{\"@type\":\"WebPage\",\"@id\":\"https:\/\/paracherkaoui.ma\/index.php\/produit\/lierac-lift-integral-le-serum-tenseur-30-ml\/\",\"url\":\"https:\/\/paracherkaoui.ma\/index.php\/produit\/lierac-lift-integral-le-serum-tenseur-30-ml\/\",\"name\":\"LIERAC LIFT INTEGRAL LE SERUM TENSEUR 30 ML - Paracherkaoui.ma\",\"isPartOf\":{\"@id\":\"https:\/\/paracherkaoui.ma\/#website\"},\"primaryImageOfPage\":{\"@id\":\"https:\/\/paracherkaoui.ma\/index.php\/produit\/lierac-lift-integral-le-serum-tenseur-30-ml\/#primaryimage\"},\"image\":{\"@id\":\"https:\/\/paracherkaoui.ma\/index.php\/produit\/lierac-lift-integral-le-serum-tenseur-30-ml\/#primaryimage\"},\"thumbnailUrl\":\"https:\/\/paracherkaoui.ma\/wp-content\/uploads\/2025\/12\/lierac-lierac-lift-integral-le-serum-tenseur-30-ml-premieres-rides.jpg\",\"datePublished\":\"2025-12-12T17:17:42+00:00\",\"dateModified\":\"2025-12-12T17:17:44+00:00\",\"breadcrumb\":{\"@id\":\"https:\/\/paracherkaoui.ma\/index.php\/produit\/lierac-lift-integral-le-serum-tenseur-30-ml\/#breadcrumb\"},\"inLanguage\":\"fr-FR\",\"potentialAction\":[{\"@type\":\"ReadAction\",\"target\":[\"https:\/\/paracherkaoui.ma\/index.php\/produit\/lierac-lift-integral-le-serum-tenseur-30-ml\/\"]}]},{\"@type\":\"ImageObject\",\"inLanguage\":\"fr-FR\",\"@id\":\"https:\/\/paracherkaoui.ma\/index.php\/produit\/lierac-lift-integral-le-serum-tenseur-30-ml\/#primaryimage\",\"url\":\"https:\/\/paracherkaoui.ma\/wp-content\/uploads\/2025\/12\/lierac-lierac-lift-integral-le-serum-tenseur-30-ml-premieres-rides.jpg\",\"contentUrl\":\"https:\/\/paracherkaoui.ma\/wp-content\/uploads\/2025\/12\/lierac-lierac-lift-integral-le-serum-tenseur-30-ml-premieres-rides.jpg\",\"width\":700,\"height\":700},{\"@type\":\"BreadcrumbList\",\"@id\":\"https:\/\/paracherkaoui.ma\/index.php\/produit\/lierac-lift-integral-le-serum-tenseur-30-ml\/#breadcrumb\",\"itemListElement\":[{\"@type\":\"ListItem\",\"position\":1,\"name\":\"Accueil\",\"item\":\"https:\/\/paracherkaoui.ma\/\"},{\"@type\":\"ListItem\",\"position\":2,\"name\":\"Boutique\",\"item\":\"https:\/\/paracherkaoui.ma\/index.php\/boutique\/\"},{\"@type\":\"ListItem\",\"position\":3,\"name\":\"LIERAC LIFT INTEGRAL LE SERUM TENSEUR 30 ML\"}]},{\"@type\":\"WebSite\",\"@id\":\"https:\/\/paracherkaoui.ma\/#website\",\"url\":\"https:\/\/paracherkaoui.ma\/\",\"name\":\"Paracherkaoui.ma\",\"description\":\"Achetez en ligne sur Paracherkaoui.ma\",\"potentialAction\":[{\"@type\":\"SearchAction\",\"target\":{\"@type\":\"EntryPoint\",\"urlTemplate\":\"https:\/\/paracherkaoui.ma\/?s={search_term_string}\"},\"query-input\":{\"@type\":\"PropertyValueSpecification\",\"valueRequired\":true,\"valueName\":\"search_term_string\"}}],\"inLanguage\":\"fr-FR\"}]}<\/script>\r\n<!-- \/ Yoast SEO plugin. -->","yoast_head_json":{"title":"LIERAC LIFT INTEGRAL LE SERUM TENSEUR 30 ML - Paracherkaoui.ma","robots":{"index":"index","follow":"follow","max-snippet":"max-snippet:-1","max-image-preview":"max-image-preview:large","max-video-preview":"max-video-preview:-1"},"canonical":"https:\/\/paracherkaoui.ma\/index.php\/produit\/lierac-lift-integral-le-serum-tenseur-30-ml\/","og_locale":"fr_FR","og_type":"article","og_title":"LIERAC LIFT INTEGRAL LE SERUM TENSEUR 30 ML - Paracherkaoui.ma","og_description":"Le Serum Lift Integral renforce la structure de la peau en agissant sur ses \u00e9l\u00e9ments essentiels (collag\u00e8ne, \u00e9lastine, acide hyaluronique),","og_url":"https:\/\/paracherkaoui.ma\/index.php\/produit\/lierac-lift-integral-le-serum-tenseur-30-ml\/","og_site_name":"Paracherkaoui.ma","article_modified_time":"2025-12-12T17:17:44+00:00","og_image":[{"width":700,"height":700,"url":"https:\/\/paracherkaoui.ma\/wp-content\/uploads\/2025\/12\/lierac-lierac-lift-integral-le-serum-tenseur-30-ml-premieres-rides.jpg","type":"image\/jpeg"}],"twitter_card":"summary_large_image","twitter_misc":{"Dur\u00e9e de lecture estim\u00e9e":"1 minute"},"schema":{"@context":"https:\/\/schema.org","@graph":[{"@type":"WebPage","@id":"https:\/\/paracherkaoui.ma\/index.php\/produit\/lierac-lift-integral-le-serum-tenseur-30-ml\/","url":"https:\/\/paracherkaoui.ma\/index.php\/produit\/lierac-lift-integral-le-serum-tenseur-30-ml\/","name":"LIERAC LIFT INTEGRAL LE SERUM TENSEUR 30 ML - Paracherkaoui.ma","isPartOf":{"@id":"https:\/\/paracherkaoui.ma\/#website"},"primaryImageOfPage":{"@id":"https:\/\/paracherkaoui.ma\/index.php\/produit\/lierac-lift-integral-le-serum-tenseur-30-ml\/#primaryimage"},"image":{"@id":"https:\/\/paracherkaoui.ma\/index.php\/produit\/lierac-lift-integral-le-serum-tenseur-30-ml\/#primaryimage"},"thumbnailUrl":"https:\/\/paracherkaoui.ma\/wp-content\/uploads\/2025\/12\/lierac-lierac-lift-integral-le-serum-tenseur-30-ml-premieres-rides.jpg","datePublished":"2025-12-12T17:17:42+00:00","dateModified":"2025-12-12T17:17:44+00:00","breadcrumb":{"@id":"https:\/\/paracherkaoui.ma\/index.php\/produit\/lierac-lift-integral-le-serum-tenseur-30-ml\/#breadcrumb"},"inLanguage":"fr-FR","potentialAction":[{"@type":"ReadAction","target":["https:\/\/paracherkaoui.ma\/index.php\/produit\/lierac-lift-integral-le-serum-tenseur-30-ml\/"]}]},{"@type":"ImageObject","inLanguage":"fr-FR","@id":"https:\/\/paracherkaoui.ma\/index.php\/produit\/lierac-lift-integral-le-serum-tenseur-30-ml\/#primaryimage","url":"https:\/\/paracherkaoui.ma\/wp-content\/uploads\/2025\/12\/lierac-lierac-lift-integral-le-serum-tenseur-30-ml-premieres-rides.jpg","contentUrl":"https:\/\/paracherkaoui.ma\/wp-content\/uploads\/2025\/12\/lierac-lierac-lift-integral-le-serum-tenseur-30-ml-premieres-rides.jpg","width":700,"height":700},{"@type":"BreadcrumbList","@id":"https:\/\/paracherkaoui.ma\/index.php\/produit\/lierac-lift-integral-le-serum-tenseur-30-ml\/#breadcrumb","itemListElement":[{"@type":"ListItem","position":1,"name":"Accueil","item":"https:\/\/paracherkaoui.ma\/"},{"@type":"ListItem","position":2,"name":"Boutique","item":"https:\/\/paracherkaoui.ma\/index.php\/boutique\/"},{"@type":"ListItem","position":3,"name":"LIERAC LIFT INTEGRAL LE SERUM TENSEUR 30 ML"}]},{"@type":"WebSite","@id":"https:\/\/paracherkaoui.ma\/#website","url":"https:\/\/paracherkaoui.ma\/","name":"Paracherkaoui.ma","description":"Achetez en ligne sur Paracherkaoui.ma","potentialAction":[{"@type":"SearchAction","target":{"@type":"EntryPoint","urlTemplate":"https:\/\/paracherkaoui.ma\/?s={search_term_string}"},"query-input":{"@type":"PropertyValueSpecification","valueRequired":true,"valueName":"search_term_string"}}],"inLanguage":"fr-FR"}]}},"_links":{"self":[{"href":"https:\/\/paracherkaoui.ma\/index.php\/wp-json\/wp\/v2\/product\/23040","targetHints":{"allow":["GET"]}}],"collection":[{"href":"https:\/\/paracherkaoui.ma\/index.php\/wp-json\/wp\/v2\/product"}],"about":[{"href":"https:\/\/paracherkaoui.ma\/index.php\/wp-json\/wp\/v2\/types\/product"}],"replies":[{"embeddable":true,"href":"https:\/\/paracherkaoui.ma\/index.php\/wp-json\/wp\/v2\/comments?post=23040"}],"version-history":[{"count":1,"href":"https:\/\/paracherkaoui.ma\/index.php\/wp-json\/wp\/v2\/product\/23040\/revisions"}],"predecessor-version":[{"id":23071,"href":"https:\/\/paracherkaoui.ma\/index.php\/wp-json\/wp\/v2\/product\/23040\/revisions\/23071"}],"wp:featuredmedia":[{"embeddable":true,"href":"https:\/\/paracherkaoui.ma\/index.php\/wp-json\/wp\/v2\/media\/23070"}],"wp:attachment":[{"href":"https:\/\/paracherkaoui.ma\/index.php\/wp-json\/wp\/v2\/media?parent=23040"}],"wp:term":[{"taxonomy":"product_brand","embeddable":true,"href":"https:\/\/paracherkaoui.ma\/index.php\/wp-json\/wp\/v2\/product_brand?post=23040"},{"taxonomy":"product_cat","embeddable":true,"href":"https:\/\/paracherkaoui.ma\/index.php\/wp-json\/wp\/v2\/product_cat?post=23040"},{"taxonomy":"product_tag","embeddable":true,"href":"https:\/\/paracherkaoui.ma\/index.php\/wp-json\/wp\/v2\/product_tag?post=23040"}],"curies":[{"name":"wp","href":"https:\/\/api.w.org\/{rel}","templated":true}]}}