{"id":22986,"date":"2025-12-12T18:17:37","date_gmt":"2025-12-12T17:17:37","guid":{"rendered":"https:\/\/test.ecbeaute.com\/?post_type=product&#038;p=22986"},"modified":"2025-12-12T18:17:41","modified_gmt":"2025-12-12T17:17:41","slug":"remescar-correcteur-de-rides-instantane","status":"publish","type":"product","link":"https:\/\/paracherkaoui.ma\/index.php\/produit\/remescar-correcteur-de-rides-instantane\/","title":{"rendered":"REMESCAR CORRECTEUR DE RIDES INSTANTANE"},"content":{"rendered":"<p>Gr\u00e2ce \u00e0 Remescar Correcteur de Rides Instantan\u00e9, il est d\u00e9sormais possible de r\u00e9duire visiblement les rides et ridules apr\u00e8s 1 seule application. Ces r\u00e9sultats restent visibles jusqu&rsquo;\u00e0 10 heures. Ce produit peut \u00eatre utilis\u00e9 pour traiter:<br \/>\nrides et ridules autour du contour des yeux<br \/>\nrides et ridules entre les sourcils<br \/>\nrides et ridules autour de la bouche<br \/>\nrides et ridules autour du nez<br \/>\nRemescar Correcteur de Rides Instantan\u00e9 peut \u00eatre combin\u00e9 parfaitement avec le maquillage. Assurez-vous d&rsquo;utiliser d&rsquo;abord vos produits de soin du visage habituels, puis appliquez votre maquillage et terminez avec une fine couche de Remescar Correcteur de Rides Instantan\u00e9.<\/p>\n","protected":false},"excerpt":{"rendered":"<p>Gr\u00e2ce \u00e0 Remescar Correcteur de Rides Instantan\u00e9, il est d\u00e9sormais possible de r\u00e9duire visiblement les rides et ridules apr\u00e8s 1<\/p>\n","protected":false},"featured_media":23034,"comment_status":"open","ping_status":"closed","template":"","meta":[],"product_brand":[368],"product_cat":[488],"product_tag":[],"class_list":{"0":"post-22986","1":"product","2":"type-product","3":"status-publish","4":"has-post-thumbnail","6":"product_brand-remescar","7":"product_cat-peaux-matures","9":"first","10":"instock","11":"shipping-taxable","12":"purchasable","13":"product-type-simple"},"yoast_head":"<!-- This site is optimized with the Yoast SEO plugin v26.6 - https:\/\/yoast.com\/wordpress\/plugins\/seo\/ -->\r\n<title>REMESCAR CORRECTEUR DE RIDES INSTANTANE - Paracherkaoui.ma<\/title>\r\n<meta name=\"robots\" content=\"index, follow, max-snippet:-1, max-image-preview:large, max-video-preview:-1\" \/>\r\n<link rel=\"canonical\" href=\"https:\/\/paracherkaoui.ma\/index.php\/produit\/remescar-correcteur-de-rides-instantane\/\" \/>\r\n<meta property=\"og:locale\" content=\"fr_FR\" \/>\r\n<meta property=\"og:type\" content=\"article\" \/>\r\n<meta property=\"og:title\" content=\"REMESCAR CORRECTEUR DE RIDES INSTANTANE - Paracherkaoui.ma\" \/>\r\n<meta property=\"og:description\" content=\"Gr\u00e2ce \u00e0 Remescar Correcteur de Rides Instantan\u00e9, il est d\u00e9sormais possible de r\u00e9duire visiblement les rides et ridules apr\u00e8s 1\" \/>\r\n<meta property=\"og:url\" content=\"https:\/\/paracherkaoui.ma\/index.php\/produit\/remescar-correcteur-de-rides-instantane\/\" \/>\r\n<meta property=\"og:site_name\" content=\"Paracherkaoui.ma\" \/>\r\n<meta property=\"article:modified_time\" content=\"2025-12-12T17:17:41+00:00\" \/>\r\n<meta property=\"og:image\" content=\"https:\/\/paracherkaoui.ma\/wp-content\/uploads\/2025\/12\/remescar-remescar-correcteur-de-rides-instantane-peaux-matures.jpg\" \/>\r\n\t<meta property=\"og:image:width\" content=\"700\" \/>\r\n\t<meta property=\"og:image:height\" content=\"700\" \/>\r\n\t<meta property=\"og:image:type\" content=\"image\/jpeg\" \/>\r\n<meta name=\"twitter:card\" content=\"summary_large_image\" \/>\r\n<meta name=\"twitter:label1\" content=\"Dur\u00e9e de lecture estim\u00e9e\" \/>\n\t<meta name=\"twitter:data1\" content=\"1 minute\" \/>\r\n<script type=\"application\/ld+json\" class=\"yoast-schema-graph\">{\"@context\":\"https:\/\/schema.org\",\"@graph\":[{\"@type\":\"WebPage\",\"@id\":\"https:\/\/paracherkaoui.ma\/index.php\/produit\/remescar-correcteur-de-rides-instantane\/\",\"url\":\"https:\/\/paracherkaoui.ma\/index.php\/produit\/remescar-correcteur-de-rides-instantane\/\",\"name\":\"REMESCAR CORRECTEUR DE RIDES INSTANTANE - Paracherkaoui.ma\",\"isPartOf\":{\"@id\":\"https:\/\/paracherkaoui.ma\/#website\"},\"primaryImageOfPage\":{\"@id\":\"https:\/\/paracherkaoui.ma\/index.php\/produit\/remescar-correcteur-de-rides-instantane\/#primaryimage\"},\"image\":{\"@id\":\"https:\/\/paracherkaoui.ma\/index.php\/produit\/remescar-correcteur-de-rides-instantane\/#primaryimage\"},\"thumbnailUrl\":\"https:\/\/paracherkaoui.ma\/wp-content\/uploads\/2025\/12\/remescar-remescar-correcteur-de-rides-instantane-peaux-matures.jpg\",\"datePublished\":\"2025-12-12T17:17:37+00:00\",\"dateModified\":\"2025-12-12T17:17:41+00:00\",\"breadcrumb\":{\"@id\":\"https:\/\/paracherkaoui.ma\/index.php\/produit\/remescar-correcteur-de-rides-instantane\/#breadcrumb\"},\"inLanguage\":\"fr-FR\",\"potentialAction\":[{\"@type\":\"ReadAction\",\"target\":[\"https:\/\/paracherkaoui.ma\/index.php\/produit\/remescar-correcteur-de-rides-instantane\/\"]}]},{\"@type\":\"ImageObject\",\"inLanguage\":\"fr-FR\",\"@id\":\"https:\/\/paracherkaoui.ma\/index.php\/produit\/remescar-correcteur-de-rides-instantane\/#primaryimage\",\"url\":\"https:\/\/paracherkaoui.ma\/wp-content\/uploads\/2025\/12\/remescar-remescar-correcteur-de-rides-instantane-peaux-matures.jpg\",\"contentUrl\":\"https:\/\/paracherkaoui.ma\/wp-content\/uploads\/2025\/12\/remescar-remescar-correcteur-de-rides-instantane-peaux-matures.jpg\",\"width\":700,\"height\":700},{\"@type\":\"BreadcrumbList\",\"@id\":\"https:\/\/paracherkaoui.ma\/index.php\/produit\/remescar-correcteur-de-rides-instantane\/#breadcrumb\",\"itemListElement\":[{\"@type\":\"ListItem\",\"position\":1,\"name\":\"Accueil\",\"item\":\"https:\/\/paracherkaoui.ma\/\"},{\"@type\":\"ListItem\",\"position\":2,\"name\":\"Boutique\",\"item\":\"https:\/\/paracherkaoui.ma\/index.php\/boutique\/\"},{\"@type\":\"ListItem\",\"position\":3,\"name\":\"REMESCAR CORRECTEUR DE RIDES INSTANTANE\"}]},{\"@type\":\"WebSite\",\"@id\":\"https:\/\/paracherkaoui.ma\/#website\",\"url\":\"https:\/\/paracherkaoui.ma\/\",\"name\":\"Paracherkaoui.ma\",\"description\":\"Achetez en ligne sur Paracherkaoui.ma\",\"potentialAction\":[{\"@type\":\"SearchAction\",\"target\":{\"@type\":\"EntryPoint\",\"urlTemplate\":\"https:\/\/paracherkaoui.ma\/?s={search_term_string}\"},\"query-input\":{\"@type\":\"PropertyValueSpecification\",\"valueRequired\":true,\"valueName\":\"search_term_string\"}}],\"inLanguage\":\"fr-FR\"}]}<\/script>\r\n<!-- \/ Yoast SEO plugin. -->","yoast_head_json":{"title":"REMESCAR CORRECTEUR DE RIDES INSTANTANE - Paracherkaoui.ma","robots":{"index":"index","follow":"follow","max-snippet":"max-snippet:-1","max-image-preview":"max-image-preview:large","max-video-preview":"max-video-preview:-1"},"canonical":"https:\/\/paracherkaoui.ma\/index.php\/produit\/remescar-correcteur-de-rides-instantane\/","og_locale":"fr_FR","og_type":"article","og_title":"REMESCAR CORRECTEUR DE RIDES INSTANTANE - Paracherkaoui.ma","og_description":"Gr\u00e2ce \u00e0 Remescar Correcteur de Rides Instantan\u00e9, il est d\u00e9sormais possible de r\u00e9duire visiblement les rides et ridules apr\u00e8s 1","og_url":"https:\/\/paracherkaoui.ma\/index.php\/produit\/remescar-correcteur-de-rides-instantane\/","og_site_name":"Paracherkaoui.ma","article_modified_time":"2025-12-12T17:17:41+00:00","og_image":[{"width":700,"height":700,"url":"https:\/\/paracherkaoui.ma\/wp-content\/uploads\/2025\/12\/remescar-remescar-correcteur-de-rides-instantane-peaux-matures.jpg","type":"image\/jpeg"}],"twitter_card":"summary_large_image","twitter_misc":{"Dur\u00e9e de lecture estim\u00e9e":"1 minute"},"schema":{"@context":"https:\/\/schema.org","@graph":[{"@type":"WebPage","@id":"https:\/\/paracherkaoui.ma\/index.php\/produit\/remescar-correcteur-de-rides-instantane\/","url":"https:\/\/paracherkaoui.ma\/index.php\/produit\/remescar-correcteur-de-rides-instantane\/","name":"REMESCAR CORRECTEUR DE RIDES INSTANTANE - Paracherkaoui.ma","isPartOf":{"@id":"https:\/\/paracherkaoui.ma\/#website"},"primaryImageOfPage":{"@id":"https:\/\/paracherkaoui.ma\/index.php\/produit\/remescar-correcteur-de-rides-instantane\/#primaryimage"},"image":{"@id":"https:\/\/paracherkaoui.ma\/index.php\/produit\/remescar-correcteur-de-rides-instantane\/#primaryimage"},"thumbnailUrl":"https:\/\/paracherkaoui.ma\/wp-content\/uploads\/2025\/12\/remescar-remescar-correcteur-de-rides-instantane-peaux-matures.jpg","datePublished":"2025-12-12T17:17:37+00:00","dateModified":"2025-12-12T17:17:41+00:00","breadcrumb":{"@id":"https:\/\/paracherkaoui.ma\/index.php\/produit\/remescar-correcteur-de-rides-instantane\/#breadcrumb"},"inLanguage":"fr-FR","potentialAction":[{"@type":"ReadAction","target":["https:\/\/paracherkaoui.ma\/index.php\/produit\/remescar-correcteur-de-rides-instantane\/"]}]},{"@type":"ImageObject","inLanguage":"fr-FR","@id":"https:\/\/paracherkaoui.ma\/index.php\/produit\/remescar-correcteur-de-rides-instantane\/#primaryimage","url":"https:\/\/paracherkaoui.ma\/wp-content\/uploads\/2025\/12\/remescar-remescar-correcteur-de-rides-instantane-peaux-matures.jpg","contentUrl":"https:\/\/paracherkaoui.ma\/wp-content\/uploads\/2025\/12\/remescar-remescar-correcteur-de-rides-instantane-peaux-matures.jpg","width":700,"height":700},{"@type":"BreadcrumbList","@id":"https:\/\/paracherkaoui.ma\/index.php\/produit\/remescar-correcteur-de-rides-instantane\/#breadcrumb","itemListElement":[{"@type":"ListItem","position":1,"name":"Accueil","item":"https:\/\/paracherkaoui.ma\/"},{"@type":"ListItem","position":2,"name":"Boutique","item":"https:\/\/paracherkaoui.ma\/index.php\/boutique\/"},{"@type":"ListItem","position":3,"name":"REMESCAR CORRECTEUR DE RIDES INSTANTANE"}]},{"@type":"WebSite","@id":"https:\/\/paracherkaoui.ma\/#website","url":"https:\/\/paracherkaoui.ma\/","name":"Paracherkaoui.ma","description":"Achetez en ligne sur Paracherkaoui.ma","potentialAction":[{"@type":"SearchAction","target":{"@type":"EntryPoint","urlTemplate":"https:\/\/paracherkaoui.ma\/?s={search_term_string}"},"query-input":{"@type":"PropertyValueSpecification","valueRequired":true,"valueName":"search_term_string"}}],"inLanguage":"fr-FR"}]}},"_links":{"self":[{"href":"https:\/\/paracherkaoui.ma\/index.php\/wp-json\/wp\/v2\/product\/22986","targetHints":{"allow":["GET"]}}],"collection":[{"href":"https:\/\/paracherkaoui.ma\/index.php\/wp-json\/wp\/v2\/product"}],"about":[{"href":"https:\/\/paracherkaoui.ma\/index.php\/wp-json\/wp\/v2\/types\/product"}],"replies":[{"embeddable":true,"href":"https:\/\/paracherkaoui.ma\/index.php\/wp-json\/wp\/v2\/comments?post=22986"}],"version-history":[{"count":1,"href":"https:\/\/paracherkaoui.ma\/index.php\/wp-json\/wp\/v2\/product\/22986\/revisions"}],"predecessor-version":[{"id":23035,"href":"https:\/\/paracherkaoui.ma\/index.php\/wp-json\/wp\/v2\/product\/22986\/revisions\/23035"}],"wp:featuredmedia":[{"embeddable":true,"href":"https:\/\/paracherkaoui.ma\/index.php\/wp-json\/wp\/v2\/media\/23034"}],"wp:attachment":[{"href":"https:\/\/paracherkaoui.ma\/index.php\/wp-json\/wp\/v2\/media?parent=22986"}],"wp:term":[{"taxonomy":"product_brand","embeddable":true,"href":"https:\/\/paracherkaoui.ma\/index.php\/wp-json\/wp\/v2\/product_brand?post=22986"},{"taxonomy":"product_cat","embeddable":true,"href":"https:\/\/paracherkaoui.ma\/index.php\/wp-json\/wp\/v2\/product_cat?post=22986"},{"taxonomy":"product_tag","embeddable":true,"href":"https:\/\/paracherkaoui.ma\/index.php\/wp-json\/wp\/v2\/product_tag?post=22986"}],"curies":[{"name":"wp","href":"https:\/\/api.w.org\/{rel}","templated":true}]}}