{"id":22979,"date":"2025-12-12T18:17:37","date_gmt":"2025-12-12T17:17:37","guid":{"rendered":"https:\/\/test.ecbeaute.com\/?post_type=product&#038;p=22979"},"modified":"2025-12-12T18:17:40","modified_gmt":"2025-12-12T17:17:40","slug":"neostrata-resurface-glycolic-renewal-smoothing-cream-10-aha-40g","status":"publish","type":"product","link":"https:\/\/paracherkaoui.ma\/index.php\/produit\/neostrata-resurface-glycolic-renewal-smoothing-cream-10-aha-40g\/","title":{"rendered":"NEOSTRATA RESURFACE GLYCOLIC RENEWAL SMOOTHING CREAM 10 AHA 40G"},"content":{"rendered":"<p>L&rsquo;Ultra Smoothing Cream est une cr\u00e8me hydratante qui contient une petite quantit\u00e9 d&rsquo;alpha-hydroxyacidess (AHA), au fort pouvoir hydratant. Ce soin anti-rides de Neostrata contribue \u00e0 :<br \/>\nr\u00e9duire l&rsquo;apparence des pores dilat\u00e9s, souvent pr\u00e9sents sur la zone T (front, nez et menton)<br \/>\nr\u00e9duire l&rsquo;apparence des rides d&rsquo;expression et des ridules<br \/>\nredonner de l&rsquo;\u00e9clat \u00e0 votre teint et d&rsquo;\u00e9galiser la pigmentation de votre peau<br \/>\ngommer en douceur l&rsquo;\u00e9piderme et adoucir les peaux s\u00e8ches<br \/>\nL&rsquo;acide glycolique, pour renouveler votre peau<br \/>\nL&rsquo;Ultra Smoothing Cream est un soin anti-\u00e2ge qui se concentre principalement sur l&rsquo;\u00e9limination des signes apparents de l&rsquo;\u00e2ge. Contrairement aux cr\u00e8mes hydratantes classiques, elle est formul\u00e9e \u00e0 partir d&rsquo;agents AHA, ce qui offre aux peaux tr\u00e8s s\u00e8ches une hydratation riche. Cette cr\u00e8me anti-\u00e2ge est \u00e9galement compos\u00e9e d&rsquo;agents actifs performants, tels que :<br \/>\nl&rsquo;acide glycolique, un formidable agent hydratant qui permet d&rsquo;offrir aux peaux s\u00e8ches une r\u00e9hydratation adapt\u00e9e<br \/>\nl&rsquo;acide citrique, naturellement pr\u00e9sent dans de nombreuses plantes, qui stabilise le pH de votre peau et assure \u00e9galement une meilleure fermet\u00e9 de l&rsquo;\u00e9piderme<br \/>\nle beurre de karit\u00e9, un agent hydratant connu, qui est riche en vitamines pour redonner bonne mine \u00e0 votre visage<br \/>\nCon\u00e7ue par le laboratoire Neostrata, l&rsquo;Ultra Smoothing Cream redonne \u00e0 votre visage hydratation et jeunesse, en diminuant l&rsquo;apparence des signes du temps.<br \/>\nPendant les deux premi\u00e8res semaines : appliquez la cr\u00e8me une fois par jour sur votre visage et votre cou. Les semaines suivantes : si aucune r\u00e9action allergique n&rsquo;est apparue, appliquez la cr\u00e8me deux fois par jour. Pendant l&rsquo;utilisation de l&rsquo;Ultra Smoothing Cream, il est recommand\u00e9 d&rsquo;utiliser quotidiennement une protection solaire sur votre visage. Les personnes \u00e0 peau sensible peuvent ressentir un l\u00e9ger picotement temporaire. S&rsquo;il persiste et s&rsquo;accompagne d&rsquo;irritation, arr\u00eatez l&rsquo;utilisation de la cr\u00e8me.<\/p>\n","protected":false},"excerpt":{"rendered":"<p>L&rsquo;Ultra Smoothing Cream est une cr\u00e8me hydratante qui contient une petite quantit\u00e9 d&rsquo;alpha-hydroxyacidess (AHA), au fort pouvoir hydratant. Ce soin<\/p>\n","protected":false},"featured_media":23021,"comment_status":"open","ping_status":"closed","template":"","meta":[],"product_brand":[404],"product_cat":[488],"product_tag":[],"class_list":{"0":"post-22979","1":"product","2":"type-product","3":"status-publish","4":"has-post-thumbnail","6":"product_brand-neostrata","7":"product_cat-peaux-matures","9":"first","10":"instock","11":"sale","12":"shipping-taxable","13":"purchasable","14":"product-type-simple"},"yoast_head":"<!-- This site is optimized with the Yoast SEO plugin v26.6 - https:\/\/yoast.com\/wordpress\/plugins\/seo\/ -->\r\n<title>NEOSTRATA RESURFACE GLYCOLIC RENEWAL SMOOTHING CREAM 10 AHA 40G - Paracherkaoui.ma<\/title>\r\n<meta name=\"robots\" content=\"index, follow, max-snippet:-1, max-image-preview:large, max-video-preview:-1\" \/>\r\n<link rel=\"canonical\" href=\"https:\/\/paracherkaoui.ma\/index.php\/produit\/neostrata-resurface-glycolic-renewal-smoothing-cream-10-aha-40g\/\" \/>\r\n<meta property=\"og:locale\" content=\"fr_FR\" \/>\r\n<meta property=\"og:type\" content=\"article\" \/>\r\n<meta property=\"og:title\" content=\"NEOSTRATA RESURFACE GLYCOLIC RENEWAL SMOOTHING CREAM 10 AHA 40G - Paracherkaoui.ma\" \/>\r\n<meta property=\"og:description\" content=\"L&rsquo;Ultra Smoothing Cream est une cr\u00e8me hydratante qui contient une petite quantit\u00e9 d&rsquo;alpha-hydroxyacidess (AHA), au fort pouvoir hydratant. Ce soin\" \/>\r\n<meta property=\"og:url\" content=\"https:\/\/paracherkaoui.ma\/index.php\/produit\/neostrata-resurface-glycolic-renewal-smoothing-cream-10-aha-40g\/\" \/>\r\n<meta property=\"og:site_name\" content=\"Paracherkaoui.ma\" \/>\r\n<meta property=\"article:modified_time\" content=\"2025-12-12T17:17:40+00:00\" \/>\r\n<meta property=\"og:image\" content=\"https:\/\/paracherkaoui.ma\/wp-content\/uploads\/2025\/12\/neostrata-neostrata-resurface-glycolic-renewal-smoothing-cream-10-aha-40g-peaux-matures.jpg\" \/>\r\n\t<meta property=\"og:image:width\" content=\"700\" \/>\r\n\t<meta property=\"og:image:height\" content=\"700\" \/>\r\n\t<meta property=\"og:image:type\" content=\"image\/jpeg\" \/>\r\n<meta name=\"twitter:card\" content=\"summary_large_image\" \/>\r\n<meta name=\"twitter:label1\" content=\"Dur\u00e9e de lecture estim\u00e9e\" \/>\n\t<meta name=\"twitter:data1\" content=\"2 minutes\" \/>\r\n<script type=\"application\/ld+json\" class=\"yoast-schema-graph\">{\"@context\":\"https:\/\/schema.org\",\"@graph\":[{\"@type\":\"WebPage\",\"@id\":\"https:\/\/paracherkaoui.ma\/index.php\/produit\/neostrata-resurface-glycolic-renewal-smoothing-cream-10-aha-40g\/\",\"url\":\"https:\/\/paracherkaoui.ma\/index.php\/produit\/neostrata-resurface-glycolic-renewal-smoothing-cream-10-aha-40g\/\",\"name\":\"NEOSTRATA RESURFACE GLYCOLIC RENEWAL SMOOTHING CREAM 10 AHA 40G - Paracherkaoui.ma\",\"isPartOf\":{\"@id\":\"https:\/\/paracherkaoui.ma\/#website\"},\"primaryImageOfPage\":{\"@id\":\"https:\/\/paracherkaoui.ma\/index.php\/produit\/neostrata-resurface-glycolic-renewal-smoothing-cream-10-aha-40g\/#primaryimage\"},\"image\":{\"@id\":\"https:\/\/paracherkaoui.ma\/index.php\/produit\/neostrata-resurface-glycolic-renewal-smoothing-cream-10-aha-40g\/#primaryimage\"},\"thumbnailUrl\":\"https:\/\/paracherkaoui.ma\/wp-content\/uploads\/2025\/12\/neostrata-neostrata-resurface-glycolic-renewal-smoothing-cream-10-aha-40g-peaux-matures.jpg\",\"datePublished\":\"2025-12-12T17:17:37+00:00\",\"dateModified\":\"2025-12-12T17:17:40+00:00\",\"breadcrumb\":{\"@id\":\"https:\/\/paracherkaoui.ma\/index.php\/produit\/neostrata-resurface-glycolic-renewal-smoothing-cream-10-aha-40g\/#breadcrumb\"},\"inLanguage\":\"fr-FR\",\"potentialAction\":[{\"@type\":\"ReadAction\",\"target\":[\"https:\/\/paracherkaoui.ma\/index.php\/produit\/neostrata-resurface-glycolic-renewal-smoothing-cream-10-aha-40g\/\"]}]},{\"@type\":\"ImageObject\",\"inLanguage\":\"fr-FR\",\"@id\":\"https:\/\/paracherkaoui.ma\/index.php\/produit\/neostrata-resurface-glycolic-renewal-smoothing-cream-10-aha-40g\/#primaryimage\",\"url\":\"https:\/\/paracherkaoui.ma\/wp-content\/uploads\/2025\/12\/neostrata-neostrata-resurface-glycolic-renewal-smoothing-cream-10-aha-40g-peaux-matures.jpg\",\"contentUrl\":\"https:\/\/paracherkaoui.ma\/wp-content\/uploads\/2025\/12\/neostrata-neostrata-resurface-glycolic-renewal-smoothing-cream-10-aha-40g-peaux-matures.jpg\",\"width\":700,\"height\":700},{\"@type\":\"BreadcrumbList\",\"@id\":\"https:\/\/paracherkaoui.ma\/index.php\/produit\/neostrata-resurface-glycolic-renewal-smoothing-cream-10-aha-40g\/#breadcrumb\",\"itemListElement\":[{\"@type\":\"ListItem\",\"position\":1,\"name\":\"Accueil\",\"item\":\"https:\/\/paracherkaoui.ma\/\"},{\"@type\":\"ListItem\",\"position\":2,\"name\":\"Boutique\",\"item\":\"https:\/\/paracherkaoui.ma\/index.php\/boutique\/\"},{\"@type\":\"ListItem\",\"position\":3,\"name\":\"NEOSTRATA RESURFACE GLYCOLIC RENEWAL SMOOTHING CREAM 10 AHA 40G\"}]},{\"@type\":\"WebSite\",\"@id\":\"https:\/\/paracherkaoui.ma\/#website\",\"url\":\"https:\/\/paracherkaoui.ma\/\",\"name\":\"Paracherkaoui.ma\",\"description\":\"Achetez en ligne sur Paracherkaoui.ma\",\"potentialAction\":[{\"@type\":\"SearchAction\",\"target\":{\"@type\":\"EntryPoint\",\"urlTemplate\":\"https:\/\/paracherkaoui.ma\/?s={search_term_string}\"},\"query-input\":{\"@type\":\"PropertyValueSpecification\",\"valueRequired\":true,\"valueName\":\"search_term_string\"}}],\"inLanguage\":\"fr-FR\"}]}<\/script>\r\n<!-- \/ Yoast SEO plugin. -->","yoast_head_json":{"title":"NEOSTRATA RESURFACE GLYCOLIC RENEWAL SMOOTHING CREAM 10 AHA 40G - Paracherkaoui.ma","robots":{"index":"index","follow":"follow","max-snippet":"max-snippet:-1","max-image-preview":"max-image-preview:large","max-video-preview":"max-video-preview:-1"},"canonical":"https:\/\/paracherkaoui.ma\/index.php\/produit\/neostrata-resurface-glycolic-renewal-smoothing-cream-10-aha-40g\/","og_locale":"fr_FR","og_type":"article","og_title":"NEOSTRATA RESURFACE GLYCOLIC RENEWAL SMOOTHING CREAM 10 AHA 40G - Paracherkaoui.ma","og_description":"L&rsquo;Ultra Smoothing Cream est une cr\u00e8me hydratante qui contient une petite quantit\u00e9 d&rsquo;alpha-hydroxyacidess (AHA), au fort pouvoir hydratant. Ce soin","og_url":"https:\/\/paracherkaoui.ma\/index.php\/produit\/neostrata-resurface-glycolic-renewal-smoothing-cream-10-aha-40g\/","og_site_name":"Paracherkaoui.ma","article_modified_time":"2025-12-12T17:17:40+00:00","og_image":[{"width":700,"height":700,"url":"https:\/\/paracherkaoui.ma\/wp-content\/uploads\/2025\/12\/neostrata-neostrata-resurface-glycolic-renewal-smoothing-cream-10-aha-40g-peaux-matures.jpg","type":"image\/jpeg"}],"twitter_card":"summary_large_image","twitter_misc":{"Dur\u00e9e de lecture estim\u00e9e":"2 minutes"},"schema":{"@context":"https:\/\/schema.org","@graph":[{"@type":"WebPage","@id":"https:\/\/paracherkaoui.ma\/index.php\/produit\/neostrata-resurface-glycolic-renewal-smoothing-cream-10-aha-40g\/","url":"https:\/\/paracherkaoui.ma\/index.php\/produit\/neostrata-resurface-glycolic-renewal-smoothing-cream-10-aha-40g\/","name":"NEOSTRATA RESURFACE GLYCOLIC RENEWAL SMOOTHING CREAM 10 AHA 40G - Paracherkaoui.ma","isPartOf":{"@id":"https:\/\/paracherkaoui.ma\/#website"},"primaryImageOfPage":{"@id":"https:\/\/paracherkaoui.ma\/index.php\/produit\/neostrata-resurface-glycolic-renewal-smoothing-cream-10-aha-40g\/#primaryimage"},"image":{"@id":"https:\/\/paracherkaoui.ma\/index.php\/produit\/neostrata-resurface-glycolic-renewal-smoothing-cream-10-aha-40g\/#primaryimage"},"thumbnailUrl":"https:\/\/paracherkaoui.ma\/wp-content\/uploads\/2025\/12\/neostrata-neostrata-resurface-glycolic-renewal-smoothing-cream-10-aha-40g-peaux-matures.jpg","datePublished":"2025-12-12T17:17:37+00:00","dateModified":"2025-12-12T17:17:40+00:00","breadcrumb":{"@id":"https:\/\/paracherkaoui.ma\/index.php\/produit\/neostrata-resurface-glycolic-renewal-smoothing-cream-10-aha-40g\/#breadcrumb"},"inLanguage":"fr-FR","potentialAction":[{"@type":"ReadAction","target":["https:\/\/paracherkaoui.ma\/index.php\/produit\/neostrata-resurface-glycolic-renewal-smoothing-cream-10-aha-40g\/"]}]},{"@type":"ImageObject","inLanguage":"fr-FR","@id":"https:\/\/paracherkaoui.ma\/index.php\/produit\/neostrata-resurface-glycolic-renewal-smoothing-cream-10-aha-40g\/#primaryimage","url":"https:\/\/paracherkaoui.ma\/wp-content\/uploads\/2025\/12\/neostrata-neostrata-resurface-glycolic-renewal-smoothing-cream-10-aha-40g-peaux-matures.jpg","contentUrl":"https:\/\/paracherkaoui.ma\/wp-content\/uploads\/2025\/12\/neostrata-neostrata-resurface-glycolic-renewal-smoothing-cream-10-aha-40g-peaux-matures.jpg","width":700,"height":700},{"@type":"BreadcrumbList","@id":"https:\/\/paracherkaoui.ma\/index.php\/produit\/neostrata-resurface-glycolic-renewal-smoothing-cream-10-aha-40g\/#breadcrumb","itemListElement":[{"@type":"ListItem","position":1,"name":"Accueil","item":"https:\/\/paracherkaoui.ma\/"},{"@type":"ListItem","position":2,"name":"Boutique","item":"https:\/\/paracherkaoui.ma\/index.php\/boutique\/"},{"@type":"ListItem","position":3,"name":"NEOSTRATA RESURFACE GLYCOLIC RENEWAL SMOOTHING CREAM 10 AHA 40G"}]},{"@type":"WebSite","@id":"https:\/\/paracherkaoui.ma\/#website","url":"https:\/\/paracherkaoui.ma\/","name":"Paracherkaoui.ma","description":"Achetez en ligne sur Paracherkaoui.ma","potentialAction":[{"@type":"SearchAction","target":{"@type":"EntryPoint","urlTemplate":"https:\/\/paracherkaoui.ma\/?s={search_term_string}"},"query-input":{"@type":"PropertyValueSpecification","valueRequired":true,"valueName":"search_term_string"}}],"inLanguage":"fr-FR"}]}},"_links":{"self":[{"href":"https:\/\/paracherkaoui.ma\/index.php\/wp-json\/wp\/v2\/product\/22979","targetHints":{"allow":["GET"]}}],"collection":[{"href":"https:\/\/paracherkaoui.ma\/index.php\/wp-json\/wp\/v2\/product"}],"about":[{"href":"https:\/\/paracherkaoui.ma\/index.php\/wp-json\/wp\/v2\/types\/product"}],"replies":[{"embeddable":true,"href":"https:\/\/paracherkaoui.ma\/index.php\/wp-json\/wp\/v2\/comments?post=22979"}],"version-history":[{"count":1,"href":"https:\/\/paracherkaoui.ma\/index.php\/wp-json\/wp\/v2\/product\/22979\/revisions"}],"predecessor-version":[{"id":23022,"href":"https:\/\/paracherkaoui.ma\/index.php\/wp-json\/wp\/v2\/product\/22979\/revisions\/23022"}],"wp:featuredmedia":[{"embeddable":true,"href":"https:\/\/paracherkaoui.ma\/index.php\/wp-json\/wp\/v2\/media\/23021"}],"wp:attachment":[{"href":"https:\/\/paracherkaoui.ma\/index.php\/wp-json\/wp\/v2\/media?parent=22979"}],"wp:term":[{"taxonomy":"product_brand","embeddable":true,"href":"https:\/\/paracherkaoui.ma\/index.php\/wp-json\/wp\/v2\/product_brand?post=22979"},{"taxonomy":"product_cat","embeddable":true,"href":"https:\/\/paracherkaoui.ma\/index.php\/wp-json\/wp\/v2\/product_cat?post=22979"},{"taxonomy":"product_tag","embeddable":true,"href":"https:\/\/paracherkaoui.ma\/index.php\/wp-json\/wp\/v2\/product_tag?post=22979"}],"curies":[{"name":"wp","href":"https:\/\/api.w.org\/{rel}","templated":true}]}}