{"id":22963,"date":"2025-12-12T18:17:36","date_gmt":"2025-12-12T17:17:36","guid":{"rendered":"https:\/\/test.ecbeaute.com\/?post_type=product&#038;p=22963"},"modified":"2025-12-12T18:17:38","modified_gmt":"2025-12-12T17:17:38","slug":"dermaceutic-activ-retinol-1-0-serum-anti-age-intensif-des-45-ans-30-ml","status":"publish","type":"product","link":"https:\/\/paracherkaoui.ma\/index.php\/produit\/dermaceutic-activ-retinol-1-0-serum-anti-age-intensif-des-45-ans-30-ml\/","title":{"rendered":"DERMACEUTIC ACTIV RETINOL 1.0 SERUM ANTI AGE INTENSIF DES 45 ANS 30 ML"},"content":{"rendered":"<p>DESCRIPTION :<br \/>\nActiv Retinol 1.0 de DERMACEUTIC, le soin anti-\u00e2ge tr\u00e8s concentr\u00e9 en r\u00e9tinol qui s\u2019adresse aux femmes aux peaux matures (+45ans) pour redonner \u00e0 la peau du visage de la fermet\u00e9 et lutter contre les signes de l\u2019\u00e2ge.<br \/>\nDERMACEUTIC propose des produits dermatologiques pour r\u00e9pondre \u00e0 tous les probl\u00e8mes cutan\u00e9s (acn\u00e9, vieillissement de la peau, protection UV,\u2026) \u00e0 base d\u2019actifs concentr\u00e9s tels que l\u2019acide hyaluronique, la vitamine C stabilis\u00e9e ou l\u2019acide glycolique. Ce s\u00e9rum tr\u00e8s concentr\u00e9 en r\u00e9tinol (1%) va r\u00e9g\u00e9n\u00e9rer l\u2019\u00e9piderme en renouvelant les cellules cutan\u00e9es, lutter contre les signes de l\u2019\u00e2ge et estomper les rides, corriger les probl\u00e8mes caus\u00e9s par le soleil tel que les taches sur la peau, afin d\u2019am\u00e9liorer la qualit\u00e9 de la peau. Il contient \u00e9galement des vitamines C et E qui vont assurer la bonne formation du collag\u00e8ne pour am\u00e9liorer la qualit\u00e9 de la peau et la prot\u00e9ger des agressions ext\u00e9rieures pour lui redonner toute sa beaut\u00e9 et son \u00e9lasticit\u00e9. Le s\u00e9rum Activ Retinol 1.0 contient aussi des c\u00e9ramides, du panth\u00e9nol, de l\u2019allanto\u00efne et un cocktail de min\u00e9raux qui vont avoir le pouvoir d\u2019hydrater et nourrir intens\u00e9ment la peau pour renforcer la barri\u00e8re de la peau.<br \/>\nCONSEILS D&rsquo;UTILISATION :<br \/>\nS\u2019utilise matin ou soir sur peau propre et s\u00e8che. Masser l\u00e9g\u00e8rement sur l\u2019ensemble du visage et du cou, puis appliquer la cr\u00e8me Dermaceutic.<\/p>\n","protected":false},"excerpt":{"rendered":"<p>DESCRIPTION : Activ Retinol 1.0 de DERMACEUTIC, le soin anti-\u00e2ge tr\u00e8s concentr\u00e9 en r\u00e9tinol qui s\u2019adresse aux femmes aux peaux<\/p>\n","protected":false},"featured_media":22995,"comment_status":"open","ping_status":"closed","template":"","meta":[],"product_brand":[366],"product_cat":[488],"product_tag":[],"class_list":{"0":"post-22963","1":"product","2":"type-product","3":"status-publish","4":"has-post-thumbnail","6":"product_brand-dermaceutic","7":"product_cat-peaux-matures","9":"first","10":"instock","11":"sale","12":"shipping-taxable","13":"purchasable","14":"product-type-simple"},"yoast_head":"<!-- This site is optimized with the Yoast SEO plugin v26.6 - https:\/\/yoast.com\/wordpress\/plugins\/seo\/ -->\r\n<title>DERMACEUTIC ACTIV RETINOL 1.0 SERUM ANTI AGE INTENSIF DES 45 ANS 30 ML - Paracherkaoui.ma<\/title>\r\n<meta name=\"robots\" content=\"index, follow, max-snippet:-1, max-image-preview:large, max-video-preview:-1\" \/>\r\n<link rel=\"canonical\" href=\"https:\/\/paracherkaoui.ma\/index.php\/produit\/dermaceutic-activ-retinol-1-0-serum-anti-age-intensif-des-45-ans-30-ml\/\" \/>\r\n<meta property=\"og:locale\" content=\"fr_FR\" \/>\r\n<meta property=\"og:type\" content=\"article\" \/>\r\n<meta property=\"og:title\" content=\"DERMACEUTIC ACTIV RETINOL 1.0 SERUM ANTI AGE INTENSIF DES 45 ANS 30 ML - Paracherkaoui.ma\" \/>\r\n<meta property=\"og:description\" content=\"DESCRIPTION : Activ Retinol 1.0 de DERMACEUTIC, le soin anti-\u00e2ge tr\u00e8s concentr\u00e9 en r\u00e9tinol qui s\u2019adresse aux femmes aux peaux\" \/>\r\n<meta property=\"og:url\" content=\"https:\/\/paracherkaoui.ma\/index.php\/produit\/dermaceutic-activ-retinol-1-0-serum-anti-age-intensif-des-45-ans-30-ml\/\" \/>\r\n<meta property=\"og:site_name\" content=\"Paracherkaoui.ma\" \/>\r\n<meta property=\"article:modified_time\" content=\"2025-12-12T17:17:38+00:00\" \/>\r\n<meta property=\"og:image\" content=\"https:\/\/paracherkaoui.ma\/wp-content\/uploads\/2025\/12\/dermaceutic-activ-retinol-10-serum-anti-age-intensif-des-45-ans-30-ml.jpg\" \/>\r\n\t<meta property=\"og:image:width\" content=\"700\" \/>\r\n\t<meta property=\"og:image:height\" content=\"700\" \/>\r\n\t<meta property=\"og:image:type\" content=\"image\/jpeg\" \/>\r\n<meta name=\"twitter:card\" content=\"summary_large_image\" \/>\r\n<meta name=\"twitter:label1\" content=\"Dur\u00e9e de lecture estim\u00e9e\" \/>\n\t<meta name=\"twitter:data1\" content=\"1 minute\" \/>\r\n<script type=\"application\/ld+json\" class=\"yoast-schema-graph\">{\"@context\":\"https:\/\/schema.org\",\"@graph\":[{\"@type\":\"WebPage\",\"@id\":\"https:\/\/paracherkaoui.ma\/index.php\/produit\/dermaceutic-activ-retinol-1-0-serum-anti-age-intensif-des-45-ans-30-ml\/\",\"url\":\"https:\/\/paracherkaoui.ma\/index.php\/produit\/dermaceutic-activ-retinol-1-0-serum-anti-age-intensif-des-45-ans-30-ml\/\",\"name\":\"DERMACEUTIC ACTIV RETINOL 1.0 SERUM ANTI AGE INTENSIF DES 45 ANS 30 ML - Paracherkaoui.ma\",\"isPartOf\":{\"@id\":\"https:\/\/paracherkaoui.ma\/#website\"},\"primaryImageOfPage\":{\"@id\":\"https:\/\/paracherkaoui.ma\/index.php\/produit\/dermaceutic-activ-retinol-1-0-serum-anti-age-intensif-des-45-ans-30-ml\/#primaryimage\"},\"image\":{\"@id\":\"https:\/\/paracherkaoui.ma\/index.php\/produit\/dermaceutic-activ-retinol-1-0-serum-anti-age-intensif-des-45-ans-30-ml\/#primaryimage\"},\"thumbnailUrl\":\"https:\/\/paracherkaoui.ma\/wp-content\/uploads\/2025\/12\/dermaceutic-activ-retinol-10-serum-anti-age-intensif-des-45-ans-30-ml.jpg\",\"datePublished\":\"2025-12-12T17:17:36+00:00\",\"dateModified\":\"2025-12-12T17:17:38+00:00\",\"breadcrumb\":{\"@id\":\"https:\/\/paracherkaoui.ma\/index.php\/produit\/dermaceutic-activ-retinol-1-0-serum-anti-age-intensif-des-45-ans-30-ml\/#breadcrumb\"},\"inLanguage\":\"fr-FR\",\"potentialAction\":[{\"@type\":\"ReadAction\",\"target\":[\"https:\/\/paracherkaoui.ma\/index.php\/produit\/dermaceutic-activ-retinol-1-0-serum-anti-age-intensif-des-45-ans-30-ml\/\"]}]},{\"@type\":\"ImageObject\",\"inLanguage\":\"fr-FR\",\"@id\":\"https:\/\/paracherkaoui.ma\/index.php\/produit\/dermaceutic-activ-retinol-1-0-serum-anti-age-intensif-des-45-ans-30-ml\/#primaryimage\",\"url\":\"https:\/\/paracherkaoui.ma\/wp-content\/uploads\/2025\/12\/dermaceutic-activ-retinol-10-serum-anti-age-intensif-des-45-ans-30-ml.jpg\",\"contentUrl\":\"https:\/\/paracherkaoui.ma\/wp-content\/uploads\/2025\/12\/dermaceutic-activ-retinol-10-serum-anti-age-intensif-des-45-ans-30-ml.jpg\",\"width\":700,\"height\":700},{\"@type\":\"BreadcrumbList\",\"@id\":\"https:\/\/paracherkaoui.ma\/index.php\/produit\/dermaceutic-activ-retinol-1-0-serum-anti-age-intensif-des-45-ans-30-ml\/#breadcrumb\",\"itemListElement\":[{\"@type\":\"ListItem\",\"position\":1,\"name\":\"Accueil\",\"item\":\"https:\/\/paracherkaoui.ma\/\"},{\"@type\":\"ListItem\",\"position\":2,\"name\":\"Boutique\",\"item\":\"https:\/\/paracherkaoui.ma\/index.php\/boutique\/\"},{\"@type\":\"ListItem\",\"position\":3,\"name\":\"DERMACEUTIC ACTIV RETINOL 1.0 SERUM ANTI AGE INTENSIF DES 45 ANS 30 ML\"}]},{\"@type\":\"WebSite\",\"@id\":\"https:\/\/paracherkaoui.ma\/#website\",\"url\":\"https:\/\/paracherkaoui.ma\/\",\"name\":\"Paracherkaoui.ma\",\"description\":\"Achetez en ligne sur Paracherkaoui.ma\",\"potentialAction\":[{\"@type\":\"SearchAction\",\"target\":{\"@type\":\"EntryPoint\",\"urlTemplate\":\"https:\/\/paracherkaoui.ma\/?s={search_term_string}\"},\"query-input\":{\"@type\":\"PropertyValueSpecification\",\"valueRequired\":true,\"valueName\":\"search_term_string\"}}],\"inLanguage\":\"fr-FR\"}]}<\/script>\r\n<!-- \/ Yoast SEO plugin. -->","yoast_head_json":{"title":"DERMACEUTIC ACTIV RETINOL 1.0 SERUM ANTI AGE INTENSIF DES 45 ANS 30 ML - Paracherkaoui.ma","robots":{"index":"index","follow":"follow","max-snippet":"max-snippet:-1","max-image-preview":"max-image-preview:large","max-video-preview":"max-video-preview:-1"},"canonical":"https:\/\/paracherkaoui.ma\/index.php\/produit\/dermaceutic-activ-retinol-1-0-serum-anti-age-intensif-des-45-ans-30-ml\/","og_locale":"fr_FR","og_type":"article","og_title":"DERMACEUTIC ACTIV RETINOL 1.0 SERUM ANTI AGE INTENSIF DES 45 ANS 30 ML - Paracherkaoui.ma","og_description":"DESCRIPTION : Activ Retinol 1.0 de DERMACEUTIC, le soin anti-\u00e2ge tr\u00e8s concentr\u00e9 en r\u00e9tinol qui s\u2019adresse aux femmes aux peaux","og_url":"https:\/\/paracherkaoui.ma\/index.php\/produit\/dermaceutic-activ-retinol-1-0-serum-anti-age-intensif-des-45-ans-30-ml\/","og_site_name":"Paracherkaoui.ma","article_modified_time":"2025-12-12T17:17:38+00:00","og_image":[{"width":700,"height":700,"url":"https:\/\/paracherkaoui.ma\/wp-content\/uploads\/2025\/12\/dermaceutic-activ-retinol-10-serum-anti-age-intensif-des-45-ans-30-ml.jpg","type":"image\/jpeg"}],"twitter_card":"summary_large_image","twitter_misc":{"Dur\u00e9e de lecture estim\u00e9e":"1 minute"},"schema":{"@context":"https:\/\/schema.org","@graph":[{"@type":"WebPage","@id":"https:\/\/paracherkaoui.ma\/index.php\/produit\/dermaceutic-activ-retinol-1-0-serum-anti-age-intensif-des-45-ans-30-ml\/","url":"https:\/\/paracherkaoui.ma\/index.php\/produit\/dermaceutic-activ-retinol-1-0-serum-anti-age-intensif-des-45-ans-30-ml\/","name":"DERMACEUTIC ACTIV RETINOL 1.0 SERUM ANTI AGE INTENSIF DES 45 ANS 30 ML - Paracherkaoui.ma","isPartOf":{"@id":"https:\/\/paracherkaoui.ma\/#website"},"primaryImageOfPage":{"@id":"https:\/\/paracherkaoui.ma\/index.php\/produit\/dermaceutic-activ-retinol-1-0-serum-anti-age-intensif-des-45-ans-30-ml\/#primaryimage"},"image":{"@id":"https:\/\/paracherkaoui.ma\/index.php\/produit\/dermaceutic-activ-retinol-1-0-serum-anti-age-intensif-des-45-ans-30-ml\/#primaryimage"},"thumbnailUrl":"https:\/\/paracherkaoui.ma\/wp-content\/uploads\/2025\/12\/dermaceutic-activ-retinol-10-serum-anti-age-intensif-des-45-ans-30-ml.jpg","datePublished":"2025-12-12T17:17:36+00:00","dateModified":"2025-12-12T17:17:38+00:00","breadcrumb":{"@id":"https:\/\/paracherkaoui.ma\/index.php\/produit\/dermaceutic-activ-retinol-1-0-serum-anti-age-intensif-des-45-ans-30-ml\/#breadcrumb"},"inLanguage":"fr-FR","potentialAction":[{"@type":"ReadAction","target":["https:\/\/paracherkaoui.ma\/index.php\/produit\/dermaceutic-activ-retinol-1-0-serum-anti-age-intensif-des-45-ans-30-ml\/"]}]},{"@type":"ImageObject","inLanguage":"fr-FR","@id":"https:\/\/paracherkaoui.ma\/index.php\/produit\/dermaceutic-activ-retinol-1-0-serum-anti-age-intensif-des-45-ans-30-ml\/#primaryimage","url":"https:\/\/paracherkaoui.ma\/wp-content\/uploads\/2025\/12\/dermaceutic-activ-retinol-10-serum-anti-age-intensif-des-45-ans-30-ml.jpg","contentUrl":"https:\/\/paracherkaoui.ma\/wp-content\/uploads\/2025\/12\/dermaceutic-activ-retinol-10-serum-anti-age-intensif-des-45-ans-30-ml.jpg","width":700,"height":700},{"@type":"BreadcrumbList","@id":"https:\/\/paracherkaoui.ma\/index.php\/produit\/dermaceutic-activ-retinol-1-0-serum-anti-age-intensif-des-45-ans-30-ml\/#breadcrumb","itemListElement":[{"@type":"ListItem","position":1,"name":"Accueil","item":"https:\/\/paracherkaoui.ma\/"},{"@type":"ListItem","position":2,"name":"Boutique","item":"https:\/\/paracherkaoui.ma\/index.php\/boutique\/"},{"@type":"ListItem","position":3,"name":"DERMACEUTIC ACTIV RETINOL 1.0 SERUM ANTI AGE INTENSIF DES 45 ANS 30 ML"}]},{"@type":"WebSite","@id":"https:\/\/paracherkaoui.ma\/#website","url":"https:\/\/paracherkaoui.ma\/","name":"Paracherkaoui.ma","description":"Achetez en ligne sur Paracherkaoui.ma","potentialAction":[{"@type":"SearchAction","target":{"@type":"EntryPoint","urlTemplate":"https:\/\/paracherkaoui.ma\/?s={search_term_string}"},"query-input":{"@type":"PropertyValueSpecification","valueRequired":true,"valueName":"search_term_string"}}],"inLanguage":"fr-FR"}]}},"_links":{"self":[{"href":"https:\/\/paracherkaoui.ma\/index.php\/wp-json\/wp\/v2\/product\/22963","targetHints":{"allow":["GET"]}}],"collection":[{"href":"https:\/\/paracherkaoui.ma\/index.php\/wp-json\/wp\/v2\/product"}],"about":[{"href":"https:\/\/paracherkaoui.ma\/index.php\/wp-json\/wp\/v2\/types\/product"}],"replies":[{"embeddable":true,"href":"https:\/\/paracherkaoui.ma\/index.php\/wp-json\/wp\/v2\/comments?post=22963"}],"version-history":[{"count":1,"href":"https:\/\/paracherkaoui.ma\/index.php\/wp-json\/wp\/v2\/product\/22963\/revisions"}],"predecessor-version":[{"id":22996,"href":"https:\/\/paracherkaoui.ma\/index.php\/wp-json\/wp\/v2\/product\/22963\/revisions\/22996"}],"wp:featuredmedia":[{"embeddable":true,"href":"https:\/\/paracherkaoui.ma\/index.php\/wp-json\/wp\/v2\/media\/22995"}],"wp:attachment":[{"href":"https:\/\/paracherkaoui.ma\/index.php\/wp-json\/wp\/v2\/media?parent=22963"}],"wp:term":[{"taxonomy":"product_brand","embeddable":true,"href":"https:\/\/paracherkaoui.ma\/index.php\/wp-json\/wp\/v2\/product_brand?post=22963"},{"taxonomy":"product_cat","embeddable":true,"href":"https:\/\/paracherkaoui.ma\/index.php\/wp-json\/wp\/v2\/product_cat?post=22963"},{"taxonomy":"product_tag","embeddable":true,"href":"https:\/\/paracherkaoui.ma\/index.php\/wp-json\/wp\/v2\/product_tag?post=22963"}],"curies":[{"name":"wp","href":"https:\/\/api.w.org\/{rel}","templated":true}]}}