{"id":22927,"date":"2025-12-12T18:17:22","date_gmt":"2025-12-12T17:17:22","guid":{"rendered":"https:\/\/test.ecbeaute.com\/?post_type=product&#038;p=22927"},"modified":"2025-12-12T18:17:24","modified_gmt":"2025-12-12T17:17:24","slug":"cantabria-endocare-renewal-retinol-intensive-serum-0-5-30-ml","status":"publish","type":"product","link":"https:\/\/paracherkaoui.ma\/index.php\/produit\/cantabria-endocare-renewal-retinol-intensive-serum-0-5-30-ml\/","title":{"rendered":"CANTABRIA ENDOCARE RENEWAL RETINOL INTENSIVE SERUM 0.5% 30 ML"},"content":{"rendered":"<p>Le s\u00e9rum \u00e0 texture anhydre formul\u00e9 avec la technologie RetinSphere\u00a0contient une forte concentration de r\u00e9tino\u00efdes dans des micro\u00e9ponges qui assurent une retexturisation intensive et un renouvellement \u00e9pidermique. R\u00e9duit visiblement les rides et ridules et unifie la texture, am\u00e9liorant ainsi l\u2019apparence et la luminosit\u00e9 de la peau.<br \/>\nCONSEILS D\u2019UTILISATION :<br \/>\nAppliquer le soir sur la peau nettoy\u00e9e du visage, en augmentant la fr\u00e9quence en fonction de la tol\u00e9rance, comme indiqu\u00e9 dans le programme Renouvellement ou par votre professionnel des soins de la peau. \u00c9vitez l\u2019exposition au soleil ou utilisez une photoprotection<\/p>\n","protected":false},"excerpt":{"rendered":"<p>Le s\u00e9rum \u00e0 texture anhydre formul\u00e9 avec la technologie RetinSphere\u00a0contient une forte concentration de r\u00e9tino\u00efdes dans des micro\u00e9ponges qui assurent<\/p>\n","protected":false},"featured_media":22951,"comment_status":"open","ping_status":"closed","template":"","meta":[],"product_brand":[147],"product_cat":[488],"product_tag":[],"class_list":{"0":"post-22927","1":"product","2":"type-product","3":"status-publish","4":"has-post-thumbnail","6":"product_brand-cantabria","7":"product_cat-peaux-matures","9":"first","10":"instock","11":"sale","12":"shipping-taxable","13":"purchasable","14":"product-type-simple"},"yoast_head":"<!-- This site is optimized with the Yoast SEO plugin v26.6 - https:\/\/yoast.com\/wordpress\/plugins\/seo\/ -->\r\n<title>CANTABRIA ENDOCARE RENEWAL RETINOL INTENSIVE SERUM 0.5% 30 ML - Paracherkaoui.ma<\/title>\r\n<meta name=\"robots\" content=\"index, follow, max-snippet:-1, max-image-preview:large, max-video-preview:-1\" \/>\r\n<link rel=\"canonical\" href=\"https:\/\/paracherkaoui.ma\/index.php\/produit\/cantabria-endocare-renewal-retinol-intensive-serum-0-5-30-ml\/\" \/>\r\n<meta property=\"og:locale\" content=\"fr_FR\" \/>\r\n<meta property=\"og:type\" content=\"article\" \/>\r\n<meta property=\"og:title\" content=\"CANTABRIA ENDOCARE RENEWAL RETINOL INTENSIVE SERUM 0.5% 30 ML - Paracherkaoui.ma\" \/>\r\n<meta property=\"og:description\" content=\"Le s\u00e9rum \u00e0 texture anhydre formul\u00e9 avec la technologie RetinSphere\u00a0contient une forte concentration de r\u00e9tino\u00efdes dans des micro\u00e9ponges qui assurent\" \/>\r\n<meta property=\"og:url\" content=\"https:\/\/paracherkaoui.ma\/index.php\/produit\/cantabria-endocare-renewal-retinol-intensive-serum-0-5-30-ml\/\" \/>\r\n<meta property=\"og:site_name\" content=\"Paracherkaoui.ma\" \/>\r\n<meta property=\"article:modified_time\" content=\"2025-12-12T17:17:24+00:00\" \/>\r\n<meta property=\"og:image\" content=\"https:\/\/paracherkaoui.ma\/wp-content\/uploads\/2025\/12\/cantabria-cantabria-endocare-renewal-retinol-intensive-serum-05-30-ml-peaux-matures.jpg\" \/>\r\n\t<meta property=\"og:image:width\" content=\"700\" \/>\r\n\t<meta property=\"og:image:height\" content=\"700\" \/>\r\n\t<meta property=\"og:image:type\" content=\"image\/jpeg\" \/>\r\n<meta name=\"twitter:card\" content=\"summary_large_image\" \/>\r\n<meta name=\"twitter:label1\" content=\"Dur\u00e9e de lecture estim\u00e9e\" \/>\n\t<meta name=\"twitter:data1\" content=\"1 minute\" \/>\r\n<script type=\"application\/ld+json\" class=\"yoast-schema-graph\">{\"@context\":\"https:\/\/schema.org\",\"@graph\":[{\"@type\":\"WebPage\",\"@id\":\"https:\/\/paracherkaoui.ma\/index.php\/produit\/cantabria-endocare-renewal-retinol-intensive-serum-0-5-30-ml\/\",\"url\":\"https:\/\/paracherkaoui.ma\/index.php\/produit\/cantabria-endocare-renewal-retinol-intensive-serum-0-5-30-ml\/\",\"name\":\"CANTABRIA ENDOCARE RENEWAL RETINOL INTENSIVE SERUM 0.5% 30 ML - Paracherkaoui.ma\",\"isPartOf\":{\"@id\":\"https:\/\/paracherkaoui.ma\/#website\"},\"primaryImageOfPage\":{\"@id\":\"https:\/\/paracherkaoui.ma\/index.php\/produit\/cantabria-endocare-renewal-retinol-intensive-serum-0-5-30-ml\/#primaryimage\"},\"image\":{\"@id\":\"https:\/\/paracherkaoui.ma\/index.php\/produit\/cantabria-endocare-renewal-retinol-intensive-serum-0-5-30-ml\/#primaryimage\"},\"thumbnailUrl\":\"https:\/\/paracherkaoui.ma\/wp-content\/uploads\/2025\/12\/cantabria-cantabria-endocare-renewal-retinol-intensive-serum-05-30-ml-peaux-matures.jpg\",\"datePublished\":\"2025-12-12T17:17:22+00:00\",\"dateModified\":\"2025-12-12T17:17:24+00:00\",\"breadcrumb\":{\"@id\":\"https:\/\/paracherkaoui.ma\/index.php\/produit\/cantabria-endocare-renewal-retinol-intensive-serum-0-5-30-ml\/#breadcrumb\"},\"inLanguage\":\"fr-FR\",\"potentialAction\":[{\"@type\":\"ReadAction\",\"target\":[\"https:\/\/paracherkaoui.ma\/index.php\/produit\/cantabria-endocare-renewal-retinol-intensive-serum-0-5-30-ml\/\"]}]},{\"@type\":\"ImageObject\",\"inLanguage\":\"fr-FR\",\"@id\":\"https:\/\/paracherkaoui.ma\/index.php\/produit\/cantabria-endocare-renewal-retinol-intensive-serum-0-5-30-ml\/#primaryimage\",\"url\":\"https:\/\/paracherkaoui.ma\/wp-content\/uploads\/2025\/12\/cantabria-cantabria-endocare-renewal-retinol-intensive-serum-05-30-ml-peaux-matures.jpg\",\"contentUrl\":\"https:\/\/paracherkaoui.ma\/wp-content\/uploads\/2025\/12\/cantabria-cantabria-endocare-renewal-retinol-intensive-serum-05-30-ml-peaux-matures.jpg\",\"width\":700,\"height\":700},{\"@type\":\"BreadcrumbList\",\"@id\":\"https:\/\/paracherkaoui.ma\/index.php\/produit\/cantabria-endocare-renewal-retinol-intensive-serum-0-5-30-ml\/#breadcrumb\",\"itemListElement\":[{\"@type\":\"ListItem\",\"position\":1,\"name\":\"Accueil\",\"item\":\"https:\/\/paracherkaoui.ma\/\"},{\"@type\":\"ListItem\",\"position\":2,\"name\":\"Boutique\",\"item\":\"https:\/\/paracherkaoui.ma\/index.php\/boutique\/\"},{\"@type\":\"ListItem\",\"position\":3,\"name\":\"CANTABRIA ENDOCARE RENEWAL RETINOL INTENSIVE SERUM 0.5% 30 ML\"}]},{\"@type\":\"WebSite\",\"@id\":\"https:\/\/paracherkaoui.ma\/#website\",\"url\":\"https:\/\/paracherkaoui.ma\/\",\"name\":\"Paracherkaoui.ma\",\"description\":\"Achetez en ligne sur Paracherkaoui.ma\",\"potentialAction\":[{\"@type\":\"SearchAction\",\"target\":{\"@type\":\"EntryPoint\",\"urlTemplate\":\"https:\/\/paracherkaoui.ma\/?s={search_term_string}\"},\"query-input\":{\"@type\":\"PropertyValueSpecification\",\"valueRequired\":true,\"valueName\":\"search_term_string\"}}],\"inLanguage\":\"fr-FR\"}]}<\/script>\r\n<!-- \/ Yoast SEO plugin. -->","yoast_head_json":{"title":"CANTABRIA ENDOCARE RENEWAL RETINOL INTENSIVE SERUM 0.5% 30 ML - Paracherkaoui.ma","robots":{"index":"index","follow":"follow","max-snippet":"max-snippet:-1","max-image-preview":"max-image-preview:large","max-video-preview":"max-video-preview:-1"},"canonical":"https:\/\/paracherkaoui.ma\/index.php\/produit\/cantabria-endocare-renewal-retinol-intensive-serum-0-5-30-ml\/","og_locale":"fr_FR","og_type":"article","og_title":"CANTABRIA ENDOCARE RENEWAL RETINOL INTENSIVE SERUM 0.5% 30 ML - Paracherkaoui.ma","og_description":"Le s\u00e9rum \u00e0 texture anhydre formul\u00e9 avec la technologie RetinSphere\u00a0contient une forte concentration de r\u00e9tino\u00efdes dans des micro\u00e9ponges qui assurent","og_url":"https:\/\/paracherkaoui.ma\/index.php\/produit\/cantabria-endocare-renewal-retinol-intensive-serum-0-5-30-ml\/","og_site_name":"Paracherkaoui.ma","article_modified_time":"2025-12-12T17:17:24+00:00","og_image":[{"width":700,"height":700,"url":"https:\/\/paracherkaoui.ma\/wp-content\/uploads\/2025\/12\/cantabria-cantabria-endocare-renewal-retinol-intensive-serum-05-30-ml-peaux-matures.jpg","type":"image\/jpeg"}],"twitter_card":"summary_large_image","twitter_misc":{"Dur\u00e9e de lecture estim\u00e9e":"1 minute"},"schema":{"@context":"https:\/\/schema.org","@graph":[{"@type":"WebPage","@id":"https:\/\/paracherkaoui.ma\/index.php\/produit\/cantabria-endocare-renewal-retinol-intensive-serum-0-5-30-ml\/","url":"https:\/\/paracherkaoui.ma\/index.php\/produit\/cantabria-endocare-renewal-retinol-intensive-serum-0-5-30-ml\/","name":"CANTABRIA ENDOCARE RENEWAL RETINOL INTENSIVE SERUM 0.5% 30 ML - Paracherkaoui.ma","isPartOf":{"@id":"https:\/\/paracherkaoui.ma\/#website"},"primaryImageOfPage":{"@id":"https:\/\/paracherkaoui.ma\/index.php\/produit\/cantabria-endocare-renewal-retinol-intensive-serum-0-5-30-ml\/#primaryimage"},"image":{"@id":"https:\/\/paracherkaoui.ma\/index.php\/produit\/cantabria-endocare-renewal-retinol-intensive-serum-0-5-30-ml\/#primaryimage"},"thumbnailUrl":"https:\/\/paracherkaoui.ma\/wp-content\/uploads\/2025\/12\/cantabria-cantabria-endocare-renewal-retinol-intensive-serum-05-30-ml-peaux-matures.jpg","datePublished":"2025-12-12T17:17:22+00:00","dateModified":"2025-12-12T17:17:24+00:00","breadcrumb":{"@id":"https:\/\/paracherkaoui.ma\/index.php\/produit\/cantabria-endocare-renewal-retinol-intensive-serum-0-5-30-ml\/#breadcrumb"},"inLanguage":"fr-FR","potentialAction":[{"@type":"ReadAction","target":["https:\/\/paracherkaoui.ma\/index.php\/produit\/cantabria-endocare-renewal-retinol-intensive-serum-0-5-30-ml\/"]}]},{"@type":"ImageObject","inLanguage":"fr-FR","@id":"https:\/\/paracherkaoui.ma\/index.php\/produit\/cantabria-endocare-renewal-retinol-intensive-serum-0-5-30-ml\/#primaryimage","url":"https:\/\/paracherkaoui.ma\/wp-content\/uploads\/2025\/12\/cantabria-cantabria-endocare-renewal-retinol-intensive-serum-05-30-ml-peaux-matures.jpg","contentUrl":"https:\/\/paracherkaoui.ma\/wp-content\/uploads\/2025\/12\/cantabria-cantabria-endocare-renewal-retinol-intensive-serum-05-30-ml-peaux-matures.jpg","width":700,"height":700},{"@type":"BreadcrumbList","@id":"https:\/\/paracherkaoui.ma\/index.php\/produit\/cantabria-endocare-renewal-retinol-intensive-serum-0-5-30-ml\/#breadcrumb","itemListElement":[{"@type":"ListItem","position":1,"name":"Accueil","item":"https:\/\/paracherkaoui.ma\/"},{"@type":"ListItem","position":2,"name":"Boutique","item":"https:\/\/paracherkaoui.ma\/index.php\/boutique\/"},{"@type":"ListItem","position":3,"name":"CANTABRIA ENDOCARE RENEWAL RETINOL INTENSIVE SERUM 0.5% 30 ML"}]},{"@type":"WebSite","@id":"https:\/\/paracherkaoui.ma\/#website","url":"https:\/\/paracherkaoui.ma\/","name":"Paracherkaoui.ma","description":"Achetez en ligne sur Paracherkaoui.ma","potentialAction":[{"@type":"SearchAction","target":{"@type":"EntryPoint","urlTemplate":"https:\/\/paracherkaoui.ma\/?s={search_term_string}"},"query-input":{"@type":"PropertyValueSpecification","valueRequired":true,"valueName":"search_term_string"}}],"inLanguage":"fr-FR"}]}},"_links":{"self":[{"href":"https:\/\/paracherkaoui.ma\/index.php\/wp-json\/wp\/v2\/product\/22927","targetHints":{"allow":["GET"]}}],"collection":[{"href":"https:\/\/paracherkaoui.ma\/index.php\/wp-json\/wp\/v2\/product"}],"about":[{"href":"https:\/\/paracherkaoui.ma\/index.php\/wp-json\/wp\/v2\/types\/product"}],"replies":[{"embeddable":true,"href":"https:\/\/paracherkaoui.ma\/index.php\/wp-json\/wp\/v2\/comments?post=22927"}],"version-history":[{"count":1,"href":"https:\/\/paracherkaoui.ma\/index.php\/wp-json\/wp\/v2\/product\/22927\/revisions"}],"predecessor-version":[{"id":22952,"href":"https:\/\/paracherkaoui.ma\/index.php\/wp-json\/wp\/v2\/product\/22927\/revisions\/22952"}],"wp:featuredmedia":[{"embeddable":true,"href":"https:\/\/paracherkaoui.ma\/index.php\/wp-json\/wp\/v2\/media\/22951"}],"wp:attachment":[{"href":"https:\/\/paracherkaoui.ma\/index.php\/wp-json\/wp\/v2\/media?parent=22927"}],"wp:term":[{"taxonomy":"product_brand","embeddable":true,"href":"https:\/\/paracherkaoui.ma\/index.php\/wp-json\/wp\/v2\/product_brand?post=22927"},{"taxonomy":"product_cat","embeddable":true,"href":"https:\/\/paracherkaoui.ma\/index.php\/wp-json\/wp\/v2\/product_cat?post=22927"},{"taxonomy":"product_tag","embeddable":true,"href":"https:\/\/paracherkaoui.ma\/index.php\/wp-json\/wp\/v2\/product_tag?post=22927"}],"curies":[{"name":"wp","href":"https:\/\/api.w.org\/{rel}","templated":true}]}}