{"id":22847,"date":"2025-12-12T18:17:12","date_gmt":"2025-12-12T17:17:12","guid":{"rendered":"https:\/\/test.ecbeaute.com\/?post_type=product&#038;p=22847"},"modified":"2025-12-12T18:17:17","modified_gmt":"2025-12-12T17:17:17","slug":"la-roche-posay-cicaplast-b5-spray-concentre-reparateur-apaisant-100-ml","status":"publish","type":"product","link":"https:\/\/paracherkaoui.ma\/index.php\/produit\/la-roche-posay-cicaplast-b5-spray-concentre-reparateur-apaisant-100-ml\/","title":{"rendered":"LA ROCHE POSAY CICAPLAST B5 SPRAY CONCENTRE REPARATEUR APAISANT 100 ML"},"content":{"rendered":"<p>Propos\u00e9 dans un spray de 100\u00a0ml, ce produit est compos\u00e9 de Madecassoside et de panth\u00e9nol ou vitamine B5 avec une concentration \u00e0 5%. D\u2019une tr\u00e8s grande tol\u00e9rance, il a \u00e9t\u00e9 test\u00e9 sous contr\u00f4le dermatologique et ophtalmologique. Il ne pr\u00e9sente donc aucun risque d\u2019effets ind\u00e9sirables.<br \/>\nPermet de r\u00e9parer la barri\u00e8re cutan\u00e9e<br \/>\nFace aux diff\u00e9rentes formes d\u2019agression, la barri\u00e8re protectrice de notre peau s\u2019affaiblit consid\u00e9rablement. Gr\u00e2ce au Mad\u00e9cassoside qui compose la formule de La Roche-Posay cicaplast B5 spray concentr\u00e9 r\u00e9parateur apaisant, ce dernier r\u00e9pare effectivement la barri\u00e8re cutan\u00e9e.<br \/>\nLe Mad\u00e9cassoside est un agent qui apaise et stimule la cicatrisation de la peau. D\u2019o\u00f9 son pouvoir de r\u00e9paration sur une peau sensible et fragilis\u00e9e. Cet \u00e9l\u00e9ment est notamment indispensable pour la structuration tissulaire et \u00e0 la souplesse de la peau. Quant \u00e0 l\u2019eau thermale, elle apporte les min\u00e9raux dont les cellules ont besoin pour se nourrir.<br \/>\nAide \u00e0 apaiser les zones s\u00e8ches et irrit\u00e9es<br \/>\nLe probl\u00e8me majeur avec les peaux sensibles et fragilis\u00e9es, c\u2019est qu\u2019elles sont particuli\u00e8rement difficiles \u00e0 entretenir. Et la s\u00e9cheresse cutan\u00e9e ne fait qu\u2019empirer la situation. La Roche-Posay cicaplast B5 spray concentr\u00e9 r\u00e9parateur apaisant aide \u00e0 apaiser les zones s\u00e8ches et irrit\u00e9es gr\u00e2ce au Panth\u00e9nol.<br \/>\nCe dernier est connu pour ses propri\u00e9t\u00e9s apaisantes et r\u00e9paratrices pour la peau. Il renforce \u00e9galement le barrage aux diff\u00e9rents agents pathog\u00e8nes en limitant la d\u00e9shydratation. De plus, d\u2019une grande efficacit\u00e9, ce produit apaise imm\u00e9diatement apr\u00e8s application. Enfin, il respecte parfaitement le microbiome cutan\u00e9 avec sa formule non ass\u00e8chante.<\/p>\n","protected":false},"excerpt":{"rendered":"<p>Propos\u00e9 dans un spray de 100\u00a0ml, ce produit est compos\u00e9 de Madecassoside et de panth\u00e9nol ou vitamine B5 avec une<\/p>\n","protected":false},"featured_media":22883,"comment_status":"open","ping_status":"closed","template":"","meta":[],"product_brand":[132],"product_cat":[482],"product_tag":[],"class_list":{"0":"post-22847","1":"product","2":"type-product","3":"status-publish","4":"has-post-thumbnail","6":"product_brand-la-roche-posay","7":"product_cat-pommades-et-cremes-cicatrisantes","9":"first","10":"instock","11":"sale","12":"shipping-taxable","13":"purchasable","14":"product-type-simple"},"yoast_head":"<!-- This site is optimized with the Yoast SEO plugin v26.6 - https:\/\/yoast.com\/wordpress\/plugins\/seo\/ -->\r\n<title>LA ROCHE POSAY CICAPLAST B5 SPRAY CONCENTRE REPARATEUR APAISANT 100 ML - Paracherkaoui.ma<\/title>\r\n<meta name=\"robots\" content=\"index, follow, max-snippet:-1, max-image-preview:large, max-video-preview:-1\" \/>\r\n<link rel=\"canonical\" href=\"https:\/\/paracherkaoui.ma\/index.php\/produit\/la-roche-posay-cicaplast-b5-spray-concentre-reparateur-apaisant-100-ml\/\" \/>\r\n<meta property=\"og:locale\" content=\"fr_FR\" \/>\r\n<meta property=\"og:type\" content=\"article\" \/>\r\n<meta property=\"og:title\" content=\"LA ROCHE POSAY CICAPLAST B5 SPRAY CONCENTRE REPARATEUR APAISANT 100 ML - Paracherkaoui.ma\" \/>\r\n<meta property=\"og:description\" content=\"Propos\u00e9 dans un spray de 100\u00a0ml, ce produit est compos\u00e9 de Madecassoside et de panth\u00e9nol ou vitamine B5 avec une\" \/>\r\n<meta property=\"og:url\" content=\"https:\/\/paracherkaoui.ma\/index.php\/produit\/la-roche-posay-cicaplast-b5-spray-concentre-reparateur-apaisant-100-ml\/\" \/>\r\n<meta property=\"og:site_name\" content=\"Paracherkaoui.ma\" \/>\r\n<meta property=\"article:modified_time\" content=\"2025-12-12T17:17:17+00:00\" \/>\r\n<meta property=\"og:image\" content=\"https:\/\/paracherkaoui.ma\/wp-content\/uploads\/2025\/12\/la-roche-posay-la-roche-posay-cicaplast-b5-spray-concentre-reparateur-apaisant-100-ml-pommades-et-cremes-cicatrisantes.jpg\" \/>\r\n\t<meta property=\"og:image:width\" content=\"700\" \/>\r\n\t<meta property=\"og:image:height\" content=\"700\" \/>\r\n\t<meta property=\"og:image:type\" content=\"image\/jpeg\" \/>\r\n<meta name=\"twitter:card\" content=\"summary_large_image\" \/>\r\n<meta name=\"twitter:label1\" content=\"Dur\u00e9e de lecture estim\u00e9e\" \/>\n\t<meta name=\"twitter:data1\" content=\"1 minute\" \/>\r\n<script type=\"application\/ld+json\" class=\"yoast-schema-graph\">{\"@context\":\"https:\/\/schema.org\",\"@graph\":[{\"@type\":\"WebPage\",\"@id\":\"https:\/\/paracherkaoui.ma\/index.php\/produit\/la-roche-posay-cicaplast-b5-spray-concentre-reparateur-apaisant-100-ml\/\",\"url\":\"https:\/\/paracherkaoui.ma\/index.php\/produit\/la-roche-posay-cicaplast-b5-spray-concentre-reparateur-apaisant-100-ml\/\",\"name\":\"LA ROCHE POSAY CICAPLAST B5 SPRAY CONCENTRE REPARATEUR APAISANT 100 ML - Paracherkaoui.ma\",\"isPartOf\":{\"@id\":\"https:\/\/paracherkaoui.ma\/#website\"},\"primaryImageOfPage\":{\"@id\":\"https:\/\/paracherkaoui.ma\/index.php\/produit\/la-roche-posay-cicaplast-b5-spray-concentre-reparateur-apaisant-100-ml\/#primaryimage\"},\"image\":{\"@id\":\"https:\/\/paracherkaoui.ma\/index.php\/produit\/la-roche-posay-cicaplast-b5-spray-concentre-reparateur-apaisant-100-ml\/#primaryimage\"},\"thumbnailUrl\":\"https:\/\/paracherkaoui.ma\/wp-content\/uploads\/2025\/12\/la-roche-posay-la-roche-posay-cicaplast-b5-spray-concentre-reparateur-apaisant-100-ml-pommades-et-cremes-cicatrisantes.jpg\",\"datePublished\":\"2025-12-12T17:17:12+00:00\",\"dateModified\":\"2025-12-12T17:17:17+00:00\",\"breadcrumb\":{\"@id\":\"https:\/\/paracherkaoui.ma\/index.php\/produit\/la-roche-posay-cicaplast-b5-spray-concentre-reparateur-apaisant-100-ml\/#breadcrumb\"},\"inLanguage\":\"fr-FR\",\"potentialAction\":[{\"@type\":\"ReadAction\",\"target\":[\"https:\/\/paracherkaoui.ma\/index.php\/produit\/la-roche-posay-cicaplast-b5-spray-concentre-reparateur-apaisant-100-ml\/\"]}]},{\"@type\":\"ImageObject\",\"inLanguage\":\"fr-FR\",\"@id\":\"https:\/\/paracherkaoui.ma\/index.php\/produit\/la-roche-posay-cicaplast-b5-spray-concentre-reparateur-apaisant-100-ml\/#primaryimage\",\"url\":\"https:\/\/paracherkaoui.ma\/wp-content\/uploads\/2025\/12\/la-roche-posay-la-roche-posay-cicaplast-b5-spray-concentre-reparateur-apaisant-100-ml-pommades-et-cremes-cicatrisantes.jpg\",\"contentUrl\":\"https:\/\/paracherkaoui.ma\/wp-content\/uploads\/2025\/12\/la-roche-posay-la-roche-posay-cicaplast-b5-spray-concentre-reparateur-apaisant-100-ml-pommades-et-cremes-cicatrisantes.jpg\",\"width\":700,\"height\":700},{\"@type\":\"BreadcrumbList\",\"@id\":\"https:\/\/paracherkaoui.ma\/index.php\/produit\/la-roche-posay-cicaplast-b5-spray-concentre-reparateur-apaisant-100-ml\/#breadcrumb\",\"itemListElement\":[{\"@type\":\"ListItem\",\"position\":1,\"name\":\"Accueil\",\"item\":\"https:\/\/paracherkaoui.ma\/\"},{\"@type\":\"ListItem\",\"position\":2,\"name\":\"Boutique\",\"item\":\"https:\/\/paracherkaoui.ma\/index.php\/boutique\/\"},{\"@type\":\"ListItem\",\"position\":3,\"name\":\"LA ROCHE POSAY CICAPLAST B5 SPRAY CONCENTRE REPARATEUR APAISANT 100 ML\"}]},{\"@type\":\"WebSite\",\"@id\":\"https:\/\/paracherkaoui.ma\/#website\",\"url\":\"https:\/\/paracherkaoui.ma\/\",\"name\":\"Paracherkaoui.ma\",\"description\":\"Achetez en ligne sur Paracherkaoui.ma\",\"potentialAction\":[{\"@type\":\"SearchAction\",\"target\":{\"@type\":\"EntryPoint\",\"urlTemplate\":\"https:\/\/paracherkaoui.ma\/?s={search_term_string}\"},\"query-input\":{\"@type\":\"PropertyValueSpecification\",\"valueRequired\":true,\"valueName\":\"search_term_string\"}}],\"inLanguage\":\"fr-FR\"}]}<\/script>\r\n<!-- \/ Yoast SEO plugin. -->","yoast_head_json":{"title":"LA ROCHE POSAY CICAPLAST B5 SPRAY CONCENTRE REPARATEUR APAISANT 100 ML - Paracherkaoui.ma","robots":{"index":"index","follow":"follow","max-snippet":"max-snippet:-1","max-image-preview":"max-image-preview:large","max-video-preview":"max-video-preview:-1"},"canonical":"https:\/\/paracherkaoui.ma\/index.php\/produit\/la-roche-posay-cicaplast-b5-spray-concentre-reparateur-apaisant-100-ml\/","og_locale":"fr_FR","og_type":"article","og_title":"LA ROCHE POSAY CICAPLAST B5 SPRAY CONCENTRE REPARATEUR APAISANT 100 ML - Paracherkaoui.ma","og_description":"Propos\u00e9 dans un spray de 100\u00a0ml, ce produit est compos\u00e9 de Madecassoside et de panth\u00e9nol ou vitamine B5 avec une","og_url":"https:\/\/paracherkaoui.ma\/index.php\/produit\/la-roche-posay-cicaplast-b5-spray-concentre-reparateur-apaisant-100-ml\/","og_site_name":"Paracherkaoui.ma","article_modified_time":"2025-12-12T17:17:17+00:00","og_image":[{"width":700,"height":700,"url":"https:\/\/paracherkaoui.ma\/wp-content\/uploads\/2025\/12\/la-roche-posay-la-roche-posay-cicaplast-b5-spray-concentre-reparateur-apaisant-100-ml-pommades-et-cremes-cicatrisantes.jpg","type":"image\/jpeg"}],"twitter_card":"summary_large_image","twitter_misc":{"Dur\u00e9e de lecture estim\u00e9e":"1 minute"},"schema":{"@context":"https:\/\/schema.org","@graph":[{"@type":"WebPage","@id":"https:\/\/paracherkaoui.ma\/index.php\/produit\/la-roche-posay-cicaplast-b5-spray-concentre-reparateur-apaisant-100-ml\/","url":"https:\/\/paracherkaoui.ma\/index.php\/produit\/la-roche-posay-cicaplast-b5-spray-concentre-reparateur-apaisant-100-ml\/","name":"LA ROCHE POSAY CICAPLAST B5 SPRAY CONCENTRE REPARATEUR APAISANT 100 ML - Paracherkaoui.ma","isPartOf":{"@id":"https:\/\/paracherkaoui.ma\/#website"},"primaryImageOfPage":{"@id":"https:\/\/paracherkaoui.ma\/index.php\/produit\/la-roche-posay-cicaplast-b5-spray-concentre-reparateur-apaisant-100-ml\/#primaryimage"},"image":{"@id":"https:\/\/paracherkaoui.ma\/index.php\/produit\/la-roche-posay-cicaplast-b5-spray-concentre-reparateur-apaisant-100-ml\/#primaryimage"},"thumbnailUrl":"https:\/\/paracherkaoui.ma\/wp-content\/uploads\/2025\/12\/la-roche-posay-la-roche-posay-cicaplast-b5-spray-concentre-reparateur-apaisant-100-ml-pommades-et-cremes-cicatrisantes.jpg","datePublished":"2025-12-12T17:17:12+00:00","dateModified":"2025-12-12T17:17:17+00:00","breadcrumb":{"@id":"https:\/\/paracherkaoui.ma\/index.php\/produit\/la-roche-posay-cicaplast-b5-spray-concentre-reparateur-apaisant-100-ml\/#breadcrumb"},"inLanguage":"fr-FR","potentialAction":[{"@type":"ReadAction","target":["https:\/\/paracherkaoui.ma\/index.php\/produit\/la-roche-posay-cicaplast-b5-spray-concentre-reparateur-apaisant-100-ml\/"]}]},{"@type":"ImageObject","inLanguage":"fr-FR","@id":"https:\/\/paracherkaoui.ma\/index.php\/produit\/la-roche-posay-cicaplast-b5-spray-concentre-reparateur-apaisant-100-ml\/#primaryimage","url":"https:\/\/paracherkaoui.ma\/wp-content\/uploads\/2025\/12\/la-roche-posay-la-roche-posay-cicaplast-b5-spray-concentre-reparateur-apaisant-100-ml-pommades-et-cremes-cicatrisantes.jpg","contentUrl":"https:\/\/paracherkaoui.ma\/wp-content\/uploads\/2025\/12\/la-roche-posay-la-roche-posay-cicaplast-b5-spray-concentre-reparateur-apaisant-100-ml-pommades-et-cremes-cicatrisantes.jpg","width":700,"height":700},{"@type":"BreadcrumbList","@id":"https:\/\/paracherkaoui.ma\/index.php\/produit\/la-roche-posay-cicaplast-b5-spray-concentre-reparateur-apaisant-100-ml\/#breadcrumb","itemListElement":[{"@type":"ListItem","position":1,"name":"Accueil","item":"https:\/\/paracherkaoui.ma\/"},{"@type":"ListItem","position":2,"name":"Boutique","item":"https:\/\/paracherkaoui.ma\/index.php\/boutique\/"},{"@type":"ListItem","position":3,"name":"LA ROCHE POSAY CICAPLAST B5 SPRAY CONCENTRE REPARATEUR APAISANT 100 ML"}]},{"@type":"WebSite","@id":"https:\/\/paracherkaoui.ma\/#website","url":"https:\/\/paracherkaoui.ma\/","name":"Paracherkaoui.ma","description":"Achetez en ligne sur Paracherkaoui.ma","potentialAction":[{"@type":"SearchAction","target":{"@type":"EntryPoint","urlTemplate":"https:\/\/paracherkaoui.ma\/?s={search_term_string}"},"query-input":{"@type":"PropertyValueSpecification","valueRequired":true,"valueName":"search_term_string"}}],"inLanguage":"fr-FR"}]}},"_links":{"self":[{"href":"https:\/\/paracherkaoui.ma\/index.php\/wp-json\/wp\/v2\/product\/22847","targetHints":{"allow":["GET"]}}],"collection":[{"href":"https:\/\/paracherkaoui.ma\/index.php\/wp-json\/wp\/v2\/product"}],"about":[{"href":"https:\/\/paracherkaoui.ma\/index.php\/wp-json\/wp\/v2\/types\/product"}],"replies":[{"embeddable":true,"href":"https:\/\/paracherkaoui.ma\/index.php\/wp-json\/wp\/v2\/comments?post=22847"}],"version-history":[{"count":1,"href":"https:\/\/paracherkaoui.ma\/index.php\/wp-json\/wp\/v2\/product\/22847\/revisions"}],"predecessor-version":[{"id":22884,"href":"https:\/\/paracherkaoui.ma\/index.php\/wp-json\/wp\/v2\/product\/22847\/revisions\/22884"}],"wp:featuredmedia":[{"embeddable":true,"href":"https:\/\/paracherkaoui.ma\/index.php\/wp-json\/wp\/v2\/media\/22883"}],"wp:attachment":[{"href":"https:\/\/paracherkaoui.ma\/index.php\/wp-json\/wp\/v2\/media?parent=22847"}],"wp:term":[{"taxonomy":"product_brand","embeddable":true,"href":"https:\/\/paracherkaoui.ma\/index.php\/wp-json\/wp\/v2\/product_brand?post=22847"},{"taxonomy":"product_cat","embeddable":true,"href":"https:\/\/paracherkaoui.ma\/index.php\/wp-json\/wp\/v2\/product_cat?post=22847"},{"taxonomy":"product_tag","embeddable":true,"href":"https:\/\/paracherkaoui.ma\/index.php\/wp-json\/wp\/v2\/product_tag?post=22847"}],"curies":[{"name":"wp","href":"https:\/\/api.w.org\/{rel}","templated":true}]}}