{"id":22771,"date":"2025-12-12T18:17:04","date_gmt":"2025-12-12T17:17:04","guid":{"rendered":"https:\/\/test.ecbeaute.com\/?post_type=product&#038;p=22771"},"modified":"2025-12-12T18:17:09","modified_gmt":"2025-12-12T17:17:09","slug":"placentor-masque-integral-anti-age-340-g","status":"publish","type":"product","link":"https:\/\/paracherkaoui.ma\/index.php\/produit\/placentor-masque-integral-anti-age-340-g\/","title":{"rendered":"PLACENTOR MASQUE INTEGRAL ANTI AGE 3*40 G"},"content":{"rendered":"<p>Propri\u00e9t\u00e9s :<br \/>\nLe Masque int\u00e9gral anti-\u00e2ge est un masque tissu doux, pr\u00eat \u00e0 l\u2019emploi, imbib\u00e9 d\u2019un gel riche en actifs v\u00e9g\u00e9taux aux propri\u00e9t\u00e9s anti-\u00e2ge. Produit cosm\u00e9tique pouvant \u00eatre recommand\u00e9 en compl\u00e9ment de soins esth\u00e9tiques ou dermatologiques. Demandez conseil \u00e0 votre dermatologue ou m\u00e9decin-esth\u00e9tique. Contenance : 40g<br \/>\nR\u00e9sultats :<br \/>\nD\u00e8s la 1\u00e8re application* du Masque anti-\u00e2ge : \u2022 &#8211; R\u00e9duction des rides 53,8% \u2022 &#8211; Fermet\u00e9 et \u00e9clat : 73,1% \u2022 &#8211; R\u00e9hydratation 86,6% *Efficacit\u00e9 constat\u00e9e par les dermatologues et m\u00e9decins esth\u00e9tiques (\u00e9tude clinique men\u00e9e par 11 dermatologues\/m\u00e9decins esth\u00e9tiques aupr\u00e8s de 188 patients)<br \/>\nIngr\u00e9dients :<br \/>\nAqua, Glycerin**, Citrus aurantium dulcis fruit water**, Propanediol, Hydrolyzed collagen, Hydrolyzed soy protein**, Benzyl alcohol, Carbomer, Fagus sylvatica bud extract**, Sodium hydroxide, Parfum, Dehydroacetic acid, Hexyl cinnamal, Chrysanthellum indicum extract**, Kigelia africana fruit extract**, Quillaja saponaria bark extract**, Phenoxyethanol, Butylphenyl methylpropional, Linalool, Benzoic acid, Benzyl benzoate, Limonene, Eugenol, Sorrbic acid. ** Origine v\u00e9g\u00e9tale\/Plant origin<br \/>\nActifs :<br \/>\nPlacenta v\u00e9g\u00e9tal : stimule la r\u00e9g\u00e9n\u00e9ration cellulaire et r\u00e9pare la peau d\u00e8s 2 jours. Apporte une hydratation imm\u00e9diate et durable. Entra\u00eene un effet lissant du micro relief cutan\u00e9. Collag\u00e8ne marin : pr\u00e9vient et att\u00e9nue les rides et ridules en redensifiant l\u2019\u00e9piderme. Dermo-tenseur v\u00e9g\u00e9tal, issu d\u2019arbres exotiques (Quillaja et Kigelia) : lisse la peau pour un effet tenseur et raffermissant. \u00bb<br \/>\nConseils D\u2019utilisation :<br \/>\nEn cure : appliquer le Masque int\u00e9gral anti-\u00e2ge 1 fois par semaine pendant 3 semaines. Prolonger la cure de 3 semaines suppl\u00e9mentaires, si n\u00e9cessaire. En entretien : un masque par mois tout au long de l\u2019ann\u00e9e. Ponctuellement : pour un effet coup d\u2019\u00e9clat imm\u00e9diat.<\/p>\n","protected":false},"excerpt":{"rendered":"<p>Propri\u00e9t\u00e9s : Le Masque int\u00e9gral anti-\u00e2ge est un masque tissu doux, pr\u00eat \u00e0 l\u2019emploi, imbib\u00e9 d\u2019un gel riche en actifs<\/p>\n","protected":false},"featured_media":22821,"comment_status":"open","ping_status":"closed","template":"","meta":[],"product_brand":[244],"product_cat":[473],"product_tag":[],"class_list":{"0":"post-22771","1":"product","2":"type-product","3":"status-publish","4":"has-post-thumbnail","6":"product_brand-placentor","7":"product_cat-masques-visage","9":"first","10":"instock","11":"sale","12":"shipping-taxable","13":"purchasable","14":"product-type-simple"},"yoast_head":"<!-- This site is optimized with the Yoast SEO plugin v26.6 - https:\/\/yoast.com\/wordpress\/plugins\/seo\/ -->\r\n<title>PLACENTOR MASQUE INTEGRAL ANTI AGE 3*40 G - Paracherkaoui.ma<\/title>\r\n<meta name=\"robots\" content=\"index, follow, max-snippet:-1, max-image-preview:large, max-video-preview:-1\" \/>\r\n<link rel=\"canonical\" href=\"https:\/\/paracherkaoui.ma\/index.php\/produit\/placentor-masque-integral-anti-age-340-g\/\" \/>\r\n<meta property=\"og:locale\" content=\"fr_FR\" \/>\r\n<meta property=\"og:type\" content=\"article\" \/>\r\n<meta property=\"og:title\" content=\"PLACENTOR MASQUE INTEGRAL ANTI AGE 3*40 G - Paracherkaoui.ma\" \/>\r\n<meta property=\"og:description\" content=\"Propri\u00e9t\u00e9s : Le Masque int\u00e9gral anti-\u00e2ge est un masque tissu doux, pr\u00eat \u00e0 l\u2019emploi, imbib\u00e9 d\u2019un gel riche en actifs\" \/>\r\n<meta property=\"og:url\" content=\"https:\/\/paracherkaoui.ma\/index.php\/produit\/placentor-masque-integral-anti-age-340-g\/\" \/>\r\n<meta property=\"og:site_name\" content=\"Paracherkaoui.ma\" \/>\r\n<meta property=\"article:modified_time\" content=\"2025-12-12T17:17:09+00:00\" \/>\r\n<meta property=\"og:image\" content=\"https:\/\/paracherkaoui.ma\/wp-content\/uploads\/2025\/12\/placentor-placentor-masque-integral-anti-age-340-g-masques-visage.jpg\" \/>\r\n\t<meta property=\"og:image:width\" content=\"700\" \/>\r\n\t<meta property=\"og:image:height\" content=\"700\" \/>\r\n\t<meta property=\"og:image:type\" content=\"image\/jpeg\" \/>\r\n<meta name=\"twitter:card\" content=\"summary_large_image\" \/>\r\n<meta name=\"twitter:label1\" content=\"Dur\u00e9e de lecture estim\u00e9e\" \/>\n\t<meta name=\"twitter:data1\" content=\"1 minute\" \/>\r\n<script type=\"application\/ld+json\" class=\"yoast-schema-graph\">{\"@context\":\"https:\/\/schema.org\",\"@graph\":[{\"@type\":\"WebPage\",\"@id\":\"https:\/\/paracherkaoui.ma\/index.php\/produit\/placentor-masque-integral-anti-age-340-g\/\",\"url\":\"https:\/\/paracherkaoui.ma\/index.php\/produit\/placentor-masque-integral-anti-age-340-g\/\",\"name\":\"PLACENTOR MASQUE INTEGRAL ANTI AGE 3*40 G - Paracherkaoui.ma\",\"isPartOf\":{\"@id\":\"https:\/\/paracherkaoui.ma\/#website\"},\"primaryImageOfPage\":{\"@id\":\"https:\/\/paracherkaoui.ma\/index.php\/produit\/placentor-masque-integral-anti-age-340-g\/#primaryimage\"},\"image\":{\"@id\":\"https:\/\/paracherkaoui.ma\/index.php\/produit\/placentor-masque-integral-anti-age-340-g\/#primaryimage\"},\"thumbnailUrl\":\"https:\/\/paracherkaoui.ma\/wp-content\/uploads\/2025\/12\/placentor-placentor-masque-integral-anti-age-340-g-masques-visage.jpg\",\"datePublished\":\"2025-12-12T17:17:04+00:00\",\"dateModified\":\"2025-12-12T17:17:09+00:00\",\"breadcrumb\":{\"@id\":\"https:\/\/paracherkaoui.ma\/index.php\/produit\/placentor-masque-integral-anti-age-340-g\/#breadcrumb\"},\"inLanguage\":\"fr-FR\",\"potentialAction\":[{\"@type\":\"ReadAction\",\"target\":[\"https:\/\/paracherkaoui.ma\/index.php\/produit\/placentor-masque-integral-anti-age-340-g\/\"]}]},{\"@type\":\"ImageObject\",\"inLanguage\":\"fr-FR\",\"@id\":\"https:\/\/paracherkaoui.ma\/index.php\/produit\/placentor-masque-integral-anti-age-340-g\/#primaryimage\",\"url\":\"https:\/\/paracherkaoui.ma\/wp-content\/uploads\/2025\/12\/placentor-placentor-masque-integral-anti-age-340-g-masques-visage.jpg\",\"contentUrl\":\"https:\/\/paracherkaoui.ma\/wp-content\/uploads\/2025\/12\/placentor-placentor-masque-integral-anti-age-340-g-masques-visage.jpg\",\"width\":700,\"height\":700},{\"@type\":\"BreadcrumbList\",\"@id\":\"https:\/\/paracherkaoui.ma\/index.php\/produit\/placentor-masque-integral-anti-age-340-g\/#breadcrumb\",\"itemListElement\":[{\"@type\":\"ListItem\",\"position\":1,\"name\":\"Accueil\",\"item\":\"https:\/\/paracherkaoui.ma\/\"},{\"@type\":\"ListItem\",\"position\":2,\"name\":\"Boutique\",\"item\":\"https:\/\/paracherkaoui.ma\/index.php\/boutique\/\"},{\"@type\":\"ListItem\",\"position\":3,\"name\":\"PLACENTOR MASQUE INTEGRAL ANTI AGE 3*40 G\"}]},{\"@type\":\"WebSite\",\"@id\":\"https:\/\/paracherkaoui.ma\/#website\",\"url\":\"https:\/\/paracherkaoui.ma\/\",\"name\":\"Paracherkaoui.ma\",\"description\":\"Achetez en ligne sur Paracherkaoui.ma\",\"potentialAction\":[{\"@type\":\"SearchAction\",\"target\":{\"@type\":\"EntryPoint\",\"urlTemplate\":\"https:\/\/paracherkaoui.ma\/?s={search_term_string}\"},\"query-input\":{\"@type\":\"PropertyValueSpecification\",\"valueRequired\":true,\"valueName\":\"search_term_string\"}}],\"inLanguage\":\"fr-FR\"}]}<\/script>\r\n<!-- \/ Yoast SEO plugin. -->","yoast_head_json":{"title":"PLACENTOR MASQUE INTEGRAL ANTI AGE 3*40 G - Paracherkaoui.ma","robots":{"index":"index","follow":"follow","max-snippet":"max-snippet:-1","max-image-preview":"max-image-preview:large","max-video-preview":"max-video-preview:-1"},"canonical":"https:\/\/paracherkaoui.ma\/index.php\/produit\/placentor-masque-integral-anti-age-340-g\/","og_locale":"fr_FR","og_type":"article","og_title":"PLACENTOR MASQUE INTEGRAL ANTI AGE 3*40 G - Paracherkaoui.ma","og_description":"Propri\u00e9t\u00e9s : Le Masque int\u00e9gral anti-\u00e2ge est un masque tissu doux, pr\u00eat \u00e0 l\u2019emploi, imbib\u00e9 d\u2019un gel riche en actifs","og_url":"https:\/\/paracherkaoui.ma\/index.php\/produit\/placentor-masque-integral-anti-age-340-g\/","og_site_name":"Paracherkaoui.ma","article_modified_time":"2025-12-12T17:17:09+00:00","og_image":[{"width":700,"height":700,"url":"https:\/\/paracherkaoui.ma\/wp-content\/uploads\/2025\/12\/placentor-placentor-masque-integral-anti-age-340-g-masques-visage.jpg","type":"image\/jpeg"}],"twitter_card":"summary_large_image","twitter_misc":{"Dur\u00e9e de lecture estim\u00e9e":"1 minute"},"schema":{"@context":"https:\/\/schema.org","@graph":[{"@type":"WebPage","@id":"https:\/\/paracherkaoui.ma\/index.php\/produit\/placentor-masque-integral-anti-age-340-g\/","url":"https:\/\/paracherkaoui.ma\/index.php\/produit\/placentor-masque-integral-anti-age-340-g\/","name":"PLACENTOR MASQUE INTEGRAL ANTI AGE 3*40 G - Paracherkaoui.ma","isPartOf":{"@id":"https:\/\/paracherkaoui.ma\/#website"},"primaryImageOfPage":{"@id":"https:\/\/paracherkaoui.ma\/index.php\/produit\/placentor-masque-integral-anti-age-340-g\/#primaryimage"},"image":{"@id":"https:\/\/paracherkaoui.ma\/index.php\/produit\/placentor-masque-integral-anti-age-340-g\/#primaryimage"},"thumbnailUrl":"https:\/\/paracherkaoui.ma\/wp-content\/uploads\/2025\/12\/placentor-placentor-masque-integral-anti-age-340-g-masques-visage.jpg","datePublished":"2025-12-12T17:17:04+00:00","dateModified":"2025-12-12T17:17:09+00:00","breadcrumb":{"@id":"https:\/\/paracherkaoui.ma\/index.php\/produit\/placentor-masque-integral-anti-age-340-g\/#breadcrumb"},"inLanguage":"fr-FR","potentialAction":[{"@type":"ReadAction","target":["https:\/\/paracherkaoui.ma\/index.php\/produit\/placentor-masque-integral-anti-age-340-g\/"]}]},{"@type":"ImageObject","inLanguage":"fr-FR","@id":"https:\/\/paracherkaoui.ma\/index.php\/produit\/placentor-masque-integral-anti-age-340-g\/#primaryimage","url":"https:\/\/paracherkaoui.ma\/wp-content\/uploads\/2025\/12\/placentor-placentor-masque-integral-anti-age-340-g-masques-visage.jpg","contentUrl":"https:\/\/paracherkaoui.ma\/wp-content\/uploads\/2025\/12\/placentor-placentor-masque-integral-anti-age-340-g-masques-visage.jpg","width":700,"height":700},{"@type":"BreadcrumbList","@id":"https:\/\/paracherkaoui.ma\/index.php\/produit\/placentor-masque-integral-anti-age-340-g\/#breadcrumb","itemListElement":[{"@type":"ListItem","position":1,"name":"Accueil","item":"https:\/\/paracherkaoui.ma\/"},{"@type":"ListItem","position":2,"name":"Boutique","item":"https:\/\/paracherkaoui.ma\/index.php\/boutique\/"},{"@type":"ListItem","position":3,"name":"PLACENTOR MASQUE INTEGRAL ANTI AGE 3*40 G"}]},{"@type":"WebSite","@id":"https:\/\/paracherkaoui.ma\/#website","url":"https:\/\/paracherkaoui.ma\/","name":"Paracherkaoui.ma","description":"Achetez en ligne sur Paracherkaoui.ma","potentialAction":[{"@type":"SearchAction","target":{"@type":"EntryPoint","urlTemplate":"https:\/\/paracherkaoui.ma\/?s={search_term_string}"},"query-input":{"@type":"PropertyValueSpecification","valueRequired":true,"valueName":"search_term_string"}}],"inLanguage":"fr-FR"}]}},"_links":{"self":[{"href":"https:\/\/paracherkaoui.ma\/index.php\/wp-json\/wp\/v2\/product\/22771","targetHints":{"allow":["GET"]}}],"collection":[{"href":"https:\/\/paracherkaoui.ma\/index.php\/wp-json\/wp\/v2\/product"}],"about":[{"href":"https:\/\/paracherkaoui.ma\/index.php\/wp-json\/wp\/v2\/types\/product"}],"replies":[{"embeddable":true,"href":"https:\/\/paracherkaoui.ma\/index.php\/wp-json\/wp\/v2\/comments?post=22771"}],"version-history":[{"count":1,"href":"https:\/\/paracherkaoui.ma\/index.php\/wp-json\/wp\/v2\/product\/22771\/revisions"}],"predecessor-version":[{"id":22822,"href":"https:\/\/paracherkaoui.ma\/index.php\/wp-json\/wp\/v2\/product\/22771\/revisions\/22822"}],"wp:featuredmedia":[{"embeddable":true,"href":"https:\/\/paracherkaoui.ma\/index.php\/wp-json\/wp\/v2\/media\/22821"}],"wp:attachment":[{"href":"https:\/\/paracherkaoui.ma\/index.php\/wp-json\/wp\/v2\/media?parent=22771"}],"wp:term":[{"taxonomy":"product_brand","embeddable":true,"href":"https:\/\/paracherkaoui.ma\/index.php\/wp-json\/wp\/v2\/product_brand?post=22771"},{"taxonomy":"product_cat","embeddable":true,"href":"https:\/\/paracherkaoui.ma\/index.php\/wp-json\/wp\/v2\/product_cat?post=22771"},{"taxonomy":"product_tag","embeddable":true,"href":"https:\/\/paracherkaoui.ma\/index.php\/wp-json\/wp\/v2\/product_tag?post=22771"}],"curies":[{"name":"wp","href":"https:\/\/api.w.org\/{rel}","templated":true}]}}