{"id":22764,"date":"2025-12-12T18:17:04","date_gmt":"2025-12-12T17:17:04","guid":{"rendered":"https:\/\/test.ecbeaute.com\/?post_type=product&#038;p=22764"},"modified":"2025-12-12T18:17:08","modified_gmt":"2025-12-12T17:17:08","slug":"eneomey-masque-peel-off-c10-10x5-ml","status":"publish","type":"product","link":"https:\/\/paracherkaoui.ma\/index.php\/produit\/eneomey-masque-peel-off-c10-10x5-ml\/","title":{"rendered":"ENEOMEY MASQUE PEEL OFF C10- 10X5 ML"},"content":{"rendered":"<p>Chaque jour, votre peau est soumise \u00e0 rude \u00e9preuve et perd de son \u00e9clat. MASQUE PEEL OFF C10 est une excellente solution pour remettre la peau sous tension o\u00f9 que vous soyez.<br \/>\nEn seulement 20 minutes, les actifs concentr\u00e9s du MASQUE PEEL OFF C10 d\u00e9barrassent la peau des cellules mortes et illuminent le teint tout en offrant un effet tenseur imm\u00e9diat.<br \/>\nProfitez des b\u00e9n\u00e9fices de PEEL OFF C10 \u00e0 tout moment gr\u00e2ce \u00e0 son utilisation ludique sans eau et son format pratique \u00e0 emporter partout.<br \/>\nVotre peau est liss\u00e9e, satin\u00e9e et remise sous tension.<br \/>\nUtilisez MASQUE PEEL OFF C10 1 \u00e0 2 fois par semaine.<br \/>\nAppliquez MASQUE PEEL OFF C10 en fine couche sur votre visage et votre cou. Laissez poser le masque entre 20 et 30 minutes jusqu\u2019\u00e0 ce qu&rsquo;il soit compl\u00e8tement sec puis soulevez le film form\u00e9 par un geste doux et uniforme.<br \/>\n|\u00a0L&rsquo;astuce Eneomey :<br \/>\nPour retirer plus facilement votre masque, laissez plus de mati\u00e8re sur une petite surface au niveau de votre front. Utilisez ensuite cette \u00ab\u00a0languette\u00a0\u00bb pour initier plus facilement le retrait du masque.<\/p>\n","protected":false},"excerpt":{"rendered":"<p>Chaque jour, votre peau est soumise \u00e0 rude \u00e9preuve et perd de son \u00e9clat. MASQUE PEEL OFF C10 est une<\/p>\n","protected":false},"featured_media":22808,"comment_status":"open","ping_status":"closed","template":"","meta":[],"product_brand":[412],"product_cat":[473],"product_tag":[],"class_list":{"0":"post-22764","1":"product","2":"type-product","3":"status-publish","4":"has-post-thumbnail","6":"product_brand-eneomey","7":"product_cat-masques-visage","9":"first","10":"instock","11":"sale","12":"shipping-taxable","13":"purchasable","14":"product-type-simple"},"yoast_head":"<!-- This site is optimized with the Yoast SEO plugin v26.6 - https:\/\/yoast.com\/wordpress\/plugins\/seo\/ -->\r\n<title>ENEOMEY MASQUE PEEL OFF C10- 10X5 ML - Paracherkaoui.ma<\/title>\r\n<meta name=\"robots\" content=\"index, follow, max-snippet:-1, max-image-preview:large, max-video-preview:-1\" \/>\r\n<link rel=\"canonical\" href=\"https:\/\/paracherkaoui.ma\/index.php\/produit\/eneomey-masque-peel-off-c10-10x5-ml\/\" \/>\r\n<meta property=\"og:locale\" content=\"fr_FR\" \/>\r\n<meta property=\"og:type\" content=\"article\" \/>\r\n<meta property=\"og:title\" content=\"ENEOMEY MASQUE PEEL OFF C10- 10X5 ML - Paracherkaoui.ma\" \/>\r\n<meta property=\"og:description\" content=\"Chaque jour, votre peau est soumise \u00e0 rude \u00e9preuve et perd de son \u00e9clat. MASQUE PEEL OFF C10 est une\" \/>\r\n<meta property=\"og:url\" content=\"https:\/\/paracherkaoui.ma\/index.php\/produit\/eneomey-masque-peel-off-c10-10x5-ml\/\" \/>\r\n<meta property=\"og:site_name\" content=\"Paracherkaoui.ma\" \/>\r\n<meta property=\"article:modified_time\" content=\"2025-12-12T17:17:08+00:00\" \/>\r\n<meta property=\"og:image\" content=\"https:\/\/paracherkaoui.ma\/wp-content\/uploads\/2025\/12\/eneomey-masque-peel-off-c10-10x5-ml.jpg\" \/>\r\n\t<meta property=\"og:image:width\" content=\"700\" \/>\r\n\t<meta property=\"og:image:height\" content=\"700\" \/>\r\n\t<meta property=\"og:image:type\" content=\"image\/jpeg\" \/>\r\n<meta name=\"twitter:card\" content=\"summary_large_image\" \/>\r\n<meta name=\"twitter:label1\" content=\"Dur\u00e9e de lecture estim\u00e9e\" \/>\n\t<meta name=\"twitter:data1\" content=\"1 minute\" \/>\r\n<script type=\"application\/ld+json\" class=\"yoast-schema-graph\">{\"@context\":\"https:\/\/schema.org\",\"@graph\":[{\"@type\":\"WebPage\",\"@id\":\"https:\/\/paracherkaoui.ma\/index.php\/produit\/eneomey-masque-peel-off-c10-10x5-ml\/\",\"url\":\"https:\/\/paracherkaoui.ma\/index.php\/produit\/eneomey-masque-peel-off-c10-10x5-ml\/\",\"name\":\"ENEOMEY MASQUE PEEL OFF C10- 10X5 ML - Paracherkaoui.ma\",\"isPartOf\":{\"@id\":\"https:\/\/paracherkaoui.ma\/#website\"},\"primaryImageOfPage\":{\"@id\":\"https:\/\/paracherkaoui.ma\/index.php\/produit\/eneomey-masque-peel-off-c10-10x5-ml\/#primaryimage\"},\"image\":{\"@id\":\"https:\/\/paracherkaoui.ma\/index.php\/produit\/eneomey-masque-peel-off-c10-10x5-ml\/#primaryimage\"},\"thumbnailUrl\":\"https:\/\/paracherkaoui.ma\/wp-content\/uploads\/2025\/12\/eneomey-masque-peel-off-c10-10x5-ml.jpg\",\"datePublished\":\"2025-12-12T17:17:04+00:00\",\"dateModified\":\"2025-12-12T17:17:08+00:00\",\"breadcrumb\":{\"@id\":\"https:\/\/paracherkaoui.ma\/index.php\/produit\/eneomey-masque-peel-off-c10-10x5-ml\/#breadcrumb\"},\"inLanguage\":\"fr-FR\",\"potentialAction\":[{\"@type\":\"ReadAction\",\"target\":[\"https:\/\/paracherkaoui.ma\/index.php\/produit\/eneomey-masque-peel-off-c10-10x5-ml\/\"]}]},{\"@type\":\"ImageObject\",\"inLanguage\":\"fr-FR\",\"@id\":\"https:\/\/paracherkaoui.ma\/index.php\/produit\/eneomey-masque-peel-off-c10-10x5-ml\/#primaryimage\",\"url\":\"https:\/\/paracherkaoui.ma\/wp-content\/uploads\/2025\/12\/eneomey-masque-peel-off-c10-10x5-ml.jpg\",\"contentUrl\":\"https:\/\/paracherkaoui.ma\/wp-content\/uploads\/2025\/12\/eneomey-masque-peel-off-c10-10x5-ml.jpg\",\"width\":700,\"height\":700},{\"@type\":\"BreadcrumbList\",\"@id\":\"https:\/\/paracherkaoui.ma\/index.php\/produit\/eneomey-masque-peel-off-c10-10x5-ml\/#breadcrumb\",\"itemListElement\":[{\"@type\":\"ListItem\",\"position\":1,\"name\":\"Accueil\",\"item\":\"https:\/\/paracherkaoui.ma\/\"},{\"@type\":\"ListItem\",\"position\":2,\"name\":\"Boutique\",\"item\":\"https:\/\/paracherkaoui.ma\/index.php\/boutique\/\"},{\"@type\":\"ListItem\",\"position\":3,\"name\":\"ENEOMEY MASQUE PEEL OFF C10- 10X5 ML\"}]},{\"@type\":\"WebSite\",\"@id\":\"https:\/\/paracherkaoui.ma\/#website\",\"url\":\"https:\/\/paracherkaoui.ma\/\",\"name\":\"Paracherkaoui.ma\",\"description\":\"Achetez en ligne sur Paracherkaoui.ma\",\"potentialAction\":[{\"@type\":\"SearchAction\",\"target\":{\"@type\":\"EntryPoint\",\"urlTemplate\":\"https:\/\/paracherkaoui.ma\/?s={search_term_string}\"},\"query-input\":{\"@type\":\"PropertyValueSpecification\",\"valueRequired\":true,\"valueName\":\"search_term_string\"}}],\"inLanguage\":\"fr-FR\"}]}<\/script>\r\n<!-- \/ Yoast SEO plugin. -->","yoast_head_json":{"title":"ENEOMEY MASQUE PEEL OFF C10- 10X5 ML - Paracherkaoui.ma","robots":{"index":"index","follow":"follow","max-snippet":"max-snippet:-1","max-image-preview":"max-image-preview:large","max-video-preview":"max-video-preview:-1"},"canonical":"https:\/\/paracherkaoui.ma\/index.php\/produit\/eneomey-masque-peel-off-c10-10x5-ml\/","og_locale":"fr_FR","og_type":"article","og_title":"ENEOMEY MASQUE PEEL OFF C10- 10X5 ML - Paracherkaoui.ma","og_description":"Chaque jour, votre peau est soumise \u00e0 rude \u00e9preuve et perd de son \u00e9clat. MASQUE PEEL OFF C10 est une","og_url":"https:\/\/paracherkaoui.ma\/index.php\/produit\/eneomey-masque-peel-off-c10-10x5-ml\/","og_site_name":"Paracherkaoui.ma","article_modified_time":"2025-12-12T17:17:08+00:00","og_image":[{"width":700,"height":700,"url":"https:\/\/paracherkaoui.ma\/wp-content\/uploads\/2025\/12\/eneomey-masque-peel-off-c10-10x5-ml.jpg","type":"image\/jpeg"}],"twitter_card":"summary_large_image","twitter_misc":{"Dur\u00e9e de lecture estim\u00e9e":"1 minute"},"schema":{"@context":"https:\/\/schema.org","@graph":[{"@type":"WebPage","@id":"https:\/\/paracherkaoui.ma\/index.php\/produit\/eneomey-masque-peel-off-c10-10x5-ml\/","url":"https:\/\/paracherkaoui.ma\/index.php\/produit\/eneomey-masque-peel-off-c10-10x5-ml\/","name":"ENEOMEY MASQUE PEEL OFF C10- 10X5 ML - Paracherkaoui.ma","isPartOf":{"@id":"https:\/\/paracherkaoui.ma\/#website"},"primaryImageOfPage":{"@id":"https:\/\/paracherkaoui.ma\/index.php\/produit\/eneomey-masque-peel-off-c10-10x5-ml\/#primaryimage"},"image":{"@id":"https:\/\/paracherkaoui.ma\/index.php\/produit\/eneomey-masque-peel-off-c10-10x5-ml\/#primaryimage"},"thumbnailUrl":"https:\/\/paracherkaoui.ma\/wp-content\/uploads\/2025\/12\/eneomey-masque-peel-off-c10-10x5-ml.jpg","datePublished":"2025-12-12T17:17:04+00:00","dateModified":"2025-12-12T17:17:08+00:00","breadcrumb":{"@id":"https:\/\/paracherkaoui.ma\/index.php\/produit\/eneomey-masque-peel-off-c10-10x5-ml\/#breadcrumb"},"inLanguage":"fr-FR","potentialAction":[{"@type":"ReadAction","target":["https:\/\/paracherkaoui.ma\/index.php\/produit\/eneomey-masque-peel-off-c10-10x5-ml\/"]}]},{"@type":"ImageObject","inLanguage":"fr-FR","@id":"https:\/\/paracherkaoui.ma\/index.php\/produit\/eneomey-masque-peel-off-c10-10x5-ml\/#primaryimage","url":"https:\/\/paracherkaoui.ma\/wp-content\/uploads\/2025\/12\/eneomey-masque-peel-off-c10-10x5-ml.jpg","contentUrl":"https:\/\/paracherkaoui.ma\/wp-content\/uploads\/2025\/12\/eneomey-masque-peel-off-c10-10x5-ml.jpg","width":700,"height":700},{"@type":"BreadcrumbList","@id":"https:\/\/paracherkaoui.ma\/index.php\/produit\/eneomey-masque-peel-off-c10-10x5-ml\/#breadcrumb","itemListElement":[{"@type":"ListItem","position":1,"name":"Accueil","item":"https:\/\/paracherkaoui.ma\/"},{"@type":"ListItem","position":2,"name":"Boutique","item":"https:\/\/paracherkaoui.ma\/index.php\/boutique\/"},{"@type":"ListItem","position":3,"name":"ENEOMEY MASQUE PEEL OFF C10- 10X5 ML"}]},{"@type":"WebSite","@id":"https:\/\/paracherkaoui.ma\/#website","url":"https:\/\/paracherkaoui.ma\/","name":"Paracherkaoui.ma","description":"Achetez en ligne sur Paracherkaoui.ma","potentialAction":[{"@type":"SearchAction","target":{"@type":"EntryPoint","urlTemplate":"https:\/\/paracherkaoui.ma\/?s={search_term_string}"},"query-input":{"@type":"PropertyValueSpecification","valueRequired":true,"valueName":"search_term_string"}}],"inLanguage":"fr-FR"}]}},"_links":{"self":[{"href":"https:\/\/paracherkaoui.ma\/index.php\/wp-json\/wp\/v2\/product\/22764","targetHints":{"allow":["GET"]}}],"collection":[{"href":"https:\/\/paracherkaoui.ma\/index.php\/wp-json\/wp\/v2\/product"}],"about":[{"href":"https:\/\/paracherkaoui.ma\/index.php\/wp-json\/wp\/v2\/types\/product"}],"replies":[{"embeddable":true,"href":"https:\/\/paracherkaoui.ma\/index.php\/wp-json\/wp\/v2\/comments?post=22764"}],"version-history":[{"count":1,"href":"https:\/\/paracherkaoui.ma\/index.php\/wp-json\/wp\/v2\/product\/22764\/revisions"}],"predecessor-version":[{"id":22809,"href":"https:\/\/paracherkaoui.ma\/index.php\/wp-json\/wp\/v2\/product\/22764\/revisions\/22809"}],"wp:featuredmedia":[{"embeddable":true,"href":"https:\/\/paracherkaoui.ma\/index.php\/wp-json\/wp\/v2\/media\/22808"}],"wp:attachment":[{"href":"https:\/\/paracherkaoui.ma\/index.php\/wp-json\/wp\/v2\/media?parent=22764"}],"wp:term":[{"taxonomy":"product_brand","embeddable":true,"href":"https:\/\/paracherkaoui.ma\/index.php\/wp-json\/wp\/v2\/product_brand?post=22764"},{"taxonomy":"product_cat","embeddable":true,"href":"https:\/\/paracherkaoui.ma\/index.php\/wp-json\/wp\/v2\/product_cat?post=22764"},{"taxonomy":"product_tag","embeddable":true,"href":"https:\/\/paracherkaoui.ma\/index.php\/wp-json\/wp\/v2\/product_tag?post=22764"}],"curies":[{"name":"wp","href":"https:\/\/api.w.org\/{rel}","templated":true}]}}