{"id":22759,"date":"2025-12-12T18:17:03","date_gmt":"2025-12-12T17:17:03","guid":{"rendered":"https:\/\/test.ecbeaute.com\/?post_type=product&#038;p=22759"},"modified":"2025-12-12T18:17:06","modified_gmt":"2025-12-12T17:17:06","slug":"cattier-argile-verte-surfine-1-kg-2","status":"publish","type":"product","link":"https:\/\/paracherkaoui.ma\/index.php\/produit\/cattier-argile-verte-surfine-1-kg-2\/","title":{"rendered":"CATTIER ARGILE VERTE SURFINE 1 KG"},"content":{"rendered":"<p>L\u2019Argile verte surfine Cattier, extraite en France, a \u00e9t\u00e9 rigoureusement s\u00e9lectionn\u00e9e pour son incomparable qualit\u00e9. Elle est traditionnellement utilis\u00e9e en masques, cataplasmes et eau d\u2019argile. Elle est particuli\u00e8rement bien adapt\u00e9e au soin des peaux mixtes \u00e0 grasses. Elle absorbe et r\u00e9gule l\u2019exc\u00e8s de s\u00e9bum, \u00e9limine toxines et impuret\u00e9s, revitalise la peau et favorise le renouvellement cellulaire. Elle est \u00e9galement apaisante et r\u00e9paratrice.<\/p>\n","protected":false},"excerpt":{"rendered":"<p>L\u2019Argile verte surfine Cattier, extraite en France, a \u00e9t\u00e9 rigoureusement s\u00e9lectionn\u00e9e pour son incomparable qualit\u00e9. Elle est traditionnellement utilis\u00e9e en<\/p>\n","protected":false},"featured_media":21777,"comment_status":"open","ping_status":"closed","template":"","meta":[],"product_brand":[187],"product_cat":[473],"product_tag":[],"class_list":{"0":"post-22759","1":"product","2":"type-product","3":"status-publish","4":"has-post-thumbnail","6":"product_brand-cattier","7":"product_cat-masques-visage","9":"first","10":"instock","11":"shipping-taxable","12":"purchasable","13":"product-type-simple"},"yoast_head":"<!-- This site is optimized with the Yoast SEO plugin v26.6 - https:\/\/yoast.com\/wordpress\/plugins\/seo\/ -->\r\n<title>CATTIER ARGILE VERTE SURFINE 1 KG - Paracherkaoui.ma<\/title>\r\n<meta name=\"robots\" content=\"index, follow, max-snippet:-1, max-image-preview:large, max-video-preview:-1\" \/>\r\n<link rel=\"canonical\" href=\"https:\/\/paracherkaoui.ma\/index.php\/produit\/cattier-argile-verte-surfine-1-kg-2\/\" \/>\r\n<meta property=\"og:locale\" content=\"fr_FR\" \/>\r\n<meta property=\"og:type\" content=\"article\" \/>\r\n<meta property=\"og:title\" content=\"CATTIER ARGILE VERTE SURFINE 1 KG - Paracherkaoui.ma\" \/>\r\n<meta property=\"og:description\" content=\"L\u2019Argile verte surfine Cattier, extraite en France, a \u00e9t\u00e9 rigoureusement s\u00e9lectionn\u00e9e pour son incomparable qualit\u00e9. Elle est traditionnellement utilis\u00e9e en\" \/>\r\n<meta property=\"og:url\" content=\"https:\/\/paracherkaoui.ma\/index.php\/produit\/cattier-argile-verte-surfine-1-kg-2\/\" \/>\r\n<meta property=\"og:site_name\" content=\"Paracherkaoui.ma\" \/>\r\n<meta property=\"article:modified_time\" content=\"2025-12-12T17:17:06+00:00\" \/>\r\n<meta property=\"og:image\" content=\"https:\/\/paracherkaoui.ma\/wp-content\/uploads\/2025\/12\/cattier-cattier-argile-verte-surfine-1-kg-masques-visage.jpg\" \/>\r\n\t<meta property=\"og:image:width\" content=\"700\" \/>\r\n\t<meta property=\"og:image:height\" content=\"700\" \/>\r\n\t<meta property=\"og:image:type\" content=\"image\/jpeg\" \/>\r\n<meta name=\"twitter:card\" content=\"summary_large_image\" \/>\r\n<script type=\"application\/ld+json\" class=\"yoast-schema-graph\">{\"@context\":\"https:\/\/schema.org\",\"@graph\":[{\"@type\":\"WebPage\",\"@id\":\"https:\/\/paracherkaoui.ma\/index.php\/produit\/cattier-argile-verte-surfine-1-kg-2\/\",\"url\":\"https:\/\/paracherkaoui.ma\/index.php\/produit\/cattier-argile-verte-surfine-1-kg-2\/\",\"name\":\"CATTIER ARGILE VERTE SURFINE 1 KG - Paracherkaoui.ma\",\"isPartOf\":{\"@id\":\"https:\/\/paracherkaoui.ma\/#website\"},\"primaryImageOfPage\":{\"@id\":\"https:\/\/paracherkaoui.ma\/index.php\/produit\/cattier-argile-verte-surfine-1-kg-2\/#primaryimage\"},\"image\":{\"@id\":\"https:\/\/paracherkaoui.ma\/index.php\/produit\/cattier-argile-verte-surfine-1-kg-2\/#primaryimage\"},\"thumbnailUrl\":\"https:\/\/paracherkaoui.ma\/wp-content\/uploads\/2025\/12\/cattier-cattier-argile-verte-surfine-1-kg-masques-visage.jpg\",\"datePublished\":\"2025-12-12T17:17:03+00:00\",\"dateModified\":\"2025-12-12T17:17:06+00:00\",\"breadcrumb\":{\"@id\":\"https:\/\/paracherkaoui.ma\/index.php\/produit\/cattier-argile-verte-surfine-1-kg-2\/#breadcrumb\"},\"inLanguage\":\"fr-FR\",\"potentialAction\":[{\"@type\":\"ReadAction\",\"target\":[\"https:\/\/paracherkaoui.ma\/index.php\/produit\/cattier-argile-verte-surfine-1-kg-2\/\"]}]},{\"@type\":\"ImageObject\",\"inLanguage\":\"fr-FR\",\"@id\":\"https:\/\/paracherkaoui.ma\/index.php\/produit\/cattier-argile-verte-surfine-1-kg-2\/#primaryimage\",\"url\":\"https:\/\/paracherkaoui.ma\/wp-content\/uploads\/2025\/12\/cattier-cattier-argile-verte-surfine-1-kg-masques-visage.jpg\",\"contentUrl\":\"https:\/\/paracherkaoui.ma\/wp-content\/uploads\/2025\/12\/cattier-cattier-argile-verte-surfine-1-kg-masques-visage.jpg\",\"width\":700,\"height\":700},{\"@type\":\"BreadcrumbList\",\"@id\":\"https:\/\/paracherkaoui.ma\/index.php\/produit\/cattier-argile-verte-surfine-1-kg-2\/#breadcrumb\",\"itemListElement\":[{\"@type\":\"ListItem\",\"position\":1,\"name\":\"Accueil\",\"item\":\"https:\/\/paracherkaoui.ma\/\"},{\"@type\":\"ListItem\",\"position\":2,\"name\":\"Boutique\",\"item\":\"https:\/\/paracherkaoui.ma\/index.php\/boutique\/\"},{\"@type\":\"ListItem\",\"position\":3,\"name\":\"CATTIER ARGILE VERTE SURFINE 1 KG\"}]},{\"@type\":\"WebSite\",\"@id\":\"https:\/\/paracherkaoui.ma\/#website\",\"url\":\"https:\/\/paracherkaoui.ma\/\",\"name\":\"Paracherkaoui.ma\",\"description\":\"Achetez en ligne sur Paracherkaoui.ma\",\"potentialAction\":[{\"@type\":\"SearchAction\",\"target\":{\"@type\":\"EntryPoint\",\"urlTemplate\":\"https:\/\/paracherkaoui.ma\/?s={search_term_string}\"},\"query-input\":{\"@type\":\"PropertyValueSpecification\",\"valueRequired\":true,\"valueName\":\"search_term_string\"}}],\"inLanguage\":\"fr-FR\"}]}<\/script>\r\n<!-- \/ Yoast SEO plugin. -->","yoast_head_json":{"title":"CATTIER ARGILE VERTE SURFINE 1 KG - Paracherkaoui.ma","robots":{"index":"index","follow":"follow","max-snippet":"max-snippet:-1","max-image-preview":"max-image-preview:large","max-video-preview":"max-video-preview:-1"},"canonical":"https:\/\/paracherkaoui.ma\/index.php\/produit\/cattier-argile-verte-surfine-1-kg-2\/","og_locale":"fr_FR","og_type":"article","og_title":"CATTIER ARGILE VERTE SURFINE 1 KG - Paracherkaoui.ma","og_description":"L\u2019Argile verte surfine Cattier, extraite en France, a \u00e9t\u00e9 rigoureusement s\u00e9lectionn\u00e9e pour son incomparable qualit\u00e9. Elle est traditionnellement utilis\u00e9e en","og_url":"https:\/\/paracherkaoui.ma\/index.php\/produit\/cattier-argile-verte-surfine-1-kg-2\/","og_site_name":"Paracherkaoui.ma","article_modified_time":"2025-12-12T17:17:06+00:00","og_image":[{"width":700,"height":700,"url":"https:\/\/paracherkaoui.ma\/wp-content\/uploads\/2025\/12\/cattier-cattier-argile-verte-surfine-1-kg-masques-visage.jpg","type":"image\/jpeg"}],"twitter_card":"summary_large_image","schema":{"@context":"https:\/\/schema.org","@graph":[{"@type":"WebPage","@id":"https:\/\/paracherkaoui.ma\/index.php\/produit\/cattier-argile-verte-surfine-1-kg-2\/","url":"https:\/\/paracherkaoui.ma\/index.php\/produit\/cattier-argile-verte-surfine-1-kg-2\/","name":"CATTIER ARGILE VERTE SURFINE 1 KG - Paracherkaoui.ma","isPartOf":{"@id":"https:\/\/paracherkaoui.ma\/#website"},"primaryImageOfPage":{"@id":"https:\/\/paracherkaoui.ma\/index.php\/produit\/cattier-argile-verte-surfine-1-kg-2\/#primaryimage"},"image":{"@id":"https:\/\/paracherkaoui.ma\/index.php\/produit\/cattier-argile-verte-surfine-1-kg-2\/#primaryimage"},"thumbnailUrl":"https:\/\/paracherkaoui.ma\/wp-content\/uploads\/2025\/12\/cattier-cattier-argile-verte-surfine-1-kg-masques-visage.jpg","datePublished":"2025-12-12T17:17:03+00:00","dateModified":"2025-12-12T17:17:06+00:00","breadcrumb":{"@id":"https:\/\/paracherkaoui.ma\/index.php\/produit\/cattier-argile-verte-surfine-1-kg-2\/#breadcrumb"},"inLanguage":"fr-FR","potentialAction":[{"@type":"ReadAction","target":["https:\/\/paracherkaoui.ma\/index.php\/produit\/cattier-argile-verte-surfine-1-kg-2\/"]}]},{"@type":"ImageObject","inLanguage":"fr-FR","@id":"https:\/\/paracherkaoui.ma\/index.php\/produit\/cattier-argile-verte-surfine-1-kg-2\/#primaryimage","url":"https:\/\/paracherkaoui.ma\/wp-content\/uploads\/2025\/12\/cattier-cattier-argile-verte-surfine-1-kg-masques-visage.jpg","contentUrl":"https:\/\/paracherkaoui.ma\/wp-content\/uploads\/2025\/12\/cattier-cattier-argile-verte-surfine-1-kg-masques-visage.jpg","width":700,"height":700},{"@type":"BreadcrumbList","@id":"https:\/\/paracherkaoui.ma\/index.php\/produit\/cattier-argile-verte-surfine-1-kg-2\/#breadcrumb","itemListElement":[{"@type":"ListItem","position":1,"name":"Accueil","item":"https:\/\/paracherkaoui.ma\/"},{"@type":"ListItem","position":2,"name":"Boutique","item":"https:\/\/paracherkaoui.ma\/index.php\/boutique\/"},{"@type":"ListItem","position":3,"name":"CATTIER ARGILE VERTE SURFINE 1 KG"}]},{"@type":"WebSite","@id":"https:\/\/paracherkaoui.ma\/#website","url":"https:\/\/paracherkaoui.ma\/","name":"Paracherkaoui.ma","description":"Achetez en ligne sur Paracherkaoui.ma","potentialAction":[{"@type":"SearchAction","target":{"@type":"EntryPoint","urlTemplate":"https:\/\/paracherkaoui.ma\/?s={search_term_string}"},"query-input":{"@type":"PropertyValueSpecification","valueRequired":true,"valueName":"search_term_string"}}],"inLanguage":"fr-FR"}]}},"_links":{"self":[{"href":"https:\/\/paracherkaoui.ma\/index.php\/wp-json\/wp\/v2\/product\/22759","targetHints":{"allow":["GET"]}}],"collection":[{"href":"https:\/\/paracherkaoui.ma\/index.php\/wp-json\/wp\/v2\/product"}],"about":[{"href":"https:\/\/paracherkaoui.ma\/index.php\/wp-json\/wp\/v2\/types\/product"}],"replies":[{"embeddable":true,"href":"https:\/\/paracherkaoui.ma\/index.php\/wp-json\/wp\/v2\/comments?post=22759"}],"version-history":[{"count":1,"href":"https:\/\/paracherkaoui.ma\/index.php\/wp-json\/wp\/v2\/product\/22759\/revisions"}],"predecessor-version":[{"id":22799,"href":"https:\/\/paracherkaoui.ma\/index.php\/wp-json\/wp\/v2\/product\/22759\/revisions\/22799"}],"wp:featuredmedia":[{"embeddable":true,"href":"https:\/\/paracherkaoui.ma\/index.php\/wp-json\/wp\/v2\/media\/21777"}],"wp:attachment":[{"href":"https:\/\/paracherkaoui.ma\/index.php\/wp-json\/wp\/v2\/media?parent=22759"}],"wp:term":[{"taxonomy":"product_brand","embeddable":true,"href":"https:\/\/paracherkaoui.ma\/index.php\/wp-json\/wp\/v2\/product_brand?post=22759"},{"taxonomy":"product_cat","embeddable":true,"href":"https:\/\/paracherkaoui.ma\/index.php\/wp-json\/wp\/v2\/product_cat?post=22759"},{"taxonomy":"product_tag","embeddable":true,"href":"https:\/\/paracherkaoui.ma\/index.php\/wp-json\/wp\/v2\/product_tag?post=22759"}],"curies":[{"name":"wp","href":"https:\/\/api.w.org\/{rel}","templated":true}]}}