{"id":22753,"date":"2025-12-12T18:17:03","date_gmt":"2025-12-12T17:17:03","guid":{"rendered":"https:\/\/test.ecbeaute.com\/?post_type=product&#038;p=22753"},"modified":"2025-12-12T18:17:05","modified_gmt":"2025-12-12T17:17:05","slug":"floxia-exfac-masque-detox-exfoliant-3","status":"publish","type":"product","link":"https:\/\/paracherkaoui.ma\/index.php\/produit\/floxia-exfac-masque-detox-exfoliant-3\/","title":{"rendered":"FLOXIA EXFAC MASQUE DETOX EXFOLIANT"},"content":{"rendered":"<p>Une peau douce et r\u00e9g\u00e9n\u00e9r\u00e9e en un clin d\u2019\u0153il, c\u2019est possible ! Le masque d\u00e9tox exfoliant PEEL OFF\u00a0nettoie, purifie\u00a0et\u00a0d\u00e9toxifie\u00a0la peau de ses impuret\u00e9s. Ses actifs exfoliants \u00e9liminent les cellules mortes de l\u2019\u00e9piderme et acc\u00e9l\u00e8rent le renouvellement cutan\u00e9. La peau du visage se r\u00e9g\u00e9n\u00e8re. Elle est d\u00e9barrass\u00e9e des imperfections et de l\u2019exc\u00e8s de s\u00e9bum.<br \/>\nEn application 1 \u00e0 2 fois par semaine pendant 20 minutes, ce masque fait des miracles :<br \/>\nIl \u00e9limine les impuret\u00e9s et les toxines accumul\u00e9es\u00a0(pollution, agressions ext\u00e9rieures, etc.)\u00a0Il favorise la r\u00e9g\u00e9n\u00e9ration cellulaire\u00a0(\u00e9limination des peaux mortes)\u00a0Il lisse la peau et illumine le teint<br \/>\nDites adieu au teint terne, aux rides et aux ridules, aux boutons, aux points noirs et aux pores dilat\u00e9s. Avec le masque d\u00e9tox exfoliant PEEL OFF, donnez un nouvel \u00e9clat \u00e0 votre peau. Sa texture gel d\u00e9pose un film l\u00e9ger sur le visage. Les pouvoirs\u00a0antioxydants, purifiants\u00a0et\u00a0hydratants\u00a0de ses actifs se r\u00e9v\u00e8lent et subliment votre peau. Retrouvez ou conservez une belle peau et essayez-le d\u00e8s maintenant !<br \/>\nConseils d&rsquo;utilisation:<br \/>\nAppliquez le masque PEEL OFF\u00a01 \u00e0 2 fois par semaine\u00a0au maximum. Sur une peau d\u00e9maquill\u00e9e et propre, \u00e9talez le masque en couche fine et uniforme sur l\u2019ensemble du visage. \u00c9vitez le contour des yeux o\u00f9 la peau est plus fragile, les l\u00e8vres, ainsi que la racine des cheveux. Laissez poser\u00a020 minutes. Le masque s\u00e8che et forme une sorte de pellicule sur le visage. C\u2019est normal. Une fois sec, retirez-le en douceur du menton vers le front. Rincez l\u2019exc\u00e9dent \u00e0 l\u2019eau ti\u00e8de.<\/p>\n","protected":false},"excerpt":{"rendered":"<p>Une peau douce et r\u00e9g\u00e9n\u00e9r\u00e9e en un clin d\u2019\u0153il, c\u2019est possible ! Le masque d\u00e9tox exfoliant PEEL OFF\u00a0nettoie, purifie\u00a0et\u00a0d\u00e9toxifie\u00a0la peau<\/p>\n","protected":false},"featured_media":21719,"comment_status":"open","ping_status":"closed","template":"","meta":[],"product_brand":[300],"product_cat":[473],"product_tag":[],"class_list":{"0":"post-22753","1":"product","2":"type-product","3":"status-publish","4":"has-post-thumbnail","6":"product_brand-floxia","7":"product_cat-masques-visage","9":"first","10":"instock","11":"sale","12":"shipping-taxable","13":"purchasable","14":"product-type-simple"},"yoast_head":"<!-- This site is optimized with the Yoast SEO plugin v26.6 - https:\/\/yoast.com\/wordpress\/plugins\/seo\/ -->\r\n<title>FLOXIA EXFAC MASQUE DETOX EXFOLIANT - Paracherkaoui.ma<\/title>\r\n<meta name=\"robots\" content=\"index, follow, max-snippet:-1, max-image-preview:large, max-video-preview:-1\" \/>\r\n<link rel=\"canonical\" href=\"https:\/\/paracherkaoui.ma\/index.php\/produit\/floxia-exfac-masque-detox-exfoliant-3\/\" \/>\r\n<meta property=\"og:locale\" content=\"fr_FR\" \/>\r\n<meta property=\"og:type\" content=\"article\" \/>\r\n<meta property=\"og:title\" content=\"FLOXIA EXFAC MASQUE DETOX EXFOLIANT - Paracherkaoui.ma\" \/>\r\n<meta property=\"og:description\" content=\"Une peau douce et r\u00e9g\u00e9n\u00e9r\u00e9e en un clin d\u2019\u0153il, c\u2019est possible ! Le masque d\u00e9tox exfoliant PEEL OFF\u00a0nettoie, purifie\u00a0et\u00a0d\u00e9toxifie\u00a0la peau\" \/>\r\n<meta property=\"og:url\" content=\"https:\/\/paracherkaoui.ma\/index.php\/produit\/floxia-exfac-masque-detox-exfoliant-3\/\" \/>\r\n<meta property=\"og:site_name\" content=\"Paracherkaoui.ma\" \/>\r\n<meta property=\"article:modified_time\" content=\"2025-12-12T17:17:05+00:00\" \/>\r\n<meta property=\"og:image\" content=\"https:\/\/paracherkaoui.ma\/wp-content\/uploads\/2025\/12\/floxia-exfac-masque-detox-exfoliant.jpg\" \/>\r\n\t<meta property=\"og:image:width\" content=\"700\" \/>\r\n\t<meta property=\"og:image:height\" content=\"700\" \/>\r\n\t<meta property=\"og:image:type\" content=\"image\/jpeg\" \/>\r\n<meta name=\"twitter:card\" content=\"summary_large_image\" \/>\r\n<meta name=\"twitter:label1\" content=\"Dur\u00e9e de lecture estim\u00e9e\" \/>\n\t<meta name=\"twitter:data1\" content=\"1 minute\" \/>\r\n<script type=\"application\/ld+json\" class=\"yoast-schema-graph\">{\"@context\":\"https:\/\/schema.org\",\"@graph\":[{\"@type\":\"WebPage\",\"@id\":\"https:\/\/paracherkaoui.ma\/index.php\/produit\/floxia-exfac-masque-detox-exfoliant-3\/\",\"url\":\"https:\/\/paracherkaoui.ma\/index.php\/produit\/floxia-exfac-masque-detox-exfoliant-3\/\",\"name\":\"FLOXIA EXFAC MASQUE DETOX EXFOLIANT - Paracherkaoui.ma\",\"isPartOf\":{\"@id\":\"https:\/\/paracherkaoui.ma\/#website\"},\"primaryImageOfPage\":{\"@id\":\"https:\/\/paracherkaoui.ma\/index.php\/produit\/floxia-exfac-masque-detox-exfoliant-3\/#primaryimage\"},\"image\":{\"@id\":\"https:\/\/paracherkaoui.ma\/index.php\/produit\/floxia-exfac-masque-detox-exfoliant-3\/#primaryimage\"},\"thumbnailUrl\":\"https:\/\/paracherkaoui.ma\/wp-content\/uploads\/2025\/12\/floxia-exfac-masque-detox-exfoliant.jpg\",\"datePublished\":\"2025-12-12T17:17:03+00:00\",\"dateModified\":\"2025-12-12T17:17:05+00:00\",\"breadcrumb\":{\"@id\":\"https:\/\/paracherkaoui.ma\/index.php\/produit\/floxia-exfac-masque-detox-exfoliant-3\/#breadcrumb\"},\"inLanguage\":\"fr-FR\",\"potentialAction\":[{\"@type\":\"ReadAction\",\"target\":[\"https:\/\/paracherkaoui.ma\/index.php\/produit\/floxia-exfac-masque-detox-exfoliant-3\/\"]}]},{\"@type\":\"ImageObject\",\"inLanguage\":\"fr-FR\",\"@id\":\"https:\/\/paracherkaoui.ma\/index.php\/produit\/floxia-exfac-masque-detox-exfoliant-3\/#primaryimage\",\"url\":\"https:\/\/paracherkaoui.ma\/wp-content\/uploads\/2025\/12\/floxia-exfac-masque-detox-exfoliant.jpg\",\"contentUrl\":\"https:\/\/paracherkaoui.ma\/wp-content\/uploads\/2025\/12\/floxia-exfac-masque-detox-exfoliant.jpg\",\"width\":700,\"height\":700},{\"@type\":\"BreadcrumbList\",\"@id\":\"https:\/\/paracherkaoui.ma\/index.php\/produit\/floxia-exfac-masque-detox-exfoliant-3\/#breadcrumb\",\"itemListElement\":[{\"@type\":\"ListItem\",\"position\":1,\"name\":\"Accueil\",\"item\":\"https:\/\/paracherkaoui.ma\/\"},{\"@type\":\"ListItem\",\"position\":2,\"name\":\"Boutique\",\"item\":\"https:\/\/paracherkaoui.ma\/index.php\/boutique\/\"},{\"@type\":\"ListItem\",\"position\":3,\"name\":\"FLOXIA EXFAC MASQUE DETOX EXFOLIANT\"}]},{\"@type\":\"WebSite\",\"@id\":\"https:\/\/paracherkaoui.ma\/#website\",\"url\":\"https:\/\/paracherkaoui.ma\/\",\"name\":\"Paracherkaoui.ma\",\"description\":\"Achetez en ligne sur Paracherkaoui.ma\",\"potentialAction\":[{\"@type\":\"SearchAction\",\"target\":{\"@type\":\"EntryPoint\",\"urlTemplate\":\"https:\/\/paracherkaoui.ma\/?s={search_term_string}\"},\"query-input\":{\"@type\":\"PropertyValueSpecification\",\"valueRequired\":true,\"valueName\":\"search_term_string\"}}],\"inLanguage\":\"fr-FR\"}]}<\/script>\r\n<!-- \/ Yoast SEO plugin. -->","yoast_head_json":{"title":"FLOXIA EXFAC MASQUE DETOX EXFOLIANT - Paracherkaoui.ma","robots":{"index":"index","follow":"follow","max-snippet":"max-snippet:-1","max-image-preview":"max-image-preview:large","max-video-preview":"max-video-preview:-1"},"canonical":"https:\/\/paracherkaoui.ma\/index.php\/produit\/floxia-exfac-masque-detox-exfoliant-3\/","og_locale":"fr_FR","og_type":"article","og_title":"FLOXIA EXFAC MASQUE DETOX EXFOLIANT - Paracherkaoui.ma","og_description":"Une peau douce et r\u00e9g\u00e9n\u00e9r\u00e9e en un clin d\u2019\u0153il, c\u2019est possible ! Le masque d\u00e9tox exfoliant PEEL OFF\u00a0nettoie, purifie\u00a0et\u00a0d\u00e9toxifie\u00a0la peau","og_url":"https:\/\/paracherkaoui.ma\/index.php\/produit\/floxia-exfac-masque-detox-exfoliant-3\/","og_site_name":"Paracherkaoui.ma","article_modified_time":"2025-12-12T17:17:05+00:00","og_image":[{"width":700,"height":700,"url":"https:\/\/paracherkaoui.ma\/wp-content\/uploads\/2025\/12\/floxia-exfac-masque-detox-exfoliant.jpg","type":"image\/jpeg"}],"twitter_card":"summary_large_image","twitter_misc":{"Dur\u00e9e de lecture estim\u00e9e":"1 minute"},"schema":{"@context":"https:\/\/schema.org","@graph":[{"@type":"WebPage","@id":"https:\/\/paracherkaoui.ma\/index.php\/produit\/floxia-exfac-masque-detox-exfoliant-3\/","url":"https:\/\/paracherkaoui.ma\/index.php\/produit\/floxia-exfac-masque-detox-exfoliant-3\/","name":"FLOXIA EXFAC MASQUE DETOX EXFOLIANT - Paracherkaoui.ma","isPartOf":{"@id":"https:\/\/paracherkaoui.ma\/#website"},"primaryImageOfPage":{"@id":"https:\/\/paracherkaoui.ma\/index.php\/produit\/floxia-exfac-masque-detox-exfoliant-3\/#primaryimage"},"image":{"@id":"https:\/\/paracherkaoui.ma\/index.php\/produit\/floxia-exfac-masque-detox-exfoliant-3\/#primaryimage"},"thumbnailUrl":"https:\/\/paracherkaoui.ma\/wp-content\/uploads\/2025\/12\/floxia-exfac-masque-detox-exfoliant.jpg","datePublished":"2025-12-12T17:17:03+00:00","dateModified":"2025-12-12T17:17:05+00:00","breadcrumb":{"@id":"https:\/\/paracherkaoui.ma\/index.php\/produit\/floxia-exfac-masque-detox-exfoliant-3\/#breadcrumb"},"inLanguage":"fr-FR","potentialAction":[{"@type":"ReadAction","target":["https:\/\/paracherkaoui.ma\/index.php\/produit\/floxia-exfac-masque-detox-exfoliant-3\/"]}]},{"@type":"ImageObject","inLanguage":"fr-FR","@id":"https:\/\/paracherkaoui.ma\/index.php\/produit\/floxia-exfac-masque-detox-exfoliant-3\/#primaryimage","url":"https:\/\/paracherkaoui.ma\/wp-content\/uploads\/2025\/12\/floxia-exfac-masque-detox-exfoliant.jpg","contentUrl":"https:\/\/paracherkaoui.ma\/wp-content\/uploads\/2025\/12\/floxia-exfac-masque-detox-exfoliant.jpg","width":700,"height":700},{"@type":"BreadcrumbList","@id":"https:\/\/paracherkaoui.ma\/index.php\/produit\/floxia-exfac-masque-detox-exfoliant-3\/#breadcrumb","itemListElement":[{"@type":"ListItem","position":1,"name":"Accueil","item":"https:\/\/paracherkaoui.ma\/"},{"@type":"ListItem","position":2,"name":"Boutique","item":"https:\/\/paracherkaoui.ma\/index.php\/boutique\/"},{"@type":"ListItem","position":3,"name":"FLOXIA EXFAC MASQUE DETOX EXFOLIANT"}]},{"@type":"WebSite","@id":"https:\/\/paracherkaoui.ma\/#website","url":"https:\/\/paracherkaoui.ma\/","name":"Paracherkaoui.ma","description":"Achetez en ligne sur Paracherkaoui.ma","potentialAction":[{"@type":"SearchAction","target":{"@type":"EntryPoint","urlTemplate":"https:\/\/paracherkaoui.ma\/?s={search_term_string}"},"query-input":{"@type":"PropertyValueSpecification","valueRequired":true,"valueName":"search_term_string"}}],"inLanguage":"fr-FR"}]}},"_links":{"self":[{"href":"https:\/\/paracherkaoui.ma\/index.php\/wp-json\/wp\/v2\/product\/22753","targetHints":{"allow":["GET"]}}],"collection":[{"href":"https:\/\/paracherkaoui.ma\/index.php\/wp-json\/wp\/v2\/product"}],"about":[{"href":"https:\/\/paracherkaoui.ma\/index.php\/wp-json\/wp\/v2\/types\/product"}],"replies":[{"embeddable":true,"href":"https:\/\/paracherkaoui.ma\/index.php\/wp-json\/wp\/v2\/comments?post=22753"}],"version-history":[{"count":1,"href":"https:\/\/paracherkaoui.ma\/index.php\/wp-json\/wp\/v2\/product\/22753\/revisions"}],"predecessor-version":[{"id":22789,"href":"https:\/\/paracherkaoui.ma\/index.php\/wp-json\/wp\/v2\/product\/22753\/revisions\/22789"}],"wp:featuredmedia":[{"embeddable":true,"href":"https:\/\/paracherkaoui.ma\/index.php\/wp-json\/wp\/v2\/media\/21719"}],"wp:attachment":[{"href":"https:\/\/paracherkaoui.ma\/index.php\/wp-json\/wp\/v2\/media?parent=22753"}],"wp:term":[{"taxonomy":"product_brand","embeddable":true,"href":"https:\/\/paracherkaoui.ma\/index.php\/wp-json\/wp\/v2\/product_brand?post=22753"},{"taxonomy":"product_cat","embeddable":true,"href":"https:\/\/paracherkaoui.ma\/index.php\/wp-json\/wp\/v2\/product_cat?post=22753"},{"taxonomy":"product_tag","embeddable":true,"href":"https:\/\/paracherkaoui.ma\/index.php\/wp-json\/wp\/v2\/product_tag?post=22753"}],"curies":[{"name":"wp","href":"https:\/\/api.w.org\/{rel}","templated":true}]}}