{"id":22672,"date":"2025-12-12T18:16:56","date_gmt":"2025-12-12T17:16:56","guid":{"rendered":"https:\/\/test.ecbeaute.com\/?post_type=product&#038;p=22672"},"modified":"2025-12-12T18:16:59","modified_gmt":"2025-12-12T17:16:59","slug":"filorga-oxygen-glow-mask-masque-super-perfecteur-express-3","status":"publish","type":"product","link":"https:\/\/paracherkaoui.ma\/index.php\/produit\/filorga-oxygen-glow-mask-masque-super-perfecteur-express-3\/","title":{"rendered":"FILORGA OXYGEN GLOW MASK MASQUE SUPER PERFECTEUR EXPRESS"},"content":{"rendered":"<p>MASQUE SUPER-PERFECTEUR EXPRESS<\/p>\n<p>[OXYGEN-GLOW [Mask]]<\/p>\n<p>[Masque super-perfecteur express]<\/p>\n<p>En savoir +<\/p>\n<p>Le masque cr\u00e8me pour un effet peau parfaite et \u00e9clatante en 10 minutes chrono !<br \/>\nBesoin d\u2019un coup de boost et envie d\u2019\u00e9clat ? OXYGEN-GLOW [MASK] fait oublier teint terne, grain de peau irr\u00e9gulier et mine chiffonn\u00e9e en un temps record gr\u00e2ce \u00e0 trio d\u2019actifs \u00e0 effet peeling ultra-efficace. Vous avez bien 10 minutes \u00e0 lui accorder ?<\/p>\n<p>Les cl\u00e9s de l\u2019efficacit\u00e9<\/p>\n<p>&#8211; Le complexe Super-Skin Boosting Factors combine un booster d\u2019oxyg\u00e8ne \u00e9nergisant, de l\u2019acide hyaluronique lissant et la Life-enzyme d\u00e9toxifiante pour un effet perfecteur intensif.<br \/>\n&#8211; La technologie Photoperfector HD associe des flouteurs optiques et des nacres illuminatrices dos\u00e9es minutieusement pour un effet peau sublim\u00e9e instantan\u00e9.<br \/>\n&#8211; Un trio d\u2019actifs \u00e0 effet peeling (gluconolactone, extrait de pamplemousse et papa\u00efne) pour une action unifiante express renforc\u00e9e.<\/p>\n<p>Zoom sur la sensorialit\u00e9 : OXYGEN-GLOW [MASK] offre une exp\u00e9rience in\u00e9dite avec sa texture masque cr\u00e8me \u00e0 la r\u00e9flexion m\u00e9tallique.<br \/>\nB\u00e9n\u00e9fice produit<br \/>\n3 b\u00e9n\u00e9fices pour ma peau<\/p>\n<p>&#8211; Peau \u00e9nergis\u00e9e et revitalis\u00e9e<br \/>\n&#8211; Peau liss\u00e9e et repulp\u00e9e<br \/>\n&#8211; Peau d\u00e9toxifi\u00e9e et unifi\u00e9e<\/p>\n<p>Des r\u00e9sultats constat\u00e9e par les femmes<\/p>\n<p>Efficacit\u00e9 visible d\u00e8s la 1\u00e8re application :<\/p>\n<p>&#8211; Aspect de la peau am\u00e9lior\u00e9 : 80%(1)<br \/>\n&#8211; Grain de peau liss\u00e9 : 93%(1)<br \/>\n&#8211; Peau plus lumineuse : 93%(1)<\/p>\n","protected":false},"excerpt":{"rendered":"<p>MASQUE SUPER-PERFECTEUR EXPRESS [OXYGEN-GLOW [Mask]] [Masque super-perfecteur express] En savoir + Le masque cr\u00e8me pour un effet peau parfaite et<\/p>\n","protected":false},"featured_media":10777,"comment_status":"open","ping_status":"closed","template":"","meta":[],"product_brand":[141],"product_cat":[473],"product_tag":[],"class_list":{"0":"post-22672","1":"product","2":"type-product","3":"status-publish","4":"has-post-thumbnail","6":"product_brand-filorga","7":"product_cat-masques-visage","9":"first","10":"instock","11":"sale","12":"shipping-taxable","13":"purchasable","14":"product-type-simple"},"yoast_head":"<!-- This site is optimized with the Yoast SEO plugin v26.6 - https:\/\/yoast.com\/wordpress\/plugins\/seo\/ -->\r\n<title>FILORGA OXYGEN GLOW MASK MASQUE SUPER PERFECTEUR EXPRESS - Paracherkaoui.ma<\/title>\r\n<meta name=\"robots\" content=\"index, follow, max-snippet:-1, max-image-preview:large, max-video-preview:-1\" \/>\r\n<link rel=\"canonical\" href=\"https:\/\/paracherkaoui.ma\/index.php\/produit\/filorga-oxygen-glow-mask-masque-super-perfecteur-express-3\/\" \/>\r\n<meta property=\"og:locale\" content=\"fr_FR\" \/>\r\n<meta property=\"og:type\" content=\"article\" \/>\r\n<meta property=\"og:title\" content=\"FILORGA OXYGEN GLOW MASK MASQUE SUPER PERFECTEUR EXPRESS - Paracherkaoui.ma\" \/>\r\n<meta property=\"og:description\" content=\"MASQUE SUPER-PERFECTEUR EXPRESS [OXYGEN-GLOW [Mask]] [Masque super-perfecteur express] En savoir + Le masque cr\u00e8me pour un effet peau parfaite et\" \/>\r\n<meta property=\"og:url\" content=\"https:\/\/paracherkaoui.ma\/index.php\/produit\/filorga-oxygen-glow-mask-masque-super-perfecteur-express-3\/\" \/>\r\n<meta property=\"og:site_name\" content=\"Paracherkaoui.ma\" \/>\r\n<meta property=\"article:modified_time\" content=\"2025-12-12T17:16:59+00:00\" \/>\r\n<meta property=\"og:image\" content=\"https:\/\/paracherkaoui.ma\/wp-content\/uploads\/2025\/12\/filorga-filorga-oxygen-glow-mask-masque-super-perfecteur-express-masques-et-gommages.jpg\" \/>\r\n\t<meta property=\"og:image:width\" content=\"700\" \/>\r\n\t<meta property=\"og:image:height\" content=\"700\" \/>\r\n\t<meta property=\"og:image:type\" content=\"image\/jpeg\" \/>\r\n<meta name=\"twitter:card\" content=\"summary_large_image\" \/>\r\n<meta name=\"twitter:label1\" content=\"Dur\u00e9e de lecture estim\u00e9e\" \/>\n\t<meta name=\"twitter:data1\" content=\"1 minute\" \/>\r\n<script type=\"application\/ld+json\" class=\"yoast-schema-graph\">{\"@context\":\"https:\/\/schema.org\",\"@graph\":[{\"@type\":\"WebPage\",\"@id\":\"https:\/\/paracherkaoui.ma\/index.php\/produit\/filorga-oxygen-glow-mask-masque-super-perfecteur-express-3\/\",\"url\":\"https:\/\/paracherkaoui.ma\/index.php\/produit\/filorga-oxygen-glow-mask-masque-super-perfecteur-express-3\/\",\"name\":\"FILORGA OXYGEN GLOW MASK MASQUE SUPER PERFECTEUR EXPRESS - Paracherkaoui.ma\",\"isPartOf\":{\"@id\":\"https:\/\/paracherkaoui.ma\/#website\"},\"primaryImageOfPage\":{\"@id\":\"https:\/\/paracherkaoui.ma\/index.php\/produit\/filorga-oxygen-glow-mask-masque-super-perfecteur-express-3\/#primaryimage\"},\"image\":{\"@id\":\"https:\/\/paracherkaoui.ma\/index.php\/produit\/filorga-oxygen-glow-mask-masque-super-perfecteur-express-3\/#primaryimage\"},\"thumbnailUrl\":\"https:\/\/paracherkaoui.ma\/wp-content\/uploads\/2025\/12\/filorga-filorga-oxygen-glow-mask-masque-super-perfecteur-express-masques-et-gommages.jpg\",\"datePublished\":\"2025-12-12T17:16:56+00:00\",\"dateModified\":\"2025-12-12T17:16:59+00:00\",\"breadcrumb\":{\"@id\":\"https:\/\/paracherkaoui.ma\/index.php\/produit\/filorga-oxygen-glow-mask-masque-super-perfecteur-express-3\/#breadcrumb\"},\"inLanguage\":\"fr-FR\",\"potentialAction\":[{\"@type\":\"ReadAction\",\"target\":[\"https:\/\/paracherkaoui.ma\/index.php\/produit\/filorga-oxygen-glow-mask-masque-super-perfecteur-express-3\/\"]}]},{\"@type\":\"ImageObject\",\"inLanguage\":\"fr-FR\",\"@id\":\"https:\/\/paracherkaoui.ma\/index.php\/produit\/filorga-oxygen-glow-mask-masque-super-perfecteur-express-3\/#primaryimage\",\"url\":\"https:\/\/paracherkaoui.ma\/wp-content\/uploads\/2025\/12\/filorga-filorga-oxygen-glow-mask-masque-super-perfecteur-express-masques-et-gommages.jpg\",\"contentUrl\":\"https:\/\/paracherkaoui.ma\/wp-content\/uploads\/2025\/12\/filorga-filorga-oxygen-glow-mask-masque-super-perfecteur-express-masques-et-gommages.jpg\",\"width\":700,\"height\":700},{\"@type\":\"BreadcrumbList\",\"@id\":\"https:\/\/paracherkaoui.ma\/index.php\/produit\/filorga-oxygen-glow-mask-masque-super-perfecteur-express-3\/#breadcrumb\",\"itemListElement\":[{\"@type\":\"ListItem\",\"position\":1,\"name\":\"Accueil\",\"item\":\"https:\/\/paracherkaoui.ma\/\"},{\"@type\":\"ListItem\",\"position\":2,\"name\":\"Boutique\",\"item\":\"https:\/\/paracherkaoui.ma\/index.php\/boutique\/\"},{\"@type\":\"ListItem\",\"position\":3,\"name\":\"FILORGA OXYGEN GLOW MASK MASQUE SUPER PERFECTEUR EXPRESS\"}]},{\"@type\":\"WebSite\",\"@id\":\"https:\/\/paracherkaoui.ma\/#website\",\"url\":\"https:\/\/paracherkaoui.ma\/\",\"name\":\"Paracherkaoui.ma\",\"description\":\"Achetez en ligne sur Paracherkaoui.ma\",\"potentialAction\":[{\"@type\":\"SearchAction\",\"target\":{\"@type\":\"EntryPoint\",\"urlTemplate\":\"https:\/\/paracherkaoui.ma\/?s={search_term_string}\"},\"query-input\":{\"@type\":\"PropertyValueSpecification\",\"valueRequired\":true,\"valueName\":\"search_term_string\"}}],\"inLanguage\":\"fr-FR\"}]}<\/script>\r\n<!-- \/ Yoast SEO plugin. -->","yoast_head_json":{"title":"FILORGA OXYGEN GLOW MASK MASQUE SUPER PERFECTEUR EXPRESS - Paracherkaoui.ma","robots":{"index":"index","follow":"follow","max-snippet":"max-snippet:-1","max-image-preview":"max-image-preview:large","max-video-preview":"max-video-preview:-1"},"canonical":"https:\/\/paracherkaoui.ma\/index.php\/produit\/filorga-oxygen-glow-mask-masque-super-perfecteur-express-3\/","og_locale":"fr_FR","og_type":"article","og_title":"FILORGA OXYGEN GLOW MASK MASQUE SUPER PERFECTEUR EXPRESS - Paracherkaoui.ma","og_description":"MASQUE SUPER-PERFECTEUR EXPRESS [OXYGEN-GLOW [Mask]] [Masque super-perfecteur express] En savoir + Le masque cr\u00e8me pour un effet peau parfaite et","og_url":"https:\/\/paracherkaoui.ma\/index.php\/produit\/filorga-oxygen-glow-mask-masque-super-perfecteur-express-3\/","og_site_name":"Paracherkaoui.ma","article_modified_time":"2025-12-12T17:16:59+00:00","og_image":[{"width":700,"height":700,"url":"https:\/\/paracherkaoui.ma\/wp-content\/uploads\/2025\/12\/filorga-filorga-oxygen-glow-mask-masque-super-perfecteur-express-masques-et-gommages.jpg","type":"image\/jpeg"}],"twitter_card":"summary_large_image","twitter_misc":{"Dur\u00e9e de lecture estim\u00e9e":"1 minute"},"schema":{"@context":"https:\/\/schema.org","@graph":[{"@type":"WebPage","@id":"https:\/\/paracherkaoui.ma\/index.php\/produit\/filorga-oxygen-glow-mask-masque-super-perfecteur-express-3\/","url":"https:\/\/paracherkaoui.ma\/index.php\/produit\/filorga-oxygen-glow-mask-masque-super-perfecteur-express-3\/","name":"FILORGA OXYGEN GLOW MASK MASQUE SUPER PERFECTEUR EXPRESS - Paracherkaoui.ma","isPartOf":{"@id":"https:\/\/paracherkaoui.ma\/#website"},"primaryImageOfPage":{"@id":"https:\/\/paracherkaoui.ma\/index.php\/produit\/filorga-oxygen-glow-mask-masque-super-perfecteur-express-3\/#primaryimage"},"image":{"@id":"https:\/\/paracherkaoui.ma\/index.php\/produit\/filorga-oxygen-glow-mask-masque-super-perfecteur-express-3\/#primaryimage"},"thumbnailUrl":"https:\/\/paracherkaoui.ma\/wp-content\/uploads\/2025\/12\/filorga-filorga-oxygen-glow-mask-masque-super-perfecteur-express-masques-et-gommages.jpg","datePublished":"2025-12-12T17:16:56+00:00","dateModified":"2025-12-12T17:16:59+00:00","breadcrumb":{"@id":"https:\/\/paracherkaoui.ma\/index.php\/produit\/filorga-oxygen-glow-mask-masque-super-perfecteur-express-3\/#breadcrumb"},"inLanguage":"fr-FR","potentialAction":[{"@type":"ReadAction","target":["https:\/\/paracherkaoui.ma\/index.php\/produit\/filorga-oxygen-glow-mask-masque-super-perfecteur-express-3\/"]}]},{"@type":"ImageObject","inLanguage":"fr-FR","@id":"https:\/\/paracherkaoui.ma\/index.php\/produit\/filorga-oxygen-glow-mask-masque-super-perfecteur-express-3\/#primaryimage","url":"https:\/\/paracherkaoui.ma\/wp-content\/uploads\/2025\/12\/filorga-filorga-oxygen-glow-mask-masque-super-perfecteur-express-masques-et-gommages.jpg","contentUrl":"https:\/\/paracherkaoui.ma\/wp-content\/uploads\/2025\/12\/filorga-filorga-oxygen-glow-mask-masque-super-perfecteur-express-masques-et-gommages.jpg","width":700,"height":700},{"@type":"BreadcrumbList","@id":"https:\/\/paracherkaoui.ma\/index.php\/produit\/filorga-oxygen-glow-mask-masque-super-perfecteur-express-3\/#breadcrumb","itemListElement":[{"@type":"ListItem","position":1,"name":"Accueil","item":"https:\/\/paracherkaoui.ma\/"},{"@type":"ListItem","position":2,"name":"Boutique","item":"https:\/\/paracherkaoui.ma\/index.php\/boutique\/"},{"@type":"ListItem","position":3,"name":"FILORGA OXYGEN GLOW MASK MASQUE SUPER PERFECTEUR EXPRESS"}]},{"@type":"WebSite","@id":"https:\/\/paracherkaoui.ma\/#website","url":"https:\/\/paracherkaoui.ma\/","name":"Paracherkaoui.ma","description":"Achetez en ligne sur Paracherkaoui.ma","potentialAction":[{"@type":"SearchAction","target":{"@type":"EntryPoint","urlTemplate":"https:\/\/paracherkaoui.ma\/?s={search_term_string}"},"query-input":{"@type":"PropertyValueSpecification","valueRequired":true,"valueName":"search_term_string"}}],"inLanguage":"fr-FR"}]}},"_links":{"self":[{"href":"https:\/\/paracherkaoui.ma\/index.php\/wp-json\/wp\/v2\/product\/22672","targetHints":{"allow":["GET"]}}],"collection":[{"href":"https:\/\/paracherkaoui.ma\/index.php\/wp-json\/wp\/v2\/product"}],"about":[{"href":"https:\/\/paracherkaoui.ma\/index.php\/wp-json\/wp\/v2\/types\/product"}],"replies":[{"embeddable":true,"href":"https:\/\/paracherkaoui.ma\/index.php\/wp-json\/wp\/v2\/comments?post=22672"}],"version-history":[{"count":1,"href":"https:\/\/paracherkaoui.ma\/index.php\/wp-json\/wp\/v2\/product\/22672\/revisions"}],"predecessor-version":[{"id":22714,"href":"https:\/\/paracherkaoui.ma\/index.php\/wp-json\/wp\/v2\/product\/22672\/revisions\/22714"}],"wp:featuredmedia":[{"embeddable":true,"href":"https:\/\/paracherkaoui.ma\/index.php\/wp-json\/wp\/v2\/media\/10777"}],"wp:attachment":[{"href":"https:\/\/paracherkaoui.ma\/index.php\/wp-json\/wp\/v2\/media?parent=22672"}],"wp:term":[{"taxonomy":"product_brand","embeddable":true,"href":"https:\/\/paracherkaoui.ma\/index.php\/wp-json\/wp\/v2\/product_brand?post=22672"},{"taxonomy":"product_cat","embeddable":true,"href":"https:\/\/paracherkaoui.ma\/index.php\/wp-json\/wp\/v2\/product_cat?post=22672"},{"taxonomy":"product_tag","embeddable":true,"href":"https:\/\/paracherkaoui.ma\/index.php\/wp-json\/wp\/v2\/product_tag?post=22672"}],"curies":[{"name":"wp","href":"https:\/\/api.w.org\/{rel}","templated":true}]}}