{"id":22603,"date":"2025-12-12T18:16:47","date_gmt":"2025-12-12T17:16:47","guid":{"rendered":"https:\/\/test.ecbeaute.com\/?post_type=product&#038;p=22603"},"modified":"2025-12-12T18:16:54","modified_gmt":"2025-12-12T17:16:54","slug":"uriage-hyseac-masque-gommant-100-ml-absorbe-les-impuretes-lisse-le-grain-de-la-peau-2","status":"publish","type":"product","link":"https:\/\/paracherkaoui.ma\/index.php\/produit\/uriage-hyseac-masque-gommant-100-ml-absorbe-les-impuretes-lisse-le-grain-de-la-peau-2\/","title":{"rendered":"URIAGE HYSEAC MASQUE GOMMANT 100 ML ABSORBE LES IMPURET\u00c9S LISSE LE GRAIN DE LA PEAU"},"content":{"rendered":"<p>Descriptif :<br \/>\nAbsorbe les impuret\u00e9s<br \/>\nLisse le grain de peau<br \/>\nMatifie et donne de l&rsquo;\u00e9clat<br \/>\nEmulsion douce, non agressive, non grasse, hypoallerg\u00e9nique et non com\u00e9dog\u00e8ne.<br \/>\nR\u00e9sultat :<br \/>\nPeau purifi\u00e9e en profondeur<br \/>\nGrain de peau affin\u00e9, pores resserr\u00e9s<br \/>\nPeau douce, hydrat\u00e9e et nette ; Teint plus lumineux<\/p>\n<p>Indications :<br \/>\nPeaux mixtes \u00e0 grasses<br \/>\nFormule :<br \/>\nKaolin<br \/>\nAcide malique+ ester d&rsquo;acide malique<br \/>\nGlyc\u00e9rine<br \/>\nEau thermale d&rsquo;Uriage<br \/>\nConseils d&rsquo;utilisation :<br \/>\nEn masque : Sur le visage, appliquer en fine couche. Laisser agir 2 minutes puis rincer abondamment sans masser.<br \/>\nPeut s\u2019utiliser tous les jours.<br \/>\nEn gommage : Sur le visage humidifi\u00e9, masser en mouvements circulaires puis rincer.<br \/>\nUtiliser 2 fois par semaine.<\/p>\n","protected":false},"excerpt":{"rendered":"<p>Descriptif : Absorbe les impuret\u00e9s Lisse le grain de peau Matifie et donne de l&rsquo;\u00e9clat Emulsion douce, non agressive, non<\/p>\n","protected":false},"featured_media":13915,"comment_status":"open","ping_status":"closed","template":"","meta":[],"product_brand":[130],"product_cat":[473],"product_tag":[],"class_list":{"0":"post-22603","1":"product","2":"type-product","3":"status-publish","4":"has-post-thumbnail","6":"product_brand-uriage","7":"product_cat-masques-visage","9":"first","10":"instock","11":"sale","12":"shipping-taxable","13":"purchasable","14":"product-type-simple"},"yoast_head":"<!-- This site is optimized with the Yoast SEO plugin v26.6 - https:\/\/yoast.com\/wordpress\/plugins\/seo\/ -->\r\n<title>URIAGE HYSEAC MASQUE GOMMANT 100 ML ABSORBE LES IMPURET\u00c9S LISSE LE GRAIN DE LA PEAU - Paracherkaoui.ma<\/title>\r\n<meta name=\"robots\" content=\"index, follow, max-snippet:-1, max-image-preview:large, max-video-preview:-1\" \/>\r\n<link rel=\"canonical\" href=\"https:\/\/paracherkaoui.ma\/index.php\/produit\/uriage-hyseac-masque-gommant-100-ml-absorbe-les-impuretes-lisse-le-grain-de-la-peau-2\/\" \/>\r\n<meta property=\"og:locale\" content=\"fr_FR\" \/>\r\n<meta property=\"og:type\" content=\"article\" \/>\r\n<meta property=\"og:title\" content=\"URIAGE HYSEAC MASQUE GOMMANT 100 ML ABSORBE LES IMPURET\u00c9S LISSE LE GRAIN DE LA PEAU - Paracherkaoui.ma\" \/>\r\n<meta property=\"og:description\" content=\"Descriptif : Absorbe les impuret\u00e9s Lisse le grain de peau Matifie et donne de l&rsquo;\u00e9clat Emulsion douce, non agressive, non\" \/>\r\n<meta property=\"og:url\" content=\"https:\/\/paracherkaoui.ma\/index.php\/produit\/uriage-hyseac-masque-gommant-100-ml-absorbe-les-impuretes-lisse-le-grain-de-la-peau-2\/\" \/>\r\n<meta property=\"og:site_name\" content=\"Paracherkaoui.ma\" \/>\r\n<meta property=\"article:modified_time\" content=\"2025-12-12T17:16:54+00:00\" \/>\r\n<meta property=\"og:image\" content=\"https:\/\/paracherkaoui.ma\/wp-content\/uploads\/2025\/12\/uriage-hyseac-masque-gommant-100-ml-absorbe-les-impuretes-lisse-le-grain-de-la-peau.jpg\" \/>\r\n\t<meta property=\"og:image:width\" content=\"700\" \/>\r\n\t<meta property=\"og:image:height\" content=\"700\" \/>\r\n\t<meta property=\"og:image:type\" content=\"image\/jpeg\" \/>\r\n<meta name=\"twitter:card\" content=\"summary_large_image\" \/>\r\n<meta name=\"twitter:label1\" content=\"Dur\u00e9e de lecture estim\u00e9e\" \/>\n\t<meta name=\"twitter:data1\" content=\"1 minute\" \/>\r\n<script type=\"application\/ld+json\" class=\"yoast-schema-graph\">{\"@context\":\"https:\/\/schema.org\",\"@graph\":[{\"@type\":\"WebPage\",\"@id\":\"https:\/\/paracherkaoui.ma\/index.php\/produit\/uriage-hyseac-masque-gommant-100-ml-absorbe-les-impuretes-lisse-le-grain-de-la-peau-2\/\",\"url\":\"https:\/\/paracherkaoui.ma\/index.php\/produit\/uriage-hyseac-masque-gommant-100-ml-absorbe-les-impuretes-lisse-le-grain-de-la-peau-2\/\",\"name\":\"URIAGE HYSEAC MASQUE GOMMANT 100 ML ABSORBE LES IMPURET\u00c9S LISSE LE GRAIN DE LA PEAU - Paracherkaoui.ma\",\"isPartOf\":{\"@id\":\"https:\/\/paracherkaoui.ma\/#website\"},\"primaryImageOfPage\":{\"@id\":\"https:\/\/paracherkaoui.ma\/index.php\/produit\/uriage-hyseac-masque-gommant-100-ml-absorbe-les-impuretes-lisse-le-grain-de-la-peau-2\/#primaryimage\"},\"image\":{\"@id\":\"https:\/\/paracherkaoui.ma\/index.php\/produit\/uriage-hyseac-masque-gommant-100-ml-absorbe-les-impuretes-lisse-le-grain-de-la-peau-2\/#primaryimage\"},\"thumbnailUrl\":\"https:\/\/paracherkaoui.ma\/wp-content\/uploads\/2025\/12\/uriage-hyseac-masque-gommant-100-ml-absorbe-les-impuretes-lisse-le-grain-de-la-peau.jpg\",\"datePublished\":\"2025-12-12T17:16:47+00:00\",\"dateModified\":\"2025-12-12T17:16:54+00:00\",\"breadcrumb\":{\"@id\":\"https:\/\/paracherkaoui.ma\/index.php\/produit\/uriage-hyseac-masque-gommant-100-ml-absorbe-les-impuretes-lisse-le-grain-de-la-peau-2\/#breadcrumb\"},\"inLanguage\":\"fr-FR\",\"potentialAction\":[{\"@type\":\"ReadAction\",\"target\":[\"https:\/\/paracherkaoui.ma\/index.php\/produit\/uriage-hyseac-masque-gommant-100-ml-absorbe-les-impuretes-lisse-le-grain-de-la-peau-2\/\"]}]},{\"@type\":\"ImageObject\",\"inLanguage\":\"fr-FR\",\"@id\":\"https:\/\/paracherkaoui.ma\/index.php\/produit\/uriage-hyseac-masque-gommant-100-ml-absorbe-les-impuretes-lisse-le-grain-de-la-peau-2\/#primaryimage\",\"url\":\"https:\/\/paracherkaoui.ma\/wp-content\/uploads\/2025\/12\/uriage-hyseac-masque-gommant-100-ml-absorbe-les-impuretes-lisse-le-grain-de-la-peau.jpg\",\"contentUrl\":\"https:\/\/paracherkaoui.ma\/wp-content\/uploads\/2025\/12\/uriage-hyseac-masque-gommant-100-ml-absorbe-les-impuretes-lisse-le-grain-de-la-peau.jpg\",\"width\":700,\"height\":700},{\"@type\":\"BreadcrumbList\",\"@id\":\"https:\/\/paracherkaoui.ma\/index.php\/produit\/uriage-hyseac-masque-gommant-100-ml-absorbe-les-impuretes-lisse-le-grain-de-la-peau-2\/#breadcrumb\",\"itemListElement\":[{\"@type\":\"ListItem\",\"position\":1,\"name\":\"Accueil\",\"item\":\"https:\/\/paracherkaoui.ma\/\"},{\"@type\":\"ListItem\",\"position\":2,\"name\":\"Boutique\",\"item\":\"https:\/\/paracherkaoui.ma\/index.php\/boutique\/\"},{\"@type\":\"ListItem\",\"position\":3,\"name\":\"URIAGE HYSEAC MASQUE GOMMANT 100 ML ABSORBE LES IMPURET\u00c9S LISSE LE GRAIN DE LA PEAU\"}]},{\"@type\":\"WebSite\",\"@id\":\"https:\/\/paracherkaoui.ma\/#website\",\"url\":\"https:\/\/paracherkaoui.ma\/\",\"name\":\"Paracherkaoui.ma\",\"description\":\"Achetez en ligne sur Paracherkaoui.ma\",\"potentialAction\":[{\"@type\":\"SearchAction\",\"target\":{\"@type\":\"EntryPoint\",\"urlTemplate\":\"https:\/\/paracherkaoui.ma\/?s={search_term_string}\"},\"query-input\":{\"@type\":\"PropertyValueSpecification\",\"valueRequired\":true,\"valueName\":\"search_term_string\"}}],\"inLanguage\":\"fr-FR\"}]}<\/script>\r\n<!-- \/ Yoast SEO plugin. -->","yoast_head_json":{"title":"URIAGE HYSEAC MASQUE GOMMANT 100 ML ABSORBE LES IMPURET\u00c9S LISSE LE GRAIN DE LA PEAU - Paracherkaoui.ma","robots":{"index":"index","follow":"follow","max-snippet":"max-snippet:-1","max-image-preview":"max-image-preview:large","max-video-preview":"max-video-preview:-1"},"canonical":"https:\/\/paracherkaoui.ma\/index.php\/produit\/uriage-hyseac-masque-gommant-100-ml-absorbe-les-impuretes-lisse-le-grain-de-la-peau-2\/","og_locale":"fr_FR","og_type":"article","og_title":"URIAGE HYSEAC MASQUE GOMMANT 100 ML ABSORBE LES IMPURET\u00c9S LISSE LE GRAIN DE LA PEAU - Paracherkaoui.ma","og_description":"Descriptif : Absorbe les impuret\u00e9s Lisse le grain de peau Matifie et donne de l&rsquo;\u00e9clat Emulsion douce, non agressive, non","og_url":"https:\/\/paracherkaoui.ma\/index.php\/produit\/uriage-hyseac-masque-gommant-100-ml-absorbe-les-impuretes-lisse-le-grain-de-la-peau-2\/","og_site_name":"Paracherkaoui.ma","article_modified_time":"2025-12-12T17:16:54+00:00","og_image":[{"width":700,"height":700,"url":"https:\/\/paracherkaoui.ma\/wp-content\/uploads\/2025\/12\/uriage-hyseac-masque-gommant-100-ml-absorbe-les-impuretes-lisse-le-grain-de-la-peau.jpg","type":"image\/jpeg"}],"twitter_card":"summary_large_image","twitter_misc":{"Dur\u00e9e de lecture estim\u00e9e":"1 minute"},"schema":{"@context":"https:\/\/schema.org","@graph":[{"@type":"WebPage","@id":"https:\/\/paracherkaoui.ma\/index.php\/produit\/uriage-hyseac-masque-gommant-100-ml-absorbe-les-impuretes-lisse-le-grain-de-la-peau-2\/","url":"https:\/\/paracherkaoui.ma\/index.php\/produit\/uriage-hyseac-masque-gommant-100-ml-absorbe-les-impuretes-lisse-le-grain-de-la-peau-2\/","name":"URIAGE HYSEAC MASQUE GOMMANT 100 ML ABSORBE LES IMPURET\u00c9S LISSE LE GRAIN DE LA PEAU - Paracherkaoui.ma","isPartOf":{"@id":"https:\/\/paracherkaoui.ma\/#website"},"primaryImageOfPage":{"@id":"https:\/\/paracherkaoui.ma\/index.php\/produit\/uriage-hyseac-masque-gommant-100-ml-absorbe-les-impuretes-lisse-le-grain-de-la-peau-2\/#primaryimage"},"image":{"@id":"https:\/\/paracherkaoui.ma\/index.php\/produit\/uriage-hyseac-masque-gommant-100-ml-absorbe-les-impuretes-lisse-le-grain-de-la-peau-2\/#primaryimage"},"thumbnailUrl":"https:\/\/paracherkaoui.ma\/wp-content\/uploads\/2025\/12\/uriage-hyseac-masque-gommant-100-ml-absorbe-les-impuretes-lisse-le-grain-de-la-peau.jpg","datePublished":"2025-12-12T17:16:47+00:00","dateModified":"2025-12-12T17:16:54+00:00","breadcrumb":{"@id":"https:\/\/paracherkaoui.ma\/index.php\/produit\/uriage-hyseac-masque-gommant-100-ml-absorbe-les-impuretes-lisse-le-grain-de-la-peau-2\/#breadcrumb"},"inLanguage":"fr-FR","potentialAction":[{"@type":"ReadAction","target":["https:\/\/paracherkaoui.ma\/index.php\/produit\/uriage-hyseac-masque-gommant-100-ml-absorbe-les-impuretes-lisse-le-grain-de-la-peau-2\/"]}]},{"@type":"ImageObject","inLanguage":"fr-FR","@id":"https:\/\/paracherkaoui.ma\/index.php\/produit\/uriage-hyseac-masque-gommant-100-ml-absorbe-les-impuretes-lisse-le-grain-de-la-peau-2\/#primaryimage","url":"https:\/\/paracherkaoui.ma\/wp-content\/uploads\/2025\/12\/uriage-hyseac-masque-gommant-100-ml-absorbe-les-impuretes-lisse-le-grain-de-la-peau.jpg","contentUrl":"https:\/\/paracherkaoui.ma\/wp-content\/uploads\/2025\/12\/uriage-hyseac-masque-gommant-100-ml-absorbe-les-impuretes-lisse-le-grain-de-la-peau.jpg","width":700,"height":700},{"@type":"BreadcrumbList","@id":"https:\/\/paracherkaoui.ma\/index.php\/produit\/uriage-hyseac-masque-gommant-100-ml-absorbe-les-impuretes-lisse-le-grain-de-la-peau-2\/#breadcrumb","itemListElement":[{"@type":"ListItem","position":1,"name":"Accueil","item":"https:\/\/paracherkaoui.ma\/"},{"@type":"ListItem","position":2,"name":"Boutique","item":"https:\/\/paracherkaoui.ma\/index.php\/boutique\/"},{"@type":"ListItem","position":3,"name":"URIAGE HYSEAC MASQUE GOMMANT 100 ML ABSORBE LES IMPURET\u00c9S LISSE LE GRAIN DE LA PEAU"}]},{"@type":"WebSite","@id":"https:\/\/paracherkaoui.ma\/#website","url":"https:\/\/paracherkaoui.ma\/","name":"Paracherkaoui.ma","description":"Achetez en ligne sur Paracherkaoui.ma","potentialAction":[{"@type":"SearchAction","target":{"@type":"EntryPoint","urlTemplate":"https:\/\/paracherkaoui.ma\/?s={search_term_string}"},"query-input":{"@type":"PropertyValueSpecification","valueRequired":true,"valueName":"search_term_string"}}],"inLanguage":"fr-FR"}]}},"_links":{"self":[{"href":"https:\/\/paracherkaoui.ma\/index.php\/wp-json\/wp\/v2\/product\/22603","targetHints":{"allow":["GET"]}}],"collection":[{"href":"https:\/\/paracherkaoui.ma\/index.php\/wp-json\/wp\/v2\/product"}],"about":[{"href":"https:\/\/paracherkaoui.ma\/index.php\/wp-json\/wp\/v2\/types\/product"}],"replies":[{"embeddable":true,"href":"https:\/\/paracherkaoui.ma\/index.php\/wp-json\/wp\/v2\/comments?post=22603"}],"version-history":[{"count":1,"href":"https:\/\/paracherkaoui.ma\/index.php\/wp-json\/wp\/v2\/product\/22603\/revisions"}],"predecessor-version":[{"id":22659,"href":"https:\/\/paracherkaoui.ma\/index.php\/wp-json\/wp\/v2\/product\/22603\/revisions\/22659"}],"wp:featuredmedia":[{"embeddable":true,"href":"https:\/\/paracherkaoui.ma\/index.php\/wp-json\/wp\/v2\/media\/13915"}],"wp:attachment":[{"href":"https:\/\/paracherkaoui.ma\/index.php\/wp-json\/wp\/v2\/media?parent=22603"}],"wp:term":[{"taxonomy":"product_brand","embeddable":true,"href":"https:\/\/paracherkaoui.ma\/index.php\/wp-json\/wp\/v2\/product_brand?post=22603"},{"taxonomy":"product_cat","embeddable":true,"href":"https:\/\/paracherkaoui.ma\/index.php\/wp-json\/wp\/v2\/product_cat?post=22603"},{"taxonomy":"product_tag","embeddable":true,"href":"https:\/\/paracherkaoui.ma\/index.php\/wp-json\/wp\/v2\/product_tag?post=22603"}],"curies":[{"name":"wp","href":"https:\/\/api.w.org\/{rel}","templated":true}]}}