{"id":22515,"date":"2025-12-12T18:16:40","date_gmt":"2025-12-12T17:16:40","guid":{"rendered":"https:\/\/test.ecbeaute.com\/?post_type=product&#038;p=22515"},"modified":"2025-12-12T18:16:45","modified_gmt":"2025-12-12T17:16:45","slug":"onagrine-ona-hydratant-masque-hydratation-intense-75ml","status":"publish","type":"product","link":"https:\/\/paracherkaoui.ma\/index.php\/produit\/onagrine-ona-hydratant-masque-hydratation-intense-75ml\/","title":{"rendered":"ONAGRINE ONA-HYDRATANT Masque Hydratation Intense 75ml"},"content":{"rendered":"<p>DESCRIPTION<br \/>\nV\u00e9ritable bain d&rsquo;hydratation, le Masque Ona-Hydratant procure un confort supr\u00eame aux peaux les plus d\u00e9shydrat\u00e9es. La peau est nourrie, d\u00e9salt\u00e9r\u00e9e et totalement ressourc\u00e9e.\u00a0Restaure\u00a0Nourrit\u00a0Ressource<br \/>\nCONSEILS D\u2019APPLICATION<br \/>\nA appliquer apr\u00e8s le Gommage Douceur Onagrine, sur peau propre et s\u00e8che, du bout des doigts ou au pinceau, en \u00e9vitant le contour des yeux. Laisser poser 10 \u00e0 20 min puis enlever l&rsquo;exc\u00e9dent avec un coton. S\u2019utilise 2 fois par semaine sur le visage et le cou.<br \/>\nNotre astuce :\u00a0Laisser poser toute la nuit pour un r\u00e9el effet spa hydratant pour la peau. Realiser un mini modelage du visage avant de rincer. Appliquer sur les levres les plus seches pour les r\u00e9hydrater, les apaiser et les r\u00e9parer. Peut s\u2019utiliser en apr\u00e8s soleil, et id\u00e9al pour les personnes pratiquant la natation.<br \/>\nLISTE DES INGR\u00c9DIENTS<br \/>\nIngr\u00e9dients : AQUA (WATER), HELIANTHUS ANNUUS (SUNFLOWER) SEED OIL, GLYCERIN, CETEARYL ALCOHOL, CAPRYLIC\/CAPRIC TRIGLYCERIDE, PENTYLENE GLYCOL, OENOTHERA BIENNIS (EVENINIG PRIMROSE) OIL, IMPERATA CYLINDRICA ROOT EXTRACT, PUNICA GRANATUM FRUIT EXTRACT, HYDROXYETHYL ACRYLATE \/ SODIUM ACRYLOYLDIMETHYL TAURINE, CETEARETH-20, CHLORPHENESIN, TOCOPHERYL ACETATE, PARFUM (FRAGRANCE), DISODIUM EDTA, SODIUM HYALURONATE, GLYCERYL ACRYLATE \/ ACRYLIC ACID COPOLYMER, ACRYLATES C10-30 ALKYL ACRYLATE CROSSPOLYMER, CAPRYLYL GLYCOL, CARBOMER, LIMONENE.<\/p>\n","protected":false},"excerpt":{"rendered":"<p>DESCRIPTION V\u00e9ritable bain d&rsquo;hydratation, le Masque Ona-Hydratant procure un confort supr\u00eame aux peaux les plus d\u00e9shydrat\u00e9es. La peau est nourrie,<\/p>\n","protected":false},"featured_media":22567,"comment_status":"open","ping_status":"closed","template":"","meta":[],"product_brand":[396],"product_cat":[473],"product_tag":[],"class_list":{"0":"post-22515","1":"product","2":"type-product","3":"status-publish","4":"has-post-thumbnail","6":"product_brand-onagrine","7":"product_cat-masques-visage","9":"first","10":"instock","11":"sale","12":"shipping-taxable","13":"purchasable","14":"product-type-simple"},"yoast_head":"<!-- This site is optimized with the Yoast SEO plugin v26.6 - https:\/\/yoast.com\/wordpress\/plugins\/seo\/ -->\r\n<title>ONAGRINE ONA-HYDRATANT Masque Hydratation Intense 75ml - Paracherkaoui.ma<\/title>\r\n<meta name=\"robots\" content=\"index, follow, max-snippet:-1, max-image-preview:large, max-video-preview:-1\" \/>\r\n<link rel=\"canonical\" href=\"https:\/\/paracherkaoui.ma\/index.php\/produit\/onagrine-ona-hydratant-masque-hydratation-intense-75ml\/\" \/>\r\n<meta property=\"og:locale\" content=\"fr_FR\" \/>\r\n<meta property=\"og:type\" content=\"article\" \/>\r\n<meta property=\"og:title\" content=\"ONAGRINE ONA-HYDRATANT Masque Hydratation Intense 75ml - Paracherkaoui.ma\" \/>\r\n<meta property=\"og:description\" content=\"DESCRIPTION V\u00e9ritable bain d&rsquo;hydratation, le Masque Ona-Hydratant procure un confort supr\u00eame aux peaux les plus d\u00e9shydrat\u00e9es. La peau est nourrie,\" \/>\r\n<meta property=\"og:url\" content=\"https:\/\/paracherkaoui.ma\/index.php\/produit\/onagrine-ona-hydratant-masque-hydratation-intense-75ml\/\" \/>\r\n<meta property=\"og:site_name\" content=\"Paracherkaoui.ma\" \/>\r\n<meta property=\"article:modified_time\" content=\"2025-12-12T17:16:45+00:00\" \/>\r\n<meta property=\"og:image\" content=\"https:\/\/paracherkaoui.ma\/wp-content\/uploads\/2025\/12\/onagrine-onagrine-ona-hydratant-masque-hydratation-intense-75ml-masques-et-gommages.jpg\" \/>\r\n\t<meta property=\"og:image:width\" content=\"700\" \/>\r\n\t<meta property=\"og:image:height\" content=\"700\" \/>\r\n\t<meta property=\"og:image:type\" content=\"image\/jpeg\" \/>\r\n<meta name=\"twitter:card\" content=\"summary_large_image\" \/>\r\n<meta name=\"twitter:label1\" content=\"Dur\u00e9e de lecture estim\u00e9e\" \/>\n\t<meta name=\"twitter:data1\" content=\"1 minute\" \/>\r\n<script type=\"application\/ld+json\" class=\"yoast-schema-graph\">{\"@context\":\"https:\/\/schema.org\",\"@graph\":[{\"@type\":\"WebPage\",\"@id\":\"https:\/\/paracherkaoui.ma\/index.php\/produit\/onagrine-ona-hydratant-masque-hydratation-intense-75ml\/\",\"url\":\"https:\/\/paracherkaoui.ma\/index.php\/produit\/onagrine-ona-hydratant-masque-hydratation-intense-75ml\/\",\"name\":\"ONAGRINE ONA-HYDRATANT Masque Hydratation Intense 75ml - Paracherkaoui.ma\",\"isPartOf\":{\"@id\":\"https:\/\/paracherkaoui.ma\/#website\"},\"primaryImageOfPage\":{\"@id\":\"https:\/\/paracherkaoui.ma\/index.php\/produit\/onagrine-ona-hydratant-masque-hydratation-intense-75ml\/#primaryimage\"},\"image\":{\"@id\":\"https:\/\/paracherkaoui.ma\/index.php\/produit\/onagrine-ona-hydratant-masque-hydratation-intense-75ml\/#primaryimage\"},\"thumbnailUrl\":\"https:\/\/paracherkaoui.ma\/wp-content\/uploads\/2025\/12\/onagrine-onagrine-ona-hydratant-masque-hydratation-intense-75ml-masques-et-gommages.jpg\",\"datePublished\":\"2025-12-12T17:16:40+00:00\",\"dateModified\":\"2025-12-12T17:16:45+00:00\",\"breadcrumb\":{\"@id\":\"https:\/\/paracherkaoui.ma\/index.php\/produit\/onagrine-ona-hydratant-masque-hydratation-intense-75ml\/#breadcrumb\"},\"inLanguage\":\"fr-FR\",\"potentialAction\":[{\"@type\":\"ReadAction\",\"target\":[\"https:\/\/paracherkaoui.ma\/index.php\/produit\/onagrine-ona-hydratant-masque-hydratation-intense-75ml\/\"]}]},{\"@type\":\"ImageObject\",\"inLanguage\":\"fr-FR\",\"@id\":\"https:\/\/paracherkaoui.ma\/index.php\/produit\/onagrine-ona-hydratant-masque-hydratation-intense-75ml\/#primaryimage\",\"url\":\"https:\/\/paracherkaoui.ma\/wp-content\/uploads\/2025\/12\/onagrine-onagrine-ona-hydratant-masque-hydratation-intense-75ml-masques-et-gommages.jpg\",\"contentUrl\":\"https:\/\/paracherkaoui.ma\/wp-content\/uploads\/2025\/12\/onagrine-onagrine-ona-hydratant-masque-hydratation-intense-75ml-masques-et-gommages.jpg\",\"width\":700,\"height\":700},{\"@type\":\"BreadcrumbList\",\"@id\":\"https:\/\/paracherkaoui.ma\/index.php\/produit\/onagrine-ona-hydratant-masque-hydratation-intense-75ml\/#breadcrumb\",\"itemListElement\":[{\"@type\":\"ListItem\",\"position\":1,\"name\":\"Accueil\",\"item\":\"https:\/\/paracherkaoui.ma\/\"},{\"@type\":\"ListItem\",\"position\":2,\"name\":\"Boutique\",\"item\":\"https:\/\/paracherkaoui.ma\/index.php\/boutique\/\"},{\"@type\":\"ListItem\",\"position\":3,\"name\":\"ONAGRINE ONA-HYDRATANT Masque Hydratation Intense 75ml\"}]},{\"@type\":\"WebSite\",\"@id\":\"https:\/\/paracherkaoui.ma\/#website\",\"url\":\"https:\/\/paracherkaoui.ma\/\",\"name\":\"Paracherkaoui.ma\",\"description\":\"Achetez en ligne sur Paracherkaoui.ma\",\"potentialAction\":[{\"@type\":\"SearchAction\",\"target\":{\"@type\":\"EntryPoint\",\"urlTemplate\":\"https:\/\/paracherkaoui.ma\/?s={search_term_string}\"},\"query-input\":{\"@type\":\"PropertyValueSpecification\",\"valueRequired\":true,\"valueName\":\"search_term_string\"}}],\"inLanguage\":\"fr-FR\"}]}<\/script>\r\n<!-- \/ Yoast SEO plugin. -->","yoast_head_json":{"title":"ONAGRINE ONA-HYDRATANT Masque Hydratation Intense 75ml - Paracherkaoui.ma","robots":{"index":"index","follow":"follow","max-snippet":"max-snippet:-1","max-image-preview":"max-image-preview:large","max-video-preview":"max-video-preview:-1"},"canonical":"https:\/\/paracherkaoui.ma\/index.php\/produit\/onagrine-ona-hydratant-masque-hydratation-intense-75ml\/","og_locale":"fr_FR","og_type":"article","og_title":"ONAGRINE ONA-HYDRATANT Masque Hydratation Intense 75ml - Paracherkaoui.ma","og_description":"DESCRIPTION V\u00e9ritable bain d&rsquo;hydratation, le Masque Ona-Hydratant procure un confort supr\u00eame aux peaux les plus d\u00e9shydrat\u00e9es. La peau est nourrie,","og_url":"https:\/\/paracherkaoui.ma\/index.php\/produit\/onagrine-ona-hydratant-masque-hydratation-intense-75ml\/","og_site_name":"Paracherkaoui.ma","article_modified_time":"2025-12-12T17:16:45+00:00","og_image":[{"width":700,"height":700,"url":"https:\/\/paracherkaoui.ma\/wp-content\/uploads\/2025\/12\/onagrine-onagrine-ona-hydratant-masque-hydratation-intense-75ml-masques-et-gommages.jpg","type":"image\/jpeg"}],"twitter_card":"summary_large_image","twitter_misc":{"Dur\u00e9e de lecture estim\u00e9e":"1 minute"},"schema":{"@context":"https:\/\/schema.org","@graph":[{"@type":"WebPage","@id":"https:\/\/paracherkaoui.ma\/index.php\/produit\/onagrine-ona-hydratant-masque-hydratation-intense-75ml\/","url":"https:\/\/paracherkaoui.ma\/index.php\/produit\/onagrine-ona-hydratant-masque-hydratation-intense-75ml\/","name":"ONAGRINE ONA-HYDRATANT Masque Hydratation Intense 75ml - Paracherkaoui.ma","isPartOf":{"@id":"https:\/\/paracherkaoui.ma\/#website"},"primaryImageOfPage":{"@id":"https:\/\/paracherkaoui.ma\/index.php\/produit\/onagrine-ona-hydratant-masque-hydratation-intense-75ml\/#primaryimage"},"image":{"@id":"https:\/\/paracherkaoui.ma\/index.php\/produit\/onagrine-ona-hydratant-masque-hydratation-intense-75ml\/#primaryimage"},"thumbnailUrl":"https:\/\/paracherkaoui.ma\/wp-content\/uploads\/2025\/12\/onagrine-onagrine-ona-hydratant-masque-hydratation-intense-75ml-masques-et-gommages.jpg","datePublished":"2025-12-12T17:16:40+00:00","dateModified":"2025-12-12T17:16:45+00:00","breadcrumb":{"@id":"https:\/\/paracherkaoui.ma\/index.php\/produit\/onagrine-ona-hydratant-masque-hydratation-intense-75ml\/#breadcrumb"},"inLanguage":"fr-FR","potentialAction":[{"@type":"ReadAction","target":["https:\/\/paracherkaoui.ma\/index.php\/produit\/onagrine-ona-hydratant-masque-hydratation-intense-75ml\/"]}]},{"@type":"ImageObject","inLanguage":"fr-FR","@id":"https:\/\/paracherkaoui.ma\/index.php\/produit\/onagrine-ona-hydratant-masque-hydratation-intense-75ml\/#primaryimage","url":"https:\/\/paracherkaoui.ma\/wp-content\/uploads\/2025\/12\/onagrine-onagrine-ona-hydratant-masque-hydratation-intense-75ml-masques-et-gommages.jpg","contentUrl":"https:\/\/paracherkaoui.ma\/wp-content\/uploads\/2025\/12\/onagrine-onagrine-ona-hydratant-masque-hydratation-intense-75ml-masques-et-gommages.jpg","width":700,"height":700},{"@type":"BreadcrumbList","@id":"https:\/\/paracherkaoui.ma\/index.php\/produit\/onagrine-ona-hydratant-masque-hydratation-intense-75ml\/#breadcrumb","itemListElement":[{"@type":"ListItem","position":1,"name":"Accueil","item":"https:\/\/paracherkaoui.ma\/"},{"@type":"ListItem","position":2,"name":"Boutique","item":"https:\/\/paracherkaoui.ma\/index.php\/boutique\/"},{"@type":"ListItem","position":3,"name":"ONAGRINE ONA-HYDRATANT Masque Hydratation Intense 75ml"}]},{"@type":"WebSite","@id":"https:\/\/paracherkaoui.ma\/#website","url":"https:\/\/paracherkaoui.ma\/","name":"Paracherkaoui.ma","description":"Achetez en ligne sur Paracherkaoui.ma","potentialAction":[{"@type":"SearchAction","target":{"@type":"EntryPoint","urlTemplate":"https:\/\/paracherkaoui.ma\/?s={search_term_string}"},"query-input":{"@type":"PropertyValueSpecification","valueRequired":true,"valueName":"search_term_string"}}],"inLanguage":"fr-FR"}]}},"_links":{"self":[{"href":"https:\/\/paracherkaoui.ma\/index.php\/wp-json\/wp\/v2\/product\/22515","targetHints":{"allow":["GET"]}}],"collection":[{"href":"https:\/\/paracherkaoui.ma\/index.php\/wp-json\/wp\/v2\/product"}],"about":[{"href":"https:\/\/paracherkaoui.ma\/index.php\/wp-json\/wp\/v2\/types\/product"}],"replies":[{"embeddable":true,"href":"https:\/\/paracherkaoui.ma\/index.php\/wp-json\/wp\/v2\/comments?post=22515"}],"version-history":[{"count":1,"href":"https:\/\/paracherkaoui.ma\/index.php\/wp-json\/wp\/v2\/product\/22515\/revisions"}],"predecessor-version":[{"id":22568,"href":"https:\/\/paracherkaoui.ma\/index.php\/wp-json\/wp\/v2\/product\/22515\/revisions\/22568"}],"wp:featuredmedia":[{"embeddable":true,"href":"https:\/\/paracherkaoui.ma\/index.php\/wp-json\/wp\/v2\/media\/22567"}],"wp:attachment":[{"href":"https:\/\/paracherkaoui.ma\/index.php\/wp-json\/wp\/v2\/media?parent=22515"}],"wp:term":[{"taxonomy":"product_brand","embeddable":true,"href":"https:\/\/paracherkaoui.ma\/index.php\/wp-json\/wp\/v2\/product_brand?post=22515"},{"taxonomy":"product_cat","embeddable":true,"href":"https:\/\/paracherkaoui.ma\/index.php\/wp-json\/wp\/v2\/product_cat?post=22515"},{"taxonomy":"product_tag","embeddable":true,"href":"https:\/\/paracherkaoui.ma\/index.php\/wp-json\/wp\/v2\/product_tag?post=22515"}],"curies":[{"name":"wp","href":"https:\/\/api.w.org\/{rel}","templated":true}]}}