{"id":22511,"date":"2025-12-12T18:16:40","date_gmt":"2025-12-12T17:16:40","guid":{"rendered":"https:\/\/test.ecbeaute.com\/?post_type=product&#038;p=22511"},"modified":"2025-12-12T18:16:44","modified_gmt":"2025-12-12T17:16:44","slug":"polaar-ice-source-masque-sur-hydratant","status":"publish","type":"product","link":"https:\/\/paracherkaoui.ma\/index.php\/produit\/polaar-ice-source-masque-sur-hydratant\/","title":{"rendered":"POLAAR ICE SOURCE MASQUE SUR HYDRATANT"},"content":{"rendered":"<p>Description:<br \/>\nLe Masque Sur Hydratant contient trois actifs aux propri\u00e9t\u00e9s exceptionnelles, sp\u00e9cialement s\u00e9lectionn\u00e9s pour d\u00e9salt\u00e9rer intens\u00e9ment l\u2019\u00e9piderme et offrir \u00e9clat et r\u00e9confort \u00e0 toutes les peaux ! L\u2019Eau d\u2019Iceberg, actif phare de ce soin tr\u00e8s hydratant, n\u2019a pas son pareil pour regorger la peau en eau. Cette eau la plus pure au monde, d\u00e9nu\u00e9e de toutes traces de pollution, est encapsul\u00e9e dans des liposomes pour pr\u00e9server ses bienfaits. Elle p\u00e9n\u00e8tre au c\u0153ur des cellules pour un apport hydrique intense. L\u2019Eau d\u2019Iceberg est r\u00e9colt\u00e9e de fa\u00e7on responsable et \u00e9thique dans le D\u00e9troit de l\u2019Hudson : elle provient de pans de glaces \u00e0 la d\u00e9rive, amen\u00e9s \u00e0 fondre naturellement au printemps.<\/p>\n","protected":false},"excerpt":{"rendered":"<p>Description: Le Masque Sur Hydratant contient trois actifs aux propri\u00e9t\u00e9s exceptionnelles, sp\u00e9cialement s\u00e9lectionn\u00e9s pour d\u00e9salt\u00e9rer intens\u00e9ment l\u2019\u00e9piderme et offrir \u00e9clat<\/p>\n","protected":false},"featured_media":22559,"comment_status":"open","ping_status":"closed","template":"","meta":[],"product_brand":[476],"product_cat":[473],"product_tag":[],"class_list":{"0":"post-22511","1":"product","2":"type-product","3":"status-publish","4":"has-post-thumbnail","6":"product_brand-polaar","7":"product_cat-masques-visage","9":"first","10":"instock","11":"sale","12":"shipping-taxable","13":"purchasable","14":"product-type-simple"},"yoast_head":"<!-- This site is optimized with the Yoast SEO plugin v26.6 - https:\/\/yoast.com\/wordpress\/plugins\/seo\/ -->\r\n<title>POLAAR ICE SOURCE MASQUE SUR HYDRATANT - Paracherkaoui.ma<\/title>\r\n<meta name=\"robots\" content=\"index, follow, max-snippet:-1, max-image-preview:large, max-video-preview:-1\" \/>\r\n<link rel=\"canonical\" href=\"https:\/\/paracherkaoui.ma\/index.php\/produit\/polaar-ice-source-masque-sur-hydratant\/\" \/>\r\n<meta property=\"og:locale\" content=\"fr_FR\" \/>\r\n<meta property=\"og:type\" content=\"article\" \/>\r\n<meta property=\"og:title\" content=\"POLAAR ICE SOURCE MASQUE SUR HYDRATANT - Paracherkaoui.ma\" \/>\r\n<meta property=\"og:description\" content=\"Description: Le Masque Sur Hydratant contient trois actifs aux propri\u00e9t\u00e9s exceptionnelles, sp\u00e9cialement s\u00e9lectionn\u00e9s pour d\u00e9salt\u00e9rer intens\u00e9ment l\u2019\u00e9piderme et offrir \u00e9clat\" \/>\r\n<meta property=\"og:url\" content=\"https:\/\/paracherkaoui.ma\/index.php\/produit\/polaar-ice-source-masque-sur-hydratant\/\" \/>\r\n<meta property=\"og:site_name\" content=\"Paracherkaoui.ma\" \/>\r\n<meta property=\"article:modified_time\" content=\"2025-12-12T17:16:44+00:00\" \/>\r\n<meta property=\"og:image\" content=\"https:\/\/paracherkaoui.ma\/wp-content\/uploads\/2025\/12\/polaar-polaar-ice-source-masque-sur-hydratant-masques-visage.jpg\" \/>\r\n\t<meta property=\"og:image:width\" content=\"700\" \/>\r\n\t<meta property=\"og:image:height\" content=\"700\" \/>\r\n\t<meta property=\"og:image:type\" content=\"image\/jpeg\" \/>\r\n<meta name=\"twitter:card\" content=\"summary_large_image\" \/>\r\n<meta name=\"twitter:label1\" content=\"Dur\u00e9e de lecture estim\u00e9e\" \/>\n\t<meta name=\"twitter:data1\" content=\"1 minute\" \/>\r\n<script type=\"application\/ld+json\" class=\"yoast-schema-graph\">{\"@context\":\"https:\/\/schema.org\",\"@graph\":[{\"@type\":\"WebPage\",\"@id\":\"https:\/\/paracherkaoui.ma\/index.php\/produit\/polaar-ice-source-masque-sur-hydratant\/\",\"url\":\"https:\/\/paracherkaoui.ma\/index.php\/produit\/polaar-ice-source-masque-sur-hydratant\/\",\"name\":\"POLAAR ICE SOURCE MASQUE SUR HYDRATANT - Paracherkaoui.ma\",\"isPartOf\":{\"@id\":\"https:\/\/paracherkaoui.ma\/#website\"},\"primaryImageOfPage\":{\"@id\":\"https:\/\/paracherkaoui.ma\/index.php\/produit\/polaar-ice-source-masque-sur-hydratant\/#primaryimage\"},\"image\":{\"@id\":\"https:\/\/paracherkaoui.ma\/index.php\/produit\/polaar-ice-source-masque-sur-hydratant\/#primaryimage\"},\"thumbnailUrl\":\"https:\/\/paracherkaoui.ma\/wp-content\/uploads\/2025\/12\/polaar-polaar-ice-source-masque-sur-hydratant-masques-visage.jpg\",\"datePublished\":\"2025-12-12T17:16:40+00:00\",\"dateModified\":\"2025-12-12T17:16:44+00:00\",\"breadcrumb\":{\"@id\":\"https:\/\/paracherkaoui.ma\/index.php\/produit\/polaar-ice-source-masque-sur-hydratant\/#breadcrumb\"},\"inLanguage\":\"fr-FR\",\"potentialAction\":[{\"@type\":\"ReadAction\",\"target\":[\"https:\/\/paracherkaoui.ma\/index.php\/produit\/polaar-ice-source-masque-sur-hydratant\/\"]}]},{\"@type\":\"ImageObject\",\"inLanguage\":\"fr-FR\",\"@id\":\"https:\/\/paracherkaoui.ma\/index.php\/produit\/polaar-ice-source-masque-sur-hydratant\/#primaryimage\",\"url\":\"https:\/\/paracherkaoui.ma\/wp-content\/uploads\/2025\/12\/polaar-polaar-ice-source-masque-sur-hydratant-masques-visage.jpg\",\"contentUrl\":\"https:\/\/paracherkaoui.ma\/wp-content\/uploads\/2025\/12\/polaar-polaar-ice-source-masque-sur-hydratant-masques-visage.jpg\",\"width\":700,\"height\":700},{\"@type\":\"BreadcrumbList\",\"@id\":\"https:\/\/paracherkaoui.ma\/index.php\/produit\/polaar-ice-source-masque-sur-hydratant\/#breadcrumb\",\"itemListElement\":[{\"@type\":\"ListItem\",\"position\":1,\"name\":\"Accueil\",\"item\":\"https:\/\/paracherkaoui.ma\/\"},{\"@type\":\"ListItem\",\"position\":2,\"name\":\"Boutique\",\"item\":\"https:\/\/paracherkaoui.ma\/index.php\/boutique\/\"},{\"@type\":\"ListItem\",\"position\":3,\"name\":\"POLAAR ICE SOURCE MASQUE SUR HYDRATANT\"}]},{\"@type\":\"WebSite\",\"@id\":\"https:\/\/paracherkaoui.ma\/#website\",\"url\":\"https:\/\/paracherkaoui.ma\/\",\"name\":\"Paracherkaoui.ma\",\"description\":\"Achetez en ligne sur Paracherkaoui.ma\",\"potentialAction\":[{\"@type\":\"SearchAction\",\"target\":{\"@type\":\"EntryPoint\",\"urlTemplate\":\"https:\/\/paracherkaoui.ma\/?s={search_term_string}\"},\"query-input\":{\"@type\":\"PropertyValueSpecification\",\"valueRequired\":true,\"valueName\":\"search_term_string\"}}],\"inLanguage\":\"fr-FR\"}]}<\/script>\r\n<!-- \/ Yoast SEO plugin. -->","yoast_head_json":{"title":"POLAAR ICE SOURCE MASQUE SUR HYDRATANT - Paracherkaoui.ma","robots":{"index":"index","follow":"follow","max-snippet":"max-snippet:-1","max-image-preview":"max-image-preview:large","max-video-preview":"max-video-preview:-1"},"canonical":"https:\/\/paracherkaoui.ma\/index.php\/produit\/polaar-ice-source-masque-sur-hydratant\/","og_locale":"fr_FR","og_type":"article","og_title":"POLAAR ICE SOURCE MASQUE SUR HYDRATANT - Paracherkaoui.ma","og_description":"Description: Le Masque Sur Hydratant contient trois actifs aux propri\u00e9t\u00e9s exceptionnelles, sp\u00e9cialement s\u00e9lectionn\u00e9s pour d\u00e9salt\u00e9rer intens\u00e9ment l\u2019\u00e9piderme et offrir \u00e9clat","og_url":"https:\/\/paracherkaoui.ma\/index.php\/produit\/polaar-ice-source-masque-sur-hydratant\/","og_site_name":"Paracherkaoui.ma","article_modified_time":"2025-12-12T17:16:44+00:00","og_image":[{"width":700,"height":700,"url":"https:\/\/paracherkaoui.ma\/wp-content\/uploads\/2025\/12\/polaar-polaar-ice-source-masque-sur-hydratant-masques-visage.jpg","type":"image\/jpeg"}],"twitter_card":"summary_large_image","twitter_misc":{"Dur\u00e9e de lecture estim\u00e9e":"1 minute"},"schema":{"@context":"https:\/\/schema.org","@graph":[{"@type":"WebPage","@id":"https:\/\/paracherkaoui.ma\/index.php\/produit\/polaar-ice-source-masque-sur-hydratant\/","url":"https:\/\/paracherkaoui.ma\/index.php\/produit\/polaar-ice-source-masque-sur-hydratant\/","name":"POLAAR ICE SOURCE MASQUE SUR HYDRATANT - Paracherkaoui.ma","isPartOf":{"@id":"https:\/\/paracherkaoui.ma\/#website"},"primaryImageOfPage":{"@id":"https:\/\/paracherkaoui.ma\/index.php\/produit\/polaar-ice-source-masque-sur-hydratant\/#primaryimage"},"image":{"@id":"https:\/\/paracherkaoui.ma\/index.php\/produit\/polaar-ice-source-masque-sur-hydratant\/#primaryimage"},"thumbnailUrl":"https:\/\/paracherkaoui.ma\/wp-content\/uploads\/2025\/12\/polaar-polaar-ice-source-masque-sur-hydratant-masques-visage.jpg","datePublished":"2025-12-12T17:16:40+00:00","dateModified":"2025-12-12T17:16:44+00:00","breadcrumb":{"@id":"https:\/\/paracherkaoui.ma\/index.php\/produit\/polaar-ice-source-masque-sur-hydratant\/#breadcrumb"},"inLanguage":"fr-FR","potentialAction":[{"@type":"ReadAction","target":["https:\/\/paracherkaoui.ma\/index.php\/produit\/polaar-ice-source-masque-sur-hydratant\/"]}]},{"@type":"ImageObject","inLanguage":"fr-FR","@id":"https:\/\/paracherkaoui.ma\/index.php\/produit\/polaar-ice-source-masque-sur-hydratant\/#primaryimage","url":"https:\/\/paracherkaoui.ma\/wp-content\/uploads\/2025\/12\/polaar-polaar-ice-source-masque-sur-hydratant-masques-visage.jpg","contentUrl":"https:\/\/paracherkaoui.ma\/wp-content\/uploads\/2025\/12\/polaar-polaar-ice-source-masque-sur-hydratant-masques-visage.jpg","width":700,"height":700},{"@type":"BreadcrumbList","@id":"https:\/\/paracherkaoui.ma\/index.php\/produit\/polaar-ice-source-masque-sur-hydratant\/#breadcrumb","itemListElement":[{"@type":"ListItem","position":1,"name":"Accueil","item":"https:\/\/paracherkaoui.ma\/"},{"@type":"ListItem","position":2,"name":"Boutique","item":"https:\/\/paracherkaoui.ma\/index.php\/boutique\/"},{"@type":"ListItem","position":3,"name":"POLAAR ICE SOURCE MASQUE SUR HYDRATANT"}]},{"@type":"WebSite","@id":"https:\/\/paracherkaoui.ma\/#website","url":"https:\/\/paracherkaoui.ma\/","name":"Paracherkaoui.ma","description":"Achetez en ligne sur Paracherkaoui.ma","potentialAction":[{"@type":"SearchAction","target":{"@type":"EntryPoint","urlTemplate":"https:\/\/paracherkaoui.ma\/?s={search_term_string}"},"query-input":{"@type":"PropertyValueSpecification","valueRequired":true,"valueName":"search_term_string"}}],"inLanguage":"fr-FR"}]}},"_links":{"self":[{"href":"https:\/\/paracherkaoui.ma\/index.php\/wp-json\/wp\/v2\/product\/22511","targetHints":{"allow":["GET"]}}],"collection":[{"href":"https:\/\/paracherkaoui.ma\/index.php\/wp-json\/wp\/v2\/product"}],"about":[{"href":"https:\/\/paracherkaoui.ma\/index.php\/wp-json\/wp\/v2\/types\/product"}],"replies":[{"embeddable":true,"href":"https:\/\/paracherkaoui.ma\/index.php\/wp-json\/wp\/v2\/comments?post=22511"}],"version-history":[{"count":1,"href":"https:\/\/paracherkaoui.ma\/index.php\/wp-json\/wp\/v2\/product\/22511\/revisions"}],"predecessor-version":[{"id":22560,"href":"https:\/\/paracherkaoui.ma\/index.php\/wp-json\/wp\/v2\/product\/22511\/revisions\/22560"}],"wp:featuredmedia":[{"embeddable":true,"href":"https:\/\/paracherkaoui.ma\/index.php\/wp-json\/wp\/v2\/media\/22559"}],"wp:attachment":[{"href":"https:\/\/paracherkaoui.ma\/index.php\/wp-json\/wp\/v2\/media?parent=22511"}],"wp:term":[{"taxonomy":"product_brand","embeddable":true,"href":"https:\/\/paracherkaoui.ma\/index.php\/wp-json\/wp\/v2\/product_brand?post=22511"},{"taxonomy":"product_cat","embeddable":true,"href":"https:\/\/paracherkaoui.ma\/index.php\/wp-json\/wp\/v2\/product_cat?post=22511"},{"taxonomy":"product_tag","embeddable":true,"href":"https:\/\/paracherkaoui.ma\/index.php\/wp-json\/wp\/v2\/product_tag?post=22511"}],"curies":[{"name":"wp","href":"https:\/\/api.w.org\/{rel}","templated":true}]}}