{"id":22510,"date":"2025-12-12T18:16:40","date_gmt":"2025-12-12T17:16:40","guid":{"rendered":"https:\/\/test.ecbeaute.com\/?post_type=product&#038;p=22510"},"modified":"2025-12-12T18:16:44","modified_gmt":"2025-12-12T17:16:44","slug":"cantabria-biretix-mask-purify-25ml-2","status":"publish","type":"product","link":"https:\/\/paracherkaoui.ma\/index.php\/produit\/cantabria-biretix-mask-purify-25ml-2\/","title":{"rendered":"CANTABRIA BIRETIX MASK PURIFY 25ML"},"content":{"rendered":"<p>Le masque s\u00e9bor\u00e9gulateur com\u00e9dolytique \u00e0 base d\u2019argiles naturelles, riches en min\u00e9raux et en antioxydants, aide \u00e0 contr\u00f4ler l\u2019exc\u00e8s de s\u00e9bum, \u00e0 r\u00e9duire l\u2019aspect rouge (hyper\u00e9mique) caract\u00e9ristique des peaux \u00e0 tendance acn\u00e9ique et \u00e0 r\u00e9duire les s\u00e9quelles de l\u2019acn\u00e9.<br \/>\nConseils d&rsquo;utilisation:<br \/>\n\u00c9tendre dans la zone \u00e0 traiter et laisser agir 30 minutes. Rincer \u00e0 l&rsquo;eau ti\u00e8de. Appliquer 1 \u00e0 2 fois par semaine.<\/p>\n","protected":false},"excerpt":{"rendered":"<p>Le masque s\u00e9bor\u00e9gulateur com\u00e9dolytique \u00e0 base d\u2019argiles naturelles, riches en min\u00e9raux et en antioxydants, aide \u00e0 contr\u00f4ler l\u2019exc\u00e8s de s\u00e9bum,<\/p>\n","protected":false},"featured_media":21205,"comment_status":"open","ping_status":"closed","template":"","meta":[],"product_brand":[147],"product_cat":[473],"product_tag":[],"class_list":{"0":"post-22510","1":"product","2":"type-product","3":"status-publish","4":"has-post-thumbnail","6":"product_brand-cantabria","7":"product_cat-masques-visage","9":"first","10":"instock","11":"sale","12":"shipping-taxable","13":"purchasable","14":"product-type-simple"},"yoast_head":"<!-- This site is optimized with the Yoast SEO plugin v26.6 - https:\/\/yoast.com\/wordpress\/plugins\/seo\/ -->\r\n<title>CANTABRIA BIRETIX MASK PURIFY 25ML - Paracherkaoui.ma<\/title>\r\n<meta name=\"robots\" content=\"index, follow, max-snippet:-1, max-image-preview:large, max-video-preview:-1\" \/>\r\n<link rel=\"canonical\" href=\"https:\/\/paracherkaoui.ma\/index.php\/produit\/cantabria-biretix-mask-purify-25ml-2\/\" \/>\r\n<meta property=\"og:locale\" content=\"fr_FR\" \/>\r\n<meta property=\"og:type\" content=\"article\" \/>\r\n<meta property=\"og:title\" content=\"CANTABRIA BIRETIX MASK PURIFY 25ML - Paracherkaoui.ma\" \/>\r\n<meta property=\"og:description\" content=\"Le masque s\u00e9bor\u00e9gulateur com\u00e9dolytique \u00e0 base d\u2019argiles naturelles, riches en min\u00e9raux et en antioxydants, aide \u00e0 contr\u00f4ler l\u2019exc\u00e8s de s\u00e9bum,\" \/>\r\n<meta property=\"og:url\" content=\"https:\/\/paracherkaoui.ma\/index.php\/produit\/cantabria-biretix-mask-purify-25ml-2\/\" \/>\r\n<meta property=\"og:site_name\" content=\"Paracherkaoui.ma\" \/>\r\n<meta property=\"article:modified_time\" content=\"2025-12-12T17:16:44+00:00\" \/>\r\n<meta property=\"og:image\" content=\"https:\/\/paracherkaoui.ma\/wp-content\/uploads\/2025\/12\/cantabria-cantabria-biretix-mask-purify-25ml-masques-visage.jpg\" \/>\r\n\t<meta property=\"og:image:width\" content=\"700\" \/>\r\n\t<meta property=\"og:image:height\" content=\"700\" \/>\r\n\t<meta property=\"og:image:type\" content=\"image\/jpeg\" \/>\r\n<meta name=\"twitter:card\" content=\"summary_large_image\" \/>\r\n<script type=\"application\/ld+json\" class=\"yoast-schema-graph\">{\"@context\":\"https:\/\/schema.org\",\"@graph\":[{\"@type\":\"WebPage\",\"@id\":\"https:\/\/paracherkaoui.ma\/index.php\/produit\/cantabria-biretix-mask-purify-25ml-2\/\",\"url\":\"https:\/\/paracherkaoui.ma\/index.php\/produit\/cantabria-biretix-mask-purify-25ml-2\/\",\"name\":\"CANTABRIA BIRETIX MASK PURIFY 25ML - Paracherkaoui.ma\",\"isPartOf\":{\"@id\":\"https:\/\/paracherkaoui.ma\/#website\"},\"primaryImageOfPage\":{\"@id\":\"https:\/\/paracherkaoui.ma\/index.php\/produit\/cantabria-biretix-mask-purify-25ml-2\/#primaryimage\"},\"image\":{\"@id\":\"https:\/\/paracherkaoui.ma\/index.php\/produit\/cantabria-biretix-mask-purify-25ml-2\/#primaryimage\"},\"thumbnailUrl\":\"https:\/\/paracherkaoui.ma\/wp-content\/uploads\/2025\/12\/cantabria-cantabria-biretix-mask-purify-25ml-masques-visage.jpg\",\"datePublished\":\"2025-12-12T17:16:40+00:00\",\"dateModified\":\"2025-12-12T17:16:44+00:00\",\"breadcrumb\":{\"@id\":\"https:\/\/paracherkaoui.ma\/index.php\/produit\/cantabria-biretix-mask-purify-25ml-2\/#breadcrumb\"},\"inLanguage\":\"fr-FR\",\"potentialAction\":[{\"@type\":\"ReadAction\",\"target\":[\"https:\/\/paracherkaoui.ma\/index.php\/produit\/cantabria-biretix-mask-purify-25ml-2\/\"]}]},{\"@type\":\"ImageObject\",\"inLanguage\":\"fr-FR\",\"@id\":\"https:\/\/paracherkaoui.ma\/index.php\/produit\/cantabria-biretix-mask-purify-25ml-2\/#primaryimage\",\"url\":\"https:\/\/paracherkaoui.ma\/wp-content\/uploads\/2025\/12\/cantabria-cantabria-biretix-mask-purify-25ml-masques-visage.jpg\",\"contentUrl\":\"https:\/\/paracherkaoui.ma\/wp-content\/uploads\/2025\/12\/cantabria-cantabria-biretix-mask-purify-25ml-masques-visage.jpg\",\"width\":700,\"height\":700},{\"@type\":\"BreadcrumbList\",\"@id\":\"https:\/\/paracherkaoui.ma\/index.php\/produit\/cantabria-biretix-mask-purify-25ml-2\/#breadcrumb\",\"itemListElement\":[{\"@type\":\"ListItem\",\"position\":1,\"name\":\"Accueil\",\"item\":\"https:\/\/paracherkaoui.ma\/\"},{\"@type\":\"ListItem\",\"position\":2,\"name\":\"Boutique\",\"item\":\"https:\/\/paracherkaoui.ma\/index.php\/boutique\/\"},{\"@type\":\"ListItem\",\"position\":3,\"name\":\"CANTABRIA BIRETIX MASK PURIFY 25ML\"}]},{\"@type\":\"WebSite\",\"@id\":\"https:\/\/paracherkaoui.ma\/#website\",\"url\":\"https:\/\/paracherkaoui.ma\/\",\"name\":\"Paracherkaoui.ma\",\"description\":\"Achetez en ligne sur Paracherkaoui.ma\",\"potentialAction\":[{\"@type\":\"SearchAction\",\"target\":{\"@type\":\"EntryPoint\",\"urlTemplate\":\"https:\/\/paracherkaoui.ma\/?s={search_term_string}\"},\"query-input\":{\"@type\":\"PropertyValueSpecification\",\"valueRequired\":true,\"valueName\":\"search_term_string\"}}],\"inLanguage\":\"fr-FR\"}]}<\/script>\r\n<!-- \/ Yoast SEO plugin. -->","yoast_head_json":{"title":"CANTABRIA BIRETIX MASK PURIFY 25ML - Paracherkaoui.ma","robots":{"index":"index","follow":"follow","max-snippet":"max-snippet:-1","max-image-preview":"max-image-preview:large","max-video-preview":"max-video-preview:-1"},"canonical":"https:\/\/paracherkaoui.ma\/index.php\/produit\/cantabria-biretix-mask-purify-25ml-2\/","og_locale":"fr_FR","og_type":"article","og_title":"CANTABRIA BIRETIX MASK PURIFY 25ML - Paracherkaoui.ma","og_description":"Le masque s\u00e9bor\u00e9gulateur com\u00e9dolytique \u00e0 base d\u2019argiles naturelles, riches en min\u00e9raux et en antioxydants, aide \u00e0 contr\u00f4ler l\u2019exc\u00e8s de s\u00e9bum,","og_url":"https:\/\/paracherkaoui.ma\/index.php\/produit\/cantabria-biretix-mask-purify-25ml-2\/","og_site_name":"Paracherkaoui.ma","article_modified_time":"2025-12-12T17:16:44+00:00","og_image":[{"width":700,"height":700,"url":"https:\/\/paracherkaoui.ma\/wp-content\/uploads\/2025\/12\/cantabria-cantabria-biretix-mask-purify-25ml-masques-visage.jpg","type":"image\/jpeg"}],"twitter_card":"summary_large_image","schema":{"@context":"https:\/\/schema.org","@graph":[{"@type":"WebPage","@id":"https:\/\/paracherkaoui.ma\/index.php\/produit\/cantabria-biretix-mask-purify-25ml-2\/","url":"https:\/\/paracherkaoui.ma\/index.php\/produit\/cantabria-biretix-mask-purify-25ml-2\/","name":"CANTABRIA BIRETIX MASK PURIFY 25ML - Paracherkaoui.ma","isPartOf":{"@id":"https:\/\/paracherkaoui.ma\/#website"},"primaryImageOfPage":{"@id":"https:\/\/paracherkaoui.ma\/index.php\/produit\/cantabria-biretix-mask-purify-25ml-2\/#primaryimage"},"image":{"@id":"https:\/\/paracherkaoui.ma\/index.php\/produit\/cantabria-biretix-mask-purify-25ml-2\/#primaryimage"},"thumbnailUrl":"https:\/\/paracherkaoui.ma\/wp-content\/uploads\/2025\/12\/cantabria-cantabria-biretix-mask-purify-25ml-masques-visage.jpg","datePublished":"2025-12-12T17:16:40+00:00","dateModified":"2025-12-12T17:16:44+00:00","breadcrumb":{"@id":"https:\/\/paracherkaoui.ma\/index.php\/produit\/cantabria-biretix-mask-purify-25ml-2\/#breadcrumb"},"inLanguage":"fr-FR","potentialAction":[{"@type":"ReadAction","target":["https:\/\/paracherkaoui.ma\/index.php\/produit\/cantabria-biretix-mask-purify-25ml-2\/"]}]},{"@type":"ImageObject","inLanguage":"fr-FR","@id":"https:\/\/paracherkaoui.ma\/index.php\/produit\/cantabria-biretix-mask-purify-25ml-2\/#primaryimage","url":"https:\/\/paracherkaoui.ma\/wp-content\/uploads\/2025\/12\/cantabria-cantabria-biretix-mask-purify-25ml-masques-visage.jpg","contentUrl":"https:\/\/paracherkaoui.ma\/wp-content\/uploads\/2025\/12\/cantabria-cantabria-biretix-mask-purify-25ml-masques-visage.jpg","width":700,"height":700},{"@type":"BreadcrumbList","@id":"https:\/\/paracherkaoui.ma\/index.php\/produit\/cantabria-biretix-mask-purify-25ml-2\/#breadcrumb","itemListElement":[{"@type":"ListItem","position":1,"name":"Accueil","item":"https:\/\/paracherkaoui.ma\/"},{"@type":"ListItem","position":2,"name":"Boutique","item":"https:\/\/paracherkaoui.ma\/index.php\/boutique\/"},{"@type":"ListItem","position":3,"name":"CANTABRIA BIRETIX MASK PURIFY 25ML"}]},{"@type":"WebSite","@id":"https:\/\/paracherkaoui.ma\/#website","url":"https:\/\/paracherkaoui.ma\/","name":"Paracherkaoui.ma","description":"Achetez en ligne sur Paracherkaoui.ma","potentialAction":[{"@type":"SearchAction","target":{"@type":"EntryPoint","urlTemplate":"https:\/\/paracherkaoui.ma\/?s={search_term_string}"},"query-input":{"@type":"PropertyValueSpecification","valueRequired":true,"valueName":"search_term_string"}}],"inLanguage":"fr-FR"}]}},"_links":{"self":[{"href":"https:\/\/paracherkaoui.ma\/index.php\/wp-json\/wp\/v2\/product\/22510","targetHints":{"allow":["GET"]}}],"collection":[{"href":"https:\/\/paracherkaoui.ma\/index.php\/wp-json\/wp\/v2\/product"}],"about":[{"href":"https:\/\/paracherkaoui.ma\/index.php\/wp-json\/wp\/v2\/types\/product"}],"replies":[{"embeddable":true,"href":"https:\/\/paracherkaoui.ma\/index.php\/wp-json\/wp\/v2\/comments?post=22510"}],"version-history":[{"count":1,"href":"https:\/\/paracherkaoui.ma\/index.php\/wp-json\/wp\/v2\/product\/22510\/revisions"}],"predecessor-version":[{"id":22558,"href":"https:\/\/paracherkaoui.ma\/index.php\/wp-json\/wp\/v2\/product\/22510\/revisions\/22558"}],"wp:featuredmedia":[{"embeddable":true,"href":"https:\/\/paracherkaoui.ma\/index.php\/wp-json\/wp\/v2\/media\/21205"}],"wp:attachment":[{"href":"https:\/\/paracherkaoui.ma\/index.php\/wp-json\/wp\/v2\/media?parent=22510"}],"wp:term":[{"taxonomy":"product_brand","embeddable":true,"href":"https:\/\/paracherkaoui.ma\/index.php\/wp-json\/wp\/v2\/product_brand?post=22510"},{"taxonomy":"product_cat","embeddable":true,"href":"https:\/\/paracherkaoui.ma\/index.php\/wp-json\/wp\/v2\/product_cat?post=22510"},{"taxonomy":"product_tag","embeddable":true,"href":"https:\/\/paracherkaoui.ma\/index.php\/wp-json\/wp\/v2\/product_tag?post=22510"}],"curies":[{"name":"wp","href":"https:\/\/api.w.org\/{rel}","templated":true}]}}