{"id":22415,"date":"2025-12-12T18:16:26","date_gmt":"2025-12-12T17:16:26","guid":{"rendered":"https:\/\/test.ecbeaute.com\/?post_type=product&#038;p=22415"},"modified":"2025-12-12T18:16:36","modified_gmt":"2025-12-12T17:16:36","slug":"isdin-oily-skin-acniben-masque-visage-purifiant-75-ml","status":"publish","type":"product","link":"https:\/\/paracherkaoui.ma\/index.php\/produit\/isdin-oily-skin-acniben-masque-visage-purifiant-75-ml\/","title":{"rendered":"ISDIN OILY SKIN ACNIBEN MASQUE VISAGE PURIFIANT 75 ML"},"content":{"rendered":"<p>Le Masque Visage Purifiant Acniben ISDIN est sp\u00e9cialement con\u00e7u pour les peaux grasses et sujettes \u00e0 l\u2019acn\u00e9. Sa formule innovante agit en profondeur pour purifier la peau tout en r\u00e9duisant l\u2019exc\u00e8s de s\u00e9bum, une des principales causes des imperfections cutan\u00e9es. En l&rsquo;appliquant, vous ressentez une sensation de fra\u00eecheur imm\u00e9diate, et au fil des applications, votre peau est visiblement plus nette et \u00e9quilibr\u00e9e.<br \/>\nGr\u00e2ce \u00e0 son action purifiante, ce masque r\u00e9duit la brillance, ce qui le rend id\u00e9al pour les peaux sujettes aux zones grasses, tout en agissant sur les imperfections telles que les boutons et points noirs. Il est sp\u00e9cialement adapt\u00e9 pour les peaux n\u00e9cessitant un nettoyage en profondeur sans \u00eatre agressif, ce qui le rend compatible avec les peaux fragiles ou irrit\u00e9es.<br \/>\nConseils d\u2019utilisation :<br \/>\nAppliquez le masque sur le visage propre et sec, en \u00e9vitant le contour des yeux.<br \/>\nLaissez poser 10 \u00e0 15 minutes ou jusqu\u2019\u00e0 ce que le masque soit sec.<br \/>\nRincez abondamment \u00e0 l\u2019eau ti\u00e8de en effectuant des mouvements circulaires pour exfolier en douceur.<br \/>\nUtilisez 1 \u00e0 2 fois par semaine pour de meilleurs r\u00e9sultats.<br \/>\nComposition :<br \/>\nAqua (Water), Glyceryl Stearate, Glycerin, CI 77891 (Titanium Dioxide), Behenyl Alcohol, Niacinamide, PEG-100 Stearate, Tanaku-ra Clay, Hydrated Silica, CI 77289 (Chro-mium Hydroxide Green), Candelilla Cera (Euphorbia Cerifera Wax), 1,2-Hexane-diol, Caprylyl Glycol, Sclerotium Gum, Zinc PCA, Tetrasodium Glutamate Diacetate, Parfum (Fragrance), Citric Acid.<\/p>\n","protected":false},"excerpt":{"rendered":"<p>Le Masque Visage Purifiant Acniben ISDIN est sp\u00e9cialement con\u00e7u pour les peaux grasses et sujettes \u00e0 l\u2019acn\u00e9. Sa formule innovante<\/p>\n","protected":false},"featured_media":22458,"comment_status":"open","ping_status":"closed","template":"","meta":[],"product_brand":[135],"product_cat":[473],"product_tag":[],"class_list":{"0":"post-22415","1":"product","2":"type-product","3":"status-publish","4":"has-post-thumbnail","6":"product_brand-isdin","7":"product_cat-masques-visage","9":"first","10":"instock","11":"sale","12":"shipping-taxable","13":"purchasable","14":"product-type-simple"},"yoast_head":"<!-- This site is optimized with the Yoast SEO plugin v26.6 - https:\/\/yoast.com\/wordpress\/plugins\/seo\/ -->\r\n<title>ISDIN OILY SKIN ACNIBEN MASQUE VISAGE PURIFIANT 75 ML - Paracherkaoui.ma<\/title>\r\n<meta name=\"robots\" content=\"index, follow, max-snippet:-1, max-image-preview:large, max-video-preview:-1\" \/>\r\n<link rel=\"canonical\" href=\"https:\/\/paracherkaoui.ma\/index.php\/produit\/isdin-oily-skin-acniben-masque-visage-purifiant-75-ml\/\" \/>\r\n<meta property=\"og:locale\" content=\"fr_FR\" \/>\r\n<meta property=\"og:type\" content=\"article\" \/>\r\n<meta property=\"og:title\" content=\"ISDIN OILY SKIN ACNIBEN MASQUE VISAGE PURIFIANT 75 ML - Paracherkaoui.ma\" \/>\r\n<meta property=\"og:description\" content=\"Le Masque Visage Purifiant Acniben ISDIN est sp\u00e9cialement con\u00e7u pour les peaux grasses et sujettes \u00e0 l\u2019acn\u00e9. Sa formule innovante\" \/>\r\n<meta property=\"og:url\" content=\"https:\/\/paracherkaoui.ma\/index.php\/produit\/isdin-oily-skin-acniben-masque-visage-purifiant-75-ml\/\" \/>\r\n<meta property=\"og:site_name\" content=\"Paracherkaoui.ma\" \/>\r\n<meta property=\"article:modified_time\" content=\"2025-12-12T17:16:36+00:00\" \/>\r\n<meta property=\"og:image\" content=\"https:\/\/paracherkaoui.ma\/wp-content\/uploads\/2025\/12\/isdin-oily-skin-acniben-masque-visage-purifiant-75-ml.jpg\" \/>\r\n\t<meta property=\"og:image:width\" content=\"700\" \/>\r\n\t<meta property=\"og:image:height\" content=\"700\" \/>\r\n\t<meta property=\"og:image:type\" content=\"image\/jpeg\" \/>\r\n<meta name=\"twitter:card\" content=\"summary_large_image\" \/>\r\n<meta name=\"twitter:label1\" content=\"Dur\u00e9e de lecture estim\u00e9e\" \/>\n\t<meta name=\"twitter:data1\" content=\"1 minute\" \/>\r\n<script type=\"application\/ld+json\" class=\"yoast-schema-graph\">{\"@context\":\"https:\/\/schema.org\",\"@graph\":[{\"@type\":\"WebPage\",\"@id\":\"https:\/\/paracherkaoui.ma\/index.php\/produit\/isdin-oily-skin-acniben-masque-visage-purifiant-75-ml\/\",\"url\":\"https:\/\/paracherkaoui.ma\/index.php\/produit\/isdin-oily-skin-acniben-masque-visage-purifiant-75-ml\/\",\"name\":\"ISDIN OILY SKIN ACNIBEN MASQUE VISAGE PURIFIANT 75 ML - Paracherkaoui.ma\",\"isPartOf\":{\"@id\":\"https:\/\/paracherkaoui.ma\/#website\"},\"primaryImageOfPage\":{\"@id\":\"https:\/\/paracherkaoui.ma\/index.php\/produit\/isdin-oily-skin-acniben-masque-visage-purifiant-75-ml\/#primaryimage\"},\"image\":{\"@id\":\"https:\/\/paracherkaoui.ma\/index.php\/produit\/isdin-oily-skin-acniben-masque-visage-purifiant-75-ml\/#primaryimage\"},\"thumbnailUrl\":\"https:\/\/paracherkaoui.ma\/wp-content\/uploads\/2025\/12\/isdin-oily-skin-acniben-masque-visage-purifiant-75-ml.jpg\",\"datePublished\":\"2025-12-12T17:16:26+00:00\",\"dateModified\":\"2025-12-12T17:16:36+00:00\",\"breadcrumb\":{\"@id\":\"https:\/\/paracherkaoui.ma\/index.php\/produit\/isdin-oily-skin-acniben-masque-visage-purifiant-75-ml\/#breadcrumb\"},\"inLanguage\":\"fr-FR\",\"potentialAction\":[{\"@type\":\"ReadAction\",\"target\":[\"https:\/\/paracherkaoui.ma\/index.php\/produit\/isdin-oily-skin-acniben-masque-visage-purifiant-75-ml\/\"]}]},{\"@type\":\"ImageObject\",\"inLanguage\":\"fr-FR\",\"@id\":\"https:\/\/paracherkaoui.ma\/index.php\/produit\/isdin-oily-skin-acniben-masque-visage-purifiant-75-ml\/#primaryimage\",\"url\":\"https:\/\/paracherkaoui.ma\/wp-content\/uploads\/2025\/12\/isdin-oily-skin-acniben-masque-visage-purifiant-75-ml.jpg\",\"contentUrl\":\"https:\/\/paracherkaoui.ma\/wp-content\/uploads\/2025\/12\/isdin-oily-skin-acniben-masque-visage-purifiant-75-ml.jpg\",\"width\":700,\"height\":700},{\"@type\":\"BreadcrumbList\",\"@id\":\"https:\/\/paracherkaoui.ma\/index.php\/produit\/isdin-oily-skin-acniben-masque-visage-purifiant-75-ml\/#breadcrumb\",\"itemListElement\":[{\"@type\":\"ListItem\",\"position\":1,\"name\":\"Accueil\",\"item\":\"https:\/\/paracherkaoui.ma\/\"},{\"@type\":\"ListItem\",\"position\":2,\"name\":\"Boutique\",\"item\":\"https:\/\/paracherkaoui.ma\/index.php\/boutique\/\"},{\"@type\":\"ListItem\",\"position\":3,\"name\":\"ISDIN OILY SKIN ACNIBEN MASQUE VISAGE PURIFIANT 75 ML\"}]},{\"@type\":\"WebSite\",\"@id\":\"https:\/\/paracherkaoui.ma\/#website\",\"url\":\"https:\/\/paracherkaoui.ma\/\",\"name\":\"Paracherkaoui.ma\",\"description\":\"Achetez en ligne sur Paracherkaoui.ma\",\"potentialAction\":[{\"@type\":\"SearchAction\",\"target\":{\"@type\":\"EntryPoint\",\"urlTemplate\":\"https:\/\/paracherkaoui.ma\/?s={search_term_string}\"},\"query-input\":{\"@type\":\"PropertyValueSpecification\",\"valueRequired\":true,\"valueName\":\"search_term_string\"}}],\"inLanguage\":\"fr-FR\"}]}<\/script>\r\n<!-- \/ Yoast SEO plugin. -->","yoast_head_json":{"title":"ISDIN OILY SKIN ACNIBEN MASQUE VISAGE PURIFIANT 75 ML - Paracherkaoui.ma","robots":{"index":"index","follow":"follow","max-snippet":"max-snippet:-1","max-image-preview":"max-image-preview:large","max-video-preview":"max-video-preview:-1"},"canonical":"https:\/\/paracherkaoui.ma\/index.php\/produit\/isdin-oily-skin-acniben-masque-visage-purifiant-75-ml\/","og_locale":"fr_FR","og_type":"article","og_title":"ISDIN OILY SKIN ACNIBEN MASQUE VISAGE PURIFIANT 75 ML - Paracherkaoui.ma","og_description":"Le Masque Visage Purifiant Acniben ISDIN est sp\u00e9cialement con\u00e7u pour les peaux grasses et sujettes \u00e0 l\u2019acn\u00e9. Sa formule innovante","og_url":"https:\/\/paracherkaoui.ma\/index.php\/produit\/isdin-oily-skin-acniben-masque-visage-purifiant-75-ml\/","og_site_name":"Paracherkaoui.ma","article_modified_time":"2025-12-12T17:16:36+00:00","og_image":[{"width":700,"height":700,"url":"https:\/\/paracherkaoui.ma\/wp-content\/uploads\/2025\/12\/isdin-oily-skin-acniben-masque-visage-purifiant-75-ml.jpg","type":"image\/jpeg"}],"twitter_card":"summary_large_image","twitter_misc":{"Dur\u00e9e de lecture estim\u00e9e":"1 minute"},"schema":{"@context":"https:\/\/schema.org","@graph":[{"@type":"WebPage","@id":"https:\/\/paracherkaoui.ma\/index.php\/produit\/isdin-oily-skin-acniben-masque-visage-purifiant-75-ml\/","url":"https:\/\/paracherkaoui.ma\/index.php\/produit\/isdin-oily-skin-acniben-masque-visage-purifiant-75-ml\/","name":"ISDIN OILY SKIN ACNIBEN MASQUE VISAGE PURIFIANT 75 ML - Paracherkaoui.ma","isPartOf":{"@id":"https:\/\/paracherkaoui.ma\/#website"},"primaryImageOfPage":{"@id":"https:\/\/paracherkaoui.ma\/index.php\/produit\/isdin-oily-skin-acniben-masque-visage-purifiant-75-ml\/#primaryimage"},"image":{"@id":"https:\/\/paracherkaoui.ma\/index.php\/produit\/isdin-oily-skin-acniben-masque-visage-purifiant-75-ml\/#primaryimage"},"thumbnailUrl":"https:\/\/paracherkaoui.ma\/wp-content\/uploads\/2025\/12\/isdin-oily-skin-acniben-masque-visage-purifiant-75-ml.jpg","datePublished":"2025-12-12T17:16:26+00:00","dateModified":"2025-12-12T17:16:36+00:00","breadcrumb":{"@id":"https:\/\/paracherkaoui.ma\/index.php\/produit\/isdin-oily-skin-acniben-masque-visage-purifiant-75-ml\/#breadcrumb"},"inLanguage":"fr-FR","potentialAction":[{"@type":"ReadAction","target":["https:\/\/paracherkaoui.ma\/index.php\/produit\/isdin-oily-skin-acniben-masque-visage-purifiant-75-ml\/"]}]},{"@type":"ImageObject","inLanguage":"fr-FR","@id":"https:\/\/paracherkaoui.ma\/index.php\/produit\/isdin-oily-skin-acniben-masque-visage-purifiant-75-ml\/#primaryimage","url":"https:\/\/paracherkaoui.ma\/wp-content\/uploads\/2025\/12\/isdin-oily-skin-acniben-masque-visage-purifiant-75-ml.jpg","contentUrl":"https:\/\/paracherkaoui.ma\/wp-content\/uploads\/2025\/12\/isdin-oily-skin-acniben-masque-visage-purifiant-75-ml.jpg","width":700,"height":700},{"@type":"BreadcrumbList","@id":"https:\/\/paracherkaoui.ma\/index.php\/produit\/isdin-oily-skin-acniben-masque-visage-purifiant-75-ml\/#breadcrumb","itemListElement":[{"@type":"ListItem","position":1,"name":"Accueil","item":"https:\/\/paracherkaoui.ma\/"},{"@type":"ListItem","position":2,"name":"Boutique","item":"https:\/\/paracherkaoui.ma\/index.php\/boutique\/"},{"@type":"ListItem","position":3,"name":"ISDIN OILY SKIN ACNIBEN MASQUE VISAGE PURIFIANT 75 ML"}]},{"@type":"WebSite","@id":"https:\/\/paracherkaoui.ma\/#website","url":"https:\/\/paracherkaoui.ma\/","name":"Paracherkaoui.ma","description":"Achetez en ligne sur Paracherkaoui.ma","potentialAction":[{"@type":"SearchAction","target":{"@type":"EntryPoint","urlTemplate":"https:\/\/paracherkaoui.ma\/?s={search_term_string}"},"query-input":{"@type":"PropertyValueSpecification","valueRequired":true,"valueName":"search_term_string"}}],"inLanguage":"fr-FR"}]}},"_links":{"self":[{"href":"https:\/\/paracherkaoui.ma\/index.php\/wp-json\/wp\/v2\/product\/22415","targetHints":{"allow":["GET"]}}],"collection":[{"href":"https:\/\/paracherkaoui.ma\/index.php\/wp-json\/wp\/v2\/product"}],"about":[{"href":"https:\/\/paracherkaoui.ma\/index.php\/wp-json\/wp\/v2\/types\/product"}],"replies":[{"embeddable":true,"href":"https:\/\/paracherkaoui.ma\/index.php\/wp-json\/wp\/v2\/comments?post=22415"}],"version-history":[{"count":1,"href":"https:\/\/paracherkaoui.ma\/index.php\/wp-json\/wp\/v2\/product\/22415\/revisions"}],"predecessor-version":[{"id":22459,"href":"https:\/\/paracherkaoui.ma\/index.php\/wp-json\/wp\/v2\/product\/22415\/revisions\/22459"}],"wp:featuredmedia":[{"embeddable":true,"href":"https:\/\/paracherkaoui.ma\/index.php\/wp-json\/wp\/v2\/media\/22458"}],"wp:attachment":[{"href":"https:\/\/paracherkaoui.ma\/index.php\/wp-json\/wp\/v2\/media?parent=22415"}],"wp:term":[{"taxonomy":"product_brand","embeddable":true,"href":"https:\/\/paracherkaoui.ma\/index.php\/wp-json\/wp\/v2\/product_brand?post=22415"},{"taxonomy":"product_cat","embeddable":true,"href":"https:\/\/paracherkaoui.ma\/index.php\/wp-json\/wp\/v2\/product_cat?post=22415"},{"taxonomy":"product_tag","embeddable":true,"href":"https:\/\/paracherkaoui.ma\/index.php\/wp-json\/wp\/v2\/product_tag?post=22415"}],"curies":[{"name":"wp","href":"https:\/\/api.w.org\/{rel}","templated":true}]}}