{"id":22404,"date":"2025-12-12T18:16:24","date_gmt":"2025-12-12T17:16:24","guid":{"rendered":"https:\/\/test.ecbeaute.com\/?post_type=product&#038;p=22404"},"modified":"2025-12-12T18:16:32","modified_gmt":"2025-12-12T17:16:32","slug":"roge-cavailles-le-visage-masque-eclat-concombre","status":"publish","type":"product","link":"https:\/\/paracherkaoui.ma\/index.php\/produit\/roge-cavailles-le-visage-masque-eclat-concombre\/","title":{"rendered":"ROGE CAVAILLES LE VISAGE MASQUE ECLAT CONCOMBRE"},"content":{"rendered":"<p>Un soin nettoyant solide, enrichi en concombre bio de Provence et en surgras v\u00e9g\u00e9tal Pro-r\u00e9g\u00e9n\u00e9rant\u00ae pour nettoyer le visage et le purifier en douceur.<br \/>\nIl est formul\u00e9 avec 93% d&rsquo;ingr\u00e9dients d&rsquo;origine naturelle, il r\u00e9gule l&rsquo;exc\u00e8s de s\u00e9bum et aide \u00e0 resserrer les pores : la peau retrouve ainsi son \u00e9clat naturel<br \/>\nCONSEILS D&rsquo;UTILISATION<br \/>\nMouiller le nettoyant solide et frotter le dans le creux de la main jusqu\u2019\u00e0 obtenir une belle mousse. Masser d\u00e9licatement votre visage en \u00e9vitant le contour des yeux puis rincer. Utiliser matin et\/ou soir. Utilisation masque : apr\u00e8s massage, laisser poser une fine couche pendant 10 min.Rincer abondamment. Utiliser 2 fois par semaine.<\/p>\n","protected":false},"excerpt":{"rendered":"<p>Un soin nettoyant solide, enrichi en concombre bio de Provence et en surgras v\u00e9g\u00e9tal Pro-r\u00e9g\u00e9n\u00e9rant\u00ae pour nettoyer le visage et<\/p>\n","protected":false},"featured_media":22436,"comment_status":"open","ping_status":"closed","template":"","meta":[],"product_brand":[411],"product_cat":[473],"product_tag":[],"class_list":{"0":"post-22404","1":"product","2":"type-product","3":"status-publish","4":"has-post-thumbnail","6":"product_brand-roge-cavailles","7":"product_cat-masques-visage","9":"first","10":"instock","11":"sale","12":"shipping-taxable","13":"purchasable","14":"product-type-simple"},"yoast_head":"<!-- This site is optimized with the Yoast SEO plugin v26.6 - https:\/\/yoast.com\/wordpress\/plugins\/seo\/ -->\r\n<title>ROGE CAVAILLES LE VISAGE MASQUE ECLAT CONCOMBRE - Paracherkaoui.ma<\/title>\r\n<meta name=\"robots\" content=\"index, follow, max-snippet:-1, max-image-preview:large, max-video-preview:-1\" \/>\r\n<link rel=\"canonical\" href=\"https:\/\/paracherkaoui.ma\/index.php\/produit\/roge-cavailles-le-visage-masque-eclat-concombre\/\" \/>\r\n<meta property=\"og:locale\" content=\"fr_FR\" \/>\r\n<meta property=\"og:type\" content=\"article\" \/>\r\n<meta property=\"og:title\" content=\"ROGE CAVAILLES LE VISAGE MASQUE ECLAT CONCOMBRE - Paracherkaoui.ma\" \/>\r\n<meta property=\"og:description\" content=\"Un soin nettoyant solide, enrichi en concombre bio de Provence et en surgras v\u00e9g\u00e9tal Pro-r\u00e9g\u00e9n\u00e9rant\u00ae pour nettoyer le visage et\" \/>\r\n<meta property=\"og:url\" content=\"https:\/\/paracherkaoui.ma\/index.php\/produit\/roge-cavailles-le-visage-masque-eclat-concombre\/\" \/>\r\n<meta property=\"og:site_name\" content=\"Paracherkaoui.ma\" \/>\r\n<meta property=\"article:modified_time\" content=\"2025-12-12T17:16:32+00:00\" \/>\r\n<meta property=\"og:image\" content=\"https:\/\/paracherkaoui.ma\/wp-content\/uploads\/2025\/12\/roge-cavailles-roge-cavailles-le-visage-masque-eclat-concombre-masques-visage.jpg\" \/>\r\n\t<meta property=\"og:image:width\" content=\"700\" \/>\r\n\t<meta property=\"og:image:height\" content=\"700\" \/>\r\n\t<meta property=\"og:image:type\" content=\"image\/jpeg\" \/>\r\n<meta name=\"twitter:card\" content=\"summary_large_image\" \/>\r\n<meta name=\"twitter:label1\" content=\"Dur\u00e9e de lecture estim\u00e9e\" \/>\n\t<meta name=\"twitter:data1\" content=\"1 minute\" \/>\r\n<script type=\"application\/ld+json\" class=\"yoast-schema-graph\">{\"@context\":\"https:\/\/schema.org\",\"@graph\":[{\"@type\":\"WebPage\",\"@id\":\"https:\/\/paracherkaoui.ma\/index.php\/produit\/roge-cavailles-le-visage-masque-eclat-concombre\/\",\"url\":\"https:\/\/paracherkaoui.ma\/index.php\/produit\/roge-cavailles-le-visage-masque-eclat-concombre\/\",\"name\":\"ROGE CAVAILLES LE VISAGE MASQUE ECLAT CONCOMBRE - Paracherkaoui.ma\",\"isPartOf\":{\"@id\":\"https:\/\/paracherkaoui.ma\/#website\"},\"primaryImageOfPage\":{\"@id\":\"https:\/\/paracherkaoui.ma\/index.php\/produit\/roge-cavailles-le-visage-masque-eclat-concombre\/#primaryimage\"},\"image\":{\"@id\":\"https:\/\/paracherkaoui.ma\/index.php\/produit\/roge-cavailles-le-visage-masque-eclat-concombre\/#primaryimage\"},\"thumbnailUrl\":\"https:\/\/paracherkaoui.ma\/wp-content\/uploads\/2025\/12\/roge-cavailles-roge-cavailles-le-visage-masque-eclat-concombre-masques-visage.jpg\",\"datePublished\":\"2025-12-12T17:16:24+00:00\",\"dateModified\":\"2025-12-12T17:16:32+00:00\",\"breadcrumb\":{\"@id\":\"https:\/\/paracherkaoui.ma\/index.php\/produit\/roge-cavailles-le-visage-masque-eclat-concombre\/#breadcrumb\"},\"inLanguage\":\"fr-FR\",\"potentialAction\":[{\"@type\":\"ReadAction\",\"target\":[\"https:\/\/paracherkaoui.ma\/index.php\/produit\/roge-cavailles-le-visage-masque-eclat-concombre\/\"]}]},{\"@type\":\"ImageObject\",\"inLanguage\":\"fr-FR\",\"@id\":\"https:\/\/paracherkaoui.ma\/index.php\/produit\/roge-cavailles-le-visage-masque-eclat-concombre\/#primaryimage\",\"url\":\"https:\/\/paracherkaoui.ma\/wp-content\/uploads\/2025\/12\/roge-cavailles-roge-cavailles-le-visage-masque-eclat-concombre-masques-visage.jpg\",\"contentUrl\":\"https:\/\/paracherkaoui.ma\/wp-content\/uploads\/2025\/12\/roge-cavailles-roge-cavailles-le-visage-masque-eclat-concombre-masques-visage.jpg\",\"width\":700,\"height\":700},{\"@type\":\"BreadcrumbList\",\"@id\":\"https:\/\/paracherkaoui.ma\/index.php\/produit\/roge-cavailles-le-visage-masque-eclat-concombre\/#breadcrumb\",\"itemListElement\":[{\"@type\":\"ListItem\",\"position\":1,\"name\":\"Accueil\",\"item\":\"https:\/\/paracherkaoui.ma\/\"},{\"@type\":\"ListItem\",\"position\":2,\"name\":\"Boutique\",\"item\":\"https:\/\/paracherkaoui.ma\/index.php\/boutique\/\"},{\"@type\":\"ListItem\",\"position\":3,\"name\":\"ROGE CAVAILLES LE VISAGE MASQUE ECLAT CONCOMBRE\"}]},{\"@type\":\"WebSite\",\"@id\":\"https:\/\/paracherkaoui.ma\/#website\",\"url\":\"https:\/\/paracherkaoui.ma\/\",\"name\":\"Paracherkaoui.ma\",\"description\":\"Achetez en ligne sur Paracherkaoui.ma\",\"potentialAction\":[{\"@type\":\"SearchAction\",\"target\":{\"@type\":\"EntryPoint\",\"urlTemplate\":\"https:\/\/paracherkaoui.ma\/?s={search_term_string}\"},\"query-input\":{\"@type\":\"PropertyValueSpecification\",\"valueRequired\":true,\"valueName\":\"search_term_string\"}}],\"inLanguage\":\"fr-FR\"}]}<\/script>\r\n<!-- \/ Yoast SEO plugin. -->","yoast_head_json":{"title":"ROGE CAVAILLES LE VISAGE MASQUE ECLAT CONCOMBRE - Paracherkaoui.ma","robots":{"index":"index","follow":"follow","max-snippet":"max-snippet:-1","max-image-preview":"max-image-preview:large","max-video-preview":"max-video-preview:-1"},"canonical":"https:\/\/paracherkaoui.ma\/index.php\/produit\/roge-cavailles-le-visage-masque-eclat-concombre\/","og_locale":"fr_FR","og_type":"article","og_title":"ROGE CAVAILLES LE VISAGE MASQUE ECLAT CONCOMBRE - Paracherkaoui.ma","og_description":"Un soin nettoyant solide, enrichi en concombre bio de Provence et en surgras v\u00e9g\u00e9tal Pro-r\u00e9g\u00e9n\u00e9rant\u00ae pour nettoyer le visage et","og_url":"https:\/\/paracherkaoui.ma\/index.php\/produit\/roge-cavailles-le-visage-masque-eclat-concombre\/","og_site_name":"Paracherkaoui.ma","article_modified_time":"2025-12-12T17:16:32+00:00","og_image":[{"width":700,"height":700,"url":"https:\/\/paracherkaoui.ma\/wp-content\/uploads\/2025\/12\/roge-cavailles-roge-cavailles-le-visage-masque-eclat-concombre-masques-visage.jpg","type":"image\/jpeg"}],"twitter_card":"summary_large_image","twitter_misc":{"Dur\u00e9e de lecture estim\u00e9e":"1 minute"},"schema":{"@context":"https:\/\/schema.org","@graph":[{"@type":"WebPage","@id":"https:\/\/paracherkaoui.ma\/index.php\/produit\/roge-cavailles-le-visage-masque-eclat-concombre\/","url":"https:\/\/paracherkaoui.ma\/index.php\/produit\/roge-cavailles-le-visage-masque-eclat-concombre\/","name":"ROGE CAVAILLES LE VISAGE MASQUE ECLAT CONCOMBRE - Paracherkaoui.ma","isPartOf":{"@id":"https:\/\/paracherkaoui.ma\/#website"},"primaryImageOfPage":{"@id":"https:\/\/paracherkaoui.ma\/index.php\/produit\/roge-cavailles-le-visage-masque-eclat-concombre\/#primaryimage"},"image":{"@id":"https:\/\/paracherkaoui.ma\/index.php\/produit\/roge-cavailles-le-visage-masque-eclat-concombre\/#primaryimage"},"thumbnailUrl":"https:\/\/paracherkaoui.ma\/wp-content\/uploads\/2025\/12\/roge-cavailles-roge-cavailles-le-visage-masque-eclat-concombre-masques-visage.jpg","datePublished":"2025-12-12T17:16:24+00:00","dateModified":"2025-12-12T17:16:32+00:00","breadcrumb":{"@id":"https:\/\/paracherkaoui.ma\/index.php\/produit\/roge-cavailles-le-visage-masque-eclat-concombre\/#breadcrumb"},"inLanguage":"fr-FR","potentialAction":[{"@type":"ReadAction","target":["https:\/\/paracherkaoui.ma\/index.php\/produit\/roge-cavailles-le-visage-masque-eclat-concombre\/"]}]},{"@type":"ImageObject","inLanguage":"fr-FR","@id":"https:\/\/paracherkaoui.ma\/index.php\/produit\/roge-cavailles-le-visage-masque-eclat-concombre\/#primaryimage","url":"https:\/\/paracherkaoui.ma\/wp-content\/uploads\/2025\/12\/roge-cavailles-roge-cavailles-le-visage-masque-eclat-concombre-masques-visage.jpg","contentUrl":"https:\/\/paracherkaoui.ma\/wp-content\/uploads\/2025\/12\/roge-cavailles-roge-cavailles-le-visage-masque-eclat-concombre-masques-visage.jpg","width":700,"height":700},{"@type":"BreadcrumbList","@id":"https:\/\/paracherkaoui.ma\/index.php\/produit\/roge-cavailles-le-visage-masque-eclat-concombre\/#breadcrumb","itemListElement":[{"@type":"ListItem","position":1,"name":"Accueil","item":"https:\/\/paracherkaoui.ma\/"},{"@type":"ListItem","position":2,"name":"Boutique","item":"https:\/\/paracherkaoui.ma\/index.php\/boutique\/"},{"@type":"ListItem","position":3,"name":"ROGE CAVAILLES LE VISAGE MASQUE ECLAT CONCOMBRE"}]},{"@type":"WebSite","@id":"https:\/\/paracherkaoui.ma\/#website","url":"https:\/\/paracherkaoui.ma\/","name":"Paracherkaoui.ma","description":"Achetez en ligne sur Paracherkaoui.ma","potentialAction":[{"@type":"SearchAction","target":{"@type":"EntryPoint","urlTemplate":"https:\/\/paracherkaoui.ma\/?s={search_term_string}"},"query-input":{"@type":"PropertyValueSpecification","valueRequired":true,"valueName":"search_term_string"}}],"inLanguage":"fr-FR"}]}},"_links":{"self":[{"href":"https:\/\/paracherkaoui.ma\/index.php\/wp-json\/wp\/v2\/product\/22404","targetHints":{"allow":["GET"]}}],"collection":[{"href":"https:\/\/paracherkaoui.ma\/index.php\/wp-json\/wp\/v2\/product"}],"about":[{"href":"https:\/\/paracherkaoui.ma\/index.php\/wp-json\/wp\/v2\/types\/product"}],"replies":[{"embeddable":true,"href":"https:\/\/paracherkaoui.ma\/index.php\/wp-json\/wp\/v2\/comments?post=22404"}],"version-history":[{"count":1,"href":"https:\/\/paracherkaoui.ma\/index.php\/wp-json\/wp\/v2\/product\/22404\/revisions"}],"predecessor-version":[{"id":22437,"href":"https:\/\/paracherkaoui.ma\/index.php\/wp-json\/wp\/v2\/product\/22404\/revisions\/22437"}],"wp:featuredmedia":[{"embeddable":true,"href":"https:\/\/paracherkaoui.ma\/index.php\/wp-json\/wp\/v2\/media\/22436"}],"wp:attachment":[{"href":"https:\/\/paracherkaoui.ma\/index.php\/wp-json\/wp\/v2\/media?parent=22404"}],"wp:term":[{"taxonomy":"product_brand","embeddable":true,"href":"https:\/\/paracherkaoui.ma\/index.php\/wp-json\/wp\/v2\/product_brand?post=22404"},{"taxonomy":"product_cat","embeddable":true,"href":"https:\/\/paracherkaoui.ma\/index.php\/wp-json\/wp\/v2\/product_cat?post=22404"},{"taxonomy":"product_tag","embeddable":true,"href":"https:\/\/paracherkaoui.ma\/index.php\/wp-json\/wp\/v2\/product_tag?post=22404"}],"curies":[{"name":"wp","href":"https:\/\/api.w.org\/{rel}","templated":true}]}}