{"id":22366,"date":"2025-12-12T18:16:06","date_gmt":"2025-12-12T17:16:06","guid":{"rendered":"https:\/\/test.ecbeaute.com\/?post_type=product&#038;p=22366"},"modified":"2025-12-12T18:16:10","modified_gmt":"2025-12-12T17:16:10","slug":"eneomey-hyaluronic-masque","status":"publish","type":"product","link":"https:\/\/paracherkaoui.ma\/index.php\/produit\/eneomey-hyaluronic-masque\/","title":{"rendered":"ENEOMEY HYALURONIC MASQUE"},"content":{"rendered":"<p>Hyaluronic Masque\u00a0est un\u00a0masque en biocellulose\u00a0avec 95% d&rsquo;ingr\u00e9dients d&rsquo;origine naturelle. Il procure un effet de\u00a0seconde peau\u00a0tout en\u00a0hydratant\u00a0et en r\u00e9g\u00e9n\u00e8rant les couches superficielles de la\u00a0peau. Ce\u00a0masque\u00a0apporte un confort \u00e0 la\u00a0peau\u00a0gr\u00e2ce \u00e0 ces actifs apaisants.<br \/>\n&#8211; Apporte du volume instantan\u00e9ment.<br \/>\n&#8211; Apporte\u00a0hydratation\u00a0\u00e0 la\u00a0peau<br \/>\n&#8211; Apaise imm\u00e9diatement la\u00a0peau<br \/>\nSon efficacit\u00e9 provient d&rsquo;une combinaison d&rsquo;actifs : L&rsquo;acide hyaluronique\u00a0est reconnu pour ces propri\u00e9t\u00e9s\u00a0hydratantes\u00a0et\u00a0protectrices, l&rsquo;allanto\u00efne calme la\u00a0peau,\u00a0hydrate\u00a0et stimule la\u00a0cicatrisation\u00a0tout en adoucissant la\u00a0peau.<br \/>\nUTILISATION :<br \/>\nOuvrez le sachet afin de d\u00e9plier le\u00a0masque\u00a0et enlever le film blanc.<br \/>\nAppliquer le\u00a0masque\u00a0sur votre\u00a0visage\u00a0et ajustez-le en fonction des ouvertures pour les yeux, la bouche et le nez.<br \/>\nUne fois le\u00a0masque\u00a0bien positionn\u00e9, enlevez le film bleu.<br \/>\nV\u00e9rifiez que le\u00a0masque\u00a0couvre tout votre\u00a0visage\u00a0et laissez le agir pendant 15 minutes.<br \/>\nA la fin du temps conseill\u00e9, retirez le\u00a0masque\u00a0et massez votre\u00a0visage\u00a0pour faire p\u00e9n\u00e9trer le reste de produit.<br \/>\nCe\u00a0masque\u00a0ne s&rsquo;utilise qu&rsquo;une seule fois.<\/p>\n","protected":false},"excerpt":{"rendered":"<p>Hyaluronic Masque\u00a0est un\u00a0masque en biocellulose\u00a0avec 95% d&rsquo;ingr\u00e9dients d&rsquo;origine naturelle. Il procure un effet de\u00a0seconde peau\u00a0tout en\u00a0hydratant\u00a0et en r\u00e9g\u00e9n\u00e8rant les couches<\/p>\n","protected":false},"featured_media":22400,"comment_status":"open","ping_status":"closed","template":"","meta":[],"product_brand":[412],"product_cat":[473],"product_tag":[],"class_list":{"0":"post-22366","1":"product","2":"type-product","3":"status-publish","4":"has-post-thumbnail","6":"product_brand-eneomey","7":"product_cat-masques-visage","9":"first","10":"instock","11":"sale","12":"shipping-taxable","13":"purchasable","14":"product-type-simple"},"yoast_head":"<!-- This site is optimized with the Yoast SEO plugin v26.6 - https:\/\/yoast.com\/wordpress\/plugins\/seo\/ -->\r\n<title>ENEOMEY HYALURONIC MASQUE - Paracherkaoui.ma<\/title>\r\n<meta name=\"robots\" content=\"index, follow, max-snippet:-1, max-image-preview:large, max-video-preview:-1\" \/>\r\n<link rel=\"canonical\" href=\"https:\/\/paracherkaoui.ma\/index.php\/produit\/eneomey-hyaluronic-masque\/\" \/>\r\n<meta property=\"og:locale\" content=\"fr_FR\" \/>\r\n<meta property=\"og:type\" content=\"article\" \/>\r\n<meta property=\"og:title\" content=\"ENEOMEY HYALURONIC MASQUE - Paracherkaoui.ma\" \/>\r\n<meta property=\"og:description\" content=\"Hyaluronic Masque\u00a0est un\u00a0masque en biocellulose\u00a0avec 95% d&rsquo;ingr\u00e9dients d&rsquo;origine naturelle. Il procure un effet de\u00a0seconde peau\u00a0tout en\u00a0hydratant\u00a0et en r\u00e9g\u00e9n\u00e8rant les couches\" \/>\r\n<meta property=\"og:url\" content=\"https:\/\/paracherkaoui.ma\/index.php\/produit\/eneomey-hyaluronic-masque\/\" \/>\r\n<meta property=\"og:site_name\" content=\"Paracherkaoui.ma\" \/>\r\n<meta property=\"article:modified_time\" content=\"2025-12-12T17:16:10+00:00\" \/>\r\n<meta property=\"og:image\" content=\"https:\/\/paracherkaoui.ma\/wp-content\/uploads\/2025\/12\/eneomey-eneomey-hyaluronic-masque-masques-visage.jpg\" \/>\r\n\t<meta property=\"og:image:width\" content=\"700\" \/>\r\n\t<meta property=\"og:image:height\" content=\"700\" \/>\r\n\t<meta property=\"og:image:type\" content=\"image\/jpeg\" \/>\r\n<meta name=\"twitter:card\" content=\"summary_large_image\" \/>\r\n<meta name=\"twitter:label1\" content=\"Dur\u00e9e de lecture estim\u00e9e\" \/>\n\t<meta name=\"twitter:data1\" content=\"1 minute\" \/>\r\n<script type=\"application\/ld+json\" class=\"yoast-schema-graph\">{\"@context\":\"https:\/\/schema.org\",\"@graph\":[{\"@type\":\"WebPage\",\"@id\":\"https:\/\/paracherkaoui.ma\/index.php\/produit\/eneomey-hyaluronic-masque\/\",\"url\":\"https:\/\/paracherkaoui.ma\/index.php\/produit\/eneomey-hyaluronic-masque\/\",\"name\":\"ENEOMEY HYALURONIC MASQUE - Paracherkaoui.ma\",\"isPartOf\":{\"@id\":\"https:\/\/paracherkaoui.ma\/#website\"},\"primaryImageOfPage\":{\"@id\":\"https:\/\/paracherkaoui.ma\/index.php\/produit\/eneomey-hyaluronic-masque\/#primaryimage\"},\"image\":{\"@id\":\"https:\/\/paracherkaoui.ma\/index.php\/produit\/eneomey-hyaluronic-masque\/#primaryimage\"},\"thumbnailUrl\":\"https:\/\/paracherkaoui.ma\/wp-content\/uploads\/2025\/12\/eneomey-eneomey-hyaluronic-masque-masques-visage.jpg\",\"datePublished\":\"2025-12-12T17:16:06+00:00\",\"dateModified\":\"2025-12-12T17:16:10+00:00\",\"breadcrumb\":{\"@id\":\"https:\/\/paracherkaoui.ma\/index.php\/produit\/eneomey-hyaluronic-masque\/#breadcrumb\"},\"inLanguage\":\"fr-FR\",\"potentialAction\":[{\"@type\":\"ReadAction\",\"target\":[\"https:\/\/paracherkaoui.ma\/index.php\/produit\/eneomey-hyaluronic-masque\/\"]}]},{\"@type\":\"ImageObject\",\"inLanguage\":\"fr-FR\",\"@id\":\"https:\/\/paracherkaoui.ma\/index.php\/produit\/eneomey-hyaluronic-masque\/#primaryimage\",\"url\":\"https:\/\/paracherkaoui.ma\/wp-content\/uploads\/2025\/12\/eneomey-eneomey-hyaluronic-masque-masques-visage.jpg\",\"contentUrl\":\"https:\/\/paracherkaoui.ma\/wp-content\/uploads\/2025\/12\/eneomey-eneomey-hyaluronic-masque-masques-visage.jpg\",\"width\":700,\"height\":700},{\"@type\":\"BreadcrumbList\",\"@id\":\"https:\/\/paracherkaoui.ma\/index.php\/produit\/eneomey-hyaluronic-masque\/#breadcrumb\",\"itemListElement\":[{\"@type\":\"ListItem\",\"position\":1,\"name\":\"Accueil\",\"item\":\"https:\/\/paracherkaoui.ma\/\"},{\"@type\":\"ListItem\",\"position\":2,\"name\":\"Boutique\",\"item\":\"https:\/\/paracherkaoui.ma\/index.php\/boutique\/\"},{\"@type\":\"ListItem\",\"position\":3,\"name\":\"ENEOMEY HYALURONIC MASQUE\"}]},{\"@type\":\"WebSite\",\"@id\":\"https:\/\/paracherkaoui.ma\/#website\",\"url\":\"https:\/\/paracherkaoui.ma\/\",\"name\":\"Paracherkaoui.ma\",\"description\":\"Achetez en ligne sur Paracherkaoui.ma\",\"potentialAction\":[{\"@type\":\"SearchAction\",\"target\":{\"@type\":\"EntryPoint\",\"urlTemplate\":\"https:\/\/paracherkaoui.ma\/?s={search_term_string}\"},\"query-input\":{\"@type\":\"PropertyValueSpecification\",\"valueRequired\":true,\"valueName\":\"search_term_string\"}}],\"inLanguage\":\"fr-FR\"}]}<\/script>\r\n<!-- \/ Yoast SEO plugin. -->","yoast_head_json":{"title":"ENEOMEY HYALURONIC MASQUE - Paracherkaoui.ma","robots":{"index":"index","follow":"follow","max-snippet":"max-snippet:-1","max-image-preview":"max-image-preview:large","max-video-preview":"max-video-preview:-1"},"canonical":"https:\/\/paracherkaoui.ma\/index.php\/produit\/eneomey-hyaluronic-masque\/","og_locale":"fr_FR","og_type":"article","og_title":"ENEOMEY HYALURONIC MASQUE - Paracherkaoui.ma","og_description":"Hyaluronic Masque\u00a0est un\u00a0masque en biocellulose\u00a0avec 95% d&rsquo;ingr\u00e9dients d&rsquo;origine naturelle. Il procure un effet de\u00a0seconde peau\u00a0tout en\u00a0hydratant\u00a0et en r\u00e9g\u00e9n\u00e8rant les couches","og_url":"https:\/\/paracherkaoui.ma\/index.php\/produit\/eneomey-hyaluronic-masque\/","og_site_name":"Paracherkaoui.ma","article_modified_time":"2025-12-12T17:16:10+00:00","og_image":[{"width":700,"height":700,"url":"https:\/\/paracherkaoui.ma\/wp-content\/uploads\/2025\/12\/eneomey-eneomey-hyaluronic-masque-masques-visage.jpg","type":"image\/jpeg"}],"twitter_card":"summary_large_image","twitter_misc":{"Dur\u00e9e de lecture estim\u00e9e":"1 minute"},"schema":{"@context":"https:\/\/schema.org","@graph":[{"@type":"WebPage","@id":"https:\/\/paracherkaoui.ma\/index.php\/produit\/eneomey-hyaluronic-masque\/","url":"https:\/\/paracherkaoui.ma\/index.php\/produit\/eneomey-hyaluronic-masque\/","name":"ENEOMEY HYALURONIC MASQUE - Paracherkaoui.ma","isPartOf":{"@id":"https:\/\/paracherkaoui.ma\/#website"},"primaryImageOfPage":{"@id":"https:\/\/paracherkaoui.ma\/index.php\/produit\/eneomey-hyaluronic-masque\/#primaryimage"},"image":{"@id":"https:\/\/paracherkaoui.ma\/index.php\/produit\/eneomey-hyaluronic-masque\/#primaryimage"},"thumbnailUrl":"https:\/\/paracherkaoui.ma\/wp-content\/uploads\/2025\/12\/eneomey-eneomey-hyaluronic-masque-masques-visage.jpg","datePublished":"2025-12-12T17:16:06+00:00","dateModified":"2025-12-12T17:16:10+00:00","breadcrumb":{"@id":"https:\/\/paracherkaoui.ma\/index.php\/produit\/eneomey-hyaluronic-masque\/#breadcrumb"},"inLanguage":"fr-FR","potentialAction":[{"@type":"ReadAction","target":["https:\/\/paracherkaoui.ma\/index.php\/produit\/eneomey-hyaluronic-masque\/"]}]},{"@type":"ImageObject","inLanguage":"fr-FR","@id":"https:\/\/paracherkaoui.ma\/index.php\/produit\/eneomey-hyaluronic-masque\/#primaryimage","url":"https:\/\/paracherkaoui.ma\/wp-content\/uploads\/2025\/12\/eneomey-eneomey-hyaluronic-masque-masques-visage.jpg","contentUrl":"https:\/\/paracherkaoui.ma\/wp-content\/uploads\/2025\/12\/eneomey-eneomey-hyaluronic-masque-masques-visage.jpg","width":700,"height":700},{"@type":"BreadcrumbList","@id":"https:\/\/paracherkaoui.ma\/index.php\/produit\/eneomey-hyaluronic-masque\/#breadcrumb","itemListElement":[{"@type":"ListItem","position":1,"name":"Accueil","item":"https:\/\/paracherkaoui.ma\/"},{"@type":"ListItem","position":2,"name":"Boutique","item":"https:\/\/paracherkaoui.ma\/index.php\/boutique\/"},{"@type":"ListItem","position":3,"name":"ENEOMEY HYALURONIC MASQUE"}]},{"@type":"WebSite","@id":"https:\/\/paracherkaoui.ma\/#website","url":"https:\/\/paracherkaoui.ma\/","name":"Paracherkaoui.ma","description":"Achetez en ligne sur Paracherkaoui.ma","potentialAction":[{"@type":"SearchAction","target":{"@type":"EntryPoint","urlTemplate":"https:\/\/paracherkaoui.ma\/?s={search_term_string}"},"query-input":{"@type":"PropertyValueSpecification","valueRequired":true,"valueName":"search_term_string"}}],"inLanguage":"fr-FR"}]}},"_links":{"self":[{"href":"https:\/\/paracherkaoui.ma\/index.php\/wp-json\/wp\/v2\/product\/22366","targetHints":{"allow":["GET"]}}],"collection":[{"href":"https:\/\/paracherkaoui.ma\/index.php\/wp-json\/wp\/v2\/product"}],"about":[{"href":"https:\/\/paracherkaoui.ma\/index.php\/wp-json\/wp\/v2\/types\/product"}],"replies":[{"embeddable":true,"href":"https:\/\/paracherkaoui.ma\/index.php\/wp-json\/wp\/v2\/comments?post=22366"}],"version-history":[{"count":1,"href":"https:\/\/paracherkaoui.ma\/index.php\/wp-json\/wp\/v2\/product\/22366\/revisions"}],"predecessor-version":[{"id":22401,"href":"https:\/\/paracherkaoui.ma\/index.php\/wp-json\/wp\/v2\/product\/22366\/revisions\/22401"}],"wp:featuredmedia":[{"embeddable":true,"href":"https:\/\/paracherkaoui.ma\/index.php\/wp-json\/wp\/v2\/media\/22400"}],"wp:attachment":[{"href":"https:\/\/paracherkaoui.ma\/index.php\/wp-json\/wp\/v2\/media?parent=22366"}],"wp:term":[{"taxonomy":"product_brand","embeddable":true,"href":"https:\/\/paracherkaoui.ma\/index.php\/wp-json\/wp\/v2\/product_brand?post=22366"},{"taxonomy":"product_cat","embeddable":true,"href":"https:\/\/paracherkaoui.ma\/index.php\/wp-json\/wp\/v2\/product_cat?post=22366"},{"taxonomy":"product_tag","embeddable":true,"href":"https:\/\/paracherkaoui.ma\/index.php\/wp-json\/wp\/v2\/product_tag?post=22366"}],"curies":[{"name":"wp","href":"https:\/\/api.w.org\/{rel}","templated":true}]}}