{"id":22364,"date":"2025-12-12T18:16:06","date_gmt":"2025-12-12T17:16:06","guid":{"rendered":"https:\/\/test.ecbeaute.com\/?post_type=product&#038;p=22364"},"modified":"2025-12-12T18:16:09","modified_gmt":"2025-12-12T17:16:09","slug":"novexpert-masque-triple-black","status":"publish","type":"product","link":"https:\/\/paracherkaoui.ma\/index.php\/produit\/novexpert-masque-triple-black\/","title":{"rendered":"NOVEXPERT MASQUE TRIPLE BLACK"},"content":{"rendered":"<p>Description:<br \/>\nTrois, pour trois actifs stars et trois effets : une peau matifi\u00e9e, nette et liss\u00e9e. Au sein de la gamme iconique Trio-Zinc de Novexpert qui combat les imperfections sur tous les fronts, il manquait un masque pour une action profonde et durable. C\u2019est chose faite avec le Masque Triple Black au charbon actif purifiant, \u00e0 l\u2019argile noire matifiante et \u00e0 la poudre de lave lissante.<br \/>\nConseils d&rsquo;utilisation:<br \/>\nAppliquer g\u00e9n\u00e9reusement le masque sur l\u2019ensemble du visage (peau grasse) ou uniquement sur la zone T (peau mixe). Laisser agir 10 \u00e0 15mn. D\u00e8s que le gris fonc\u00e9 appara\u00eet gris clair, c\u2019est le moment de rincer avec de l\u2019eau ti\u00e8de en massant d\u00e9licatement le visage pour profiter des propri\u00e9t\u00e9s exfoliantes du masque. Terminer en rin\u00e7ant abondamment \u00e0 l\u2019eau. Si votre peau est sensible, il est conseill\u00e9 de rincer d\u00e8s que la sensation de \u00ab\u00a0tension cutan\u00e9e\u00a0\u00bb devient forte.<\/p>\n","protected":false},"excerpt":{"rendered":"<p>Description: Trois, pour trois actifs stars et trois effets : une peau matifi\u00e9e, nette et liss\u00e9e. Au sein de la<\/p>\n","protected":false},"featured_media":22397,"comment_status":"open","ping_status":"closed","template":"","meta":[],"product_brand":[349],"product_cat":[473],"product_tag":[],"class_list":{"0":"post-22364","1":"product","2":"type-product","3":"status-publish","4":"has-post-thumbnail","6":"product_brand-novexpert","7":"product_cat-masques-visage","9":"first","10":"instock","11":"sale","12":"shipping-taxable","13":"purchasable","14":"product-type-simple"},"yoast_head":"<!-- This site is optimized with the Yoast SEO plugin v26.6 - https:\/\/yoast.com\/wordpress\/plugins\/seo\/ -->\r\n<title>NOVEXPERT MASQUE TRIPLE BLACK - Paracherkaoui.ma<\/title>\r\n<meta name=\"robots\" content=\"index, follow, max-snippet:-1, max-image-preview:large, max-video-preview:-1\" \/>\r\n<link rel=\"canonical\" href=\"https:\/\/paracherkaoui.ma\/index.php\/produit\/novexpert-masque-triple-black\/\" \/>\r\n<meta property=\"og:locale\" content=\"fr_FR\" \/>\r\n<meta property=\"og:type\" content=\"article\" \/>\r\n<meta property=\"og:title\" content=\"NOVEXPERT MASQUE TRIPLE BLACK - Paracherkaoui.ma\" \/>\r\n<meta property=\"og:description\" content=\"Description: Trois, pour trois actifs stars et trois effets : une peau matifi\u00e9e, nette et liss\u00e9e. Au sein de la\" \/>\r\n<meta property=\"og:url\" content=\"https:\/\/paracherkaoui.ma\/index.php\/produit\/novexpert-masque-triple-black\/\" \/>\r\n<meta property=\"og:site_name\" content=\"Paracherkaoui.ma\" \/>\r\n<meta property=\"article:modified_time\" content=\"2025-12-12T17:16:09+00:00\" \/>\r\n<meta property=\"og:image\" content=\"https:\/\/paracherkaoui.ma\/wp-content\/uploads\/2025\/12\/novexpert-novexpert-masque-triple-black-masques-visage.jpg\" \/>\r\n\t<meta property=\"og:image:width\" content=\"700\" \/>\r\n\t<meta property=\"og:image:height\" content=\"700\" \/>\r\n\t<meta property=\"og:image:type\" content=\"image\/jpeg\" \/>\r\n<meta name=\"twitter:card\" content=\"summary_large_image\" \/>\r\n<meta name=\"twitter:label1\" content=\"Dur\u00e9e de lecture estim\u00e9e\" \/>\n\t<meta name=\"twitter:data1\" content=\"1 minute\" \/>\r\n<script type=\"application\/ld+json\" class=\"yoast-schema-graph\">{\"@context\":\"https:\/\/schema.org\",\"@graph\":[{\"@type\":\"WebPage\",\"@id\":\"https:\/\/paracherkaoui.ma\/index.php\/produit\/novexpert-masque-triple-black\/\",\"url\":\"https:\/\/paracherkaoui.ma\/index.php\/produit\/novexpert-masque-triple-black\/\",\"name\":\"NOVEXPERT MASQUE TRIPLE BLACK - Paracherkaoui.ma\",\"isPartOf\":{\"@id\":\"https:\/\/paracherkaoui.ma\/#website\"},\"primaryImageOfPage\":{\"@id\":\"https:\/\/paracherkaoui.ma\/index.php\/produit\/novexpert-masque-triple-black\/#primaryimage\"},\"image\":{\"@id\":\"https:\/\/paracherkaoui.ma\/index.php\/produit\/novexpert-masque-triple-black\/#primaryimage\"},\"thumbnailUrl\":\"https:\/\/paracherkaoui.ma\/wp-content\/uploads\/2025\/12\/novexpert-novexpert-masque-triple-black-masques-visage.jpg\",\"datePublished\":\"2025-12-12T17:16:06+00:00\",\"dateModified\":\"2025-12-12T17:16:09+00:00\",\"breadcrumb\":{\"@id\":\"https:\/\/paracherkaoui.ma\/index.php\/produit\/novexpert-masque-triple-black\/#breadcrumb\"},\"inLanguage\":\"fr-FR\",\"potentialAction\":[{\"@type\":\"ReadAction\",\"target\":[\"https:\/\/paracherkaoui.ma\/index.php\/produit\/novexpert-masque-triple-black\/\"]}]},{\"@type\":\"ImageObject\",\"inLanguage\":\"fr-FR\",\"@id\":\"https:\/\/paracherkaoui.ma\/index.php\/produit\/novexpert-masque-triple-black\/#primaryimage\",\"url\":\"https:\/\/paracherkaoui.ma\/wp-content\/uploads\/2025\/12\/novexpert-novexpert-masque-triple-black-masques-visage.jpg\",\"contentUrl\":\"https:\/\/paracherkaoui.ma\/wp-content\/uploads\/2025\/12\/novexpert-novexpert-masque-triple-black-masques-visage.jpg\",\"width\":700,\"height\":700},{\"@type\":\"BreadcrumbList\",\"@id\":\"https:\/\/paracherkaoui.ma\/index.php\/produit\/novexpert-masque-triple-black\/#breadcrumb\",\"itemListElement\":[{\"@type\":\"ListItem\",\"position\":1,\"name\":\"Accueil\",\"item\":\"https:\/\/paracherkaoui.ma\/\"},{\"@type\":\"ListItem\",\"position\":2,\"name\":\"Boutique\",\"item\":\"https:\/\/paracherkaoui.ma\/index.php\/boutique\/\"},{\"@type\":\"ListItem\",\"position\":3,\"name\":\"NOVEXPERT MASQUE TRIPLE BLACK\"}]},{\"@type\":\"WebSite\",\"@id\":\"https:\/\/paracherkaoui.ma\/#website\",\"url\":\"https:\/\/paracherkaoui.ma\/\",\"name\":\"Paracherkaoui.ma\",\"description\":\"Achetez en ligne sur Paracherkaoui.ma\",\"potentialAction\":[{\"@type\":\"SearchAction\",\"target\":{\"@type\":\"EntryPoint\",\"urlTemplate\":\"https:\/\/paracherkaoui.ma\/?s={search_term_string}\"},\"query-input\":{\"@type\":\"PropertyValueSpecification\",\"valueRequired\":true,\"valueName\":\"search_term_string\"}}],\"inLanguage\":\"fr-FR\"}]}<\/script>\r\n<!-- \/ Yoast SEO plugin. -->","yoast_head_json":{"title":"NOVEXPERT MASQUE TRIPLE BLACK - Paracherkaoui.ma","robots":{"index":"index","follow":"follow","max-snippet":"max-snippet:-1","max-image-preview":"max-image-preview:large","max-video-preview":"max-video-preview:-1"},"canonical":"https:\/\/paracherkaoui.ma\/index.php\/produit\/novexpert-masque-triple-black\/","og_locale":"fr_FR","og_type":"article","og_title":"NOVEXPERT MASQUE TRIPLE BLACK - Paracherkaoui.ma","og_description":"Description: Trois, pour trois actifs stars et trois effets : une peau matifi\u00e9e, nette et liss\u00e9e. Au sein de la","og_url":"https:\/\/paracherkaoui.ma\/index.php\/produit\/novexpert-masque-triple-black\/","og_site_name":"Paracherkaoui.ma","article_modified_time":"2025-12-12T17:16:09+00:00","og_image":[{"width":700,"height":700,"url":"https:\/\/paracherkaoui.ma\/wp-content\/uploads\/2025\/12\/novexpert-novexpert-masque-triple-black-masques-visage.jpg","type":"image\/jpeg"}],"twitter_card":"summary_large_image","twitter_misc":{"Dur\u00e9e de lecture estim\u00e9e":"1 minute"},"schema":{"@context":"https:\/\/schema.org","@graph":[{"@type":"WebPage","@id":"https:\/\/paracherkaoui.ma\/index.php\/produit\/novexpert-masque-triple-black\/","url":"https:\/\/paracherkaoui.ma\/index.php\/produit\/novexpert-masque-triple-black\/","name":"NOVEXPERT MASQUE TRIPLE BLACK - Paracherkaoui.ma","isPartOf":{"@id":"https:\/\/paracherkaoui.ma\/#website"},"primaryImageOfPage":{"@id":"https:\/\/paracherkaoui.ma\/index.php\/produit\/novexpert-masque-triple-black\/#primaryimage"},"image":{"@id":"https:\/\/paracherkaoui.ma\/index.php\/produit\/novexpert-masque-triple-black\/#primaryimage"},"thumbnailUrl":"https:\/\/paracherkaoui.ma\/wp-content\/uploads\/2025\/12\/novexpert-novexpert-masque-triple-black-masques-visage.jpg","datePublished":"2025-12-12T17:16:06+00:00","dateModified":"2025-12-12T17:16:09+00:00","breadcrumb":{"@id":"https:\/\/paracherkaoui.ma\/index.php\/produit\/novexpert-masque-triple-black\/#breadcrumb"},"inLanguage":"fr-FR","potentialAction":[{"@type":"ReadAction","target":["https:\/\/paracherkaoui.ma\/index.php\/produit\/novexpert-masque-triple-black\/"]}]},{"@type":"ImageObject","inLanguage":"fr-FR","@id":"https:\/\/paracherkaoui.ma\/index.php\/produit\/novexpert-masque-triple-black\/#primaryimage","url":"https:\/\/paracherkaoui.ma\/wp-content\/uploads\/2025\/12\/novexpert-novexpert-masque-triple-black-masques-visage.jpg","contentUrl":"https:\/\/paracherkaoui.ma\/wp-content\/uploads\/2025\/12\/novexpert-novexpert-masque-triple-black-masques-visage.jpg","width":700,"height":700},{"@type":"BreadcrumbList","@id":"https:\/\/paracherkaoui.ma\/index.php\/produit\/novexpert-masque-triple-black\/#breadcrumb","itemListElement":[{"@type":"ListItem","position":1,"name":"Accueil","item":"https:\/\/paracherkaoui.ma\/"},{"@type":"ListItem","position":2,"name":"Boutique","item":"https:\/\/paracherkaoui.ma\/index.php\/boutique\/"},{"@type":"ListItem","position":3,"name":"NOVEXPERT MASQUE TRIPLE BLACK"}]},{"@type":"WebSite","@id":"https:\/\/paracherkaoui.ma\/#website","url":"https:\/\/paracherkaoui.ma\/","name":"Paracherkaoui.ma","description":"Achetez en ligne sur Paracherkaoui.ma","potentialAction":[{"@type":"SearchAction","target":{"@type":"EntryPoint","urlTemplate":"https:\/\/paracherkaoui.ma\/?s={search_term_string}"},"query-input":{"@type":"PropertyValueSpecification","valueRequired":true,"valueName":"search_term_string"}}],"inLanguage":"fr-FR"}]}},"_links":{"self":[{"href":"https:\/\/paracherkaoui.ma\/index.php\/wp-json\/wp\/v2\/product\/22364","targetHints":{"allow":["GET"]}}],"collection":[{"href":"https:\/\/paracherkaoui.ma\/index.php\/wp-json\/wp\/v2\/product"}],"about":[{"href":"https:\/\/paracherkaoui.ma\/index.php\/wp-json\/wp\/v2\/types\/product"}],"replies":[{"embeddable":true,"href":"https:\/\/paracherkaoui.ma\/index.php\/wp-json\/wp\/v2\/comments?post=22364"}],"version-history":[{"count":1,"href":"https:\/\/paracherkaoui.ma\/index.php\/wp-json\/wp\/v2\/product\/22364\/revisions"}],"predecessor-version":[{"id":22398,"href":"https:\/\/paracherkaoui.ma\/index.php\/wp-json\/wp\/v2\/product\/22364\/revisions\/22398"}],"wp:featuredmedia":[{"embeddable":true,"href":"https:\/\/paracherkaoui.ma\/index.php\/wp-json\/wp\/v2\/media\/22397"}],"wp:attachment":[{"href":"https:\/\/paracherkaoui.ma\/index.php\/wp-json\/wp\/v2\/media?parent=22364"}],"wp:term":[{"taxonomy":"product_brand","embeddable":true,"href":"https:\/\/paracherkaoui.ma\/index.php\/wp-json\/wp\/v2\/product_brand?post=22364"},{"taxonomy":"product_cat","embeddable":true,"href":"https:\/\/paracherkaoui.ma\/index.php\/wp-json\/wp\/v2\/product_cat?post=22364"},{"taxonomy":"product_tag","embeddable":true,"href":"https:\/\/paracherkaoui.ma\/index.php\/wp-json\/wp\/v2\/product_tag?post=22364"}],"curies":[{"name":"wp","href":"https:\/\/api.w.org\/{rel}","templated":true}]}}