{"id":22352,"date":"2025-12-12T18:16:05","date_gmt":"2025-12-12T17:16:05","guid":{"rendered":"https:\/\/test.ecbeaute.com\/?post_type=product&#038;p=22352"},"modified":"2025-12-12T18:16:07","modified_gmt":"2025-12-12T17:16:07","slug":"mdc-tone-corrector-creme-masque-150-ml","status":"publish","type":"product","link":"https:\/\/paracherkaoui.ma\/index.php\/produit\/mdc-tone-corrector-creme-masque-150-ml\/","title":{"rendered":"MDC TONE CORRECTOR CREME MASQUE 150 ML"},"content":{"rendered":"<p>Le masque cr\u00e8me \u00e9claircissant Correcteur de Teint soutient la r\u00e9gulation des in\u00e9galit\u00e9s de teint de la peau et l\u2019\u00e9limination des imperfections. Il aide la peau \u00e0 avoir une apparence plus \u00e9clatante et lumineuse tout en maintenant l\u2019\u00e9quilibre de l\u2019hydratation.<\/p>\n","protected":false},"excerpt":{"rendered":"<p>Le masque cr\u00e8me \u00e9claircissant Correcteur de Teint soutient la r\u00e9gulation des in\u00e9galit\u00e9s de teint de la peau et l\u2019\u00e9limination des<\/p>\n","protected":false},"featured_media":22375,"comment_status":"open","ping_status":"closed","template":"","meta":[],"product_brand":[277],"product_cat":[473],"product_tag":[],"class_list":{"0":"post-22352","1":"product","2":"type-product","3":"status-publish","4":"has-post-thumbnail","6":"product_brand-mdc","7":"product_cat-masques-visage","9":"first","10":"instock","11":"sale","12":"shipping-taxable","13":"purchasable","14":"product-type-simple"},"yoast_head":"<!-- This site is optimized with the Yoast SEO plugin v26.6 - https:\/\/yoast.com\/wordpress\/plugins\/seo\/ -->\r\n<title>MDC TONE CORRECTOR CREME MASQUE 150 ML - Paracherkaoui.ma<\/title>\r\n<meta name=\"robots\" content=\"index, follow, max-snippet:-1, max-image-preview:large, max-video-preview:-1\" \/>\r\n<link rel=\"canonical\" href=\"https:\/\/paracherkaoui.ma\/index.php\/produit\/mdc-tone-corrector-creme-masque-150-ml\/\" \/>\r\n<meta property=\"og:locale\" content=\"fr_FR\" \/>\r\n<meta property=\"og:type\" content=\"article\" \/>\r\n<meta property=\"og:title\" content=\"MDC TONE CORRECTOR CREME MASQUE 150 ML - Paracherkaoui.ma\" \/>\r\n<meta property=\"og:description\" content=\"Le masque cr\u00e8me \u00e9claircissant Correcteur de Teint soutient la r\u00e9gulation des in\u00e9galit\u00e9s de teint de la peau et l\u2019\u00e9limination des\" \/>\r\n<meta property=\"og:url\" content=\"https:\/\/paracherkaoui.ma\/index.php\/produit\/mdc-tone-corrector-creme-masque-150-ml\/\" \/>\r\n<meta property=\"og:site_name\" content=\"Paracherkaoui.ma\" \/>\r\n<meta property=\"article:modified_time\" content=\"2025-12-12T17:16:07+00:00\" \/>\r\n<meta property=\"og:image\" content=\"https:\/\/paracherkaoui.ma\/wp-content\/uploads\/2025\/12\/mdc-mdc-tone-corrector-creme-masque-150-ml-masques-visage.jpg\" \/>\r\n\t<meta property=\"og:image:width\" content=\"700\" \/>\r\n\t<meta property=\"og:image:height\" content=\"700\" \/>\r\n\t<meta property=\"og:image:type\" content=\"image\/jpeg\" \/>\r\n<meta name=\"twitter:card\" content=\"summary_large_image\" \/>\r\n<script type=\"application\/ld+json\" class=\"yoast-schema-graph\">{\"@context\":\"https:\/\/schema.org\",\"@graph\":[{\"@type\":\"WebPage\",\"@id\":\"https:\/\/paracherkaoui.ma\/index.php\/produit\/mdc-tone-corrector-creme-masque-150-ml\/\",\"url\":\"https:\/\/paracherkaoui.ma\/index.php\/produit\/mdc-tone-corrector-creme-masque-150-ml\/\",\"name\":\"MDC TONE CORRECTOR CREME MASQUE 150 ML - Paracherkaoui.ma\",\"isPartOf\":{\"@id\":\"https:\/\/paracherkaoui.ma\/#website\"},\"primaryImageOfPage\":{\"@id\":\"https:\/\/paracherkaoui.ma\/index.php\/produit\/mdc-tone-corrector-creme-masque-150-ml\/#primaryimage\"},\"image\":{\"@id\":\"https:\/\/paracherkaoui.ma\/index.php\/produit\/mdc-tone-corrector-creme-masque-150-ml\/#primaryimage\"},\"thumbnailUrl\":\"https:\/\/paracherkaoui.ma\/wp-content\/uploads\/2025\/12\/mdc-mdc-tone-corrector-creme-masque-150-ml-masques-visage.jpg\",\"datePublished\":\"2025-12-12T17:16:05+00:00\",\"dateModified\":\"2025-12-12T17:16:07+00:00\",\"breadcrumb\":{\"@id\":\"https:\/\/paracherkaoui.ma\/index.php\/produit\/mdc-tone-corrector-creme-masque-150-ml\/#breadcrumb\"},\"inLanguage\":\"fr-FR\",\"potentialAction\":[{\"@type\":\"ReadAction\",\"target\":[\"https:\/\/paracherkaoui.ma\/index.php\/produit\/mdc-tone-corrector-creme-masque-150-ml\/\"]}]},{\"@type\":\"ImageObject\",\"inLanguage\":\"fr-FR\",\"@id\":\"https:\/\/paracherkaoui.ma\/index.php\/produit\/mdc-tone-corrector-creme-masque-150-ml\/#primaryimage\",\"url\":\"https:\/\/paracherkaoui.ma\/wp-content\/uploads\/2025\/12\/mdc-mdc-tone-corrector-creme-masque-150-ml-masques-visage.jpg\",\"contentUrl\":\"https:\/\/paracherkaoui.ma\/wp-content\/uploads\/2025\/12\/mdc-mdc-tone-corrector-creme-masque-150-ml-masques-visage.jpg\",\"width\":700,\"height\":700},{\"@type\":\"BreadcrumbList\",\"@id\":\"https:\/\/paracherkaoui.ma\/index.php\/produit\/mdc-tone-corrector-creme-masque-150-ml\/#breadcrumb\",\"itemListElement\":[{\"@type\":\"ListItem\",\"position\":1,\"name\":\"Accueil\",\"item\":\"https:\/\/paracherkaoui.ma\/\"},{\"@type\":\"ListItem\",\"position\":2,\"name\":\"Boutique\",\"item\":\"https:\/\/paracherkaoui.ma\/index.php\/boutique\/\"},{\"@type\":\"ListItem\",\"position\":3,\"name\":\"MDC TONE CORRECTOR CREME MASQUE 150 ML\"}]},{\"@type\":\"WebSite\",\"@id\":\"https:\/\/paracherkaoui.ma\/#website\",\"url\":\"https:\/\/paracherkaoui.ma\/\",\"name\":\"Paracherkaoui.ma\",\"description\":\"Achetez en ligne sur Paracherkaoui.ma\",\"potentialAction\":[{\"@type\":\"SearchAction\",\"target\":{\"@type\":\"EntryPoint\",\"urlTemplate\":\"https:\/\/paracherkaoui.ma\/?s={search_term_string}\"},\"query-input\":{\"@type\":\"PropertyValueSpecification\",\"valueRequired\":true,\"valueName\":\"search_term_string\"}}],\"inLanguage\":\"fr-FR\"}]}<\/script>\r\n<!-- \/ Yoast SEO plugin. -->","yoast_head_json":{"title":"MDC TONE CORRECTOR CREME MASQUE 150 ML - Paracherkaoui.ma","robots":{"index":"index","follow":"follow","max-snippet":"max-snippet:-1","max-image-preview":"max-image-preview:large","max-video-preview":"max-video-preview:-1"},"canonical":"https:\/\/paracherkaoui.ma\/index.php\/produit\/mdc-tone-corrector-creme-masque-150-ml\/","og_locale":"fr_FR","og_type":"article","og_title":"MDC TONE CORRECTOR CREME MASQUE 150 ML - Paracherkaoui.ma","og_description":"Le masque cr\u00e8me \u00e9claircissant Correcteur de Teint soutient la r\u00e9gulation des in\u00e9galit\u00e9s de teint de la peau et l\u2019\u00e9limination des","og_url":"https:\/\/paracherkaoui.ma\/index.php\/produit\/mdc-tone-corrector-creme-masque-150-ml\/","og_site_name":"Paracherkaoui.ma","article_modified_time":"2025-12-12T17:16:07+00:00","og_image":[{"width":700,"height":700,"url":"https:\/\/paracherkaoui.ma\/wp-content\/uploads\/2025\/12\/mdc-mdc-tone-corrector-creme-masque-150-ml-masques-visage.jpg","type":"image\/jpeg"}],"twitter_card":"summary_large_image","schema":{"@context":"https:\/\/schema.org","@graph":[{"@type":"WebPage","@id":"https:\/\/paracherkaoui.ma\/index.php\/produit\/mdc-tone-corrector-creme-masque-150-ml\/","url":"https:\/\/paracherkaoui.ma\/index.php\/produit\/mdc-tone-corrector-creme-masque-150-ml\/","name":"MDC TONE CORRECTOR CREME MASQUE 150 ML - Paracherkaoui.ma","isPartOf":{"@id":"https:\/\/paracherkaoui.ma\/#website"},"primaryImageOfPage":{"@id":"https:\/\/paracherkaoui.ma\/index.php\/produit\/mdc-tone-corrector-creme-masque-150-ml\/#primaryimage"},"image":{"@id":"https:\/\/paracherkaoui.ma\/index.php\/produit\/mdc-tone-corrector-creme-masque-150-ml\/#primaryimage"},"thumbnailUrl":"https:\/\/paracherkaoui.ma\/wp-content\/uploads\/2025\/12\/mdc-mdc-tone-corrector-creme-masque-150-ml-masques-visage.jpg","datePublished":"2025-12-12T17:16:05+00:00","dateModified":"2025-12-12T17:16:07+00:00","breadcrumb":{"@id":"https:\/\/paracherkaoui.ma\/index.php\/produit\/mdc-tone-corrector-creme-masque-150-ml\/#breadcrumb"},"inLanguage":"fr-FR","potentialAction":[{"@type":"ReadAction","target":["https:\/\/paracherkaoui.ma\/index.php\/produit\/mdc-tone-corrector-creme-masque-150-ml\/"]}]},{"@type":"ImageObject","inLanguage":"fr-FR","@id":"https:\/\/paracherkaoui.ma\/index.php\/produit\/mdc-tone-corrector-creme-masque-150-ml\/#primaryimage","url":"https:\/\/paracherkaoui.ma\/wp-content\/uploads\/2025\/12\/mdc-mdc-tone-corrector-creme-masque-150-ml-masques-visage.jpg","contentUrl":"https:\/\/paracherkaoui.ma\/wp-content\/uploads\/2025\/12\/mdc-mdc-tone-corrector-creme-masque-150-ml-masques-visage.jpg","width":700,"height":700},{"@type":"BreadcrumbList","@id":"https:\/\/paracherkaoui.ma\/index.php\/produit\/mdc-tone-corrector-creme-masque-150-ml\/#breadcrumb","itemListElement":[{"@type":"ListItem","position":1,"name":"Accueil","item":"https:\/\/paracherkaoui.ma\/"},{"@type":"ListItem","position":2,"name":"Boutique","item":"https:\/\/paracherkaoui.ma\/index.php\/boutique\/"},{"@type":"ListItem","position":3,"name":"MDC TONE CORRECTOR CREME MASQUE 150 ML"}]},{"@type":"WebSite","@id":"https:\/\/paracherkaoui.ma\/#website","url":"https:\/\/paracherkaoui.ma\/","name":"Paracherkaoui.ma","description":"Achetez en ligne sur Paracherkaoui.ma","potentialAction":[{"@type":"SearchAction","target":{"@type":"EntryPoint","urlTemplate":"https:\/\/paracherkaoui.ma\/?s={search_term_string}"},"query-input":{"@type":"PropertyValueSpecification","valueRequired":true,"valueName":"search_term_string"}}],"inLanguage":"fr-FR"}]}},"_links":{"self":[{"href":"https:\/\/paracherkaoui.ma\/index.php\/wp-json\/wp\/v2\/product\/22352","targetHints":{"allow":["GET"]}}],"collection":[{"href":"https:\/\/paracherkaoui.ma\/index.php\/wp-json\/wp\/v2\/product"}],"about":[{"href":"https:\/\/paracherkaoui.ma\/index.php\/wp-json\/wp\/v2\/types\/product"}],"replies":[{"embeddable":true,"href":"https:\/\/paracherkaoui.ma\/index.php\/wp-json\/wp\/v2\/comments?post=22352"}],"version-history":[{"count":1,"href":"https:\/\/paracherkaoui.ma\/index.php\/wp-json\/wp\/v2\/product\/22352\/revisions"}],"predecessor-version":[{"id":22376,"href":"https:\/\/paracherkaoui.ma\/index.php\/wp-json\/wp\/v2\/product\/22352\/revisions\/22376"}],"wp:featuredmedia":[{"embeddable":true,"href":"https:\/\/paracherkaoui.ma\/index.php\/wp-json\/wp\/v2\/media\/22375"}],"wp:attachment":[{"href":"https:\/\/paracherkaoui.ma\/index.php\/wp-json\/wp\/v2\/media?parent=22352"}],"wp:term":[{"taxonomy":"product_brand","embeddable":true,"href":"https:\/\/paracherkaoui.ma\/index.php\/wp-json\/wp\/v2\/product_brand?post=22352"},{"taxonomy":"product_cat","embeddable":true,"href":"https:\/\/paracherkaoui.ma\/index.php\/wp-json\/wp\/v2\/product_cat?post=22352"},{"taxonomy":"product_tag","embeddable":true,"href":"https:\/\/paracherkaoui.ma\/index.php\/wp-json\/wp\/v2\/product_tag?post=22352"}],"curies":[{"name":"wp","href":"https:\/\/api.w.org\/{rel}","templated":true}]}}