{"id":22271,"date":"2025-12-12T18:15:56","date_gmt":"2025-12-12T17:15:56","guid":{"rendered":"https:\/\/test.ecbeaute.com\/?post_type=product&#038;p=22271"},"modified":"2025-12-12T18:15:58","modified_gmt":"2025-12-12T17:15:58","slug":"novexpert-le-masque-repulp-acide-hyaluronique-50-ml","status":"publish","type":"product","link":"https:\/\/paracherkaoui.ma\/index.php\/produit\/novexpert-le-masque-repulp-acide-hyaluronique-50-ml\/","title":{"rendered":"NOVEXPERT LE MASQUE REPULP ACIDE HYALURONIQUE 50 ML"},"content":{"rendered":"<p>REPULP instantan\u00e9 :<br \/>\nSoin SOS par excellence, ce Masque est\u00a0l\u2019\u00e9tape cocoon\u00a0indispensable apr\u00e8s une exposition solaire, un s\u00e9jour au froid ou la\u00a0touche magique pour une peau repulp\u00e9e\u00a0avant une soir\u00e9e !<br \/>\nConseils d&rsquo;utlisation:<br \/>\nAppliquez de fa\u00e7on g\u00e9n\u00e9reuse sur une peau nettoy\u00e9e.\u00a0Laissez poser au moins 15 minutes. Rincez \u00e0 l\u2019eau ti\u00e8de puis terminer par de l\u2019eau froide. Ce masque est indiqu\u00e9 apr\u00e8s une exposition au soleil, au froid ou avant une soir\u00e9e \u2026 et cela aussi souvent que n\u00e9cessaire.<\/p>\n","protected":false},"excerpt":{"rendered":"<p>REPULP instantan\u00e9 : Soin SOS par excellence, ce Masque est\u00a0l\u2019\u00e9tape cocoon\u00a0indispensable apr\u00e8s une exposition solaire, un s\u00e9jour au froid ou<\/p>\n","protected":false},"featured_media":22305,"comment_status":"open","ping_status":"closed","template":"","meta":[],"product_brand":[349],"product_cat":[473],"product_tag":[],"class_list":{"0":"post-22271","1":"product","2":"type-product","3":"status-publish","4":"has-post-thumbnail","6":"product_brand-novexpert","7":"product_cat-masques-visage","9":"first","10":"instock","11":"sale","12":"shipping-taxable","13":"purchasable","14":"product-type-simple"},"yoast_head":"<!-- This site is optimized with the Yoast SEO plugin v26.6 - https:\/\/yoast.com\/wordpress\/plugins\/seo\/ -->\r\n<title>NOVEXPERT LE MASQUE REPULP ACIDE HYALURONIQUE 50 ML - Paracherkaoui.ma<\/title>\r\n<meta name=\"robots\" content=\"index, follow, max-snippet:-1, max-image-preview:large, max-video-preview:-1\" \/>\r\n<link rel=\"canonical\" href=\"https:\/\/paracherkaoui.ma\/index.php\/produit\/novexpert-le-masque-repulp-acide-hyaluronique-50-ml\/\" \/>\r\n<meta property=\"og:locale\" content=\"fr_FR\" \/>\r\n<meta property=\"og:type\" content=\"article\" \/>\r\n<meta property=\"og:title\" content=\"NOVEXPERT LE MASQUE REPULP ACIDE HYALURONIQUE 50 ML - Paracherkaoui.ma\" \/>\r\n<meta property=\"og:description\" content=\"REPULP instantan\u00e9 : Soin SOS par excellence, ce Masque est\u00a0l\u2019\u00e9tape cocoon\u00a0indispensable apr\u00e8s une exposition solaire, un s\u00e9jour au froid ou\" \/>\r\n<meta property=\"og:url\" content=\"https:\/\/paracherkaoui.ma\/index.php\/produit\/novexpert-le-masque-repulp-acide-hyaluronique-50-ml\/\" \/>\r\n<meta property=\"og:site_name\" content=\"Paracherkaoui.ma\" \/>\r\n<meta property=\"article:modified_time\" content=\"2025-12-12T17:15:58+00:00\" \/>\r\n<meta property=\"og:image\" content=\"https:\/\/paracherkaoui.ma\/wp-content\/uploads\/2025\/12\/novexpert-novexpert-le-masque-repulp-acide-hyaluronique-50-ml-masques-et-gommages.jpg\" \/>\r\n\t<meta property=\"og:image:width\" content=\"700\" \/>\r\n\t<meta property=\"og:image:height\" content=\"700\" \/>\r\n\t<meta property=\"og:image:type\" content=\"image\/jpeg\" \/>\r\n<meta name=\"twitter:card\" content=\"summary_large_image\" \/>\r\n<script type=\"application\/ld+json\" class=\"yoast-schema-graph\">{\"@context\":\"https:\/\/schema.org\",\"@graph\":[{\"@type\":\"WebPage\",\"@id\":\"https:\/\/paracherkaoui.ma\/index.php\/produit\/novexpert-le-masque-repulp-acide-hyaluronique-50-ml\/\",\"url\":\"https:\/\/paracherkaoui.ma\/index.php\/produit\/novexpert-le-masque-repulp-acide-hyaluronique-50-ml\/\",\"name\":\"NOVEXPERT LE MASQUE REPULP ACIDE HYALURONIQUE 50 ML - Paracherkaoui.ma\",\"isPartOf\":{\"@id\":\"https:\/\/paracherkaoui.ma\/#website\"},\"primaryImageOfPage\":{\"@id\":\"https:\/\/paracherkaoui.ma\/index.php\/produit\/novexpert-le-masque-repulp-acide-hyaluronique-50-ml\/#primaryimage\"},\"image\":{\"@id\":\"https:\/\/paracherkaoui.ma\/index.php\/produit\/novexpert-le-masque-repulp-acide-hyaluronique-50-ml\/#primaryimage\"},\"thumbnailUrl\":\"https:\/\/paracherkaoui.ma\/wp-content\/uploads\/2025\/12\/novexpert-novexpert-le-masque-repulp-acide-hyaluronique-50-ml-masques-et-gommages.jpg\",\"datePublished\":\"2025-12-12T17:15:56+00:00\",\"dateModified\":\"2025-12-12T17:15:58+00:00\",\"breadcrumb\":{\"@id\":\"https:\/\/paracherkaoui.ma\/index.php\/produit\/novexpert-le-masque-repulp-acide-hyaluronique-50-ml\/#breadcrumb\"},\"inLanguage\":\"fr-FR\",\"potentialAction\":[{\"@type\":\"ReadAction\",\"target\":[\"https:\/\/paracherkaoui.ma\/index.php\/produit\/novexpert-le-masque-repulp-acide-hyaluronique-50-ml\/\"]}]},{\"@type\":\"ImageObject\",\"inLanguage\":\"fr-FR\",\"@id\":\"https:\/\/paracherkaoui.ma\/index.php\/produit\/novexpert-le-masque-repulp-acide-hyaluronique-50-ml\/#primaryimage\",\"url\":\"https:\/\/paracherkaoui.ma\/wp-content\/uploads\/2025\/12\/novexpert-novexpert-le-masque-repulp-acide-hyaluronique-50-ml-masques-et-gommages.jpg\",\"contentUrl\":\"https:\/\/paracherkaoui.ma\/wp-content\/uploads\/2025\/12\/novexpert-novexpert-le-masque-repulp-acide-hyaluronique-50-ml-masques-et-gommages.jpg\",\"width\":700,\"height\":700},{\"@type\":\"BreadcrumbList\",\"@id\":\"https:\/\/paracherkaoui.ma\/index.php\/produit\/novexpert-le-masque-repulp-acide-hyaluronique-50-ml\/#breadcrumb\",\"itemListElement\":[{\"@type\":\"ListItem\",\"position\":1,\"name\":\"Accueil\",\"item\":\"https:\/\/paracherkaoui.ma\/\"},{\"@type\":\"ListItem\",\"position\":2,\"name\":\"Boutique\",\"item\":\"https:\/\/paracherkaoui.ma\/index.php\/boutique\/\"},{\"@type\":\"ListItem\",\"position\":3,\"name\":\"NOVEXPERT LE MASQUE REPULP ACIDE HYALURONIQUE 50 ML\"}]},{\"@type\":\"WebSite\",\"@id\":\"https:\/\/paracherkaoui.ma\/#website\",\"url\":\"https:\/\/paracherkaoui.ma\/\",\"name\":\"Paracherkaoui.ma\",\"description\":\"Achetez en ligne sur Paracherkaoui.ma\",\"potentialAction\":[{\"@type\":\"SearchAction\",\"target\":{\"@type\":\"EntryPoint\",\"urlTemplate\":\"https:\/\/paracherkaoui.ma\/?s={search_term_string}\"},\"query-input\":{\"@type\":\"PropertyValueSpecification\",\"valueRequired\":true,\"valueName\":\"search_term_string\"}}],\"inLanguage\":\"fr-FR\"}]}<\/script>\r\n<!-- \/ Yoast SEO plugin. -->","yoast_head_json":{"title":"NOVEXPERT LE MASQUE REPULP ACIDE HYALURONIQUE 50 ML - Paracherkaoui.ma","robots":{"index":"index","follow":"follow","max-snippet":"max-snippet:-1","max-image-preview":"max-image-preview:large","max-video-preview":"max-video-preview:-1"},"canonical":"https:\/\/paracherkaoui.ma\/index.php\/produit\/novexpert-le-masque-repulp-acide-hyaluronique-50-ml\/","og_locale":"fr_FR","og_type":"article","og_title":"NOVEXPERT LE MASQUE REPULP ACIDE HYALURONIQUE 50 ML - Paracherkaoui.ma","og_description":"REPULP instantan\u00e9 : Soin SOS par excellence, ce Masque est\u00a0l\u2019\u00e9tape cocoon\u00a0indispensable apr\u00e8s une exposition solaire, un s\u00e9jour au froid ou","og_url":"https:\/\/paracherkaoui.ma\/index.php\/produit\/novexpert-le-masque-repulp-acide-hyaluronique-50-ml\/","og_site_name":"Paracherkaoui.ma","article_modified_time":"2025-12-12T17:15:58+00:00","og_image":[{"width":700,"height":700,"url":"https:\/\/paracherkaoui.ma\/wp-content\/uploads\/2025\/12\/novexpert-novexpert-le-masque-repulp-acide-hyaluronique-50-ml-masques-et-gommages.jpg","type":"image\/jpeg"}],"twitter_card":"summary_large_image","schema":{"@context":"https:\/\/schema.org","@graph":[{"@type":"WebPage","@id":"https:\/\/paracherkaoui.ma\/index.php\/produit\/novexpert-le-masque-repulp-acide-hyaluronique-50-ml\/","url":"https:\/\/paracherkaoui.ma\/index.php\/produit\/novexpert-le-masque-repulp-acide-hyaluronique-50-ml\/","name":"NOVEXPERT LE MASQUE REPULP ACIDE HYALURONIQUE 50 ML - Paracherkaoui.ma","isPartOf":{"@id":"https:\/\/paracherkaoui.ma\/#website"},"primaryImageOfPage":{"@id":"https:\/\/paracherkaoui.ma\/index.php\/produit\/novexpert-le-masque-repulp-acide-hyaluronique-50-ml\/#primaryimage"},"image":{"@id":"https:\/\/paracherkaoui.ma\/index.php\/produit\/novexpert-le-masque-repulp-acide-hyaluronique-50-ml\/#primaryimage"},"thumbnailUrl":"https:\/\/paracherkaoui.ma\/wp-content\/uploads\/2025\/12\/novexpert-novexpert-le-masque-repulp-acide-hyaluronique-50-ml-masques-et-gommages.jpg","datePublished":"2025-12-12T17:15:56+00:00","dateModified":"2025-12-12T17:15:58+00:00","breadcrumb":{"@id":"https:\/\/paracherkaoui.ma\/index.php\/produit\/novexpert-le-masque-repulp-acide-hyaluronique-50-ml\/#breadcrumb"},"inLanguage":"fr-FR","potentialAction":[{"@type":"ReadAction","target":["https:\/\/paracherkaoui.ma\/index.php\/produit\/novexpert-le-masque-repulp-acide-hyaluronique-50-ml\/"]}]},{"@type":"ImageObject","inLanguage":"fr-FR","@id":"https:\/\/paracherkaoui.ma\/index.php\/produit\/novexpert-le-masque-repulp-acide-hyaluronique-50-ml\/#primaryimage","url":"https:\/\/paracherkaoui.ma\/wp-content\/uploads\/2025\/12\/novexpert-novexpert-le-masque-repulp-acide-hyaluronique-50-ml-masques-et-gommages.jpg","contentUrl":"https:\/\/paracherkaoui.ma\/wp-content\/uploads\/2025\/12\/novexpert-novexpert-le-masque-repulp-acide-hyaluronique-50-ml-masques-et-gommages.jpg","width":700,"height":700},{"@type":"BreadcrumbList","@id":"https:\/\/paracherkaoui.ma\/index.php\/produit\/novexpert-le-masque-repulp-acide-hyaluronique-50-ml\/#breadcrumb","itemListElement":[{"@type":"ListItem","position":1,"name":"Accueil","item":"https:\/\/paracherkaoui.ma\/"},{"@type":"ListItem","position":2,"name":"Boutique","item":"https:\/\/paracherkaoui.ma\/index.php\/boutique\/"},{"@type":"ListItem","position":3,"name":"NOVEXPERT LE MASQUE REPULP ACIDE HYALURONIQUE 50 ML"}]},{"@type":"WebSite","@id":"https:\/\/paracherkaoui.ma\/#website","url":"https:\/\/paracherkaoui.ma\/","name":"Paracherkaoui.ma","description":"Achetez en ligne sur Paracherkaoui.ma","potentialAction":[{"@type":"SearchAction","target":{"@type":"EntryPoint","urlTemplate":"https:\/\/paracherkaoui.ma\/?s={search_term_string}"},"query-input":{"@type":"PropertyValueSpecification","valueRequired":true,"valueName":"search_term_string"}}],"inLanguage":"fr-FR"}]}},"_links":{"self":[{"href":"https:\/\/paracherkaoui.ma\/index.php\/wp-json\/wp\/v2\/product\/22271","targetHints":{"allow":["GET"]}}],"collection":[{"href":"https:\/\/paracherkaoui.ma\/index.php\/wp-json\/wp\/v2\/product"}],"about":[{"href":"https:\/\/paracherkaoui.ma\/index.php\/wp-json\/wp\/v2\/types\/product"}],"replies":[{"embeddable":true,"href":"https:\/\/paracherkaoui.ma\/index.php\/wp-json\/wp\/v2\/comments?post=22271"}],"version-history":[{"count":1,"href":"https:\/\/paracherkaoui.ma\/index.php\/wp-json\/wp\/v2\/product\/22271\/revisions"}],"predecessor-version":[{"id":22306,"href":"https:\/\/paracherkaoui.ma\/index.php\/wp-json\/wp\/v2\/product\/22271\/revisions\/22306"}],"wp:featuredmedia":[{"embeddable":true,"href":"https:\/\/paracherkaoui.ma\/index.php\/wp-json\/wp\/v2\/media\/22305"}],"wp:attachment":[{"href":"https:\/\/paracherkaoui.ma\/index.php\/wp-json\/wp\/v2\/media?parent=22271"}],"wp:term":[{"taxonomy":"product_brand","embeddable":true,"href":"https:\/\/paracherkaoui.ma\/index.php\/wp-json\/wp\/v2\/product_brand?post=22271"},{"taxonomy":"product_cat","embeddable":true,"href":"https:\/\/paracherkaoui.ma\/index.php\/wp-json\/wp\/v2\/product_cat?post=22271"},{"taxonomy":"product_tag","embeddable":true,"href":"https:\/\/paracherkaoui.ma\/index.php\/wp-json\/wp\/v2\/product_tag?post=22271"}],"curies":[{"name":"wp","href":"https:\/\/api.w.org\/{rel}","templated":true}]}}