{"id":22268,"date":"2025-12-12T18:15:56","date_gmt":"2025-12-12T17:15:56","guid":{"rendered":"https:\/\/test.ecbeaute.com\/?post_type=product&#038;p=22268"},"modified":"2025-12-12T18:15:58","modified_gmt":"2025-12-12T17:15:58","slug":"novexpert-la-gamme-magnesium-le-masque-detox-a-la-creme-dargile-rose-75ml","status":"publish","type":"product","link":"https:\/\/paracherkaoui.ma\/index.php\/produit\/novexpert-la-gamme-magnesium-le-masque-detox-a-la-creme-dargile-rose-75ml\/","title":{"rendered":"NOVEXPERT LA GAMME MAGN\u00c9SIUM LE MASQUE DETOX A LA CREME D&rsquo;ARGILE ROSE 75ML"},"content":{"rendered":"<p>D\u00e9tox en 10 min chrono m\u00eame pour les peaux s\u00e8ches et sensibles<br \/>\nConseils d&rsquo;utilisation:<br \/>\nAdapter le r\u00e9gime D\u00c9TOX \u00e0 votre peau en laissant poser :\u00a015 min pour les peaux grasses, mixtes ou normales. 10 min pour les peaux s\u00e8ches. Rincez \u00e0 l\u2019eau ti\u00e8de puis finir avec un jet d\u2019eau froide.<br \/>\nFr\u00e9quence d\u2019utilisation : 1 \u00e0 2 fois par semaine.<br \/>\nPour accro\u00eetre l\u2019efficacit\u00e9 du Masque\u00a0D\u00e9tox, pratiquez juste avant son application, une activit\u00e9 sportive intense et sup\u00e9rieure \u00e0 30 minutes qui provoque une forte sudation. A d\u00e9faut, le sauna peut \u00eatre \u00e9galement indiqu\u00e9 \u00e0 la place de l\u2019exercice physique.<\/p>\n","protected":false},"excerpt":{"rendered":"<p>D\u00e9tox en 10 min chrono m\u00eame pour les peaux s\u00e8ches et sensibles Conseils d&rsquo;utilisation: Adapter le r\u00e9gime D\u00c9TOX \u00e0 votre<\/p>\n","protected":false},"featured_media":22300,"comment_status":"open","ping_status":"closed","template":"","meta":[],"product_brand":[349],"product_cat":[473],"product_tag":[],"class_list":{"0":"post-22268","1":"product","2":"type-product","3":"status-publish","4":"has-post-thumbnail","6":"product_brand-novexpert","7":"product_cat-masques-visage","9":"first","10":"instock","11":"sale","12":"shipping-taxable","13":"purchasable","14":"product-type-simple"},"yoast_head":"<!-- This site is optimized with the Yoast SEO plugin v26.6 - https:\/\/yoast.com\/wordpress\/plugins\/seo\/ -->\r\n<title>NOVEXPERT LA GAMME MAGN\u00c9SIUM LE MASQUE DETOX A LA CREME D&#039;ARGILE ROSE 75ML - Paracherkaoui.ma<\/title>\r\n<meta name=\"robots\" content=\"index, follow, max-snippet:-1, max-image-preview:large, max-video-preview:-1\" \/>\r\n<link rel=\"canonical\" href=\"https:\/\/paracherkaoui.ma\/index.php\/produit\/novexpert-la-gamme-magnesium-le-masque-detox-a-la-creme-dargile-rose-75ml\/\" \/>\r\n<meta property=\"og:locale\" content=\"fr_FR\" \/>\r\n<meta property=\"og:type\" content=\"article\" \/>\r\n<meta property=\"og:title\" content=\"NOVEXPERT LA GAMME MAGN\u00c9SIUM LE MASQUE DETOX A LA CREME D&#039;ARGILE ROSE 75ML - Paracherkaoui.ma\" \/>\r\n<meta property=\"og:description\" content=\"D\u00e9tox en 10 min chrono m\u00eame pour les peaux s\u00e8ches et sensibles Conseils d&rsquo;utilisation: Adapter le r\u00e9gime D\u00c9TOX \u00e0 votre\" \/>\r\n<meta property=\"og:url\" content=\"https:\/\/paracherkaoui.ma\/index.php\/produit\/novexpert-la-gamme-magnesium-le-masque-detox-a-la-creme-dargile-rose-75ml\/\" \/>\r\n<meta property=\"og:site_name\" content=\"Paracherkaoui.ma\" \/>\r\n<meta property=\"article:modified_time\" content=\"2025-12-12T17:15:58+00:00\" \/>\r\n<meta property=\"og:image\" content=\"https:\/\/paracherkaoui.ma\/wp-content\/uploads\/2025\/12\/novexpert-la-gamme-magnesium-le-masque-detox-a-la-creme-d-argile-rose-75ml.jpg\" \/>\r\n\t<meta property=\"og:image:width\" content=\"700\" \/>\r\n\t<meta property=\"og:image:height\" content=\"700\" \/>\r\n\t<meta property=\"og:image:type\" content=\"image\/jpeg\" \/>\r\n<meta name=\"twitter:card\" content=\"summary_large_image\" \/>\r\n<meta name=\"twitter:label1\" content=\"Dur\u00e9e de lecture estim\u00e9e\" \/>\n\t<meta name=\"twitter:data1\" content=\"1 minute\" \/>\r\n<script type=\"application\/ld+json\" class=\"yoast-schema-graph\">{\"@context\":\"https:\/\/schema.org\",\"@graph\":[{\"@type\":\"WebPage\",\"@id\":\"https:\/\/paracherkaoui.ma\/index.php\/produit\/novexpert-la-gamme-magnesium-le-masque-detox-a-la-creme-dargile-rose-75ml\/\",\"url\":\"https:\/\/paracherkaoui.ma\/index.php\/produit\/novexpert-la-gamme-magnesium-le-masque-detox-a-la-creme-dargile-rose-75ml\/\",\"name\":\"NOVEXPERT LA GAMME MAGN\u00c9SIUM LE MASQUE DETOX A LA CREME D'ARGILE ROSE 75ML - Paracherkaoui.ma\",\"isPartOf\":{\"@id\":\"https:\/\/paracherkaoui.ma\/#website\"},\"primaryImageOfPage\":{\"@id\":\"https:\/\/paracherkaoui.ma\/index.php\/produit\/novexpert-la-gamme-magnesium-le-masque-detox-a-la-creme-dargile-rose-75ml\/#primaryimage\"},\"image\":{\"@id\":\"https:\/\/paracherkaoui.ma\/index.php\/produit\/novexpert-la-gamme-magnesium-le-masque-detox-a-la-creme-dargile-rose-75ml\/#primaryimage\"},\"thumbnailUrl\":\"https:\/\/paracherkaoui.ma\/wp-content\/uploads\/2025\/12\/novexpert-la-gamme-magnesium-le-masque-detox-a-la-creme-d-argile-rose-75ml.jpg\",\"datePublished\":\"2025-12-12T17:15:56+00:00\",\"dateModified\":\"2025-12-12T17:15:58+00:00\",\"breadcrumb\":{\"@id\":\"https:\/\/paracherkaoui.ma\/index.php\/produit\/novexpert-la-gamme-magnesium-le-masque-detox-a-la-creme-dargile-rose-75ml\/#breadcrumb\"},\"inLanguage\":\"fr-FR\",\"potentialAction\":[{\"@type\":\"ReadAction\",\"target\":[\"https:\/\/paracherkaoui.ma\/index.php\/produit\/novexpert-la-gamme-magnesium-le-masque-detox-a-la-creme-dargile-rose-75ml\/\"]}]},{\"@type\":\"ImageObject\",\"inLanguage\":\"fr-FR\",\"@id\":\"https:\/\/paracherkaoui.ma\/index.php\/produit\/novexpert-la-gamme-magnesium-le-masque-detox-a-la-creme-dargile-rose-75ml\/#primaryimage\",\"url\":\"https:\/\/paracherkaoui.ma\/wp-content\/uploads\/2025\/12\/novexpert-la-gamme-magnesium-le-masque-detox-a-la-creme-d-argile-rose-75ml.jpg\",\"contentUrl\":\"https:\/\/paracherkaoui.ma\/wp-content\/uploads\/2025\/12\/novexpert-la-gamme-magnesium-le-masque-detox-a-la-creme-d-argile-rose-75ml.jpg\",\"width\":700,\"height\":700},{\"@type\":\"BreadcrumbList\",\"@id\":\"https:\/\/paracherkaoui.ma\/index.php\/produit\/novexpert-la-gamme-magnesium-le-masque-detox-a-la-creme-dargile-rose-75ml\/#breadcrumb\",\"itemListElement\":[{\"@type\":\"ListItem\",\"position\":1,\"name\":\"Accueil\",\"item\":\"https:\/\/paracherkaoui.ma\/\"},{\"@type\":\"ListItem\",\"position\":2,\"name\":\"Boutique\",\"item\":\"https:\/\/paracherkaoui.ma\/index.php\/boutique\/\"},{\"@type\":\"ListItem\",\"position\":3,\"name\":\"NOVEXPERT LA GAMME MAGN\u00c9SIUM LE MASQUE DETOX A LA CREME D&rsquo;ARGILE ROSE 75ML\"}]},{\"@type\":\"WebSite\",\"@id\":\"https:\/\/paracherkaoui.ma\/#website\",\"url\":\"https:\/\/paracherkaoui.ma\/\",\"name\":\"Paracherkaoui.ma\",\"description\":\"Achetez en ligne sur Paracherkaoui.ma\",\"potentialAction\":[{\"@type\":\"SearchAction\",\"target\":{\"@type\":\"EntryPoint\",\"urlTemplate\":\"https:\/\/paracherkaoui.ma\/?s={search_term_string}\"},\"query-input\":{\"@type\":\"PropertyValueSpecification\",\"valueRequired\":true,\"valueName\":\"search_term_string\"}}],\"inLanguage\":\"fr-FR\"}]}<\/script>\r\n<!-- \/ Yoast SEO plugin. -->","yoast_head_json":{"title":"NOVEXPERT LA GAMME MAGN\u00c9SIUM LE MASQUE DETOX A LA CREME D'ARGILE ROSE 75ML - Paracherkaoui.ma","robots":{"index":"index","follow":"follow","max-snippet":"max-snippet:-1","max-image-preview":"max-image-preview:large","max-video-preview":"max-video-preview:-1"},"canonical":"https:\/\/paracherkaoui.ma\/index.php\/produit\/novexpert-la-gamme-magnesium-le-masque-detox-a-la-creme-dargile-rose-75ml\/","og_locale":"fr_FR","og_type":"article","og_title":"NOVEXPERT LA GAMME MAGN\u00c9SIUM LE MASQUE DETOX A LA CREME D'ARGILE ROSE 75ML - Paracherkaoui.ma","og_description":"D\u00e9tox en 10 min chrono m\u00eame pour les peaux s\u00e8ches et sensibles Conseils d&rsquo;utilisation: Adapter le r\u00e9gime D\u00c9TOX \u00e0 votre","og_url":"https:\/\/paracherkaoui.ma\/index.php\/produit\/novexpert-la-gamme-magnesium-le-masque-detox-a-la-creme-dargile-rose-75ml\/","og_site_name":"Paracherkaoui.ma","article_modified_time":"2025-12-12T17:15:58+00:00","og_image":[{"width":700,"height":700,"url":"https:\/\/paracherkaoui.ma\/wp-content\/uploads\/2025\/12\/novexpert-la-gamme-magnesium-le-masque-detox-a-la-creme-d-argile-rose-75ml.jpg","type":"image\/jpeg"}],"twitter_card":"summary_large_image","twitter_misc":{"Dur\u00e9e de lecture estim\u00e9e":"1 minute"},"schema":{"@context":"https:\/\/schema.org","@graph":[{"@type":"WebPage","@id":"https:\/\/paracherkaoui.ma\/index.php\/produit\/novexpert-la-gamme-magnesium-le-masque-detox-a-la-creme-dargile-rose-75ml\/","url":"https:\/\/paracherkaoui.ma\/index.php\/produit\/novexpert-la-gamme-magnesium-le-masque-detox-a-la-creme-dargile-rose-75ml\/","name":"NOVEXPERT LA GAMME MAGN\u00c9SIUM LE MASQUE DETOX A LA CREME D'ARGILE ROSE 75ML - Paracherkaoui.ma","isPartOf":{"@id":"https:\/\/paracherkaoui.ma\/#website"},"primaryImageOfPage":{"@id":"https:\/\/paracherkaoui.ma\/index.php\/produit\/novexpert-la-gamme-magnesium-le-masque-detox-a-la-creme-dargile-rose-75ml\/#primaryimage"},"image":{"@id":"https:\/\/paracherkaoui.ma\/index.php\/produit\/novexpert-la-gamme-magnesium-le-masque-detox-a-la-creme-dargile-rose-75ml\/#primaryimage"},"thumbnailUrl":"https:\/\/paracherkaoui.ma\/wp-content\/uploads\/2025\/12\/novexpert-la-gamme-magnesium-le-masque-detox-a-la-creme-d-argile-rose-75ml.jpg","datePublished":"2025-12-12T17:15:56+00:00","dateModified":"2025-12-12T17:15:58+00:00","breadcrumb":{"@id":"https:\/\/paracherkaoui.ma\/index.php\/produit\/novexpert-la-gamme-magnesium-le-masque-detox-a-la-creme-dargile-rose-75ml\/#breadcrumb"},"inLanguage":"fr-FR","potentialAction":[{"@type":"ReadAction","target":["https:\/\/paracherkaoui.ma\/index.php\/produit\/novexpert-la-gamme-magnesium-le-masque-detox-a-la-creme-dargile-rose-75ml\/"]}]},{"@type":"ImageObject","inLanguage":"fr-FR","@id":"https:\/\/paracherkaoui.ma\/index.php\/produit\/novexpert-la-gamme-magnesium-le-masque-detox-a-la-creme-dargile-rose-75ml\/#primaryimage","url":"https:\/\/paracherkaoui.ma\/wp-content\/uploads\/2025\/12\/novexpert-la-gamme-magnesium-le-masque-detox-a-la-creme-d-argile-rose-75ml.jpg","contentUrl":"https:\/\/paracherkaoui.ma\/wp-content\/uploads\/2025\/12\/novexpert-la-gamme-magnesium-le-masque-detox-a-la-creme-d-argile-rose-75ml.jpg","width":700,"height":700},{"@type":"BreadcrumbList","@id":"https:\/\/paracherkaoui.ma\/index.php\/produit\/novexpert-la-gamme-magnesium-le-masque-detox-a-la-creme-dargile-rose-75ml\/#breadcrumb","itemListElement":[{"@type":"ListItem","position":1,"name":"Accueil","item":"https:\/\/paracherkaoui.ma\/"},{"@type":"ListItem","position":2,"name":"Boutique","item":"https:\/\/paracherkaoui.ma\/index.php\/boutique\/"},{"@type":"ListItem","position":3,"name":"NOVEXPERT LA GAMME MAGN\u00c9SIUM LE MASQUE DETOX A LA CREME D&rsquo;ARGILE ROSE 75ML"}]},{"@type":"WebSite","@id":"https:\/\/paracherkaoui.ma\/#website","url":"https:\/\/paracherkaoui.ma\/","name":"Paracherkaoui.ma","description":"Achetez en ligne sur Paracherkaoui.ma","potentialAction":[{"@type":"SearchAction","target":{"@type":"EntryPoint","urlTemplate":"https:\/\/paracherkaoui.ma\/?s={search_term_string}"},"query-input":{"@type":"PropertyValueSpecification","valueRequired":true,"valueName":"search_term_string"}}],"inLanguage":"fr-FR"}]}},"_links":{"self":[{"href":"https:\/\/paracherkaoui.ma\/index.php\/wp-json\/wp\/v2\/product\/22268","targetHints":{"allow":["GET"]}}],"collection":[{"href":"https:\/\/paracherkaoui.ma\/index.php\/wp-json\/wp\/v2\/product"}],"about":[{"href":"https:\/\/paracherkaoui.ma\/index.php\/wp-json\/wp\/v2\/types\/product"}],"replies":[{"embeddable":true,"href":"https:\/\/paracherkaoui.ma\/index.php\/wp-json\/wp\/v2\/comments?post=22268"}],"version-history":[{"count":1,"href":"https:\/\/paracherkaoui.ma\/index.php\/wp-json\/wp\/v2\/product\/22268\/revisions"}],"predecessor-version":[{"id":22301,"href":"https:\/\/paracherkaoui.ma\/index.php\/wp-json\/wp\/v2\/product\/22268\/revisions\/22301"}],"wp:featuredmedia":[{"embeddable":true,"href":"https:\/\/paracherkaoui.ma\/index.php\/wp-json\/wp\/v2\/media\/22300"}],"wp:attachment":[{"href":"https:\/\/paracherkaoui.ma\/index.php\/wp-json\/wp\/v2\/media?parent=22268"}],"wp:term":[{"taxonomy":"product_brand","embeddable":true,"href":"https:\/\/paracherkaoui.ma\/index.php\/wp-json\/wp\/v2\/product_brand?post=22268"},{"taxonomy":"product_cat","embeddable":true,"href":"https:\/\/paracherkaoui.ma\/index.php\/wp-json\/wp\/v2\/product_cat?post=22268"},{"taxonomy":"product_tag","embeddable":true,"href":"https:\/\/paracherkaoui.ma\/index.php\/wp-json\/wp\/v2\/product_tag?post=22268"}],"curies":[{"name":"wp","href":"https:\/\/api.w.org\/{rel}","templated":true}]}}