{"id":22205,"date":"2025-12-12T18:15:48","date_gmt":"2025-12-12T17:15:48","guid":{"rendered":"https:\/\/test.ecbeaute.com\/?post_type=product&#038;p=22205"},"modified":"2025-12-12T18:15:54","modified_gmt":"2025-12-12T17:15:54","slug":"caudalie-vinohydra-masque-creme-hydratant-75-ml","status":"publish","type":"product","link":"https:\/\/paracherkaoui.ma\/index.php\/produit\/caudalie-vinohydra-masque-creme-hydratant-75-ml\/","title":{"rendered":"CAUDALIE VINOHYDRA MASQUE CREME HYDRATANT 75 ML"},"content":{"rendered":"<p>Transformez votre routine de soins avec le Masque-Cr\u00e8me Hydratant VinoHydra, un soin ultra-hydratant con\u00e7u pour nourrir et apaiser les peaux s\u00e8ches, m\u00eame les plus sensibles. Offrez \u00e0 votre peau un v\u00e9ritable bain d\u2019hydratation en un seul geste et d\u00e9couvrez une peau plus douce, plus souple et durablement prot\u00e9g\u00e9e contre la d\u00e9shydratation.<br \/>\nNourrit et Apaise Instantan\u00e9ment<br \/>\nLa formule riche et onctueuse du Masque-Cr\u00e8me Hydratant VinoHydra p\u00e9n\u00e8tre en profondeur pour apporter une hydratation intense et imm\u00e9diate. En quelques minutes seulement, ce masque-cr\u00e8me r\u00e9conforte les peaux dess\u00e9ch\u00e9es et irrit\u00e9es, leur apportant les nutriments essentiels pour retrouver confort et souplesse.<br \/>\nUn Soin Polyvalent et Efficace<br \/>\nCe masque-cr\u00e8me s\u2019adapte \u00e0 toutes les routines beaut\u00e9 et peut \u00eatre utilis\u00e9 de diff\u00e9rentes mani\u00e8res selon vos besoins. Appliquez-le g\u00e9n\u00e9reusement comme un masque traditionnel et laissez agir pendant 10 \u00e0 15 minutes pour un soin intensif. Pour une hydratation continue, utilisez-le en fine couche comme une cr\u00e8me de nuit et r\u00e9veillez-vous avec une peau parfaitement hydrat\u00e9e et r\u00e9g\u00e9n\u00e9r\u00e9e.<br \/>\nProt\u00e8ge Durablement Contre la D\u00e9shydratation<br \/>\nGr\u00e2ce \u00e0 sa formule avanc\u00e9e, le Masque-Cr\u00e8me Hydratant VinoHydra cr\u00e9e une barri\u00e8re protectrice qui pr\u00e9vient la perte d\u2019eau et renforce la fonction barri\u00e8re de la peau. Votre peau est ainsi prot\u00e9g\u00e9e des agressions ext\u00e9rieures et reste hydrat\u00e9e tout au long de la journ\u00e9e.<br \/>\nComposition:<br \/>\naqua\/water\/eau, vitis vinifera (grape) fruit water, glycerin, triheptanoin, polyglyceryl-3 distearate, simmondsia chinensis (jojoba) seed oil, squalane, myristyl myristate, pentylene glycol, vitis vinifera (grape) seed oil, glyceryl stearate, sodium acrylate\/sodium acryloyldimethyl taurate copolymer, silica, palmitoyl grape seed extract, c15-19 alkane, potassium cetyl phosphate, glyceryl stearate citrate, vitis vinifera (grape) juice, centella asiatica extract, helianthus annuus (sunflower) seed oil, polyglyceryl-6 laurate, tocopherol, sodium dehydroacetate, citric acid, polyglycerin-6, sodium carboxymethyl beta-glucan, sorbitan oleate, sorbitan isostearate, sodium phytate, sodium benzoate, potassium sorbate, parfum (fragrance).(271\/021)<br \/>\nConseils d&rsquo;utilisation:<br \/>\nAppliquer le Masque-Cr\u00e8me Hydratant Vino-Hydra 2 fois par semaine sur une peau parfaitement nettoy\u00e9e. Laisser poser 10 minutes puis retirer l\u2019exc\u00e9dent sans rincer.<\/p>\n","protected":false},"excerpt":{"rendered":"<p>Transformez votre routine de soins avec le Masque-Cr\u00e8me Hydratant VinoHydra, un soin ultra-hydratant con\u00e7u pour nourrir et apaiser les peaux<\/p>\n","protected":false},"featured_media":22242,"comment_status":"open","ping_status":"closed","template":"","meta":[],"product_brand":[358],"product_cat":[473],"product_tag":[],"class_list":{"0":"post-22205","1":"product","2":"type-product","3":"status-publish","4":"has-post-thumbnail","6":"product_brand-caudalie","7":"product_cat-masques-visage","9":"first","10":"instock","11":"shipping-taxable","12":"purchasable","13":"product-type-simple"},"yoast_head":"<!-- This site is optimized with the Yoast SEO plugin v26.6 - https:\/\/yoast.com\/wordpress\/plugins\/seo\/ -->\r\n<title>CAUDALIE VINOHYDRA MASQUE CREME HYDRATANT 75 ML - Paracherkaoui.ma<\/title>\r\n<meta name=\"robots\" content=\"index, follow, max-snippet:-1, max-image-preview:large, max-video-preview:-1\" \/>\r\n<link rel=\"canonical\" href=\"https:\/\/paracherkaoui.ma\/index.php\/produit\/caudalie-vinohydra-masque-creme-hydratant-75-ml\/\" \/>\r\n<meta property=\"og:locale\" content=\"fr_FR\" \/>\r\n<meta property=\"og:type\" content=\"article\" \/>\r\n<meta property=\"og:title\" content=\"CAUDALIE VINOHYDRA MASQUE CREME HYDRATANT 75 ML - Paracherkaoui.ma\" \/>\r\n<meta property=\"og:description\" content=\"Transformez votre routine de soins avec le Masque-Cr\u00e8me Hydratant VinoHydra, un soin ultra-hydratant con\u00e7u pour nourrir et apaiser les peaux\" \/>\r\n<meta property=\"og:url\" content=\"https:\/\/paracherkaoui.ma\/index.php\/produit\/caudalie-vinohydra-masque-creme-hydratant-75-ml\/\" \/>\r\n<meta property=\"og:site_name\" content=\"Paracherkaoui.ma\" \/>\r\n<meta property=\"article:modified_time\" content=\"2025-12-12T17:15:54+00:00\" \/>\r\n<meta property=\"og:image\" content=\"https:\/\/paracherkaoui.ma\/wp-content\/uploads\/2025\/12\/caudalie-caudalie-vinohydra-masque-creme-hydratant-75-ml-masques-visage.jpg\" \/>\r\n\t<meta property=\"og:image:width\" content=\"700\" \/>\r\n\t<meta property=\"og:image:height\" content=\"700\" \/>\r\n\t<meta property=\"og:image:type\" content=\"image\/jpeg\" \/>\r\n<meta name=\"twitter:card\" content=\"summary_large_image\" \/>\r\n<meta name=\"twitter:label1\" content=\"Dur\u00e9e de lecture estim\u00e9e\" \/>\n\t<meta name=\"twitter:data1\" content=\"2 minutes\" \/>\r\n<script type=\"application\/ld+json\" class=\"yoast-schema-graph\">{\"@context\":\"https:\/\/schema.org\",\"@graph\":[{\"@type\":\"WebPage\",\"@id\":\"https:\/\/paracherkaoui.ma\/index.php\/produit\/caudalie-vinohydra-masque-creme-hydratant-75-ml\/\",\"url\":\"https:\/\/paracherkaoui.ma\/index.php\/produit\/caudalie-vinohydra-masque-creme-hydratant-75-ml\/\",\"name\":\"CAUDALIE VINOHYDRA MASQUE CREME HYDRATANT 75 ML - Paracherkaoui.ma\",\"isPartOf\":{\"@id\":\"https:\/\/paracherkaoui.ma\/#website\"},\"primaryImageOfPage\":{\"@id\":\"https:\/\/paracherkaoui.ma\/index.php\/produit\/caudalie-vinohydra-masque-creme-hydratant-75-ml\/#primaryimage\"},\"image\":{\"@id\":\"https:\/\/paracherkaoui.ma\/index.php\/produit\/caudalie-vinohydra-masque-creme-hydratant-75-ml\/#primaryimage\"},\"thumbnailUrl\":\"https:\/\/paracherkaoui.ma\/wp-content\/uploads\/2025\/12\/caudalie-caudalie-vinohydra-masque-creme-hydratant-75-ml-masques-visage.jpg\",\"datePublished\":\"2025-12-12T17:15:48+00:00\",\"dateModified\":\"2025-12-12T17:15:54+00:00\",\"breadcrumb\":{\"@id\":\"https:\/\/paracherkaoui.ma\/index.php\/produit\/caudalie-vinohydra-masque-creme-hydratant-75-ml\/#breadcrumb\"},\"inLanguage\":\"fr-FR\",\"potentialAction\":[{\"@type\":\"ReadAction\",\"target\":[\"https:\/\/paracherkaoui.ma\/index.php\/produit\/caudalie-vinohydra-masque-creme-hydratant-75-ml\/\"]}]},{\"@type\":\"ImageObject\",\"inLanguage\":\"fr-FR\",\"@id\":\"https:\/\/paracherkaoui.ma\/index.php\/produit\/caudalie-vinohydra-masque-creme-hydratant-75-ml\/#primaryimage\",\"url\":\"https:\/\/paracherkaoui.ma\/wp-content\/uploads\/2025\/12\/caudalie-caudalie-vinohydra-masque-creme-hydratant-75-ml-masques-visage.jpg\",\"contentUrl\":\"https:\/\/paracherkaoui.ma\/wp-content\/uploads\/2025\/12\/caudalie-caudalie-vinohydra-masque-creme-hydratant-75-ml-masques-visage.jpg\",\"width\":700,\"height\":700},{\"@type\":\"BreadcrumbList\",\"@id\":\"https:\/\/paracherkaoui.ma\/index.php\/produit\/caudalie-vinohydra-masque-creme-hydratant-75-ml\/#breadcrumb\",\"itemListElement\":[{\"@type\":\"ListItem\",\"position\":1,\"name\":\"Accueil\",\"item\":\"https:\/\/paracherkaoui.ma\/\"},{\"@type\":\"ListItem\",\"position\":2,\"name\":\"Boutique\",\"item\":\"https:\/\/paracherkaoui.ma\/index.php\/boutique\/\"},{\"@type\":\"ListItem\",\"position\":3,\"name\":\"CAUDALIE VINOHYDRA MASQUE CREME HYDRATANT 75 ML\"}]},{\"@type\":\"WebSite\",\"@id\":\"https:\/\/paracherkaoui.ma\/#website\",\"url\":\"https:\/\/paracherkaoui.ma\/\",\"name\":\"Paracherkaoui.ma\",\"description\":\"Achetez en ligne sur Paracherkaoui.ma\",\"potentialAction\":[{\"@type\":\"SearchAction\",\"target\":{\"@type\":\"EntryPoint\",\"urlTemplate\":\"https:\/\/paracherkaoui.ma\/?s={search_term_string}\"},\"query-input\":{\"@type\":\"PropertyValueSpecification\",\"valueRequired\":true,\"valueName\":\"search_term_string\"}}],\"inLanguage\":\"fr-FR\"}]}<\/script>\r\n<!-- \/ Yoast SEO plugin. -->","yoast_head_json":{"title":"CAUDALIE VINOHYDRA MASQUE CREME HYDRATANT 75 ML - Paracherkaoui.ma","robots":{"index":"index","follow":"follow","max-snippet":"max-snippet:-1","max-image-preview":"max-image-preview:large","max-video-preview":"max-video-preview:-1"},"canonical":"https:\/\/paracherkaoui.ma\/index.php\/produit\/caudalie-vinohydra-masque-creme-hydratant-75-ml\/","og_locale":"fr_FR","og_type":"article","og_title":"CAUDALIE VINOHYDRA MASQUE CREME HYDRATANT 75 ML - Paracherkaoui.ma","og_description":"Transformez votre routine de soins avec le Masque-Cr\u00e8me Hydratant VinoHydra, un soin ultra-hydratant con\u00e7u pour nourrir et apaiser les peaux","og_url":"https:\/\/paracherkaoui.ma\/index.php\/produit\/caudalie-vinohydra-masque-creme-hydratant-75-ml\/","og_site_name":"Paracherkaoui.ma","article_modified_time":"2025-12-12T17:15:54+00:00","og_image":[{"width":700,"height":700,"url":"https:\/\/paracherkaoui.ma\/wp-content\/uploads\/2025\/12\/caudalie-caudalie-vinohydra-masque-creme-hydratant-75-ml-masques-visage.jpg","type":"image\/jpeg"}],"twitter_card":"summary_large_image","twitter_misc":{"Dur\u00e9e de lecture estim\u00e9e":"2 minutes"},"schema":{"@context":"https:\/\/schema.org","@graph":[{"@type":"WebPage","@id":"https:\/\/paracherkaoui.ma\/index.php\/produit\/caudalie-vinohydra-masque-creme-hydratant-75-ml\/","url":"https:\/\/paracherkaoui.ma\/index.php\/produit\/caudalie-vinohydra-masque-creme-hydratant-75-ml\/","name":"CAUDALIE VINOHYDRA MASQUE CREME HYDRATANT 75 ML - Paracherkaoui.ma","isPartOf":{"@id":"https:\/\/paracherkaoui.ma\/#website"},"primaryImageOfPage":{"@id":"https:\/\/paracherkaoui.ma\/index.php\/produit\/caudalie-vinohydra-masque-creme-hydratant-75-ml\/#primaryimage"},"image":{"@id":"https:\/\/paracherkaoui.ma\/index.php\/produit\/caudalie-vinohydra-masque-creme-hydratant-75-ml\/#primaryimage"},"thumbnailUrl":"https:\/\/paracherkaoui.ma\/wp-content\/uploads\/2025\/12\/caudalie-caudalie-vinohydra-masque-creme-hydratant-75-ml-masques-visage.jpg","datePublished":"2025-12-12T17:15:48+00:00","dateModified":"2025-12-12T17:15:54+00:00","breadcrumb":{"@id":"https:\/\/paracherkaoui.ma\/index.php\/produit\/caudalie-vinohydra-masque-creme-hydratant-75-ml\/#breadcrumb"},"inLanguage":"fr-FR","potentialAction":[{"@type":"ReadAction","target":["https:\/\/paracherkaoui.ma\/index.php\/produit\/caudalie-vinohydra-masque-creme-hydratant-75-ml\/"]}]},{"@type":"ImageObject","inLanguage":"fr-FR","@id":"https:\/\/paracherkaoui.ma\/index.php\/produit\/caudalie-vinohydra-masque-creme-hydratant-75-ml\/#primaryimage","url":"https:\/\/paracherkaoui.ma\/wp-content\/uploads\/2025\/12\/caudalie-caudalie-vinohydra-masque-creme-hydratant-75-ml-masques-visage.jpg","contentUrl":"https:\/\/paracherkaoui.ma\/wp-content\/uploads\/2025\/12\/caudalie-caudalie-vinohydra-masque-creme-hydratant-75-ml-masques-visage.jpg","width":700,"height":700},{"@type":"BreadcrumbList","@id":"https:\/\/paracherkaoui.ma\/index.php\/produit\/caudalie-vinohydra-masque-creme-hydratant-75-ml\/#breadcrumb","itemListElement":[{"@type":"ListItem","position":1,"name":"Accueil","item":"https:\/\/paracherkaoui.ma\/"},{"@type":"ListItem","position":2,"name":"Boutique","item":"https:\/\/paracherkaoui.ma\/index.php\/boutique\/"},{"@type":"ListItem","position":3,"name":"CAUDALIE VINOHYDRA MASQUE CREME HYDRATANT 75 ML"}]},{"@type":"WebSite","@id":"https:\/\/paracherkaoui.ma\/#website","url":"https:\/\/paracherkaoui.ma\/","name":"Paracherkaoui.ma","description":"Achetez en ligne sur Paracherkaoui.ma","potentialAction":[{"@type":"SearchAction","target":{"@type":"EntryPoint","urlTemplate":"https:\/\/paracherkaoui.ma\/?s={search_term_string}"},"query-input":{"@type":"PropertyValueSpecification","valueRequired":true,"valueName":"search_term_string"}}],"inLanguage":"fr-FR"}]}},"_links":{"self":[{"href":"https:\/\/paracherkaoui.ma\/index.php\/wp-json\/wp\/v2\/product\/22205","targetHints":{"allow":["GET"]}}],"collection":[{"href":"https:\/\/paracherkaoui.ma\/index.php\/wp-json\/wp\/v2\/product"}],"about":[{"href":"https:\/\/paracherkaoui.ma\/index.php\/wp-json\/wp\/v2\/types\/product"}],"replies":[{"embeddable":true,"href":"https:\/\/paracherkaoui.ma\/index.php\/wp-json\/wp\/v2\/comments?post=22205"}],"version-history":[{"count":1,"href":"https:\/\/paracherkaoui.ma\/index.php\/wp-json\/wp\/v2\/product\/22205\/revisions"}],"predecessor-version":[{"id":22243,"href":"https:\/\/paracherkaoui.ma\/index.php\/wp-json\/wp\/v2\/product\/22205\/revisions\/22243"}],"wp:featuredmedia":[{"embeddable":true,"href":"https:\/\/paracherkaoui.ma\/index.php\/wp-json\/wp\/v2\/media\/22242"}],"wp:attachment":[{"href":"https:\/\/paracherkaoui.ma\/index.php\/wp-json\/wp\/v2\/media?parent=22205"}],"wp:term":[{"taxonomy":"product_brand","embeddable":true,"href":"https:\/\/paracherkaoui.ma\/index.php\/wp-json\/wp\/v2\/product_brand?post=22205"},{"taxonomy":"product_cat","embeddable":true,"href":"https:\/\/paracherkaoui.ma\/index.php\/wp-json\/wp\/v2\/product_cat?post=22205"},{"taxonomy":"product_tag","embeddable":true,"href":"https:\/\/paracherkaoui.ma\/index.php\/wp-json\/wp\/v2\/product_tag?post=22205"}],"curies":[{"name":"wp","href":"https:\/\/api.w.org\/{rel}","templated":true}]}}