{"id":22196,"date":"2025-12-12T18:15:47","date_gmt":"2025-12-12T17:15:47","guid":{"rendered":"https:\/\/test.ecbeaute.com\/?post_type=product&#038;p=22196"},"modified":"2025-12-12T18:15:52","modified_gmt":"2025-12-12T17:15:52","slug":"filorga-masque-exfoliant-regenerant-55-ml-2","status":"publish","type":"product","link":"https:\/\/paracherkaoui.ma\/index.php\/produit\/filorga-masque-exfoliant-regenerant-55-ml-2\/","title":{"rendered":"FILORGA MASQUE EXFOLIANT REGENERANT 55 ML"},"content":{"rendered":"<p>Description:<br \/>\nFILORGA SCRUB &#038; MASK. Le masque exfoliant et r\u00e9oxyg\u00e9nant SCRUB &#038; MASK est un masque \u00e0 double exfoliation pour r\u00e9oxyg\u00e9ner et faire \u00e9clore une nouvelle peau. En utilisation de gommage, les sph\u00e8res de perlite effectuent une exfoliation douce de la peau tandis qu&rsquo;une enzyme mimant le processus d&rsquo;\u00e9closion embryonnaire stimule la desquamation pour un effet peau neuve int\u00e9gral. En utilisation masque, apr\u00e8s le gommage, la texture se transforme en une mousse de soin active. Le NCTF stimule la r\u00e9g\u00e9n\u00e9ration cellulaire et des micro-bulles d&rsquo;oxyg\u00e8ne se lib\u00e8rent pour favoriser la respiration des peaux asphyxi\u00e9es. Imm\u00e9diatement, les pores sont resserr\u00e9s le grain de peau est affin\u00e9 et liss\u00e9. R\u00e9oxyg\u00e9n\u00e9e, la peau respire d&rsquo;un nouvel \u00e9clat.<br \/>\nCONSEIL D&rsquo;UTILISATIONS :<br \/>\nEtaler en couche \u00e9paisse sur la peau s\u00e8che, en \u00e9vitant le contour des yeux. Masser par l\u00e9gers mouvement circulaires pendant 1 minute. Laisser poser. Des bulles se forment, signe que la texture se charge en oxyg\u00e8ne. Apr\u00e8s disparition des bulles (10 minutes environ), rincer \u00e0 l&rsquo;eau. A utiliser 1 fois par semaine, en fonction du type de peau.<\/p>\n","protected":false},"excerpt":{"rendered":"<p>Description: FILORGA SCRUB &#038; MASK. Le masque exfoliant et r\u00e9oxyg\u00e9nant SCRUB &#038; MASK est un masque \u00e0 double exfoliation pour<\/p>\n","protected":false},"featured_media":12592,"comment_status":"open","ping_status":"closed","template":"","meta":[],"product_brand":[141],"product_cat":[469],"product_tag":[],"class_list":{"0":"post-22196","1":"product","2":"type-product","3":"status-publish","4":"has-post-thumbnail","6":"product_brand-filorga","7":"product_cat-gommages-visage","9":"first","10":"instock","11":"sale","12":"shipping-taxable","13":"purchasable","14":"product-type-simple"},"yoast_head":"<!-- This site is optimized with the Yoast SEO plugin v26.6 - https:\/\/yoast.com\/wordpress\/plugins\/seo\/ -->\r\n<title>FILORGA MASQUE EXFOLIANT REGENERANT 55 ML - Paracherkaoui.ma<\/title>\r\n<meta name=\"robots\" content=\"index, follow, max-snippet:-1, max-image-preview:large, max-video-preview:-1\" \/>\r\n<link rel=\"canonical\" href=\"https:\/\/paracherkaoui.ma\/index.php\/produit\/filorga-masque-exfoliant-regenerant-55-ml-2\/\" \/>\r\n<meta property=\"og:locale\" content=\"fr_FR\" \/>\r\n<meta property=\"og:type\" content=\"article\" \/>\r\n<meta property=\"og:title\" content=\"FILORGA MASQUE EXFOLIANT REGENERANT 55 ML - Paracherkaoui.ma\" \/>\r\n<meta property=\"og:description\" content=\"Description: FILORGA SCRUB &#038; MASK. Le masque exfoliant et r\u00e9oxyg\u00e9nant SCRUB &#038; MASK est un masque \u00e0 double exfoliation pour\" \/>\r\n<meta property=\"og:url\" content=\"https:\/\/paracherkaoui.ma\/index.php\/produit\/filorga-masque-exfoliant-regenerant-55-ml-2\/\" \/>\r\n<meta property=\"og:site_name\" content=\"Paracherkaoui.ma\" \/>\r\n<meta property=\"article:modified_time\" content=\"2025-12-12T17:15:52+00:00\" \/>\r\n<meta property=\"og:image\" content=\"https:\/\/paracherkaoui.ma\/wp-content\/uploads\/2025\/12\/filorga-filorga-masque-exfoliant-regenerant-55-ml-gommages-visage.jpg\" \/>\r\n\t<meta property=\"og:image:width\" content=\"700\" \/>\r\n\t<meta property=\"og:image:height\" content=\"700\" \/>\r\n\t<meta property=\"og:image:type\" content=\"image\/jpeg\" \/>\r\n<meta name=\"twitter:card\" content=\"summary_large_image\" \/>\r\n<meta name=\"twitter:label1\" content=\"Dur\u00e9e de lecture estim\u00e9e\" \/>\n\t<meta name=\"twitter:data1\" content=\"1 minute\" \/>\r\n<script type=\"application\/ld+json\" class=\"yoast-schema-graph\">{\"@context\":\"https:\/\/schema.org\",\"@graph\":[{\"@type\":\"WebPage\",\"@id\":\"https:\/\/paracherkaoui.ma\/index.php\/produit\/filorga-masque-exfoliant-regenerant-55-ml-2\/\",\"url\":\"https:\/\/paracherkaoui.ma\/index.php\/produit\/filorga-masque-exfoliant-regenerant-55-ml-2\/\",\"name\":\"FILORGA MASQUE EXFOLIANT REGENERANT 55 ML - Paracherkaoui.ma\",\"isPartOf\":{\"@id\":\"https:\/\/paracherkaoui.ma\/#website\"},\"primaryImageOfPage\":{\"@id\":\"https:\/\/paracherkaoui.ma\/index.php\/produit\/filorga-masque-exfoliant-regenerant-55-ml-2\/#primaryimage\"},\"image\":{\"@id\":\"https:\/\/paracherkaoui.ma\/index.php\/produit\/filorga-masque-exfoliant-regenerant-55-ml-2\/#primaryimage\"},\"thumbnailUrl\":\"https:\/\/paracherkaoui.ma\/wp-content\/uploads\/2025\/12\/filorga-filorga-masque-exfoliant-regenerant-55-ml-gommages-visage.jpg\",\"datePublished\":\"2025-12-12T17:15:47+00:00\",\"dateModified\":\"2025-12-12T17:15:52+00:00\",\"breadcrumb\":{\"@id\":\"https:\/\/paracherkaoui.ma\/index.php\/produit\/filorga-masque-exfoliant-regenerant-55-ml-2\/#breadcrumb\"},\"inLanguage\":\"fr-FR\",\"potentialAction\":[{\"@type\":\"ReadAction\",\"target\":[\"https:\/\/paracherkaoui.ma\/index.php\/produit\/filorga-masque-exfoliant-regenerant-55-ml-2\/\"]}]},{\"@type\":\"ImageObject\",\"inLanguage\":\"fr-FR\",\"@id\":\"https:\/\/paracherkaoui.ma\/index.php\/produit\/filorga-masque-exfoliant-regenerant-55-ml-2\/#primaryimage\",\"url\":\"https:\/\/paracherkaoui.ma\/wp-content\/uploads\/2025\/12\/filorga-filorga-masque-exfoliant-regenerant-55-ml-gommages-visage.jpg\",\"contentUrl\":\"https:\/\/paracherkaoui.ma\/wp-content\/uploads\/2025\/12\/filorga-filorga-masque-exfoliant-regenerant-55-ml-gommages-visage.jpg\",\"width\":700,\"height\":700},{\"@type\":\"BreadcrumbList\",\"@id\":\"https:\/\/paracherkaoui.ma\/index.php\/produit\/filorga-masque-exfoliant-regenerant-55-ml-2\/#breadcrumb\",\"itemListElement\":[{\"@type\":\"ListItem\",\"position\":1,\"name\":\"Accueil\",\"item\":\"https:\/\/paracherkaoui.ma\/\"},{\"@type\":\"ListItem\",\"position\":2,\"name\":\"Boutique\",\"item\":\"https:\/\/paracherkaoui.ma\/index.php\/boutique\/\"},{\"@type\":\"ListItem\",\"position\":3,\"name\":\"FILORGA MASQUE EXFOLIANT REGENERANT 55 ML\"}]},{\"@type\":\"WebSite\",\"@id\":\"https:\/\/paracherkaoui.ma\/#website\",\"url\":\"https:\/\/paracherkaoui.ma\/\",\"name\":\"Paracherkaoui.ma\",\"description\":\"Achetez en ligne sur Paracherkaoui.ma\",\"potentialAction\":[{\"@type\":\"SearchAction\",\"target\":{\"@type\":\"EntryPoint\",\"urlTemplate\":\"https:\/\/paracherkaoui.ma\/?s={search_term_string}\"},\"query-input\":{\"@type\":\"PropertyValueSpecification\",\"valueRequired\":true,\"valueName\":\"search_term_string\"}}],\"inLanguage\":\"fr-FR\"}]}<\/script>\r\n<!-- \/ Yoast SEO plugin. -->","yoast_head_json":{"title":"FILORGA MASQUE EXFOLIANT REGENERANT 55 ML - Paracherkaoui.ma","robots":{"index":"index","follow":"follow","max-snippet":"max-snippet:-1","max-image-preview":"max-image-preview:large","max-video-preview":"max-video-preview:-1"},"canonical":"https:\/\/paracherkaoui.ma\/index.php\/produit\/filorga-masque-exfoliant-regenerant-55-ml-2\/","og_locale":"fr_FR","og_type":"article","og_title":"FILORGA MASQUE EXFOLIANT REGENERANT 55 ML - Paracherkaoui.ma","og_description":"Description: FILORGA SCRUB &#038; MASK. Le masque exfoliant et r\u00e9oxyg\u00e9nant SCRUB &#038; MASK est un masque \u00e0 double exfoliation pour","og_url":"https:\/\/paracherkaoui.ma\/index.php\/produit\/filorga-masque-exfoliant-regenerant-55-ml-2\/","og_site_name":"Paracherkaoui.ma","article_modified_time":"2025-12-12T17:15:52+00:00","og_image":[{"width":700,"height":700,"url":"https:\/\/paracherkaoui.ma\/wp-content\/uploads\/2025\/12\/filorga-filorga-masque-exfoliant-regenerant-55-ml-gommages-visage.jpg","type":"image\/jpeg"}],"twitter_card":"summary_large_image","twitter_misc":{"Dur\u00e9e de lecture estim\u00e9e":"1 minute"},"schema":{"@context":"https:\/\/schema.org","@graph":[{"@type":"WebPage","@id":"https:\/\/paracherkaoui.ma\/index.php\/produit\/filorga-masque-exfoliant-regenerant-55-ml-2\/","url":"https:\/\/paracherkaoui.ma\/index.php\/produit\/filorga-masque-exfoliant-regenerant-55-ml-2\/","name":"FILORGA MASQUE EXFOLIANT REGENERANT 55 ML - Paracherkaoui.ma","isPartOf":{"@id":"https:\/\/paracherkaoui.ma\/#website"},"primaryImageOfPage":{"@id":"https:\/\/paracherkaoui.ma\/index.php\/produit\/filorga-masque-exfoliant-regenerant-55-ml-2\/#primaryimage"},"image":{"@id":"https:\/\/paracherkaoui.ma\/index.php\/produit\/filorga-masque-exfoliant-regenerant-55-ml-2\/#primaryimage"},"thumbnailUrl":"https:\/\/paracherkaoui.ma\/wp-content\/uploads\/2025\/12\/filorga-filorga-masque-exfoliant-regenerant-55-ml-gommages-visage.jpg","datePublished":"2025-12-12T17:15:47+00:00","dateModified":"2025-12-12T17:15:52+00:00","breadcrumb":{"@id":"https:\/\/paracherkaoui.ma\/index.php\/produit\/filorga-masque-exfoliant-regenerant-55-ml-2\/#breadcrumb"},"inLanguage":"fr-FR","potentialAction":[{"@type":"ReadAction","target":["https:\/\/paracherkaoui.ma\/index.php\/produit\/filorga-masque-exfoliant-regenerant-55-ml-2\/"]}]},{"@type":"ImageObject","inLanguage":"fr-FR","@id":"https:\/\/paracherkaoui.ma\/index.php\/produit\/filorga-masque-exfoliant-regenerant-55-ml-2\/#primaryimage","url":"https:\/\/paracherkaoui.ma\/wp-content\/uploads\/2025\/12\/filorga-filorga-masque-exfoliant-regenerant-55-ml-gommages-visage.jpg","contentUrl":"https:\/\/paracherkaoui.ma\/wp-content\/uploads\/2025\/12\/filorga-filorga-masque-exfoliant-regenerant-55-ml-gommages-visage.jpg","width":700,"height":700},{"@type":"BreadcrumbList","@id":"https:\/\/paracherkaoui.ma\/index.php\/produit\/filorga-masque-exfoliant-regenerant-55-ml-2\/#breadcrumb","itemListElement":[{"@type":"ListItem","position":1,"name":"Accueil","item":"https:\/\/paracherkaoui.ma\/"},{"@type":"ListItem","position":2,"name":"Boutique","item":"https:\/\/paracherkaoui.ma\/index.php\/boutique\/"},{"@type":"ListItem","position":3,"name":"FILORGA MASQUE EXFOLIANT REGENERANT 55 ML"}]},{"@type":"WebSite","@id":"https:\/\/paracherkaoui.ma\/#website","url":"https:\/\/paracherkaoui.ma\/","name":"Paracherkaoui.ma","description":"Achetez en ligne sur Paracherkaoui.ma","potentialAction":[{"@type":"SearchAction","target":{"@type":"EntryPoint","urlTemplate":"https:\/\/paracherkaoui.ma\/?s={search_term_string}"},"query-input":{"@type":"PropertyValueSpecification","valueRequired":true,"valueName":"search_term_string"}}],"inLanguage":"fr-FR"}]}},"_links":{"self":[{"href":"https:\/\/paracherkaoui.ma\/index.php\/wp-json\/wp\/v2\/product\/22196","targetHints":{"allow":["GET"]}}],"collection":[{"href":"https:\/\/paracherkaoui.ma\/index.php\/wp-json\/wp\/v2\/product"}],"about":[{"href":"https:\/\/paracherkaoui.ma\/index.php\/wp-json\/wp\/v2\/types\/product"}],"replies":[{"embeddable":true,"href":"https:\/\/paracherkaoui.ma\/index.php\/wp-json\/wp\/v2\/comments?post=22196"}],"version-history":[{"count":1,"href":"https:\/\/paracherkaoui.ma\/index.php\/wp-json\/wp\/v2\/product\/22196\/revisions"}],"predecessor-version":[{"id":22228,"href":"https:\/\/paracherkaoui.ma\/index.php\/wp-json\/wp\/v2\/product\/22196\/revisions\/22228"}],"wp:featuredmedia":[{"embeddable":true,"href":"https:\/\/paracherkaoui.ma\/index.php\/wp-json\/wp\/v2\/media\/12592"}],"wp:attachment":[{"href":"https:\/\/paracherkaoui.ma\/index.php\/wp-json\/wp\/v2\/media?parent=22196"}],"wp:term":[{"taxonomy":"product_brand","embeddable":true,"href":"https:\/\/paracherkaoui.ma\/index.php\/wp-json\/wp\/v2\/product_brand?post=22196"},{"taxonomy":"product_cat","embeddable":true,"href":"https:\/\/paracherkaoui.ma\/index.php\/wp-json\/wp\/v2\/product_cat?post=22196"},{"taxonomy":"product_tag","embeddable":true,"href":"https:\/\/paracherkaoui.ma\/index.php\/wp-json\/wp\/v2\/product_tag?post=22196"}],"curies":[{"name":"wp","href":"https:\/\/api.w.org\/{rel}","templated":true}]}}