{"id":22122,"date":"2025-12-12T18:15:41","date_gmt":"2025-12-12T17:15:41","guid":{"rendered":"https:\/\/test.ecbeaute.com\/?post_type=product&#038;p=22122"},"modified":"2025-12-12T18:15:43","modified_gmt":"2025-12-12T17:15:43","slug":"nuxe-very-rose-gommage-eclat-visage-75ml","status":"publish","type":"product","link":"https:\/\/paracherkaoui.ma\/index.php\/produit\/nuxe-very-rose-gommage-eclat-visage-75ml\/","title":{"rendered":"NUXE VERY ROSE GOMMAGE ECLAT VISAGE 75ML"},"content":{"rendered":"<p>Votre teint manque de luminosit\u00e9 ? Votre peau a besoin d&rsquo;\u00eatre d\u00e9barrass\u00e9e de ses impuret\u00e9s et cellules mortes sans \u00eatre agress\u00e9e ? Le Gommage \u00c9clat Visage Very Rose de NUXE est la solution id\u00e9ale pour offrir \u00e0 votre visage une exfoliation douce et efficace, adapt\u00e9e \u00e0 tous les types de peau, m\u00eame les plus sensibles.<br \/>\nCe gommage innovant se distingue par sa texture cr\u00e8me onctueuse, une v\u00e9ritable invitation au plaisir sensoriel. Au contact de la peau, elle glisse d\u00e9licatement, transformant l&rsquo;exfoliation en un moment de pur bien-\u00eatre. Sa formule est un mariage harmonieux d&rsquo;efficacit\u00e9 et de respect. Elle contient des micro-particules de poudre de noyaux d&rsquo;abricot, qui agissent comme des exfoliants naturels. Ces minuscules grains \u00e9liminent en douceur les impuret\u00e9s, les cellules mortes et l&rsquo;exc\u00e8s de s\u00e9bum qui ternissent le teint et obstruent les pores, sans jamais agresser l&rsquo;\u00e9piderme.<br \/>\nL&rsquo;une des grandes forces de ce gommage est sa capacit\u00e9 \u00e0 purifier la peau sans sensation de dess\u00e8chement ni de tiraillement. Gr\u00e2ce \u00e0 sa formulation experte, incluant l&rsquo;extrait de rose, la peau est non seulement nettoy\u00e9e en profondeur mais aussi apais\u00e9e et confortable. La gamme Very Rose de NUXE est r\u00e9put\u00e9e pour ses propri\u00e9t\u00e9s adoucissantes, et cet extrait contribue \u00e0 minimiser toute irritation, m\u00eame sur les peaux les plus r\u00e9actives. Compos\u00e9 de 98 % d&rsquo;ingr\u00e9dients d&rsquo;origine naturelle, c&rsquo;est un choix s\u00fbr et respectueux pour votre routine beaut\u00e9.<br \/>\nConseils d&rsquo;utilisation :<br \/>\nUne \u00e0 deux fois par semaine, appliquer sur une peau propre et humidifi\u00e9e. Masser l\u00e9g\u00e8rement en mouvements circulaires, en insistant sur la zone T. Rincer \u00e0 l&rsquo;eau ti\u00e8de. En cas de contact avec les yeux, rincer abondamment.<br \/>\nComposition :<br \/>\nAQUA\/WATER, COCO-CAPRYLATE\/CAPRATE, GLYCERIN, GLYCERYL STEARATE CITRATE, BEHENYL ALCOHOL, BUTYROSPERMUM PARKII (SHEA) BUTTER, PENTYLENE GLYCOL, PARFUM\/FRAGRANCE, CETEARYL ALCOHOL, PERLITE, PRUNUS ARMENIACA (APRICOT) SEED POWDER, SODIUM STEAROYL GLUTAMATE, SPHINGOMONAS FERMENT EXTRACT, GLYCERYL CAPRYLATE, SODIUM BENZOATE, SODIUM GLUCONATE, CITRIC ACID, TOCOPHEROL, ROSA DAMASCENA FLOWER EXTRACT [N5809\/A].<\/p>\n","protected":false},"excerpt":{"rendered":"<p>Votre teint manque de luminosit\u00e9 ? Votre peau a besoin d&rsquo;\u00eatre d\u00e9barrass\u00e9e de ses impuret\u00e9s et cellules mortes sans \u00eatre<\/p>\n","protected":false},"featured_media":22157,"comment_status":"open","ping_status":"closed","template":"","meta":[],"product_brand":[230],"product_cat":[469],"product_tag":[],"class_list":{"0":"post-22122","1":"product","2":"type-product","3":"status-publish","4":"has-post-thumbnail","6":"product_brand-nuxe","7":"product_cat-gommages-visage","9":"first","10":"instock","11":"sale","12":"shipping-taxable","13":"purchasable","14":"product-type-simple"},"yoast_head":"<!-- This site is optimized with the Yoast SEO plugin v26.6 - https:\/\/yoast.com\/wordpress\/plugins\/seo\/ -->\r\n<title>NUXE VERY ROSE GOMMAGE ECLAT VISAGE 75ML - Paracherkaoui.ma<\/title>\r\n<meta name=\"robots\" content=\"index, follow, max-snippet:-1, max-image-preview:large, max-video-preview:-1\" \/>\r\n<link rel=\"canonical\" href=\"https:\/\/paracherkaoui.ma\/index.php\/produit\/nuxe-very-rose-gommage-eclat-visage-75ml\/\" \/>\r\n<meta property=\"og:locale\" content=\"fr_FR\" \/>\r\n<meta property=\"og:type\" content=\"article\" \/>\r\n<meta property=\"og:title\" content=\"NUXE VERY ROSE GOMMAGE ECLAT VISAGE 75ML - Paracherkaoui.ma\" \/>\r\n<meta property=\"og:description\" content=\"Votre teint manque de luminosit\u00e9 ? Votre peau a besoin d&rsquo;\u00eatre d\u00e9barrass\u00e9e de ses impuret\u00e9s et cellules mortes sans \u00eatre\" \/>\r\n<meta property=\"og:url\" content=\"https:\/\/paracherkaoui.ma\/index.php\/produit\/nuxe-very-rose-gommage-eclat-visage-75ml\/\" \/>\r\n<meta property=\"og:site_name\" content=\"Paracherkaoui.ma\" \/>\r\n<meta property=\"article:modified_time\" content=\"2025-12-12T17:15:43+00:00\" \/>\r\n<meta property=\"og:image\" content=\"https:\/\/paracherkaoui.ma\/wp-content\/uploads\/2025\/12\/nuxe-nuxe-very-rose-gommage-eclat-visage-75ml-gommages-visage.jpg\" \/>\r\n\t<meta property=\"og:image:width\" content=\"700\" \/>\r\n\t<meta property=\"og:image:height\" content=\"700\" \/>\r\n\t<meta property=\"og:image:type\" content=\"image\/jpeg\" \/>\r\n<meta name=\"twitter:card\" content=\"summary_large_image\" \/>\r\n<meta name=\"twitter:label1\" content=\"Dur\u00e9e de lecture estim\u00e9e\" \/>\n\t<meta name=\"twitter:data1\" content=\"2 minutes\" \/>\r\n<script type=\"application\/ld+json\" class=\"yoast-schema-graph\">{\"@context\":\"https:\/\/schema.org\",\"@graph\":[{\"@type\":\"WebPage\",\"@id\":\"https:\/\/paracherkaoui.ma\/index.php\/produit\/nuxe-very-rose-gommage-eclat-visage-75ml\/\",\"url\":\"https:\/\/paracherkaoui.ma\/index.php\/produit\/nuxe-very-rose-gommage-eclat-visage-75ml\/\",\"name\":\"NUXE VERY ROSE GOMMAGE ECLAT VISAGE 75ML - Paracherkaoui.ma\",\"isPartOf\":{\"@id\":\"https:\/\/paracherkaoui.ma\/#website\"},\"primaryImageOfPage\":{\"@id\":\"https:\/\/paracherkaoui.ma\/index.php\/produit\/nuxe-very-rose-gommage-eclat-visage-75ml\/#primaryimage\"},\"image\":{\"@id\":\"https:\/\/paracherkaoui.ma\/index.php\/produit\/nuxe-very-rose-gommage-eclat-visage-75ml\/#primaryimage\"},\"thumbnailUrl\":\"https:\/\/paracherkaoui.ma\/wp-content\/uploads\/2025\/12\/nuxe-nuxe-very-rose-gommage-eclat-visage-75ml-gommages-visage.jpg\",\"datePublished\":\"2025-12-12T17:15:41+00:00\",\"dateModified\":\"2025-12-12T17:15:43+00:00\",\"breadcrumb\":{\"@id\":\"https:\/\/paracherkaoui.ma\/index.php\/produit\/nuxe-very-rose-gommage-eclat-visage-75ml\/#breadcrumb\"},\"inLanguage\":\"fr-FR\",\"potentialAction\":[{\"@type\":\"ReadAction\",\"target\":[\"https:\/\/paracherkaoui.ma\/index.php\/produit\/nuxe-very-rose-gommage-eclat-visage-75ml\/\"]}]},{\"@type\":\"ImageObject\",\"inLanguage\":\"fr-FR\",\"@id\":\"https:\/\/paracherkaoui.ma\/index.php\/produit\/nuxe-very-rose-gommage-eclat-visage-75ml\/#primaryimage\",\"url\":\"https:\/\/paracherkaoui.ma\/wp-content\/uploads\/2025\/12\/nuxe-nuxe-very-rose-gommage-eclat-visage-75ml-gommages-visage.jpg\",\"contentUrl\":\"https:\/\/paracherkaoui.ma\/wp-content\/uploads\/2025\/12\/nuxe-nuxe-very-rose-gommage-eclat-visage-75ml-gommages-visage.jpg\",\"width\":700,\"height\":700},{\"@type\":\"BreadcrumbList\",\"@id\":\"https:\/\/paracherkaoui.ma\/index.php\/produit\/nuxe-very-rose-gommage-eclat-visage-75ml\/#breadcrumb\",\"itemListElement\":[{\"@type\":\"ListItem\",\"position\":1,\"name\":\"Accueil\",\"item\":\"https:\/\/paracherkaoui.ma\/\"},{\"@type\":\"ListItem\",\"position\":2,\"name\":\"Boutique\",\"item\":\"https:\/\/paracherkaoui.ma\/index.php\/boutique\/\"},{\"@type\":\"ListItem\",\"position\":3,\"name\":\"NUXE VERY ROSE GOMMAGE ECLAT VISAGE 75ML\"}]},{\"@type\":\"WebSite\",\"@id\":\"https:\/\/paracherkaoui.ma\/#website\",\"url\":\"https:\/\/paracherkaoui.ma\/\",\"name\":\"Paracherkaoui.ma\",\"description\":\"Achetez en ligne sur Paracherkaoui.ma\",\"potentialAction\":[{\"@type\":\"SearchAction\",\"target\":{\"@type\":\"EntryPoint\",\"urlTemplate\":\"https:\/\/paracherkaoui.ma\/?s={search_term_string}\"},\"query-input\":{\"@type\":\"PropertyValueSpecification\",\"valueRequired\":true,\"valueName\":\"search_term_string\"}}],\"inLanguage\":\"fr-FR\"}]}<\/script>\r\n<!-- \/ Yoast SEO plugin. -->","yoast_head_json":{"title":"NUXE VERY ROSE GOMMAGE ECLAT VISAGE 75ML - Paracherkaoui.ma","robots":{"index":"index","follow":"follow","max-snippet":"max-snippet:-1","max-image-preview":"max-image-preview:large","max-video-preview":"max-video-preview:-1"},"canonical":"https:\/\/paracherkaoui.ma\/index.php\/produit\/nuxe-very-rose-gommage-eclat-visage-75ml\/","og_locale":"fr_FR","og_type":"article","og_title":"NUXE VERY ROSE GOMMAGE ECLAT VISAGE 75ML - Paracherkaoui.ma","og_description":"Votre teint manque de luminosit\u00e9 ? Votre peau a besoin d&rsquo;\u00eatre d\u00e9barrass\u00e9e de ses impuret\u00e9s et cellules mortes sans \u00eatre","og_url":"https:\/\/paracherkaoui.ma\/index.php\/produit\/nuxe-very-rose-gommage-eclat-visage-75ml\/","og_site_name":"Paracherkaoui.ma","article_modified_time":"2025-12-12T17:15:43+00:00","og_image":[{"width":700,"height":700,"url":"https:\/\/paracherkaoui.ma\/wp-content\/uploads\/2025\/12\/nuxe-nuxe-very-rose-gommage-eclat-visage-75ml-gommages-visage.jpg","type":"image\/jpeg"}],"twitter_card":"summary_large_image","twitter_misc":{"Dur\u00e9e de lecture estim\u00e9e":"2 minutes"},"schema":{"@context":"https:\/\/schema.org","@graph":[{"@type":"WebPage","@id":"https:\/\/paracherkaoui.ma\/index.php\/produit\/nuxe-very-rose-gommage-eclat-visage-75ml\/","url":"https:\/\/paracherkaoui.ma\/index.php\/produit\/nuxe-very-rose-gommage-eclat-visage-75ml\/","name":"NUXE VERY ROSE GOMMAGE ECLAT VISAGE 75ML - Paracherkaoui.ma","isPartOf":{"@id":"https:\/\/paracherkaoui.ma\/#website"},"primaryImageOfPage":{"@id":"https:\/\/paracherkaoui.ma\/index.php\/produit\/nuxe-very-rose-gommage-eclat-visage-75ml\/#primaryimage"},"image":{"@id":"https:\/\/paracherkaoui.ma\/index.php\/produit\/nuxe-very-rose-gommage-eclat-visage-75ml\/#primaryimage"},"thumbnailUrl":"https:\/\/paracherkaoui.ma\/wp-content\/uploads\/2025\/12\/nuxe-nuxe-very-rose-gommage-eclat-visage-75ml-gommages-visage.jpg","datePublished":"2025-12-12T17:15:41+00:00","dateModified":"2025-12-12T17:15:43+00:00","breadcrumb":{"@id":"https:\/\/paracherkaoui.ma\/index.php\/produit\/nuxe-very-rose-gommage-eclat-visage-75ml\/#breadcrumb"},"inLanguage":"fr-FR","potentialAction":[{"@type":"ReadAction","target":["https:\/\/paracherkaoui.ma\/index.php\/produit\/nuxe-very-rose-gommage-eclat-visage-75ml\/"]}]},{"@type":"ImageObject","inLanguage":"fr-FR","@id":"https:\/\/paracherkaoui.ma\/index.php\/produit\/nuxe-very-rose-gommage-eclat-visage-75ml\/#primaryimage","url":"https:\/\/paracherkaoui.ma\/wp-content\/uploads\/2025\/12\/nuxe-nuxe-very-rose-gommage-eclat-visage-75ml-gommages-visage.jpg","contentUrl":"https:\/\/paracherkaoui.ma\/wp-content\/uploads\/2025\/12\/nuxe-nuxe-very-rose-gommage-eclat-visage-75ml-gommages-visage.jpg","width":700,"height":700},{"@type":"BreadcrumbList","@id":"https:\/\/paracherkaoui.ma\/index.php\/produit\/nuxe-very-rose-gommage-eclat-visage-75ml\/#breadcrumb","itemListElement":[{"@type":"ListItem","position":1,"name":"Accueil","item":"https:\/\/paracherkaoui.ma\/"},{"@type":"ListItem","position":2,"name":"Boutique","item":"https:\/\/paracherkaoui.ma\/index.php\/boutique\/"},{"@type":"ListItem","position":3,"name":"NUXE VERY ROSE GOMMAGE ECLAT VISAGE 75ML"}]},{"@type":"WebSite","@id":"https:\/\/paracherkaoui.ma\/#website","url":"https:\/\/paracherkaoui.ma\/","name":"Paracherkaoui.ma","description":"Achetez en ligne sur Paracherkaoui.ma","potentialAction":[{"@type":"SearchAction","target":{"@type":"EntryPoint","urlTemplate":"https:\/\/paracherkaoui.ma\/?s={search_term_string}"},"query-input":{"@type":"PropertyValueSpecification","valueRequired":true,"valueName":"search_term_string"}}],"inLanguage":"fr-FR"}]}},"_links":{"self":[{"href":"https:\/\/paracherkaoui.ma\/index.php\/wp-json\/wp\/v2\/product\/22122","targetHints":{"allow":["GET"]}}],"collection":[{"href":"https:\/\/paracherkaoui.ma\/index.php\/wp-json\/wp\/v2\/product"}],"about":[{"href":"https:\/\/paracherkaoui.ma\/index.php\/wp-json\/wp\/v2\/types\/product"}],"replies":[{"embeddable":true,"href":"https:\/\/paracherkaoui.ma\/index.php\/wp-json\/wp\/v2\/comments?post=22122"}],"version-history":[{"count":1,"href":"https:\/\/paracherkaoui.ma\/index.php\/wp-json\/wp\/v2\/product\/22122\/revisions"}],"predecessor-version":[{"id":22158,"href":"https:\/\/paracherkaoui.ma\/index.php\/wp-json\/wp\/v2\/product\/22122\/revisions\/22158"}],"wp:featuredmedia":[{"embeddable":true,"href":"https:\/\/paracherkaoui.ma\/index.php\/wp-json\/wp\/v2\/media\/22157"}],"wp:attachment":[{"href":"https:\/\/paracherkaoui.ma\/index.php\/wp-json\/wp\/v2\/media?parent=22122"}],"wp:term":[{"taxonomy":"product_brand","embeddable":true,"href":"https:\/\/paracherkaoui.ma\/index.php\/wp-json\/wp\/v2\/product_brand?post=22122"},{"taxonomy":"product_cat","embeddable":true,"href":"https:\/\/paracherkaoui.ma\/index.php\/wp-json\/wp\/v2\/product_cat?post=22122"},{"taxonomy":"product_tag","embeddable":true,"href":"https:\/\/paracherkaoui.ma\/index.php\/wp-json\/wp\/v2\/product_tag?post=22122"}],"curies":[{"name":"wp","href":"https:\/\/api.w.org\/{rel}","templated":true}]}}