{"id":22050,"date":"2025-12-12T18:15:36","date_gmt":"2025-12-12T17:15:36","guid":{"rendered":"https:\/\/test.ecbeaute.com\/?post_type=product&#038;p=22050"},"modified":"2025-12-12T18:15:38","modified_gmt":"2025-12-12T17:15:38","slug":"oxyskin-gel-gommant-pour-visage-nettoyant-eclaircissant-75-ml-2","status":"publish","type":"product","link":"https:\/\/paracherkaoui.ma\/index.php\/produit\/oxyskin-gel-gommant-pour-visage-nettoyant-eclaircissant-75-ml-2\/","title":{"rendered":"OXYSKIN GEL GOMMANT POUR VISAGE NETTOYANT ECLAIRCISSANT 75 ML"},"content":{"rendered":"<p>D\u00e8s la premi\u00e8re utilisation, votre peau est plus douce, plus lisse et visiblement \u00e9clatante.<br \/>\nAdapt\u00e9e \u00e0 tous les types de peau, m\u00eame les plus sensibles.<br \/>\nR\u00e9duit les taches brunes et am\u00e9liore l&rsquo;uniformit\u00e9 du teint.<br \/>\nLe Gel Gommant Oxyskin est l&rsquo;alli\u00e9 id\u00e9al pour une routine beaut\u00e9 compl\u00e8te et efficace. En int\u00e9grant ce soin dans votre rituel de soins, vous offrez \u00e0 votre peau une cure de jeunesse et de vitalit\u00e9.<br \/>\nCONSEIL D\u2019UTILISATION<br \/>\nCommencez par nettoyer votre visage avec un nettoyant doux pour \u00e9liminer les impuret\u00e9s superficielles. Appliquez une petite quantit\u00e9 du gel gommant sur la peau humide. Massez d\u00e9licatement en mouvements circulaires en \u00e9vitant le contour des yeux. Concentrez vous sur les zones sujettes aux points noirs et aux imperfections, telles que le nez, le menton et le front. Rincez abondamment \u00e0 l&rsquo;eau ti\u00e8de pour \u00e9liminer le produit et les cellules mortes. Appliquez une cr\u00e8me hydratante pour nourrir la peau et restaurer son \u00e9quilibre apr\u00e8s l&rsquo;exfoliation.<br \/>\nPour des r\u00e9sultats optimaux, utilisez ce gel gommant une \u00e0\u00a0 deux fois par semaine.<\/p>\n","protected":false},"excerpt":{"rendered":"<p>D\u00e8s la premi\u00e8re utilisation, votre peau est plus douce, plus lisse et visiblement \u00e9clatante. Adapt\u00e9e \u00e0 tous les types de<\/p>\n","protected":false},"featured_media":20668,"comment_status":"open","ping_status":"closed","template":"","meta":[],"product_brand":[413],"product_cat":[469],"product_tag":[],"class_list":{"0":"post-22050","1":"product","2":"type-product","3":"status-publish","4":"has-post-thumbnail","6":"product_brand-oxyskin","7":"product_cat-gommages-visage","9":"first","10":"instock","11":"sale","12":"shipping-taxable","13":"purchasable","14":"product-type-simple"},"yoast_head":"<!-- This site is optimized with the Yoast SEO plugin v26.6 - https:\/\/yoast.com\/wordpress\/plugins\/seo\/ -->\r\n<title>OXYSKIN GEL GOMMANT POUR VISAGE NETTOYANT ECLAIRCISSANT 75 ML - Paracherkaoui.ma<\/title>\r\n<meta name=\"robots\" content=\"index, follow, max-snippet:-1, max-image-preview:large, max-video-preview:-1\" \/>\r\n<link rel=\"canonical\" href=\"https:\/\/paracherkaoui.ma\/index.php\/produit\/oxyskin-gel-gommant-pour-visage-nettoyant-eclaircissant-75-ml-2\/\" \/>\r\n<meta property=\"og:locale\" content=\"fr_FR\" \/>\r\n<meta property=\"og:type\" content=\"article\" \/>\r\n<meta property=\"og:title\" content=\"OXYSKIN GEL GOMMANT POUR VISAGE NETTOYANT ECLAIRCISSANT 75 ML - Paracherkaoui.ma\" \/>\r\n<meta property=\"og:description\" content=\"D\u00e8s la premi\u00e8re utilisation, votre peau est plus douce, plus lisse et visiblement \u00e9clatante. Adapt\u00e9e \u00e0 tous les types de\" \/>\r\n<meta property=\"og:url\" content=\"https:\/\/paracherkaoui.ma\/index.php\/produit\/oxyskin-gel-gommant-pour-visage-nettoyant-eclaircissant-75-ml-2\/\" \/>\r\n<meta property=\"og:site_name\" content=\"Paracherkaoui.ma\" \/>\r\n<meta property=\"article:modified_time\" content=\"2025-12-12T17:15:38+00:00\" \/>\r\n<meta property=\"og:image\" content=\"https:\/\/paracherkaoui.ma\/wp-content\/uploads\/2025\/12\/oxyskin-oxyskin-gel-gommant-pour-visage-nettoyant-eclaircissant-75-ml-gommages-visage.jpg\" \/>\r\n\t<meta property=\"og:image:width\" content=\"700\" \/>\r\n\t<meta property=\"og:image:height\" content=\"700\" \/>\r\n\t<meta property=\"og:image:type\" content=\"image\/jpeg\" \/>\r\n<meta name=\"twitter:card\" content=\"summary_large_image\" \/>\r\n<meta name=\"twitter:label1\" content=\"Dur\u00e9e de lecture estim\u00e9e\" \/>\n\t<meta name=\"twitter:data1\" content=\"1 minute\" \/>\r\n<script type=\"application\/ld+json\" class=\"yoast-schema-graph\">{\"@context\":\"https:\/\/schema.org\",\"@graph\":[{\"@type\":\"WebPage\",\"@id\":\"https:\/\/paracherkaoui.ma\/index.php\/produit\/oxyskin-gel-gommant-pour-visage-nettoyant-eclaircissant-75-ml-2\/\",\"url\":\"https:\/\/paracherkaoui.ma\/index.php\/produit\/oxyskin-gel-gommant-pour-visage-nettoyant-eclaircissant-75-ml-2\/\",\"name\":\"OXYSKIN GEL GOMMANT POUR VISAGE NETTOYANT ECLAIRCISSANT 75 ML - Paracherkaoui.ma\",\"isPartOf\":{\"@id\":\"https:\/\/paracherkaoui.ma\/#website\"},\"primaryImageOfPage\":{\"@id\":\"https:\/\/paracherkaoui.ma\/index.php\/produit\/oxyskin-gel-gommant-pour-visage-nettoyant-eclaircissant-75-ml-2\/#primaryimage\"},\"image\":{\"@id\":\"https:\/\/paracherkaoui.ma\/index.php\/produit\/oxyskin-gel-gommant-pour-visage-nettoyant-eclaircissant-75-ml-2\/#primaryimage\"},\"thumbnailUrl\":\"https:\/\/paracherkaoui.ma\/wp-content\/uploads\/2025\/12\/oxyskin-oxyskin-gel-gommant-pour-visage-nettoyant-eclaircissant-75-ml-gommages-visage.jpg\",\"datePublished\":\"2025-12-12T17:15:36+00:00\",\"dateModified\":\"2025-12-12T17:15:38+00:00\",\"breadcrumb\":{\"@id\":\"https:\/\/paracherkaoui.ma\/index.php\/produit\/oxyskin-gel-gommant-pour-visage-nettoyant-eclaircissant-75-ml-2\/#breadcrumb\"},\"inLanguage\":\"fr-FR\",\"potentialAction\":[{\"@type\":\"ReadAction\",\"target\":[\"https:\/\/paracherkaoui.ma\/index.php\/produit\/oxyskin-gel-gommant-pour-visage-nettoyant-eclaircissant-75-ml-2\/\"]}]},{\"@type\":\"ImageObject\",\"inLanguage\":\"fr-FR\",\"@id\":\"https:\/\/paracherkaoui.ma\/index.php\/produit\/oxyskin-gel-gommant-pour-visage-nettoyant-eclaircissant-75-ml-2\/#primaryimage\",\"url\":\"https:\/\/paracherkaoui.ma\/wp-content\/uploads\/2025\/12\/oxyskin-oxyskin-gel-gommant-pour-visage-nettoyant-eclaircissant-75-ml-gommages-visage.jpg\",\"contentUrl\":\"https:\/\/paracherkaoui.ma\/wp-content\/uploads\/2025\/12\/oxyskin-oxyskin-gel-gommant-pour-visage-nettoyant-eclaircissant-75-ml-gommages-visage.jpg\",\"width\":700,\"height\":700},{\"@type\":\"BreadcrumbList\",\"@id\":\"https:\/\/paracherkaoui.ma\/index.php\/produit\/oxyskin-gel-gommant-pour-visage-nettoyant-eclaircissant-75-ml-2\/#breadcrumb\",\"itemListElement\":[{\"@type\":\"ListItem\",\"position\":1,\"name\":\"Accueil\",\"item\":\"https:\/\/paracherkaoui.ma\/\"},{\"@type\":\"ListItem\",\"position\":2,\"name\":\"Boutique\",\"item\":\"https:\/\/paracherkaoui.ma\/index.php\/boutique\/\"},{\"@type\":\"ListItem\",\"position\":3,\"name\":\"OXYSKIN GEL GOMMANT POUR VISAGE NETTOYANT ECLAIRCISSANT 75 ML\"}]},{\"@type\":\"WebSite\",\"@id\":\"https:\/\/paracherkaoui.ma\/#website\",\"url\":\"https:\/\/paracherkaoui.ma\/\",\"name\":\"Paracherkaoui.ma\",\"description\":\"Achetez en ligne sur Paracherkaoui.ma\",\"potentialAction\":[{\"@type\":\"SearchAction\",\"target\":{\"@type\":\"EntryPoint\",\"urlTemplate\":\"https:\/\/paracherkaoui.ma\/?s={search_term_string}\"},\"query-input\":{\"@type\":\"PropertyValueSpecification\",\"valueRequired\":true,\"valueName\":\"search_term_string\"}}],\"inLanguage\":\"fr-FR\"}]}<\/script>\r\n<!-- \/ Yoast SEO plugin. -->","yoast_head_json":{"title":"OXYSKIN GEL GOMMANT POUR VISAGE NETTOYANT ECLAIRCISSANT 75 ML - Paracherkaoui.ma","robots":{"index":"index","follow":"follow","max-snippet":"max-snippet:-1","max-image-preview":"max-image-preview:large","max-video-preview":"max-video-preview:-1"},"canonical":"https:\/\/paracherkaoui.ma\/index.php\/produit\/oxyskin-gel-gommant-pour-visage-nettoyant-eclaircissant-75-ml-2\/","og_locale":"fr_FR","og_type":"article","og_title":"OXYSKIN GEL GOMMANT POUR VISAGE NETTOYANT ECLAIRCISSANT 75 ML - Paracherkaoui.ma","og_description":"D\u00e8s la premi\u00e8re utilisation, votre peau est plus douce, plus lisse et visiblement \u00e9clatante. Adapt\u00e9e \u00e0 tous les types de","og_url":"https:\/\/paracherkaoui.ma\/index.php\/produit\/oxyskin-gel-gommant-pour-visage-nettoyant-eclaircissant-75-ml-2\/","og_site_name":"Paracherkaoui.ma","article_modified_time":"2025-12-12T17:15:38+00:00","og_image":[{"width":700,"height":700,"url":"https:\/\/paracherkaoui.ma\/wp-content\/uploads\/2025\/12\/oxyskin-oxyskin-gel-gommant-pour-visage-nettoyant-eclaircissant-75-ml-gommages-visage.jpg","type":"image\/jpeg"}],"twitter_card":"summary_large_image","twitter_misc":{"Dur\u00e9e de lecture estim\u00e9e":"1 minute"},"schema":{"@context":"https:\/\/schema.org","@graph":[{"@type":"WebPage","@id":"https:\/\/paracherkaoui.ma\/index.php\/produit\/oxyskin-gel-gommant-pour-visage-nettoyant-eclaircissant-75-ml-2\/","url":"https:\/\/paracherkaoui.ma\/index.php\/produit\/oxyskin-gel-gommant-pour-visage-nettoyant-eclaircissant-75-ml-2\/","name":"OXYSKIN GEL GOMMANT POUR VISAGE NETTOYANT ECLAIRCISSANT 75 ML - Paracherkaoui.ma","isPartOf":{"@id":"https:\/\/paracherkaoui.ma\/#website"},"primaryImageOfPage":{"@id":"https:\/\/paracherkaoui.ma\/index.php\/produit\/oxyskin-gel-gommant-pour-visage-nettoyant-eclaircissant-75-ml-2\/#primaryimage"},"image":{"@id":"https:\/\/paracherkaoui.ma\/index.php\/produit\/oxyskin-gel-gommant-pour-visage-nettoyant-eclaircissant-75-ml-2\/#primaryimage"},"thumbnailUrl":"https:\/\/paracherkaoui.ma\/wp-content\/uploads\/2025\/12\/oxyskin-oxyskin-gel-gommant-pour-visage-nettoyant-eclaircissant-75-ml-gommages-visage.jpg","datePublished":"2025-12-12T17:15:36+00:00","dateModified":"2025-12-12T17:15:38+00:00","breadcrumb":{"@id":"https:\/\/paracherkaoui.ma\/index.php\/produit\/oxyskin-gel-gommant-pour-visage-nettoyant-eclaircissant-75-ml-2\/#breadcrumb"},"inLanguage":"fr-FR","potentialAction":[{"@type":"ReadAction","target":["https:\/\/paracherkaoui.ma\/index.php\/produit\/oxyskin-gel-gommant-pour-visage-nettoyant-eclaircissant-75-ml-2\/"]}]},{"@type":"ImageObject","inLanguage":"fr-FR","@id":"https:\/\/paracherkaoui.ma\/index.php\/produit\/oxyskin-gel-gommant-pour-visage-nettoyant-eclaircissant-75-ml-2\/#primaryimage","url":"https:\/\/paracherkaoui.ma\/wp-content\/uploads\/2025\/12\/oxyskin-oxyskin-gel-gommant-pour-visage-nettoyant-eclaircissant-75-ml-gommages-visage.jpg","contentUrl":"https:\/\/paracherkaoui.ma\/wp-content\/uploads\/2025\/12\/oxyskin-oxyskin-gel-gommant-pour-visage-nettoyant-eclaircissant-75-ml-gommages-visage.jpg","width":700,"height":700},{"@type":"BreadcrumbList","@id":"https:\/\/paracherkaoui.ma\/index.php\/produit\/oxyskin-gel-gommant-pour-visage-nettoyant-eclaircissant-75-ml-2\/#breadcrumb","itemListElement":[{"@type":"ListItem","position":1,"name":"Accueil","item":"https:\/\/paracherkaoui.ma\/"},{"@type":"ListItem","position":2,"name":"Boutique","item":"https:\/\/paracherkaoui.ma\/index.php\/boutique\/"},{"@type":"ListItem","position":3,"name":"OXYSKIN GEL GOMMANT POUR VISAGE NETTOYANT ECLAIRCISSANT 75 ML"}]},{"@type":"WebSite","@id":"https:\/\/paracherkaoui.ma\/#website","url":"https:\/\/paracherkaoui.ma\/","name":"Paracherkaoui.ma","description":"Achetez en ligne sur Paracherkaoui.ma","potentialAction":[{"@type":"SearchAction","target":{"@type":"EntryPoint","urlTemplate":"https:\/\/paracherkaoui.ma\/?s={search_term_string}"},"query-input":{"@type":"PropertyValueSpecification","valueRequired":true,"valueName":"search_term_string"}}],"inLanguage":"fr-FR"}]}},"_links":{"self":[{"href":"https:\/\/paracherkaoui.ma\/index.php\/wp-json\/wp\/v2\/product\/22050","targetHints":{"allow":["GET"]}}],"collection":[{"href":"https:\/\/paracherkaoui.ma\/index.php\/wp-json\/wp\/v2\/product"}],"about":[{"href":"https:\/\/paracherkaoui.ma\/index.php\/wp-json\/wp\/v2\/types\/product"}],"replies":[{"embeddable":true,"href":"https:\/\/paracherkaoui.ma\/index.php\/wp-json\/wp\/v2\/comments?post=22050"}],"version-history":[{"count":1,"href":"https:\/\/paracherkaoui.ma\/index.php\/wp-json\/wp\/v2\/product\/22050\/revisions"}],"predecessor-version":[{"id":22083,"href":"https:\/\/paracherkaoui.ma\/index.php\/wp-json\/wp\/v2\/product\/22050\/revisions\/22083"}],"wp:featuredmedia":[{"embeddable":true,"href":"https:\/\/paracherkaoui.ma\/index.php\/wp-json\/wp\/v2\/media\/20668"}],"wp:attachment":[{"href":"https:\/\/paracherkaoui.ma\/index.php\/wp-json\/wp\/v2\/media?parent=22050"}],"wp:term":[{"taxonomy":"product_brand","embeddable":true,"href":"https:\/\/paracherkaoui.ma\/index.php\/wp-json\/wp\/v2\/product_brand?post=22050"},{"taxonomy":"product_cat","embeddable":true,"href":"https:\/\/paracherkaoui.ma\/index.php\/wp-json\/wp\/v2\/product_cat?post=22050"},{"taxonomy":"product_tag","embeddable":true,"href":"https:\/\/paracherkaoui.ma\/index.php\/wp-json\/wp\/v2\/product_tag?post=22050"}],"curies":[{"name":"wp","href":"https:\/\/api.w.org\/{rel}","templated":true}]}}