{"id":22006,"date":"2025-12-12T18:15:29","date_gmt":"2025-12-12T17:15:29","guid":{"rendered":"https:\/\/test.ecbeaute.com\/?post_type=product&#038;p=22006"},"modified":"2025-12-12T18:15:36","modified_gmt":"2025-12-12T17:15:36","slug":"swiss-image-absolute-radiance-gommage-150-ml","status":"publish","type":"product","link":"https:\/\/paracherkaoui.ma\/index.php\/produit\/swiss-image-absolute-radiance-gommage-150-ml\/","title":{"rendered":"SWISS IMAGE ABSOLUTE RADIANCE GOMMAGE 150 ML"},"content":{"rendered":"<p>Ce gommage nettoyant \u00e9claircissant est un soin d\u2019exception pour tous types de peaux. Formul\u00e9 avec notre innovant White-Ten Complexe, enrichi en extraits botaniques naturels et en eau pure des glaciers des Alpes Suisses, il offre une exfoliation douce mais efficace. Il agit en profondeur pour \u00e9liminer les cellules mortes et les points noirs, tout en unifiant le teint et en r\u00e9duisant les taches brunes.<br \/>\nCONSEILS D&rsquo;UTILISATION:<br \/>\nAppliquez sur le visage et le cou en \u00e9vitant les yeux et les l\u00e8vres. Massez en mouvements circulaires pendant 2 \u00e0 3 minutes puis rincez abondamment. Utilisez deux fois par semaine pour des r\u00e9sultats optimaux.<\/p>\n","protected":false},"excerpt":{"rendered":"<p>Ce gommage nettoyant \u00e9claircissant est un soin d\u2019exception pour tous types de peaux. Formul\u00e9 avec notre innovant White-Ten Complexe, enrichi<\/p>\n","protected":false},"featured_media":22042,"comment_status":"open","ping_status":"closed","template":"","meta":[],"product_brand":[408],"product_cat":[469],"product_tag":[],"class_list":{"0":"post-22006","1":"product","2":"type-product","3":"status-publish","4":"has-post-thumbnail","6":"product_brand-swiss-image","7":"product_cat-gommages-visage","9":"first","10":"instock","11":"sale","12":"shipping-taxable","13":"purchasable","14":"product-type-simple"},"yoast_head":"<!-- This site is optimized with the Yoast SEO plugin v26.6 - https:\/\/yoast.com\/wordpress\/plugins\/seo\/ -->\r\n<title>SWISS IMAGE ABSOLUTE RADIANCE GOMMAGE 150 ML - Paracherkaoui.ma<\/title>\r\n<meta name=\"robots\" content=\"index, follow, max-snippet:-1, max-image-preview:large, max-video-preview:-1\" \/>\r\n<link rel=\"canonical\" href=\"https:\/\/paracherkaoui.ma\/index.php\/produit\/swiss-image-absolute-radiance-gommage-150-ml\/\" \/>\r\n<meta property=\"og:locale\" content=\"fr_FR\" \/>\r\n<meta property=\"og:type\" content=\"article\" \/>\r\n<meta property=\"og:title\" content=\"SWISS IMAGE ABSOLUTE RADIANCE GOMMAGE 150 ML - Paracherkaoui.ma\" \/>\r\n<meta property=\"og:description\" content=\"Ce gommage nettoyant \u00e9claircissant est un soin d\u2019exception pour tous types de peaux. Formul\u00e9 avec notre innovant White-Ten Complexe, enrichi\" \/>\r\n<meta property=\"og:url\" content=\"https:\/\/paracherkaoui.ma\/index.php\/produit\/swiss-image-absolute-radiance-gommage-150-ml\/\" \/>\r\n<meta property=\"og:site_name\" content=\"Paracherkaoui.ma\" \/>\r\n<meta property=\"article:modified_time\" content=\"2025-12-12T17:15:36+00:00\" \/>\r\n<meta property=\"og:image\" content=\"https:\/\/paracherkaoui.ma\/wp-content\/uploads\/2025\/12\/swiss-image-swiss-image-absolute-radiance-gommage-150-ml-gommages-visage.jpg\" \/>\r\n\t<meta property=\"og:image:width\" content=\"700\" \/>\r\n\t<meta property=\"og:image:height\" content=\"700\" \/>\r\n\t<meta property=\"og:image:type\" content=\"image\/jpeg\" \/>\r\n<meta name=\"twitter:card\" content=\"summary_large_image\" \/>\r\n<meta name=\"twitter:label1\" content=\"Dur\u00e9e de lecture estim\u00e9e\" \/>\n\t<meta name=\"twitter:data1\" content=\"1 minute\" \/>\r\n<script type=\"application\/ld+json\" class=\"yoast-schema-graph\">{\"@context\":\"https:\/\/schema.org\",\"@graph\":[{\"@type\":\"WebPage\",\"@id\":\"https:\/\/paracherkaoui.ma\/index.php\/produit\/swiss-image-absolute-radiance-gommage-150-ml\/\",\"url\":\"https:\/\/paracherkaoui.ma\/index.php\/produit\/swiss-image-absolute-radiance-gommage-150-ml\/\",\"name\":\"SWISS IMAGE ABSOLUTE RADIANCE GOMMAGE 150 ML - Paracherkaoui.ma\",\"isPartOf\":{\"@id\":\"https:\/\/paracherkaoui.ma\/#website\"},\"primaryImageOfPage\":{\"@id\":\"https:\/\/paracherkaoui.ma\/index.php\/produit\/swiss-image-absolute-radiance-gommage-150-ml\/#primaryimage\"},\"image\":{\"@id\":\"https:\/\/paracherkaoui.ma\/index.php\/produit\/swiss-image-absolute-radiance-gommage-150-ml\/#primaryimage\"},\"thumbnailUrl\":\"https:\/\/paracherkaoui.ma\/wp-content\/uploads\/2025\/12\/swiss-image-swiss-image-absolute-radiance-gommage-150-ml-gommages-visage.jpg\",\"datePublished\":\"2025-12-12T17:15:29+00:00\",\"dateModified\":\"2025-12-12T17:15:36+00:00\",\"breadcrumb\":{\"@id\":\"https:\/\/paracherkaoui.ma\/index.php\/produit\/swiss-image-absolute-radiance-gommage-150-ml\/#breadcrumb\"},\"inLanguage\":\"fr-FR\",\"potentialAction\":[{\"@type\":\"ReadAction\",\"target\":[\"https:\/\/paracherkaoui.ma\/index.php\/produit\/swiss-image-absolute-radiance-gommage-150-ml\/\"]}]},{\"@type\":\"ImageObject\",\"inLanguage\":\"fr-FR\",\"@id\":\"https:\/\/paracherkaoui.ma\/index.php\/produit\/swiss-image-absolute-radiance-gommage-150-ml\/#primaryimage\",\"url\":\"https:\/\/paracherkaoui.ma\/wp-content\/uploads\/2025\/12\/swiss-image-swiss-image-absolute-radiance-gommage-150-ml-gommages-visage.jpg\",\"contentUrl\":\"https:\/\/paracherkaoui.ma\/wp-content\/uploads\/2025\/12\/swiss-image-swiss-image-absolute-radiance-gommage-150-ml-gommages-visage.jpg\",\"width\":700,\"height\":700},{\"@type\":\"BreadcrumbList\",\"@id\":\"https:\/\/paracherkaoui.ma\/index.php\/produit\/swiss-image-absolute-radiance-gommage-150-ml\/#breadcrumb\",\"itemListElement\":[{\"@type\":\"ListItem\",\"position\":1,\"name\":\"Accueil\",\"item\":\"https:\/\/paracherkaoui.ma\/\"},{\"@type\":\"ListItem\",\"position\":2,\"name\":\"Boutique\",\"item\":\"https:\/\/paracherkaoui.ma\/index.php\/boutique\/\"},{\"@type\":\"ListItem\",\"position\":3,\"name\":\"SWISS IMAGE ABSOLUTE RADIANCE GOMMAGE 150 ML\"}]},{\"@type\":\"WebSite\",\"@id\":\"https:\/\/paracherkaoui.ma\/#website\",\"url\":\"https:\/\/paracherkaoui.ma\/\",\"name\":\"Paracherkaoui.ma\",\"description\":\"Achetez en ligne sur Paracherkaoui.ma\",\"potentialAction\":[{\"@type\":\"SearchAction\",\"target\":{\"@type\":\"EntryPoint\",\"urlTemplate\":\"https:\/\/paracherkaoui.ma\/?s={search_term_string}\"},\"query-input\":{\"@type\":\"PropertyValueSpecification\",\"valueRequired\":true,\"valueName\":\"search_term_string\"}}],\"inLanguage\":\"fr-FR\"}]}<\/script>\r\n<!-- \/ Yoast SEO plugin. -->","yoast_head_json":{"title":"SWISS IMAGE ABSOLUTE RADIANCE GOMMAGE 150 ML - Paracherkaoui.ma","robots":{"index":"index","follow":"follow","max-snippet":"max-snippet:-1","max-image-preview":"max-image-preview:large","max-video-preview":"max-video-preview:-1"},"canonical":"https:\/\/paracherkaoui.ma\/index.php\/produit\/swiss-image-absolute-radiance-gommage-150-ml\/","og_locale":"fr_FR","og_type":"article","og_title":"SWISS IMAGE ABSOLUTE RADIANCE GOMMAGE 150 ML - Paracherkaoui.ma","og_description":"Ce gommage nettoyant \u00e9claircissant est un soin d\u2019exception pour tous types de peaux. Formul\u00e9 avec notre innovant White-Ten Complexe, enrichi","og_url":"https:\/\/paracherkaoui.ma\/index.php\/produit\/swiss-image-absolute-radiance-gommage-150-ml\/","og_site_name":"Paracherkaoui.ma","article_modified_time":"2025-12-12T17:15:36+00:00","og_image":[{"width":700,"height":700,"url":"https:\/\/paracherkaoui.ma\/wp-content\/uploads\/2025\/12\/swiss-image-swiss-image-absolute-radiance-gommage-150-ml-gommages-visage.jpg","type":"image\/jpeg"}],"twitter_card":"summary_large_image","twitter_misc":{"Dur\u00e9e de lecture estim\u00e9e":"1 minute"},"schema":{"@context":"https:\/\/schema.org","@graph":[{"@type":"WebPage","@id":"https:\/\/paracherkaoui.ma\/index.php\/produit\/swiss-image-absolute-radiance-gommage-150-ml\/","url":"https:\/\/paracherkaoui.ma\/index.php\/produit\/swiss-image-absolute-radiance-gommage-150-ml\/","name":"SWISS IMAGE ABSOLUTE RADIANCE GOMMAGE 150 ML - Paracherkaoui.ma","isPartOf":{"@id":"https:\/\/paracherkaoui.ma\/#website"},"primaryImageOfPage":{"@id":"https:\/\/paracherkaoui.ma\/index.php\/produit\/swiss-image-absolute-radiance-gommage-150-ml\/#primaryimage"},"image":{"@id":"https:\/\/paracherkaoui.ma\/index.php\/produit\/swiss-image-absolute-radiance-gommage-150-ml\/#primaryimage"},"thumbnailUrl":"https:\/\/paracherkaoui.ma\/wp-content\/uploads\/2025\/12\/swiss-image-swiss-image-absolute-radiance-gommage-150-ml-gommages-visage.jpg","datePublished":"2025-12-12T17:15:29+00:00","dateModified":"2025-12-12T17:15:36+00:00","breadcrumb":{"@id":"https:\/\/paracherkaoui.ma\/index.php\/produit\/swiss-image-absolute-radiance-gommage-150-ml\/#breadcrumb"},"inLanguage":"fr-FR","potentialAction":[{"@type":"ReadAction","target":["https:\/\/paracherkaoui.ma\/index.php\/produit\/swiss-image-absolute-radiance-gommage-150-ml\/"]}]},{"@type":"ImageObject","inLanguage":"fr-FR","@id":"https:\/\/paracherkaoui.ma\/index.php\/produit\/swiss-image-absolute-radiance-gommage-150-ml\/#primaryimage","url":"https:\/\/paracherkaoui.ma\/wp-content\/uploads\/2025\/12\/swiss-image-swiss-image-absolute-radiance-gommage-150-ml-gommages-visage.jpg","contentUrl":"https:\/\/paracherkaoui.ma\/wp-content\/uploads\/2025\/12\/swiss-image-swiss-image-absolute-radiance-gommage-150-ml-gommages-visage.jpg","width":700,"height":700},{"@type":"BreadcrumbList","@id":"https:\/\/paracherkaoui.ma\/index.php\/produit\/swiss-image-absolute-radiance-gommage-150-ml\/#breadcrumb","itemListElement":[{"@type":"ListItem","position":1,"name":"Accueil","item":"https:\/\/paracherkaoui.ma\/"},{"@type":"ListItem","position":2,"name":"Boutique","item":"https:\/\/paracherkaoui.ma\/index.php\/boutique\/"},{"@type":"ListItem","position":3,"name":"SWISS IMAGE ABSOLUTE RADIANCE GOMMAGE 150 ML"}]},{"@type":"WebSite","@id":"https:\/\/paracherkaoui.ma\/#website","url":"https:\/\/paracherkaoui.ma\/","name":"Paracherkaoui.ma","description":"Achetez en ligne sur Paracherkaoui.ma","potentialAction":[{"@type":"SearchAction","target":{"@type":"EntryPoint","urlTemplate":"https:\/\/paracherkaoui.ma\/?s={search_term_string}"},"query-input":{"@type":"PropertyValueSpecification","valueRequired":true,"valueName":"search_term_string"}}],"inLanguage":"fr-FR"}]}},"_links":{"self":[{"href":"https:\/\/paracherkaoui.ma\/index.php\/wp-json\/wp\/v2\/product\/22006","targetHints":{"allow":["GET"]}}],"collection":[{"href":"https:\/\/paracherkaoui.ma\/index.php\/wp-json\/wp\/v2\/product"}],"about":[{"href":"https:\/\/paracherkaoui.ma\/index.php\/wp-json\/wp\/v2\/types\/product"}],"replies":[{"embeddable":true,"href":"https:\/\/paracherkaoui.ma\/index.php\/wp-json\/wp\/v2\/comments?post=22006"}],"version-history":[{"count":1,"href":"https:\/\/paracherkaoui.ma\/index.php\/wp-json\/wp\/v2\/product\/22006\/revisions"}],"predecessor-version":[{"id":22043,"href":"https:\/\/paracherkaoui.ma\/index.php\/wp-json\/wp\/v2\/product\/22006\/revisions\/22043"}],"wp:featuredmedia":[{"embeddable":true,"href":"https:\/\/paracherkaoui.ma\/index.php\/wp-json\/wp\/v2\/media\/22042"}],"wp:attachment":[{"href":"https:\/\/paracherkaoui.ma\/index.php\/wp-json\/wp\/v2\/media?parent=22006"}],"wp:term":[{"taxonomy":"product_brand","embeddable":true,"href":"https:\/\/paracherkaoui.ma\/index.php\/wp-json\/wp\/v2\/product_brand?post=22006"},{"taxonomy":"product_cat","embeddable":true,"href":"https:\/\/paracherkaoui.ma\/index.php\/wp-json\/wp\/v2\/product_cat?post=22006"},{"taxonomy":"product_tag","embeddable":true,"href":"https:\/\/paracherkaoui.ma\/index.php\/wp-json\/wp\/v2\/product_tag?post=22006"}],"curies":[{"name":"wp","href":"https:\/\/api.w.org\/{rel}","templated":true}]}}