{"id":21981,"date":"2025-12-12T18:15:27","date_gmt":"2025-12-12T17:15:27","guid":{"rendered":"https:\/\/test.ecbeaute.com\/?post_type=product&#038;p=21981"},"modified":"2025-12-12T18:15:30","modified_gmt":"2025-12-12T17:15:30","slug":"isdin-glicoisdin-15-moderate-gel-50-g-3","status":"publish","type":"product","link":"https:\/\/paracherkaoui.ma\/index.php\/produit\/isdin-glicoisdin-15-moderate-gel-50-g-3\/","title":{"rendered":"ISDIN GLICOISDIN 15 MODERATE GEL 50 G"},"content":{"rendered":"<p>Description:<br \/>\nGel pour le visage avec un effet peeling;Gel pour le visage formul\u00e9 avec 15 % d\u2019acide glycolique partiellement neutralis\u00e9 (\u00e9quivalent \u00e0 6,1 % d\u2019acide glycolique libre) qui exfolie la surface de la peau, contribuant \u00e0 en lisser la texture et \u00e0 favoriser le processus de renouvellement de la peau.Sa teneur en Aloe Vera<br \/>\nConseils d&rsquo;utilisation:<br \/>\nAppliquer sur une peau propre par le biais d\u2019un l\u00e9ger massage jusqu\u2019\u00e0 son absorption compl\u00e8te. Commencer toujours par de faibles concentrations d\u2019acide glycolique et augmenter en fonction de la tol\u00e9rance. Appliquer de pr\u00e9f\u00e9rence le soir. Son utilisation quotidienne n\u00e9cessite l\u2019utilisation simultan\u00e9e d\u2019un photoprotecteur pour le visage.<\/p>\n","protected":false},"excerpt":{"rendered":"<p>Description: Gel pour le visage avec un effet peeling;Gel pour le visage formul\u00e9 avec 15 % d\u2019acide glycolique partiellement neutralis\u00e9<\/p>\n","protected":false},"featured_media":12449,"comment_status":"open","ping_status":"closed","template":"","meta":[],"product_brand":[135],"product_cat":[469],"product_tag":[],"class_list":{"0":"post-21981","1":"product","2":"type-product","3":"status-publish","4":"has-post-thumbnail","6":"product_brand-isdin","7":"product_cat-gommages-visage","9":"first","10":"instock","11":"sale","12":"shipping-taxable","13":"purchasable","14":"product-type-simple"},"yoast_head":"<!-- This site is optimized with the Yoast SEO plugin v26.6 - https:\/\/yoast.com\/wordpress\/plugins\/seo\/ -->\r\n<title>ISDIN GLICOISDIN 15 MODERATE GEL 50 G - Paracherkaoui.ma<\/title>\r\n<meta name=\"robots\" content=\"index, follow, max-snippet:-1, max-image-preview:large, max-video-preview:-1\" \/>\r\n<link rel=\"canonical\" href=\"https:\/\/paracherkaoui.ma\/index.php\/produit\/isdin-glicoisdin-15-moderate-gel-50-g-3\/\" \/>\r\n<meta property=\"og:locale\" content=\"fr_FR\" \/>\r\n<meta property=\"og:type\" content=\"article\" \/>\r\n<meta property=\"og:title\" content=\"ISDIN GLICOISDIN 15 MODERATE GEL 50 G - Paracherkaoui.ma\" \/>\r\n<meta property=\"og:description\" content=\"Description: Gel pour le visage avec un effet peeling;Gel pour le visage formul\u00e9 avec 15 % d\u2019acide glycolique partiellement neutralis\u00e9\" \/>\r\n<meta property=\"og:url\" content=\"https:\/\/paracherkaoui.ma\/index.php\/produit\/isdin-glicoisdin-15-moderate-gel-50-g-3\/\" \/>\r\n<meta property=\"og:site_name\" content=\"Paracherkaoui.ma\" \/>\r\n<meta property=\"article:modified_time\" content=\"2025-12-12T17:15:30+00:00\" \/>\r\n<meta property=\"og:image\" content=\"https:\/\/paracherkaoui.ma\/wp-content\/uploads\/2025\/12\/isdin-isdin-glicoisdin-15-moderate-gel-50-g-gommages-visage.jpg\" \/>\r\n\t<meta property=\"og:image:width\" content=\"700\" \/>\r\n\t<meta property=\"og:image:height\" content=\"700\" \/>\r\n\t<meta property=\"og:image:type\" content=\"image\/jpeg\" \/>\r\n<meta name=\"twitter:card\" content=\"summary_large_image\" \/>\r\n<meta name=\"twitter:label1\" content=\"Dur\u00e9e de lecture estim\u00e9e\" \/>\n\t<meta name=\"twitter:data1\" content=\"1 minute\" \/>\r\n<script type=\"application\/ld+json\" class=\"yoast-schema-graph\">{\"@context\":\"https:\/\/schema.org\",\"@graph\":[{\"@type\":\"WebPage\",\"@id\":\"https:\/\/paracherkaoui.ma\/index.php\/produit\/isdin-glicoisdin-15-moderate-gel-50-g-3\/\",\"url\":\"https:\/\/paracherkaoui.ma\/index.php\/produit\/isdin-glicoisdin-15-moderate-gel-50-g-3\/\",\"name\":\"ISDIN GLICOISDIN 15 MODERATE GEL 50 G - Paracherkaoui.ma\",\"isPartOf\":{\"@id\":\"https:\/\/paracherkaoui.ma\/#website\"},\"primaryImageOfPage\":{\"@id\":\"https:\/\/paracherkaoui.ma\/index.php\/produit\/isdin-glicoisdin-15-moderate-gel-50-g-3\/#primaryimage\"},\"image\":{\"@id\":\"https:\/\/paracherkaoui.ma\/index.php\/produit\/isdin-glicoisdin-15-moderate-gel-50-g-3\/#primaryimage\"},\"thumbnailUrl\":\"https:\/\/paracherkaoui.ma\/wp-content\/uploads\/2025\/12\/isdin-isdin-glicoisdin-15-moderate-gel-50-g-gommages-visage.jpg\",\"datePublished\":\"2025-12-12T17:15:27+00:00\",\"dateModified\":\"2025-12-12T17:15:30+00:00\",\"breadcrumb\":{\"@id\":\"https:\/\/paracherkaoui.ma\/index.php\/produit\/isdin-glicoisdin-15-moderate-gel-50-g-3\/#breadcrumb\"},\"inLanguage\":\"fr-FR\",\"potentialAction\":[{\"@type\":\"ReadAction\",\"target\":[\"https:\/\/paracherkaoui.ma\/index.php\/produit\/isdin-glicoisdin-15-moderate-gel-50-g-3\/\"]}]},{\"@type\":\"ImageObject\",\"inLanguage\":\"fr-FR\",\"@id\":\"https:\/\/paracherkaoui.ma\/index.php\/produit\/isdin-glicoisdin-15-moderate-gel-50-g-3\/#primaryimage\",\"url\":\"https:\/\/paracherkaoui.ma\/wp-content\/uploads\/2025\/12\/isdin-isdin-glicoisdin-15-moderate-gel-50-g-gommages-visage.jpg\",\"contentUrl\":\"https:\/\/paracherkaoui.ma\/wp-content\/uploads\/2025\/12\/isdin-isdin-glicoisdin-15-moderate-gel-50-g-gommages-visage.jpg\",\"width\":700,\"height\":700},{\"@type\":\"BreadcrumbList\",\"@id\":\"https:\/\/paracherkaoui.ma\/index.php\/produit\/isdin-glicoisdin-15-moderate-gel-50-g-3\/#breadcrumb\",\"itemListElement\":[{\"@type\":\"ListItem\",\"position\":1,\"name\":\"Accueil\",\"item\":\"https:\/\/paracherkaoui.ma\/\"},{\"@type\":\"ListItem\",\"position\":2,\"name\":\"Boutique\",\"item\":\"https:\/\/paracherkaoui.ma\/index.php\/boutique\/\"},{\"@type\":\"ListItem\",\"position\":3,\"name\":\"ISDIN GLICOISDIN 15 MODERATE GEL 50 G\"}]},{\"@type\":\"WebSite\",\"@id\":\"https:\/\/paracherkaoui.ma\/#website\",\"url\":\"https:\/\/paracherkaoui.ma\/\",\"name\":\"Paracherkaoui.ma\",\"description\":\"Achetez en ligne sur Paracherkaoui.ma\",\"potentialAction\":[{\"@type\":\"SearchAction\",\"target\":{\"@type\":\"EntryPoint\",\"urlTemplate\":\"https:\/\/paracherkaoui.ma\/?s={search_term_string}\"},\"query-input\":{\"@type\":\"PropertyValueSpecification\",\"valueRequired\":true,\"valueName\":\"search_term_string\"}}],\"inLanguage\":\"fr-FR\"}]}<\/script>\r\n<!-- \/ Yoast SEO plugin. -->","yoast_head_json":{"title":"ISDIN GLICOISDIN 15 MODERATE GEL 50 G - Paracherkaoui.ma","robots":{"index":"index","follow":"follow","max-snippet":"max-snippet:-1","max-image-preview":"max-image-preview:large","max-video-preview":"max-video-preview:-1"},"canonical":"https:\/\/paracherkaoui.ma\/index.php\/produit\/isdin-glicoisdin-15-moderate-gel-50-g-3\/","og_locale":"fr_FR","og_type":"article","og_title":"ISDIN GLICOISDIN 15 MODERATE GEL 50 G - Paracherkaoui.ma","og_description":"Description: Gel pour le visage avec un effet peeling;Gel pour le visage formul\u00e9 avec 15 % d\u2019acide glycolique partiellement neutralis\u00e9","og_url":"https:\/\/paracherkaoui.ma\/index.php\/produit\/isdin-glicoisdin-15-moderate-gel-50-g-3\/","og_site_name":"Paracherkaoui.ma","article_modified_time":"2025-12-12T17:15:30+00:00","og_image":[{"width":700,"height":700,"url":"https:\/\/paracherkaoui.ma\/wp-content\/uploads\/2025\/12\/isdin-isdin-glicoisdin-15-moderate-gel-50-g-gommages-visage.jpg","type":"image\/jpeg"}],"twitter_card":"summary_large_image","twitter_misc":{"Dur\u00e9e de lecture estim\u00e9e":"1 minute"},"schema":{"@context":"https:\/\/schema.org","@graph":[{"@type":"WebPage","@id":"https:\/\/paracherkaoui.ma\/index.php\/produit\/isdin-glicoisdin-15-moderate-gel-50-g-3\/","url":"https:\/\/paracherkaoui.ma\/index.php\/produit\/isdin-glicoisdin-15-moderate-gel-50-g-3\/","name":"ISDIN GLICOISDIN 15 MODERATE GEL 50 G - Paracherkaoui.ma","isPartOf":{"@id":"https:\/\/paracherkaoui.ma\/#website"},"primaryImageOfPage":{"@id":"https:\/\/paracherkaoui.ma\/index.php\/produit\/isdin-glicoisdin-15-moderate-gel-50-g-3\/#primaryimage"},"image":{"@id":"https:\/\/paracherkaoui.ma\/index.php\/produit\/isdin-glicoisdin-15-moderate-gel-50-g-3\/#primaryimage"},"thumbnailUrl":"https:\/\/paracherkaoui.ma\/wp-content\/uploads\/2025\/12\/isdin-isdin-glicoisdin-15-moderate-gel-50-g-gommages-visage.jpg","datePublished":"2025-12-12T17:15:27+00:00","dateModified":"2025-12-12T17:15:30+00:00","breadcrumb":{"@id":"https:\/\/paracherkaoui.ma\/index.php\/produit\/isdin-glicoisdin-15-moderate-gel-50-g-3\/#breadcrumb"},"inLanguage":"fr-FR","potentialAction":[{"@type":"ReadAction","target":["https:\/\/paracherkaoui.ma\/index.php\/produit\/isdin-glicoisdin-15-moderate-gel-50-g-3\/"]}]},{"@type":"ImageObject","inLanguage":"fr-FR","@id":"https:\/\/paracherkaoui.ma\/index.php\/produit\/isdin-glicoisdin-15-moderate-gel-50-g-3\/#primaryimage","url":"https:\/\/paracherkaoui.ma\/wp-content\/uploads\/2025\/12\/isdin-isdin-glicoisdin-15-moderate-gel-50-g-gommages-visage.jpg","contentUrl":"https:\/\/paracherkaoui.ma\/wp-content\/uploads\/2025\/12\/isdin-isdin-glicoisdin-15-moderate-gel-50-g-gommages-visage.jpg","width":700,"height":700},{"@type":"BreadcrumbList","@id":"https:\/\/paracherkaoui.ma\/index.php\/produit\/isdin-glicoisdin-15-moderate-gel-50-g-3\/#breadcrumb","itemListElement":[{"@type":"ListItem","position":1,"name":"Accueil","item":"https:\/\/paracherkaoui.ma\/"},{"@type":"ListItem","position":2,"name":"Boutique","item":"https:\/\/paracherkaoui.ma\/index.php\/boutique\/"},{"@type":"ListItem","position":3,"name":"ISDIN GLICOISDIN 15 MODERATE GEL 50 G"}]},{"@type":"WebSite","@id":"https:\/\/paracherkaoui.ma\/#website","url":"https:\/\/paracherkaoui.ma\/","name":"Paracherkaoui.ma","description":"Achetez en ligne sur Paracherkaoui.ma","potentialAction":[{"@type":"SearchAction","target":{"@type":"EntryPoint","urlTemplate":"https:\/\/paracherkaoui.ma\/?s={search_term_string}"},"query-input":{"@type":"PropertyValueSpecification","valueRequired":true,"valueName":"search_term_string"}}],"inLanguage":"fr-FR"}]}},"_links":{"self":[{"href":"https:\/\/paracherkaoui.ma\/index.php\/wp-json\/wp\/v2\/product\/21981","targetHints":{"allow":["GET"]}}],"collection":[{"href":"https:\/\/paracherkaoui.ma\/index.php\/wp-json\/wp\/v2\/product"}],"about":[{"href":"https:\/\/paracherkaoui.ma\/index.php\/wp-json\/wp\/v2\/types\/product"}],"replies":[{"embeddable":true,"href":"https:\/\/paracherkaoui.ma\/index.php\/wp-json\/wp\/v2\/comments?post=21981"}],"version-history":[{"count":1,"href":"https:\/\/paracherkaoui.ma\/index.php\/wp-json\/wp\/v2\/product\/21981\/revisions"}],"predecessor-version":[{"id":22012,"href":"https:\/\/paracherkaoui.ma\/index.php\/wp-json\/wp\/v2\/product\/21981\/revisions\/22012"}],"wp:featuredmedia":[{"embeddable":true,"href":"https:\/\/paracherkaoui.ma\/index.php\/wp-json\/wp\/v2\/media\/12449"}],"wp:attachment":[{"href":"https:\/\/paracherkaoui.ma\/index.php\/wp-json\/wp\/v2\/media?parent=21981"}],"wp:term":[{"taxonomy":"product_brand","embeddable":true,"href":"https:\/\/paracherkaoui.ma\/index.php\/wp-json\/wp\/v2\/product_brand?post=21981"},{"taxonomy":"product_cat","embeddable":true,"href":"https:\/\/paracherkaoui.ma\/index.php\/wp-json\/wp\/v2\/product_cat?post=21981"},{"taxonomy":"product_tag","embeddable":true,"href":"https:\/\/paracherkaoui.ma\/index.php\/wp-json\/wp\/v2\/product_tag?post=21981"}],"curies":[{"name":"wp","href":"https:\/\/api.w.org\/{rel}","templated":true}]}}