{"id":21979,"date":"2025-12-12T18:15:27","date_gmt":"2025-12-12T17:15:27","guid":{"rendered":"https:\/\/test.ecbeaute.com\/?post_type=product&#038;p=21979"},"modified":"2025-12-12T18:15:30","modified_gmt":"2025-12-12T17:15:30","slug":"caudalie-creme-exfoliante-desincrustante-75-ml-2","status":"publish","type":"product","link":"https:\/\/paracherkaoui.ma\/index.php\/produit\/caudalie-creme-exfoliante-desincrustante-75-ml-2\/","title":{"rendered":"CAUDALIE CREME EXFOLIANTE DESINCRUSTANTE 75 ML"},"content":{"rendered":"<p>Caudalie Cr\u00e8me Exfoliante D\u00e9sincrustante 75 ml est une cr\u00e8me qui permet de purifier et d\u2019affiner le grain de peau. Elle convient \u00e0 tous les types de peau et particuli\u00e8rement aux peaux mixtes \u00e0 grasses.<br \/>\nCette cr\u00e8me d\u00e9sincrustante contient des micro-grains exfoliants ainsi que de la pulpe de raisin pour une exfoliation de la peau tout en douceur.<br \/>\nSa texture \u00ab cr\u00e8me fouett\u00e9e \u00bb s\u2019applique instantan\u00e9ment et laisse sur votre peau un d\u00e9licieux parfum de pamplemousse, de menthe et d\u2019orange douce.<br \/>\nEn quelques gestes, la peau est purifi\u00e9e et le grain de peau affin\u00e9e.<br \/>\nCompos\u00e9e \u00e0 97% d\u2019ingr\u00e9dients d\u2019origine naturelle.<br \/>\nCONSEIL D\u2019UTILISATION<\/p>\n<p>Pour un teint z\u00e9ro d\u00e9faut, appliquez la cr\u00e8me exfoliante d\u00e9sincrustante 2 fois par semaine sur visage humide. Massez d\u00e9licatement puis rincez \u00e0 l\u2019eau.<\/p>\n","protected":false},"excerpt":{"rendered":"<p>Caudalie Cr\u00e8me Exfoliante D\u00e9sincrustante 75 ml est une cr\u00e8me qui permet de purifier et d\u2019affiner le grain de peau. Elle<\/p>\n","protected":false},"featured_media":20088,"comment_status":"open","ping_status":"closed","template":"","meta":[],"product_brand":[358],"product_cat":[469],"product_tag":[],"class_list":{"0":"post-21979","1":"product","2":"type-product","3":"status-publish","4":"has-post-thumbnail","6":"product_brand-caudalie","7":"product_cat-gommages-visage","9":"first","10":"instock","11":"shipping-taxable","12":"purchasable","13":"product-type-simple"},"yoast_head":"<!-- This site is optimized with the Yoast SEO plugin v26.6 - https:\/\/yoast.com\/wordpress\/plugins\/seo\/ -->\r\n<title>CAUDALIE CREME EXFOLIANTE DESINCRUSTANTE 75 ML - Paracherkaoui.ma<\/title>\r\n<meta name=\"robots\" content=\"index, follow, max-snippet:-1, max-image-preview:large, max-video-preview:-1\" \/>\r\n<link rel=\"canonical\" href=\"https:\/\/paracherkaoui.ma\/index.php\/produit\/caudalie-creme-exfoliante-desincrustante-75-ml-2\/\" \/>\r\n<meta property=\"og:locale\" content=\"fr_FR\" \/>\r\n<meta property=\"og:type\" content=\"article\" \/>\r\n<meta property=\"og:title\" content=\"CAUDALIE CREME EXFOLIANTE DESINCRUSTANTE 75 ML - Paracherkaoui.ma\" \/>\r\n<meta property=\"og:description\" content=\"Caudalie Cr\u00e8me Exfoliante D\u00e9sincrustante 75 ml est une cr\u00e8me qui permet de purifier et d\u2019affiner le grain de peau. Elle\" \/>\r\n<meta property=\"og:url\" content=\"https:\/\/paracherkaoui.ma\/index.php\/produit\/caudalie-creme-exfoliante-desincrustante-75-ml-2\/\" \/>\r\n<meta property=\"og:site_name\" content=\"Paracherkaoui.ma\" \/>\r\n<meta property=\"article:modified_time\" content=\"2025-12-12T17:15:30+00:00\" \/>\r\n<meta property=\"og:image\" content=\"https:\/\/paracherkaoui.ma\/wp-content\/uploads\/2025\/12\/caudalie-caudalie-creme-exfoliante-desincrustante-75-ml-gommages-visage.jpg\" \/>\r\n\t<meta property=\"og:image:width\" content=\"700\" \/>\r\n\t<meta property=\"og:image:height\" content=\"700\" \/>\r\n\t<meta property=\"og:image:type\" content=\"image\/jpeg\" \/>\r\n<meta name=\"twitter:card\" content=\"summary_large_image\" \/>\r\n<meta name=\"twitter:label1\" content=\"Dur\u00e9e de lecture estim\u00e9e\" \/>\n\t<meta name=\"twitter:data1\" content=\"1 minute\" \/>\r\n<script type=\"application\/ld+json\" class=\"yoast-schema-graph\">{\"@context\":\"https:\/\/schema.org\",\"@graph\":[{\"@type\":\"WebPage\",\"@id\":\"https:\/\/paracherkaoui.ma\/index.php\/produit\/caudalie-creme-exfoliante-desincrustante-75-ml-2\/\",\"url\":\"https:\/\/paracherkaoui.ma\/index.php\/produit\/caudalie-creme-exfoliante-desincrustante-75-ml-2\/\",\"name\":\"CAUDALIE CREME EXFOLIANTE DESINCRUSTANTE 75 ML - Paracherkaoui.ma\",\"isPartOf\":{\"@id\":\"https:\/\/paracherkaoui.ma\/#website\"},\"primaryImageOfPage\":{\"@id\":\"https:\/\/paracherkaoui.ma\/index.php\/produit\/caudalie-creme-exfoliante-desincrustante-75-ml-2\/#primaryimage\"},\"image\":{\"@id\":\"https:\/\/paracherkaoui.ma\/index.php\/produit\/caudalie-creme-exfoliante-desincrustante-75-ml-2\/#primaryimage\"},\"thumbnailUrl\":\"https:\/\/paracherkaoui.ma\/wp-content\/uploads\/2025\/12\/caudalie-caudalie-creme-exfoliante-desincrustante-75-ml-gommages-visage.jpg\",\"datePublished\":\"2025-12-12T17:15:27+00:00\",\"dateModified\":\"2025-12-12T17:15:30+00:00\",\"breadcrumb\":{\"@id\":\"https:\/\/paracherkaoui.ma\/index.php\/produit\/caudalie-creme-exfoliante-desincrustante-75-ml-2\/#breadcrumb\"},\"inLanguage\":\"fr-FR\",\"potentialAction\":[{\"@type\":\"ReadAction\",\"target\":[\"https:\/\/paracherkaoui.ma\/index.php\/produit\/caudalie-creme-exfoliante-desincrustante-75-ml-2\/\"]}]},{\"@type\":\"ImageObject\",\"inLanguage\":\"fr-FR\",\"@id\":\"https:\/\/paracherkaoui.ma\/index.php\/produit\/caudalie-creme-exfoliante-desincrustante-75-ml-2\/#primaryimage\",\"url\":\"https:\/\/paracherkaoui.ma\/wp-content\/uploads\/2025\/12\/caudalie-caudalie-creme-exfoliante-desincrustante-75-ml-gommages-visage.jpg\",\"contentUrl\":\"https:\/\/paracherkaoui.ma\/wp-content\/uploads\/2025\/12\/caudalie-caudalie-creme-exfoliante-desincrustante-75-ml-gommages-visage.jpg\",\"width\":700,\"height\":700},{\"@type\":\"BreadcrumbList\",\"@id\":\"https:\/\/paracherkaoui.ma\/index.php\/produit\/caudalie-creme-exfoliante-desincrustante-75-ml-2\/#breadcrumb\",\"itemListElement\":[{\"@type\":\"ListItem\",\"position\":1,\"name\":\"Accueil\",\"item\":\"https:\/\/paracherkaoui.ma\/\"},{\"@type\":\"ListItem\",\"position\":2,\"name\":\"Boutique\",\"item\":\"https:\/\/paracherkaoui.ma\/index.php\/boutique\/\"},{\"@type\":\"ListItem\",\"position\":3,\"name\":\"CAUDALIE CREME EXFOLIANTE DESINCRUSTANTE 75 ML\"}]},{\"@type\":\"WebSite\",\"@id\":\"https:\/\/paracherkaoui.ma\/#website\",\"url\":\"https:\/\/paracherkaoui.ma\/\",\"name\":\"Paracherkaoui.ma\",\"description\":\"Achetez en ligne sur Paracherkaoui.ma\",\"potentialAction\":[{\"@type\":\"SearchAction\",\"target\":{\"@type\":\"EntryPoint\",\"urlTemplate\":\"https:\/\/paracherkaoui.ma\/?s={search_term_string}\"},\"query-input\":{\"@type\":\"PropertyValueSpecification\",\"valueRequired\":true,\"valueName\":\"search_term_string\"}}],\"inLanguage\":\"fr-FR\"}]}<\/script>\r\n<!-- \/ Yoast SEO plugin. -->","yoast_head_json":{"title":"CAUDALIE CREME EXFOLIANTE DESINCRUSTANTE 75 ML - Paracherkaoui.ma","robots":{"index":"index","follow":"follow","max-snippet":"max-snippet:-1","max-image-preview":"max-image-preview:large","max-video-preview":"max-video-preview:-1"},"canonical":"https:\/\/paracherkaoui.ma\/index.php\/produit\/caudalie-creme-exfoliante-desincrustante-75-ml-2\/","og_locale":"fr_FR","og_type":"article","og_title":"CAUDALIE CREME EXFOLIANTE DESINCRUSTANTE 75 ML - Paracherkaoui.ma","og_description":"Caudalie Cr\u00e8me Exfoliante D\u00e9sincrustante 75 ml est une cr\u00e8me qui permet de purifier et d\u2019affiner le grain de peau. Elle","og_url":"https:\/\/paracherkaoui.ma\/index.php\/produit\/caudalie-creme-exfoliante-desincrustante-75-ml-2\/","og_site_name":"Paracherkaoui.ma","article_modified_time":"2025-12-12T17:15:30+00:00","og_image":[{"width":700,"height":700,"url":"https:\/\/paracherkaoui.ma\/wp-content\/uploads\/2025\/12\/caudalie-caudalie-creme-exfoliante-desincrustante-75-ml-gommages-visage.jpg","type":"image\/jpeg"}],"twitter_card":"summary_large_image","twitter_misc":{"Dur\u00e9e de lecture estim\u00e9e":"1 minute"},"schema":{"@context":"https:\/\/schema.org","@graph":[{"@type":"WebPage","@id":"https:\/\/paracherkaoui.ma\/index.php\/produit\/caudalie-creme-exfoliante-desincrustante-75-ml-2\/","url":"https:\/\/paracherkaoui.ma\/index.php\/produit\/caudalie-creme-exfoliante-desincrustante-75-ml-2\/","name":"CAUDALIE CREME EXFOLIANTE DESINCRUSTANTE 75 ML - Paracherkaoui.ma","isPartOf":{"@id":"https:\/\/paracherkaoui.ma\/#website"},"primaryImageOfPage":{"@id":"https:\/\/paracherkaoui.ma\/index.php\/produit\/caudalie-creme-exfoliante-desincrustante-75-ml-2\/#primaryimage"},"image":{"@id":"https:\/\/paracherkaoui.ma\/index.php\/produit\/caudalie-creme-exfoliante-desincrustante-75-ml-2\/#primaryimage"},"thumbnailUrl":"https:\/\/paracherkaoui.ma\/wp-content\/uploads\/2025\/12\/caudalie-caudalie-creme-exfoliante-desincrustante-75-ml-gommages-visage.jpg","datePublished":"2025-12-12T17:15:27+00:00","dateModified":"2025-12-12T17:15:30+00:00","breadcrumb":{"@id":"https:\/\/paracherkaoui.ma\/index.php\/produit\/caudalie-creme-exfoliante-desincrustante-75-ml-2\/#breadcrumb"},"inLanguage":"fr-FR","potentialAction":[{"@type":"ReadAction","target":["https:\/\/paracherkaoui.ma\/index.php\/produit\/caudalie-creme-exfoliante-desincrustante-75-ml-2\/"]}]},{"@type":"ImageObject","inLanguage":"fr-FR","@id":"https:\/\/paracherkaoui.ma\/index.php\/produit\/caudalie-creme-exfoliante-desincrustante-75-ml-2\/#primaryimage","url":"https:\/\/paracherkaoui.ma\/wp-content\/uploads\/2025\/12\/caudalie-caudalie-creme-exfoliante-desincrustante-75-ml-gommages-visage.jpg","contentUrl":"https:\/\/paracherkaoui.ma\/wp-content\/uploads\/2025\/12\/caudalie-caudalie-creme-exfoliante-desincrustante-75-ml-gommages-visage.jpg","width":700,"height":700},{"@type":"BreadcrumbList","@id":"https:\/\/paracherkaoui.ma\/index.php\/produit\/caudalie-creme-exfoliante-desincrustante-75-ml-2\/#breadcrumb","itemListElement":[{"@type":"ListItem","position":1,"name":"Accueil","item":"https:\/\/paracherkaoui.ma\/"},{"@type":"ListItem","position":2,"name":"Boutique","item":"https:\/\/paracherkaoui.ma\/index.php\/boutique\/"},{"@type":"ListItem","position":3,"name":"CAUDALIE CREME EXFOLIANTE DESINCRUSTANTE 75 ML"}]},{"@type":"WebSite","@id":"https:\/\/paracherkaoui.ma\/#website","url":"https:\/\/paracherkaoui.ma\/","name":"Paracherkaoui.ma","description":"Achetez en ligne sur Paracherkaoui.ma","potentialAction":[{"@type":"SearchAction","target":{"@type":"EntryPoint","urlTemplate":"https:\/\/paracherkaoui.ma\/?s={search_term_string}"},"query-input":{"@type":"PropertyValueSpecification","valueRequired":true,"valueName":"search_term_string"}}],"inLanguage":"fr-FR"}]}},"_links":{"self":[{"href":"https:\/\/paracherkaoui.ma\/index.php\/wp-json\/wp\/v2\/product\/21979","targetHints":{"allow":["GET"]}}],"collection":[{"href":"https:\/\/paracherkaoui.ma\/index.php\/wp-json\/wp\/v2\/product"}],"about":[{"href":"https:\/\/paracherkaoui.ma\/index.php\/wp-json\/wp\/v2\/types\/product"}],"replies":[{"embeddable":true,"href":"https:\/\/paracherkaoui.ma\/index.php\/wp-json\/wp\/v2\/comments?post=21979"}],"version-history":[{"count":1,"href":"https:\/\/paracherkaoui.ma\/index.php\/wp-json\/wp\/v2\/product\/21979\/revisions"}],"predecessor-version":[{"id":22010,"href":"https:\/\/paracherkaoui.ma\/index.php\/wp-json\/wp\/v2\/product\/21979\/revisions\/22010"}],"wp:featuredmedia":[{"embeddable":true,"href":"https:\/\/paracherkaoui.ma\/index.php\/wp-json\/wp\/v2\/media\/20088"}],"wp:attachment":[{"href":"https:\/\/paracherkaoui.ma\/index.php\/wp-json\/wp\/v2\/media?parent=21979"}],"wp:term":[{"taxonomy":"product_brand","embeddable":true,"href":"https:\/\/paracherkaoui.ma\/index.php\/wp-json\/wp\/v2\/product_brand?post=21979"},{"taxonomy":"product_cat","embeddable":true,"href":"https:\/\/paracherkaoui.ma\/index.php\/wp-json\/wp\/v2\/product_cat?post=21979"},{"taxonomy":"product_tag","embeddable":true,"href":"https:\/\/paracherkaoui.ma\/index.php\/wp-json\/wp\/v2\/product_tag?post=21979"}],"curies":[{"name":"wp","href":"https:\/\/api.w.org\/{rel}","templated":true}]}}