{"id":21916,"date":"2025-12-12T18:15:21","date_gmt":"2025-12-12T17:15:21","guid":{"rendered":"https:\/\/test.ecbeaute.com\/?post_type=product&#038;p=21916"},"modified":"2025-12-12T18:15:25","modified_gmt":"2025-12-12T17:15:25","slug":"eucerin-dermopure-gommage-100-ml","status":"publish","type":"product","link":"https:\/\/paracherkaoui.ma\/index.php\/produit\/eucerin-dermopure-gommage-100-ml\/","title":{"rendered":"EUCERIN DERMOPURE GOMMAGE 100 ML"},"content":{"rendered":"<p>Gr\u00e2ce \u00e0 sa formule sans huile enrichie en Acide Lactique, ce gommage pr\u00e9vient l\u2019apparition des imperfections tout en respectant l\u2019\u00e9quilibre cutan\u00e9. Il contient des micro-particules exfoliantes qui d\u00e9sincrustent les pores, \u00e9liminent les cellules mortes et les points noirs, laissant une peau plus lisse, plus nette et visiblement plus saine. Ce soin non dess\u00e9chant convient \u00e9galement comme d\u00e9maquillant doux, m\u00eame pour les peaux sensibles.<br \/>\nCliniquement et dermatologiquement prouv\u00e9, Eucerin DermoPure Gommage offre une excellente tol\u00e9rance cutan\u00e9e et peut \u00eatre utilis\u00e9 sans traitement m\u00e9dical. Il convient parfaitement aux femmes enceintes et peut s\u2019int\u00e9grer facilement \u00e0 une routine de soin quotidienne ou hebdomadaire.<br \/>\nAdoptez-le comme geste beaut\u00e9 essentiel pour affiner le grain de peau et r\u00e9v\u00e9ler un teint purifi\u00e9 et lumineux, sans agresser l\u2019\u00e9piderme. En r\u00e9sum\u00e9, c\u2019est le gommage visage id\u00e9al pour peaux \u00e0 imperfections en qu\u00eate d\u2019efficacit\u00e9 et de douceur.<br \/>\nConseils d\u2019utilisation<br \/>\nUtilisez 1 fois par semaine, ou plus souvent si n\u00e9cessaire.<br \/>\nHumidifiez votre visage et\/ou votre corps.<br \/>\nAppliquez une noisette de produit sur les mains.<br \/>\nMassez d\u00e9licatement en mouvements circulaires.<br \/>\nRincez abondamment \u00e0 l\u2019eau ti\u00e8de.<br \/>\nComposition<br \/>\nAqua, Lactic Acid, Cellulose Acetate, Cocamidopropyl Betaine, Sodium Cocoamphoacetate, PEG-40 Hydrogenated Castor Oil, Sodium Chloride, Phenoxyethanol, Sodium Benzoate, Citric Acid, Polyquaternium-10, Trisodium EDTA, PEG-7 Glyceryl Cocoate, Parfum<\/p>\n","protected":false},"excerpt":{"rendered":"<p>Gr\u00e2ce \u00e0 sa formule sans huile enrichie en Acide Lactique, ce gommage pr\u00e9vient l\u2019apparition des imperfections tout en respectant l\u2019\u00e9quilibre<\/p>\n","protected":false},"featured_media":21965,"comment_status":"open","ping_status":"closed","template":"","meta":[],"product_brand":[134],"product_cat":[469],"product_tag":[],"class_list":{"0":"post-21916","1":"product","2":"type-product","3":"status-publish","4":"has-post-thumbnail","6":"product_brand-eucerin","7":"product_cat-gommages-visage","9":"first","10":"instock","11":"sale","12":"shipping-taxable","13":"purchasable","14":"product-type-simple"},"yoast_head":"<!-- This site is optimized with the Yoast SEO plugin v26.6 - https:\/\/yoast.com\/wordpress\/plugins\/seo\/ -->\r\n<title>EUCERIN DERMOPURE GOMMAGE 100 ML - Paracherkaoui.ma<\/title>\r\n<meta name=\"robots\" content=\"index, follow, max-snippet:-1, max-image-preview:large, max-video-preview:-1\" \/>\r\n<link rel=\"canonical\" href=\"https:\/\/paracherkaoui.ma\/index.php\/produit\/eucerin-dermopure-gommage-100-ml\/\" \/>\r\n<meta property=\"og:locale\" content=\"fr_FR\" \/>\r\n<meta property=\"og:type\" content=\"article\" \/>\r\n<meta property=\"og:title\" content=\"EUCERIN DERMOPURE GOMMAGE 100 ML - Paracherkaoui.ma\" \/>\r\n<meta property=\"og:description\" content=\"Gr\u00e2ce \u00e0 sa formule sans huile enrichie en Acide Lactique, ce gommage pr\u00e9vient l\u2019apparition des imperfections tout en respectant l\u2019\u00e9quilibre\" \/>\r\n<meta property=\"og:url\" content=\"https:\/\/paracherkaoui.ma\/index.php\/produit\/eucerin-dermopure-gommage-100-ml\/\" \/>\r\n<meta property=\"og:site_name\" content=\"Paracherkaoui.ma\" \/>\r\n<meta property=\"article:modified_time\" content=\"2025-12-12T17:15:25+00:00\" \/>\r\n<meta property=\"og:image\" content=\"https:\/\/paracherkaoui.ma\/wp-content\/uploads\/2025\/12\/eucerin-eucerin-dermopure-gommage-100-ml-masques-et-gommages.jpg\" \/>\r\n\t<meta property=\"og:image:width\" content=\"700\" \/>\r\n\t<meta property=\"og:image:height\" content=\"700\" \/>\r\n\t<meta property=\"og:image:type\" content=\"image\/jpeg\" \/>\r\n<meta name=\"twitter:card\" content=\"summary_large_image\" \/>\r\n<meta name=\"twitter:label1\" content=\"Dur\u00e9e de lecture estim\u00e9e\" \/>\n\t<meta name=\"twitter:data1\" content=\"1 minute\" \/>\r\n<script type=\"application\/ld+json\" class=\"yoast-schema-graph\">{\"@context\":\"https:\/\/schema.org\",\"@graph\":[{\"@type\":\"WebPage\",\"@id\":\"https:\/\/paracherkaoui.ma\/index.php\/produit\/eucerin-dermopure-gommage-100-ml\/\",\"url\":\"https:\/\/paracherkaoui.ma\/index.php\/produit\/eucerin-dermopure-gommage-100-ml\/\",\"name\":\"EUCERIN DERMOPURE GOMMAGE 100 ML - Paracherkaoui.ma\",\"isPartOf\":{\"@id\":\"https:\/\/paracherkaoui.ma\/#website\"},\"primaryImageOfPage\":{\"@id\":\"https:\/\/paracherkaoui.ma\/index.php\/produit\/eucerin-dermopure-gommage-100-ml\/#primaryimage\"},\"image\":{\"@id\":\"https:\/\/paracherkaoui.ma\/index.php\/produit\/eucerin-dermopure-gommage-100-ml\/#primaryimage\"},\"thumbnailUrl\":\"https:\/\/paracherkaoui.ma\/wp-content\/uploads\/2025\/12\/eucerin-eucerin-dermopure-gommage-100-ml-masques-et-gommages.jpg\",\"datePublished\":\"2025-12-12T17:15:21+00:00\",\"dateModified\":\"2025-12-12T17:15:25+00:00\",\"breadcrumb\":{\"@id\":\"https:\/\/paracherkaoui.ma\/index.php\/produit\/eucerin-dermopure-gommage-100-ml\/#breadcrumb\"},\"inLanguage\":\"fr-FR\",\"potentialAction\":[{\"@type\":\"ReadAction\",\"target\":[\"https:\/\/paracherkaoui.ma\/index.php\/produit\/eucerin-dermopure-gommage-100-ml\/\"]}]},{\"@type\":\"ImageObject\",\"inLanguage\":\"fr-FR\",\"@id\":\"https:\/\/paracherkaoui.ma\/index.php\/produit\/eucerin-dermopure-gommage-100-ml\/#primaryimage\",\"url\":\"https:\/\/paracherkaoui.ma\/wp-content\/uploads\/2025\/12\/eucerin-eucerin-dermopure-gommage-100-ml-masques-et-gommages.jpg\",\"contentUrl\":\"https:\/\/paracherkaoui.ma\/wp-content\/uploads\/2025\/12\/eucerin-eucerin-dermopure-gommage-100-ml-masques-et-gommages.jpg\",\"width\":700,\"height\":700},{\"@type\":\"BreadcrumbList\",\"@id\":\"https:\/\/paracherkaoui.ma\/index.php\/produit\/eucerin-dermopure-gommage-100-ml\/#breadcrumb\",\"itemListElement\":[{\"@type\":\"ListItem\",\"position\":1,\"name\":\"Accueil\",\"item\":\"https:\/\/paracherkaoui.ma\/\"},{\"@type\":\"ListItem\",\"position\":2,\"name\":\"Boutique\",\"item\":\"https:\/\/paracherkaoui.ma\/index.php\/boutique\/\"},{\"@type\":\"ListItem\",\"position\":3,\"name\":\"EUCERIN DERMOPURE GOMMAGE 100 ML\"}]},{\"@type\":\"WebSite\",\"@id\":\"https:\/\/paracherkaoui.ma\/#website\",\"url\":\"https:\/\/paracherkaoui.ma\/\",\"name\":\"Paracherkaoui.ma\",\"description\":\"Achetez en ligne sur Paracherkaoui.ma\",\"potentialAction\":[{\"@type\":\"SearchAction\",\"target\":{\"@type\":\"EntryPoint\",\"urlTemplate\":\"https:\/\/paracherkaoui.ma\/?s={search_term_string}\"},\"query-input\":{\"@type\":\"PropertyValueSpecification\",\"valueRequired\":true,\"valueName\":\"search_term_string\"}}],\"inLanguage\":\"fr-FR\"}]}<\/script>\r\n<!-- \/ Yoast SEO plugin. -->","yoast_head_json":{"title":"EUCERIN DERMOPURE GOMMAGE 100 ML - Paracherkaoui.ma","robots":{"index":"index","follow":"follow","max-snippet":"max-snippet:-1","max-image-preview":"max-image-preview:large","max-video-preview":"max-video-preview:-1"},"canonical":"https:\/\/paracherkaoui.ma\/index.php\/produit\/eucerin-dermopure-gommage-100-ml\/","og_locale":"fr_FR","og_type":"article","og_title":"EUCERIN DERMOPURE GOMMAGE 100 ML - Paracherkaoui.ma","og_description":"Gr\u00e2ce \u00e0 sa formule sans huile enrichie en Acide Lactique, ce gommage pr\u00e9vient l\u2019apparition des imperfections tout en respectant l\u2019\u00e9quilibre","og_url":"https:\/\/paracherkaoui.ma\/index.php\/produit\/eucerin-dermopure-gommage-100-ml\/","og_site_name":"Paracherkaoui.ma","article_modified_time":"2025-12-12T17:15:25+00:00","og_image":[{"width":700,"height":700,"url":"https:\/\/paracherkaoui.ma\/wp-content\/uploads\/2025\/12\/eucerin-eucerin-dermopure-gommage-100-ml-masques-et-gommages.jpg","type":"image\/jpeg"}],"twitter_card":"summary_large_image","twitter_misc":{"Dur\u00e9e de lecture estim\u00e9e":"1 minute"},"schema":{"@context":"https:\/\/schema.org","@graph":[{"@type":"WebPage","@id":"https:\/\/paracherkaoui.ma\/index.php\/produit\/eucerin-dermopure-gommage-100-ml\/","url":"https:\/\/paracherkaoui.ma\/index.php\/produit\/eucerin-dermopure-gommage-100-ml\/","name":"EUCERIN DERMOPURE GOMMAGE 100 ML - Paracherkaoui.ma","isPartOf":{"@id":"https:\/\/paracherkaoui.ma\/#website"},"primaryImageOfPage":{"@id":"https:\/\/paracherkaoui.ma\/index.php\/produit\/eucerin-dermopure-gommage-100-ml\/#primaryimage"},"image":{"@id":"https:\/\/paracherkaoui.ma\/index.php\/produit\/eucerin-dermopure-gommage-100-ml\/#primaryimage"},"thumbnailUrl":"https:\/\/paracherkaoui.ma\/wp-content\/uploads\/2025\/12\/eucerin-eucerin-dermopure-gommage-100-ml-masques-et-gommages.jpg","datePublished":"2025-12-12T17:15:21+00:00","dateModified":"2025-12-12T17:15:25+00:00","breadcrumb":{"@id":"https:\/\/paracherkaoui.ma\/index.php\/produit\/eucerin-dermopure-gommage-100-ml\/#breadcrumb"},"inLanguage":"fr-FR","potentialAction":[{"@type":"ReadAction","target":["https:\/\/paracherkaoui.ma\/index.php\/produit\/eucerin-dermopure-gommage-100-ml\/"]}]},{"@type":"ImageObject","inLanguage":"fr-FR","@id":"https:\/\/paracherkaoui.ma\/index.php\/produit\/eucerin-dermopure-gommage-100-ml\/#primaryimage","url":"https:\/\/paracherkaoui.ma\/wp-content\/uploads\/2025\/12\/eucerin-eucerin-dermopure-gommage-100-ml-masques-et-gommages.jpg","contentUrl":"https:\/\/paracherkaoui.ma\/wp-content\/uploads\/2025\/12\/eucerin-eucerin-dermopure-gommage-100-ml-masques-et-gommages.jpg","width":700,"height":700},{"@type":"BreadcrumbList","@id":"https:\/\/paracherkaoui.ma\/index.php\/produit\/eucerin-dermopure-gommage-100-ml\/#breadcrumb","itemListElement":[{"@type":"ListItem","position":1,"name":"Accueil","item":"https:\/\/paracherkaoui.ma\/"},{"@type":"ListItem","position":2,"name":"Boutique","item":"https:\/\/paracherkaoui.ma\/index.php\/boutique\/"},{"@type":"ListItem","position":3,"name":"EUCERIN DERMOPURE GOMMAGE 100 ML"}]},{"@type":"WebSite","@id":"https:\/\/paracherkaoui.ma\/#website","url":"https:\/\/paracherkaoui.ma\/","name":"Paracherkaoui.ma","description":"Achetez en ligne sur Paracherkaoui.ma","potentialAction":[{"@type":"SearchAction","target":{"@type":"EntryPoint","urlTemplate":"https:\/\/paracherkaoui.ma\/?s={search_term_string}"},"query-input":{"@type":"PropertyValueSpecification","valueRequired":true,"valueName":"search_term_string"}}],"inLanguage":"fr-FR"}]}},"_links":{"self":[{"href":"https:\/\/paracherkaoui.ma\/index.php\/wp-json\/wp\/v2\/product\/21916","targetHints":{"allow":["GET"]}}],"collection":[{"href":"https:\/\/paracherkaoui.ma\/index.php\/wp-json\/wp\/v2\/product"}],"about":[{"href":"https:\/\/paracherkaoui.ma\/index.php\/wp-json\/wp\/v2\/types\/product"}],"replies":[{"embeddable":true,"href":"https:\/\/paracherkaoui.ma\/index.php\/wp-json\/wp\/v2\/comments?post=21916"}],"version-history":[{"count":1,"href":"https:\/\/paracherkaoui.ma\/index.php\/wp-json\/wp\/v2\/product\/21916\/revisions"}],"predecessor-version":[{"id":21966,"href":"https:\/\/paracherkaoui.ma\/index.php\/wp-json\/wp\/v2\/product\/21916\/revisions\/21966"}],"wp:featuredmedia":[{"embeddable":true,"href":"https:\/\/paracherkaoui.ma\/index.php\/wp-json\/wp\/v2\/media\/21965"}],"wp:attachment":[{"href":"https:\/\/paracherkaoui.ma\/index.php\/wp-json\/wp\/v2\/media?parent=21916"}],"wp:term":[{"taxonomy":"product_brand","embeddable":true,"href":"https:\/\/paracherkaoui.ma\/index.php\/wp-json\/wp\/v2\/product_brand?post=21916"},{"taxonomy":"product_cat","embeddable":true,"href":"https:\/\/paracherkaoui.ma\/index.php\/wp-json\/wp\/v2\/product_cat?post=21916"},{"taxonomy":"product_tag","embeddable":true,"href":"https:\/\/paracherkaoui.ma\/index.php\/wp-json\/wp\/v2\/product_tag?post=21916"}],"curies":[{"name":"wp","href":"https:\/\/api.w.org\/{rel}","templated":true}]}}