{"id":21907,"date":"2025-12-12T18:15:20","date_gmt":"2025-12-12T17:15:20","guid":{"rendered":"https:\/\/test.ecbeaute.com\/?post_type=product&#038;p=21907"},"modified":"2025-12-12T18:15:23","modified_gmt":"2025-12-12T17:15:23","slug":"formes-et-flammes-pince-a-epiler-longue-mors-biais-ref19","status":"publish","type":"product","link":"https:\/\/paracherkaoui.ma\/index.php\/produit\/formes-et-flammes-pince-a-epiler-longue-mors-biais-ref19\/","title":{"rendered":"FORMES ET FLAMMES PINCE A EPILER LONGUE MORS BIAIS REF19"},"content":{"rendered":"<p>La pince \u00e0 \u00e9piler crabe est indispensable pour prendre soin de ses sourcils et pour s\u2019offrir une \u00e9pilation impeccable. Cette pince, gr\u00e2ce \u00e0 ses extr\u00e9mit\u00e9s recourb\u00e9es vers l\u2019int\u00e9rieur, parvient \u00e0 attraper les poils les plus petits et les plus fins sans les casser.<\/p>\n","protected":false},"excerpt":{"rendered":"<p>La pince \u00e0 \u00e9piler crabe est indispensable pour prendre soin de ses sourcils et pour s\u2019offrir une \u00e9pilation impeccable. Cette<\/p>\n","protected":false},"featured_media":21949,"comment_status":"open","ping_status":"closed","template":"","meta":[],"product_brand":[465],"product_cat":[346],"product_tag":[],"class_list":{"0":"post-21907","1":"product","2":"type-product","3":"status-publish","4":"has-post-thumbnail","6":"product_brand-formes-et-flammes","7":"product_cat-demaquillants-et-nettoyants","9":"first","10":"instock","11":"sale","12":"shipping-taxable","13":"purchasable","14":"product-type-simple"},"yoast_head":"<!-- This site is optimized with the Yoast SEO plugin v26.6 - https:\/\/yoast.com\/wordpress\/plugins\/seo\/ -->\r\n<title>FORMES ET FLAMMES PINCE A EPILER LONGUE MORS BIAIS REF19 - Paracherkaoui.ma<\/title>\r\n<meta name=\"robots\" content=\"index, follow, max-snippet:-1, max-image-preview:large, max-video-preview:-1\" \/>\r\n<link rel=\"canonical\" href=\"https:\/\/paracherkaoui.ma\/index.php\/produit\/formes-et-flammes-pince-a-epiler-longue-mors-biais-ref19\/\" \/>\r\n<meta property=\"og:locale\" content=\"fr_FR\" \/>\r\n<meta property=\"og:type\" content=\"article\" \/>\r\n<meta property=\"og:title\" content=\"FORMES ET FLAMMES PINCE A EPILER LONGUE MORS BIAIS REF19 - Paracherkaoui.ma\" \/>\r\n<meta property=\"og:description\" content=\"La pince \u00e0 \u00e9piler crabe est indispensable pour prendre soin de ses sourcils et pour s\u2019offrir une \u00e9pilation impeccable. Cette\" \/>\r\n<meta property=\"og:url\" content=\"https:\/\/paracherkaoui.ma\/index.php\/produit\/formes-et-flammes-pince-a-epiler-longue-mors-biais-ref19\/\" \/>\r\n<meta property=\"og:site_name\" content=\"Paracherkaoui.ma\" \/>\r\n<meta property=\"article:modified_time\" content=\"2025-12-12T17:15:23+00:00\" \/>\r\n<meta property=\"og:image\" content=\"https:\/\/paracherkaoui.ma\/wp-content\/uploads\/2025\/12\/formes-et-flammes-formes-et-flammes-pince-a-epiler-longue-mors-biais-ref19-nettoyants-visage.jpg\" \/>\r\n\t<meta property=\"og:image:width\" content=\"700\" \/>\r\n\t<meta property=\"og:image:height\" content=\"700\" \/>\r\n\t<meta property=\"og:image:type\" content=\"image\/jpeg\" \/>\r\n<meta name=\"twitter:card\" content=\"summary_large_image\" \/>\r\n<script type=\"application\/ld+json\" class=\"yoast-schema-graph\">{\"@context\":\"https:\/\/schema.org\",\"@graph\":[{\"@type\":\"WebPage\",\"@id\":\"https:\/\/paracherkaoui.ma\/index.php\/produit\/formes-et-flammes-pince-a-epiler-longue-mors-biais-ref19\/\",\"url\":\"https:\/\/paracherkaoui.ma\/index.php\/produit\/formes-et-flammes-pince-a-epiler-longue-mors-biais-ref19\/\",\"name\":\"FORMES ET FLAMMES PINCE A EPILER LONGUE MORS BIAIS REF19 - Paracherkaoui.ma\",\"isPartOf\":{\"@id\":\"https:\/\/paracherkaoui.ma\/#website\"},\"primaryImageOfPage\":{\"@id\":\"https:\/\/paracherkaoui.ma\/index.php\/produit\/formes-et-flammes-pince-a-epiler-longue-mors-biais-ref19\/#primaryimage\"},\"image\":{\"@id\":\"https:\/\/paracherkaoui.ma\/index.php\/produit\/formes-et-flammes-pince-a-epiler-longue-mors-biais-ref19\/#primaryimage\"},\"thumbnailUrl\":\"https:\/\/paracherkaoui.ma\/wp-content\/uploads\/2025\/12\/formes-et-flammes-formes-et-flammes-pince-a-epiler-longue-mors-biais-ref19-nettoyants-visage.jpg\",\"datePublished\":\"2025-12-12T17:15:20+00:00\",\"dateModified\":\"2025-12-12T17:15:23+00:00\",\"breadcrumb\":{\"@id\":\"https:\/\/paracherkaoui.ma\/index.php\/produit\/formes-et-flammes-pince-a-epiler-longue-mors-biais-ref19\/#breadcrumb\"},\"inLanguage\":\"fr-FR\",\"potentialAction\":[{\"@type\":\"ReadAction\",\"target\":[\"https:\/\/paracherkaoui.ma\/index.php\/produit\/formes-et-flammes-pince-a-epiler-longue-mors-biais-ref19\/\"]}]},{\"@type\":\"ImageObject\",\"inLanguage\":\"fr-FR\",\"@id\":\"https:\/\/paracherkaoui.ma\/index.php\/produit\/formes-et-flammes-pince-a-epiler-longue-mors-biais-ref19\/#primaryimage\",\"url\":\"https:\/\/paracherkaoui.ma\/wp-content\/uploads\/2025\/12\/formes-et-flammes-formes-et-flammes-pince-a-epiler-longue-mors-biais-ref19-nettoyants-visage.jpg\",\"contentUrl\":\"https:\/\/paracherkaoui.ma\/wp-content\/uploads\/2025\/12\/formes-et-flammes-formes-et-flammes-pince-a-epiler-longue-mors-biais-ref19-nettoyants-visage.jpg\",\"width\":700,\"height\":700},{\"@type\":\"BreadcrumbList\",\"@id\":\"https:\/\/paracherkaoui.ma\/index.php\/produit\/formes-et-flammes-pince-a-epiler-longue-mors-biais-ref19\/#breadcrumb\",\"itemListElement\":[{\"@type\":\"ListItem\",\"position\":1,\"name\":\"Accueil\",\"item\":\"https:\/\/paracherkaoui.ma\/\"},{\"@type\":\"ListItem\",\"position\":2,\"name\":\"Boutique\",\"item\":\"https:\/\/paracherkaoui.ma\/index.php\/boutique\/\"},{\"@type\":\"ListItem\",\"position\":3,\"name\":\"FORMES ET FLAMMES PINCE A EPILER LONGUE MORS BIAIS REF19\"}]},{\"@type\":\"WebSite\",\"@id\":\"https:\/\/paracherkaoui.ma\/#website\",\"url\":\"https:\/\/paracherkaoui.ma\/\",\"name\":\"Paracherkaoui.ma\",\"description\":\"Achetez en ligne sur Paracherkaoui.ma\",\"potentialAction\":[{\"@type\":\"SearchAction\",\"target\":{\"@type\":\"EntryPoint\",\"urlTemplate\":\"https:\/\/paracherkaoui.ma\/?s={search_term_string}\"},\"query-input\":{\"@type\":\"PropertyValueSpecification\",\"valueRequired\":true,\"valueName\":\"search_term_string\"}}],\"inLanguage\":\"fr-FR\"}]}<\/script>\r\n<!-- \/ Yoast SEO plugin. -->","yoast_head_json":{"title":"FORMES ET FLAMMES PINCE A EPILER LONGUE MORS BIAIS REF19 - Paracherkaoui.ma","robots":{"index":"index","follow":"follow","max-snippet":"max-snippet:-1","max-image-preview":"max-image-preview:large","max-video-preview":"max-video-preview:-1"},"canonical":"https:\/\/paracherkaoui.ma\/index.php\/produit\/formes-et-flammes-pince-a-epiler-longue-mors-biais-ref19\/","og_locale":"fr_FR","og_type":"article","og_title":"FORMES ET FLAMMES PINCE A EPILER LONGUE MORS BIAIS REF19 - Paracherkaoui.ma","og_description":"La pince \u00e0 \u00e9piler crabe est indispensable pour prendre soin de ses sourcils et pour s\u2019offrir une \u00e9pilation impeccable. Cette","og_url":"https:\/\/paracherkaoui.ma\/index.php\/produit\/formes-et-flammes-pince-a-epiler-longue-mors-biais-ref19\/","og_site_name":"Paracherkaoui.ma","article_modified_time":"2025-12-12T17:15:23+00:00","og_image":[{"width":700,"height":700,"url":"https:\/\/paracherkaoui.ma\/wp-content\/uploads\/2025\/12\/formes-et-flammes-formes-et-flammes-pince-a-epiler-longue-mors-biais-ref19-nettoyants-visage.jpg","type":"image\/jpeg"}],"twitter_card":"summary_large_image","schema":{"@context":"https:\/\/schema.org","@graph":[{"@type":"WebPage","@id":"https:\/\/paracherkaoui.ma\/index.php\/produit\/formes-et-flammes-pince-a-epiler-longue-mors-biais-ref19\/","url":"https:\/\/paracherkaoui.ma\/index.php\/produit\/formes-et-flammes-pince-a-epiler-longue-mors-biais-ref19\/","name":"FORMES ET FLAMMES PINCE A EPILER LONGUE MORS BIAIS REF19 - Paracherkaoui.ma","isPartOf":{"@id":"https:\/\/paracherkaoui.ma\/#website"},"primaryImageOfPage":{"@id":"https:\/\/paracherkaoui.ma\/index.php\/produit\/formes-et-flammes-pince-a-epiler-longue-mors-biais-ref19\/#primaryimage"},"image":{"@id":"https:\/\/paracherkaoui.ma\/index.php\/produit\/formes-et-flammes-pince-a-epiler-longue-mors-biais-ref19\/#primaryimage"},"thumbnailUrl":"https:\/\/paracherkaoui.ma\/wp-content\/uploads\/2025\/12\/formes-et-flammes-formes-et-flammes-pince-a-epiler-longue-mors-biais-ref19-nettoyants-visage.jpg","datePublished":"2025-12-12T17:15:20+00:00","dateModified":"2025-12-12T17:15:23+00:00","breadcrumb":{"@id":"https:\/\/paracherkaoui.ma\/index.php\/produit\/formes-et-flammes-pince-a-epiler-longue-mors-biais-ref19\/#breadcrumb"},"inLanguage":"fr-FR","potentialAction":[{"@type":"ReadAction","target":["https:\/\/paracherkaoui.ma\/index.php\/produit\/formes-et-flammes-pince-a-epiler-longue-mors-biais-ref19\/"]}]},{"@type":"ImageObject","inLanguage":"fr-FR","@id":"https:\/\/paracherkaoui.ma\/index.php\/produit\/formes-et-flammes-pince-a-epiler-longue-mors-biais-ref19\/#primaryimage","url":"https:\/\/paracherkaoui.ma\/wp-content\/uploads\/2025\/12\/formes-et-flammes-formes-et-flammes-pince-a-epiler-longue-mors-biais-ref19-nettoyants-visage.jpg","contentUrl":"https:\/\/paracherkaoui.ma\/wp-content\/uploads\/2025\/12\/formes-et-flammes-formes-et-flammes-pince-a-epiler-longue-mors-biais-ref19-nettoyants-visage.jpg","width":700,"height":700},{"@type":"BreadcrumbList","@id":"https:\/\/paracherkaoui.ma\/index.php\/produit\/formes-et-flammes-pince-a-epiler-longue-mors-biais-ref19\/#breadcrumb","itemListElement":[{"@type":"ListItem","position":1,"name":"Accueil","item":"https:\/\/paracherkaoui.ma\/"},{"@type":"ListItem","position":2,"name":"Boutique","item":"https:\/\/paracherkaoui.ma\/index.php\/boutique\/"},{"@type":"ListItem","position":3,"name":"FORMES ET FLAMMES PINCE A EPILER LONGUE MORS BIAIS REF19"}]},{"@type":"WebSite","@id":"https:\/\/paracherkaoui.ma\/#website","url":"https:\/\/paracherkaoui.ma\/","name":"Paracherkaoui.ma","description":"Achetez en ligne sur Paracherkaoui.ma","potentialAction":[{"@type":"SearchAction","target":{"@type":"EntryPoint","urlTemplate":"https:\/\/paracherkaoui.ma\/?s={search_term_string}"},"query-input":{"@type":"PropertyValueSpecification","valueRequired":true,"valueName":"search_term_string"}}],"inLanguage":"fr-FR"}]}},"_links":{"self":[{"href":"https:\/\/paracherkaoui.ma\/index.php\/wp-json\/wp\/v2\/product\/21907","targetHints":{"allow":["GET"]}}],"collection":[{"href":"https:\/\/paracherkaoui.ma\/index.php\/wp-json\/wp\/v2\/product"}],"about":[{"href":"https:\/\/paracherkaoui.ma\/index.php\/wp-json\/wp\/v2\/types\/product"}],"replies":[{"embeddable":true,"href":"https:\/\/paracherkaoui.ma\/index.php\/wp-json\/wp\/v2\/comments?post=21907"}],"version-history":[{"count":1,"href":"https:\/\/paracherkaoui.ma\/index.php\/wp-json\/wp\/v2\/product\/21907\/revisions"}],"predecessor-version":[{"id":21950,"href":"https:\/\/paracherkaoui.ma\/index.php\/wp-json\/wp\/v2\/product\/21907\/revisions\/21950"}],"wp:featuredmedia":[{"embeddable":true,"href":"https:\/\/paracherkaoui.ma\/index.php\/wp-json\/wp\/v2\/media\/21949"}],"wp:attachment":[{"href":"https:\/\/paracherkaoui.ma\/index.php\/wp-json\/wp\/v2\/media?parent=21907"}],"wp:term":[{"taxonomy":"product_brand","embeddable":true,"href":"https:\/\/paracherkaoui.ma\/index.php\/wp-json\/wp\/v2\/product_brand?post=21907"},{"taxonomy":"product_cat","embeddable":true,"href":"https:\/\/paracherkaoui.ma\/index.php\/wp-json\/wp\/v2\/product_cat?post=21907"},{"taxonomy":"product_tag","embeddable":true,"href":"https:\/\/paracherkaoui.ma\/index.php\/wp-json\/wp\/v2\/product_tag?post=21907"}],"curies":[{"name":"wp","href":"https:\/\/api.w.org\/{rel}","templated":true}]}}