{"id":21906,"date":"2025-12-12T18:15:20","date_gmt":"2025-12-12T17:15:20","guid":{"rendered":"https:\/\/test.ecbeaute.com\/?post_type=product&#038;p=21906"},"modified":"2025-12-12T18:15:23","modified_gmt":"2025-12-12T17:15:23","slug":"dermacare-cleanea-gel-moussant-surgras-500ml","status":"publish","type":"product","link":"https:\/\/paracherkaoui.ma\/index.php\/produit\/dermacare-cleanea-gel-moussant-surgras-500ml\/","title":{"rendered":"DERMACARE CLEANEA GEL MOUSSANT SURGRAS 500ml"},"content":{"rendered":"<p>Description:<\/p>\n<p>Gel moussant surgras, nettoie en douceur et apaise, formule douce, peaux sensibles, sans savon et sans paraben Nettoie la peau en douceur, \u00e9limine les impuret\u00e9s, adapt\u00e9 aux peaux sensibles,enrichi en agent hydratant,pr\u00e9serve le film hydrolipidique sans dess\u00e9cher la peau, laisse une peau propre et satin\u00e9e<\/p>\n<p>Conseils d&rsquo;utilisation:<\/p>\n<p>A utiliser quotidiennement pour maintenir une peau nette et fra\u00eeche.Appliquer sur une peau mouill\u00e9e, faire mousser puis ricer abondamment.<\/p>\n","protected":false},"excerpt":{"rendered":"<p>Description: Gel moussant surgras, nettoie en douceur et apaise, formule douce, peaux sensibles, sans savon et sans paraben Nettoie la<\/p>\n","protected":false},"featured_media":21947,"comment_status":"open","ping_status":"closed","template":"","meta":[],"product_brand":[464],"product_cat":[346],"product_tag":[],"class_list":{"0":"post-21906","1":"product","2":"type-product","3":"status-publish","4":"has-post-thumbnail","6":"product_brand-dermacare","7":"product_cat-demaquillants-et-nettoyants","9":"first","10":"instock","11":"sale","12":"shipping-taxable","13":"purchasable","14":"product-type-simple"},"yoast_head":"<!-- This site is optimized with the Yoast SEO plugin v26.6 - https:\/\/yoast.com\/wordpress\/plugins\/seo\/ -->\r\n<title>DERMACARE CLEANEA GEL MOUSSANT SURGRAS 500ml - Paracherkaoui.ma<\/title>\r\n<meta name=\"robots\" content=\"index, follow, max-snippet:-1, max-image-preview:large, max-video-preview:-1\" \/>\r\n<link rel=\"canonical\" href=\"https:\/\/paracherkaoui.ma\/index.php\/produit\/dermacare-cleanea-gel-moussant-surgras-500ml\/\" \/>\r\n<meta property=\"og:locale\" content=\"fr_FR\" \/>\r\n<meta property=\"og:type\" content=\"article\" \/>\r\n<meta property=\"og:title\" content=\"DERMACARE CLEANEA GEL MOUSSANT SURGRAS 500ml - Paracherkaoui.ma\" \/>\r\n<meta property=\"og:description\" content=\"Description: Gel moussant surgras, nettoie en douceur et apaise, formule douce, peaux sensibles, sans savon et sans paraben Nettoie la\" \/>\r\n<meta property=\"og:url\" content=\"https:\/\/paracherkaoui.ma\/index.php\/produit\/dermacare-cleanea-gel-moussant-surgras-500ml\/\" \/>\r\n<meta property=\"og:site_name\" content=\"Paracherkaoui.ma\" \/>\r\n<meta property=\"article:modified_time\" content=\"2025-12-12T17:15:23+00:00\" \/>\r\n<meta property=\"og:image\" content=\"https:\/\/paracherkaoui.ma\/wp-content\/uploads\/2025\/12\/dermacare-dermacare-cleanea-gel-moussant-surgras-500ml-accueil.jpg\" \/>\r\n\t<meta property=\"og:image:width\" content=\"700\" \/>\r\n\t<meta property=\"og:image:height\" content=\"700\" \/>\r\n\t<meta property=\"og:image:type\" content=\"image\/jpeg\" \/>\r\n<meta name=\"twitter:card\" content=\"summary_large_image\" \/>\r\n<script type=\"application\/ld+json\" class=\"yoast-schema-graph\">{\"@context\":\"https:\/\/schema.org\",\"@graph\":[{\"@type\":\"WebPage\",\"@id\":\"https:\/\/paracherkaoui.ma\/index.php\/produit\/dermacare-cleanea-gel-moussant-surgras-500ml\/\",\"url\":\"https:\/\/paracherkaoui.ma\/index.php\/produit\/dermacare-cleanea-gel-moussant-surgras-500ml\/\",\"name\":\"DERMACARE CLEANEA GEL MOUSSANT SURGRAS 500ml - Paracherkaoui.ma\",\"isPartOf\":{\"@id\":\"https:\/\/paracherkaoui.ma\/#website\"},\"primaryImageOfPage\":{\"@id\":\"https:\/\/paracherkaoui.ma\/index.php\/produit\/dermacare-cleanea-gel-moussant-surgras-500ml\/#primaryimage\"},\"image\":{\"@id\":\"https:\/\/paracherkaoui.ma\/index.php\/produit\/dermacare-cleanea-gel-moussant-surgras-500ml\/#primaryimage\"},\"thumbnailUrl\":\"https:\/\/paracherkaoui.ma\/wp-content\/uploads\/2025\/12\/dermacare-dermacare-cleanea-gel-moussant-surgras-500ml-accueil.jpg\",\"datePublished\":\"2025-12-12T17:15:20+00:00\",\"dateModified\":\"2025-12-12T17:15:23+00:00\",\"breadcrumb\":{\"@id\":\"https:\/\/paracherkaoui.ma\/index.php\/produit\/dermacare-cleanea-gel-moussant-surgras-500ml\/#breadcrumb\"},\"inLanguage\":\"fr-FR\",\"potentialAction\":[{\"@type\":\"ReadAction\",\"target\":[\"https:\/\/paracherkaoui.ma\/index.php\/produit\/dermacare-cleanea-gel-moussant-surgras-500ml\/\"]}]},{\"@type\":\"ImageObject\",\"inLanguage\":\"fr-FR\",\"@id\":\"https:\/\/paracherkaoui.ma\/index.php\/produit\/dermacare-cleanea-gel-moussant-surgras-500ml\/#primaryimage\",\"url\":\"https:\/\/paracherkaoui.ma\/wp-content\/uploads\/2025\/12\/dermacare-dermacare-cleanea-gel-moussant-surgras-500ml-accueil.jpg\",\"contentUrl\":\"https:\/\/paracherkaoui.ma\/wp-content\/uploads\/2025\/12\/dermacare-dermacare-cleanea-gel-moussant-surgras-500ml-accueil.jpg\",\"width\":700,\"height\":700},{\"@type\":\"BreadcrumbList\",\"@id\":\"https:\/\/paracherkaoui.ma\/index.php\/produit\/dermacare-cleanea-gel-moussant-surgras-500ml\/#breadcrumb\",\"itemListElement\":[{\"@type\":\"ListItem\",\"position\":1,\"name\":\"Accueil\",\"item\":\"https:\/\/paracherkaoui.ma\/\"},{\"@type\":\"ListItem\",\"position\":2,\"name\":\"Boutique\",\"item\":\"https:\/\/paracherkaoui.ma\/index.php\/boutique\/\"},{\"@type\":\"ListItem\",\"position\":3,\"name\":\"DERMACARE CLEANEA GEL MOUSSANT SURGRAS 500ml\"}]},{\"@type\":\"WebSite\",\"@id\":\"https:\/\/paracherkaoui.ma\/#website\",\"url\":\"https:\/\/paracherkaoui.ma\/\",\"name\":\"Paracherkaoui.ma\",\"description\":\"Achetez en ligne sur Paracherkaoui.ma\",\"potentialAction\":[{\"@type\":\"SearchAction\",\"target\":{\"@type\":\"EntryPoint\",\"urlTemplate\":\"https:\/\/paracherkaoui.ma\/?s={search_term_string}\"},\"query-input\":{\"@type\":\"PropertyValueSpecification\",\"valueRequired\":true,\"valueName\":\"search_term_string\"}}],\"inLanguage\":\"fr-FR\"}]}<\/script>\r\n<!-- \/ Yoast SEO plugin. -->","yoast_head_json":{"title":"DERMACARE CLEANEA GEL MOUSSANT SURGRAS 500ml - Paracherkaoui.ma","robots":{"index":"index","follow":"follow","max-snippet":"max-snippet:-1","max-image-preview":"max-image-preview:large","max-video-preview":"max-video-preview:-1"},"canonical":"https:\/\/paracherkaoui.ma\/index.php\/produit\/dermacare-cleanea-gel-moussant-surgras-500ml\/","og_locale":"fr_FR","og_type":"article","og_title":"DERMACARE CLEANEA GEL MOUSSANT SURGRAS 500ml - Paracherkaoui.ma","og_description":"Description: Gel moussant surgras, nettoie en douceur et apaise, formule douce, peaux sensibles, sans savon et sans paraben Nettoie la","og_url":"https:\/\/paracherkaoui.ma\/index.php\/produit\/dermacare-cleanea-gel-moussant-surgras-500ml\/","og_site_name":"Paracherkaoui.ma","article_modified_time":"2025-12-12T17:15:23+00:00","og_image":[{"width":700,"height":700,"url":"https:\/\/paracherkaoui.ma\/wp-content\/uploads\/2025\/12\/dermacare-dermacare-cleanea-gel-moussant-surgras-500ml-accueil.jpg","type":"image\/jpeg"}],"twitter_card":"summary_large_image","schema":{"@context":"https:\/\/schema.org","@graph":[{"@type":"WebPage","@id":"https:\/\/paracherkaoui.ma\/index.php\/produit\/dermacare-cleanea-gel-moussant-surgras-500ml\/","url":"https:\/\/paracherkaoui.ma\/index.php\/produit\/dermacare-cleanea-gel-moussant-surgras-500ml\/","name":"DERMACARE CLEANEA GEL MOUSSANT SURGRAS 500ml - Paracherkaoui.ma","isPartOf":{"@id":"https:\/\/paracherkaoui.ma\/#website"},"primaryImageOfPage":{"@id":"https:\/\/paracherkaoui.ma\/index.php\/produit\/dermacare-cleanea-gel-moussant-surgras-500ml\/#primaryimage"},"image":{"@id":"https:\/\/paracherkaoui.ma\/index.php\/produit\/dermacare-cleanea-gel-moussant-surgras-500ml\/#primaryimage"},"thumbnailUrl":"https:\/\/paracherkaoui.ma\/wp-content\/uploads\/2025\/12\/dermacare-dermacare-cleanea-gel-moussant-surgras-500ml-accueil.jpg","datePublished":"2025-12-12T17:15:20+00:00","dateModified":"2025-12-12T17:15:23+00:00","breadcrumb":{"@id":"https:\/\/paracherkaoui.ma\/index.php\/produit\/dermacare-cleanea-gel-moussant-surgras-500ml\/#breadcrumb"},"inLanguage":"fr-FR","potentialAction":[{"@type":"ReadAction","target":["https:\/\/paracherkaoui.ma\/index.php\/produit\/dermacare-cleanea-gel-moussant-surgras-500ml\/"]}]},{"@type":"ImageObject","inLanguage":"fr-FR","@id":"https:\/\/paracherkaoui.ma\/index.php\/produit\/dermacare-cleanea-gel-moussant-surgras-500ml\/#primaryimage","url":"https:\/\/paracherkaoui.ma\/wp-content\/uploads\/2025\/12\/dermacare-dermacare-cleanea-gel-moussant-surgras-500ml-accueil.jpg","contentUrl":"https:\/\/paracherkaoui.ma\/wp-content\/uploads\/2025\/12\/dermacare-dermacare-cleanea-gel-moussant-surgras-500ml-accueil.jpg","width":700,"height":700},{"@type":"BreadcrumbList","@id":"https:\/\/paracherkaoui.ma\/index.php\/produit\/dermacare-cleanea-gel-moussant-surgras-500ml\/#breadcrumb","itemListElement":[{"@type":"ListItem","position":1,"name":"Accueil","item":"https:\/\/paracherkaoui.ma\/"},{"@type":"ListItem","position":2,"name":"Boutique","item":"https:\/\/paracherkaoui.ma\/index.php\/boutique\/"},{"@type":"ListItem","position":3,"name":"DERMACARE CLEANEA GEL MOUSSANT SURGRAS 500ml"}]},{"@type":"WebSite","@id":"https:\/\/paracherkaoui.ma\/#website","url":"https:\/\/paracherkaoui.ma\/","name":"Paracherkaoui.ma","description":"Achetez en ligne sur Paracherkaoui.ma","potentialAction":[{"@type":"SearchAction","target":{"@type":"EntryPoint","urlTemplate":"https:\/\/paracherkaoui.ma\/?s={search_term_string}"},"query-input":{"@type":"PropertyValueSpecification","valueRequired":true,"valueName":"search_term_string"}}],"inLanguage":"fr-FR"}]}},"_links":{"self":[{"href":"https:\/\/paracherkaoui.ma\/index.php\/wp-json\/wp\/v2\/product\/21906","targetHints":{"allow":["GET"]}}],"collection":[{"href":"https:\/\/paracherkaoui.ma\/index.php\/wp-json\/wp\/v2\/product"}],"about":[{"href":"https:\/\/paracherkaoui.ma\/index.php\/wp-json\/wp\/v2\/types\/product"}],"replies":[{"embeddable":true,"href":"https:\/\/paracherkaoui.ma\/index.php\/wp-json\/wp\/v2\/comments?post=21906"}],"version-history":[{"count":1,"href":"https:\/\/paracherkaoui.ma\/index.php\/wp-json\/wp\/v2\/product\/21906\/revisions"}],"predecessor-version":[{"id":21948,"href":"https:\/\/paracherkaoui.ma\/index.php\/wp-json\/wp\/v2\/product\/21906\/revisions\/21948"}],"wp:featuredmedia":[{"embeddable":true,"href":"https:\/\/paracherkaoui.ma\/index.php\/wp-json\/wp\/v2\/media\/21947"}],"wp:attachment":[{"href":"https:\/\/paracherkaoui.ma\/index.php\/wp-json\/wp\/v2\/media?parent=21906"}],"wp:term":[{"taxonomy":"product_brand","embeddable":true,"href":"https:\/\/paracherkaoui.ma\/index.php\/wp-json\/wp\/v2\/product_brand?post=21906"},{"taxonomy":"product_cat","embeddable":true,"href":"https:\/\/paracherkaoui.ma\/index.php\/wp-json\/wp\/v2\/product_cat?post=21906"},{"taxonomy":"product_tag","embeddable":true,"href":"https:\/\/paracherkaoui.ma\/index.php\/wp-json\/wp\/v2\/product_tag?post=21906"}],"curies":[{"name":"wp","href":"https:\/\/api.w.org\/{rel}","templated":true}]}}