{"id":21902,"date":"2025-12-12T18:15:20","date_gmt":"2025-12-12T17:15:20","guid":{"rendered":"https:\/\/test.ecbeaute.com\/?post_type=product&#038;p=21902"},"modified":"2025-12-12T18:15:23","modified_gmt":"2025-12-12T17:15:23","slug":"skining-skingel-gel-moussant-surgras-500-ml","status":"publish","type":"product","link":"https:\/\/paracherkaoui.ma\/index.php\/produit\/skining-skingel-gel-moussant-surgras-500-ml\/","title":{"rendered":"SKINING SKINGEL GEL MOUSSANT SURGRAS 500 ML"},"content":{"rendered":"<p>Le Skining Skingel Gel Moussant Surgras 500 ml est un soin haut de gamme qui allie douceur et efficacit\u00e9 pour les peaux les plus sensibles. Sa formule innovante, riche en agents hydratants et nourrissants, procure une exp\u00e9rience de nettoyage luxueuse tout en respectant l&rsquo;\u00e9quilibre naturel de votre peau. Ce gel moussant, l\u00e9ger et non gras, p\u00e9n\u00e8tre rapidement, laissant votre peau douce, lisse et profond\u00e9ment hydrat\u00e9e sans film gras.<br \/>\nId\u00e9al pour tous les types de peau, y compris les peaux s\u00e8ches et sensibles, il aide \u00e0 maintenir l&rsquo;hydratation en profondeur tout en renfor\u00e7ant la barri\u00e8re cutan\u00e9e. Gr\u00e2ce \u00e0 ses ingr\u00e9dients soigneusement s\u00e9lectionn\u00e9s, il lutte contre la s\u00e9cheresse cutan\u00e9e et pr\u00e9vient la perte d&rsquo;humidit\u00e9, assurant une protection continue contre les agressions ext\u00e9rieures. Apr\u00e8s chaque application, votre peau est revitalis\u00e9e, apais\u00e9e et prot\u00e9g\u00e9e, favorisant ainsi sa r\u00e9g\u00e9n\u00e9ration naturelle.<br \/>\nL\u2019utilisation r\u00e9guli\u00e8re de ce gel surgras offre non seulement une sensation de fra\u00eecheur, mais \u00e9galement une peau plus souple, \u00e9clatante et prot\u00e9g\u00e9e tout au long de la journ\u00e9e.<br \/>\nConseils d&rsquo;utilisation :<br \/>\nNettoyez votre peau en profondeur avant d\u2019appliquer le gel.<br \/>\nAppliquez une petite quantit\u00e9 de Skining Skingel Gel Surgras sur la peau humide.<br \/>\n\u00c9talez uniform\u00e9ment et massez doucement pour favoriser l\u2019absorption.<\/p>\n","protected":false},"excerpt":{"rendered":"<p>Le Skining Skingel Gel Moussant Surgras 500 ml est un soin haut de gamme qui allie douceur et efficacit\u00e9 pour<\/p>\n","protected":false},"featured_media":21939,"comment_status":"open","ping_status":"closed","template":"","meta":[],"product_brand":[448],"product_cat":[346],"product_tag":[],"class_list":{"0":"post-21902","1":"product","2":"type-product","3":"status-publish","4":"has-post-thumbnail","6":"product_brand-skining","7":"product_cat-demaquillants-et-nettoyants","9":"first","10":"instock","11":"sale","12":"shipping-taxable","13":"purchasable","14":"product-type-simple"},"yoast_head":"<!-- This site is optimized with the Yoast SEO plugin v26.6 - https:\/\/yoast.com\/wordpress\/plugins\/seo\/ -->\r\n<title>SKINING SKINGEL GEL MOUSSANT SURGRAS 500 ML - Paracherkaoui.ma<\/title>\r\n<meta name=\"robots\" content=\"index, follow, max-snippet:-1, max-image-preview:large, max-video-preview:-1\" \/>\r\n<link rel=\"canonical\" href=\"https:\/\/paracherkaoui.ma\/index.php\/produit\/skining-skingel-gel-moussant-surgras-500-ml\/\" \/>\r\n<meta property=\"og:locale\" content=\"fr_FR\" \/>\r\n<meta property=\"og:type\" content=\"article\" \/>\r\n<meta property=\"og:title\" content=\"SKINING SKINGEL GEL MOUSSANT SURGRAS 500 ML - Paracherkaoui.ma\" \/>\r\n<meta property=\"og:description\" content=\"Le Skining Skingel Gel Moussant Surgras 500 ml est un soin haut de gamme qui allie douceur et efficacit\u00e9 pour\" \/>\r\n<meta property=\"og:url\" content=\"https:\/\/paracherkaoui.ma\/index.php\/produit\/skining-skingel-gel-moussant-surgras-500-ml\/\" \/>\r\n<meta property=\"og:site_name\" content=\"Paracherkaoui.ma\" \/>\r\n<meta property=\"article:modified_time\" content=\"2025-12-12T17:15:23+00:00\" \/>\r\n<meta property=\"og:image\" content=\"https:\/\/paracherkaoui.ma\/wp-content\/uploads\/2025\/12\/skining-skining-skingel-gel-moussant-surgras-500-ml-demaquillants-et-nettoyants.jpg\" \/>\r\n\t<meta property=\"og:image:width\" content=\"700\" \/>\r\n\t<meta property=\"og:image:height\" content=\"700\" \/>\r\n\t<meta property=\"og:image:type\" content=\"image\/jpeg\" \/>\r\n<meta name=\"twitter:card\" content=\"summary_large_image\" \/>\r\n<meta name=\"twitter:label1\" content=\"Dur\u00e9e de lecture estim\u00e9e\" \/>\n\t<meta name=\"twitter:data1\" content=\"1 minute\" \/>\r\n<script type=\"application\/ld+json\" class=\"yoast-schema-graph\">{\"@context\":\"https:\/\/schema.org\",\"@graph\":[{\"@type\":\"WebPage\",\"@id\":\"https:\/\/paracherkaoui.ma\/index.php\/produit\/skining-skingel-gel-moussant-surgras-500-ml\/\",\"url\":\"https:\/\/paracherkaoui.ma\/index.php\/produit\/skining-skingel-gel-moussant-surgras-500-ml\/\",\"name\":\"SKINING SKINGEL GEL MOUSSANT SURGRAS 500 ML - Paracherkaoui.ma\",\"isPartOf\":{\"@id\":\"https:\/\/paracherkaoui.ma\/#website\"},\"primaryImageOfPage\":{\"@id\":\"https:\/\/paracherkaoui.ma\/index.php\/produit\/skining-skingel-gel-moussant-surgras-500-ml\/#primaryimage\"},\"image\":{\"@id\":\"https:\/\/paracherkaoui.ma\/index.php\/produit\/skining-skingel-gel-moussant-surgras-500-ml\/#primaryimage\"},\"thumbnailUrl\":\"https:\/\/paracherkaoui.ma\/wp-content\/uploads\/2025\/12\/skining-skining-skingel-gel-moussant-surgras-500-ml-demaquillants-et-nettoyants.jpg\",\"datePublished\":\"2025-12-12T17:15:20+00:00\",\"dateModified\":\"2025-12-12T17:15:23+00:00\",\"breadcrumb\":{\"@id\":\"https:\/\/paracherkaoui.ma\/index.php\/produit\/skining-skingel-gel-moussant-surgras-500-ml\/#breadcrumb\"},\"inLanguage\":\"fr-FR\",\"potentialAction\":[{\"@type\":\"ReadAction\",\"target\":[\"https:\/\/paracherkaoui.ma\/index.php\/produit\/skining-skingel-gel-moussant-surgras-500-ml\/\"]}]},{\"@type\":\"ImageObject\",\"inLanguage\":\"fr-FR\",\"@id\":\"https:\/\/paracherkaoui.ma\/index.php\/produit\/skining-skingel-gel-moussant-surgras-500-ml\/#primaryimage\",\"url\":\"https:\/\/paracherkaoui.ma\/wp-content\/uploads\/2025\/12\/skining-skining-skingel-gel-moussant-surgras-500-ml-demaquillants-et-nettoyants.jpg\",\"contentUrl\":\"https:\/\/paracherkaoui.ma\/wp-content\/uploads\/2025\/12\/skining-skining-skingel-gel-moussant-surgras-500-ml-demaquillants-et-nettoyants.jpg\",\"width\":700,\"height\":700},{\"@type\":\"BreadcrumbList\",\"@id\":\"https:\/\/paracherkaoui.ma\/index.php\/produit\/skining-skingel-gel-moussant-surgras-500-ml\/#breadcrumb\",\"itemListElement\":[{\"@type\":\"ListItem\",\"position\":1,\"name\":\"Accueil\",\"item\":\"https:\/\/paracherkaoui.ma\/\"},{\"@type\":\"ListItem\",\"position\":2,\"name\":\"Boutique\",\"item\":\"https:\/\/paracherkaoui.ma\/index.php\/boutique\/\"},{\"@type\":\"ListItem\",\"position\":3,\"name\":\"SKINING SKINGEL GEL MOUSSANT SURGRAS 500 ML\"}]},{\"@type\":\"WebSite\",\"@id\":\"https:\/\/paracherkaoui.ma\/#website\",\"url\":\"https:\/\/paracherkaoui.ma\/\",\"name\":\"Paracherkaoui.ma\",\"description\":\"Achetez en ligne sur Paracherkaoui.ma\",\"potentialAction\":[{\"@type\":\"SearchAction\",\"target\":{\"@type\":\"EntryPoint\",\"urlTemplate\":\"https:\/\/paracherkaoui.ma\/?s={search_term_string}\"},\"query-input\":{\"@type\":\"PropertyValueSpecification\",\"valueRequired\":true,\"valueName\":\"search_term_string\"}}],\"inLanguage\":\"fr-FR\"}]}<\/script>\r\n<!-- \/ Yoast SEO plugin. -->","yoast_head_json":{"title":"SKINING SKINGEL GEL MOUSSANT SURGRAS 500 ML - Paracherkaoui.ma","robots":{"index":"index","follow":"follow","max-snippet":"max-snippet:-1","max-image-preview":"max-image-preview:large","max-video-preview":"max-video-preview:-1"},"canonical":"https:\/\/paracherkaoui.ma\/index.php\/produit\/skining-skingel-gel-moussant-surgras-500-ml\/","og_locale":"fr_FR","og_type":"article","og_title":"SKINING SKINGEL GEL MOUSSANT SURGRAS 500 ML - Paracherkaoui.ma","og_description":"Le Skining Skingel Gel Moussant Surgras 500 ml est un soin haut de gamme qui allie douceur et efficacit\u00e9 pour","og_url":"https:\/\/paracherkaoui.ma\/index.php\/produit\/skining-skingel-gel-moussant-surgras-500-ml\/","og_site_name":"Paracherkaoui.ma","article_modified_time":"2025-12-12T17:15:23+00:00","og_image":[{"width":700,"height":700,"url":"https:\/\/paracherkaoui.ma\/wp-content\/uploads\/2025\/12\/skining-skining-skingel-gel-moussant-surgras-500-ml-demaquillants-et-nettoyants.jpg","type":"image\/jpeg"}],"twitter_card":"summary_large_image","twitter_misc":{"Dur\u00e9e de lecture estim\u00e9e":"1 minute"},"schema":{"@context":"https:\/\/schema.org","@graph":[{"@type":"WebPage","@id":"https:\/\/paracherkaoui.ma\/index.php\/produit\/skining-skingel-gel-moussant-surgras-500-ml\/","url":"https:\/\/paracherkaoui.ma\/index.php\/produit\/skining-skingel-gel-moussant-surgras-500-ml\/","name":"SKINING SKINGEL GEL MOUSSANT SURGRAS 500 ML - Paracherkaoui.ma","isPartOf":{"@id":"https:\/\/paracherkaoui.ma\/#website"},"primaryImageOfPage":{"@id":"https:\/\/paracherkaoui.ma\/index.php\/produit\/skining-skingel-gel-moussant-surgras-500-ml\/#primaryimage"},"image":{"@id":"https:\/\/paracherkaoui.ma\/index.php\/produit\/skining-skingel-gel-moussant-surgras-500-ml\/#primaryimage"},"thumbnailUrl":"https:\/\/paracherkaoui.ma\/wp-content\/uploads\/2025\/12\/skining-skining-skingel-gel-moussant-surgras-500-ml-demaquillants-et-nettoyants.jpg","datePublished":"2025-12-12T17:15:20+00:00","dateModified":"2025-12-12T17:15:23+00:00","breadcrumb":{"@id":"https:\/\/paracherkaoui.ma\/index.php\/produit\/skining-skingel-gel-moussant-surgras-500-ml\/#breadcrumb"},"inLanguage":"fr-FR","potentialAction":[{"@type":"ReadAction","target":["https:\/\/paracherkaoui.ma\/index.php\/produit\/skining-skingel-gel-moussant-surgras-500-ml\/"]}]},{"@type":"ImageObject","inLanguage":"fr-FR","@id":"https:\/\/paracherkaoui.ma\/index.php\/produit\/skining-skingel-gel-moussant-surgras-500-ml\/#primaryimage","url":"https:\/\/paracherkaoui.ma\/wp-content\/uploads\/2025\/12\/skining-skining-skingel-gel-moussant-surgras-500-ml-demaquillants-et-nettoyants.jpg","contentUrl":"https:\/\/paracherkaoui.ma\/wp-content\/uploads\/2025\/12\/skining-skining-skingel-gel-moussant-surgras-500-ml-demaquillants-et-nettoyants.jpg","width":700,"height":700},{"@type":"BreadcrumbList","@id":"https:\/\/paracherkaoui.ma\/index.php\/produit\/skining-skingel-gel-moussant-surgras-500-ml\/#breadcrumb","itemListElement":[{"@type":"ListItem","position":1,"name":"Accueil","item":"https:\/\/paracherkaoui.ma\/"},{"@type":"ListItem","position":2,"name":"Boutique","item":"https:\/\/paracherkaoui.ma\/index.php\/boutique\/"},{"@type":"ListItem","position":3,"name":"SKINING SKINGEL GEL MOUSSANT SURGRAS 500 ML"}]},{"@type":"WebSite","@id":"https:\/\/paracherkaoui.ma\/#website","url":"https:\/\/paracherkaoui.ma\/","name":"Paracherkaoui.ma","description":"Achetez en ligne sur Paracherkaoui.ma","potentialAction":[{"@type":"SearchAction","target":{"@type":"EntryPoint","urlTemplate":"https:\/\/paracherkaoui.ma\/?s={search_term_string}"},"query-input":{"@type":"PropertyValueSpecification","valueRequired":true,"valueName":"search_term_string"}}],"inLanguage":"fr-FR"}]}},"_links":{"self":[{"href":"https:\/\/paracherkaoui.ma\/index.php\/wp-json\/wp\/v2\/product\/21902","targetHints":{"allow":["GET"]}}],"collection":[{"href":"https:\/\/paracherkaoui.ma\/index.php\/wp-json\/wp\/v2\/product"}],"about":[{"href":"https:\/\/paracherkaoui.ma\/index.php\/wp-json\/wp\/v2\/types\/product"}],"replies":[{"embeddable":true,"href":"https:\/\/paracherkaoui.ma\/index.php\/wp-json\/wp\/v2\/comments?post=21902"}],"version-history":[{"count":1,"href":"https:\/\/paracherkaoui.ma\/index.php\/wp-json\/wp\/v2\/product\/21902\/revisions"}],"predecessor-version":[{"id":21940,"href":"https:\/\/paracherkaoui.ma\/index.php\/wp-json\/wp\/v2\/product\/21902\/revisions\/21940"}],"wp:featuredmedia":[{"embeddable":true,"href":"https:\/\/paracherkaoui.ma\/index.php\/wp-json\/wp\/v2\/media\/21939"}],"wp:attachment":[{"href":"https:\/\/paracherkaoui.ma\/index.php\/wp-json\/wp\/v2\/media?parent=21902"}],"wp:term":[{"taxonomy":"product_brand","embeddable":true,"href":"https:\/\/paracherkaoui.ma\/index.php\/wp-json\/wp\/v2\/product_brand?post=21902"},{"taxonomy":"product_cat","embeddable":true,"href":"https:\/\/paracherkaoui.ma\/index.php\/wp-json\/wp\/v2\/product_cat?post=21902"},{"taxonomy":"product_tag","embeddable":true,"href":"https:\/\/paracherkaoui.ma\/index.php\/wp-json\/wp\/v2\/product_tag?post=21902"}],"curies":[{"name":"wp","href":"https:\/\/api.w.org\/{rel}","templated":true}]}}