{"id":21899,"date":"2025-12-12T18:15:20","date_gmt":"2025-12-12T17:15:20","guid":{"rendered":"https:\/\/test.ecbeaute.com\/?post_type=product&#038;p=21899"},"modified":"2025-12-12T18:15:22","modified_gmt":"2025-12-12T17:15:22","slug":"weleda-mousse-nettoyante-douceur","status":"publish","type":"product","link":"https:\/\/paracherkaoui.ma\/index.php\/produit\/weleda-mousse-nettoyante-douceur\/","title":{"rendered":"WELEDA Mousse nettoyante Douceur"},"content":{"rendered":"<p>La Mousse nettoyante Douceur nettoie en profondeur tout en pr\u00e9servant du dess\u00e8chement. Elle convient aux peaux normales \u00e0 mixtes. A l&rsquo;extrait d&rsquo;hamam\u00e9lis bio, elle laisse la peau nette, fra\u00eeche et douce.<br \/>\nTol\u00e9rance cutan\u00e9e test\u00e9e sous contr\u00f4le dermatologique.<br \/>\nPour qui ?<br \/>\nPour les peaux normales ou s\u00e8ches.<br \/>\nPlus produit<br \/>\n\u2022 Texture l\u00e9g\u00e8re qui nettoie en douceur et d\u00e9maquille en profondeur<br \/>\n\u2022 Pr\u00e9serve l&rsquo;\u00e9quilibre cutan\u00e9 et respecte ses fonctions protectrices<br \/>\n\u2022 Prot\u00e8ge la peau du dess\u00e8chement<br \/>\n\u2022 L&rsquo;eau d&rsquo;hamam\u00e9lis apaise et resserre les pores<br \/>\n\u2022 Les huiles essentielles naturelles procurent un parfum frais qui vivifie la peau et \u00e9veille les sens<br \/>\nR\u00e9sultat<br \/>\nLa peau est nette, fra\u00eeche et douce.<\/p>\n","protected":false},"excerpt":{"rendered":"<p>La Mousse nettoyante Douceur nettoie en profondeur tout en pr\u00e9servant du dess\u00e8chement. Elle convient aux peaux normales \u00e0 mixtes. A<\/p>\n","protected":false},"featured_media":21933,"comment_status":"open","ping_status":"closed","template":"","meta":[],"product_brand":[313],"product_cat":[346],"product_tag":[],"class_list":{"0":"post-21899","1":"product","2":"type-product","3":"status-publish","4":"has-post-thumbnail","6":"product_brand-weleda","7":"product_cat-demaquillants-et-nettoyants","9":"first","10":"instock","11":"shipping-taxable","12":"purchasable","13":"product-type-simple"},"yoast_head":"<!-- This site is optimized with the Yoast SEO plugin v26.6 - https:\/\/yoast.com\/wordpress\/plugins\/seo\/ -->\r\n<title>WELEDA Mousse nettoyante Douceur - Paracherkaoui.ma<\/title>\r\n<meta name=\"robots\" content=\"index, follow, max-snippet:-1, max-image-preview:large, max-video-preview:-1\" \/>\r\n<link rel=\"canonical\" href=\"https:\/\/paracherkaoui.ma\/index.php\/produit\/weleda-mousse-nettoyante-douceur\/\" \/>\r\n<meta property=\"og:locale\" content=\"fr_FR\" \/>\r\n<meta property=\"og:type\" content=\"article\" \/>\r\n<meta property=\"og:title\" content=\"WELEDA Mousse nettoyante Douceur - Paracherkaoui.ma\" \/>\r\n<meta property=\"og:description\" content=\"La Mousse nettoyante Douceur nettoie en profondeur tout en pr\u00e9servant du dess\u00e8chement. Elle convient aux peaux normales \u00e0 mixtes. A\" \/>\r\n<meta property=\"og:url\" content=\"https:\/\/paracherkaoui.ma\/index.php\/produit\/weleda-mousse-nettoyante-douceur\/\" \/>\r\n<meta property=\"og:site_name\" content=\"Paracherkaoui.ma\" \/>\r\n<meta property=\"article:modified_time\" content=\"2025-12-12T17:15:22+00:00\" \/>\r\n<meta property=\"og:image\" content=\"https:\/\/paracherkaoui.ma\/wp-content\/uploads\/2025\/12\/weleda-weleda-mousse-nettoyante-douceur-nettoyants-visage.jpg\" \/>\r\n\t<meta property=\"og:image:width\" content=\"700\" \/>\r\n\t<meta property=\"og:image:height\" content=\"700\" \/>\r\n\t<meta property=\"og:image:type\" content=\"image\/jpeg\" \/>\r\n<meta name=\"twitter:card\" content=\"summary_large_image\" \/>\r\n<meta name=\"twitter:label1\" content=\"Dur\u00e9e de lecture estim\u00e9e\" \/>\n\t<meta name=\"twitter:data1\" content=\"1 minute\" \/>\r\n<script type=\"application\/ld+json\" class=\"yoast-schema-graph\">{\"@context\":\"https:\/\/schema.org\",\"@graph\":[{\"@type\":\"WebPage\",\"@id\":\"https:\/\/paracherkaoui.ma\/index.php\/produit\/weleda-mousse-nettoyante-douceur\/\",\"url\":\"https:\/\/paracherkaoui.ma\/index.php\/produit\/weleda-mousse-nettoyante-douceur\/\",\"name\":\"WELEDA Mousse nettoyante Douceur - Paracherkaoui.ma\",\"isPartOf\":{\"@id\":\"https:\/\/paracherkaoui.ma\/#website\"},\"primaryImageOfPage\":{\"@id\":\"https:\/\/paracherkaoui.ma\/index.php\/produit\/weleda-mousse-nettoyante-douceur\/#primaryimage\"},\"image\":{\"@id\":\"https:\/\/paracherkaoui.ma\/index.php\/produit\/weleda-mousse-nettoyante-douceur\/#primaryimage\"},\"thumbnailUrl\":\"https:\/\/paracherkaoui.ma\/wp-content\/uploads\/2025\/12\/weleda-weleda-mousse-nettoyante-douceur-nettoyants-visage.jpg\",\"datePublished\":\"2025-12-12T17:15:20+00:00\",\"dateModified\":\"2025-12-12T17:15:22+00:00\",\"breadcrumb\":{\"@id\":\"https:\/\/paracherkaoui.ma\/index.php\/produit\/weleda-mousse-nettoyante-douceur\/#breadcrumb\"},\"inLanguage\":\"fr-FR\",\"potentialAction\":[{\"@type\":\"ReadAction\",\"target\":[\"https:\/\/paracherkaoui.ma\/index.php\/produit\/weleda-mousse-nettoyante-douceur\/\"]}]},{\"@type\":\"ImageObject\",\"inLanguage\":\"fr-FR\",\"@id\":\"https:\/\/paracherkaoui.ma\/index.php\/produit\/weleda-mousse-nettoyante-douceur\/#primaryimage\",\"url\":\"https:\/\/paracherkaoui.ma\/wp-content\/uploads\/2025\/12\/weleda-weleda-mousse-nettoyante-douceur-nettoyants-visage.jpg\",\"contentUrl\":\"https:\/\/paracherkaoui.ma\/wp-content\/uploads\/2025\/12\/weleda-weleda-mousse-nettoyante-douceur-nettoyants-visage.jpg\",\"width\":700,\"height\":700},{\"@type\":\"BreadcrumbList\",\"@id\":\"https:\/\/paracherkaoui.ma\/index.php\/produit\/weleda-mousse-nettoyante-douceur\/#breadcrumb\",\"itemListElement\":[{\"@type\":\"ListItem\",\"position\":1,\"name\":\"Accueil\",\"item\":\"https:\/\/paracherkaoui.ma\/\"},{\"@type\":\"ListItem\",\"position\":2,\"name\":\"Boutique\",\"item\":\"https:\/\/paracherkaoui.ma\/index.php\/boutique\/\"},{\"@type\":\"ListItem\",\"position\":3,\"name\":\"WELEDA Mousse nettoyante Douceur\"}]},{\"@type\":\"WebSite\",\"@id\":\"https:\/\/paracherkaoui.ma\/#website\",\"url\":\"https:\/\/paracherkaoui.ma\/\",\"name\":\"Paracherkaoui.ma\",\"description\":\"Achetez en ligne sur Paracherkaoui.ma\",\"potentialAction\":[{\"@type\":\"SearchAction\",\"target\":{\"@type\":\"EntryPoint\",\"urlTemplate\":\"https:\/\/paracherkaoui.ma\/?s={search_term_string}\"},\"query-input\":{\"@type\":\"PropertyValueSpecification\",\"valueRequired\":true,\"valueName\":\"search_term_string\"}}],\"inLanguage\":\"fr-FR\"}]}<\/script>\r\n<!-- \/ Yoast SEO plugin. -->","yoast_head_json":{"title":"WELEDA Mousse nettoyante Douceur - Paracherkaoui.ma","robots":{"index":"index","follow":"follow","max-snippet":"max-snippet:-1","max-image-preview":"max-image-preview:large","max-video-preview":"max-video-preview:-1"},"canonical":"https:\/\/paracherkaoui.ma\/index.php\/produit\/weleda-mousse-nettoyante-douceur\/","og_locale":"fr_FR","og_type":"article","og_title":"WELEDA Mousse nettoyante Douceur - Paracherkaoui.ma","og_description":"La Mousse nettoyante Douceur nettoie en profondeur tout en pr\u00e9servant du dess\u00e8chement. Elle convient aux peaux normales \u00e0 mixtes. A","og_url":"https:\/\/paracherkaoui.ma\/index.php\/produit\/weleda-mousse-nettoyante-douceur\/","og_site_name":"Paracherkaoui.ma","article_modified_time":"2025-12-12T17:15:22+00:00","og_image":[{"width":700,"height":700,"url":"https:\/\/paracherkaoui.ma\/wp-content\/uploads\/2025\/12\/weleda-weleda-mousse-nettoyante-douceur-nettoyants-visage.jpg","type":"image\/jpeg"}],"twitter_card":"summary_large_image","twitter_misc":{"Dur\u00e9e de lecture estim\u00e9e":"1 minute"},"schema":{"@context":"https:\/\/schema.org","@graph":[{"@type":"WebPage","@id":"https:\/\/paracherkaoui.ma\/index.php\/produit\/weleda-mousse-nettoyante-douceur\/","url":"https:\/\/paracherkaoui.ma\/index.php\/produit\/weleda-mousse-nettoyante-douceur\/","name":"WELEDA Mousse nettoyante Douceur - Paracherkaoui.ma","isPartOf":{"@id":"https:\/\/paracherkaoui.ma\/#website"},"primaryImageOfPage":{"@id":"https:\/\/paracherkaoui.ma\/index.php\/produit\/weleda-mousse-nettoyante-douceur\/#primaryimage"},"image":{"@id":"https:\/\/paracherkaoui.ma\/index.php\/produit\/weleda-mousse-nettoyante-douceur\/#primaryimage"},"thumbnailUrl":"https:\/\/paracherkaoui.ma\/wp-content\/uploads\/2025\/12\/weleda-weleda-mousse-nettoyante-douceur-nettoyants-visage.jpg","datePublished":"2025-12-12T17:15:20+00:00","dateModified":"2025-12-12T17:15:22+00:00","breadcrumb":{"@id":"https:\/\/paracherkaoui.ma\/index.php\/produit\/weleda-mousse-nettoyante-douceur\/#breadcrumb"},"inLanguage":"fr-FR","potentialAction":[{"@type":"ReadAction","target":["https:\/\/paracherkaoui.ma\/index.php\/produit\/weleda-mousse-nettoyante-douceur\/"]}]},{"@type":"ImageObject","inLanguage":"fr-FR","@id":"https:\/\/paracherkaoui.ma\/index.php\/produit\/weleda-mousse-nettoyante-douceur\/#primaryimage","url":"https:\/\/paracherkaoui.ma\/wp-content\/uploads\/2025\/12\/weleda-weleda-mousse-nettoyante-douceur-nettoyants-visage.jpg","contentUrl":"https:\/\/paracherkaoui.ma\/wp-content\/uploads\/2025\/12\/weleda-weleda-mousse-nettoyante-douceur-nettoyants-visage.jpg","width":700,"height":700},{"@type":"BreadcrumbList","@id":"https:\/\/paracherkaoui.ma\/index.php\/produit\/weleda-mousse-nettoyante-douceur\/#breadcrumb","itemListElement":[{"@type":"ListItem","position":1,"name":"Accueil","item":"https:\/\/paracherkaoui.ma\/"},{"@type":"ListItem","position":2,"name":"Boutique","item":"https:\/\/paracherkaoui.ma\/index.php\/boutique\/"},{"@type":"ListItem","position":3,"name":"WELEDA Mousse nettoyante Douceur"}]},{"@type":"WebSite","@id":"https:\/\/paracherkaoui.ma\/#website","url":"https:\/\/paracherkaoui.ma\/","name":"Paracherkaoui.ma","description":"Achetez en ligne sur Paracherkaoui.ma","potentialAction":[{"@type":"SearchAction","target":{"@type":"EntryPoint","urlTemplate":"https:\/\/paracherkaoui.ma\/?s={search_term_string}"},"query-input":{"@type":"PropertyValueSpecification","valueRequired":true,"valueName":"search_term_string"}}],"inLanguage":"fr-FR"}]}},"_links":{"self":[{"href":"https:\/\/paracherkaoui.ma\/index.php\/wp-json\/wp\/v2\/product\/21899","targetHints":{"allow":["GET"]}}],"collection":[{"href":"https:\/\/paracherkaoui.ma\/index.php\/wp-json\/wp\/v2\/product"}],"about":[{"href":"https:\/\/paracherkaoui.ma\/index.php\/wp-json\/wp\/v2\/types\/product"}],"replies":[{"embeddable":true,"href":"https:\/\/paracherkaoui.ma\/index.php\/wp-json\/wp\/v2\/comments?post=21899"}],"version-history":[{"count":1,"href":"https:\/\/paracherkaoui.ma\/index.php\/wp-json\/wp\/v2\/product\/21899\/revisions"}],"predecessor-version":[{"id":21934,"href":"https:\/\/paracherkaoui.ma\/index.php\/wp-json\/wp\/v2\/product\/21899\/revisions\/21934"}],"wp:featuredmedia":[{"embeddable":true,"href":"https:\/\/paracherkaoui.ma\/index.php\/wp-json\/wp\/v2\/media\/21933"}],"wp:attachment":[{"href":"https:\/\/paracherkaoui.ma\/index.php\/wp-json\/wp\/v2\/media?parent=21899"}],"wp:term":[{"taxonomy":"product_brand","embeddable":true,"href":"https:\/\/paracherkaoui.ma\/index.php\/wp-json\/wp\/v2\/product_brand?post=21899"},{"taxonomy":"product_cat","embeddable":true,"href":"https:\/\/paracherkaoui.ma\/index.php\/wp-json\/wp\/v2\/product_cat?post=21899"},{"taxonomy":"product_tag","embeddable":true,"href":"https:\/\/paracherkaoui.ma\/index.php\/wp-json\/wp\/v2\/product_tag?post=21899"}],"curies":[{"name":"wp","href":"https:\/\/api.w.org\/{rel}","templated":true}]}}