{"id":21831,"date":"2025-12-12T18:07:27","date_gmt":"2025-12-12T17:07:27","guid":{"rendered":"https:\/\/test.ecbeaute.com\/?post_type=product&#038;p=21831"},"modified":"2025-12-12T18:07:30","modified_gmt":"2025-12-12T17:07:30","slug":"biomimetic-eau-micellare-tous-types-de-peau-250-ml","status":"publish","type":"product","link":"https:\/\/paracherkaoui.ma\/index.php\/produit\/biomimetic-eau-micellare-tous-types-de-peau-250-ml\/","title":{"rendered":"BIOMIMETIC EAU MICELLARE TOUS TYPES DE PEAU 250 ML"},"content":{"rendered":"<p>Nettoie, tonifie et hydrate profond\u00e9ment sans irriter la peau<br \/>\nINGR\u00c9DIENTS CL\u00c9S<br \/>\n\u2022 Extrait de Pamplemousse : Riche en vitamine C, il aide \u00e0 pr\u00e9venir et \u00e0 traiter les signes du vieillissement. Il stimule la synth\u00e8se du collag\u00e8ne<br \/>\n\u2022 Extrait de Camomille : Il a une action d\u00e9toxifiante, purifiante et anti-inflammatoire.<br \/>\n\u2022 CROSSPOLYMER YALIC<br \/>\nConseils d\u2019utilisation<br \/>\n\u2022 Impr\u00e9gner un coton d\u2019 Eau Micellaire Biomim\u00e9tique et nettoyer d\u00e9licatement le visage et le cou.<\/p>\n","protected":false},"excerpt":{"rendered":"<p>Nettoie, tonifie et hydrate profond\u00e9ment sans irriter la peau INGR\u00c9DIENTS CL\u00c9S \u2022 Extrait de Pamplemousse : Riche en vitamine C,<\/p>\n","protected":false},"featured_media":21861,"comment_status":"open","ping_status":"closed","template":"","meta":[],"product_brand":[461],"product_cat":[346],"product_tag":[],"class_list":{"0":"post-21831","1":"product","2":"type-product","3":"status-publish","4":"has-post-thumbnail","6":"product_brand-biomimetic","7":"product_cat-demaquillants-et-nettoyants","9":"first","10":"instock","11":"sale","12":"shipping-taxable","13":"purchasable","14":"product-type-simple"},"yoast_head":"<!-- This site is optimized with the Yoast SEO plugin v26.6 - https:\/\/yoast.com\/wordpress\/plugins\/seo\/ -->\r\n<title>BIOMIMETIC EAU MICELLARE TOUS TYPES DE PEAU 250 ML - Paracherkaoui.ma<\/title>\r\n<meta name=\"robots\" content=\"index, follow, max-snippet:-1, max-image-preview:large, max-video-preview:-1\" \/>\r\n<link rel=\"canonical\" href=\"https:\/\/paracherkaoui.ma\/index.php\/produit\/biomimetic-eau-micellare-tous-types-de-peau-250-ml\/\" \/>\r\n<meta property=\"og:locale\" content=\"fr_FR\" \/>\r\n<meta property=\"og:type\" content=\"article\" \/>\r\n<meta property=\"og:title\" content=\"BIOMIMETIC EAU MICELLARE TOUS TYPES DE PEAU 250 ML - Paracherkaoui.ma\" \/>\r\n<meta property=\"og:description\" content=\"Nettoie, tonifie et hydrate profond\u00e9ment sans irriter la peau INGR\u00c9DIENTS CL\u00c9S \u2022 Extrait de Pamplemousse : Riche en vitamine C,\" \/>\r\n<meta property=\"og:url\" content=\"https:\/\/paracherkaoui.ma\/index.php\/produit\/biomimetic-eau-micellare-tous-types-de-peau-250-ml\/\" \/>\r\n<meta property=\"og:site_name\" content=\"Paracherkaoui.ma\" \/>\r\n<meta property=\"article:modified_time\" content=\"2025-12-12T17:07:30+00:00\" \/>\r\n<meta property=\"og:image\" content=\"https:\/\/paracherkaoui.ma\/wp-content\/uploads\/2025\/12\/biomimetic-biomimetic-eau-micellare-tous-types-de-peau-250-ml-nettoyants-visage.jpg\" \/>\r\n\t<meta property=\"og:image:width\" content=\"700\" \/>\r\n\t<meta property=\"og:image:height\" content=\"700\" \/>\r\n\t<meta property=\"og:image:type\" content=\"image\/jpeg\" \/>\r\n<meta name=\"twitter:card\" content=\"summary_large_image\" \/>\r\n<script type=\"application\/ld+json\" class=\"yoast-schema-graph\">{\"@context\":\"https:\/\/schema.org\",\"@graph\":[{\"@type\":\"WebPage\",\"@id\":\"https:\/\/paracherkaoui.ma\/index.php\/produit\/biomimetic-eau-micellare-tous-types-de-peau-250-ml\/\",\"url\":\"https:\/\/paracherkaoui.ma\/index.php\/produit\/biomimetic-eau-micellare-tous-types-de-peau-250-ml\/\",\"name\":\"BIOMIMETIC EAU MICELLARE TOUS TYPES DE PEAU 250 ML - Paracherkaoui.ma\",\"isPartOf\":{\"@id\":\"https:\/\/paracherkaoui.ma\/#website\"},\"primaryImageOfPage\":{\"@id\":\"https:\/\/paracherkaoui.ma\/index.php\/produit\/biomimetic-eau-micellare-tous-types-de-peau-250-ml\/#primaryimage\"},\"image\":{\"@id\":\"https:\/\/paracherkaoui.ma\/index.php\/produit\/biomimetic-eau-micellare-tous-types-de-peau-250-ml\/#primaryimage\"},\"thumbnailUrl\":\"https:\/\/paracherkaoui.ma\/wp-content\/uploads\/2025\/12\/biomimetic-biomimetic-eau-micellare-tous-types-de-peau-250-ml-nettoyants-visage.jpg\",\"datePublished\":\"2025-12-12T17:07:27+00:00\",\"dateModified\":\"2025-12-12T17:07:30+00:00\",\"breadcrumb\":{\"@id\":\"https:\/\/paracherkaoui.ma\/index.php\/produit\/biomimetic-eau-micellare-tous-types-de-peau-250-ml\/#breadcrumb\"},\"inLanguage\":\"fr-FR\",\"potentialAction\":[{\"@type\":\"ReadAction\",\"target\":[\"https:\/\/paracherkaoui.ma\/index.php\/produit\/biomimetic-eau-micellare-tous-types-de-peau-250-ml\/\"]}]},{\"@type\":\"ImageObject\",\"inLanguage\":\"fr-FR\",\"@id\":\"https:\/\/paracherkaoui.ma\/index.php\/produit\/biomimetic-eau-micellare-tous-types-de-peau-250-ml\/#primaryimage\",\"url\":\"https:\/\/paracherkaoui.ma\/wp-content\/uploads\/2025\/12\/biomimetic-biomimetic-eau-micellare-tous-types-de-peau-250-ml-nettoyants-visage.jpg\",\"contentUrl\":\"https:\/\/paracherkaoui.ma\/wp-content\/uploads\/2025\/12\/biomimetic-biomimetic-eau-micellare-tous-types-de-peau-250-ml-nettoyants-visage.jpg\",\"width\":700,\"height\":700},{\"@type\":\"BreadcrumbList\",\"@id\":\"https:\/\/paracherkaoui.ma\/index.php\/produit\/biomimetic-eau-micellare-tous-types-de-peau-250-ml\/#breadcrumb\",\"itemListElement\":[{\"@type\":\"ListItem\",\"position\":1,\"name\":\"Accueil\",\"item\":\"https:\/\/paracherkaoui.ma\/\"},{\"@type\":\"ListItem\",\"position\":2,\"name\":\"Boutique\",\"item\":\"https:\/\/paracherkaoui.ma\/index.php\/boutique\/\"},{\"@type\":\"ListItem\",\"position\":3,\"name\":\"BIOMIMETIC EAU MICELLARE TOUS TYPES DE PEAU 250 ML\"}]},{\"@type\":\"WebSite\",\"@id\":\"https:\/\/paracherkaoui.ma\/#website\",\"url\":\"https:\/\/paracherkaoui.ma\/\",\"name\":\"Paracherkaoui.ma\",\"description\":\"Achetez en ligne sur Paracherkaoui.ma\",\"potentialAction\":[{\"@type\":\"SearchAction\",\"target\":{\"@type\":\"EntryPoint\",\"urlTemplate\":\"https:\/\/paracherkaoui.ma\/?s={search_term_string}\"},\"query-input\":{\"@type\":\"PropertyValueSpecification\",\"valueRequired\":true,\"valueName\":\"search_term_string\"}}],\"inLanguage\":\"fr-FR\"}]}<\/script>\r\n<!-- \/ Yoast SEO plugin. -->","yoast_head_json":{"title":"BIOMIMETIC EAU MICELLARE TOUS TYPES DE PEAU 250 ML - Paracherkaoui.ma","robots":{"index":"index","follow":"follow","max-snippet":"max-snippet:-1","max-image-preview":"max-image-preview:large","max-video-preview":"max-video-preview:-1"},"canonical":"https:\/\/paracherkaoui.ma\/index.php\/produit\/biomimetic-eau-micellare-tous-types-de-peau-250-ml\/","og_locale":"fr_FR","og_type":"article","og_title":"BIOMIMETIC EAU MICELLARE TOUS TYPES DE PEAU 250 ML - Paracherkaoui.ma","og_description":"Nettoie, tonifie et hydrate profond\u00e9ment sans irriter la peau INGR\u00c9DIENTS CL\u00c9S \u2022 Extrait de Pamplemousse : Riche en vitamine C,","og_url":"https:\/\/paracherkaoui.ma\/index.php\/produit\/biomimetic-eau-micellare-tous-types-de-peau-250-ml\/","og_site_name":"Paracherkaoui.ma","article_modified_time":"2025-12-12T17:07:30+00:00","og_image":[{"width":700,"height":700,"url":"https:\/\/paracherkaoui.ma\/wp-content\/uploads\/2025\/12\/biomimetic-biomimetic-eau-micellare-tous-types-de-peau-250-ml-nettoyants-visage.jpg","type":"image\/jpeg"}],"twitter_card":"summary_large_image","schema":{"@context":"https:\/\/schema.org","@graph":[{"@type":"WebPage","@id":"https:\/\/paracherkaoui.ma\/index.php\/produit\/biomimetic-eau-micellare-tous-types-de-peau-250-ml\/","url":"https:\/\/paracherkaoui.ma\/index.php\/produit\/biomimetic-eau-micellare-tous-types-de-peau-250-ml\/","name":"BIOMIMETIC EAU MICELLARE TOUS TYPES DE PEAU 250 ML - Paracherkaoui.ma","isPartOf":{"@id":"https:\/\/paracherkaoui.ma\/#website"},"primaryImageOfPage":{"@id":"https:\/\/paracherkaoui.ma\/index.php\/produit\/biomimetic-eau-micellare-tous-types-de-peau-250-ml\/#primaryimage"},"image":{"@id":"https:\/\/paracherkaoui.ma\/index.php\/produit\/biomimetic-eau-micellare-tous-types-de-peau-250-ml\/#primaryimage"},"thumbnailUrl":"https:\/\/paracherkaoui.ma\/wp-content\/uploads\/2025\/12\/biomimetic-biomimetic-eau-micellare-tous-types-de-peau-250-ml-nettoyants-visage.jpg","datePublished":"2025-12-12T17:07:27+00:00","dateModified":"2025-12-12T17:07:30+00:00","breadcrumb":{"@id":"https:\/\/paracherkaoui.ma\/index.php\/produit\/biomimetic-eau-micellare-tous-types-de-peau-250-ml\/#breadcrumb"},"inLanguage":"fr-FR","potentialAction":[{"@type":"ReadAction","target":["https:\/\/paracherkaoui.ma\/index.php\/produit\/biomimetic-eau-micellare-tous-types-de-peau-250-ml\/"]}]},{"@type":"ImageObject","inLanguage":"fr-FR","@id":"https:\/\/paracherkaoui.ma\/index.php\/produit\/biomimetic-eau-micellare-tous-types-de-peau-250-ml\/#primaryimage","url":"https:\/\/paracherkaoui.ma\/wp-content\/uploads\/2025\/12\/biomimetic-biomimetic-eau-micellare-tous-types-de-peau-250-ml-nettoyants-visage.jpg","contentUrl":"https:\/\/paracherkaoui.ma\/wp-content\/uploads\/2025\/12\/biomimetic-biomimetic-eau-micellare-tous-types-de-peau-250-ml-nettoyants-visage.jpg","width":700,"height":700},{"@type":"BreadcrumbList","@id":"https:\/\/paracherkaoui.ma\/index.php\/produit\/biomimetic-eau-micellare-tous-types-de-peau-250-ml\/#breadcrumb","itemListElement":[{"@type":"ListItem","position":1,"name":"Accueil","item":"https:\/\/paracherkaoui.ma\/"},{"@type":"ListItem","position":2,"name":"Boutique","item":"https:\/\/paracherkaoui.ma\/index.php\/boutique\/"},{"@type":"ListItem","position":3,"name":"BIOMIMETIC EAU MICELLARE TOUS TYPES DE PEAU 250 ML"}]},{"@type":"WebSite","@id":"https:\/\/paracherkaoui.ma\/#website","url":"https:\/\/paracherkaoui.ma\/","name":"Paracherkaoui.ma","description":"Achetez en ligne sur Paracherkaoui.ma","potentialAction":[{"@type":"SearchAction","target":{"@type":"EntryPoint","urlTemplate":"https:\/\/paracherkaoui.ma\/?s={search_term_string}"},"query-input":{"@type":"PropertyValueSpecification","valueRequired":true,"valueName":"search_term_string"}}],"inLanguage":"fr-FR"}]}},"_links":{"self":[{"href":"https:\/\/paracherkaoui.ma\/index.php\/wp-json\/wp\/v2\/product\/21831","targetHints":{"allow":["GET"]}}],"collection":[{"href":"https:\/\/paracherkaoui.ma\/index.php\/wp-json\/wp\/v2\/product"}],"about":[{"href":"https:\/\/paracherkaoui.ma\/index.php\/wp-json\/wp\/v2\/types\/product"}],"replies":[{"embeddable":true,"href":"https:\/\/paracherkaoui.ma\/index.php\/wp-json\/wp\/v2\/comments?post=21831"}],"version-history":[{"count":1,"href":"https:\/\/paracherkaoui.ma\/index.php\/wp-json\/wp\/v2\/product\/21831\/revisions"}],"predecessor-version":[{"id":21862,"href":"https:\/\/paracherkaoui.ma\/index.php\/wp-json\/wp\/v2\/product\/21831\/revisions\/21862"}],"wp:featuredmedia":[{"embeddable":true,"href":"https:\/\/paracherkaoui.ma\/index.php\/wp-json\/wp\/v2\/media\/21861"}],"wp:attachment":[{"href":"https:\/\/paracherkaoui.ma\/index.php\/wp-json\/wp\/v2\/media?parent=21831"}],"wp:term":[{"taxonomy":"product_brand","embeddable":true,"href":"https:\/\/paracherkaoui.ma\/index.php\/wp-json\/wp\/v2\/product_brand?post=21831"},{"taxonomy":"product_cat","embeddable":true,"href":"https:\/\/paracherkaoui.ma\/index.php\/wp-json\/wp\/v2\/product_cat?post=21831"},{"taxonomy":"product_tag","embeddable":true,"href":"https:\/\/paracherkaoui.ma\/index.php\/wp-json\/wp\/v2\/product_tag?post=21831"}],"curies":[{"name":"wp","href":"https:\/\/api.w.org\/{rel}","templated":true}]}}