{"id":21830,"date":"2025-12-12T18:07:27","date_gmt":"2025-12-12T17:07:27","guid":{"rendered":"https:\/\/test.ecbeaute.com\/?post_type=product&#038;p=21830"},"modified":"2025-12-12T18:07:30","modified_gmt":"2025-12-12T17:07:30","slug":"avene-tolerance-extreme-lait-nettoyant-200-ml-3","status":"publish","type":"product","link":"https:\/\/paracherkaoui.ma\/index.php\/produit\/avene-tolerance-extreme-lait-nettoyant-200-ml-3\/","title":{"rendered":"AVENE TOLERANCE EXTREME LAIT NETTOYANT 200 ML"},"content":{"rendered":"<p>Ce lait nettoyant visage adapt\u00e9 aux peaux sensibles nettoie et d\u00e9maquille en douceur. Il \u00e9limine sans ass\u00e9cher les impuret\u00e9s accumul\u00e9es au cours de la journ\u00e9e. Ses ingr\u00e9dients physiocompatibles, similaires \u00e0 la composition de la peau, respectent le microbiome cutan\u00e9. Sans parfum, Tol\u00e9rance EXTR\u00caME Lait nettoyant Cosm\u00e9tique St\u00e9rile est compos\u00e9 de sept ingr\u00e9dients seulement, pour garantir une tol\u00e9rance optimale. Sans rin\u00e7age, il agit sur le confort imm\u00e9diat de la peau et la laisse souple. Pour une meilleure tol\u00e9rance encore, ce lait nettoyant visage peaux sensibles b\u00e9n\u00e9ficie de la technologie Cosm\u00e9tique St\u00e9rile afin d&rsquo;isoler sa formule de l&rsquo;air ext\u00e9rieur et des bact\u00e9ries.<br \/>\nConseils d&rsquo;utilisation:<br \/>\nAppliquez matin et soir du bout des doigts en massant l\u00e9g\u00e8rement. Eliminez d\u00e9licatement et sans frotter, \u00e0 l\u2019aide d\u2019un mouchoir ou d&rsquo;un coton humide.<\/p>\n","protected":false},"excerpt":{"rendered":"<p>Ce lait nettoyant visage adapt\u00e9 aux peaux sensibles nettoie et d\u00e9maquille en douceur. Il \u00e9limine sans ass\u00e9cher les impuret\u00e9s accumul\u00e9es<\/p>\n","protected":false},"featured_media":11540,"comment_status":"open","ping_status":"closed","template":"","meta":[],"product_brand":[136],"product_cat":[346],"product_tag":[],"class_list":{"0":"post-21830","1":"product","2":"type-product","3":"status-publish","4":"has-post-thumbnail","6":"product_brand-avene","7":"product_cat-demaquillants-et-nettoyants","9":"first","10":"instock","11":"sale","12":"shipping-taxable","13":"purchasable","14":"product-type-simple"},"yoast_head":"<!-- This site is optimized with the Yoast SEO plugin v26.6 - https:\/\/yoast.com\/wordpress\/plugins\/seo\/ -->\r\n<title>AVENE TOLERANCE EXTREME LAIT NETTOYANT 200 ML - Paracherkaoui.ma<\/title>\r\n<meta name=\"robots\" content=\"index, follow, max-snippet:-1, max-image-preview:large, max-video-preview:-1\" \/>\r\n<link rel=\"canonical\" href=\"https:\/\/paracherkaoui.ma\/index.php\/produit\/avene-tolerance-extreme-lait-nettoyant-200-ml-3\/\" \/>\r\n<meta property=\"og:locale\" content=\"fr_FR\" \/>\r\n<meta property=\"og:type\" content=\"article\" \/>\r\n<meta property=\"og:title\" content=\"AVENE TOLERANCE EXTREME LAIT NETTOYANT 200 ML - Paracherkaoui.ma\" \/>\r\n<meta property=\"og:description\" content=\"Ce lait nettoyant visage adapt\u00e9 aux peaux sensibles nettoie et d\u00e9maquille en douceur. Il \u00e9limine sans ass\u00e9cher les impuret\u00e9s accumul\u00e9es\" \/>\r\n<meta property=\"og:url\" content=\"https:\/\/paracherkaoui.ma\/index.php\/produit\/avene-tolerance-extreme-lait-nettoyant-200-ml-3\/\" \/>\r\n<meta property=\"og:site_name\" content=\"Paracherkaoui.ma\" \/>\r\n<meta property=\"article:modified_time\" content=\"2025-12-12T17:07:30+00:00\" \/>\r\n<meta property=\"og:image\" content=\"https:\/\/paracherkaoui.ma\/wp-content\/uploads\/2025\/12\/avene-avene-tolerance-extreme-lait-nettoyant-200-ml-dermocosmetique.jpg\" \/>\r\n\t<meta property=\"og:image:width\" content=\"700\" \/>\r\n\t<meta property=\"og:image:height\" content=\"700\" \/>\r\n\t<meta property=\"og:image:type\" content=\"image\/jpeg\" \/>\r\n<meta name=\"twitter:card\" content=\"summary_large_image\" \/>\r\n<meta name=\"twitter:label1\" content=\"Dur\u00e9e de lecture estim\u00e9e\" \/>\n\t<meta name=\"twitter:data1\" content=\"1 minute\" \/>\r\n<script type=\"application\/ld+json\" class=\"yoast-schema-graph\">{\"@context\":\"https:\/\/schema.org\",\"@graph\":[{\"@type\":\"WebPage\",\"@id\":\"https:\/\/paracherkaoui.ma\/index.php\/produit\/avene-tolerance-extreme-lait-nettoyant-200-ml-3\/\",\"url\":\"https:\/\/paracherkaoui.ma\/index.php\/produit\/avene-tolerance-extreme-lait-nettoyant-200-ml-3\/\",\"name\":\"AVENE TOLERANCE EXTREME LAIT NETTOYANT 200 ML - Paracherkaoui.ma\",\"isPartOf\":{\"@id\":\"https:\/\/paracherkaoui.ma\/#website\"},\"primaryImageOfPage\":{\"@id\":\"https:\/\/paracherkaoui.ma\/index.php\/produit\/avene-tolerance-extreme-lait-nettoyant-200-ml-3\/#primaryimage\"},\"image\":{\"@id\":\"https:\/\/paracherkaoui.ma\/index.php\/produit\/avene-tolerance-extreme-lait-nettoyant-200-ml-3\/#primaryimage\"},\"thumbnailUrl\":\"https:\/\/paracherkaoui.ma\/wp-content\/uploads\/2025\/12\/avene-avene-tolerance-extreme-lait-nettoyant-200-ml-dermocosmetique.jpg\",\"datePublished\":\"2025-12-12T17:07:27+00:00\",\"dateModified\":\"2025-12-12T17:07:30+00:00\",\"breadcrumb\":{\"@id\":\"https:\/\/paracherkaoui.ma\/index.php\/produit\/avene-tolerance-extreme-lait-nettoyant-200-ml-3\/#breadcrumb\"},\"inLanguage\":\"fr-FR\",\"potentialAction\":[{\"@type\":\"ReadAction\",\"target\":[\"https:\/\/paracherkaoui.ma\/index.php\/produit\/avene-tolerance-extreme-lait-nettoyant-200-ml-3\/\"]}]},{\"@type\":\"ImageObject\",\"inLanguage\":\"fr-FR\",\"@id\":\"https:\/\/paracherkaoui.ma\/index.php\/produit\/avene-tolerance-extreme-lait-nettoyant-200-ml-3\/#primaryimage\",\"url\":\"https:\/\/paracherkaoui.ma\/wp-content\/uploads\/2025\/12\/avene-avene-tolerance-extreme-lait-nettoyant-200-ml-dermocosmetique.jpg\",\"contentUrl\":\"https:\/\/paracherkaoui.ma\/wp-content\/uploads\/2025\/12\/avene-avene-tolerance-extreme-lait-nettoyant-200-ml-dermocosmetique.jpg\",\"width\":700,\"height\":700},{\"@type\":\"BreadcrumbList\",\"@id\":\"https:\/\/paracherkaoui.ma\/index.php\/produit\/avene-tolerance-extreme-lait-nettoyant-200-ml-3\/#breadcrumb\",\"itemListElement\":[{\"@type\":\"ListItem\",\"position\":1,\"name\":\"Accueil\",\"item\":\"https:\/\/paracherkaoui.ma\/\"},{\"@type\":\"ListItem\",\"position\":2,\"name\":\"Boutique\",\"item\":\"https:\/\/paracherkaoui.ma\/index.php\/boutique\/\"},{\"@type\":\"ListItem\",\"position\":3,\"name\":\"AVENE TOLERANCE EXTREME LAIT NETTOYANT 200 ML\"}]},{\"@type\":\"WebSite\",\"@id\":\"https:\/\/paracherkaoui.ma\/#website\",\"url\":\"https:\/\/paracherkaoui.ma\/\",\"name\":\"Paracherkaoui.ma\",\"description\":\"Achetez en ligne sur Paracherkaoui.ma\",\"potentialAction\":[{\"@type\":\"SearchAction\",\"target\":{\"@type\":\"EntryPoint\",\"urlTemplate\":\"https:\/\/paracherkaoui.ma\/?s={search_term_string}\"},\"query-input\":{\"@type\":\"PropertyValueSpecification\",\"valueRequired\":true,\"valueName\":\"search_term_string\"}}],\"inLanguage\":\"fr-FR\"}]}<\/script>\r\n<!-- \/ Yoast SEO plugin. -->","yoast_head_json":{"title":"AVENE TOLERANCE EXTREME LAIT NETTOYANT 200 ML - Paracherkaoui.ma","robots":{"index":"index","follow":"follow","max-snippet":"max-snippet:-1","max-image-preview":"max-image-preview:large","max-video-preview":"max-video-preview:-1"},"canonical":"https:\/\/paracherkaoui.ma\/index.php\/produit\/avene-tolerance-extreme-lait-nettoyant-200-ml-3\/","og_locale":"fr_FR","og_type":"article","og_title":"AVENE TOLERANCE EXTREME LAIT NETTOYANT 200 ML - Paracherkaoui.ma","og_description":"Ce lait nettoyant visage adapt\u00e9 aux peaux sensibles nettoie et d\u00e9maquille en douceur. Il \u00e9limine sans ass\u00e9cher les impuret\u00e9s accumul\u00e9es","og_url":"https:\/\/paracherkaoui.ma\/index.php\/produit\/avene-tolerance-extreme-lait-nettoyant-200-ml-3\/","og_site_name":"Paracherkaoui.ma","article_modified_time":"2025-12-12T17:07:30+00:00","og_image":[{"width":700,"height":700,"url":"https:\/\/paracherkaoui.ma\/wp-content\/uploads\/2025\/12\/avene-avene-tolerance-extreme-lait-nettoyant-200-ml-dermocosmetique.jpg","type":"image\/jpeg"}],"twitter_card":"summary_large_image","twitter_misc":{"Dur\u00e9e de lecture estim\u00e9e":"1 minute"},"schema":{"@context":"https:\/\/schema.org","@graph":[{"@type":"WebPage","@id":"https:\/\/paracherkaoui.ma\/index.php\/produit\/avene-tolerance-extreme-lait-nettoyant-200-ml-3\/","url":"https:\/\/paracherkaoui.ma\/index.php\/produit\/avene-tolerance-extreme-lait-nettoyant-200-ml-3\/","name":"AVENE TOLERANCE EXTREME LAIT NETTOYANT 200 ML - Paracherkaoui.ma","isPartOf":{"@id":"https:\/\/paracherkaoui.ma\/#website"},"primaryImageOfPage":{"@id":"https:\/\/paracherkaoui.ma\/index.php\/produit\/avene-tolerance-extreme-lait-nettoyant-200-ml-3\/#primaryimage"},"image":{"@id":"https:\/\/paracherkaoui.ma\/index.php\/produit\/avene-tolerance-extreme-lait-nettoyant-200-ml-3\/#primaryimage"},"thumbnailUrl":"https:\/\/paracherkaoui.ma\/wp-content\/uploads\/2025\/12\/avene-avene-tolerance-extreme-lait-nettoyant-200-ml-dermocosmetique.jpg","datePublished":"2025-12-12T17:07:27+00:00","dateModified":"2025-12-12T17:07:30+00:00","breadcrumb":{"@id":"https:\/\/paracherkaoui.ma\/index.php\/produit\/avene-tolerance-extreme-lait-nettoyant-200-ml-3\/#breadcrumb"},"inLanguage":"fr-FR","potentialAction":[{"@type":"ReadAction","target":["https:\/\/paracherkaoui.ma\/index.php\/produit\/avene-tolerance-extreme-lait-nettoyant-200-ml-3\/"]}]},{"@type":"ImageObject","inLanguage":"fr-FR","@id":"https:\/\/paracherkaoui.ma\/index.php\/produit\/avene-tolerance-extreme-lait-nettoyant-200-ml-3\/#primaryimage","url":"https:\/\/paracherkaoui.ma\/wp-content\/uploads\/2025\/12\/avene-avene-tolerance-extreme-lait-nettoyant-200-ml-dermocosmetique.jpg","contentUrl":"https:\/\/paracherkaoui.ma\/wp-content\/uploads\/2025\/12\/avene-avene-tolerance-extreme-lait-nettoyant-200-ml-dermocosmetique.jpg","width":700,"height":700},{"@type":"BreadcrumbList","@id":"https:\/\/paracherkaoui.ma\/index.php\/produit\/avene-tolerance-extreme-lait-nettoyant-200-ml-3\/#breadcrumb","itemListElement":[{"@type":"ListItem","position":1,"name":"Accueil","item":"https:\/\/paracherkaoui.ma\/"},{"@type":"ListItem","position":2,"name":"Boutique","item":"https:\/\/paracherkaoui.ma\/index.php\/boutique\/"},{"@type":"ListItem","position":3,"name":"AVENE TOLERANCE EXTREME LAIT NETTOYANT 200 ML"}]},{"@type":"WebSite","@id":"https:\/\/paracherkaoui.ma\/#website","url":"https:\/\/paracherkaoui.ma\/","name":"Paracherkaoui.ma","description":"Achetez en ligne sur Paracherkaoui.ma","potentialAction":[{"@type":"SearchAction","target":{"@type":"EntryPoint","urlTemplate":"https:\/\/paracherkaoui.ma\/?s={search_term_string}"},"query-input":{"@type":"PropertyValueSpecification","valueRequired":true,"valueName":"search_term_string"}}],"inLanguage":"fr-FR"}]}},"_links":{"self":[{"href":"https:\/\/paracherkaoui.ma\/index.php\/wp-json\/wp\/v2\/product\/21830","targetHints":{"allow":["GET"]}}],"collection":[{"href":"https:\/\/paracherkaoui.ma\/index.php\/wp-json\/wp\/v2\/product"}],"about":[{"href":"https:\/\/paracherkaoui.ma\/index.php\/wp-json\/wp\/v2\/types\/product"}],"replies":[{"embeddable":true,"href":"https:\/\/paracherkaoui.ma\/index.php\/wp-json\/wp\/v2\/comments?post=21830"}],"version-history":[{"count":1,"href":"https:\/\/paracherkaoui.ma\/index.php\/wp-json\/wp\/v2\/product\/21830\/revisions"}],"predecessor-version":[{"id":21860,"href":"https:\/\/paracherkaoui.ma\/index.php\/wp-json\/wp\/v2\/product\/21830\/revisions\/21860"}],"wp:featuredmedia":[{"embeddable":true,"href":"https:\/\/paracherkaoui.ma\/index.php\/wp-json\/wp\/v2\/media\/11540"}],"wp:attachment":[{"href":"https:\/\/paracherkaoui.ma\/index.php\/wp-json\/wp\/v2\/media?parent=21830"}],"wp:term":[{"taxonomy":"product_brand","embeddable":true,"href":"https:\/\/paracherkaoui.ma\/index.php\/wp-json\/wp\/v2\/product_brand?post=21830"},{"taxonomy":"product_cat","embeddable":true,"href":"https:\/\/paracherkaoui.ma\/index.php\/wp-json\/wp\/v2\/product_cat?post=21830"},{"taxonomy":"product_tag","embeddable":true,"href":"https:\/\/paracherkaoui.ma\/index.php\/wp-json\/wp\/v2\/product_tag?post=21830"}],"curies":[{"name":"wp","href":"https:\/\/api.w.org\/{rel}","templated":true}]}}