{"id":21821,"date":"2025-12-12T18:07:26","date_gmt":"2025-12-12T17:07:26","guid":{"rendered":"https:\/\/test.ecbeaute.com\/?post_type=product&#038;p=21821"},"modified":"2025-12-12T18:07:28","modified_gmt":"2025-12-12T17:07:28","slug":"sensilis-mousse-nettoyante-douce-200-ml","status":"publish","type":"product","link":"https:\/\/paracherkaoui.ma\/index.php\/produit\/sensilis-mousse-nettoyante-douce-200-ml\/","title":{"rendered":"SENSILIS MOUSSE NETTOYANTE DOUCE 200 ML"},"content":{"rendered":"<p>Mousse nettoyante pour peaux sensibles et r\u00e9actives qui hydrate et apaise en respectant l\u2019\u00e9cosyst\u00e8me cutan\u00e9 (microbiote, pH et couche lipidique).\u00a0Formul\u00e9e \u00e0 base d\u2019Acide Hyaluronique, pour ses propri\u00e9t\u00e9s hydratantes, de Panth\u00e9nol, pour son action anti-rougeurs, de B\u00e9ta\u00efne, au pouvoir hydratant et protecteur, et de Gluco-oligosaccharides, qui \u00e9quilibrent le microbiote. Ne contient pas de savon (SYNDET) afin de ne pas alt\u00e9rer l\u2019\u00e9tat normal de la peau.<br \/>\nCONSEILS D&rsquo;UTILISATION:<br \/>\nHumidifier le visage et appliquer le produit en massant doucement.<br \/>\nRincer abondamment \u00e0 l\u2019eau<\/p>\n","protected":false},"excerpt":{"rendered":"<p>Mousse nettoyante pour peaux sensibles et r\u00e9actives qui hydrate et apaise en respectant l\u2019\u00e9cosyst\u00e8me cutan\u00e9 (microbiote, pH et couche lipidique).\u00a0Formul\u00e9e<\/p>\n","protected":false},"featured_media":21844,"comment_status":"open","ping_status":"closed","template":"","meta":[],"product_brand":[425],"product_cat":[346],"product_tag":[],"class_list":{"0":"post-21821","1":"product","2":"type-product","3":"status-publish","4":"has-post-thumbnail","6":"product_brand-sensilis","7":"product_cat-demaquillants-et-nettoyants","9":"first","10":"instock","11":"sale","12":"shipping-taxable","13":"purchasable","14":"product-type-simple"},"yoast_head":"<!-- This site is optimized with the Yoast SEO plugin v26.6 - https:\/\/yoast.com\/wordpress\/plugins\/seo\/ -->\r\n<title>SENSILIS MOUSSE NETTOYANTE DOUCE 200 ML - Paracherkaoui.ma<\/title>\r\n<meta name=\"robots\" content=\"index, follow, max-snippet:-1, max-image-preview:large, max-video-preview:-1\" \/>\r\n<link rel=\"canonical\" href=\"https:\/\/paracherkaoui.ma\/index.php\/produit\/sensilis-mousse-nettoyante-douce-200-ml\/\" \/>\r\n<meta property=\"og:locale\" content=\"fr_FR\" \/>\r\n<meta property=\"og:type\" content=\"article\" \/>\r\n<meta property=\"og:title\" content=\"SENSILIS MOUSSE NETTOYANTE DOUCE 200 ML - Paracherkaoui.ma\" \/>\r\n<meta property=\"og:description\" content=\"Mousse nettoyante pour peaux sensibles et r\u00e9actives qui hydrate et apaise en respectant l\u2019\u00e9cosyst\u00e8me cutan\u00e9 (microbiote, pH et couche lipidique).\u00a0Formul\u00e9e\" \/>\r\n<meta property=\"og:url\" content=\"https:\/\/paracherkaoui.ma\/index.php\/produit\/sensilis-mousse-nettoyante-douce-200-ml\/\" \/>\r\n<meta property=\"og:site_name\" content=\"Paracherkaoui.ma\" \/>\r\n<meta property=\"article:modified_time\" content=\"2025-12-12T17:07:28+00:00\" \/>\r\n<meta property=\"og:image\" content=\"https:\/\/paracherkaoui.ma\/wp-content\/uploads\/2025\/12\/sensilis-sensilis-mousse-nettoyante-douce-200-ml-nettoyants-visage.jpg\" \/>\r\n\t<meta property=\"og:image:width\" content=\"700\" \/>\r\n\t<meta property=\"og:image:height\" content=\"700\" \/>\r\n\t<meta property=\"og:image:type\" content=\"image\/jpeg\" \/>\r\n<meta name=\"twitter:card\" content=\"summary_large_image\" \/>\r\n<script type=\"application\/ld+json\" class=\"yoast-schema-graph\">{\"@context\":\"https:\/\/schema.org\",\"@graph\":[{\"@type\":\"WebPage\",\"@id\":\"https:\/\/paracherkaoui.ma\/index.php\/produit\/sensilis-mousse-nettoyante-douce-200-ml\/\",\"url\":\"https:\/\/paracherkaoui.ma\/index.php\/produit\/sensilis-mousse-nettoyante-douce-200-ml\/\",\"name\":\"SENSILIS MOUSSE NETTOYANTE DOUCE 200 ML - Paracherkaoui.ma\",\"isPartOf\":{\"@id\":\"https:\/\/paracherkaoui.ma\/#website\"},\"primaryImageOfPage\":{\"@id\":\"https:\/\/paracherkaoui.ma\/index.php\/produit\/sensilis-mousse-nettoyante-douce-200-ml\/#primaryimage\"},\"image\":{\"@id\":\"https:\/\/paracherkaoui.ma\/index.php\/produit\/sensilis-mousse-nettoyante-douce-200-ml\/#primaryimage\"},\"thumbnailUrl\":\"https:\/\/paracherkaoui.ma\/wp-content\/uploads\/2025\/12\/sensilis-sensilis-mousse-nettoyante-douce-200-ml-nettoyants-visage.jpg\",\"datePublished\":\"2025-12-12T17:07:26+00:00\",\"dateModified\":\"2025-12-12T17:07:28+00:00\",\"breadcrumb\":{\"@id\":\"https:\/\/paracherkaoui.ma\/index.php\/produit\/sensilis-mousse-nettoyante-douce-200-ml\/#breadcrumb\"},\"inLanguage\":\"fr-FR\",\"potentialAction\":[{\"@type\":\"ReadAction\",\"target\":[\"https:\/\/paracherkaoui.ma\/index.php\/produit\/sensilis-mousse-nettoyante-douce-200-ml\/\"]}]},{\"@type\":\"ImageObject\",\"inLanguage\":\"fr-FR\",\"@id\":\"https:\/\/paracherkaoui.ma\/index.php\/produit\/sensilis-mousse-nettoyante-douce-200-ml\/#primaryimage\",\"url\":\"https:\/\/paracherkaoui.ma\/wp-content\/uploads\/2025\/12\/sensilis-sensilis-mousse-nettoyante-douce-200-ml-nettoyants-visage.jpg\",\"contentUrl\":\"https:\/\/paracherkaoui.ma\/wp-content\/uploads\/2025\/12\/sensilis-sensilis-mousse-nettoyante-douce-200-ml-nettoyants-visage.jpg\",\"width\":700,\"height\":700},{\"@type\":\"BreadcrumbList\",\"@id\":\"https:\/\/paracherkaoui.ma\/index.php\/produit\/sensilis-mousse-nettoyante-douce-200-ml\/#breadcrumb\",\"itemListElement\":[{\"@type\":\"ListItem\",\"position\":1,\"name\":\"Accueil\",\"item\":\"https:\/\/paracherkaoui.ma\/\"},{\"@type\":\"ListItem\",\"position\":2,\"name\":\"Boutique\",\"item\":\"https:\/\/paracherkaoui.ma\/index.php\/boutique\/\"},{\"@type\":\"ListItem\",\"position\":3,\"name\":\"SENSILIS MOUSSE NETTOYANTE DOUCE 200 ML\"}]},{\"@type\":\"WebSite\",\"@id\":\"https:\/\/paracherkaoui.ma\/#website\",\"url\":\"https:\/\/paracherkaoui.ma\/\",\"name\":\"Paracherkaoui.ma\",\"description\":\"Achetez en ligne sur Paracherkaoui.ma\",\"potentialAction\":[{\"@type\":\"SearchAction\",\"target\":{\"@type\":\"EntryPoint\",\"urlTemplate\":\"https:\/\/paracherkaoui.ma\/?s={search_term_string}\"},\"query-input\":{\"@type\":\"PropertyValueSpecification\",\"valueRequired\":true,\"valueName\":\"search_term_string\"}}],\"inLanguage\":\"fr-FR\"}]}<\/script>\r\n<!-- \/ Yoast SEO plugin. -->","yoast_head_json":{"title":"SENSILIS MOUSSE NETTOYANTE DOUCE 200 ML - Paracherkaoui.ma","robots":{"index":"index","follow":"follow","max-snippet":"max-snippet:-1","max-image-preview":"max-image-preview:large","max-video-preview":"max-video-preview:-1"},"canonical":"https:\/\/paracherkaoui.ma\/index.php\/produit\/sensilis-mousse-nettoyante-douce-200-ml\/","og_locale":"fr_FR","og_type":"article","og_title":"SENSILIS MOUSSE NETTOYANTE DOUCE 200 ML - Paracherkaoui.ma","og_description":"Mousse nettoyante pour peaux sensibles et r\u00e9actives qui hydrate et apaise en respectant l\u2019\u00e9cosyst\u00e8me cutan\u00e9 (microbiote, pH et couche lipidique).\u00a0Formul\u00e9e","og_url":"https:\/\/paracherkaoui.ma\/index.php\/produit\/sensilis-mousse-nettoyante-douce-200-ml\/","og_site_name":"Paracherkaoui.ma","article_modified_time":"2025-12-12T17:07:28+00:00","og_image":[{"width":700,"height":700,"url":"https:\/\/paracherkaoui.ma\/wp-content\/uploads\/2025\/12\/sensilis-sensilis-mousse-nettoyante-douce-200-ml-nettoyants-visage.jpg","type":"image\/jpeg"}],"twitter_card":"summary_large_image","schema":{"@context":"https:\/\/schema.org","@graph":[{"@type":"WebPage","@id":"https:\/\/paracherkaoui.ma\/index.php\/produit\/sensilis-mousse-nettoyante-douce-200-ml\/","url":"https:\/\/paracherkaoui.ma\/index.php\/produit\/sensilis-mousse-nettoyante-douce-200-ml\/","name":"SENSILIS MOUSSE NETTOYANTE DOUCE 200 ML - Paracherkaoui.ma","isPartOf":{"@id":"https:\/\/paracherkaoui.ma\/#website"},"primaryImageOfPage":{"@id":"https:\/\/paracherkaoui.ma\/index.php\/produit\/sensilis-mousse-nettoyante-douce-200-ml\/#primaryimage"},"image":{"@id":"https:\/\/paracherkaoui.ma\/index.php\/produit\/sensilis-mousse-nettoyante-douce-200-ml\/#primaryimage"},"thumbnailUrl":"https:\/\/paracherkaoui.ma\/wp-content\/uploads\/2025\/12\/sensilis-sensilis-mousse-nettoyante-douce-200-ml-nettoyants-visage.jpg","datePublished":"2025-12-12T17:07:26+00:00","dateModified":"2025-12-12T17:07:28+00:00","breadcrumb":{"@id":"https:\/\/paracherkaoui.ma\/index.php\/produit\/sensilis-mousse-nettoyante-douce-200-ml\/#breadcrumb"},"inLanguage":"fr-FR","potentialAction":[{"@type":"ReadAction","target":["https:\/\/paracherkaoui.ma\/index.php\/produit\/sensilis-mousse-nettoyante-douce-200-ml\/"]}]},{"@type":"ImageObject","inLanguage":"fr-FR","@id":"https:\/\/paracherkaoui.ma\/index.php\/produit\/sensilis-mousse-nettoyante-douce-200-ml\/#primaryimage","url":"https:\/\/paracherkaoui.ma\/wp-content\/uploads\/2025\/12\/sensilis-sensilis-mousse-nettoyante-douce-200-ml-nettoyants-visage.jpg","contentUrl":"https:\/\/paracherkaoui.ma\/wp-content\/uploads\/2025\/12\/sensilis-sensilis-mousse-nettoyante-douce-200-ml-nettoyants-visage.jpg","width":700,"height":700},{"@type":"BreadcrumbList","@id":"https:\/\/paracherkaoui.ma\/index.php\/produit\/sensilis-mousse-nettoyante-douce-200-ml\/#breadcrumb","itemListElement":[{"@type":"ListItem","position":1,"name":"Accueil","item":"https:\/\/paracherkaoui.ma\/"},{"@type":"ListItem","position":2,"name":"Boutique","item":"https:\/\/paracherkaoui.ma\/index.php\/boutique\/"},{"@type":"ListItem","position":3,"name":"SENSILIS MOUSSE NETTOYANTE DOUCE 200 ML"}]},{"@type":"WebSite","@id":"https:\/\/paracherkaoui.ma\/#website","url":"https:\/\/paracherkaoui.ma\/","name":"Paracherkaoui.ma","description":"Achetez en ligne sur Paracherkaoui.ma","potentialAction":[{"@type":"SearchAction","target":{"@type":"EntryPoint","urlTemplate":"https:\/\/paracherkaoui.ma\/?s={search_term_string}"},"query-input":{"@type":"PropertyValueSpecification","valueRequired":true,"valueName":"search_term_string"}}],"inLanguage":"fr-FR"}]}},"_links":{"self":[{"href":"https:\/\/paracherkaoui.ma\/index.php\/wp-json\/wp\/v2\/product\/21821","targetHints":{"allow":["GET"]}}],"collection":[{"href":"https:\/\/paracherkaoui.ma\/index.php\/wp-json\/wp\/v2\/product"}],"about":[{"href":"https:\/\/paracherkaoui.ma\/index.php\/wp-json\/wp\/v2\/types\/product"}],"replies":[{"embeddable":true,"href":"https:\/\/paracherkaoui.ma\/index.php\/wp-json\/wp\/v2\/comments?post=21821"}],"version-history":[{"count":1,"href":"https:\/\/paracherkaoui.ma\/index.php\/wp-json\/wp\/v2\/product\/21821\/revisions"}],"predecessor-version":[{"id":21845,"href":"https:\/\/paracherkaoui.ma\/index.php\/wp-json\/wp\/v2\/product\/21821\/revisions\/21845"}],"wp:featuredmedia":[{"embeddable":true,"href":"https:\/\/paracherkaoui.ma\/index.php\/wp-json\/wp\/v2\/media\/21844"}],"wp:attachment":[{"href":"https:\/\/paracherkaoui.ma\/index.php\/wp-json\/wp\/v2\/media?parent=21821"}],"wp:term":[{"taxonomy":"product_brand","embeddable":true,"href":"https:\/\/paracherkaoui.ma\/index.php\/wp-json\/wp\/v2\/product_brand?post=21821"},{"taxonomy":"product_cat","embeddable":true,"href":"https:\/\/paracherkaoui.ma\/index.php\/wp-json\/wp\/v2\/product_cat?post=21821"},{"taxonomy":"product_tag","embeddable":true,"href":"https:\/\/paracherkaoui.ma\/index.php\/wp-json\/wp\/v2\/product_tag?post=21821"}],"curies":[{"name":"wp","href":"https:\/\/api.w.org\/{rel}","templated":true}]}}