{"id":21756,"date":"2025-12-12T18:07:20","date_gmt":"2025-12-12T17:07:20","guid":{"rendered":"https:\/\/test.ecbeaute.com\/?post_type=product&#038;p=21756"},"modified":"2025-12-12T18:07:24","modified_gmt":"2025-12-12T17:07:24","slug":"sensilis-skin-delight-peeling","status":"publish","type":"product","link":"https:\/\/paracherkaoui.ma\/index.php\/produit\/sensilis-skin-delight-peeling\/","title":{"rendered":"SENSILIS Skin Delight [Peeling]"},"content":{"rendered":"<p>Ce peeling revitalisant pour le visage au charbon v\u00e9g\u00e9tal apporte une luminosit\u00e9 instantan\u00e9e aux peaux ternes ou affect\u00e9es par le stress et la pollution.<br \/>\nConseils d&rsquo;utilisation<br \/>\nAvant d\u2019utiliser le peeling, nettoyer le visage avec les produits nettoyants Sensilis. \u00c9taler une noisette de produit sur le visage. R\u00e9aliser des mouvements circulaires sur tout le visage, en l\u2019exfoliant sans trop faire de pression. Le retirer en rin\u00e7ant abondamment \u00e0 l&rsquo;eau ti\u00e8de.<\/p>\n","protected":false},"excerpt":{"rendered":"<p>Ce peeling revitalisant pour le visage au charbon v\u00e9g\u00e9tal apporte une luminosit\u00e9 instantan\u00e9e aux peaux ternes ou affect\u00e9es par le<\/p>\n","protected":false},"featured_media":21812,"comment_status":"open","ping_status":"closed","template":"","meta":[],"product_brand":[425],"product_cat":[346],"product_tag":[],"class_list":{"0":"post-21756","1":"product","2":"type-product","3":"status-publish","4":"has-post-thumbnail","6":"product_brand-sensilis","7":"product_cat-demaquillants-et-nettoyants","9":"first","10":"instock","11":"sale","12":"shipping-taxable","13":"purchasable","14":"product-type-simple"},"yoast_head":"<!-- This site is optimized with the Yoast SEO plugin v26.6 - https:\/\/yoast.com\/wordpress\/plugins\/seo\/ -->\r\n<title>SENSILIS Skin Delight [Peeling] - Paracherkaoui.ma<\/title>\r\n<meta name=\"robots\" content=\"index, follow, max-snippet:-1, max-image-preview:large, max-video-preview:-1\" \/>\r\n<link rel=\"canonical\" href=\"https:\/\/paracherkaoui.ma\/index.php\/produit\/sensilis-skin-delight-peeling\/\" \/>\r\n<meta property=\"og:locale\" content=\"fr_FR\" \/>\r\n<meta property=\"og:type\" content=\"article\" \/>\r\n<meta property=\"og:title\" content=\"SENSILIS Skin Delight [Peeling] - Paracherkaoui.ma\" \/>\r\n<meta property=\"og:description\" content=\"Ce peeling revitalisant pour le visage au charbon v\u00e9g\u00e9tal apporte une luminosit\u00e9 instantan\u00e9e aux peaux ternes ou affect\u00e9es par le\" \/>\r\n<meta property=\"og:url\" content=\"https:\/\/paracherkaoui.ma\/index.php\/produit\/sensilis-skin-delight-peeling\/\" \/>\r\n<meta property=\"og:site_name\" content=\"Paracherkaoui.ma\" \/>\r\n<meta property=\"article:modified_time\" content=\"2025-12-12T17:07:24+00:00\" \/>\r\n<meta property=\"og:image\" content=\"https:\/\/paracherkaoui.ma\/wp-content\/uploads\/2025\/12\/sensilis-sensilis-skin-delight-peeling-gommages-visage.jpg\" \/>\r\n\t<meta property=\"og:image:width\" content=\"700\" \/>\r\n\t<meta property=\"og:image:height\" content=\"700\" \/>\r\n\t<meta property=\"og:image:type\" content=\"image\/jpeg\" \/>\r\n<meta name=\"twitter:card\" content=\"summary_large_image\" \/>\r\n<script type=\"application\/ld+json\" class=\"yoast-schema-graph\">{\"@context\":\"https:\/\/schema.org\",\"@graph\":[{\"@type\":\"WebPage\",\"@id\":\"https:\/\/paracherkaoui.ma\/index.php\/produit\/sensilis-skin-delight-peeling\/\",\"url\":\"https:\/\/paracherkaoui.ma\/index.php\/produit\/sensilis-skin-delight-peeling\/\",\"name\":\"SENSILIS Skin Delight [Peeling] - Paracherkaoui.ma\",\"isPartOf\":{\"@id\":\"https:\/\/paracherkaoui.ma\/#website\"},\"primaryImageOfPage\":{\"@id\":\"https:\/\/paracherkaoui.ma\/index.php\/produit\/sensilis-skin-delight-peeling\/#primaryimage\"},\"image\":{\"@id\":\"https:\/\/paracherkaoui.ma\/index.php\/produit\/sensilis-skin-delight-peeling\/#primaryimage\"},\"thumbnailUrl\":\"https:\/\/paracherkaoui.ma\/wp-content\/uploads\/2025\/12\/sensilis-sensilis-skin-delight-peeling-gommages-visage.jpg\",\"datePublished\":\"2025-12-12T17:07:20+00:00\",\"dateModified\":\"2025-12-12T17:07:24+00:00\",\"breadcrumb\":{\"@id\":\"https:\/\/paracherkaoui.ma\/index.php\/produit\/sensilis-skin-delight-peeling\/#breadcrumb\"},\"inLanguage\":\"fr-FR\",\"potentialAction\":[{\"@type\":\"ReadAction\",\"target\":[\"https:\/\/paracherkaoui.ma\/index.php\/produit\/sensilis-skin-delight-peeling\/\"]}]},{\"@type\":\"ImageObject\",\"inLanguage\":\"fr-FR\",\"@id\":\"https:\/\/paracherkaoui.ma\/index.php\/produit\/sensilis-skin-delight-peeling\/#primaryimage\",\"url\":\"https:\/\/paracherkaoui.ma\/wp-content\/uploads\/2025\/12\/sensilis-sensilis-skin-delight-peeling-gommages-visage.jpg\",\"contentUrl\":\"https:\/\/paracherkaoui.ma\/wp-content\/uploads\/2025\/12\/sensilis-sensilis-skin-delight-peeling-gommages-visage.jpg\",\"width\":700,\"height\":700},{\"@type\":\"BreadcrumbList\",\"@id\":\"https:\/\/paracherkaoui.ma\/index.php\/produit\/sensilis-skin-delight-peeling\/#breadcrumb\",\"itemListElement\":[{\"@type\":\"ListItem\",\"position\":1,\"name\":\"Accueil\",\"item\":\"https:\/\/paracherkaoui.ma\/\"},{\"@type\":\"ListItem\",\"position\":2,\"name\":\"Boutique\",\"item\":\"https:\/\/paracherkaoui.ma\/index.php\/boutique\/\"},{\"@type\":\"ListItem\",\"position\":3,\"name\":\"SENSILIS Skin Delight [Peeling]\"}]},{\"@type\":\"WebSite\",\"@id\":\"https:\/\/paracherkaoui.ma\/#website\",\"url\":\"https:\/\/paracherkaoui.ma\/\",\"name\":\"Paracherkaoui.ma\",\"description\":\"Achetez en ligne sur Paracherkaoui.ma\",\"potentialAction\":[{\"@type\":\"SearchAction\",\"target\":{\"@type\":\"EntryPoint\",\"urlTemplate\":\"https:\/\/paracherkaoui.ma\/?s={search_term_string}\"},\"query-input\":{\"@type\":\"PropertyValueSpecification\",\"valueRequired\":true,\"valueName\":\"search_term_string\"}}],\"inLanguage\":\"fr-FR\"}]}<\/script>\r\n<!-- \/ Yoast SEO plugin. -->","yoast_head_json":{"title":"SENSILIS Skin Delight [Peeling] - Paracherkaoui.ma","robots":{"index":"index","follow":"follow","max-snippet":"max-snippet:-1","max-image-preview":"max-image-preview:large","max-video-preview":"max-video-preview:-1"},"canonical":"https:\/\/paracherkaoui.ma\/index.php\/produit\/sensilis-skin-delight-peeling\/","og_locale":"fr_FR","og_type":"article","og_title":"SENSILIS Skin Delight [Peeling] - Paracherkaoui.ma","og_description":"Ce peeling revitalisant pour le visage au charbon v\u00e9g\u00e9tal apporte une luminosit\u00e9 instantan\u00e9e aux peaux ternes ou affect\u00e9es par le","og_url":"https:\/\/paracherkaoui.ma\/index.php\/produit\/sensilis-skin-delight-peeling\/","og_site_name":"Paracherkaoui.ma","article_modified_time":"2025-12-12T17:07:24+00:00","og_image":[{"width":700,"height":700,"url":"https:\/\/paracherkaoui.ma\/wp-content\/uploads\/2025\/12\/sensilis-sensilis-skin-delight-peeling-gommages-visage.jpg","type":"image\/jpeg"}],"twitter_card":"summary_large_image","schema":{"@context":"https:\/\/schema.org","@graph":[{"@type":"WebPage","@id":"https:\/\/paracherkaoui.ma\/index.php\/produit\/sensilis-skin-delight-peeling\/","url":"https:\/\/paracherkaoui.ma\/index.php\/produit\/sensilis-skin-delight-peeling\/","name":"SENSILIS Skin Delight [Peeling] - Paracherkaoui.ma","isPartOf":{"@id":"https:\/\/paracherkaoui.ma\/#website"},"primaryImageOfPage":{"@id":"https:\/\/paracherkaoui.ma\/index.php\/produit\/sensilis-skin-delight-peeling\/#primaryimage"},"image":{"@id":"https:\/\/paracherkaoui.ma\/index.php\/produit\/sensilis-skin-delight-peeling\/#primaryimage"},"thumbnailUrl":"https:\/\/paracherkaoui.ma\/wp-content\/uploads\/2025\/12\/sensilis-sensilis-skin-delight-peeling-gommages-visage.jpg","datePublished":"2025-12-12T17:07:20+00:00","dateModified":"2025-12-12T17:07:24+00:00","breadcrumb":{"@id":"https:\/\/paracherkaoui.ma\/index.php\/produit\/sensilis-skin-delight-peeling\/#breadcrumb"},"inLanguage":"fr-FR","potentialAction":[{"@type":"ReadAction","target":["https:\/\/paracherkaoui.ma\/index.php\/produit\/sensilis-skin-delight-peeling\/"]}]},{"@type":"ImageObject","inLanguage":"fr-FR","@id":"https:\/\/paracherkaoui.ma\/index.php\/produit\/sensilis-skin-delight-peeling\/#primaryimage","url":"https:\/\/paracherkaoui.ma\/wp-content\/uploads\/2025\/12\/sensilis-sensilis-skin-delight-peeling-gommages-visage.jpg","contentUrl":"https:\/\/paracherkaoui.ma\/wp-content\/uploads\/2025\/12\/sensilis-sensilis-skin-delight-peeling-gommages-visage.jpg","width":700,"height":700},{"@type":"BreadcrumbList","@id":"https:\/\/paracherkaoui.ma\/index.php\/produit\/sensilis-skin-delight-peeling\/#breadcrumb","itemListElement":[{"@type":"ListItem","position":1,"name":"Accueil","item":"https:\/\/paracherkaoui.ma\/"},{"@type":"ListItem","position":2,"name":"Boutique","item":"https:\/\/paracherkaoui.ma\/index.php\/boutique\/"},{"@type":"ListItem","position":3,"name":"SENSILIS Skin Delight [Peeling]"}]},{"@type":"WebSite","@id":"https:\/\/paracherkaoui.ma\/#website","url":"https:\/\/paracherkaoui.ma\/","name":"Paracherkaoui.ma","description":"Achetez en ligne sur Paracherkaoui.ma","potentialAction":[{"@type":"SearchAction","target":{"@type":"EntryPoint","urlTemplate":"https:\/\/paracherkaoui.ma\/?s={search_term_string}"},"query-input":{"@type":"PropertyValueSpecification","valueRequired":true,"valueName":"search_term_string"}}],"inLanguage":"fr-FR"}]}},"_links":{"self":[{"href":"https:\/\/paracherkaoui.ma\/index.php\/wp-json\/wp\/v2\/product\/21756","targetHints":{"allow":["GET"]}}],"collection":[{"href":"https:\/\/paracherkaoui.ma\/index.php\/wp-json\/wp\/v2\/product"}],"about":[{"href":"https:\/\/paracherkaoui.ma\/index.php\/wp-json\/wp\/v2\/types\/product"}],"replies":[{"embeddable":true,"href":"https:\/\/paracherkaoui.ma\/index.php\/wp-json\/wp\/v2\/comments?post=21756"}],"version-history":[{"count":1,"href":"https:\/\/paracherkaoui.ma\/index.php\/wp-json\/wp\/v2\/product\/21756\/revisions"}],"predecessor-version":[{"id":21813,"href":"https:\/\/paracherkaoui.ma\/index.php\/wp-json\/wp\/v2\/product\/21756\/revisions\/21813"}],"wp:featuredmedia":[{"embeddable":true,"href":"https:\/\/paracherkaoui.ma\/index.php\/wp-json\/wp\/v2\/media\/21812"}],"wp:attachment":[{"href":"https:\/\/paracherkaoui.ma\/index.php\/wp-json\/wp\/v2\/media?parent=21756"}],"wp:term":[{"taxonomy":"product_brand","embeddable":true,"href":"https:\/\/paracherkaoui.ma\/index.php\/wp-json\/wp\/v2\/product_brand?post=21756"},{"taxonomy":"product_cat","embeddable":true,"href":"https:\/\/paracherkaoui.ma\/index.php\/wp-json\/wp\/v2\/product_cat?post=21756"},{"taxonomy":"product_tag","embeddable":true,"href":"https:\/\/paracherkaoui.ma\/index.php\/wp-json\/wp\/v2\/product_tag?post=21756"}],"curies":[{"name":"wp","href":"https:\/\/api.w.org\/{rel}","templated":true}]}}