{"id":21736,"date":"2025-12-12T18:07:19","date_gmt":"2025-12-12T17:07:19","guid":{"rendered":"https:\/\/test.ecbeaute.com\/?post_type=product&#038;p=21736"},"modified":"2025-12-12T18:07:21","modified_gmt":"2025-12-12T17:07:21","slug":"laino-pate-a-largile-prete-a-lemploi-350ml","status":"publish","type":"product","link":"https:\/\/paracherkaoui.ma\/index.php\/produit\/laino-pate-a-largile-prete-a-lemploi-350ml\/","title":{"rendered":"LAINO PATE A L&rsquo;ARGILE PRETE A L&rsquo;EMPLOI 350ML"},"content":{"rendered":"<p>DESCRIPTION :<br \/>\nVisage et corps<br \/>\nNaturellement riche en magn\u00e9sium et en oligo \u00e9l\u00e9ments<br \/>\nL\u2019argile verte est reconnue\u00a0\u00a0pour \u00eatre purifiante, r\u00e9equilibrante et absorbante, en aidant \u00e0 l\u2019\u00e9limination de l\u2019exc\u00e8s de s\u00e9bum en surface.<br \/>\nCONSEILS D&rsquo;UTILISATION :<br \/>\nPour un masque\u00a0: sur\u00a0la peau pr\u00e9alablement nettoy\u00e9e, appliquer la p\u00e2te en couche \u00e9paisse, laisser agir 10 minutes, puis enlever l\u2019exc\u00e9dent avec une \u00e9ponge humide avant que l\u2019argile ne s\u00e8che. Puis\u00a0rincer abondamment \u00e0 l\u2019eau claire.<br \/>\nPeut s\u2019utiliser en cataplasme : appliquer en couche d&rsquo;1 cm sur la partie concern\u00e9e et recouvrir d&rsquo;un tissu. Laisser poser 1 \u00e0 2 heures et retirer avant que l&rsquo;argile ne s\u00e8che.<\/p>\n","protected":false},"excerpt":{"rendered":"<p>DESCRIPTION : Visage et corps Naturellement riche en magn\u00e9sium et en oligo \u00e9l\u00e9ments L\u2019argile verte est reconnue\u00a0\u00a0pour \u00eatre purifiante, r\u00e9equilibrante<\/p>\n","protected":false},"featured_media":21773,"comment_status":"open","ping_status":"closed","template":"","meta":[],"product_brand":[324],"product_cat":[346],"product_tag":[],"class_list":{"0":"post-21736","1":"product","2":"type-product","3":"status-publish","4":"has-post-thumbnail","6":"product_brand-laino","7":"product_cat-demaquillants-et-nettoyants","9":"first","10":"instock","11":"sale","12":"shipping-taxable","13":"purchasable","14":"product-type-simple"},"yoast_head":"<!-- This site is optimized with the Yoast SEO plugin v26.6 - https:\/\/yoast.com\/wordpress\/plugins\/seo\/ -->\r\n<title>LAINO PATE A L&#039;ARGILE PRETE A L&#039;EMPLOI 350ML - Paracherkaoui.ma<\/title>\r\n<meta name=\"robots\" content=\"index, follow, max-snippet:-1, max-image-preview:large, max-video-preview:-1\" \/>\r\n<link rel=\"canonical\" href=\"https:\/\/paracherkaoui.ma\/index.php\/produit\/laino-pate-a-largile-prete-a-lemploi-350ml\/\" \/>\r\n<meta property=\"og:locale\" content=\"fr_FR\" \/>\r\n<meta property=\"og:type\" content=\"article\" \/>\r\n<meta property=\"og:title\" content=\"LAINO PATE A L&#039;ARGILE PRETE A L&#039;EMPLOI 350ML - Paracherkaoui.ma\" \/>\r\n<meta property=\"og:description\" content=\"DESCRIPTION : Visage et corps Naturellement riche en magn\u00e9sium et en oligo \u00e9l\u00e9ments L\u2019argile verte est reconnue\u00a0\u00a0pour \u00eatre purifiante, r\u00e9equilibrante\" \/>\r\n<meta property=\"og:url\" content=\"https:\/\/paracherkaoui.ma\/index.php\/produit\/laino-pate-a-largile-prete-a-lemploi-350ml\/\" \/>\r\n<meta property=\"og:site_name\" content=\"Paracherkaoui.ma\" \/>\r\n<meta property=\"article:modified_time\" content=\"2025-12-12T17:07:21+00:00\" \/>\r\n<meta property=\"og:image\" content=\"https:\/\/paracherkaoui.ma\/wp-content\/uploads\/2025\/12\/laino-laino-pate-a-largile-prete-a-lemploi-350ml-visage.jpg\" \/>\r\n\t<meta property=\"og:image:width\" content=\"700\" \/>\r\n\t<meta property=\"og:image:height\" content=\"700\" \/>\r\n\t<meta property=\"og:image:type\" content=\"image\/jpeg\" \/>\r\n<meta name=\"twitter:card\" content=\"summary_large_image\" \/>\r\n<meta name=\"twitter:label1\" content=\"Dur\u00e9e de lecture estim\u00e9e\" \/>\n\t<meta name=\"twitter:data1\" content=\"1 minute\" \/>\r\n<script type=\"application\/ld+json\" class=\"yoast-schema-graph\">{\"@context\":\"https:\/\/schema.org\",\"@graph\":[{\"@type\":\"WebPage\",\"@id\":\"https:\/\/paracherkaoui.ma\/index.php\/produit\/laino-pate-a-largile-prete-a-lemploi-350ml\/\",\"url\":\"https:\/\/paracherkaoui.ma\/index.php\/produit\/laino-pate-a-largile-prete-a-lemploi-350ml\/\",\"name\":\"LAINO PATE A L'ARGILE PRETE A L'EMPLOI 350ML - Paracherkaoui.ma\",\"isPartOf\":{\"@id\":\"https:\/\/paracherkaoui.ma\/#website\"},\"primaryImageOfPage\":{\"@id\":\"https:\/\/paracherkaoui.ma\/index.php\/produit\/laino-pate-a-largile-prete-a-lemploi-350ml\/#primaryimage\"},\"image\":{\"@id\":\"https:\/\/paracherkaoui.ma\/index.php\/produit\/laino-pate-a-largile-prete-a-lemploi-350ml\/#primaryimage\"},\"thumbnailUrl\":\"https:\/\/paracherkaoui.ma\/wp-content\/uploads\/2025\/12\/laino-laino-pate-a-largile-prete-a-lemploi-350ml-visage.jpg\",\"datePublished\":\"2025-12-12T17:07:19+00:00\",\"dateModified\":\"2025-12-12T17:07:21+00:00\",\"breadcrumb\":{\"@id\":\"https:\/\/paracherkaoui.ma\/index.php\/produit\/laino-pate-a-largile-prete-a-lemploi-350ml\/#breadcrumb\"},\"inLanguage\":\"fr-FR\",\"potentialAction\":[{\"@type\":\"ReadAction\",\"target\":[\"https:\/\/paracherkaoui.ma\/index.php\/produit\/laino-pate-a-largile-prete-a-lemploi-350ml\/\"]}]},{\"@type\":\"ImageObject\",\"inLanguage\":\"fr-FR\",\"@id\":\"https:\/\/paracherkaoui.ma\/index.php\/produit\/laino-pate-a-largile-prete-a-lemploi-350ml\/#primaryimage\",\"url\":\"https:\/\/paracherkaoui.ma\/wp-content\/uploads\/2025\/12\/laino-laino-pate-a-largile-prete-a-lemploi-350ml-visage.jpg\",\"contentUrl\":\"https:\/\/paracherkaoui.ma\/wp-content\/uploads\/2025\/12\/laino-laino-pate-a-largile-prete-a-lemploi-350ml-visage.jpg\",\"width\":700,\"height\":700},{\"@type\":\"BreadcrumbList\",\"@id\":\"https:\/\/paracherkaoui.ma\/index.php\/produit\/laino-pate-a-largile-prete-a-lemploi-350ml\/#breadcrumb\",\"itemListElement\":[{\"@type\":\"ListItem\",\"position\":1,\"name\":\"Accueil\",\"item\":\"https:\/\/paracherkaoui.ma\/\"},{\"@type\":\"ListItem\",\"position\":2,\"name\":\"Boutique\",\"item\":\"https:\/\/paracherkaoui.ma\/index.php\/boutique\/\"},{\"@type\":\"ListItem\",\"position\":3,\"name\":\"LAINO PATE A L&rsquo;ARGILE PRETE A L&rsquo;EMPLOI 350ML\"}]},{\"@type\":\"WebSite\",\"@id\":\"https:\/\/paracherkaoui.ma\/#website\",\"url\":\"https:\/\/paracherkaoui.ma\/\",\"name\":\"Paracherkaoui.ma\",\"description\":\"Achetez en ligne sur Paracherkaoui.ma\",\"potentialAction\":[{\"@type\":\"SearchAction\",\"target\":{\"@type\":\"EntryPoint\",\"urlTemplate\":\"https:\/\/paracherkaoui.ma\/?s={search_term_string}\"},\"query-input\":{\"@type\":\"PropertyValueSpecification\",\"valueRequired\":true,\"valueName\":\"search_term_string\"}}],\"inLanguage\":\"fr-FR\"}]}<\/script>\r\n<!-- \/ Yoast SEO plugin. -->","yoast_head_json":{"title":"LAINO PATE A L'ARGILE PRETE A L'EMPLOI 350ML - Paracherkaoui.ma","robots":{"index":"index","follow":"follow","max-snippet":"max-snippet:-1","max-image-preview":"max-image-preview:large","max-video-preview":"max-video-preview:-1"},"canonical":"https:\/\/paracherkaoui.ma\/index.php\/produit\/laino-pate-a-largile-prete-a-lemploi-350ml\/","og_locale":"fr_FR","og_type":"article","og_title":"LAINO PATE A L'ARGILE PRETE A L'EMPLOI 350ML - Paracherkaoui.ma","og_description":"DESCRIPTION : Visage et corps Naturellement riche en magn\u00e9sium et en oligo \u00e9l\u00e9ments L\u2019argile verte est reconnue\u00a0\u00a0pour \u00eatre purifiante, r\u00e9equilibrante","og_url":"https:\/\/paracherkaoui.ma\/index.php\/produit\/laino-pate-a-largile-prete-a-lemploi-350ml\/","og_site_name":"Paracherkaoui.ma","article_modified_time":"2025-12-12T17:07:21+00:00","og_image":[{"width":700,"height":700,"url":"https:\/\/paracherkaoui.ma\/wp-content\/uploads\/2025\/12\/laino-laino-pate-a-largile-prete-a-lemploi-350ml-visage.jpg","type":"image\/jpeg"}],"twitter_card":"summary_large_image","twitter_misc":{"Dur\u00e9e de lecture estim\u00e9e":"1 minute"},"schema":{"@context":"https:\/\/schema.org","@graph":[{"@type":"WebPage","@id":"https:\/\/paracherkaoui.ma\/index.php\/produit\/laino-pate-a-largile-prete-a-lemploi-350ml\/","url":"https:\/\/paracherkaoui.ma\/index.php\/produit\/laino-pate-a-largile-prete-a-lemploi-350ml\/","name":"LAINO PATE A L'ARGILE PRETE A L'EMPLOI 350ML - Paracherkaoui.ma","isPartOf":{"@id":"https:\/\/paracherkaoui.ma\/#website"},"primaryImageOfPage":{"@id":"https:\/\/paracherkaoui.ma\/index.php\/produit\/laino-pate-a-largile-prete-a-lemploi-350ml\/#primaryimage"},"image":{"@id":"https:\/\/paracherkaoui.ma\/index.php\/produit\/laino-pate-a-largile-prete-a-lemploi-350ml\/#primaryimage"},"thumbnailUrl":"https:\/\/paracherkaoui.ma\/wp-content\/uploads\/2025\/12\/laino-laino-pate-a-largile-prete-a-lemploi-350ml-visage.jpg","datePublished":"2025-12-12T17:07:19+00:00","dateModified":"2025-12-12T17:07:21+00:00","breadcrumb":{"@id":"https:\/\/paracherkaoui.ma\/index.php\/produit\/laino-pate-a-largile-prete-a-lemploi-350ml\/#breadcrumb"},"inLanguage":"fr-FR","potentialAction":[{"@type":"ReadAction","target":["https:\/\/paracherkaoui.ma\/index.php\/produit\/laino-pate-a-largile-prete-a-lemploi-350ml\/"]}]},{"@type":"ImageObject","inLanguage":"fr-FR","@id":"https:\/\/paracherkaoui.ma\/index.php\/produit\/laino-pate-a-largile-prete-a-lemploi-350ml\/#primaryimage","url":"https:\/\/paracherkaoui.ma\/wp-content\/uploads\/2025\/12\/laino-laino-pate-a-largile-prete-a-lemploi-350ml-visage.jpg","contentUrl":"https:\/\/paracherkaoui.ma\/wp-content\/uploads\/2025\/12\/laino-laino-pate-a-largile-prete-a-lemploi-350ml-visage.jpg","width":700,"height":700},{"@type":"BreadcrumbList","@id":"https:\/\/paracherkaoui.ma\/index.php\/produit\/laino-pate-a-largile-prete-a-lemploi-350ml\/#breadcrumb","itemListElement":[{"@type":"ListItem","position":1,"name":"Accueil","item":"https:\/\/paracherkaoui.ma\/"},{"@type":"ListItem","position":2,"name":"Boutique","item":"https:\/\/paracherkaoui.ma\/index.php\/boutique\/"},{"@type":"ListItem","position":3,"name":"LAINO PATE A L&rsquo;ARGILE PRETE A L&rsquo;EMPLOI 350ML"}]},{"@type":"WebSite","@id":"https:\/\/paracherkaoui.ma\/#website","url":"https:\/\/paracherkaoui.ma\/","name":"Paracherkaoui.ma","description":"Achetez en ligne sur Paracherkaoui.ma","potentialAction":[{"@type":"SearchAction","target":{"@type":"EntryPoint","urlTemplate":"https:\/\/paracherkaoui.ma\/?s={search_term_string}"},"query-input":{"@type":"PropertyValueSpecification","valueRequired":true,"valueName":"search_term_string"}}],"inLanguage":"fr-FR"}]}},"_links":{"self":[{"href":"https:\/\/paracherkaoui.ma\/index.php\/wp-json\/wp\/v2\/product\/21736","targetHints":{"allow":["GET"]}}],"collection":[{"href":"https:\/\/paracherkaoui.ma\/index.php\/wp-json\/wp\/v2\/product"}],"about":[{"href":"https:\/\/paracherkaoui.ma\/index.php\/wp-json\/wp\/v2\/types\/product"}],"replies":[{"embeddable":true,"href":"https:\/\/paracherkaoui.ma\/index.php\/wp-json\/wp\/v2\/comments?post=21736"}],"version-history":[{"count":1,"href":"https:\/\/paracherkaoui.ma\/index.php\/wp-json\/wp\/v2\/product\/21736\/revisions"}],"predecessor-version":[{"id":21774,"href":"https:\/\/paracherkaoui.ma\/index.php\/wp-json\/wp\/v2\/product\/21736\/revisions\/21774"}],"wp:featuredmedia":[{"embeddable":true,"href":"https:\/\/paracherkaoui.ma\/index.php\/wp-json\/wp\/v2\/media\/21773"}],"wp:attachment":[{"href":"https:\/\/paracherkaoui.ma\/index.php\/wp-json\/wp\/v2\/media?parent=21736"}],"wp:term":[{"taxonomy":"product_brand","embeddable":true,"href":"https:\/\/paracherkaoui.ma\/index.php\/wp-json\/wp\/v2\/product_brand?post=21736"},{"taxonomy":"product_cat","embeddable":true,"href":"https:\/\/paracherkaoui.ma\/index.php\/wp-json\/wp\/v2\/product_cat?post=21736"},{"taxonomy":"product_tag","embeddable":true,"href":"https:\/\/paracherkaoui.ma\/index.php\/wp-json\/wp\/v2\/product_tag?post=21736"}],"curies":[{"name":"wp","href":"https:\/\/api.w.org\/{rel}","templated":true}]}}